{"id":25406,"date":"2025-08-24T17:46:05","date_gmt":"2025-08-24T15:46:05","guid":{"rendered":"https:\/\/museliving.auxodev2.dk\/?post_type=product&#038;p=25406"},"modified":"2025-08-31T14:27:57","modified_gmt":"2025-08-31T12:27:57","slug":"panneau-acoustique-diagonal-chene-fume-2400x600x20","status":"publish","type":"product","link":"https:\/\/museliving.auxodev2.dk\/fr\/product\/panneau-acoustique-diagonal-chene-fume-2400x600x20\/","title":{"rendered":"Panneau Acoustique Diagonal &#8211; Ch\u00eane Fum\u00e9 (2400x600x20)"},"content":{"rendered":"<p>Les panneaux acoustiques de Museliving sont un bon choix pour d\u00e9corer vos murs et votre plafond avec des mat\u00e9riaux \u00e9cologiques, ce qui permet de cr\u00e9er une atmosph\u00e8re confortable et intime dans votre maison. Nos panneaux sont fabriqu\u00e9s \u00e0 partir de MDF certifi\u00e9 FSC et de feutre acoustique, ce qui r\u00e9duit consid\u00e9rablement le bruit dans la pi\u00e8ce.<\/p>\n<p>En plus de nos panneaux acoustiques de taille standard, nous pouvons vous proposer diverses options ou vous accompagner en calculant le nombre de panneaux acoustiques dont vous avez besoin \u2013 n&#8217;h\u00e9sitez pas \u00e0 nous contacter pour vos besoins sp\u00e9cifiques: <em><strong><a href=\"mailto:sales@museliving.eu\">sales@museliving.eu<\/a><\/strong><\/em><\/p>\n<p>Nos panneaux acoustiques sont couramment utilis\u00e9s non seulement dans les b\u00e2timents priv\u00e9s, mais aussi dans les restaurants, les h\u00f4tels, les bureaux et les salles de r\u00e9union. En utilisant nos panneaux, vous minimiserez l&#8217;\u00e9cho et le bruit ambiant et cr\u00e9erez un environnement acoustique confortable dans tous les espaces o\u00f9 la qualit\u00e9 sonore est d&#8217;une grande importance.<\/p>\n<p>Nos panneaux acoustiques mesurent g\u00e9n\u00e9ralement 2800 x 600 x 20 mm, 2400 x 600 x 20 mm et 600 x 600 x 20 mm et sont trait\u00e9s \u00e0 l&#8217;huile de lin. Cependant, il existe un nombre illimit\u00e9 d&#8217;options en termes de taille et de finition si vous en avez besoin.<\/p>\n<p>Avant de commander sur notre site web, \u00e9crivez-nous \u00e0 l&#8217;adresse suivante: <a href=\"mailto:sales@museliving.eu\"><em><strong>sales@museliving.eu<\/strong><\/em><\/a><\/p>\n","protected":false},"excerpt":{"rendered":"<p>Les panneaux acoustiques de Museliving sont un bon choix pour d\u00e9corer vos murs et votre plafond avec des mat\u00e9riaux \u00e9cologiques, ce qui permet de cr\u00e9er une atmosph\u00e8re confortable et intime dans votre maison. Nos panneaux sont fabriqu\u00e9s \u00e0 partir de MDF certifi\u00e9 FSC et de feutre acoustique, ce qui r\u00e9duit consid\u00e9rablement le bruit dans la pi\u00e8ce.<\/p>\n<p>En plus de nos panneaux acoustiques de taille standard, nous pouvons vous proposer diverses options ou vous accompagner en calculant le nombre de panneaux acoustiques dont vous avez besoin \u2013 n&#8217;h\u00e9sitez pas \u00e0 nous contacter pour vos besoins sp\u00e9cifiques: <em><strong><a href=\"mailto:sales@museliving.eu\">sales@museliving.eu<\/a><\/strong><\/em><\/p>\n","protected":false},"featured_media":25407,"template":"","meta":{"_acf_changed":false},"product_brand":[],"product_cat":[570,576],"product_tag":[],"class_list":{"0":"post-25406","1":"product","2":"type-product","3":"status-publish","4":"has-post-thumbnail","6":"product_cat-decorations-murales","7":"product_cat-panneaux-acoustiques","9":"first","10":"instock","11":"taxable","12":"shipping-taxable","13":"purchasable","14":"product-type-simple"},"acf":[],"yoast_head":"<!-- This site is optimized with the Yoast SEO plugin v26.9 - https:\/\/yoast.com\/product\/yoast-seo-wordpress\/ -->\n<title>Panneau Acoustique Diagonal - Ch\u00eane Fum\u00e9 (2400x600x20) - museliving.eu<\/title>\n<meta name=\"robots\" content=\"noindex, follow, max-snippet:-1, max-image-preview:large, max-video-preview:-1\" \/>\n<meta property=\"og:locale\" content=\"fr_FR\" \/>\n<meta property=\"og:type\" content=\"article\" \/>\n<meta property=\"og:title\" content=\"Panneau Acoustique Diagonal - Ch\u00eane Fum\u00e9 (2400x600x20) - museliving.eu\" \/>\n<meta property=\"og:description\" content=\"Les panneaux acoustiques de Museliving sont un bon choix pour d\u00e9corer vos murs et votre plafond avec des mat\u00e9riaux \u00e9cologiques, ce qui permet de cr\u00e9er une atmosph\u00e8re confortable et intime dans votre maison. Nos panneaux sont fabriqu\u00e9s \u00e0 partir de MDF certifi\u00e9 FSC et de feutre acoustique, ce qui r\u00e9duit consid\u00e9rablement le bruit dans la pi\u00e8ce.  En plus de nos panneaux acoustiques de taille standard, nous pouvons vous proposer diverses options ou vous accompagner en calculant le nombre de panneaux acoustiques dont vous avez besoin \u2013 n&#039;h\u00e9sitez pas \u00e0 nous contacter pour vos besoins sp\u00e9cifiques: sales@museliving.eu\" \/>\n<meta property=\"og:url\" content=\"https:\/\/museliving.auxodev2.dk\/fr\/product\/panneau-acoustique-diagonal-chene-fume-2400x600x20\/\" \/>\n<meta property=\"og:site_name\" content=\"museliving.eu\" \/>\n<meta property=\"article:modified_time\" content=\"2025-08-31T12:27:57+00:00\" \/>\n<meta property=\"og:image\" content=\"https:\/\/museliving.auxodev2.dk\/wp-content\/uploads\/Acoustic-panel-front-2.png\" \/>\n\t<meta property=\"og:image:width\" content=\"1200\" \/>\n\t<meta property=\"og:image:height\" content=\"800\" \/>\n\t<meta property=\"og:image:type\" content=\"image\/png\" \/>\n<meta name=\"twitter:card\" content=\"summary_large_image\" \/>\n<meta name=\"twitter:label1\" content=\"Est. reading time\" \/>\n\t<meta name=\"twitter:data1\" content=\"2 minutes\" \/>\n<script type=\"application\/ld+json\" class=\"yoast-schema-graph\">{\"@context\":\"https:\/\/schema.org\",\"@graph\":[{\"@type\":\"WebPage\",\"@id\":\"https:\/\/museliving.auxodev2.dk\/fr\/product\/panneau-acoustique-diagonal-chene-fume-2400x600x20\/\",\"url\":\"https:\/\/museliving.auxodev2.dk\/fr\/product\/panneau-acoustique-diagonal-chene-fume-2400x600x20\/\",\"name\":\"Panneau Acoustique Diagonal - Ch\u00eane Fum\u00e9 (2400x600x20) - museliving.eu\",\"isPartOf\":{\"@id\":\"https:\/\/museliving.auxodev2.dk\/fr\/#website\"},\"primaryImageOfPage\":{\"@id\":\"https:\/\/museliving.auxodev2.dk\/fr\/product\/panneau-acoustique-diagonal-chene-fume-2400x600x20\/#primaryimage\"},\"image\":{\"@id\":\"https:\/\/museliving.auxodev2.dk\/fr\/product\/panneau-acoustique-diagonal-chene-fume-2400x600x20\/#primaryimage\"},\"thumbnailUrl\":\"https:\/\/museliving.auxodev2.dk\/wp-content\/uploads\/Acoustic-panel-front-2.png\",\"datePublished\":\"2025-08-24T15:46:05+00:00\",\"dateModified\":\"2025-08-31T12:27:57+00:00\",\"breadcrumb\":{\"@id\":\"https:\/\/museliving.auxodev2.dk\/fr\/product\/panneau-acoustique-diagonal-chene-fume-2400x600x20\/#breadcrumb\"},\"inLanguage\":\"fr-FR\",\"potentialAction\":[{\"@type\":\"ReadAction\",\"target\":[\"https:\/\/museliving.auxodev2.dk\/fr\/product\/panneau-acoustique-diagonal-chene-fume-2400x600x20\/\"]}]},{\"@type\":\"ImageObject\",\"inLanguage\":\"fr-FR\",\"@id\":\"https:\/\/museliving.auxodev2.dk\/fr\/product\/panneau-acoustique-diagonal-chene-fume-2400x600x20\/#primaryimage\",\"url\":\"https:\/\/museliving.auxodev2.dk\/wp-content\/uploads\/Acoustic-panel-front-2.png\",\"contentUrl\":\"https:\/\/museliving.auxodev2.dk\/wp-content\/uploads\/Acoustic-panel-front-2.png\",\"width\":1200,\"height\":800},{\"@type\":\"BreadcrumbList\",\"@id\":\"https:\/\/museliving.auxodev2.dk\/fr\/product\/panneau-acoustique-diagonal-chene-fume-2400x600x20\/#breadcrumb\",\"itemListElement\":[{\"@type\":\"ListItem\",\"position\":1,\"name\":\"Home\",\"item\":\"https:\/\/museliving.auxodev2.dk\/fr\/accueil\/\"},{\"@type\":\"ListItem\",\"position\":2,\"name\":\"Tous les produits\",\"item\":\"https:\/\/museliving.auxodev2.dk\/fr\/shop\/\"},{\"@type\":\"ListItem\",\"position\":3,\"name\":\"D\u00e9corations murales\",\"item\":\"https:\/\/museliving.auxodev2.dk\/fr\/category\/decorations-murales\/\"},{\"@type\":\"ListItem\",\"position\":4,\"name\":\"Panneaux acoustiques\",\"item\":\"https:\/\/museliving.auxodev2.dk\/fr\/category\/decorations-murales\/panneaux-acoustiques\/\"},{\"@type\":\"ListItem\",\"position\":5,\"name\":\"Panneau Acoustique Diagonal &#8211; Ch\u00eane Fum\u00e9 (2400x600x20)\"}]},{\"@type\":\"WebSite\",\"@id\":\"https:\/\/museliving.auxodev2.dk\/fr\/#website\",\"url\":\"https:\/\/museliving.auxodev2.dk\/fr\/\",\"name\":\"museliving.eu\",\"description\":\"\",\"publisher\":{\"@id\":\"https:\/\/museliving.auxodev2.dk\/fr\/#organization\"},\"potentialAction\":[{\"@type\":\"SearchAction\",\"target\":{\"@type\":\"EntryPoint\",\"urlTemplate\":\"https:\/\/museliving.auxodev2.dk\/fr\/?s={search_term_string}\"},\"query-input\":{\"@type\":\"PropertyValueSpecification\",\"valueRequired\":true,\"valueName\":\"search_term_string\"}}],\"inLanguage\":\"fr-FR\"},{\"@type\":\"Organization\",\"@id\":\"https:\/\/museliving.auxodev2.dk\/fr\/#organization\",\"name\":\"Museliving\",\"url\":\"https:\/\/museliving.auxodev2.dk\/fr\/\",\"logo\":{\"@type\":\"ImageObject\",\"inLanguage\":\"fr-FR\",\"@id\":\"https:\/\/museliving.auxodev2.dk\/fr\/#\/schema\/logo\/image\/\",\"url\":\"https:\/\/museliving.auxodev2.dk\/wp-content\/uploads\/websted-logo.png\",\"contentUrl\":\"https:\/\/museliving.auxodev2.dk\/wp-content\/uploads\/websted-logo.png\",\"width\":350,\"height\":100,\"caption\":\"Museliving\"},\"image\":{\"@id\":\"https:\/\/museliving.auxodev2.dk\/fr\/#\/schema\/logo\/image\/\"}}]}<\/script>\n<!-- \/ Yoast SEO plugin. -->","yoast_head_json":{"title":"Panneau Acoustique Diagonal - Ch\u00eane Fum\u00e9 (2400x600x20) - museliving.eu","robots":{"index":"noindex","follow":"follow","max-snippet":"max-snippet:-1","max-image-preview":"max-image-preview:large","max-video-preview":"max-video-preview:-1"},"og_locale":"fr_FR","og_type":"article","og_title":"Panneau Acoustique Diagonal - Ch\u00eane Fum\u00e9 (2400x600x20) - museliving.eu","og_description":"Les panneaux acoustiques de Museliving sont un bon choix pour d\u00e9corer vos murs et votre plafond avec des mat\u00e9riaux \u00e9cologiques, ce qui permet de cr\u00e9er une atmosph\u00e8re confortable et intime dans votre maison. Nos panneaux sont fabriqu\u00e9s \u00e0 partir de MDF certifi\u00e9 FSC et de feutre acoustique, ce qui r\u00e9duit consid\u00e9rablement le bruit dans la pi\u00e8ce.  En plus de nos panneaux acoustiques de taille standard, nous pouvons vous proposer diverses options ou vous accompagner en calculant le nombre de panneaux acoustiques dont vous avez besoin \u2013 n'h\u00e9sitez pas \u00e0 nous contacter pour vos besoins sp\u00e9cifiques: sales@museliving.eu","og_url":"https:\/\/museliving.auxodev2.dk\/fr\/product\/panneau-acoustique-diagonal-chene-fume-2400x600x20\/","og_site_name":"museliving.eu","article_modified_time":"2025-08-31T12:27:57+00:00","og_image":[{"width":1200,"height":800,"url":"https:\/\/museliving.auxodev2.dk\/wp-content\/uploads\/Acoustic-panel-front-2.png","type":"image\/png"}],"twitter_card":"summary_large_image","twitter_misc":{"Est. reading time":"2 minutes"},"schema":{"@context":"https:\/\/schema.org","@graph":[{"@type":"WebPage","@id":"https:\/\/museliving.auxodev2.dk\/fr\/product\/panneau-acoustique-diagonal-chene-fume-2400x600x20\/","url":"https:\/\/museliving.auxodev2.dk\/fr\/product\/panneau-acoustique-diagonal-chene-fume-2400x600x20\/","name":"Panneau Acoustique Diagonal - Ch\u00eane Fum\u00e9 (2400x600x20) - museliving.eu","isPartOf":{"@id":"https:\/\/museliving.auxodev2.dk\/fr\/#website"},"primaryImageOfPage":{"@id":"https:\/\/museliving.auxodev2.dk\/fr\/product\/panneau-acoustique-diagonal-chene-fume-2400x600x20\/#primaryimage"},"image":{"@id":"https:\/\/museliving.auxodev2.dk\/fr\/product\/panneau-acoustique-diagonal-chene-fume-2400x600x20\/#primaryimage"},"thumbnailUrl":"https:\/\/museliving.auxodev2.dk\/wp-content\/uploads\/Acoustic-panel-front-2.png","datePublished":"2025-08-24T15:46:05+00:00","dateModified":"2025-08-31T12:27:57+00:00","breadcrumb":{"@id":"https:\/\/museliving.auxodev2.dk\/fr\/product\/panneau-acoustique-diagonal-chene-fume-2400x600x20\/#breadcrumb"},"inLanguage":"fr-FR","potentialAction":[{"@type":"ReadAction","target":["https:\/\/museliving.auxodev2.dk\/fr\/product\/panneau-acoustique-diagonal-chene-fume-2400x600x20\/"]}]},{"@type":"ImageObject","inLanguage":"fr-FR","@id":"https:\/\/museliving.auxodev2.dk\/fr\/product\/panneau-acoustique-diagonal-chene-fume-2400x600x20\/#primaryimage","url":"https:\/\/museliving.auxodev2.dk\/wp-content\/uploads\/Acoustic-panel-front-2.png","contentUrl":"https:\/\/museliving.auxodev2.dk\/wp-content\/uploads\/Acoustic-panel-front-2.png","width":1200,"height":800},{"@type":"BreadcrumbList","@id":"https:\/\/museliving.auxodev2.dk\/fr\/product\/panneau-acoustique-diagonal-chene-fume-2400x600x20\/#breadcrumb","itemListElement":[{"@type":"ListItem","position":1,"name":"Home","item":"https:\/\/museliving.auxodev2.dk\/fr\/accueil\/"},{"@type":"ListItem","position":2,"name":"Tous les produits","item":"https:\/\/museliving.auxodev2.dk\/fr\/shop\/"},{"@type":"ListItem","position":3,"name":"D\u00e9corations murales","item":"https:\/\/museliving.auxodev2.dk\/fr\/category\/decorations-murales\/"},{"@type":"ListItem","position":4,"name":"Panneaux acoustiques","item":"https:\/\/museliving.auxodev2.dk\/fr\/category\/decorations-murales\/panneaux-acoustiques\/"},{"@type":"ListItem","position":5,"name":"Panneau Acoustique Diagonal &#8211; Ch\u00eane Fum\u00e9 (2400x600x20)"}]},{"@type":"WebSite","@id":"https:\/\/museliving.auxodev2.dk\/fr\/#website","url":"https:\/\/museliving.auxodev2.dk\/fr\/","name":"museliving.eu","description":"","publisher":{"@id":"https:\/\/museliving.auxodev2.dk\/fr\/#organization"},"potentialAction":[{"@type":"SearchAction","target":{"@type":"EntryPoint","urlTemplate":"https:\/\/museliving.auxodev2.dk\/fr\/?s={search_term_string}"},"query-input":{"@type":"PropertyValueSpecification","valueRequired":true,"valueName":"search_term_string"}}],"inLanguage":"fr-FR"},{"@type":"Organization","@id":"https:\/\/museliving.auxodev2.dk\/fr\/#organization","name":"Museliving","url":"https:\/\/museliving.auxodev2.dk\/fr\/","logo":{"@type":"ImageObject","inLanguage":"fr-FR","@id":"https:\/\/museliving.auxodev2.dk\/fr\/#\/schema\/logo\/image\/","url":"https:\/\/museliving.auxodev2.dk\/wp-content\/uploads\/websted-logo.png","contentUrl":"https:\/\/museliving.auxodev2.dk\/wp-content\/uploads\/websted-logo.png","width":350,"height":100,"caption":"Museliving"},"image":{"@id":"https:\/\/museliving.auxodev2.dk\/fr\/#\/schema\/logo\/image\/"}}]}},"_links":{"self":[{"href":"https:\/\/museliving.auxodev2.dk\/fr\/wp-json\/wp\/v2\/product\/25406","targetHints":{"allow":["GET"]}}],"collection":[{"href":"https:\/\/museliving.auxodev2.dk\/fr\/wp-json\/wp\/v2\/product"}],"about":[{"href":"https:\/\/museliving.auxodev2.dk\/fr\/wp-json\/wp\/v2\/types\/product"}],"version-history":[{"count":2,"href":"https:\/\/museliving.auxodev2.dk\/fr\/wp-json\/wp\/v2\/product\/25406\/revisions"}],"predecessor-version":[{"id":25524,"href":"https:\/\/museliving.auxodev2.dk\/fr\/wp-json\/wp\/v2\/product\/25406\/revisions\/25524"}],"wp:featuredmedia":[{"embeddable":true,"href":"https:\/\/museliving.auxodev2.dk\/fr\/wp-json\/wp\/v2\/media\/25407"}],"wp:attachment":[{"href":"https:\/\/museliving.auxodev2.dk\/fr\/wp-json\/wp\/v2\/media?parent=25406"}],"wp:term":[{"taxonomy":"product_brand","embeddable":true,"href":"https:\/\/museliving.auxodev2.dk\/fr\/wp-json\/wp\/v2\/product_brand?post=25406"},{"taxonomy":"product_cat","embeddable":true,"href":"https:\/\/museliving.auxodev2.dk\/fr\/wp-json\/wp\/v2\/product_cat?post=25406"},{"taxonomy":"product_tag","embeddable":true,"href":"https:\/\/museliving.auxodev2.dk\/fr\/wp-json\/wp\/v2\/product_tag?post=25406"}],"curies":[{"name":"wp","href":"https:\/\/api.w.org\/{rel}","templated":true}]}}