{"id":25215,"date":"2025-08-24T16:16:08","date_gmt":"2025-08-24T14:16:08","guid":{"rendered":"https:\/\/museliving.auxodev2.dk\/?post_type=product&#038;p=25215"},"modified":"2025-08-31T14:24:20","modified_gmt":"2025-08-31T12:24:20","slug":"etagere-a-vin-pour-panneau-acoustique","status":"publish","type":"product","link":"https:\/\/museliving.auxodev2.dk\/fr\/product\/etagere-a-vin-pour-panneau-acoustique\/","title":{"rendered":"\u00c9tag\u00e8re \u00e0 vin pour Panneau Acoustique"},"content":{"rendered":"<p>Notre nouvelle \u00e9tag\u00e8re \u00e0 vin, au design minimaliste et moderne, est la solution id\u00e9ale pour exposer de mani\u00e8re d\u00e9corative votre collection de vins. Les \u00e9tag\u00e8res \u00e0 vin sont sp\u00e9cialement con\u00e7ues pour \u00eatre mont\u00e9es sur des panneaux acoustiques. Elles sont fabriqu\u00e9es en bois massif et en diff\u00e9rents traitements.<\/p>\n<p>En plus de nos \u00e9tag\u00e8res \u00e0 vin de pr\u00e9sentation de taille standard, nous pouvons vous proposer diff\u00e9rentes options &#8211; n&#8217;h\u00e9sitez pas \u00e0 nous contacter pour vos besoins sp\u00e9cifiques: <a href=\"mailto:sales@museliving.eu\"><em><strong>sales@museliving.eu<\/strong><\/em><\/a><\/p>\n<p>Les \u00e9tag\u00e8res \u00e0 vin de pr\u00e9sentation de Museliving sont la solution parfaite pour votre maison et sont fortement recommand\u00e9es lorsque l&#8217;espace de stockage est limit\u00e9.<\/p>\n<p>&nbsp;<\/p>\n","protected":false},"excerpt":{"rendered":"<p>Notre nouvelle \u00e9tag\u00e8re \u00e0 vin, au design minimaliste et moderne, est la solution id\u00e9ale pour exposer de mani\u00e8re d\u00e9corative votre collection de vins. Les \u00e9tag\u00e8res \u00e0 vin sont sp\u00e9cialement con\u00e7ues pour \u00eatre mont\u00e9es sur des panneaux acoustiques. Elles sont fabriqu\u00e9es en bois massif et en diff\u00e9rents traitements.<\/p>\n<p>En plus de nos \u00e9tag\u00e8res \u00e0 vin de pr\u00e9sentation de taille standard, nous pouvons vous proposer diff\u00e9rentes options &#8211; n&#8217;h\u00e9sitez pas \u00e0 nous contacter pour vos besoins sp\u00e9cifiques: <a href=\"mailto:sales@museliving.eu\"><em><strong>sales@museliving.eu<\/strong><\/em><\/a><\/p>\n","protected":false},"featured_media":25216,"template":"","meta":{"_acf_changed":false},"product_brand":[],"product_cat":[573,570],"product_tag":[],"class_list":{"0":"post-25215","1":"product","2":"type-product","3":"status-publish","4":"has-post-thumbnail","6":"product_cat-accessoires-decorations-murales","7":"product_cat-decorations-murales","9":"first","10":"instock","11":"taxable","12":"shipping-taxable","13":"purchasable","14":"product-type-simple"},"acf":[],"yoast_head":"<!-- This site is optimized with the Yoast SEO plugin v26.9 - https:\/\/yoast.com\/product\/yoast-seo-wordpress\/ -->\n<title>\u00c9tag\u00e8re \u00e0 vin pour Panneau Acoustique - museliving.eu<\/title>\n<meta name=\"robots\" content=\"noindex, follow, max-snippet:-1, max-image-preview:large, max-video-preview:-1\" \/>\n<meta property=\"og:locale\" content=\"fr_FR\" \/>\n<meta property=\"og:type\" content=\"article\" \/>\n<meta property=\"og:title\" content=\"\u00c9tag\u00e8re \u00e0 vin pour Panneau Acoustique - museliving.eu\" \/>\n<meta property=\"og:description\" content=\"Notre nouvelle \u00e9tag\u00e8re \u00e0 vin, au design minimaliste et moderne, est la solution id\u00e9ale pour exposer de mani\u00e8re d\u00e9corative votre collection de vins. Les \u00e9tag\u00e8res \u00e0 vin sont sp\u00e9cialement con\u00e7ues pour \u00eatre mont\u00e9es sur des panneaux acoustiques. Elles sont fabriqu\u00e9es en bois massif et en diff\u00e9rents traitements.  En plus de nos \u00e9tag\u00e8res \u00e0 vin de pr\u00e9sentation de taille standard, nous pouvons vous proposer diff\u00e9rentes options - n&#039;h\u00e9sitez pas \u00e0 nous contacter pour vos besoins sp\u00e9cifiques: sales@museliving.eu\" \/>\n<meta property=\"og:url\" content=\"https:\/\/museliving.auxodev2.dk\/fr\/product\/etagere-a-vin-pour-panneau-acoustique\/\" \/>\n<meta property=\"og:site_name\" content=\"museliving.eu\" \/>\n<meta property=\"article:modified_time\" content=\"2025-08-31T12:24:20+00:00\" \/>\n<meta property=\"og:image\" content=\"https:\/\/museliving.auxodev2.dk\/wp-content\/uploads\/Wine-shelf-top-1.jpg\" \/>\n\t<meta property=\"og:image:width\" content=\"1200\" \/>\n\t<meta property=\"og:image:height\" content=\"835\" \/>\n\t<meta property=\"og:image:type\" content=\"image\/jpeg\" \/>\n<meta name=\"twitter:card\" content=\"summary_large_image\" \/>\n<meta name=\"twitter:label1\" content=\"Est. reading time\" \/>\n\t<meta name=\"twitter:data1\" content=\"1 minute\" \/>\n<script type=\"application\/ld+json\" class=\"yoast-schema-graph\">{\"@context\":\"https:\/\/schema.org\",\"@graph\":[{\"@type\":\"WebPage\",\"@id\":\"https:\/\/museliving.auxodev2.dk\/fr\/product\/etagere-a-vin-pour-panneau-acoustique\/\",\"url\":\"https:\/\/museliving.auxodev2.dk\/fr\/product\/etagere-a-vin-pour-panneau-acoustique\/\",\"name\":\"\u00c9tag\u00e8re \u00e0 vin pour Panneau Acoustique - museliving.eu\",\"isPartOf\":{\"@id\":\"https:\/\/museliving.auxodev2.dk\/fr\/#website\"},\"primaryImageOfPage\":{\"@id\":\"https:\/\/museliving.auxodev2.dk\/fr\/product\/etagere-a-vin-pour-panneau-acoustique\/#primaryimage\"},\"image\":{\"@id\":\"https:\/\/museliving.auxodev2.dk\/fr\/product\/etagere-a-vin-pour-panneau-acoustique\/#primaryimage\"},\"thumbnailUrl\":\"https:\/\/museliving.auxodev2.dk\/wp-content\/uploads\/Wine-shelf-top-1.jpg\",\"datePublished\":\"2025-08-24T14:16:08+00:00\",\"dateModified\":\"2025-08-31T12:24:20+00:00\",\"breadcrumb\":{\"@id\":\"https:\/\/museliving.auxodev2.dk\/fr\/product\/etagere-a-vin-pour-panneau-acoustique\/#breadcrumb\"},\"inLanguage\":\"fr-FR\",\"potentialAction\":[{\"@type\":\"ReadAction\",\"target\":[\"https:\/\/museliving.auxodev2.dk\/fr\/product\/etagere-a-vin-pour-panneau-acoustique\/\"]}]},{\"@type\":\"ImageObject\",\"inLanguage\":\"fr-FR\",\"@id\":\"https:\/\/museliving.auxodev2.dk\/fr\/product\/etagere-a-vin-pour-panneau-acoustique\/#primaryimage\",\"url\":\"https:\/\/museliving.auxodev2.dk\/wp-content\/uploads\/Wine-shelf-top-1.jpg\",\"contentUrl\":\"https:\/\/museliving.auxodev2.dk\/wp-content\/uploads\/Wine-shelf-top-1.jpg\",\"width\":1200,\"height\":835},{\"@type\":\"BreadcrumbList\",\"@id\":\"https:\/\/museliving.auxodev2.dk\/fr\/product\/etagere-a-vin-pour-panneau-acoustique\/#breadcrumb\",\"itemListElement\":[{\"@type\":\"ListItem\",\"position\":1,\"name\":\"Home\",\"item\":\"https:\/\/museliving.auxodev2.dk\/fr\/accueil\/\"},{\"@type\":\"ListItem\",\"position\":2,\"name\":\"Tous les produits\",\"item\":\"https:\/\/museliving.auxodev2.dk\/fr\/shop\/\"},{\"@type\":\"ListItem\",\"position\":3,\"name\":\"D\u00e9corations murales\",\"item\":\"https:\/\/museliving.auxodev2.dk\/fr\/category\/decorations-murales\/\"},{\"@type\":\"ListItem\",\"position\":4,\"name\":\"Accessoires\",\"item\":\"https:\/\/museliving.auxodev2.dk\/fr\/category\/decorations-murales\/accessoires-decorations-murales\/\"},{\"@type\":\"ListItem\",\"position\":5,\"name\":\"\u00c9tag\u00e8re \u00e0 vin pour Panneau Acoustique\"}]},{\"@type\":\"WebSite\",\"@id\":\"https:\/\/museliving.auxodev2.dk\/fr\/#website\",\"url\":\"https:\/\/museliving.auxodev2.dk\/fr\/\",\"name\":\"museliving.eu\",\"description\":\"\",\"publisher\":{\"@id\":\"https:\/\/museliving.auxodev2.dk\/fr\/#organization\"},\"potentialAction\":[{\"@type\":\"SearchAction\",\"target\":{\"@type\":\"EntryPoint\",\"urlTemplate\":\"https:\/\/museliving.auxodev2.dk\/fr\/?s={search_term_string}\"},\"query-input\":{\"@type\":\"PropertyValueSpecification\",\"valueRequired\":true,\"valueName\":\"search_term_string\"}}],\"inLanguage\":\"fr-FR\"},{\"@type\":\"Organization\",\"@id\":\"https:\/\/museliving.auxodev2.dk\/fr\/#organization\",\"name\":\"Museliving\",\"url\":\"https:\/\/museliving.auxodev2.dk\/fr\/\",\"logo\":{\"@type\":\"ImageObject\",\"inLanguage\":\"fr-FR\",\"@id\":\"https:\/\/museliving.auxodev2.dk\/fr\/#\/schema\/logo\/image\/\",\"url\":\"https:\/\/museliving.auxodev2.dk\/wp-content\/uploads\/websted-logo.png\",\"contentUrl\":\"https:\/\/museliving.auxodev2.dk\/wp-content\/uploads\/websted-logo.png\",\"width\":350,\"height\":100,\"caption\":\"Museliving\"},\"image\":{\"@id\":\"https:\/\/museliving.auxodev2.dk\/fr\/#\/schema\/logo\/image\/\"}}]}<\/script>\n<!-- \/ Yoast SEO plugin. -->","yoast_head_json":{"title":"\u00c9tag\u00e8re \u00e0 vin pour Panneau Acoustique - museliving.eu","robots":{"index":"noindex","follow":"follow","max-snippet":"max-snippet:-1","max-image-preview":"max-image-preview:large","max-video-preview":"max-video-preview:-1"},"og_locale":"fr_FR","og_type":"article","og_title":"\u00c9tag\u00e8re \u00e0 vin pour Panneau Acoustique - museliving.eu","og_description":"Notre nouvelle \u00e9tag\u00e8re \u00e0 vin, au design minimaliste et moderne, est la solution id\u00e9ale pour exposer de mani\u00e8re d\u00e9corative votre collection de vins. Les \u00e9tag\u00e8res \u00e0 vin sont sp\u00e9cialement con\u00e7ues pour \u00eatre mont\u00e9es sur des panneaux acoustiques. Elles sont fabriqu\u00e9es en bois massif et en diff\u00e9rents traitements.  En plus de nos \u00e9tag\u00e8res \u00e0 vin de pr\u00e9sentation de taille standard, nous pouvons vous proposer diff\u00e9rentes options - n'h\u00e9sitez pas \u00e0 nous contacter pour vos besoins sp\u00e9cifiques: sales@museliving.eu","og_url":"https:\/\/museliving.auxodev2.dk\/fr\/product\/etagere-a-vin-pour-panneau-acoustique\/","og_site_name":"museliving.eu","article_modified_time":"2025-08-31T12:24:20+00:00","og_image":[{"width":1200,"height":835,"url":"https:\/\/museliving.auxodev2.dk\/wp-content\/uploads\/Wine-shelf-top-1.jpg","type":"image\/jpeg"}],"twitter_card":"summary_large_image","twitter_misc":{"Est. reading time":"1 minute"},"schema":{"@context":"https:\/\/schema.org","@graph":[{"@type":"WebPage","@id":"https:\/\/museliving.auxodev2.dk\/fr\/product\/etagere-a-vin-pour-panneau-acoustique\/","url":"https:\/\/museliving.auxodev2.dk\/fr\/product\/etagere-a-vin-pour-panneau-acoustique\/","name":"\u00c9tag\u00e8re \u00e0 vin pour Panneau Acoustique - museliving.eu","isPartOf":{"@id":"https:\/\/museliving.auxodev2.dk\/fr\/#website"},"primaryImageOfPage":{"@id":"https:\/\/museliving.auxodev2.dk\/fr\/product\/etagere-a-vin-pour-panneau-acoustique\/#primaryimage"},"image":{"@id":"https:\/\/museliving.auxodev2.dk\/fr\/product\/etagere-a-vin-pour-panneau-acoustique\/#primaryimage"},"thumbnailUrl":"https:\/\/museliving.auxodev2.dk\/wp-content\/uploads\/Wine-shelf-top-1.jpg","datePublished":"2025-08-24T14:16:08+00:00","dateModified":"2025-08-31T12:24:20+00:00","breadcrumb":{"@id":"https:\/\/museliving.auxodev2.dk\/fr\/product\/etagere-a-vin-pour-panneau-acoustique\/#breadcrumb"},"inLanguage":"fr-FR","potentialAction":[{"@type":"ReadAction","target":["https:\/\/museliving.auxodev2.dk\/fr\/product\/etagere-a-vin-pour-panneau-acoustique\/"]}]},{"@type":"ImageObject","inLanguage":"fr-FR","@id":"https:\/\/museliving.auxodev2.dk\/fr\/product\/etagere-a-vin-pour-panneau-acoustique\/#primaryimage","url":"https:\/\/museliving.auxodev2.dk\/wp-content\/uploads\/Wine-shelf-top-1.jpg","contentUrl":"https:\/\/museliving.auxodev2.dk\/wp-content\/uploads\/Wine-shelf-top-1.jpg","width":1200,"height":835},{"@type":"BreadcrumbList","@id":"https:\/\/museliving.auxodev2.dk\/fr\/product\/etagere-a-vin-pour-panneau-acoustique\/#breadcrumb","itemListElement":[{"@type":"ListItem","position":1,"name":"Home","item":"https:\/\/museliving.auxodev2.dk\/fr\/accueil\/"},{"@type":"ListItem","position":2,"name":"Tous les produits","item":"https:\/\/museliving.auxodev2.dk\/fr\/shop\/"},{"@type":"ListItem","position":3,"name":"D\u00e9corations murales","item":"https:\/\/museliving.auxodev2.dk\/fr\/category\/decorations-murales\/"},{"@type":"ListItem","position":4,"name":"Accessoires","item":"https:\/\/museliving.auxodev2.dk\/fr\/category\/decorations-murales\/accessoires-decorations-murales\/"},{"@type":"ListItem","position":5,"name":"\u00c9tag\u00e8re \u00e0 vin pour Panneau Acoustique"}]},{"@type":"WebSite","@id":"https:\/\/museliving.auxodev2.dk\/fr\/#website","url":"https:\/\/museliving.auxodev2.dk\/fr\/","name":"museliving.eu","description":"","publisher":{"@id":"https:\/\/museliving.auxodev2.dk\/fr\/#organization"},"potentialAction":[{"@type":"SearchAction","target":{"@type":"EntryPoint","urlTemplate":"https:\/\/museliving.auxodev2.dk\/fr\/?s={search_term_string}"},"query-input":{"@type":"PropertyValueSpecification","valueRequired":true,"valueName":"search_term_string"}}],"inLanguage":"fr-FR"},{"@type":"Organization","@id":"https:\/\/museliving.auxodev2.dk\/fr\/#organization","name":"Museliving","url":"https:\/\/museliving.auxodev2.dk\/fr\/","logo":{"@type":"ImageObject","inLanguage":"fr-FR","@id":"https:\/\/museliving.auxodev2.dk\/fr\/#\/schema\/logo\/image\/","url":"https:\/\/museliving.auxodev2.dk\/wp-content\/uploads\/websted-logo.png","contentUrl":"https:\/\/museliving.auxodev2.dk\/wp-content\/uploads\/websted-logo.png","width":350,"height":100,"caption":"Museliving"},"image":{"@id":"https:\/\/museliving.auxodev2.dk\/fr\/#\/schema\/logo\/image\/"}}]}},"_links":{"self":[{"href":"https:\/\/museliving.auxodev2.dk\/fr\/wp-json\/wp\/v2\/product\/25215","targetHints":{"allow":["GET"]}}],"collection":[{"href":"https:\/\/museliving.auxodev2.dk\/fr\/wp-json\/wp\/v2\/product"}],"about":[{"href":"https:\/\/museliving.auxodev2.dk\/fr\/wp-json\/wp\/v2\/types\/product"}],"version-history":[{"count":2,"href":"https:\/\/museliving.auxodev2.dk\/fr\/wp-json\/wp\/v2\/product\/25215\/revisions"}],"predecessor-version":[{"id":25510,"href":"https:\/\/museliving.auxodev2.dk\/fr\/wp-json\/wp\/v2\/product\/25215\/revisions\/25510"}],"wp:featuredmedia":[{"embeddable":true,"href":"https:\/\/museliving.auxodev2.dk\/fr\/wp-json\/wp\/v2\/media\/25216"}],"wp:attachment":[{"href":"https:\/\/museliving.auxodev2.dk\/fr\/wp-json\/wp\/v2\/media?parent=25215"}],"wp:term":[{"taxonomy":"product_brand","embeddable":true,"href":"https:\/\/museliving.auxodev2.dk\/fr\/wp-json\/wp\/v2\/product_brand?post=25215"},{"taxonomy":"product_cat","embeddable":true,"href":"https:\/\/museliving.auxodev2.dk\/fr\/wp-json\/wp\/v2\/product_cat?post=25215"},{"taxonomy":"product_tag","embeddable":true,"href":"https:\/\/museliving.auxodev2.dk\/fr\/wp-json\/wp\/v2\/product_tag?post=25215"}],"curies":[{"name":"wp","href":"https:\/\/api.w.org\/{rel}","templated":true}]}}