{"id":25193,"date":"2025-08-24T16:04:09","date_gmt":"2025-08-24T14:04:09","guid":{"rendered":"https:\/\/museliving.auxodev2.dk\/?post_type=product&#038;p=25193"},"modified":"2025-08-31T14:23:12","modified_gmt":"2025-08-31T12:23:12","slug":"coin-pour-panneau-acoustique-chene-huile-2800x27x20","status":"publish","type":"product","link":"https:\/\/museliving.auxodev2.dk\/fr\/product\/coin-pour-panneau-acoustique-chene-huile-2800x27x20\/","title":{"rendered":"Coin pour Panneau Acoustique &#8211; Ch\u00eane Huile (2800x27x20)"},"content":{"rendered":"<p>Le coin par Museliving est un \u00e9l\u00e9ment d\u00e9coratif se fixant sur toute la longueur d&#8217;un panneau acoustique qui apportera un aspect \u00e9l\u00e9gant \u00e0 vos murs.<\/p>\n<p>En plus de nos corners de taille standard, nous pouvons vous proposer diverses options ou vous accompagner en calculant le nombre d&#8217;angles dont vous avez besoin &#8211; n&#8217;h\u00e9sitez pas \u00e0 nous contacter pour vos besoins sp\u00e9cifiques: <a href=\"mailto:sales@museliving.eu\"><em><strong>sales@museliving.eu<\/strong><\/em><\/a><\/p>\n<p>Il est fabriqu\u00e9 \u00e0 partir de placages de ch\u00eane sur du MDF certifi\u00e9 FSC.<\/p>\n<p>Nos coins mesurent g\u00e9n\u00e9ralement 2800 x 27 x 20 mm et 2400 x 27 x 20 mm et sont trait\u00e9s \u00e0 l&#8217;huile de lin. Cependant, il existe un nombre illimit\u00e9 d&#8217;options en termes de taille et de finition si vous en avez besoin.<\/p>\n","protected":false},"excerpt":{"rendered":"<p>Le coin par Museliving est un \u00e9l\u00e9ment d\u00e9coratif se fixant sur toute la longueur d&#8217;un panneau acoustique qui apportera un aspect \u00e9l\u00e9gant \u00e0 vos murs.<\/p>\n<p>En plus de nos corners de taille standard, nous pouvons vous proposer diverses options ou vous accompagner en calculant le nombre d&#8217;angles dont vous avez besoin &#8211; n&#8217;h\u00e9sitez pas \u00e0 nous contacter pour vos besoins sp\u00e9cifiques: <a href=\"mailto:sales@museliving.eu\"><em><strong>sales@museliving.eu<\/strong><\/em><\/a><\/p>\n","protected":false},"featured_media":25136,"template":"","meta":{"_acf_changed":false},"product_brand":[],"product_cat":[573,570],"product_tag":[],"class_list":{"0":"post-25193","1":"product","2":"type-product","3":"status-publish","4":"has-post-thumbnail","6":"product_cat-accessoires-decorations-murales","7":"product_cat-decorations-murales","9":"first","10":"instock","11":"taxable","12":"shipping-taxable","13":"purchasable","14":"product-type-simple"},"acf":[],"yoast_head":"<!-- This site is optimized with the Yoast SEO plugin v26.9 - https:\/\/yoast.com\/product\/yoast-seo-wordpress\/ -->\n<title>Coin pour Panneau Acoustique - Ch\u00eane Huile (2800x27x20) - museliving.eu<\/title>\n<meta name=\"robots\" content=\"noindex, follow, max-snippet:-1, max-image-preview:large, max-video-preview:-1\" \/>\n<meta property=\"og:locale\" content=\"fr_FR\" \/>\n<meta property=\"og:type\" content=\"article\" \/>\n<meta property=\"og:title\" content=\"Coin pour Panneau Acoustique - Ch\u00eane Huile (2800x27x20) - museliving.eu\" \/>\n<meta property=\"og:description\" content=\"Le coin par Museliving est un \u00e9l\u00e9ment d\u00e9coratif se fixant sur toute la longueur d&#039;un panneau acoustique qui apportera un aspect \u00e9l\u00e9gant \u00e0 vos murs.  En plus de nos corners de taille standard, nous pouvons vous proposer diverses options ou vous accompagner en calculant le nombre d&#039;angles dont vous avez besoin - n&#039;h\u00e9sitez pas \u00e0 nous contacter pour vos besoins sp\u00e9cifiques: sales@museliving.eu\" \/>\n<meta property=\"og:url\" content=\"https:\/\/museliving.auxodev2.dk\/fr\/product\/coin-pour-panneau-acoustique-chene-huile-2800x27x20\/\" \/>\n<meta property=\"og:site_name\" content=\"museliving.eu\" \/>\n<meta property=\"article:modified_time\" content=\"2025-08-31T12:23:12+00:00\" \/>\n<meta property=\"og:image\" content=\"https:\/\/museliving.auxodev2.dk\/wp-content\/uploads\/Corner-Oak-Oil-1.jpg\" \/>\n\t<meta property=\"og:image:width\" content=\"1200\" \/>\n\t<meta property=\"og:image:height\" content=\"1200\" \/>\n\t<meta property=\"og:image:type\" content=\"image\/jpeg\" \/>\n<meta name=\"twitter:card\" content=\"summary_large_image\" \/>\n<meta name=\"twitter:label1\" content=\"Est. reading time\" \/>\n\t<meta name=\"twitter:data1\" content=\"1 minute\" \/>\n<script type=\"application\/ld+json\" class=\"yoast-schema-graph\">{\"@context\":\"https:\/\/schema.org\",\"@graph\":[{\"@type\":\"WebPage\",\"@id\":\"https:\/\/museliving.auxodev2.dk\/fr\/product\/coin-pour-panneau-acoustique-chene-huile-2800x27x20\/\",\"url\":\"https:\/\/museliving.auxodev2.dk\/fr\/product\/coin-pour-panneau-acoustique-chene-huile-2800x27x20\/\",\"name\":\"Coin pour Panneau Acoustique - Ch\u00eane Huile (2800x27x20) - museliving.eu\",\"isPartOf\":{\"@id\":\"https:\/\/museliving.auxodev2.dk\/fr\/#website\"},\"primaryImageOfPage\":{\"@id\":\"https:\/\/museliving.auxodev2.dk\/fr\/product\/coin-pour-panneau-acoustique-chene-huile-2800x27x20\/#primaryimage\"},\"image\":{\"@id\":\"https:\/\/museliving.auxodev2.dk\/fr\/product\/coin-pour-panneau-acoustique-chene-huile-2800x27x20\/#primaryimage\"},\"thumbnailUrl\":\"https:\/\/museliving.auxodev2.dk\/wp-content\/uploads\/Corner-Oak-Oil-1.jpg\",\"datePublished\":\"2025-08-24T14:04:09+00:00\",\"dateModified\":\"2025-08-31T12:23:12+00:00\",\"breadcrumb\":{\"@id\":\"https:\/\/museliving.auxodev2.dk\/fr\/product\/coin-pour-panneau-acoustique-chene-huile-2800x27x20\/#breadcrumb\"},\"inLanguage\":\"fr-FR\",\"potentialAction\":[{\"@type\":\"ReadAction\",\"target\":[\"https:\/\/museliving.auxodev2.dk\/fr\/product\/coin-pour-panneau-acoustique-chene-huile-2800x27x20\/\"]}]},{\"@type\":\"ImageObject\",\"inLanguage\":\"fr-FR\",\"@id\":\"https:\/\/museliving.auxodev2.dk\/fr\/product\/coin-pour-panneau-acoustique-chene-huile-2800x27x20\/#primaryimage\",\"url\":\"https:\/\/museliving.auxodev2.dk\/wp-content\/uploads\/Corner-Oak-Oil-1.jpg\",\"contentUrl\":\"https:\/\/museliving.auxodev2.dk\/wp-content\/uploads\/Corner-Oak-Oil-1.jpg\",\"width\":1200,\"height\":1200},{\"@type\":\"BreadcrumbList\",\"@id\":\"https:\/\/museliving.auxodev2.dk\/fr\/product\/coin-pour-panneau-acoustique-chene-huile-2800x27x20\/#breadcrumb\",\"itemListElement\":[{\"@type\":\"ListItem\",\"position\":1,\"name\":\"Home\",\"item\":\"https:\/\/museliving.auxodev2.dk\/fr\/accueil\/\"},{\"@type\":\"ListItem\",\"position\":2,\"name\":\"Tous les produits\",\"item\":\"https:\/\/museliving.auxodev2.dk\/fr\/shop\/\"},{\"@type\":\"ListItem\",\"position\":3,\"name\":\"D\u00e9corations murales\",\"item\":\"https:\/\/museliving.auxodev2.dk\/fr\/category\/decorations-murales\/\"},{\"@type\":\"ListItem\",\"position\":4,\"name\":\"Accessoires\",\"item\":\"https:\/\/museliving.auxodev2.dk\/fr\/category\/decorations-murales\/accessoires-decorations-murales\/\"},{\"@type\":\"ListItem\",\"position\":5,\"name\":\"Coin pour Panneau Acoustique &#8211; Ch\u00eane Huile (2800x27x20)\"}]},{\"@type\":\"WebSite\",\"@id\":\"https:\/\/museliving.auxodev2.dk\/fr\/#website\",\"url\":\"https:\/\/museliving.auxodev2.dk\/fr\/\",\"name\":\"museliving.eu\",\"description\":\"\",\"publisher\":{\"@id\":\"https:\/\/museliving.auxodev2.dk\/fr\/#organization\"},\"potentialAction\":[{\"@type\":\"SearchAction\",\"target\":{\"@type\":\"EntryPoint\",\"urlTemplate\":\"https:\/\/museliving.auxodev2.dk\/fr\/?s={search_term_string}\"},\"query-input\":{\"@type\":\"PropertyValueSpecification\",\"valueRequired\":true,\"valueName\":\"search_term_string\"}}],\"inLanguage\":\"fr-FR\"},{\"@type\":\"Organization\",\"@id\":\"https:\/\/museliving.auxodev2.dk\/fr\/#organization\",\"name\":\"Museliving\",\"url\":\"https:\/\/museliving.auxodev2.dk\/fr\/\",\"logo\":{\"@type\":\"ImageObject\",\"inLanguage\":\"fr-FR\",\"@id\":\"https:\/\/museliving.auxodev2.dk\/fr\/#\/schema\/logo\/image\/\",\"url\":\"https:\/\/museliving.auxodev2.dk\/wp-content\/uploads\/websted-logo.png\",\"contentUrl\":\"https:\/\/museliving.auxodev2.dk\/wp-content\/uploads\/websted-logo.png\",\"width\":350,\"height\":100,\"caption\":\"Museliving\"},\"image\":{\"@id\":\"https:\/\/museliving.auxodev2.dk\/fr\/#\/schema\/logo\/image\/\"}}]}<\/script>\n<!-- \/ Yoast SEO plugin. -->","yoast_head_json":{"title":"Coin pour Panneau Acoustique - Ch\u00eane Huile (2800x27x20) - museliving.eu","robots":{"index":"noindex","follow":"follow","max-snippet":"max-snippet:-1","max-image-preview":"max-image-preview:large","max-video-preview":"max-video-preview:-1"},"og_locale":"fr_FR","og_type":"article","og_title":"Coin pour Panneau Acoustique - Ch\u00eane Huile (2800x27x20) - museliving.eu","og_description":"Le coin par Museliving est un \u00e9l\u00e9ment d\u00e9coratif se fixant sur toute la longueur d'un panneau acoustique qui apportera un aspect \u00e9l\u00e9gant \u00e0 vos murs.  En plus de nos corners de taille standard, nous pouvons vous proposer diverses options ou vous accompagner en calculant le nombre d'angles dont vous avez besoin - n'h\u00e9sitez pas \u00e0 nous contacter pour vos besoins sp\u00e9cifiques: sales@museliving.eu","og_url":"https:\/\/museliving.auxodev2.dk\/fr\/product\/coin-pour-panneau-acoustique-chene-huile-2800x27x20\/","og_site_name":"museliving.eu","article_modified_time":"2025-08-31T12:23:12+00:00","og_image":[{"width":1200,"height":1200,"url":"https:\/\/museliving.auxodev2.dk\/wp-content\/uploads\/Corner-Oak-Oil-1.jpg","type":"image\/jpeg"}],"twitter_card":"summary_large_image","twitter_misc":{"Est. reading time":"1 minute"},"schema":{"@context":"https:\/\/schema.org","@graph":[{"@type":"WebPage","@id":"https:\/\/museliving.auxodev2.dk\/fr\/product\/coin-pour-panneau-acoustique-chene-huile-2800x27x20\/","url":"https:\/\/museliving.auxodev2.dk\/fr\/product\/coin-pour-panneau-acoustique-chene-huile-2800x27x20\/","name":"Coin pour Panneau Acoustique - Ch\u00eane Huile (2800x27x20) - museliving.eu","isPartOf":{"@id":"https:\/\/museliving.auxodev2.dk\/fr\/#website"},"primaryImageOfPage":{"@id":"https:\/\/museliving.auxodev2.dk\/fr\/product\/coin-pour-panneau-acoustique-chene-huile-2800x27x20\/#primaryimage"},"image":{"@id":"https:\/\/museliving.auxodev2.dk\/fr\/product\/coin-pour-panneau-acoustique-chene-huile-2800x27x20\/#primaryimage"},"thumbnailUrl":"https:\/\/museliving.auxodev2.dk\/wp-content\/uploads\/Corner-Oak-Oil-1.jpg","datePublished":"2025-08-24T14:04:09+00:00","dateModified":"2025-08-31T12:23:12+00:00","breadcrumb":{"@id":"https:\/\/museliving.auxodev2.dk\/fr\/product\/coin-pour-panneau-acoustique-chene-huile-2800x27x20\/#breadcrumb"},"inLanguage":"fr-FR","potentialAction":[{"@type":"ReadAction","target":["https:\/\/museliving.auxodev2.dk\/fr\/product\/coin-pour-panneau-acoustique-chene-huile-2800x27x20\/"]}]},{"@type":"ImageObject","inLanguage":"fr-FR","@id":"https:\/\/museliving.auxodev2.dk\/fr\/product\/coin-pour-panneau-acoustique-chene-huile-2800x27x20\/#primaryimage","url":"https:\/\/museliving.auxodev2.dk\/wp-content\/uploads\/Corner-Oak-Oil-1.jpg","contentUrl":"https:\/\/museliving.auxodev2.dk\/wp-content\/uploads\/Corner-Oak-Oil-1.jpg","width":1200,"height":1200},{"@type":"BreadcrumbList","@id":"https:\/\/museliving.auxodev2.dk\/fr\/product\/coin-pour-panneau-acoustique-chene-huile-2800x27x20\/#breadcrumb","itemListElement":[{"@type":"ListItem","position":1,"name":"Home","item":"https:\/\/museliving.auxodev2.dk\/fr\/accueil\/"},{"@type":"ListItem","position":2,"name":"Tous les produits","item":"https:\/\/museliving.auxodev2.dk\/fr\/shop\/"},{"@type":"ListItem","position":3,"name":"D\u00e9corations murales","item":"https:\/\/museliving.auxodev2.dk\/fr\/category\/decorations-murales\/"},{"@type":"ListItem","position":4,"name":"Accessoires","item":"https:\/\/museliving.auxodev2.dk\/fr\/category\/decorations-murales\/accessoires-decorations-murales\/"},{"@type":"ListItem","position":5,"name":"Coin pour Panneau Acoustique &#8211; Ch\u00eane Huile (2800x27x20)"}]},{"@type":"WebSite","@id":"https:\/\/museliving.auxodev2.dk\/fr\/#website","url":"https:\/\/museliving.auxodev2.dk\/fr\/","name":"museliving.eu","description":"","publisher":{"@id":"https:\/\/museliving.auxodev2.dk\/fr\/#organization"},"potentialAction":[{"@type":"SearchAction","target":{"@type":"EntryPoint","urlTemplate":"https:\/\/museliving.auxodev2.dk\/fr\/?s={search_term_string}"},"query-input":{"@type":"PropertyValueSpecification","valueRequired":true,"valueName":"search_term_string"}}],"inLanguage":"fr-FR"},{"@type":"Organization","@id":"https:\/\/museliving.auxodev2.dk\/fr\/#organization","name":"Museliving","url":"https:\/\/museliving.auxodev2.dk\/fr\/","logo":{"@type":"ImageObject","inLanguage":"fr-FR","@id":"https:\/\/museliving.auxodev2.dk\/fr\/#\/schema\/logo\/image\/","url":"https:\/\/museliving.auxodev2.dk\/wp-content\/uploads\/websted-logo.png","contentUrl":"https:\/\/museliving.auxodev2.dk\/wp-content\/uploads\/websted-logo.png","width":350,"height":100,"caption":"Museliving"},"image":{"@id":"https:\/\/museliving.auxodev2.dk\/fr\/#\/schema\/logo\/image\/"}}]}},"_links":{"self":[{"href":"https:\/\/museliving.auxodev2.dk\/fr\/wp-json\/wp\/v2\/product\/25193","targetHints":{"allow":["GET"]}}],"collection":[{"href":"https:\/\/museliving.auxodev2.dk\/fr\/wp-json\/wp\/v2\/product"}],"about":[{"href":"https:\/\/museliving.auxodev2.dk\/fr\/wp-json\/wp\/v2\/types\/product"}],"version-history":[{"count":2,"href":"https:\/\/museliving.auxodev2.dk\/fr\/wp-json\/wp\/v2\/product\/25193\/revisions"}],"predecessor-version":[{"id":25508,"href":"https:\/\/museliving.auxodev2.dk\/fr\/wp-json\/wp\/v2\/product\/25193\/revisions\/25508"}],"wp:featuredmedia":[{"embeddable":true,"href":"https:\/\/museliving.auxodev2.dk\/fr\/wp-json\/wp\/v2\/media\/25136"}],"wp:attachment":[{"href":"https:\/\/museliving.auxodev2.dk\/fr\/wp-json\/wp\/v2\/media?parent=25193"}],"wp:term":[{"taxonomy":"product_brand","embeddable":true,"href":"https:\/\/museliving.auxodev2.dk\/fr\/wp-json\/wp\/v2\/product_brand?post=25193"},{"taxonomy":"product_cat","embeddable":true,"href":"https:\/\/museliving.auxodev2.dk\/fr\/wp-json\/wp\/v2\/product_cat?post=25193"},{"taxonomy":"product_tag","embeddable":true,"href":"https:\/\/museliving.auxodev2.dk\/fr\/wp-json\/wp\/v2\/product_tag?post=25193"}],"curies":[{"name":"wp","href":"https:\/\/api.w.org\/{rel}","templated":true}]}}