{"id":24872,"date":"2025-08-24T14:40:15","date_gmt":"2025-08-24T12:40:15","guid":{"rendered":"https:\/\/museliving.auxodev2.dk\/?post_type=product&#038;p=24872"},"modified":"2025-08-30T17:04:50","modified_gmt":"2025-08-30T15:04:50","slug":"attache-metallique-pour-casiers-a-vin-winenest-4-pieces","status":"publish","type":"product","link":"https:\/\/museliving.auxodev2.dk\/fr\/product\/attache-metallique-pour-casiers-a-vin-winenest-4-pieces\/","title":{"rendered":"Attache m\u00e9tallique pour casiers \u00e0 vin Winenest (4 pi\u00e8ces)"},"content":{"rendered":"<p>Nos supports m\u00e9talliques pour les casiers \u00e0 vin Winenest offrent des connexions s\u00e9curis\u00e9es et fiables gr\u00e2ce \u00e0 leur conception. Les supports \u00e0 deux trous permettent de joindre deux casiers \u00e0 vin pour cr\u00e9er une structure unique, renfor\u00e7ant ainsi la stabilit\u00e9 et la s\u00e9curit\u00e9. Les supports \u00e0 un trou sont con\u00e7us pour fixer les casiers sur les bords, emp\u00eachant tout mouvement et ajoutant un soutien suppl\u00e9mentaire.<\/p>\n<h4><strong>Avantages:<\/strong><\/h4>\n<ul>\n<li>Supports \u00e0 deux trous pour joindre des casiers \u00e0 vin en une seule structure<\/li>\n<li>Supports \u00e0 un trou pour fixer les casiers sur les bords<\/li>\n<li>Mat\u00e9riaux durables garantissant une utilisation longue dur\u00e9e<\/li>\n<li>Faciles \u00e0 installer et assurant une fixation fiable<\/li>\n<\/ul>\n<p>Ces supports permettent de cr\u00e9er un syst\u00e8me de stockage de vin plus stable et plus s\u00fbr avec les casiers \u00e0 vin Winenest.<\/p>\n<h4><strong>Contactez-nous<\/strong><\/h4>\n<p>Pour toute question sur nos produits, des conseils en design ou une commande sp\u00e9ciale, n\u2019h\u00e9sitez pas \u00e0 nous contacter. Notre \u00e9quipe amicale et comp\u00e9tente est l\u00e0 pour s&#8217;assurer que vous viviez la meilleure exp\u00e9rience avec Museliving. <a href=\"https:\/\/museliving.eu\/fr\/contact-us\/\">Contactez-nous<\/a> ici ou envoyez-nous un e-mail \u00e0 <em><strong><a href=\"mailto:sales@museliving.eu\" rel=\"noopener\">sales@museliving.eu<\/a><\/strong><\/em> pour commencer.<\/p>\n","protected":false},"excerpt":{"rendered":"<ul>\n<li style=\"text-align: left;\">Compatibilit\u00e9: s\u00e9rie de casiers \u00e0 vin Winenest<\/li>\n<li style=\"text-align: left;\">Design: fixations m\u00e9talliques \u00e0 deux trous et \u00e0 un trou pour diff\u00e9rents usages<\/li>\n<li style=\"text-align: left;\">Mat\u00e9riau: m\u00e9tal durable<\/li>\n<li style=\"text-align: left;\">Utilit\u00e9: offre une fixation s\u00e9curis\u00e9e et une meilleure stabilit\u00e9<\/li>\n<\/ul>\n","protected":false},"featured_media":24873,"template":"","meta":{"_acf_changed":false},"product_brand":[],"product_cat":[585,582],"product_tag":[],"class_list":{"0":"post-24872","1":"product","2":"type-product","3":"status-publish","4":"has-post-thumbnail","6":"product_cat-accessoires-casiers-a-vin","7":"product_cat-casiers-a-vin","9":"first","10":"instock","11":"taxable","12":"shipping-taxable","13":"purchasable","14":"product-type-variable"},"acf":[],"yoast_head":"<!-- This site is optimized with the Yoast SEO plugin v26.9 - https:\/\/yoast.com\/product\/yoast-seo-wordpress\/ -->\n<title>Attache m\u00e9tallique pour casiers \u00e0 vin Winenest (4 pi\u00e8ces) - museliving.eu<\/title>\n<meta name=\"robots\" content=\"noindex, follow, max-snippet:-1, max-image-preview:large, max-video-preview:-1\" \/>\n<meta property=\"og:locale\" content=\"fr_FR\" \/>\n<meta property=\"og:type\" content=\"article\" \/>\n<meta property=\"og:title\" content=\"Attache m\u00e9tallique pour casiers \u00e0 vin Winenest (4 pi\u00e8ces) - museliving.eu\" \/>\n<meta property=\"og:description\" content=\"Compatibilit\u00e9: s\u00e9rie de casiers \u00e0 vin Winenest  Design: fixations m\u00e9talliques \u00e0 deux trous et \u00e0 un trou pour diff\u00e9rents usages  Mat\u00e9riau: m\u00e9tal durable  Utilit\u00e9: offre une fixation s\u00e9curis\u00e9e et une meilleure stabilit\u00e9\" \/>\n<meta property=\"og:url\" content=\"https:\/\/museliving.auxodev2.dk\/fr\/product\/attache-metallique-pour-casiers-a-vin-winenest-4-pieces\/\" \/>\n<meta property=\"og:site_name\" content=\"museliving.eu\" \/>\n<meta property=\"article:modified_time\" content=\"2025-08-30T15:04:50+00:00\" \/>\n<meta property=\"og:image\" content=\"https:\/\/museliving.auxodev2.dk\/wp-content\/uploads\/metal-fastener-for-wine-racks1.jpg\" \/>\n\t<meta property=\"og:image:width\" content=\"1200\" \/>\n\t<meta property=\"og:image:height\" content=\"800\" \/>\n\t<meta property=\"og:image:type\" content=\"image\/jpeg\" \/>\n<meta name=\"twitter:card\" content=\"summary_large_image\" \/>\n<meta name=\"twitter:label1\" content=\"Est. reading time\" \/>\n\t<meta name=\"twitter:data1\" content=\"1 minute\" \/>\n<script type=\"application\/ld+json\" class=\"yoast-schema-graph\">{\"@context\":\"https:\/\/schema.org\",\"@graph\":[{\"@type\":\"WebPage\",\"@id\":\"https:\/\/museliving.auxodev2.dk\/fr\/product\/attache-metallique-pour-casiers-a-vin-winenest-4-pieces\/\",\"url\":\"https:\/\/museliving.auxodev2.dk\/fr\/product\/attache-metallique-pour-casiers-a-vin-winenest-4-pieces\/\",\"name\":\"Attache m\u00e9tallique pour casiers \u00e0 vin Winenest (4 pi\u00e8ces) - museliving.eu\",\"isPartOf\":{\"@id\":\"https:\/\/museliving.auxodev2.dk\/fr\/#website\"},\"primaryImageOfPage\":{\"@id\":\"https:\/\/museliving.auxodev2.dk\/fr\/product\/attache-metallique-pour-casiers-a-vin-winenest-4-pieces\/#primaryimage\"},\"image\":{\"@id\":\"https:\/\/museliving.auxodev2.dk\/fr\/product\/attache-metallique-pour-casiers-a-vin-winenest-4-pieces\/#primaryimage\"},\"thumbnailUrl\":\"https:\/\/museliving.auxodev2.dk\/wp-content\/uploads\/metal-fastener-for-wine-racks1.jpg\",\"datePublished\":\"2025-08-24T12:40:15+00:00\",\"dateModified\":\"2025-08-30T15:04:50+00:00\",\"breadcrumb\":{\"@id\":\"https:\/\/museliving.auxodev2.dk\/fr\/product\/attache-metallique-pour-casiers-a-vin-winenest-4-pieces\/#breadcrumb\"},\"inLanguage\":\"fr-FR\",\"potentialAction\":[{\"@type\":\"ReadAction\",\"target\":[\"https:\/\/museliving.auxodev2.dk\/fr\/product\/attache-metallique-pour-casiers-a-vin-winenest-4-pieces\/\"]}]},{\"@type\":\"ImageObject\",\"inLanguage\":\"fr-FR\",\"@id\":\"https:\/\/museliving.auxodev2.dk\/fr\/product\/attache-metallique-pour-casiers-a-vin-winenest-4-pieces\/#primaryimage\",\"url\":\"https:\/\/museliving.auxodev2.dk\/wp-content\/uploads\/metal-fastener-for-wine-racks1.jpg\",\"contentUrl\":\"https:\/\/museliving.auxodev2.dk\/wp-content\/uploads\/metal-fastener-for-wine-racks1.jpg\",\"width\":1200,\"height\":800},{\"@type\":\"BreadcrumbList\",\"@id\":\"https:\/\/museliving.auxodev2.dk\/fr\/product\/attache-metallique-pour-casiers-a-vin-winenest-4-pieces\/#breadcrumb\",\"itemListElement\":[{\"@type\":\"ListItem\",\"position\":1,\"name\":\"Home\",\"item\":\"https:\/\/museliving.auxodev2.dk\/fr\/accueil\/\"},{\"@type\":\"ListItem\",\"position\":2,\"name\":\"Tous les produits\",\"item\":\"https:\/\/museliving.auxodev2.dk\/fr\/shop\/\"},{\"@type\":\"ListItem\",\"position\":3,\"name\":\"Casiers \u00e0 vin\",\"item\":\"https:\/\/museliving.auxodev2.dk\/fr\/category\/casiers-a-vin\/\"},{\"@type\":\"ListItem\",\"position\":4,\"name\":\"Accessoires\",\"item\":\"https:\/\/museliving.auxodev2.dk\/fr\/category\/casiers-a-vin\/accessoires-casiers-a-vin\/\"},{\"@type\":\"ListItem\",\"position\":5,\"name\":\"Attache m\u00e9tallique pour casiers \u00e0 vin Winenest (4 pi\u00e8ces)\"}]},{\"@type\":\"WebSite\",\"@id\":\"https:\/\/museliving.auxodev2.dk\/fr\/#website\",\"url\":\"https:\/\/museliving.auxodev2.dk\/fr\/\",\"name\":\"museliving.eu\",\"description\":\"\",\"publisher\":{\"@id\":\"https:\/\/museliving.auxodev2.dk\/fr\/#organization\"},\"potentialAction\":[{\"@type\":\"SearchAction\",\"target\":{\"@type\":\"EntryPoint\",\"urlTemplate\":\"https:\/\/museliving.auxodev2.dk\/fr\/?s={search_term_string}\"},\"query-input\":{\"@type\":\"PropertyValueSpecification\",\"valueRequired\":true,\"valueName\":\"search_term_string\"}}],\"inLanguage\":\"fr-FR\"},{\"@type\":\"Organization\",\"@id\":\"https:\/\/museliving.auxodev2.dk\/fr\/#organization\",\"name\":\"Museliving\",\"url\":\"https:\/\/museliving.auxodev2.dk\/fr\/\",\"logo\":{\"@type\":\"ImageObject\",\"inLanguage\":\"fr-FR\",\"@id\":\"https:\/\/museliving.auxodev2.dk\/fr\/#\/schema\/logo\/image\/\",\"url\":\"https:\/\/museliving.auxodev2.dk\/wp-content\/uploads\/websted-logo.png\",\"contentUrl\":\"https:\/\/museliving.auxodev2.dk\/wp-content\/uploads\/websted-logo.png\",\"width\":350,\"height\":100,\"caption\":\"Museliving\"},\"image\":{\"@id\":\"https:\/\/museliving.auxodev2.dk\/fr\/#\/schema\/logo\/image\/\"}}]}<\/script>\n<!-- \/ Yoast SEO plugin. -->","yoast_head_json":{"title":"Attache m\u00e9tallique pour casiers \u00e0 vin Winenest (4 pi\u00e8ces) - museliving.eu","robots":{"index":"noindex","follow":"follow","max-snippet":"max-snippet:-1","max-image-preview":"max-image-preview:large","max-video-preview":"max-video-preview:-1"},"og_locale":"fr_FR","og_type":"article","og_title":"Attache m\u00e9tallique pour casiers \u00e0 vin Winenest (4 pi\u00e8ces) - museliving.eu","og_description":"Compatibilit\u00e9: s\u00e9rie de casiers \u00e0 vin Winenest  Design: fixations m\u00e9talliques \u00e0 deux trous et \u00e0 un trou pour diff\u00e9rents usages  Mat\u00e9riau: m\u00e9tal durable  Utilit\u00e9: offre une fixation s\u00e9curis\u00e9e et une meilleure stabilit\u00e9","og_url":"https:\/\/museliving.auxodev2.dk\/fr\/product\/attache-metallique-pour-casiers-a-vin-winenest-4-pieces\/","og_site_name":"museliving.eu","article_modified_time":"2025-08-30T15:04:50+00:00","og_image":[{"width":1200,"height":800,"url":"https:\/\/museliving.auxodev2.dk\/wp-content\/uploads\/metal-fastener-for-wine-racks1.jpg","type":"image\/jpeg"}],"twitter_card":"summary_large_image","twitter_misc":{"Est. reading time":"1 minute"},"schema":{"@context":"https:\/\/schema.org","@graph":[{"@type":"WebPage","@id":"https:\/\/museliving.auxodev2.dk\/fr\/product\/attache-metallique-pour-casiers-a-vin-winenest-4-pieces\/","url":"https:\/\/museliving.auxodev2.dk\/fr\/product\/attache-metallique-pour-casiers-a-vin-winenest-4-pieces\/","name":"Attache m\u00e9tallique pour casiers \u00e0 vin Winenest (4 pi\u00e8ces) - museliving.eu","isPartOf":{"@id":"https:\/\/museliving.auxodev2.dk\/fr\/#website"},"primaryImageOfPage":{"@id":"https:\/\/museliving.auxodev2.dk\/fr\/product\/attache-metallique-pour-casiers-a-vin-winenest-4-pieces\/#primaryimage"},"image":{"@id":"https:\/\/museliving.auxodev2.dk\/fr\/product\/attache-metallique-pour-casiers-a-vin-winenest-4-pieces\/#primaryimage"},"thumbnailUrl":"https:\/\/museliving.auxodev2.dk\/wp-content\/uploads\/metal-fastener-for-wine-racks1.jpg","datePublished":"2025-08-24T12:40:15+00:00","dateModified":"2025-08-30T15:04:50+00:00","breadcrumb":{"@id":"https:\/\/museliving.auxodev2.dk\/fr\/product\/attache-metallique-pour-casiers-a-vin-winenest-4-pieces\/#breadcrumb"},"inLanguage":"fr-FR","potentialAction":[{"@type":"ReadAction","target":["https:\/\/museliving.auxodev2.dk\/fr\/product\/attache-metallique-pour-casiers-a-vin-winenest-4-pieces\/"]}]},{"@type":"ImageObject","inLanguage":"fr-FR","@id":"https:\/\/museliving.auxodev2.dk\/fr\/product\/attache-metallique-pour-casiers-a-vin-winenest-4-pieces\/#primaryimage","url":"https:\/\/museliving.auxodev2.dk\/wp-content\/uploads\/metal-fastener-for-wine-racks1.jpg","contentUrl":"https:\/\/museliving.auxodev2.dk\/wp-content\/uploads\/metal-fastener-for-wine-racks1.jpg","width":1200,"height":800},{"@type":"BreadcrumbList","@id":"https:\/\/museliving.auxodev2.dk\/fr\/product\/attache-metallique-pour-casiers-a-vin-winenest-4-pieces\/#breadcrumb","itemListElement":[{"@type":"ListItem","position":1,"name":"Home","item":"https:\/\/museliving.auxodev2.dk\/fr\/accueil\/"},{"@type":"ListItem","position":2,"name":"Tous les produits","item":"https:\/\/museliving.auxodev2.dk\/fr\/shop\/"},{"@type":"ListItem","position":3,"name":"Casiers \u00e0 vin","item":"https:\/\/museliving.auxodev2.dk\/fr\/category\/casiers-a-vin\/"},{"@type":"ListItem","position":4,"name":"Accessoires","item":"https:\/\/museliving.auxodev2.dk\/fr\/category\/casiers-a-vin\/accessoires-casiers-a-vin\/"},{"@type":"ListItem","position":5,"name":"Attache m\u00e9tallique pour casiers \u00e0 vin Winenest (4 pi\u00e8ces)"}]},{"@type":"WebSite","@id":"https:\/\/museliving.auxodev2.dk\/fr\/#website","url":"https:\/\/museliving.auxodev2.dk\/fr\/","name":"museliving.eu","description":"","publisher":{"@id":"https:\/\/museliving.auxodev2.dk\/fr\/#organization"},"potentialAction":[{"@type":"SearchAction","target":{"@type":"EntryPoint","urlTemplate":"https:\/\/museliving.auxodev2.dk\/fr\/?s={search_term_string}"},"query-input":{"@type":"PropertyValueSpecification","valueRequired":true,"valueName":"search_term_string"}}],"inLanguage":"fr-FR"},{"@type":"Organization","@id":"https:\/\/museliving.auxodev2.dk\/fr\/#organization","name":"Museliving","url":"https:\/\/museliving.auxodev2.dk\/fr\/","logo":{"@type":"ImageObject","inLanguage":"fr-FR","@id":"https:\/\/museliving.auxodev2.dk\/fr\/#\/schema\/logo\/image\/","url":"https:\/\/museliving.auxodev2.dk\/wp-content\/uploads\/websted-logo.png","contentUrl":"https:\/\/museliving.auxodev2.dk\/wp-content\/uploads\/websted-logo.png","width":350,"height":100,"caption":"Museliving"},"image":{"@id":"https:\/\/museliving.auxodev2.dk\/fr\/#\/schema\/logo\/image\/"}}]}},"_links":{"self":[{"href":"https:\/\/museliving.auxodev2.dk\/fr\/wp-json\/wp\/v2\/product\/24872","targetHints":{"allow":["GET"]}}],"collection":[{"href":"https:\/\/museliving.auxodev2.dk\/fr\/wp-json\/wp\/v2\/product"}],"about":[{"href":"https:\/\/museliving.auxodev2.dk\/fr\/wp-json\/wp\/v2\/types\/product"}],"version-history":[{"count":2,"href":"https:\/\/museliving.auxodev2.dk\/fr\/wp-json\/wp\/v2\/product\/24872\/revisions"}],"predecessor-version":[{"id":25014,"href":"https:\/\/museliving.auxodev2.dk\/fr\/wp-json\/wp\/v2\/product\/24872\/revisions\/25014"}],"wp:featuredmedia":[{"embeddable":true,"href":"https:\/\/museliving.auxodev2.dk\/fr\/wp-json\/wp\/v2\/media\/24873"}],"wp:attachment":[{"href":"https:\/\/museliving.auxodev2.dk\/fr\/wp-json\/wp\/v2\/media?parent=24872"}],"wp:term":[{"taxonomy":"product_brand","embeddable":true,"href":"https:\/\/museliving.auxodev2.dk\/fr\/wp-json\/wp\/v2\/product_brand?post=24872"},{"taxonomy":"product_cat","embeddable":true,"href":"https:\/\/museliving.auxodev2.dk\/fr\/wp-json\/wp\/v2\/product_cat?post=24872"},{"taxonomy":"product_tag","embeddable":true,"href":"https:\/\/museliving.auxodev2.dk\/fr\/wp-json\/wp\/v2\/product_tag?post=24872"}],"curies":[{"name":"wp","href":"https:\/\/api.w.org\/{rel}","templated":true}]}}