{"id":24851,"date":"2025-08-24T14:26:05","date_gmt":"2025-08-24T12:26:05","guid":{"rendered":"https:\/\/museliving.auxodev2.dk\/?post_type=product&#038;p=24851"},"modified":"2025-08-30T17:51:42","modified_gmt":"2025-08-30T15:51:42","slug":"plaque-arriere-chene","status":"publish","type":"product","link":"https:\/\/museliving.auxodev2.dk\/fr\/product\/plaque-arriere-chene\/","title":{"rendered":"Plaque arri\u00e8re &#8211; Ch\u00eane"},"content":{"rendered":"<p>La plaque arri\u00e8re est con\u00e7ue pour \u00eatre install\u00e9e sur des casiers \u00e0 vin. Elle offre une fonctionnalit\u00e9 suppl\u00e9mentaire et donne un aspect plus esth\u00e9tique. Elle aide \u00e0 prot\u00e9ger les bouteilles de vin de la poussi\u00e8re et de la salet\u00e9 qui pourraient provenir de l&#8217;arri\u00e8re du casier et emp\u00eache les bouteilles de tomber tout en offrant un soutien suppl\u00e9mentaire. Ces plaques arri\u00e8re donnent \u00e0 votre casier \u00e0 vin un aspect plus fini et soign\u00e9 tout en mettant en valeur la beaut\u00e9 du bois.<\/p>\n<p>Les plaques arri\u00e8re install\u00e9es ajoutent de la rigidit\u00e9 \u00e0 toute la structure du casier, la rendant plus stable et durable. Elles peuvent \u00e9galement aider \u00e0 mieux isoler les casiers \u00e0 vin, ce qui est utile dans des environnements avec des temp\u00e9ratures et une humidit\u00e9 int\u00e9rieure variables. Ainsi, les plaques arri\u00e8re ne sont pas seulement un accessoire ordinaire, mais un \u00e9l\u00e9ment important qui remplit des fonctions protectrices, d\u00e9coratives et structurelles, rendant votre casier \u00e0 vin plus pratique et attrayant.<\/p>\n<p>Tous nos accessoires de casiers \u00e0 vin peuvent \u00eatre personnalis\u00e9s. Si vous avez des exigences particuli\u00e8res, n&#8217;h\u00e9sitez pas \u00e0 nous contacter: <a href=\"mailto:sales@museliving.eu\"><em><strong>sales@museliving.eu<\/strong><\/em><\/a><\/p>\n","protected":false},"excerpt":{"rendered":"<p>La plaque arri\u00e8re est con\u00e7ue pour \u00eatre install\u00e9e sur des casiers \u00e0 vin. Elle offre une fonctionnalit\u00e9 suppl\u00e9mentaire et donne un aspect plus esth\u00e9tique. Elle aide \u00e0 prot\u00e9ger les bouteilles de vin de la poussi\u00e8re et de la salet\u00e9 qui pourraient provenir de l&#8217;arri\u00e8re du casier et emp\u00eache les bouteilles de tomber tout en offrant [&hellip;]<\/p>\n","protected":false},"featured_media":24852,"template":"","meta":{"_acf_changed":false},"product_brand":[],"product_cat":[585,582],"product_tag":[],"class_list":{"0":"post-24851","1":"product","2":"type-product","3":"status-publish","4":"has-post-thumbnail","6":"product_cat-accessoires-casiers-a-vin","7":"product_cat-casiers-a-vin","9":"first","10":"instock","11":"taxable","12":"shipping-taxable","13":"purchasable","14":"product-type-simple"},"acf":[],"yoast_head":"<!-- This site is optimized with the Yoast SEO plugin v26.9 - https:\/\/yoast.com\/product\/yoast-seo-wordpress\/ -->\n<title>Plaque arri\u00e8re - Ch\u00eane - museliving.eu<\/title>\n<meta name=\"robots\" content=\"noindex, follow, max-snippet:-1, max-image-preview:large, max-video-preview:-1\" \/>\n<meta property=\"og:locale\" content=\"fr_FR\" \/>\n<meta property=\"og:type\" content=\"article\" \/>\n<meta property=\"og:title\" content=\"Plaque arri\u00e8re - Ch\u00eane - museliving.eu\" \/>\n<meta property=\"og:description\" content=\"La plaque arri\u00e8re est con\u00e7ue pour \u00eatre install\u00e9e sur des casiers \u00e0 vin. Elle offre une fonctionnalit\u00e9 suppl\u00e9mentaire et donne un aspect plus esth\u00e9tique. Elle aide \u00e0 prot\u00e9ger les bouteilles de vin de la poussi\u00e8re et de la salet\u00e9 qui pourraient provenir de l&#8217;arri\u00e8re du casier et emp\u00eache les bouteilles de tomber tout en offrant [&hellip;]\" \/>\n<meta property=\"og:url\" content=\"https:\/\/museliving.auxodev2.dk\/fr\/product\/plaque-arriere-chene\/\" \/>\n<meta property=\"og:site_name\" content=\"museliving.eu\" \/>\n<meta property=\"article:modified_time\" content=\"2025-08-30T15:51:42+00:00\" \/>\n<meta property=\"og:image\" content=\"https:\/\/museliving.auxodev2.dk\/wp-content\/uploads\/BACKPLATE-Oak.jpg\" \/>\n\t<meta property=\"og:image:width\" content=\"1200\" \/>\n\t<meta property=\"og:image:height\" content=\"800\" \/>\n\t<meta property=\"og:image:type\" content=\"image\/jpeg\" \/>\n<meta name=\"twitter:card\" content=\"summary_large_image\" \/>\n<meta name=\"twitter:label1\" content=\"Est. reading time\" \/>\n\t<meta name=\"twitter:data1\" content=\"1 minute\" \/>\n<script type=\"application\/ld+json\" class=\"yoast-schema-graph\">{\"@context\":\"https:\/\/schema.org\",\"@graph\":[{\"@type\":\"WebPage\",\"@id\":\"https:\/\/museliving.auxodev2.dk\/fr\/product\/plaque-arriere-chene\/\",\"url\":\"https:\/\/museliving.auxodev2.dk\/fr\/product\/plaque-arriere-chene\/\",\"name\":\"Plaque arri\u00e8re - Ch\u00eane - museliving.eu\",\"isPartOf\":{\"@id\":\"https:\/\/museliving.auxodev2.dk\/fr\/#website\"},\"primaryImageOfPage\":{\"@id\":\"https:\/\/museliving.auxodev2.dk\/fr\/product\/plaque-arriere-chene\/#primaryimage\"},\"image\":{\"@id\":\"https:\/\/museliving.auxodev2.dk\/fr\/product\/plaque-arriere-chene\/#primaryimage\"},\"thumbnailUrl\":\"https:\/\/museliving.auxodev2.dk\/wp-content\/uploads\/BACKPLATE-Oak.jpg\",\"datePublished\":\"2025-08-24T12:26:05+00:00\",\"dateModified\":\"2025-08-30T15:51:42+00:00\",\"breadcrumb\":{\"@id\":\"https:\/\/museliving.auxodev2.dk\/fr\/product\/plaque-arriere-chene\/#breadcrumb\"},\"inLanguage\":\"fr-FR\",\"potentialAction\":[{\"@type\":\"ReadAction\",\"target\":[\"https:\/\/museliving.auxodev2.dk\/fr\/product\/plaque-arriere-chene\/\"]}]},{\"@type\":\"ImageObject\",\"inLanguage\":\"fr-FR\",\"@id\":\"https:\/\/museliving.auxodev2.dk\/fr\/product\/plaque-arriere-chene\/#primaryimage\",\"url\":\"https:\/\/museliving.auxodev2.dk\/wp-content\/uploads\/BACKPLATE-Oak.jpg\",\"contentUrl\":\"https:\/\/museliving.auxodev2.dk\/wp-content\/uploads\/BACKPLATE-Oak.jpg\",\"width\":1200,\"height\":800},{\"@type\":\"BreadcrumbList\",\"@id\":\"https:\/\/museliving.auxodev2.dk\/fr\/product\/plaque-arriere-chene\/#breadcrumb\",\"itemListElement\":[{\"@type\":\"ListItem\",\"position\":1,\"name\":\"Home\",\"item\":\"https:\/\/museliving.auxodev2.dk\/fr\/accueil\/\"},{\"@type\":\"ListItem\",\"position\":2,\"name\":\"Tous les produits\",\"item\":\"https:\/\/museliving.auxodev2.dk\/fr\/shop\/\"},{\"@type\":\"ListItem\",\"position\":3,\"name\":\"Casiers \u00e0 vin\",\"item\":\"https:\/\/museliving.auxodev2.dk\/fr\/category\/casiers-a-vin\/\"},{\"@type\":\"ListItem\",\"position\":4,\"name\":\"Accessoires\",\"item\":\"https:\/\/museliving.auxodev2.dk\/fr\/category\/casiers-a-vin\/accessoires-casiers-a-vin\/\"},{\"@type\":\"ListItem\",\"position\":5,\"name\":\"Plaque arri\u00e8re &#8211; Ch\u00eane\"}]},{\"@type\":\"WebSite\",\"@id\":\"https:\/\/museliving.auxodev2.dk\/fr\/#website\",\"url\":\"https:\/\/museliving.auxodev2.dk\/fr\/\",\"name\":\"museliving.eu\",\"description\":\"\",\"publisher\":{\"@id\":\"https:\/\/museliving.auxodev2.dk\/fr\/#organization\"},\"potentialAction\":[{\"@type\":\"SearchAction\",\"target\":{\"@type\":\"EntryPoint\",\"urlTemplate\":\"https:\/\/museliving.auxodev2.dk\/fr\/?s={search_term_string}\"},\"query-input\":{\"@type\":\"PropertyValueSpecification\",\"valueRequired\":true,\"valueName\":\"search_term_string\"}}],\"inLanguage\":\"fr-FR\"},{\"@type\":\"Organization\",\"@id\":\"https:\/\/museliving.auxodev2.dk\/fr\/#organization\",\"name\":\"Museliving\",\"url\":\"https:\/\/museliving.auxodev2.dk\/fr\/\",\"logo\":{\"@type\":\"ImageObject\",\"inLanguage\":\"fr-FR\",\"@id\":\"https:\/\/museliving.auxodev2.dk\/fr\/#\/schema\/logo\/image\/\",\"url\":\"https:\/\/museliving.auxodev2.dk\/wp-content\/uploads\/websted-logo.png\",\"contentUrl\":\"https:\/\/museliving.auxodev2.dk\/wp-content\/uploads\/websted-logo.png\",\"width\":350,\"height\":100,\"caption\":\"Museliving\"},\"image\":{\"@id\":\"https:\/\/museliving.auxodev2.dk\/fr\/#\/schema\/logo\/image\/\"}}]}<\/script>\n<!-- \/ Yoast SEO plugin. -->","yoast_head_json":{"title":"Plaque arri\u00e8re - Ch\u00eane - museliving.eu","robots":{"index":"noindex","follow":"follow","max-snippet":"max-snippet:-1","max-image-preview":"max-image-preview:large","max-video-preview":"max-video-preview:-1"},"og_locale":"fr_FR","og_type":"article","og_title":"Plaque arri\u00e8re - Ch\u00eane - museliving.eu","og_description":"La plaque arri\u00e8re est con\u00e7ue pour \u00eatre install\u00e9e sur des casiers \u00e0 vin. Elle offre une fonctionnalit\u00e9 suppl\u00e9mentaire et donne un aspect plus esth\u00e9tique. Elle aide \u00e0 prot\u00e9ger les bouteilles de vin de la poussi\u00e8re et de la salet\u00e9 qui pourraient provenir de l&#8217;arri\u00e8re du casier et emp\u00eache les bouteilles de tomber tout en offrant [&hellip;]","og_url":"https:\/\/museliving.auxodev2.dk\/fr\/product\/plaque-arriere-chene\/","og_site_name":"museliving.eu","article_modified_time":"2025-08-30T15:51:42+00:00","og_image":[{"width":1200,"height":800,"url":"https:\/\/museliving.auxodev2.dk\/wp-content\/uploads\/BACKPLATE-Oak.jpg","type":"image\/jpeg"}],"twitter_card":"summary_large_image","twitter_misc":{"Est. reading time":"1 minute"},"schema":{"@context":"https:\/\/schema.org","@graph":[{"@type":"WebPage","@id":"https:\/\/museliving.auxodev2.dk\/fr\/product\/plaque-arriere-chene\/","url":"https:\/\/museliving.auxodev2.dk\/fr\/product\/plaque-arriere-chene\/","name":"Plaque arri\u00e8re - Ch\u00eane - museliving.eu","isPartOf":{"@id":"https:\/\/museliving.auxodev2.dk\/fr\/#website"},"primaryImageOfPage":{"@id":"https:\/\/museliving.auxodev2.dk\/fr\/product\/plaque-arriere-chene\/#primaryimage"},"image":{"@id":"https:\/\/museliving.auxodev2.dk\/fr\/product\/plaque-arriere-chene\/#primaryimage"},"thumbnailUrl":"https:\/\/museliving.auxodev2.dk\/wp-content\/uploads\/BACKPLATE-Oak.jpg","datePublished":"2025-08-24T12:26:05+00:00","dateModified":"2025-08-30T15:51:42+00:00","breadcrumb":{"@id":"https:\/\/museliving.auxodev2.dk\/fr\/product\/plaque-arriere-chene\/#breadcrumb"},"inLanguage":"fr-FR","potentialAction":[{"@type":"ReadAction","target":["https:\/\/museliving.auxodev2.dk\/fr\/product\/plaque-arriere-chene\/"]}]},{"@type":"ImageObject","inLanguage":"fr-FR","@id":"https:\/\/museliving.auxodev2.dk\/fr\/product\/plaque-arriere-chene\/#primaryimage","url":"https:\/\/museliving.auxodev2.dk\/wp-content\/uploads\/BACKPLATE-Oak.jpg","contentUrl":"https:\/\/museliving.auxodev2.dk\/wp-content\/uploads\/BACKPLATE-Oak.jpg","width":1200,"height":800},{"@type":"BreadcrumbList","@id":"https:\/\/museliving.auxodev2.dk\/fr\/product\/plaque-arriere-chene\/#breadcrumb","itemListElement":[{"@type":"ListItem","position":1,"name":"Home","item":"https:\/\/museliving.auxodev2.dk\/fr\/accueil\/"},{"@type":"ListItem","position":2,"name":"Tous les produits","item":"https:\/\/museliving.auxodev2.dk\/fr\/shop\/"},{"@type":"ListItem","position":3,"name":"Casiers \u00e0 vin","item":"https:\/\/museliving.auxodev2.dk\/fr\/category\/casiers-a-vin\/"},{"@type":"ListItem","position":4,"name":"Accessoires","item":"https:\/\/museliving.auxodev2.dk\/fr\/category\/casiers-a-vin\/accessoires-casiers-a-vin\/"},{"@type":"ListItem","position":5,"name":"Plaque arri\u00e8re &#8211; Ch\u00eane"}]},{"@type":"WebSite","@id":"https:\/\/museliving.auxodev2.dk\/fr\/#website","url":"https:\/\/museliving.auxodev2.dk\/fr\/","name":"museliving.eu","description":"","publisher":{"@id":"https:\/\/museliving.auxodev2.dk\/fr\/#organization"},"potentialAction":[{"@type":"SearchAction","target":{"@type":"EntryPoint","urlTemplate":"https:\/\/museliving.auxodev2.dk\/fr\/?s={search_term_string}"},"query-input":{"@type":"PropertyValueSpecification","valueRequired":true,"valueName":"search_term_string"}}],"inLanguage":"fr-FR"},{"@type":"Organization","@id":"https:\/\/museliving.auxodev2.dk\/fr\/#organization","name":"Museliving","url":"https:\/\/museliving.auxodev2.dk\/fr\/","logo":{"@type":"ImageObject","inLanguage":"fr-FR","@id":"https:\/\/museliving.auxodev2.dk\/fr\/#\/schema\/logo\/image\/","url":"https:\/\/museliving.auxodev2.dk\/wp-content\/uploads\/websted-logo.png","contentUrl":"https:\/\/museliving.auxodev2.dk\/wp-content\/uploads\/websted-logo.png","width":350,"height":100,"caption":"Museliving"},"image":{"@id":"https:\/\/museliving.auxodev2.dk\/fr\/#\/schema\/logo\/image\/"}}]}},"_links":{"self":[{"href":"https:\/\/museliving.auxodev2.dk\/fr\/wp-json\/wp\/v2\/product\/24851","targetHints":{"allow":["GET"]}}],"collection":[{"href":"https:\/\/museliving.auxodev2.dk\/fr\/wp-json\/wp\/v2\/product"}],"about":[{"href":"https:\/\/museliving.auxodev2.dk\/fr\/wp-json\/wp\/v2\/types\/product"}],"version-history":[{"count":3,"href":"https:\/\/museliving.auxodev2.dk\/fr\/wp-json\/wp\/v2\/product\/24851\/revisions"}],"predecessor-version":[{"id":25105,"href":"https:\/\/museliving.auxodev2.dk\/fr\/wp-json\/wp\/v2\/product\/24851\/revisions\/25105"}],"wp:featuredmedia":[{"embeddable":true,"href":"https:\/\/museliving.auxodev2.dk\/fr\/wp-json\/wp\/v2\/media\/24852"}],"wp:attachment":[{"href":"https:\/\/museliving.auxodev2.dk\/fr\/wp-json\/wp\/v2\/media?parent=24851"}],"wp:term":[{"taxonomy":"product_brand","embeddable":true,"href":"https:\/\/museliving.auxodev2.dk\/fr\/wp-json\/wp\/v2\/product_brand?post=24851"},{"taxonomy":"product_cat","embeddable":true,"href":"https:\/\/museliving.auxodev2.dk\/fr\/wp-json\/wp\/v2\/product_cat?post=24851"},{"taxonomy":"product_tag","embeddable":true,"href":"https:\/\/museliving.auxodev2.dk\/fr\/wp-json\/wp\/v2\/product_tag?post=24851"}],"curies":[{"name":"wp","href":"https:\/\/api.w.org\/{rel}","templated":true}]}}