{"id":24796,"date":"2025-08-24T13:52:19","date_gmt":"2025-08-24T11:52:19","guid":{"rendered":"https:\/\/museliving.auxodev2.dk\/?post_type=product&#038;p=24796"},"modified":"2025-08-30T17:40:49","modified_gmt":"2025-08-30T15:40:49","slug":"porte-pin-et-corde-danoise","status":"publish","type":"product","link":"https:\/\/museliving.auxodev2.dk\/fr\/product\/porte-pin-et-corde-danoise\/","title":{"rendered":"Porte &#8211; Pin et corde danoise"},"content":{"rendered":"<p>Pr\u00e9sentation des portes de casier \u00e0 vin. Selon le mod\u00e8le, les portes sont tiss\u00e9es soit en rotin, soit en cordage danois, ce qui leur conf\u00e8re un aspect original et \u00e9l\u00e9gant. Le cadre de la porte est en bois de pin ou de ch\u00eane durable. Ce design robuste garantit une apparence classique et durable.<\/p>\n<p>Ces portes prot\u00e8gent votre vin de la poussi\u00e8re et de la lumi\u00e8re, assurant un stockage \u00e0 long terme dans des conditions id\u00e9ales. La structure tiss\u00e9e offre une bonne ventilation, pr\u00e9servant ainsi la qualit\u00e9 du vin. De plus, les portes bloquent les particules ind\u00e9sirables et la lumi\u00e8re du soleil, pr\u00e9servant le go\u00fbt et la qualit\u00e9 de votre vin.<\/p>\n<p>Elles aident \u00e9galement \u00e0 maintenir une temp\u00e9rature et une humidit\u00e9 stables \u00e0 l&#8217;int\u00e9rieur du casier \u00e0 vin, ce qui est crucial pour la pr\u00e9servation du vin. L&#8217;ajout de portes aux casiers \u00e0 vin leur donne un aspect fini, les rendant plus pratiques et attrayants dans votre d\u00e9coration. Cet accessoire apportera une touche de sophistication et de finition \u00e0 votre casier \u00e0 vin, d\u00e9montrant votre attention aux d\u00e9tails et votre soin pour la qualit\u00e9 de votre vin.<\/p>\n<p>Tous nos accessoires de casiers \u00e0 vin peuvent \u00eatre personnalis\u00e9s. Si vous avez des exigences sp\u00e9ciales, n&#8217;h\u00e9sitez pas \u00e0 nous contacter: <a href=\"mailto:sales@museliving.eu\"><em><strong>sales@museliving.eu<\/strong><\/em><\/a><\/p>\n","protected":false},"excerpt":{"rendered":"<p>Pr\u00e9sentation des portes de casier \u00e0 vin. Selon le mod\u00e8le, les portes sont tiss\u00e9es soit en rotin, soit en cordage danois, ce qui leur conf\u00e8re un aspect original et \u00e9l\u00e9gant. Le cadre de la porte est en bois de pin ou de ch\u00eane durable. Ce design robuste garantit une apparence classique et durable. Ces portes [&hellip;]<\/p>\n","protected":false},"featured_media":22762,"template":"","meta":{"_acf_changed":false},"product_brand":[],"product_cat":[585,582],"product_tag":[],"class_list":{"0":"post-24796","1":"product","2":"type-product","3":"status-publish","4":"has-post-thumbnail","6":"product_cat-accessoires-casiers-a-vin","7":"product_cat-casiers-a-vin","9":"first","10":"instock","11":"taxable","12":"shipping-taxable","13":"purchasable","14":"product-type-simple"},"acf":[],"yoast_head":"<!-- This site is optimized with the Yoast SEO plugin v26.9 - https:\/\/yoast.com\/product\/yoast-seo-wordpress\/ -->\n<title>Porte - Pin et corde danoise - museliving.eu<\/title>\n<meta name=\"robots\" content=\"noindex, follow, max-snippet:-1, max-image-preview:large, max-video-preview:-1\" \/>\n<meta property=\"og:locale\" content=\"fr_FR\" \/>\n<meta property=\"og:type\" content=\"article\" \/>\n<meta property=\"og:title\" content=\"Porte - Pin et corde danoise - museliving.eu\" \/>\n<meta property=\"og:description\" content=\"Pr\u00e9sentation des portes de casier \u00e0 vin. Selon le mod\u00e8le, les portes sont tiss\u00e9es soit en rotin, soit en cordage danois, ce qui leur conf\u00e8re un aspect original et \u00e9l\u00e9gant. Le cadre de la porte est en bois de pin ou de ch\u00eane durable. Ce design robuste garantit une apparence classique et durable. Ces portes [&hellip;]\" \/>\n<meta property=\"og:url\" content=\"https:\/\/museliving.auxodev2.dk\/fr\/product\/porte-pin-et-corde-danoise\/\" \/>\n<meta property=\"og:site_name\" content=\"museliving.eu\" \/>\n<meta property=\"article:modified_time\" content=\"2025-08-30T15:40:49+00:00\" \/>\n<meta property=\"og:image\" content=\"https:\/\/museliving.auxodev2.dk\/wp-content\/uploads\/Photo-coming.png\" \/>\n\t<meta property=\"og:image:width\" content=\"1200\" \/>\n\t<meta property=\"og:image:height\" content=\"1200\" \/>\n\t<meta property=\"og:image:type\" content=\"image\/png\" \/>\n<meta name=\"twitter:card\" content=\"summary_large_image\" \/>\n<meta name=\"twitter:label1\" content=\"Est. reading time\" \/>\n\t<meta name=\"twitter:data1\" content=\"2 minutes\" \/>\n<script type=\"application\/ld+json\" class=\"yoast-schema-graph\">{\"@context\":\"https:\/\/schema.org\",\"@graph\":[{\"@type\":\"WebPage\",\"@id\":\"https:\/\/museliving.auxodev2.dk\/fr\/product\/porte-pin-et-corde-danoise\/\",\"url\":\"https:\/\/museliving.auxodev2.dk\/fr\/product\/porte-pin-et-corde-danoise\/\",\"name\":\"Porte - Pin et corde danoise - museliving.eu\",\"isPartOf\":{\"@id\":\"https:\/\/museliving.auxodev2.dk\/fr\/#website\"},\"primaryImageOfPage\":{\"@id\":\"https:\/\/museliving.auxodev2.dk\/fr\/product\/porte-pin-et-corde-danoise\/#primaryimage\"},\"image\":{\"@id\":\"https:\/\/museliving.auxodev2.dk\/fr\/product\/porte-pin-et-corde-danoise\/#primaryimage\"},\"thumbnailUrl\":\"https:\/\/museliving.auxodev2.dk\/wp-content\/uploads\/Photo-coming.png\",\"datePublished\":\"2025-08-24T11:52:19+00:00\",\"dateModified\":\"2025-08-30T15:40:49+00:00\",\"breadcrumb\":{\"@id\":\"https:\/\/museliving.auxodev2.dk\/fr\/product\/porte-pin-et-corde-danoise\/#breadcrumb\"},\"inLanguage\":\"fr-FR\",\"potentialAction\":[{\"@type\":\"ReadAction\",\"target\":[\"https:\/\/museliving.auxodev2.dk\/fr\/product\/porte-pin-et-corde-danoise\/\"]}]},{\"@type\":\"ImageObject\",\"inLanguage\":\"fr-FR\",\"@id\":\"https:\/\/museliving.auxodev2.dk\/fr\/product\/porte-pin-et-corde-danoise\/#primaryimage\",\"url\":\"https:\/\/museliving.auxodev2.dk\/wp-content\/uploads\/Photo-coming.png\",\"contentUrl\":\"https:\/\/museliving.auxodev2.dk\/wp-content\/uploads\/Photo-coming.png\",\"width\":1200,\"height\":1200},{\"@type\":\"BreadcrumbList\",\"@id\":\"https:\/\/museliving.auxodev2.dk\/fr\/product\/porte-pin-et-corde-danoise\/#breadcrumb\",\"itemListElement\":[{\"@type\":\"ListItem\",\"position\":1,\"name\":\"Home\",\"item\":\"https:\/\/museliving.auxodev2.dk\/fr\/accueil\/\"},{\"@type\":\"ListItem\",\"position\":2,\"name\":\"Tous les produits\",\"item\":\"https:\/\/museliving.auxodev2.dk\/fr\/shop\/\"},{\"@type\":\"ListItem\",\"position\":3,\"name\":\"Casiers \u00e0 vin\",\"item\":\"https:\/\/museliving.auxodev2.dk\/fr\/category\/casiers-a-vin\/\"},{\"@type\":\"ListItem\",\"position\":4,\"name\":\"Accessoires\",\"item\":\"https:\/\/museliving.auxodev2.dk\/fr\/category\/casiers-a-vin\/accessoires-casiers-a-vin\/\"},{\"@type\":\"ListItem\",\"position\":5,\"name\":\"Porte &#8211; Pin et corde danoise\"}]},{\"@type\":\"WebSite\",\"@id\":\"https:\/\/museliving.auxodev2.dk\/fr\/#website\",\"url\":\"https:\/\/museliving.auxodev2.dk\/fr\/\",\"name\":\"museliving.eu\",\"description\":\"\",\"publisher\":{\"@id\":\"https:\/\/museliving.auxodev2.dk\/fr\/#organization\"},\"potentialAction\":[{\"@type\":\"SearchAction\",\"target\":{\"@type\":\"EntryPoint\",\"urlTemplate\":\"https:\/\/museliving.auxodev2.dk\/fr\/?s={search_term_string}\"},\"query-input\":{\"@type\":\"PropertyValueSpecification\",\"valueRequired\":true,\"valueName\":\"search_term_string\"}}],\"inLanguage\":\"fr-FR\"},{\"@type\":\"Organization\",\"@id\":\"https:\/\/museliving.auxodev2.dk\/fr\/#organization\",\"name\":\"Museliving\",\"url\":\"https:\/\/museliving.auxodev2.dk\/fr\/\",\"logo\":{\"@type\":\"ImageObject\",\"inLanguage\":\"fr-FR\",\"@id\":\"https:\/\/museliving.auxodev2.dk\/fr\/#\/schema\/logo\/image\/\",\"url\":\"https:\/\/museliving.auxodev2.dk\/wp-content\/uploads\/websted-logo.png\",\"contentUrl\":\"https:\/\/museliving.auxodev2.dk\/wp-content\/uploads\/websted-logo.png\",\"width\":350,\"height\":100,\"caption\":\"Museliving\"},\"image\":{\"@id\":\"https:\/\/museliving.auxodev2.dk\/fr\/#\/schema\/logo\/image\/\"}}]}<\/script>\n<!-- \/ Yoast SEO plugin. -->","yoast_head_json":{"title":"Porte - Pin et corde danoise - museliving.eu","robots":{"index":"noindex","follow":"follow","max-snippet":"max-snippet:-1","max-image-preview":"max-image-preview:large","max-video-preview":"max-video-preview:-1"},"og_locale":"fr_FR","og_type":"article","og_title":"Porte - Pin et corde danoise - museliving.eu","og_description":"Pr\u00e9sentation des portes de casier \u00e0 vin. Selon le mod\u00e8le, les portes sont tiss\u00e9es soit en rotin, soit en cordage danois, ce qui leur conf\u00e8re un aspect original et \u00e9l\u00e9gant. Le cadre de la porte est en bois de pin ou de ch\u00eane durable. Ce design robuste garantit une apparence classique et durable. Ces portes [&hellip;]","og_url":"https:\/\/museliving.auxodev2.dk\/fr\/product\/porte-pin-et-corde-danoise\/","og_site_name":"museliving.eu","article_modified_time":"2025-08-30T15:40:49+00:00","og_image":[{"width":1200,"height":1200,"url":"https:\/\/museliving.auxodev2.dk\/wp-content\/uploads\/Photo-coming.png","type":"image\/png"}],"twitter_card":"summary_large_image","twitter_misc":{"Est. reading time":"2 minutes"},"schema":{"@context":"https:\/\/schema.org","@graph":[{"@type":"WebPage","@id":"https:\/\/museliving.auxodev2.dk\/fr\/product\/porte-pin-et-corde-danoise\/","url":"https:\/\/museliving.auxodev2.dk\/fr\/product\/porte-pin-et-corde-danoise\/","name":"Porte - Pin et corde danoise - museliving.eu","isPartOf":{"@id":"https:\/\/museliving.auxodev2.dk\/fr\/#website"},"primaryImageOfPage":{"@id":"https:\/\/museliving.auxodev2.dk\/fr\/product\/porte-pin-et-corde-danoise\/#primaryimage"},"image":{"@id":"https:\/\/museliving.auxodev2.dk\/fr\/product\/porte-pin-et-corde-danoise\/#primaryimage"},"thumbnailUrl":"https:\/\/museliving.auxodev2.dk\/wp-content\/uploads\/Photo-coming.png","datePublished":"2025-08-24T11:52:19+00:00","dateModified":"2025-08-30T15:40:49+00:00","breadcrumb":{"@id":"https:\/\/museliving.auxodev2.dk\/fr\/product\/porte-pin-et-corde-danoise\/#breadcrumb"},"inLanguage":"fr-FR","potentialAction":[{"@type":"ReadAction","target":["https:\/\/museliving.auxodev2.dk\/fr\/product\/porte-pin-et-corde-danoise\/"]}]},{"@type":"ImageObject","inLanguage":"fr-FR","@id":"https:\/\/museliving.auxodev2.dk\/fr\/product\/porte-pin-et-corde-danoise\/#primaryimage","url":"https:\/\/museliving.auxodev2.dk\/wp-content\/uploads\/Photo-coming.png","contentUrl":"https:\/\/museliving.auxodev2.dk\/wp-content\/uploads\/Photo-coming.png","width":1200,"height":1200},{"@type":"BreadcrumbList","@id":"https:\/\/museliving.auxodev2.dk\/fr\/product\/porte-pin-et-corde-danoise\/#breadcrumb","itemListElement":[{"@type":"ListItem","position":1,"name":"Home","item":"https:\/\/museliving.auxodev2.dk\/fr\/accueil\/"},{"@type":"ListItem","position":2,"name":"Tous les produits","item":"https:\/\/museliving.auxodev2.dk\/fr\/shop\/"},{"@type":"ListItem","position":3,"name":"Casiers \u00e0 vin","item":"https:\/\/museliving.auxodev2.dk\/fr\/category\/casiers-a-vin\/"},{"@type":"ListItem","position":4,"name":"Accessoires","item":"https:\/\/museliving.auxodev2.dk\/fr\/category\/casiers-a-vin\/accessoires-casiers-a-vin\/"},{"@type":"ListItem","position":5,"name":"Porte &#8211; Pin et corde danoise"}]},{"@type":"WebSite","@id":"https:\/\/museliving.auxodev2.dk\/fr\/#website","url":"https:\/\/museliving.auxodev2.dk\/fr\/","name":"museliving.eu","description":"","publisher":{"@id":"https:\/\/museliving.auxodev2.dk\/fr\/#organization"},"potentialAction":[{"@type":"SearchAction","target":{"@type":"EntryPoint","urlTemplate":"https:\/\/museliving.auxodev2.dk\/fr\/?s={search_term_string}"},"query-input":{"@type":"PropertyValueSpecification","valueRequired":true,"valueName":"search_term_string"}}],"inLanguage":"fr-FR"},{"@type":"Organization","@id":"https:\/\/museliving.auxodev2.dk\/fr\/#organization","name":"Museliving","url":"https:\/\/museliving.auxodev2.dk\/fr\/","logo":{"@type":"ImageObject","inLanguage":"fr-FR","@id":"https:\/\/museliving.auxodev2.dk\/fr\/#\/schema\/logo\/image\/","url":"https:\/\/museliving.auxodev2.dk\/wp-content\/uploads\/websted-logo.png","contentUrl":"https:\/\/museliving.auxodev2.dk\/wp-content\/uploads\/websted-logo.png","width":350,"height":100,"caption":"Museliving"},"image":{"@id":"https:\/\/museliving.auxodev2.dk\/fr\/#\/schema\/logo\/image\/"}}]}},"_links":{"self":[{"href":"https:\/\/museliving.auxodev2.dk\/fr\/wp-json\/wp\/v2\/product\/24796","targetHints":{"allow":["GET"]}}],"collection":[{"href":"https:\/\/museliving.auxodev2.dk\/fr\/wp-json\/wp\/v2\/product"}],"about":[{"href":"https:\/\/museliving.auxodev2.dk\/fr\/wp-json\/wp\/v2\/types\/product"}],"version-history":[{"count":4,"href":"https:\/\/museliving.auxodev2.dk\/fr\/wp-json\/wp\/v2\/product\/24796\/revisions"}],"predecessor-version":[{"id":25087,"href":"https:\/\/museliving.auxodev2.dk\/fr\/wp-json\/wp\/v2\/product\/24796\/revisions\/25087"}],"wp:featuredmedia":[{"embeddable":true,"href":"https:\/\/museliving.auxodev2.dk\/fr\/wp-json\/wp\/v2\/media\/22762"}],"wp:attachment":[{"href":"https:\/\/museliving.auxodev2.dk\/fr\/wp-json\/wp\/v2\/media?parent=24796"}],"wp:term":[{"taxonomy":"product_brand","embeddable":true,"href":"https:\/\/museliving.auxodev2.dk\/fr\/wp-json\/wp\/v2\/product_brand?post=24796"},{"taxonomy":"product_cat","embeddable":true,"href":"https:\/\/museliving.auxodev2.dk\/fr\/wp-json\/wp\/v2\/product_cat?post=24796"},{"taxonomy":"product_tag","embeddable":true,"href":"https:\/\/museliving.auxodev2.dk\/fr\/wp-json\/wp\/v2\/product_tag?post=24796"}],"curies":[{"name":"wp","href":"https:\/\/api.w.org\/{rel}","templated":true}]}}