{"id":24680,"date":"2025-08-24T12:38:04","date_gmt":"2025-08-24T10:38:04","guid":{"rendered":"https:\/\/museliving.auxodev2.dk\/?post_type=product&#038;p=24680"},"modified":"2025-08-30T16:59:31","modified_gmt":"2025-08-30T14:59:31","slug":"base-du-casier-a-vin-60cm-pin","status":"publish","type":"product","link":"https:\/\/museliving.auxodev2.dk\/fr\/product\/base-du-casier-a-vin-60cm-pin\/","title":{"rendered":"Base du casier \u00e0 vin 60cm &#8211; Pin"},"content":{"rendered":"<p>La base du casier \u00e0 vin est un \u00e9l\u00e9ment important qui prot\u00e8ge votre casier et son contenu. Nous recommandons de sur\u00e9lever le casier de quelques centim\u00e8tres par rapport au sol pour \u00e9viter l&#8217;exposition \u00e0 l&#8217;humidit\u00e9 et pr\u00e9venir tout dommage potentiel. Cette base donne \u00e9galement \u00e0 la structure une apparence finie et assure la stabilit\u00e9 sur toute surface.<\/p>\n<h4>Avantages:<\/h4>\n<ul>\n<li>Prot\u00e8ge les casiers \u00e0 vin et leur contenu de l&#8217;humidit\u00e9<\/li>\n<li>Fournit une stabilit\u00e9 sur toute surface<\/li>\n<li>Convient pour une utilisation dans des collections priv\u00e9es, des caves \u00e0 vin et des restaurants<\/li>\n<li>Compatible avec les casiers \u00e0 vin Winenest et Vinovault<\/li>\n<li>Am\u00e9liore l&#8217;attrait esth\u00e9tique du casier<\/li>\n<li>Avec notre base, votre casier \u00e0 vin restera s\u00e9curis\u00e9 et stable, gardant vos bouteilles dans des conditions optimales.<\/li>\n<\/ul>\n<h4><strong>Contactez-nous<\/strong><\/h4>\n<p>Pour toute question sur nos produits, des conseils en design ou une commande sp\u00e9ciale, n\u2019h\u00e9sitez pas \u00e0 nous contacter. Notre \u00e9quipe amicale et comp\u00e9tente est l\u00e0 pour s&#8217;assurer que vous viviez la meilleure exp\u00e9rience avec Museliving. <a href=\"https:\/\/museliving.eu\/fr\/contact-us\/\">Contactez-nous<\/a> ici ou envoyez-nous un e-mail \u00e0 <em><strong><a href=\"mailto:sales@museliving.eu\" rel=\"noopener\">sales@museliving.eu<\/a><\/strong><\/em> pour commencer.<\/p>\n","protected":false},"excerpt":{"rendered":"<ul>\n<li style=\"text-align: left;\">Taille (HxLxP cm): 8x60x28 cm<\/li>\n<li style=\"text-align: left;\">Placement: sol<\/li>\n<li style=\"text-align: left;\">Objectif: sur\u00e9lever les casiers \u00e0 vin pour une protection et une stabilit\u00e9 accrues<\/li>\n<li style=\"text-align: left;\">Compatibilit\u00e9: compatible avec les lignes de casiers \u00e0 vin Winenest et Vinovault<\/li>\n<li style=\"text-align: left;\">Con\u00e7u pour prot\u00e9ger le casier \u00e0 vin de l&#8217;humidit\u00e9 et d&#8217;autres dommages possibles.<\/li>\n<\/ul>\n","protected":false},"featured_media":24681,"template":"","meta":{"_acf_changed":false},"product_brand":[],"product_cat":[585,582],"product_tag":[],"class_list":{"0":"post-24680","1":"product","2":"type-product","3":"status-publish","4":"has-post-thumbnail","6":"product_cat-accessoires-casiers-a-vin","7":"product_cat-casiers-a-vin","9":"first","10":"instock","11":"taxable","12":"shipping-taxable","13":"purchasable","14":"product-type-simple"},"acf":[],"yoast_head":"<!-- This site is optimized with the Yoast SEO plugin v26.9 - https:\/\/yoast.com\/product\/yoast-seo-wordpress\/ -->\n<title>Base du casier \u00e0 vin 60cm - Pin - museliving.eu<\/title>\n<meta name=\"robots\" content=\"noindex, follow, max-snippet:-1, max-image-preview:large, max-video-preview:-1\" \/>\n<meta property=\"og:locale\" content=\"fr_FR\" \/>\n<meta property=\"og:type\" content=\"article\" \/>\n<meta property=\"og:title\" content=\"Base du casier \u00e0 vin 60cm - Pin - museliving.eu\" \/>\n<meta property=\"og:description\" content=\"Taille (HxLxP cm): 8x60x28 cm  Placement: sol  Objectif: sur\u00e9lever les casiers \u00e0 vin pour une protection et une stabilit\u00e9 accrues  Compatibilit\u00e9: compatible avec les lignes de casiers \u00e0 vin Winenest et Vinovault  Con\u00e7u pour prot\u00e9ger le casier \u00e0 vin de l&#039;humidit\u00e9 et d&#039;autres dommages possibles.\" \/>\n<meta property=\"og:url\" content=\"https:\/\/museliving.auxodev2.dk\/fr\/product\/base-du-casier-a-vin-60cm-pin\/\" \/>\n<meta property=\"og:site_name\" content=\"museliving.eu\" \/>\n<meta property=\"article:modified_time\" content=\"2025-08-30T14:59:31+00:00\" \/>\n<meta property=\"og:image\" content=\"https:\/\/museliving.auxodev2.dk\/wp-content\/uploads\/Base-60cm-\u2013-front-1.jpg\" \/>\n\t<meta property=\"og:image:width\" content=\"1200\" \/>\n\t<meta property=\"og:image:height\" content=\"800\" \/>\n\t<meta property=\"og:image:type\" content=\"image\/jpeg\" \/>\n<meta name=\"twitter:card\" content=\"summary_large_image\" \/>\n<meta name=\"twitter:label1\" content=\"Est. reading time\" \/>\n\t<meta name=\"twitter:data1\" content=\"1 minute\" \/>\n<script type=\"application\/ld+json\" class=\"yoast-schema-graph\">{\"@context\":\"https:\/\/schema.org\",\"@graph\":[{\"@type\":\"WebPage\",\"@id\":\"https:\/\/museliving.auxodev2.dk\/fr\/product\/base-du-casier-a-vin-60cm-pin\/\",\"url\":\"https:\/\/museliving.auxodev2.dk\/fr\/product\/base-du-casier-a-vin-60cm-pin\/\",\"name\":\"Base du casier \u00e0 vin 60cm - Pin - museliving.eu\",\"isPartOf\":{\"@id\":\"https:\/\/museliving.auxodev2.dk\/fr\/#website\"},\"primaryImageOfPage\":{\"@id\":\"https:\/\/museliving.auxodev2.dk\/fr\/product\/base-du-casier-a-vin-60cm-pin\/#primaryimage\"},\"image\":{\"@id\":\"https:\/\/museliving.auxodev2.dk\/fr\/product\/base-du-casier-a-vin-60cm-pin\/#primaryimage\"},\"thumbnailUrl\":\"https:\/\/museliving.auxodev2.dk\/wp-content\/uploads\/Base-60cm-\u2013-front-1.jpg\",\"datePublished\":\"2025-08-24T10:38:04+00:00\",\"dateModified\":\"2025-08-30T14:59:31+00:00\",\"breadcrumb\":{\"@id\":\"https:\/\/museliving.auxodev2.dk\/fr\/product\/base-du-casier-a-vin-60cm-pin\/#breadcrumb\"},\"inLanguage\":\"fr-FR\",\"potentialAction\":[{\"@type\":\"ReadAction\",\"target\":[\"https:\/\/museliving.auxodev2.dk\/fr\/product\/base-du-casier-a-vin-60cm-pin\/\"]}]},{\"@type\":\"ImageObject\",\"inLanguage\":\"fr-FR\",\"@id\":\"https:\/\/museliving.auxodev2.dk\/fr\/product\/base-du-casier-a-vin-60cm-pin\/#primaryimage\",\"url\":\"https:\/\/museliving.auxodev2.dk\/wp-content\/uploads\/Base-60cm-\u2013-front-1.jpg\",\"contentUrl\":\"https:\/\/museliving.auxodev2.dk\/wp-content\/uploads\/Base-60cm-\u2013-front-1.jpg\",\"width\":1200,\"height\":800},{\"@type\":\"BreadcrumbList\",\"@id\":\"https:\/\/museliving.auxodev2.dk\/fr\/product\/base-du-casier-a-vin-60cm-pin\/#breadcrumb\",\"itemListElement\":[{\"@type\":\"ListItem\",\"position\":1,\"name\":\"Home\",\"item\":\"https:\/\/museliving.auxodev2.dk\/fr\/accueil\/\"},{\"@type\":\"ListItem\",\"position\":2,\"name\":\"Tous les produits\",\"item\":\"https:\/\/museliving.auxodev2.dk\/fr\/shop\/\"},{\"@type\":\"ListItem\",\"position\":3,\"name\":\"Casiers \u00e0 vin\",\"item\":\"https:\/\/museliving.auxodev2.dk\/fr\/category\/casiers-a-vin\/\"},{\"@type\":\"ListItem\",\"position\":4,\"name\":\"Accessoires\",\"item\":\"https:\/\/museliving.auxodev2.dk\/fr\/category\/casiers-a-vin\/accessoires-casiers-a-vin\/\"},{\"@type\":\"ListItem\",\"position\":5,\"name\":\"Base du casier \u00e0 vin 60cm &#8211; Pin\"}]},{\"@type\":\"WebSite\",\"@id\":\"https:\/\/museliving.auxodev2.dk\/fr\/#website\",\"url\":\"https:\/\/museliving.auxodev2.dk\/fr\/\",\"name\":\"museliving.eu\",\"description\":\"\",\"publisher\":{\"@id\":\"https:\/\/museliving.auxodev2.dk\/fr\/#organization\"},\"potentialAction\":[{\"@type\":\"SearchAction\",\"target\":{\"@type\":\"EntryPoint\",\"urlTemplate\":\"https:\/\/museliving.auxodev2.dk\/fr\/?s={search_term_string}\"},\"query-input\":{\"@type\":\"PropertyValueSpecification\",\"valueRequired\":true,\"valueName\":\"search_term_string\"}}],\"inLanguage\":\"fr-FR\"},{\"@type\":\"Organization\",\"@id\":\"https:\/\/museliving.auxodev2.dk\/fr\/#organization\",\"name\":\"Museliving\",\"url\":\"https:\/\/museliving.auxodev2.dk\/fr\/\",\"logo\":{\"@type\":\"ImageObject\",\"inLanguage\":\"fr-FR\",\"@id\":\"https:\/\/museliving.auxodev2.dk\/fr\/#\/schema\/logo\/image\/\",\"url\":\"https:\/\/museliving.auxodev2.dk\/wp-content\/uploads\/websted-logo.png\",\"contentUrl\":\"https:\/\/museliving.auxodev2.dk\/wp-content\/uploads\/websted-logo.png\",\"width\":350,\"height\":100,\"caption\":\"Museliving\"},\"image\":{\"@id\":\"https:\/\/museliving.auxodev2.dk\/fr\/#\/schema\/logo\/image\/\"}}]}<\/script>\n<!-- \/ Yoast SEO plugin. -->","yoast_head_json":{"title":"Base du casier \u00e0 vin 60cm - Pin - museliving.eu","robots":{"index":"noindex","follow":"follow","max-snippet":"max-snippet:-1","max-image-preview":"max-image-preview:large","max-video-preview":"max-video-preview:-1"},"og_locale":"fr_FR","og_type":"article","og_title":"Base du casier \u00e0 vin 60cm - Pin - museliving.eu","og_description":"Taille (HxLxP cm): 8x60x28 cm  Placement: sol  Objectif: sur\u00e9lever les casiers \u00e0 vin pour une protection et une stabilit\u00e9 accrues  Compatibilit\u00e9: compatible avec les lignes de casiers \u00e0 vin Winenest et Vinovault  Con\u00e7u pour prot\u00e9ger le casier \u00e0 vin de l'humidit\u00e9 et d'autres dommages possibles.","og_url":"https:\/\/museliving.auxodev2.dk\/fr\/product\/base-du-casier-a-vin-60cm-pin\/","og_site_name":"museliving.eu","article_modified_time":"2025-08-30T14:59:31+00:00","og_image":[{"width":1200,"height":800,"url":"https:\/\/museliving.auxodev2.dk\/wp-content\/uploads\/Base-60cm-\u2013-front-1.jpg","type":"image\/jpeg"}],"twitter_card":"summary_large_image","twitter_misc":{"Est. reading time":"1 minute"},"schema":{"@context":"https:\/\/schema.org","@graph":[{"@type":"WebPage","@id":"https:\/\/museliving.auxodev2.dk\/fr\/product\/base-du-casier-a-vin-60cm-pin\/","url":"https:\/\/museliving.auxodev2.dk\/fr\/product\/base-du-casier-a-vin-60cm-pin\/","name":"Base du casier \u00e0 vin 60cm - Pin - museliving.eu","isPartOf":{"@id":"https:\/\/museliving.auxodev2.dk\/fr\/#website"},"primaryImageOfPage":{"@id":"https:\/\/museliving.auxodev2.dk\/fr\/product\/base-du-casier-a-vin-60cm-pin\/#primaryimage"},"image":{"@id":"https:\/\/museliving.auxodev2.dk\/fr\/product\/base-du-casier-a-vin-60cm-pin\/#primaryimage"},"thumbnailUrl":"https:\/\/museliving.auxodev2.dk\/wp-content\/uploads\/Base-60cm-\u2013-front-1.jpg","datePublished":"2025-08-24T10:38:04+00:00","dateModified":"2025-08-30T14:59:31+00:00","breadcrumb":{"@id":"https:\/\/museliving.auxodev2.dk\/fr\/product\/base-du-casier-a-vin-60cm-pin\/#breadcrumb"},"inLanguage":"fr-FR","potentialAction":[{"@type":"ReadAction","target":["https:\/\/museliving.auxodev2.dk\/fr\/product\/base-du-casier-a-vin-60cm-pin\/"]}]},{"@type":"ImageObject","inLanguage":"fr-FR","@id":"https:\/\/museliving.auxodev2.dk\/fr\/product\/base-du-casier-a-vin-60cm-pin\/#primaryimage","url":"https:\/\/museliving.auxodev2.dk\/wp-content\/uploads\/Base-60cm-\u2013-front-1.jpg","contentUrl":"https:\/\/museliving.auxodev2.dk\/wp-content\/uploads\/Base-60cm-\u2013-front-1.jpg","width":1200,"height":800},{"@type":"BreadcrumbList","@id":"https:\/\/museliving.auxodev2.dk\/fr\/product\/base-du-casier-a-vin-60cm-pin\/#breadcrumb","itemListElement":[{"@type":"ListItem","position":1,"name":"Home","item":"https:\/\/museliving.auxodev2.dk\/fr\/accueil\/"},{"@type":"ListItem","position":2,"name":"Tous les produits","item":"https:\/\/museliving.auxodev2.dk\/fr\/shop\/"},{"@type":"ListItem","position":3,"name":"Casiers \u00e0 vin","item":"https:\/\/museliving.auxodev2.dk\/fr\/category\/casiers-a-vin\/"},{"@type":"ListItem","position":4,"name":"Accessoires","item":"https:\/\/museliving.auxodev2.dk\/fr\/category\/casiers-a-vin\/accessoires-casiers-a-vin\/"},{"@type":"ListItem","position":5,"name":"Base du casier \u00e0 vin 60cm &#8211; Pin"}]},{"@type":"WebSite","@id":"https:\/\/museliving.auxodev2.dk\/fr\/#website","url":"https:\/\/museliving.auxodev2.dk\/fr\/","name":"museliving.eu","description":"","publisher":{"@id":"https:\/\/museliving.auxodev2.dk\/fr\/#organization"},"potentialAction":[{"@type":"SearchAction","target":{"@type":"EntryPoint","urlTemplate":"https:\/\/museliving.auxodev2.dk\/fr\/?s={search_term_string}"},"query-input":{"@type":"PropertyValueSpecification","valueRequired":true,"valueName":"search_term_string"}}],"inLanguage":"fr-FR"},{"@type":"Organization","@id":"https:\/\/museliving.auxodev2.dk\/fr\/#organization","name":"Museliving","url":"https:\/\/museliving.auxodev2.dk\/fr\/","logo":{"@type":"ImageObject","inLanguage":"fr-FR","@id":"https:\/\/museliving.auxodev2.dk\/fr\/#\/schema\/logo\/image\/","url":"https:\/\/museliving.auxodev2.dk\/wp-content\/uploads\/websted-logo.png","contentUrl":"https:\/\/museliving.auxodev2.dk\/wp-content\/uploads\/websted-logo.png","width":350,"height":100,"caption":"Museliving"},"image":{"@id":"https:\/\/museliving.auxodev2.dk\/fr\/#\/schema\/logo\/image\/"}}]}},"_links":{"self":[{"href":"https:\/\/museliving.auxodev2.dk\/fr\/wp-json\/wp\/v2\/product\/24680","targetHints":{"allow":["GET"]}}],"collection":[{"href":"https:\/\/museliving.auxodev2.dk\/fr\/wp-json\/wp\/v2\/product"}],"about":[{"href":"https:\/\/museliving.auxodev2.dk\/fr\/wp-json\/wp\/v2\/types\/product"}],"version-history":[{"count":2,"href":"https:\/\/museliving.auxodev2.dk\/fr\/wp-json\/wp\/v2\/product\/24680\/revisions"}],"predecessor-version":[{"id":24993,"href":"https:\/\/museliving.auxodev2.dk\/fr\/wp-json\/wp\/v2\/product\/24680\/revisions\/24993"}],"wp:featuredmedia":[{"embeddable":true,"href":"https:\/\/museliving.auxodev2.dk\/fr\/wp-json\/wp\/v2\/media\/24681"}],"wp:attachment":[{"href":"https:\/\/museliving.auxodev2.dk\/fr\/wp-json\/wp\/v2\/media?parent=24680"}],"wp:term":[{"taxonomy":"product_brand","embeddable":true,"href":"https:\/\/museliving.auxodev2.dk\/fr\/wp-json\/wp\/v2\/product_brand?post=24680"},{"taxonomy":"product_cat","embeddable":true,"href":"https:\/\/museliving.auxodev2.dk\/fr\/wp-json\/wp\/v2\/product_cat?post=24680"},{"taxonomy":"product_tag","embeddable":true,"href":"https:\/\/museliving.auxodev2.dk\/fr\/wp-json\/wp\/v2\/product_tag?post=24680"}],"curies":[{"name":"wp","href":"https:\/\/api.w.org\/{rel}","templated":true}]}}