{"id":24519,"date":"2025-08-24T11:21:30","date_gmt":"2025-08-24T09:21:30","guid":{"rendered":"https:\/\/museliving.auxodev2.dk\/?post_type=product&#038;p=24519"},"modified":"2025-08-30T16:56:21","modified_gmt":"2025-08-30T14:56:21","slug":"bloc-de-couteaux-chene-pour-9-pieces","status":"publish","type":"product","link":"https:\/\/museliving.auxodev2.dk\/fr\/product\/bloc-de-couteaux-chene-pour-9-pieces\/","title":{"rendered":"Bloc de couteaux &#8211; Ch\u00eane (pour 9 pi\u00e8ces)"},"content":{"rendered":"<p>Nos blocs \u00e0 couteaux sont la solution id\u00e9ale pour un rangement s\u00e9curis\u00e9 et \u00e9l\u00e9gant de jusqu&#8217;\u00e0 9 couteaux. Fabriqu\u00e9s en ch\u00eane de haute qualit\u00e9, ils sont reconnus pour leur durabilit\u00e9 et leur stabilit\u00e9. Compacts mais spacieux, les blocs \u00e9conomisent de l&#8217;espace sur le plan de travail de la cuisine et permettent d&#8217;organiser facilement des couteaux de diff\u00e9rentes tailles.<\/p>\n<h4><strong>Avantages:<\/strong><\/h4>\n<ul>\n<li>Capacit\u00e9 de jusqu&#8217;\u00e0 9 couteaux de diff\u00e9rentes tailles<\/li>\n<li>Construction fiable et stable qui emp\u00eache le renversement<\/li>\n<li>Disposition pratique des couteaux pour un acc\u00e8s rapide<\/li>\n<li>Facilit\u00e9 d&#8217;entretien: il suffit d&#8217;essuyer avec un chiffon sec ou l\u00e9g\u00e8rement humide<\/li>\n<li>Dimensions: Hauteur 20 cm \u00e0 l&#8217;avant \/ 28 cm \u00e0 l&#8217;arri\u00e8re, Largeur 9 cm, Profondeur 19 cm<\/li>\n<\/ul>\n<p>Ces blocs s&#8217;int\u00e9greront harmonieusement dans tout int\u00e9rieur de cuisine, lui apportant une apparence soign\u00e9e et moderne.<\/p>\n<h4><strong>Contactez-nous<\/strong><\/h4>\n<p>Pour toute question sur nos produits, des conseils en design ou une commande sp\u00e9ciale, n\u2019h\u00e9sitez pas \u00e0 nous contacter. Notre \u00e9quipe amicale et comp\u00e9tente est l\u00e0 pour s&#8217;assurer que vous viviez la meilleure exp\u00e9rience avec Museliving. <a href=\"https:\/\/museliving.eu\/fr\/contact-us\/\">Contactez-nous<\/a> ici ou envoyez-nous un e-mail \u00e0 <em><strong><a href=\"mailto:sales@museliving.eu\" rel=\"noopener\">sales@museliving.eu<\/a><\/strong><\/em> pour commencer.<\/p>\n","protected":false},"excerpt":{"rendered":"<ul>\n<li>Dimensions (HxLxP cm): 20\/28x9x19 cm<\/li>\n<li>Mat\u00e9riau: ch\u00eane massif<\/li>\n<li>Poids: 3 kg<\/li>\n<li>Capacit\u00e9: peut contenir jusqu&#8217;\u00e0 9 couteaux<\/li>\n<li>Entretien: essuyer avec un chiffon sec ou humide<\/li>\n<\/ul>\n","protected":false},"featured_media":24520,"template":"","meta":{"_acf_changed":false},"product_brand":[],"product_cat":[543,546],"product_tag":[],"class_list":{"0":"post-24519","1":"product","2":"type-product","3":"status-publish","4":"has-post-thumbnail","6":"product_cat-accessoires","7":"product_cat-cuisine","9":"first","10":"instock","11":"taxable","12":"shipping-taxable","13":"purchasable","14":"product-type-simple"},"acf":[],"yoast_head":"<!-- This site is optimized with the Yoast SEO plugin v26.9 - https:\/\/yoast.com\/product\/yoast-seo-wordpress\/ -->\n<title>Bloc de couteaux - Ch\u00eane (pour 9 pi\u00e8ces) - museliving.eu<\/title>\n<meta name=\"robots\" content=\"noindex, follow, max-snippet:-1, max-image-preview:large, max-video-preview:-1\" \/>\n<meta property=\"og:locale\" content=\"fr_FR\" \/>\n<meta property=\"og:type\" content=\"article\" \/>\n<meta property=\"og:title\" content=\"Bloc de couteaux - Ch\u00eane (pour 9 pi\u00e8ces) - museliving.eu\" \/>\n<meta property=\"og:description\" content=\"Dimensions (HxLxP cm): 20\/28x9x19 cm  Mat\u00e9riau: ch\u00eane massif  Poids: 3 kg  Capacit\u00e9: peut contenir jusqu&#039;\u00e0 9 couteaux  Entretien: essuyer avec un chiffon sec ou humide\" \/>\n<meta property=\"og:url\" content=\"https:\/\/museliving.auxodev2.dk\/fr\/product\/bloc-de-couteaux-chene-pour-9-pieces\/\" \/>\n<meta property=\"og:site_name\" content=\"museliving.eu\" \/>\n<meta property=\"article:modified_time\" content=\"2025-08-30T14:56:21+00:00\" \/>\n<meta property=\"og:image\" content=\"https:\/\/museliving.auxodev2.dk\/wp-content\/uploads\/1-4.jpg\" \/>\n\t<meta property=\"og:image:width\" content=\"1200\" \/>\n\t<meta property=\"og:image:height\" content=\"800\" \/>\n\t<meta property=\"og:image:type\" content=\"image\/jpeg\" \/>\n<meta name=\"twitter:card\" content=\"summary_large_image\" \/>\n<meta name=\"twitter:label1\" content=\"Est. reading time\" \/>\n\t<meta name=\"twitter:data1\" content=\"1 minute\" \/>\n<script type=\"application\/ld+json\" class=\"yoast-schema-graph\">{\"@context\":\"https:\/\/schema.org\",\"@graph\":[{\"@type\":\"WebPage\",\"@id\":\"https:\/\/museliving.auxodev2.dk\/fr\/product\/bloc-de-couteaux-chene-pour-9-pieces\/\",\"url\":\"https:\/\/museliving.auxodev2.dk\/fr\/product\/bloc-de-couteaux-chene-pour-9-pieces\/\",\"name\":\"Bloc de couteaux - Ch\u00eane (pour 9 pi\u00e8ces) - museliving.eu\",\"isPartOf\":{\"@id\":\"https:\/\/museliving.auxodev2.dk\/fr\/#website\"},\"primaryImageOfPage\":{\"@id\":\"https:\/\/museliving.auxodev2.dk\/fr\/product\/bloc-de-couteaux-chene-pour-9-pieces\/#primaryimage\"},\"image\":{\"@id\":\"https:\/\/museliving.auxodev2.dk\/fr\/product\/bloc-de-couteaux-chene-pour-9-pieces\/#primaryimage\"},\"thumbnailUrl\":\"https:\/\/museliving.auxodev2.dk\/wp-content\/uploads\/1-4.jpg\",\"datePublished\":\"2025-08-24T09:21:30+00:00\",\"dateModified\":\"2025-08-30T14:56:21+00:00\",\"breadcrumb\":{\"@id\":\"https:\/\/museliving.auxodev2.dk\/fr\/product\/bloc-de-couteaux-chene-pour-9-pieces\/#breadcrumb\"},\"inLanguage\":\"fr-FR\",\"potentialAction\":[{\"@type\":\"ReadAction\",\"target\":[\"https:\/\/museliving.auxodev2.dk\/fr\/product\/bloc-de-couteaux-chene-pour-9-pieces\/\"]}]},{\"@type\":\"ImageObject\",\"inLanguage\":\"fr-FR\",\"@id\":\"https:\/\/museliving.auxodev2.dk\/fr\/product\/bloc-de-couteaux-chene-pour-9-pieces\/#primaryimage\",\"url\":\"https:\/\/museliving.auxodev2.dk\/wp-content\/uploads\/1-4.jpg\",\"contentUrl\":\"https:\/\/museliving.auxodev2.dk\/wp-content\/uploads\/1-4.jpg\",\"width\":1200,\"height\":800},{\"@type\":\"BreadcrumbList\",\"@id\":\"https:\/\/museliving.auxodev2.dk\/fr\/product\/bloc-de-couteaux-chene-pour-9-pieces\/#breadcrumb\",\"itemListElement\":[{\"@type\":\"ListItem\",\"position\":1,\"name\":\"Home\",\"item\":\"https:\/\/museliving.auxodev2.dk\/fr\/accueil\/\"},{\"@type\":\"ListItem\",\"position\":2,\"name\":\"Tous les produits\",\"item\":\"https:\/\/museliving.auxodev2.dk\/fr\/shop\/\"},{\"@type\":\"ListItem\",\"position\":3,\"name\":\"Accessoires\",\"item\":\"https:\/\/museliving.auxodev2.dk\/fr\/category\/accessoires\/\"},{\"@type\":\"ListItem\",\"position\":4,\"name\":\"Cuisine\",\"item\":\"https:\/\/museliving.auxodev2.dk\/fr\/category\/accessoires\/cuisine\/\"},{\"@type\":\"ListItem\",\"position\":5,\"name\":\"Bloc de couteaux &#8211; Ch\u00eane (pour 9 pi\u00e8ces)\"}]},{\"@type\":\"WebSite\",\"@id\":\"https:\/\/museliving.auxodev2.dk\/fr\/#website\",\"url\":\"https:\/\/museliving.auxodev2.dk\/fr\/\",\"name\":\"museliving.eu\",\"description\":\"\",\"publisher\":{\"@id\":\"https:\/\/museliving.auxodev2.dk\/fr\/#organization\"},\"potentialAction\":[{\"@type\":\"SearchAction\",\"target\":{\"@type\":\"EntryPoint\",\"urlTemplate\":\"https:\/\/museliving.auxodev2.dk\/fr\/?s={search_term_string}\"},\"query-input\":{\"@type\":\"PropertyValueSpecification\",\"valueRequired\":true,\"valueName\":\"search_term_string\"}}],\"inLanguage\":\"fr-FR\"},{\"@type\":\"Organization\",\"@id\":\"https:\/\/museliving.auxodev2.dk\/fr\/#organization\",\"name\":\"Museliving\",\"url\":\"https:\/\/museliving.auxodev2.dk\/fr\/\",\"logo\":{\"@type\":\"ImageObject\",\"inLanguage\":\"fr-FR\",\"@id\":\"https:\/\/museliving.auxodev2.dk\/fr\/#\/schema\/logo\/image\/\",\"url\":\"https:\/\/museliving.auxodev2.dk\/wp-content\/uploads\/websted-logo.png\",\"contentUrl\":\"https:\/\/museliving.auxodev2.dk\/wp-content\/uploads\/websted-logo.png\",\"width\":350,\"height\":100,\"caption\":\"Museliving\"},\"image\":{\"@id\":\"https:\/\/museliving.auxodev2.dk\/fr\/#\/schema\/logo\/image\/\"}}]}<\/script>\n<!-- \/ Yoast SEO plugin. -->","yoast_head_json":{"title":"Bloc de couteaux - Ch\u00eane (pour 9 pi\u00e8ces) - museliving.eu","robots":{"index":"noindex","follow":"follow","max-snippet":"max-snippet:-1","max-image-preview":"max-image-preview:large","max-video-preview":"max-video-preview:-1"},"og_locale":"fr_FR","og_type":"article","og_title":"Bloc de couteaux - Ch\u00eane (pour 9 pi\u00e8ces) - museliving.eu","og_description":"Dimensions (HxLxP cm): 20\/28x9x19 cm  Mat\u00e9riau: ch\u00eane massif  Poids: 3 kg  Capacit\u00e9: peut contenir jusqu'\u00e0 9 couteaux  Entretien: essuyer avec un chiffon sec ou humide","og_url":"https:\/\/museliving.auxodev2.dk\/fr\/product\/bloc-de-couteaux-chene-pour-9-pieces\/","og_site_name":"museliving.eu","article_modified_time":"2025-08-30T14:56:21+00:00","og_image":[{"width":1200,"height":800,"url":"https:\/\/museliving.auxodev2.dk\/wp-content\/uploads\/1-4.jpg","type":"image\/jpeg"}],"twitter_card":"summary_large_image","twitter_misc":{"Est. reading time":"1 minute"},"schema":{"@context":"https:\/\/schema.org","@graph":[{"@type":"WebPage","@id":"https:\/\/museliving.auxodev2.dk\/fr\/product\/bloc-de-couteaux-chene-pour-9-pieces\/","url":"https:\/\/museliving.auxodev2.dk\/fr\/product\/bloc-de-couteaux-chene-pour-9-pieces\/","name":"Bloc de couteaux - Ch\u00eane (pour 9 pi\u00e8ces) - museliving.eu","isPartOf":{"@id":"https:\/\/museliving.auxodev2.dk\/fr\/#website"},"primaryImageOfPage":{"@id":"https:\/\/museliving.auxodev2.dk\/fr\/product\/bloc-de-couteaux-chene-pour-9-pieces\/#primaryimage"},"image":{"@id":"https:\/\/museliving.auxodev2.dk\/fr\/product\/bloc-de-couteaux-chene-pour-9-pieces\/#primaryimage"},"thumbnailUrl":"https:\/\/museliving.auxodev2.dk\/wp-content\/uploads\/1-4.jpg","datePublished":"2025-08-24T09:21:30+00:00","dateModified":"2025-08-30T14:56:21+00:00","breadcrumb":{"@id":"https:\/\/museliving.auxodev2.dk\/fr\/product\/bloc-de-couteaux-chene-pour-9-pieces\/#breadcrumb"},"inLanguage":"fr-FR","potentialAction":[{"@type":"ReadAction","target":["https:\/\/museliving.auxodev2.dk\/fr\/product\/bloc-de-couteaux-chene-pour-9-pieces\/"]}]},{"@type":"ImageObject","inLanguage":"fr-FR","@id":"https:\/\/museliving.auxodev2.dk\/fr\/product\/bloc-de-couteaux-chene-pour-9-pieces\/#primaryimage","url":"https:\/\/museliving.auxodev2.dk\/wp-content\/uploads\/1-4.jpg","contentUrl":"https:\/\/museliving.auxodev2.dk\/wp-content\/uploads\/1-4.jpg","width":1200,"height":800},{"@type":"BreadcrumbList","@id":"https:\/\/museliving.auxodev2.dk\/fr\/product\/bloc-de-couteaux-chene-pour-9-pieces\/#breadcrumb","itemListElement":[{"@type":"ListItem","position":1,"name":"Home","item":"https:\/\/museliving.auxodev2.dk\/fr\/accueil\/"},{"@type":"ListItem","position":2,"name":"Tous les produits","item":"https:\/\/museliving.auxodev2.dk\/fr\/shop\/"},{"@type":"ListItem","position":3,"name":"Accessoires","item":"https:\/\/museliving.auxodev2.dk\/fr\/category\/accessoires\/"},{"@type":"ListItem","position":4,"name":"Cuisine","item":"https:\/\/museliving.auxodev2.dk\/fr\/category\/accessoires\/cuisine\/"},{"@type":"ListItem","position":5,"name":"Bloc de couteaux &#8211; Ch\u00eane (pour 9 pi\u00e8ces)"}]},{"@type":"WebSite","@id":"https:\/\/museliving.auxodev2.dk\/fr\/#website","url":"https:\/\/museliving.auxodev2.dk\/fr\/","name":"museliving.eu","description":"","publisher":{"@id":"https:\/\/museliving.auxodev2.dk\/fr\/#organization"},"potentialAction":[{"@type":"SearchAction","target":{"@type":"EntryPoint","urlTemplate":"https:\/\/museliving.auxodev2.dk\/fr\/?s={search_term_string}"},"query-input":{"@type":"PropertyValueSpecification","valueRequired":true,"valueName":"search_term_string"}}],"inLanguage":"fr-FR"},{"@type":"Organization","@id":"https:\/\/museliving.auxodev2.dk\/fr\/#organization","name":"Museliving","url":"https:\/\/museliving.auxodev2.dk\/fr\/","logo":{"@type":"ImageObject","inLanguage":"fr-FR","@id":"https:\/\/museliving.auxodev2.dk\/fr\/#\/schema\/logo\/image\/","url":"https:\/\/museliving.auxodev2.dk\/wp-content\/uploads\/websted-logo.png","contentUrl":"https:\/\/museliving.auxodev2.dk\/wp-content\/uploads\/websted-logo.png","width":350,"height":100,"caption":"Museliving"},"image":{"@id":"https:\/\/museliving.auxodev2.dk\/fr\/#\/schema\/logo\/image\/"}}]}},"_links":{"self":[{"href":"https:\/\/museliving.auxodev2.dk\/fr\/wp-json\/wp\/v2\/product\/24519","targetHints":{"allow":["GET"]}}],"collection":[{"href":"https:\/\/museliving.auxodev2.dk\/fr\/wp-json\/wp\/v2\/product"}],"about":[{"href":"https:\/\/museliving.auxodev2.dk\/fr\/wp-json\/wp\/v2\/types\/product"}],"version-history":[{"count":2,"href":"https:\/\/museliving.auxodev2.dk\/fr\/wp-json\/wp\/v2\/product\/24519\/revisions"}],"predecessor-version":[{"id":24981,"href":"https:\/\/museliving.auxodev2.dk\/fr\/wp-json\/wp\/v2\/product\/24519\/revisions\/24981"}],"wp:featuredmedia":[{"embeddable":true,"href":"https:\/\/museliving.auxodev2.dk\/fr\/wp-json\/wp\/v2\/media\/24520"}],"wp:attachment":[{"href":"https:\/\/museliving.auxodev2.dk\/fr\/wp-json\/wp\/v2\/media?parent=24519"}],"wp:term":[{"taxonomy":"product_brand","embeddable":true,"href":"https:\/\/museliving.auxodev2.dk\/fr\/wp-json\/wp\/v2\/product_brand?post=24519"},{"taxonomy":"product_cat","embeddable":true,"href":"https:\/\/museliving.auxodev2.dk\/fr\/wp-json\/wp\/v2\/product_cat?post=24519"},{"taxonomy":"product_tag","embeddable":true,"href":"https:\/\/museliving.auxodev2.dk\/fr\/wp-json\/wp\/v2\/product_tag?post=24519"}],"curies":[{"name":"wp","href":"https:\/\/api.w.org\/{rel}","templated":true}]}}