{"id":24432,"date":"2025-08-24T10:30:22","date_gmt":"2025-08-24T08:30:22","guid":{"rendered":"https:\/\/museliving.auxodev2.dk\/?post_type=product&#038;p=24432"},"modified":"2025-08-30T16:54:54","modified_gmt":"2025-08-30T14:54:54","slug":"bookshelf-chene-3-compartiments-horizontaux","status":"publish","type":"product","link":"https:\/\/museliving.auxodev2.dk\/fr\/product\/bookshelf-chene-3-compartiments-horizontaux\/","title":{"rendered":"Bookshelf &#8211; Ch\u00eane (3 compartiments horizontaux)"},"content":{"rendered":"<p>Biblioth\u00e8que au design \u00e9l\u00e9gant et simple. Sa forme g\u00e9om\u00e9trique permet de ranger ou d&#8217;exposer facilement des objets.<\/p>\n<p>N&#8217;h\u00e9sitez pas \u00e0 nous contacter pour vos besoins sp\u00e9cifiques: <a href=\"mailto:sales@museliving.eu\"><em><strong>sales@museliving.eu<\/strong><\/em><\/a><\/p>\n","protected":false},"excerpt":{"rendered":"<p>Biblioth\u00e8que au design \u00e9l\u00e9gant et simple. Sa forme g\u00e9om\u00e9trique permet de ranger ou d&#8217;exposer facilement des objets.<\/p>\n","protected":false},"featured_media":24433,"template":"","meta":{"_acf_changed":false},"product_brand":[],"product_cat":[549,561],"product_tag":[],"class_list":{"0":"post-24432","1":"product","2":"type-product","3":"status-publish","4":"has-post-thumbnail","6":"product_cat-meubles","7":"product_cat-salon","9":"first","10":"instock","11":"taxable","12":"shipping-taxable","13":"purchasable","14":"product-type-simple"},"acf":[],"yoast_head":"<!-- This site is optimized with the Yoast SEO plugin v26.9 - https:\/\/yoast.com\/product\/yoast-seo-wordpress\/ -->\n<title>Bookshelf - Ch\u00eane (3 compartiments horizontaux) - museliving.eu<\/title>\n<meta name=\"robots\" content=\"noindex, follow, max-snippet:-1, max-image-preview:large, max-video-preview:-1\" \/>\n<meta property=\"og:locale\" content=\"fr_FR\" \/>\n<meta property=\"og:type\" content=\"article\" \/>\n<meta property=\"og:title\" content=\"Bookshelf - Ch\u00eane (3 compartiments horizontaux) - museliving.eu\" \/>\n<meta property=\"og:description\" content=\"Biblioth\u00e8que au design \u00e9l\u00e9gant et simple. Sa forme g\u00e9om\u00e9trique permet de ranger ou d&#039;exposer facilement des objets.\" \/>\n<meta property=\"og:url\" content=\"https:\/\/museliving.auxodev2.dk\/fr\/product\/bookshelf-chene-3-compartiments-horizontaux\/\" \/>\n<meta property=\"og:site_name\" content=\"museliving.eu\" \/>\n<meta property=\"article:modified_time\" content=\"2025-08-30T14:54:54+00:00\" \/>\n<meta property=\"og:image\" content=\"https:\/\/museliving.auxodev2.dk\/wp-content\/uploads\/1-1-2.jpg\" \/>\n\t<meta property=\"og:image:width\" content=\"1200\" \/>\n\t<meta property=\"og:image:height\" content=\"800\" \/>\n\t<meta property=\"og:image:type\" content=\"image\/jpeg\" \/>\n<meta name=\"twitter:card\" content=\"summary_large_image\" \/>\n<meta name=\"twitter:label1\" content=\"Est. reading time\" \/>\n\t<meta name=\"twitter:data1\" content=\"1 minute\" \/>\n<script type=\"application\/ld+json\" class=\"yoast-schema-graph\">{\"@context\":\"https:\/\/schema.org\",\"@graph\":[{\"@type\":\"WebPage\",\"@id\":\"https:\/\/museliving.auxodev2.dk\/fr\/product\/bookshelf-chene-3-compartiments-horizontaux\/\",\"url\":\"https:\/\/museliving.auxodev2.dk\/fr\/product\/bookshelf-chene-3-compartiments-horizontaux\/\",\"name\":\"Bookshelf - Ch\u00eane (3 compartiments horizontaux) - museliving.eu\",\"isPartOf\":{\"@id\":\"https:\/\/museliving.auxodev2.dk\/fr\/#website\"},\"primaryImageOfPage\":{\"@id\":\"https:\/\/museliving.auxodev2.dk\/fr\/product\/bookshelf-chene-3-compartiments-horizontaux\/#primaryimage\"},\"image\":{\"@id\":\"https:\/\/museliving.auxodev2.dk\/fr\/product\/bookshelf-chene-3-compartiments-horizontaux\/#primaryimage\"},\"thumbnailUrl\":\"https:\/\/museliving.auxodev2.dk\/wp-content\/uploads\/1-1-2.jpg\",\"datePublished\":\"2025-08-24T08:30:22+00:00\",\"dateModified\":\"2025-08-30T14:54:54+00:00\",\"breadcrumb\":{\"@id\":\"https:\/\/museliving.auxodev2.dk\/fr\/product\/bookshelf-chene-3-compartiments-horizontaux\/#breadcrumb\"},\"inLanguage\":\"fr-FR\",\"potentialAction\":[{\"@type\":\"ReadAction\",\"target\":[\"https:\/\/museliving.auxodev2.dk\/fr\/product\/bookshelf-chene-3-compartiments-horizontaux\/\"]}]},{\"@type\":\"ImageObject\",\"inLanguage\":\"fr-FR\",\"@id\":\"https:\/\/museliving.auxodev2.dk\/fr\/product\/bookshelf-chene-3-compartiments-horizontaux\/#primaryimage\",\"url\":\"https:\/\/museliving.auxodev2.dk\/wp-content\/uploads\/1-1-2.jpg\",\"contentUrl\":\"https:\/\/museliving.auxodev2.dk\/wp-content\/uploads\/1-1-2.jpg\",\"width\":1200,\"height\":800},{\"@type\":\"BreadcrumbList\",\"@id\":\"https:\/\/museliving.auxodev2.dk\/fr\/product\/bookshelf-chene-3-compartiments-horizontaux\/#breadcrumb\",\"itemListElement\":[{\"@type\":\"ListItem\",\"position\":1,\"name\":\"Home\",\"item\":\"https:\/\/museliving.auxodev2.dk\/fr\/accueil\/\"},{\"@type\":\"ListItem\",\"position\":2,\"name\":\"Tous les produits\",\"item\":\"https:\/\/museliving.auxodev2.dk\/fr\/shop\/\"},{\"@type\":\"ListItem\",\"position\":3,\"name\":\"Meubles\",\"item\":\"https:\/\/museliving.auxodev2.dk\/fr\/category\/meubles\/\"},{\"@type\":\"ListItem\",\"position\":4,\"name\":\"Salon\",\"item\":\"https:\/\/museliving.auxodev2.dk\/fr\/category\/meubles\/salon\/\"},{\"@type\":\"ListItem\",\"position\":5,\"name\":\"Bookshelf &#8211; Ch\u00eane (3 compartiments horizontaux)\"}]},{\"@type\":\"WebSite\",\"@id\":\"https:\/\/museliving.auxodev2.dk\/fr\/#website\",\"url\":\"https:\/\/museliving.auxodev2.dk\/fr\/\",\"name\":\"museliving.eu\",\"description\":\"\",\"publisher\":{\"@id\":\"https:\/\/museliving.auxodev2.dk\/fr\/#organization\"},\"potentialAction\":[{\"@type\":\"SearchAction\",\"target\":{\"@type\":\"EntryPoint\",\"urlTemplate\":\"https:\/\/museliving.auxodev2.dk\/fr\/?s={search_term_string}\"},\"query-input\":{\"@type\":\"PropertyValueSpecification\",\"valueRequired\":true,\"valueName\":\"search_term_string\"}}],\"inLanguage\":\"fr-FR\"},{\"@type\":\"Organization\",\"@id\":\"https:\/\/museliving.auxodev2.dk\/fr\/#organization\",\"name\":\"Museliving\",\"url\":\"https:\/\/museliving.auxodev2.dk\/fr\/\",\"logo\":{\"@type\":\"ImageObject\",\"inLanguage\":\"fr-FR\",\"@id\":\"https:\/\/museliving.auxodev2.dk\/fr\/#\/schema\/logo\/image\/\",\"url\":\"https:\/\/museliving.auxodev2.dk\/wp-content\/uploads\/websted-logo.png\",\"contentUrl\":\"https:\/\/museliving.auxodev2.dk\/wp-content\/uploads\/websted-logo.png\",\"width\":350,\"height\":100,\"caption\":\"Museliving\"},\"image\":{\"@id\":\"https:\/\/museliving.auxodev2.dk\/fr\/#\/schema\/logo\/image\/\"}}]}<\/script>\n<!-- \/ Yoast SEO plugin. -->","yoast_head_json":{"title":"Bookshelf - Ch\u00eane (3 compartiments horizontaux) - museliving.eu","robots":{"index":"noindex","follow":"follow","max-snippet":"max-snippet:-1","max-image-preview":"max-image-preview:large","max-video-preview":"max-video-preview:-1"},"og_locale":"fr_FR","og_type":"article","og_title":"Bookshelf - Ch\u00eane (3 compartiments horizontaux) - museliving.eu","og_description":"Biblioth\u00e8que au design \u00e9l\u00e9gant et simple. Sa forme g\u00e9om\u00e9trique permet de ranger ou d'exposer facilement des objets.","og_url":"https:\/\/museliving.auxodev2.dk\/fr\/product\/bookshelf-chene-3-compartiments-horizontaux\/","og_site_name":"museliving.eu","article_modified_time":"2025-08-30T14:54:54+00:00","og_image":[{"width":1200,"height":800,"url":"https:\/\/museliving.auxodev2.dk\/wp-content\/uploads\/1-1-2.jpg","type":"image\/jpeg"}],"twitter_card":"summary_large_image","twitter_misc":{"Est. reading time":"1 minute"},"schema":{"@context":"https:\/\/schema.org","@graph":[{"@type":"WebPage","@id":"https:\/\/museliving.auxodev2.dk\/fr\/product\/bookshelf-chene-3-compartiments-horizontaux\/","url":"https:\/\/museliving.auxodev2.dk\/fr\/product\/bookshelf-chene-3-compartiments-horizontaux\/","name":"Bookshelf - Ch\u00eane (3 compartiments horizontaux) - museliving.eu","isPartOf":{"@id":"https:\/\/museliving.auxodev2.dk\/fr\/#website"},"primaryImageOfPage":{"@id":"https:\/\/museliving.auxodev2.dk\/fr\/product\/bookshelf-chene-3-compartiments-horizontaux\/#primaryimage"},"image":{"@id":"https:\/\/museliving.auxodev2.dk\/fr\/product\/bookshelf-chene-3-compartiments-horizontaux\/#primaryimage"},"thumbnailUrl":"https:\/\/museliving.auxodev2.dk\/wp-content\/uploads\/1-1-2.jpg","datePublished":"2025-08-24T08:30:22+00:00","dateModified":"2025-08-30T14:54:54+00:00","breadcrumb":{"@id":"https:\/\/museliving.auxodev2.dk\/fr\/product\/bookshelf-chene-3-compartiments-horizontaux\/#breadcrumb"},"inLanguage":"fr-FR","potentialAction":[{"@type":"ReadAction","target":["https:\/\/museliving.auxodev2.dk\/fr\/product\/bookshelf-chene-3-compartiments-horizontaux\/"]}]},{"@type":"ImageObject","inLanguage":"fr-FR","@id":"https:\/\/museliving.auxodev2.dk\/fr\/product\/bookshelf-chene-3-compartiments-horizontaux\/#primaryimage","url":"https:\/\/museliving.auxodev2.dk\/wp-content\/uploads\/1-1-2.jpg","contentUrl":"https:\/\/museliving.auxodev2.dk\/wp-content\/uploads\/1-1-2.jpg","width":1200,"height":800},{"@type":"BreadcrumbList","@id":"https:\/\/museliving.auxodev2.dk\/fr\/product\/bookshelf-chene-3-compartiments-horizontaux\/#breadcrumb","itemListElement":[{"@type":"ListItem","position":1,"name":"Home","item":"https:\/\/museliving.auxodev2.dk\/fr\/accueil\/"},{"@type":"ListItem","position":2,"name":"Tous les produits","item":"https:\/\/museliving.auxodev2.dk\/fr\/shop\/"},{"@type":"ListItem","position":3,"name":"Meubles","item":"https:\/\/museliving.auxodev2.dk\/fr\/category\/meubles\/"},{"@type":"ListItem","position":4,"name":"Salon","item":"https:\/\/museliving.auxodev2.dk\/fr\/category\/meubles\/salon\/"},{"@type":"ListItem","position":5,"name":"Bookshelf &#8211; Ch\u00eane (3 compartiments horizontaux)"}]},{"@type":"WebSite","@id":"https:\/\/museliving.auxodev2.dk\/fr\/#website","url":"https:\/\/museliving.auxodev2.dk\/fr\/","name":"museliving.eu","description":"","publisher":{"@id":"https:\/\/museliving.auxodev2.dk\/fr\/#organization"},"potentialAction":[{"@type":"SearchAction","target":{"@type":"EntryPoint","urlTemplate":"https:\/\/museliving.auxodev2.dk\/fr\/?s={search_term_string}"},"query-input":{"@type":"PropertyValueSpecification","valueRequired":true,"valueName":"search_term_string"}}],"inLanguage":"fr-FR"},{"@type":"Organization","@id":"https:\/\/museliving.auxodev2.dk\/fr\/#organization","name":"Museliving","url":"https:\/\/museliving.auxodev2.dk\/fr\/","logo":{"@type":"ImageObject","inLanguage":"fr-FR","@id":"https:\/\/museliving.auxodev2.dk\/fr\/#\/schema\/logo\/image\/","url":"https:\/\/museliving.auxodev2.dk\/wp-content\/uploads\/websted-logo.png","contentUrl":"https:\/\/museliving.auxodev2.dk\/wp-content\/uploads\/websted-logo.png","width":350,"height":100,"caption":"Museliving"},"image":{"@id":"https:\/\/museliving.auxodev2.dk\/fr\/#\/schema\/logo\/image\/"}}]}},"_links":{"self":[{"href":"https:\/\/museliving.auxodev2.dk\/fr\/wp-json\/wp\/v2\/product\/24432","targetHints":{"allow":["GET"]}}],"collection":[{"href":"https:\/\/museliving.auxodev2.dk\/fr\/wp-json\/wp\/v2\/product"}],"about":[{"href":"https:\/\/museliving.auxodev2.dk\/fr\/wp-json\/wp\/v2\/types\/product"}],"version-history":[{"count":2,"href":"https:\/\/museliving.auxodev2.dk\/fr\/wp-json\/wp\/v2\/product\/24432\/revisions"}],"predecessor-version":[{"id":24977,"href":"https:\/\/museliving.auxodev2.dk\/fr\/wp-json\/wp\/v2\/product\/24432\/revisions\/24977"}],"wp:featuredmedia":[{"embeddable":true,"href":"https:\/\/museliving.auxodev2.dk\/fr\/wp-json\/wp\/v2\/media\/24433"}],"wp:attachment":[{"href":"https:\/\/museliving.auxodev2.dk\/fr\/wp-json\/wp\/v2\/media?parent=24432"}],"wp:term":[{"taxonomy":"product_brand","embeddable":true,"href":"https:\/\/museliving.auxodev2.dk\/fr\/wp-json\/wp\/v2\/product_brand?post=24432"},{"taxonomy":"product_cat","embeddable":true,"href":"https:\/\/museliving.auxodev2.dk\/fr\/wp-json\/wp\/v2\/product_cat?post=24432"},{"taxonomy":"product_tag","embeddable":true,"href":"https:\/\/museliving.auxodev2.dk\/fr\/wp-json\/wp\/v2\/product_tag?post=24432"}],"curies":[{"name":"wp","href":"https:\/\/api.w.org\/{rel}","templated":true}]}}