{"id":24300,"date":"2025-08-24T08:48:28","date_gmt":"2025-08-24T06:48:28","guid":{"rendered":"https:\/\/museliving.auxodev2.dk\/?post_type=product&#038;p=24300"},"modified":"2025-08-30T16:51:49","modified_gmt":"2025-08-30T14:51:49","slug":"tableau-chene-huile","status":"publish","type":"product","link":"https:\/\/museliving.auxodev2.dk\/fr\/product\/tableau-chene-huile\/","title":{"rendered":"Tableau \u2013 Ch\u00eane Huile"},"content":{"rendered":"<p>Les tables de Museliving sont uniques et fabriqu\u00e9es avec le meilleur savoir-faire. Quels que soient le style et la fonction, nos tables avec plateau en bois massif peuvent s&#8217;int\u00e9grer dans n&#8217;importe quelle pi\u00e8ce, qu&#8217;il s&#8217;agisse d&#8217;une cuisine, d&#8217;un salon ou d&#8217;un bureau.<\/p>\n<p>En plus de nos tables en bois massif de taille standard, nous pouvons vous proposer diff\u00e9rentes options \u2013 n&#8217;h\u00e9sitez pas \u00e0 nous contacter pour vos besoins sp\u00e9cifiques: <a href=\"mailto:sales@museliving.eu\"><em><strong>sales@museliving.eu<\/strong><\/em><\/a><\/p>\n<p>Les meubles en bois massif sont respectueux de l&#8217;environnement et extr\u00eamement durables et apporteront un aspect naturel \u00e0 votre maison ou votre bureau.<\/p>\n<p>Chaque table a une finition protectrice qui la rend facile \u00e0 essuyer.<\/p>\n","protected":false},"excerpt":{"rendered":"<p>Les tables de Museliving sont uniques et fabriqu\u00e9es avec le meilleur savoir-faire. Quels que soient le style et la fonction, nos tables avec plateau en bois massif peuvent s&#8217;int\u00e9grer dans n&#8217;importe quelle pi\u00e8ce, qu&#8217;il s&#8217;agisse d&#8217;une cuisine, d&#8217;un salon ou d&#8217;un bureau.<\/p>\n<p>En plus de nos tables en bois massif de taille standard, nous pouvons vous proposer diff\u00e9rentes options \u2013 n&#8217;h\u00e9sitez pas \u00e0 nous contacter pour vos besoins sp\u00e9cifiques: <a href=\"mailto:sales@museliving.eu\"><em><strong>sales@museliving.eu<\/strong><\/em><\/a><\/p>\n","protected":false},"featured_media":24301,"template":"","meta":{"_acf_changed":false},"product_brand":[],"product_cat":[549,555],"product_tag":[],"class_list":{"0":"post-24300","1":"product","2":"type-product","3":"status-publish","4":"has-post-thumbnail","6":"product_cat-meubles","7":"product_cat-salle-a-manger","9":"first","10":"instock","11":"taxable","12":"shipping-taxable","13":"purchasable","14":"product-type-simple"},"acf":[],"yoast_head":"<!-- This site is optimized with the Yoast SEO plugin v26.9 - https:\/\/yoast.com\/product\/yoast-seo-wordpress\/ -->\n<title>Tableau \u2013 Ch\u00eane Huile - museliving.eu<\/title>\n<meta name=\"robots\" content=\"noindex, follow, max-snippet:-1, max-image-preview:large, max-video-preview:-1\" \/>\n<meta property=\"og:locale\" content=\"fr_FR\" \/>\n<meta property=\"og:type\" content=\"article\" \/>\n<meta property=\"og:title\" content=\"Tableau \u2013 Ch\u00eane Huile - museliving.eu\" \/>\n<meta property=\"og:description\" content=\"Les tables de Museliving sont uniques et fabriqu\u00e9es avec le meilleur savoir-faire. Quels que soient le style et la fonction, nos tables avec plateau en bois massif peuvent s&#039;int\u00e9grer dans n&#039;importe quelle pi\u00e8ce, qu&#039;il s&#039;agisse d&#039;une cuisine, d&#039;un salon ou d&#039;un bureau.  En plus de nos tables en bois massif de taille standard, nous pouvons vous proposer diff\u00e9rentes options \u2013 n&#039;h\u00e9sitez pas \u00e0 nous contacter pour vos besoins sp\u00e9cifiques: sales@museliving.eu\" \/>\n<meta property=\"og:url\" content=\"https:\/\/museliving.auxodev2.dk\/fr\/product\/tableau-chene-huile\/\" \/>\n<meta property=\"og:site_name\" content=\"museliving.eu\" \/>\n<meta property=\"article:modified_time\" content=\"2025-08-30T14:51:49+00:00\" \/>\n<meta property=\"og:image\" content=\"https:\/\/museliving.auxodev2.dk\/wp-content\/uploads\/DSC06934.jpg\" \/>\n\t<meta property=\"og:image:width\" content=\"1200\" \/>\n\t<meta property=\"og:image:height\" content=\"804\" \/>\n\t<meta property=\"og:image:type\" content=\"image\/jpeg\" \/>\n<meta name=\"twitter:card\" content=\"summary_large_image\" \/>\n<meta name=\"twitter:label1\" content=\"Est. reading time\" \/>\n\t<meta name=\"twitter:data1\" content=\"1 minute\" \/>\n<script type=\"application\/ld+json\" class=\"yoast-schema-graph\">{\"@context\":\"https:\/\/schema.org\",\"@graph\":[{\"@type\":\"WebPage\",\"@id\":\"https:\/\/museliving.auxodev2.dk\/fr\/product\/tableau-chene-huile\/\",\"url\":\"https:\/\/museliving.auxodev2.dk\/fr\/product\/tableau-chene-huile\/\",\"name\":\"Tableau \u2013 Ch\u00eane Huile - museliving.eu\",\"isPartOf\":{\"@id\":\"https:\/\/museliving.auxodev2.dk\/fr\/#website\"},\"primaryImageOfPage\":{\"@id\":\"https:\/\/museliving.auxodev2.dk\/fr\/product\/tableau-chene-huile\/#primaryimage\"},\"image\":{\"@id\":\"https:\/\/museliving.auxodev2.dk\/fr\/product\/tableau-chene-huile\/#primaryimage\"},\"thumbnailUrl\":\"https:\/\/museliving.auxodev2.dk\/wp-content\/uploads\/DSC06934.jpg\",\"datePublished\":\"2025-08-24T06:48:28+00:00\",\"dateModified\":\"2025-08-30T14:51:49+00:00\",\"breadcrumb\":{\"@id\":\"https:\/\/museliving.auxodev2.dk\/fr\/product\/tableau-chene-huile\/#breadcrumb\"},\"inLanguage\":\"fr-FR\",\"potentialAction\":[{\"@type\":\"ReadAction\",\"target\":[\"https:\/\/museliving.auxodev2.dk\/fr\/product\/tableau-chene-huile\/\"]}]},{\"@type\":\"ImageObject\",\"inLanguage\":\"fr-FR\",\"@id\":\"https:\/\/museliving.auxodev2.dk\/fr\/product\/tableau-chene-huile\/#primaryimage\",\"url\":\"https:\/\/museliving.auxodev2.dk\/wp-content\/uploads\/DSC06934.jpg\",\"contentUrl\":\"https:\/\/museliving.auxodev2.dk\/wp-content\/uploads\/DSC06934.jpg\",\"width\":1200,\"height\":804},{\"@type\":\"BreadcrumbList\",\"@id\":\"https:\/\/museliving.auxodev2.dk\/fr\/product\/tableau-chene-huile\/#breadcrumb\",\"itemListElement\":[{\"@type\":\"ListItem\",\"position\":1,\"name\":\"Home\",\"item\":\"https:\/\/museliving.auxodev2.dk\/fr\/accueil\/\"},{\"@type\":\"ListItem\",\"position\":2,\"name\":\"Tous les produits\",\"item\":\"https:\/\/museliving.auxodev2.dk\/fr\/shop\/\"},{\"@type\":\"ListItem\",\"position\":3,\"name\":\"Meubles\",\"item\":\"https:\/\/museliving.auxodev2.dk\/fr\/category\/meubles\/\"},{\"@type\":\"ListItem\",\"position\":4,\"name\":\"Salle \u00e0 manger\",\"item\":\"https:\/\/museliving.auxodev2.dk\/fr\/category\/meubles\/salle-a-manger\/\"},{\"@type\":\"ListItem\",\"position\":5,\"name\":\"Tableau \u2013 Ch\u00eane Huile\"}]},{\"@type\":\"WebSite\",\"@id\":\"https:\/\/museliving.auxodev2.dk\/fr\/#website\",\"url\":\"https:\/\/museliving.auxodev2.dk\/fr\/\",\"name\":\"museliving.eu\",\"description\":\"\",\"publisher\":{\"@id\":\"https:\/\/museliving.auxodev2.dk\/fr\/#organization\"},\"potentialAction\":[{\"@type\":\"SearchAction\",\"target\":{\"@type\":\"EntryPoint\",\"urlTemplate\":\"https:\/\/museliving.auxodev2.dk\/fr\/?s={search_term_string}\"},\"query-input\":{\"@type\":\"PropertyValueSpecification\",\"valueRequired\":true,\"valueName\":\"search_term_string\"}}],\"inLanguage\":\"fr-FR\"},{\"@type\":\"Organization\",\"@id\":\"https:\/\/museliving.auxodev2.dk\/fr\/#organization\",\"name\":\"Museliving\",\"url\":\"https:\/\/museliving.auxodev2.dk\/fr\/\",\"logo\":{\"@type\":\"ImageObject\",\"inLanguage\":\"fr-FR\",\"@id\":\"https:\/\/museliving.auxodev2.dk\/fr\/#\/schema\/logo\/image\/\",\"url\":\"https:\/\/museliving.auxodev2.dk\/wp-content\/uploads\/websted-logo.png\",\"contentUrl\":\"https:\/\/museliving.auxodev2.dk\/wp-content\/uploads\/websted-logo.png\",\"width\":350,\"height\":100,\"caption\":\"Museliving\"},\"image\":{\"@id\":\"https:\/\/museliving.auxodev2.dk\/fr\/#\/schema\/logo\/image\/\"}}]}<\/script>\n<!-- \/ Yoast SEO plugin. -->","yoast_head_json":{"title":"Tableau \u2013 Ch\u00eane Huile - museliving.eu","robots":{"index":"noindex","follow":"follow","max-snippet":"max-snippet:-1","max-image-preview":"max-image-preview:large","max-video-preview":"max-video-preview:-1"},"og_locale":"fr_FR","og_type":"article","og_title":"Tableau \u2013 Ch\u00eane Huile - museliving.eu","og_description":"Les tables de Museliving sont uniques et fabriqu\u00e9es avec le meilleur savoir-faire. Quels que soient le style et la fonction, nos tables avec plateau en bois massif peuvent s'int\u00e9grer dans n'importe quelle pi\u00e8ce, qu'il s'agisse d'une cuisine, d'un salon ou d'un bureau.  En plus de nos tables en bois massif de taille standard, nous pouvons vous proposer diff\u00e9rentes options \u2013 n'h\u00e9sitez pas \u00e0 nous contacter pour vos besoins sp\u00e9cifiques: sales@museliving.eu","og_url":"https:\/\/museliving.auxodev2.dk\/fr\/product\/tableau-chene-huile\/","og_site_name":"museliving.eu","article_modified_time":"2025-08-30T14:51:49+00:00","og_image":[{"width":1200,"height":804,"url":"https:\/\/museliving.auxodev2.dk\/wp-content\/uploads\/DSC06934.jpg","type":"image\/jpeg"}],"twitter_card":"summary_large_image","twitter_misc":{"Est. reading time":"1 minute"},"schema":{"@context":"https:\/\/schema.org","@graph":[{"@type":"WebPage","@id":"https:\/\/museliving.auxodev2.dk\/fr\/product\/tableau-chene-huile\/","url":"https:\/\/museliving.auxodev2.dk\/fr\/product\/tableau-chene-huile\/","name":"Tableau \u2013 Ch\u00eane Huile - museliving.eu","isPartOf":{"@id":"https:\/\/museliving.auxodev2.dk\/fr\/#website"},"primaryImageOfPage":{"@id":"https:\/\/museliving.auxodev2.dk\/fr\/product\/tableau-chene-huile\/#primaryimage"},"image":{"@id":"https:\/\/museliving.auxodev2.dk\/fr\/product\/tableau-chene-huile\/#primaryimage"},"thumbnailUrl":"https:\/\/museliving.auxodev2.dk\/wp-content\/uploads\/DSC06934.jpg","datePublished":"2025-08-24T06:48:28+00:00","dateModified":"2025-08-30T14:51:49+00:00","breadcrumb":{"@id":"https:\/\/museliving.auxodev2.dk\/fr\/product\/tableau-chene-huile\/#breadcrumb"},"inLanguage":"fr-FR","potentialAction":[{"@type":"ReadAction","target":["https:\/\/museliving.auxodev2.dk\/fr\/product\/tableau-chene-huile\/"]}]},{"@type":"ImageObject","inLanguage":"fr-FR","@id":"https:\/\/museliving.auxodev2.dk\/fr\/product\/tableau-chene-huile\/#primaryimage","url":"https:\/\/museliving.auxodev2.dk\/wp-content\/uploads\/DSC06934.jpg","contentUrl":"https:\/\/museliving.auxodev2.dk\/wp-content\/uploads\/DSC06934.jpg","width":1200,"height":804},{"@type":"BreadcrumbList","@id":"https:\/\/museliving.auxodev2.dk\/fr\/product\/tableau-chene-huile\/#breadcrumb","itemListElement":[{"@type":"ListItem","position":1,"name":"Home","item":"https:\/\/museliving.auxodev2.dk\/fr\/accueil\/"},{"@type":"ListItem","position":2,"name":"Tous les produits","item":"https:\/\/museliving.auxodev2.dk\/fr\/shop\/"},{"@type":"ListItem","position":3,"name":"Meubles","item":"https:\/\/museliving.auxodev2.dk\/fr\/category\/meubles\/"},{"@type":"ListItem","position":4,"name":"Salle \u00e0 manger","item":"https:\/\/museliving.auxodev2.dk\/fr\/category\/meubles\/salle-a-manger\/"},{"@type":"ListItem","position":5,"name":"Tableau \u2013 Ch\u00eane Huile"}]},{"@type":"WebSite","@id":"https:\/\/museliving.auxodev2.dk\/fr\/#website","url":"https:\/\/museliving.auxodev2.dk\/fr\/","name":"museliving.eu","description":"","publisher":{"@id":"https:\/\/museliving.auxodev2.dk\/fr\/#organization"},"potentialAction":[{"@type":"SearchAction","target":{"@type":"EntryPoint","urlTemplate":"https:\/\/museliving.auxodev2.dk\/fr\/?s={search_term_string}"},"query-input":{"@type":"PropertyValueSpecification","valueRequired":true,"valueName":"search_term_string"}}],"inLanguage":"fr-FR"},{"@type":"Organization","@id":"https:\/\/museliving.auxodev2.dk\/fr\/#organization","name":"Museliving","url":"https:\/\/museliving.auxodev2.dk\/fr\/","logo":{"@type":"ImageObject","inLanguage":"fr-FR","@id":"https:\/\/museliving.auxodev2.dk\/fr\/#\/schema\/logo\/image\/","url":"https:\/\/museliving.auxodev2.dk\/wp-content\/uploads\/websted-logo.png","contentUrl":"https:\/\/museliving.auxodev2.dk\/wp-content\/uploads\/websted-logo.png","width":350,"height":100,"caption":"Museliving"},"image":{"@id":"https:\/\/museliving.auxodev2.dk\/fr\/#\/schema\/logo\/image\/"}}]}},"_links":{"self":[{"href":"https:\/\/museliving.auxodev2.dk\/fr\/wp-json\/wp\/v2\/product\/24300","targetHints":{"allow":["GET"]}}],"collection":[{"href":"https:\/\/museliving.auxodev2.dk\/fr\/wp-json\/wp\/v2\/product"}],"about":[{"href":"https:\/\/museliving.auxodev2.dk\/fr\/wp-json\/wp\/v2\/types\/product"}],"version-history":[{"count":2,"href":"https:\/\/museliving.auxodev2.dk\/fr\/wp-json\/wp\/v2\/product\/24300\/revisions"}],"predecessor-version":[{"id":24969,"href":"https:\/\/museliving.auxodev2.dk\/fr\/wp-json\/wp\/v2\/product\/24300\/revisions\/24969"}],"wp:featuredmedia":[{"embeddable":true,"href":"https:\/\/museliving.auxodev2.dk\/fr\/wp-json\/wp\/v2\/media\/24301"}],"wp:attachment":[{"href":"https:\/\/museliving.auxodev2.dk\/fr\/wp-json\/wp\/v2\/media?parent=24300"}],"wp:term":[{"taxonomy":"product_brand","embeddable":true,"href":"https:\/\/museliving.auxodev2.dk\/fr\/wp-json\/wp\/v2\/product_brand?post=24300"},{"taxonomy":"product_cat","embeddable":true,"href":"https:\/\/museliving.auxodev2.dk\/fr\/wp-json\/wp\/v2\/product_cat?post=24300"},{"taxonomy":"product_tag","embeddable":true,"href":"https:\/\/museliving.auxodev2.dk\/fr\/wp-json\/wp\/v2\/product_tag?post=24300"}],"curies":[{"name":"wp","href":"https:\/\/api.w.org\/{rel}","templated":true}]}}