{"id":22764,"date":"2025-07-28T18:26:26","date_gmt":"2025-07-28T16:26:26","guid":{"rendered":"https:\/\/museliving.auxodev2.dk\/?post_type=product&#038;p=22764"},"modified":"2025-08-01T10:27:27","modified_gmt":"2025-08-01T08:27:27","slug":"casier-a-vin-half-nia-chene-fume","status":"publish","type":"product","link":"https:\/\/museliving.auxodev2.dk\/fr\/product\/casier-a-vin-half-nia-chene-fume\/","title":{"rendered":"Casier \u00e0 vin &#8211; Half Nia &#8211; Ch\u00eane Fum\u00e9"},"content":{"rendered":"<h4><strong>Casier \u00e0 vin de haute qualit\u00e9<\/strong><\/h4>\n<p>Chez Museliving, nous sommes engag\u00e9s dans la protection de l&#8217;environnement et nous faisons tout notre possible pour int\u00e9grer le bois dans nos produits et m\u00e9thodes de production. Notre s\u00e9rie Vinovault de casiers \u00e0 vin et de rangement pour bouteilles est con\u00e7ue et fabriqu\u00e9e dans le but de minimiser l&#8217;empreinte carbone tout en maintenant la meilleure qualit\u00e9.<\/p>\n<h4><strong>Perfectionn\u00e9 au maximum: Un regard plus attentif sur un casier \u00e0 vin<\/strong><\/h4>\n<p>Vinovault est une \u00e9l\u00e9gante s\u00e9rie de casiers \u00e0 vin en panneaux de bois massif. Ces casiers se distinguent par leur haute qualit\u00e9 et leur durabilit\u00e9 gr\u00e2ce \u00e0 l&#8217;utilisation d&#8217;assemblages en queue d&#8217;aronde. Le design des casiers offre une vari\u00e9t\u00e9 d&#8217;options de stockage pour le vin. Le design astucieux permet d&#8217;empiler plusieurs casiers les uns sur les autres ou de les placer c\u00f4te \u00e0 c\u00f4te. De cette fa\u00e7on, vous pouvez cr\u00e9er un mur de rangement pour le vin impressionnant ou les utiliser comme supports individuels pour bouteilles et casiers \u00e0 vin.<\/p>\n<h4><strong>Prix et valeur: cela vaut-il le co\u00fbt ?<\/strong><\/h4>\n<p>Chez Museliving, nous comprenons que votre collection de vin est aussi unique que vous. C\u2019est pourquoi nous offrons la possibilit\u00e9 de personnaliser chaque casier \u00e0 vin selon vos pr\u00e9f\u00e9rences individuelles. Vous avez besoin d&#8217;une taille sp\u00e9ciale pour un espace particulier ? Vous pr\u00e9f\u00e9rez une autre finition ou un autre style ? Nous pouvons tout adapter selon vos souhaits. Contactez-nous simplement \u00e0 l&#8217;adresse <em><strong><a href=\"mailto:sales@museliving.eu\" rel=\"noopener\">sales@museliving.eu<\/a><\/strong><\/em>, et nous cr\u00e9erons la solution de rangement pour vin parfaite pour vous.<\/p>\n<p>Si vous le souhaitez, nous pouvons \u00e9galement vous proposer une proposition compl\u00e8te pour votre cave \u00e0 vin. Cela inclut des casiers \u00e0 vin en bois, des porte-bouteilles et des solutions de rangement pour vos bouteilles de vin et autres bouteilles. N\u2019h\u00e9sitez pas \u00e0 nous contacter \u00e0 l\u2019adresse <strong><em><a href=\"mailto:sales@museliving.eu\" rel=\"noopener\">sales@museliving.eu<\/a><\/em><\/strong>. De la conception \u00e0 la livraison en moins de 4 semaines.<\/p>\n<h4><strong>Satisfaction client: une priorit\u00e9<\/strong><\/h4>\n<p>Nous sommes fiers de livrer des produits qui non seulement r\u00e9pondent aux attentes de nos clients, mais les d\u00e9passent. Notre \u00e9quipe d\u00e9di\u00e9e au service client\u00e8le est toujours pr\u00eate \u00e0 vous aider avec vos questions ou demandes sp\u00e9ciales. Nous croyons qu\u2019un excellent vin m\u00e9rite une solution de stockage tout aussi excellente. C\u2019est pourquoi nos casiers \u00e0 vin sont con\u00e7us pour \u00eatre \u00e0 la fois fonctionnels et esth\u00e9tiques.<\/p>\n<h4><strong>Durabilit\u00e9 et innovation<\/strong><\/h4>\n<p>Museliving s\u2019engage non seulement \u00e0 r\u00e9duire l\u2019empreinte CO2, mais aussi \u00e0 promouvoir la durabilit\u00e9 gr\u00e2ce \u00e0 des solutions innovantes. Nous am\u00e9liorons continuellement nos processus de production et le choix des mat\u00e9riaux pour garantir des produits respectueux de l&#8217;environnement. Notre objectif est de cr\u00e9er un \u00e9quilibre entre luxe et durabilit\u00e9, afin que vous puissiez d\u00e9guster votre vin en toute conscience.<\/p>\n<h4><strong>L\u2019avenir du stockage du vin<\/strong><\/h4>\n<p>Nous sommes convaincus que l\u2019avenir du stockage du vin repose sur des solutions durables et flexibles. Avec la gamme Vinovault, vous obtenez non seulement un casier \u00e0 vin, mais un investissement dans la qualit\u00e9, le design et la conscience environnementale. Laissez-nous vous aider \u00e0 cr\u00e9er le cadre parfait pour votre collection de vins, afin que vous puissiez profiter pleinement de chaque bouteille.<\/p>\n<h4><strong>Qualit\u00e9 et artisanat<\/strong><\/h4>\n<p>Chaque casier \u00e0 vin Vinovault est le r\u00e9sultat d\u2019un artisanat minutieux et d\u2019une passion pour les d\u00e9tails. Notre \u00e9quipe d\u2019artisans qualifi\u00e9s utilise uniquement les meilleurs mat\u00e9riaux pour garantir que chaque casier \u00e0 vin respecte nos normes \u00e9lev\u00e9es. Nous croyons que la qualit\u00e9 ne se r\u00e9sume pas \u00e0 la durabilit\u00e9, mais inclut \u00e9galement l\u2019esth\u00e9tique et la fonctionnalit\u00e9. C\u2019est pourquoi chaque casier \u00e0 vin est con\u00e7u pour \u00eatre \u00e0 la fois beau et pratique, afin que vous puissiez ranger votre vin avec style.<\/p>\n<h4><strong>Port\u00e9e europ\u00e9enne<\/strong><\/h4>\n<p>Museliving est fier de pouvoir livrer nos produits aux amateurs de vin \u00e0 travers toute l\u2019Europe. O\u00f9 que vous soyez, vous pouvez profiter de nos solutions de stockage de vin durables et \u00e9l\u00e9gantes. Nous offrons une <a href=\"https:\/\/museliving.fr\/livraison\/\">livraison<\/a> dans toute l\u2019Europe et veillons \u00e0 ce que vos casiers \u00e0 vin arrivent en toute s\u00e9curit\u00e9 et \u00e0 temps. Notre port\u00e9e nous permet de partager notre passion pour le stockage du vin avec un large public et de contribuer \u00e0 un avenir durable.<\/p>\n<h4><strong>Contactez-nous<\/strong><\/h4>\n<p>Nous sommes toujours l\u00e0 pour vous aider \u00e0 trouver la solution de stockage de vin parfaite. Pour toute question sur nos produits, des conseils en design ou une commande sp\u00e9ciale, n\u2019h\u00e9sitez pas \u00e0 nous contacter. Notre \u00e9quipe amicale et comp\u00e9tente est l\u00e0 pour s&#8217;assurer que vous viviez la meilleure exp\u00e9rience avec Museliving. <a href=\"https:\/\/museliving.eu\/fr\/contact-us\/\">Contactez-nous<\/a> ici ou envoyez-nous un e-mail \u00e0 <em><strong><a href=\"mailto:sales@museliving.eu\" rel=\"noopener\">sales@museliving.eu<\/a><\/strong><\/em> pour commencer.<\/p>\n<blockquote class=\"wp-embedded-content\" data-secret=\"1ClA8Vowq5\"><p><a href=\"https:\/\/museliving.eu\/wine-rack-guide-how-to-choose-the-perfect-one\/\">Wine Rack Guide &#8211; how to Choose the Perfect One<\/a><\/p><\/blockquote>\n<p><iframe class=\"wp-embedded-content\" sandbox=\"allow-scripts\" security=\"restricted\" style=\"position: absolute; visibility: hidden;\" title=\"&#8220;Wine Rack Guide &#8211; how to Choose the Perfect One&#8221; &#8212; \" src=\"https:\/\/museliving.eu\/wine-rack-guide-how-to-choose-the-perfect-one\/embed\/#?secret=IThAsfOq5o#?secret=1ClA8Vowq5\" data-secret=\"1ClA8Vowq5\" width=\"600\" height=\"338\" frameborder=\"0\" marginwidth=\"0\" marginheight=\"0\" scrolling=\"no\"><\/iframe><\/p>\n","protected":false},"excerpt":{"rendered":"<ul>\n<li style=\"text-align: left;\">Taille (HxLxP cm): 30&#215;55.5&#215;30 cm<\/li>\n<li style=\"text-align: left;\">Placement: sol ou dans le syst\u00e8me de casiers<\/li>\n<li style=\"text-align: left;\">Poids: 4 kg<\/li>\n<li style=\"text-align: left;\">Nombre de bouteilles: 3<\/li>\n<li style=\"text-align: left;\">Type de bouteilles: Bordeaux, Alsace, Bourgogne, Champagne<\/li>\n<li style=\"text-align: left;\">Con\u00e7u pour remplir les espaces d&#8217;angle dans vos installations de stockage de vin.<\/li>\n<li style=\"text-align: left;\">Livraison: Assembl\u00e9<\/li>\n<\/ul>\n","protected":false},"featured_media":22762,"template":"","meta":{"_acf_changed":false},"product_brand":[],"product_cat":[582,588,591],"product_tag":[597,600,594,603],"class_list":{"0":"post-22764","1":"product","2":"type-product","3":"status-publish","4":"has-post-thumbnail","6":"product_cat-casiers-a-vin","7":"product_cat-vinovault-fr","8":"product_cat-winenest-fr","9":"product_tag-casier-a-vin-tag","10":"product_tag-casiers-a-vin-tag","11":"product_tag-cave-a-vin-tag","12":"product_tag-stockage-du-vin-tag","14":"first","15":"instock","16":"taxable","17":"shipping-taxable","18":"purchasable","19":"product-type-simple"},"acf":[],"yoast_head":"<!-- This site is optimized with the Yoast SEO plugin v26.9 - https:\/\/yoast.com\/product\/yoast-seo-wordpress\/ -->\n<title>Casier \u00e0 vin - Half Nia - Ch\u00eane Fum\u00e9 - museliving.eu<\/title>\n<meta name=\"description\" content=\"Casier \u00e0 vin \u00e9co-con\u00e7u pour r\u00e9duire l&#039;empreinte carbone, avec une attention particuli\u00e8re \u00e0 l&#039;environnement et une perfection visible dans chaque d\u00e9tail.\" \/>\n<meta name=\"robots\" content=\"noindex, follow, max-snippet:-1, max-image-preview:large, max-video-preview:-1\" \/>\n<meta property=\"og:locale\" content=\"fr_FR\" \/>\n<meta property=\"og:type\" content=\"article\" \/>\n<meta property=\"og:title\" content=\"Casier \u00e0 vin - Half Nia - Ch\u00eane Fum\u00e9 - museliving.eu\" \/>\n<meta property=\"og:description\" content=\"Casier \u00e0 vin \u00e9co-con\u00e7u pour r\u00e9duire l&#039;empreinte carbone, avec une attention particuli\u00e8re \u00e0 l&#039;environnement et une perfection visible dans chaque d\u00e9tail.\" \/>\n<meta property=\"og:url\" content=\"https:\/\/museliving.auxodev2.dk\/fr\/product\/casier-a-vin-half-nia-chene-fume\/\" \/>\n<meta property=\"og:site_name\" content=\"museliving.eu\" \/>\n<meta property=\"article:modified_time\" content=\"2025-08-01T08:27:27+00:00\" \/>\n<meta property=\"og:image\" content=\"https:\/\/museliving.auxodev2.dk\/wp-content\/uploads\/Photo-coming.png\" \/>\n\t<meta property=\"og:image:width\" content=\"1200\" \/>\n\t<meta property=\"og:image:height\" content=\"1200\" \/>\n\t<meta property=\"og:image:type\" content=\"image\/png\" \/>\n<meta name=\"twitter:card\" content=\"summary_large_image\" \/>\n<meta name=\"twitter:label1\" content=\"Est. reading time\" \/>\n\t<meta name=\"twitter:data1\" content=\"4 minutes\" \/>\n<script type=\"application\/ld+json\" class=\"yoast-schema-graph\">{\"@context\":\"https:\/\/schema.org\",\"@graph\":[{\"@type\":\"WebPage\",\"@id\":\"https:\/\/museliving.auxodev2.dk\/fr\/product\/casier-a-vin-half-nia-chene-fume\/\",\"url\":\"https:\/\/museliving.auxodev2.dk\/fr\/product\/casier-a-vin-half-nia-chene-fume\/\",\"name\":\"Casier \u00e0 vin - Half Nia - Ch\u00eane Fum\u00e9 - museliving.eu\",\"isPartOf\":{\"@id\":\"https:\/\/museliving.auxodev2.dk\/fr\/#website\"},\"primaryImageOfPage\":{\"@id\":\"https:\/\/museliving.auxodev2.dk\/fr\/product\/casier-a-vin-half-nia-chene-fume\/#primaryimage\"},\"image\":{\"@id\":\"https:\/\/museliving.auxodev2.dk\/fr\/product\/casier-a-vin-half-nia-chene-fume\/#primaryimage\"},\"thumbnailUrl\":\"https:\/\/museliving.auxodev2.dk\/wp-content\/uploads\/Photo-coming.png\",\"datePublished\":\"2025-07-28T16:26:26+00:00\",\"dateModified\":\"2025-08-01T08:27:27+00:00\",\"description\":\"Casier \u00e0 vin \u00e9co-con\u00e7u pour r\u00e9duire l'empreinte carbone, avec une attention particuli\u00e8re \u00e0 l'environnement et une perfection visible dans chaque d\u00e9tail.\",\"breadcrumb\":{\"@id\":\"https:\/\/museliving.auxodev2.dk\/fr\/product\/casier-a-vin-half-nia-chene-fume\/#breadcrumb\"},\"inLanguage\":\"fr-FR\",\"potentialAction\":[{\"@type\":\"ReadAction\",\"target\":[\"https:\/\/museliving.auxodev2.dk\/fr\/product\/casier-a-vin-half-nia-chene-fume\/\"]}]},{\"@type\":\"ImageObject\",\"inLanguage\":\"fr-FR\",\"@id\":\"https:\/\/museliving.auxodev2.dk\/fr\/product\/casier-a-vin-half-nia-chene-fume\/#primaryimage\",\"url\":\"https:\/\/museliving.auxodev2.dk\/wp-content\/uploads\/Photo-coming.png\",\"contentUrl\":\"https:\/\/museliving.auxodev2.dk\/wp-content\/uploads\/Photo-coming.png\",\"width\":1200,\"height\":1200},{\"@type\":\"BreadcrumbList\",\"@id\":\"https:\/\/museliving.auxodev2.dk\/fr\/product\/casier-a-vin-half-nia-chene-fume\/#breadcrumb\",\"itemListElement\":[{\"@type\":\"ListItem\",\"position\":1,\"name\":\"Home\",\"item\":\"https:\/\/museliving.auxodev2.dk\/fr\/accueil\/\"},{\"@type\":\"ListItem\",\"position\":2,\"name\":\"Tous les produits\",\"item\":\"https:\/\/museliving.auxodev2.dk\/fr\/shop\/\"},{\"@type\":\"ListItem\",\"position\":3,\"name\":\"Casiers \u00e0 vin\",\"item\":\"https:\/\/museliving.auxodev2.dk\/fr\/category\/casiers-a-vin\/\"},{\"@type\":\"ListItem\",\"position\":4,\"name\":\"Casier \u00e0 vin &#8211; Half Nia &#8211; Ch\u00eane Fum\u00e9\"}]},{\"@type\":\"WebSite\",\"@id\":\"https:\/\/museliving.auxodev2.dk\/fr\/#website\",\"url\":\"https:\/\/museliving.auxodev2.dk\/fr\/\",\"name\":\"museliving.eu\",\"description\":\"\",\"publisher\":{\"@id\":\"https:\/\/museliving.auxodev2.dk\/fr\/#organization\"},\"potentialAction\":[{\"@type\":\"SearchAction\",\"target\":{\"@type\":\"EntryPoint\",\"urlTemplate\":\"https:\/\/museliving.auxodev2.dk\/fr\/?s={search_term_string}\"},\"query-input\":{\"@type\":\"PropertyValueSpecification\",\"valueRequired\":true,\"valueName\":\"search_term_string\"}}],\"inLanguage\":\"fr-FR\"},{\"@type\":\"Organization\",\"@id\":\"https:\/\/museliving.auxodev2.dk\/fr\/#organization\",\"name\":\"Museliving\",\"url\":\"https:\/\/museliving.auxodev2.dk\/fr\/\",\"logo\":{\"@type\":\"ImageObject\",\"inLanguage\":\"fr-FR\",\"@id\":\"https:\/\/museliving.auxodev2.dk\/fr\/#\/schema\/logo\/image\/\",\"url\":\"https:\/\/museliving.auxodev2.dk\/wp-content\/uploads\/websted-logo.png\",\"contentUrl\":\"https:\/\/museliving.auxodev2.dk\/wp-content\/uploads\/websted-logo.png\",\"width\":350,\"height\":100,\"caption\":\"Museliving\"},\"image\":{\"@id\":\"https:\/\/museliving.auxodev2.dk\/fr\/#\/schema\/logo\/image\/\"}}]}<\/script>\n<!-- \/ Yoast SEO plugin. -->","yoast_head_json":{"title":"Casier \u00e0 vin - Half Nia - Ch\u00eane Fum\u00e9 - museliving.eu","description":"Casier \u00e0 vin \u00e9co-con\u00e7u pour r\u00e9duire l'empreinte carbone, avec une attention particuli\u00e8re \u00e0 l'environnement et une perfection visible dans chaque d\u00e9tail.","robots":{"index":"noindex","follow":"follow","max-snippet":"max-snippet:-1","max-image-preview":"max-image-preview:large","max-video-preview":"max-video-preview:-1"},"og_locale":"fr_FR","og_type":"article","og_title":"Casier \u00e0 vin - Half Nia - Ch\u00eane Fum\u00e9 - museliving.eu","og_description":"Casier \u00e0 vin \u00e9co-con\u00e7u pour r\u00e9duire l'empreinte carbone, avec une attention particuli\u00e8re \u00e0 l'environnement et une perfection visible dans chaque d\u00e9tail.","og_url":"https:\/\/museliving.auxodev2.dk\/fr\/product\/casier-a-vin-half-nia-chene-fume\/","og_site_name":"museliving.eu","article_modified_time":"2025-08-01T08:27:27+00:00","og_image":[{"width":1200,"height":1200,"url":"https:\/\/museliving.auxodev2.dk\/wp-content\/uploads\/Photo-coming.png","type":"image\/png"}],"twitter_card":"summary_large_image","twitter_misc":{"Est. reading time":"4 minutes"},"schema":{"@context":"https:\/\/schema.org","@graph":[{"@type":"WebPage","@id":"https:\/\/museliving.auxodev2.dk\/fr\/product\/casier-a-vin-half-nia-chene-fume\/","url":"https:\/\/museliving.auxodev2.dk\/fr\/product\/casier-a-vin-half-nia-chene-fume\/","name":"Casier \u00e0 vin - Half Nia - Ch\u00eane Fum\u00e9 - museliving.eu","isPartOf":{"@id":"https:\/\/museliving.auxodev2.dk\/fr\/#website"},"primaryImageOfPage":{"@id":"https:\/\/museliving.auxodev2.dk\/fr\/product\/casier-a-vin-half-nia-chene-fume\/#primaryimage"},"image":{"@id":"https:\/\/museliving.auxodev2.dk\/fr\/product\/casier-a-vin-half-nia-chene-fume\/#primaryimage"},"thumbnailUrl":"https:\/\/museliving.auxodev2.dk\/wp-content\/uploads\/Photo-coming.png","datePublished":"2025-07-28T16:26:26+00:00","dateModified":"2025-08-01T08:27:27+00:00","description":"Casier \u00e0 vin \u00e9co-con\u00e7u pour r\u00e9duire l'empreinte carbone, avec une attention particuli\u00e8re \u00e0 l'environnement et une perfection visible dans chaque d\u00e9tail.","breadcrumb":{"@id":"https:\/\/museliving.auxodev2.dk\/fr\/product\/casier-a-vin-half-nia-chene-fume\/#breadcrumb"},"inLanguage":"fr-FR","potentialAction":[{"@type":"ReadAction","target":["https:\/\/museliving.auxodev2.dk\/fr\/product\/casier-a-vin-half-nia-chene-fume\/"]}]},{"@type":"ImageObject","inLanguage":"fr-FR","@id":"https:\/\/museliving.auxodev2.dk\/fr\/product\/casier-a-vin-half-nia-chene-fume\/#primaryimage","url":"https:\/\/museliving.auxodev2.dk\/wp-content\/uploads\/Photo-coming.png","contentUrl":"https:\/\/museliving.auxodev2.dk\/wp-content\/uploads\/Photo-coming.png","width":1200,"height":1200},{"@type":"BreadcrumbList","@id":"https:\/\/museliving.auxodev2.dk\/fr\/product\/casier-a-vin-half-nia-chene-fume\/#breadcrumb","itemListElement":[{"@type":"ListItem","position":1,"name":"Home","item":"https:\/\/museliving.auxodev2.dk\/fr\/accueil\/"},{"@type":"ListItem","position":2,"name":"Tous les produits","item":"https:\/\/museliving.auxodev2.dk\/fr\/shop\/"},{"@type":"ListItem","position":3,"name":"Casiers \u00e0 vin","item":"https:\/\/museliving.auxodev2.dk\/fr\/category\/casiers-a-vin\/"},{"@type":"ListItem","position":4,"name":"Casier \u00e0 vin &#8211; Half Nia &#8211; Ch\u00eane Fum\u00e9"}]},{"@type":"WebSite","@id":"https:\/\/museliving.auxodev2.dk\/fr\/#website","url":"https:\/\/museliving.auxodev2.dk\/fr\/","name":"museliving.eu","description":"","publisher":{"@id":"https:\/\/museliving.auxodev2.dk\/fr\/#organization"},"potentialAction":[{"@type":"SearchAction","target":{"@type":"EntryPoint","urlTemplate":"https:\/\/museliving.auxodev2.dk\/fr\/?s={search_term_string}"},"query-input":{"@type":"PropertyValueSpecification","valueRequired":true,"valueName":"search_term_string"}}],"inLanguage":"fr-FR"},{"@type":"Organization","@id":"https:\/\/museliving.auxodev2.dk\/fr\/#organization","name":"Museliving","url":"https:\/\/museliving.auxodev2.dk\/fr\/","logo":{"@type":"ImageObject","inLanguage":"fr-FR","@id":"https:\/\/museliving.auxodev2.dk\/fr\/#\/schema\/logo\/image\/","url":"https:\/\/museliving.auxodev2.dk\/wp-content\/uploads\/websted-logo.png","contentUrl":"https:\/\/museliving.auxodev2.dk\/wp-content\/uploads\/websted-logo.png","width":350,"height":100,"caption":"Museliving"},"image":{"@id":"https:\/\/museliving.auxodev2.dk\/fr\/#\/schema\/logo\/image\/"}}]}},"_links":{"self":[{"href":"https:\/\/museliving.auxodev2.dk\/fr\/wp-json\/wp\/v2\/product\/22764","targetHints":{"allow":["GET"]}}],"collection":[{"href":"https:\/\/museliving.auxodev2.dk\/fr\/wp-json\/wp\/v2\/product"}],"about":[{"href":"https:\/\/museliving.auxodev2.dk\/fr\/wp-json\/wp\/v2\/types\/product"}],"version-history":[{"count":1,"href":"https:\/\/museliving.auxodev2.dk\/fr\/wp-json\/wp\/v2\/product\/22764\/revisions"}],"predecessor-version":[{"id":22765,"href":"https:\/\/museliving.auxodev2.dk\/fr\/wp-json\/wp\/v2\/product\/22764\/revisions\/22765"}],"wp:featuredmedia":[{"embeddable":true,"href":"https:\/\/museliving.auxodev2.dk\/fr\/wp-json\/wp\/v2\/media\/22762"}],"wp:attachment":[{"href":"https:\/\/museliving.auxodev2.dk\/fr\/wp-json\/wp\/v2\/media?parent=22764"}],"wp:term":[{"taxonomy":"product_brand","embeddable":true,"href":"https:\/\/museliving.auxodev2.dk\/fr\/wp-json\/wp\/v2\/product_brand?post=22764"},{"taxonomy":"product_cat","embeddable":true,"href":"https:\/\/museliving.auxodev2.dk\/fr\/wp-json\/wp\/v2\/product_cat?post=22764"},{"taxonomy":"product_tag","embeddable":true,"href":"https:\/\/museliving.auxodev2.dk\/fr\/wp-json\/wp\/v2\/product_tag?post=22764"}],"curies":[{"name":"wp","href":"https:\/\/api.w.org\/{rel}","templated":true}]}}