{"id":22717,"date":"2025-07-28T17:38:03","date_gmt":"2025-07-28T15:38:03","guid":{"rendered":"https:\/\/museliving.auxodev2.dk\/?post_type=product&#038;p=22717"},"modified":"2025-08-01T10:09:12","modified_gmt":"2025-08-01T08:09:12","slug":"etagere-a-vin-half-rex-horizontal-pin","status":"publish","type":"product","link":"https:\/\/museliving.auxodev2.dk\/fr\/product\/etagere-a-vin-half-rex-horizontal-pin\/","title":{"rendered":"Casier \u00e0 vin &#8211; Half Rex Horizontal &#8211; Pin"},"content":{"rendered":"<h4><strong>L&#8217;empreinte CO2 la plus basse sur le march\u00e9 des \u00c9tag\u00e8re \u00e0 vin en Pin<\/strong><\/h4>\n<p>Chez Museliving, nous sommes engag\u00e9s dans la protection de l\u2019environnement et nous faisons de notre mieux pour int\u00e9grer le bois dans nos produits et m\u00e9thodes de production. Notre gamme Winenest de \u00e9tag\u00e8re \u00e0 vin pin, porte-bouteilles et solutions de rangement a \u00e9t\u00e9 con\u00e7ue et fabriqu\u00e9e pour minimiser l\u2019empreinte CO2 sans compromettre la qualit\u00e9. C\u2019est pourquoi nous sommes fiers d\u2019affirmer que nos \u00e9tag\u00e8re \u00e0 vin Winenest ont l\u2019empreinte CO2 la plus basse du secteur, tout en offrant une qualit\u00e9 et une fonctionnalit\u00e9 exceptionnelles.<\/p>\n<h4><strong>La perfection dans les moindres d\u00e9tails: un aper\u00e7u d\u2019un \u00e9tag\u00e8re \u00e0 vin<\/strong><\/h4>\n<p>Winenest est une \u00e9l\u00e9gante gamme de casiers \u00e0 vin fabriqu\u00e9s \u00e0 partir de baguettes en bois de haute qualit\u00e9. Ils sont con\u00e7us pour offrir une flexibilit\u00e9 maximale avec de nombreuses options pour stocker vos vins. Gr\u00e2ce \u00e0 un design ing\u00e9nieux, vous pouvez empiler plusieurs casiers ou les placer c\u00f4te \u00e0 c\u00f4te, cr\u00e9ant ainsi un impressionnant mur de rangement ou les utiliser comme des porte-bouteilles individuels.<\/p>\n<h4><strong>Prix et valeur: cela vaut-il le co\u00fbt?<\/strong><\/h4>\n<p>Chez Museliving, nous comprenons que votre collection de vin est aussi unique que vous. C\u2019est pourquoi nous offrons la possibilit\u00e9 de personnaliser chaque casier \u00e0 vin selon vos pr\u00e9f\u00e9rences individuelles. Vous avez besoin d&#8217;une taille sp\u00e9ciale pour un espace particulier? Vous pr\u00e9f\u00e9rez une autre finition ou un autre style? Nous pouvons tout adapter selon vos souhaits. Contactez-nous simplement \u00e0 l&#8217;adresse <em><strong><a href=\"mailto:sales@museliving.eu\" rel=\"noopener\">sales@museliving.eu<\/a><\/strong><\/em>, et nous cr\u00e9erons la solution de rangement pour vin parfaite pour vous.<\/p>\n<p>Si vous le souhaitez, nous pouvons \u00e9galement vous proposer une proposition compl\u00e8te pour votre \u00e9tag\u00e8re \u00e0 vin. Cela inclut des casiers \u00e0 vin en bois, des porte-bouteilles et des solutions de rangement pour vos bouteilles de vin et autres bouteilles. N\u2019h\u00e9sitez pas \u00e0 nous contacter \u00e0 l\u2019adresse <strong><em><a href=\"mailto:sales@museliving.eu\" rel=\"noopener\">sales@museliving.eu<\/a><\/em><\/strong>. De la conception \u00e0 la livraison en moins de 4 semaines.<\/p>\n<h4><strong>Satisfaction client: une priorit\u00e9<\/strong><\/h4>\n<p>Nous sommes fiers de livrer des produits qui non seulement r\u00e9pondent aux attentes de nos clients, mais les d\u00e9passent. Notre \u00e9quipe d\u00e9di\u00e9e au service client\u00e8le est toujours pr\u00eate \u00e0 vous aider avec vos questions ou demandes sp\u00e9ciales. Nous croyons qu\u2019un excellent vin m\u00e9rite une solution de stockage tout aussi excellente. C\u2019est pourquoi nos casiers \u00e0 vin sont con\u00e7us pour \u00eatre \u00e0 la fois fonctionnels et esth\u00e9tiques.<\/p>\n<h4><strong>Durabilit\u00e9 et innovation<\/strong><\/h4>\n<p>Museliving s\u2019engage non seulement \u00e0 r\u00e9duire l\u2019empreinte CO2, mais aussi \u00e0 promouvoir la durabilit\u00e9 gr\u00e2ce \u00e0 des solutions innovantes. Nous am\u00e9liorons continuellement nos processus de production et le choix des mat\u00e9riaux pour garantir des produits respectueux de l&#8217;environnement. Notre objectif est de cr\u00e9er un \u00e9quilibre entre luxe et durabilit\u00e9, afin que vous puissiez d\u00e9guster votre vin en toute conscience.<\/p>\n<h4><strong>L\u2019avenir du stockage du vin<\/strong><\/h4>\n<p>Nous sommes convaincus que l\u2019avenir du stockage du vin repose sur des solutions durables et flexibles. Avec la gamme Winenest, vous obtenez non seulement un \u00e9tag\u00e8re \u00e0 vin, mais un investissement dans la qualit\u00e9, le design et la conscience environnementale. Laissez-nous vous aider \u00e0 cr\u00e9er le cadre parfait pour votre collection de vins, afin que vous puissiez profiter pleinement de chaque bouteille.<\/p>\n<h4><strong>Qualit\u00e9 et artisanat<\/strong><\/h4>\n<p>Chaque \u00e9tag\u00e8re \u00e0 vin pin Winenest est le r\u00e9sultat d\u2019un artisanat minutieux et d\u2019une passion pour les d\u00e9tails. Notre \u00e9quipe d\u2019artisans qualifi\u00e9s utilise uniquement les meilleurs mat\u00e9riaux pour garantir que chaque \u00e9tag\u00e8re \u00e0 vin respecte nos normes \u00e9lev\u00e9es. Nous croyons que la qualit\u00e9 ne se r\u00e9sume pas \u00e0 la durabilit\u00e9, mais inclut \u00e9galement l\u2019esth\u00e9tique et la fonctionnalit\u00e9. C\u2019est pourquoi chaque \u00e9tag\u00e8re \u00e0 vin est con\u00e7u pour \u00eatre \u00e0 la fois beau et pratique, afin que vous puissiez ranger votre vin avec style.<\/p>\n<h4><strong>Port\u00e9e europ\u00e9enne<\/strong><\/h4>\n<p>Museliving est fier de pouvoir livrer nos produits aux amateurs de vin \u00e0 travers toute l\u2019Europe. O\u00f9 que vous soyez, vous pouvez profiter de nos solutions de stockage de vin durables et \u00e9l\u00e9gantes. Nous offrons une <a href=\"https:\/\/museliving.fr\/livraison\/\">livraison<\/a> dans toute l\u2019Europe et veillons \u00e0 ce que vos \u00e9tag\u00e8re \u00e0 vin pin arrivent en toute s\u00e9curit\u00e9 et \u00e0 temps. Notre port\u00e9e nous permet de partager notre passion pour le stockage du vin avec un large public et de contribuer \u00e0 un avenir durable.<\/p>\n<h4><strong>Contactez-nous<\/strong><\/h4>\n<p>Nous sommes toujours l\u00e0 pour vous aider \u00e0 trouver la solution de stockage de vin parfaite. Pour toute question sur nos produits, des conseils en design ou une commande sp\u00e9ciale, n\u2019h\u00e9sitez pas \u00e0 nous contacter. Notre \u00e9quipe amicale et comp\u00e9tente est l\u00e0 pour s&#8217;assurer que vous viviez la meilleure exp\u00e9rience avec Museliving. <a href=\"https:\/\/museliving.fr\/nous-contacter\/\">Contactez-nous<\/a> ici ou envoyez-nous un e-mail \u00e0 <em><strong><a href=\"mailto:sales@museliving.eu\" rel=\"noopener\">sales@museliving.eu<\/a><\/strong><\/em> pour commencer.<\/p>\n<blockquote class=\"wp-embedded-content\" data-secret=\"9aIKqpv353\"><p><a href=\"https:\/\/museliving.eu\/wine-rack-guide-how-to-choose-the-perfect-one\/\">Wine Rack Guide &#8211; how to Choose the Perfect One<\/a><\/p><\/blockquote>\n<p><iframe class=\"wp-embedded-content\" sandbox=\"allow-scripts\" security=\"restricted\" style=\"position: absolute; visibility: hidden;\" title=\"&#8220;Wine Rack Guide &#8211; how to Choose the Perfect One&#8221; &#8212; \" src=\"https:\/\/museliving.eu\/wine-rack-guide-how-to-choose-the-perfect-one\/embed\/#?secret=IThAsfOq5o#?secret=9aIKqpv353\" data-secret=\"9aIKqpv353\" width=\"600\" height=\"338\" frameborder=\"0\" marginwidth=\"0\" marginheight=\"0\" scrolling=\"no\"><\/iframe><\/p>\n","protected":false},"excerpt":{"rendered":"<ul>\n<li style=\"text-align: left;\">Taille (HxWxD cm): 30x60x30 cm<\/li>\n<li style=\"text-align: left;\">Emplacement: au sol ou en rack<\/li>\n<li style=\"text-align: left;\">Poids: 4 kg<\/li>\n<li style=\"text-align: left;\">Nombre de bouteilles: 15<\/li>\n<li style=\"text-align: left;\">Type de bouteille: Bordeaux, Alsace, Bourgogne, Champagne<\/li>\n<li style=\"text-align: left;\">Livraison: Assembl\u00e9<\/li>\n<\/ul>\n","protected":false},"featured_media":22718,"template":"","meta":{"_acf_changed":false},"product_brand":[],"product_cat":[582,591],"product_tag":[597,600,594,603],"class_list":{"0":"post-22717","1":"product","2":"type-product","3":"status-publish","4":"has-post-thumbnail","6":"product_cat-casiers-a-vin","7":"product_cat-winenest-fr","8":"product_tag-casier-a-vin-tag","9":"product_tag-casiers-a-vin-tag","10":"product_tag-cave-a-vin-tag","11":"product_tag-stockage-du-vin-tag","13":"first","14":"instock","15":"taxable","16":"shipping-taxable","17":"purchasable","18":"product-type-simple"},"acf":[],"yoast_head":"<!-- This site is optimized with the Yoast SEO plugin v26.9 - https:\/\/yoast.com\/product\/yoast-seo-wordpress\/ -->\n<title>\u00c9tag\u00e8re \u00e0 vin Pin - Half Rex Horizontal - museliving.eu<\/title>\n<meta name=\"description\" content=\"\u00c9tag\u00e8re \u00e0 vin \u00e9cologiques en bois Pin, alliant charme rustique et praticit\u00e9 pour stocker et exposer vos bouteilles de vin avec style.\" \/>\n<meta name=\"robots\" content=\"noindex, follow, max-snippet:-1, max-image-preview:large, max-video-preview:-1\" \/>\n<meta property=\"og:locale\" content=\"fr_FR\" \/>\n<meta property=\"og:type\" content=\"article\" \/>\n<meta property=\"og:title\" content=\"\u00c9tag\u00e8re \u00e0 vin Pin - Half Rex Horizontal - museliving.eu\" \/>\n<meta property=\"og:description\" content=\"\u00c9tag\u00e8re \u00e0 vin \u00e9cologiques en bois Pin, alliant charme rustique et praticit\u00e9 pour stocker et exposer vos bouteilles de vin avec style.\" \/>\n<meta property=\"og:url\" content=\"https:\/\/museliving.auxodev2.dk\/fr\/product\/etagere-a-vin-half-rex-horizontal-pin\/\" \/>\n<meta property=\"og:site_name\" content=\"museliving.eu\" \/>\n<meta property=\"article:modified_time\" content=\"2025-08-01T08:09:12+00:00\" \/>\n<meta property=\"og:image\" content=\"https:\/\/museliving.auxodev2.dk\/wp-content\/uploads\/Half-Rex-Pine-front1-1.jpg\" \/>\n\t<meta property=\"og:image:width\" content=\"1200\" \/>\n\t<meta property=\"og:image:height\" content=\"800\" \/>\n\t<meta property=\"og:image:type\" content=\"image\/jpeg\" \/>\n<meta name=\"twitter:card\" content=\"summary_large_image\" \/>\n<meta name=\"twitter:label1\" content=\"Est. reading time\" \/>\n\t<meta name=\"twitter:data1\" content=\"4 minutes\" \/>\n<script type=\"application\/ld+json\" class=\"yoast-schema-graph\">{\"@context\":\"https:\/\/schema.org\",\"@graph\":[{\"@type\":\"WebPage\",\"@id\":\"https:\/\/museliving.auxodev2.dk\/fr\/product\/etagere-a-vin-half-rex-horizontal-pin\/\",\"url\":\"https:\/\/museliving.auxodev2.dk\/fr\/product\/etagere-a-vin-half-rex-horizontal-pin\/\",\"name\":\"\u00c9tag\u00e8re \u00e0 vin Pin - Half Rex Horizontal - museliving.eu\",\"isPartOf\":{\"@id\":\"https:\/\/museliving.auxodev2.dk\/fr\/#website\"},\"primaryImageOfPage\":{\"@id\":\"https:\/\/museliving.auxodev2.dk\/fr\/product\/etagere-a-vin-half-rex-horizontal-pin\/#primaryimage\"},\"image\":{\"@id\":\"https:\/\/museliving.auxodev2.dk\/fr\/product\/etagere-a-vin-half-rex-horizontal-pin\/#primaryimage\"},\"thumbnailUrl\":\"https:\/\/museliving.auxodev2.dk\/wp-content\/uploads\/Half-Rex-Pine-front1-1.jpg\",\"datePublished\":\"2025-07-28T15:38:03+00:00\",\"dateModified\":\"2025-08-01T08:09:12+00:00\",\"description\":\"\u00c9tag\u00e8re \u00e0 vin \u00e9cologiques en bois Pin, alliant charme rustique et praticit\u00e9 pour stocker et exposer vos bouteilles de vin avec style.\",\"breadcrumb\":{\"@id\":\"https:\/\/museliving.auxodev2.dk\/fr\/product\/etagere-a-vin-half-rex-horizontal-pin\/#breadcrumb\"},\"inLanguage\":\"fr-FR\",\"potentialAction\":[{\"@type\":\"ReadAction\",\"target\":[\"https:\/\/museliving.auxodev2.dk\/fr\/product\/etagere-a-vin-half-rex-horizontal-pin\/\"]}]},{\"@type\":\"ImageObject\",\"inLanguage\":\"fr-FR\",\"@id\":\"https:\/\/museliving.auxodev2.dk\/fr\/product\/etagere-a-vin-half-rex-horizontal-pin\/#primaryimage\",\"url\":\"https:\/\/museliving.auxodev2.dk\/wp-content\/uploads\/Half-Rex-Pine-front1-1.jpg\",\"contentUrl\":\"https:\/\/museliving.auxodev2.dk\/wp-content\/uploads\/Half-Rex-Pine-front1-1.jpg\",\"width\":1200,\"height\":800},{\"@type\":\"BreadcrumbList\",\"@id\":\"https:\/\/museliving.auxodev2.dk\/fr\/product\/etagere-a-vin-half-rex-horizontal-pin\/#breadcrumb\",\"itemListElement\":[{\"@type\":\"ListItem\",\"position\":1,\"name\":\"Home\",\"item\":\"https:\/\/museliving.auxodev2.dk\/fr\/accueil\/\"},{\"@type\":\"ListItem\",\"position\":2,\"name\":\"Tous les produits\",\"item\":\"https:\/\/museliving.auxodev2.dk\/fr\/shop\/\"},{\"@type\":\"ListItem\",\"position\":3,\"name\":\"Casiers \u00e0 vin\",\"item\":\"https:\/\/museliving.auxodev2.dk\/fr\/category\/casiers-a-vin\/\"},{\"@type\":\"ListItem\",\"position\":4,\"name\":\"Winenest\",\"item\":\"https:\/\/museliving.auxodev2.dk\/fr\/category\/casiers-a-vin\/winenest-fr\/\"},{\"@type\":\"ListItem\",\"position\":5,\"name\":\"Casier \u00e0 vin &#8211; Half Rex Horizontal &#8211; Pin\"}]},{\"@type\":\"WebSite\",\"@id\":\"https:\/\/museliving.auxodev2.dk\/fr\/#website\",\"url\":\"https:\/\/museliving.auxodev2.dk\/fr\/\",\"name\":\"museliving.eu\",\"description\":\"\",\"publisher\":{\"@id\":\"https:\/\/museliving.auxodev2.dk\/fr\/#organization\"},\"potentialAction\":[{\"@type\":\"SearchAction\",\"target\":{\"@type\":\"EntryPoint\",\"urlTemplate\":\"https:\/\/museliving.auxodev2.dk\/fr\/?s={search_term_string}\"},\"query-input\":{\"@type\":\"PropertyValueSpecification\",\"valueRequired\":true,\"valueName\":\"search_term_string\"}}],\"inLanguage\":\"fr-FR\"},{\"@type\":\"Organization\",\"@id\":\"https:\/\/museliving.auxodev2.dk\/fr\/#organization\",\"name\":\"Museliving\",\"url\":\"https:\/\/museliving.auxodev2.dk\/fr\/\",\"logo\":{\"@type\":\"ImageObject\",\"inLanguage\":\"fr-FR\",\"@id\":\"https:\/\/museliving.auxodev2.dk\/fr\/#\/schema\/logo\/image\/\",\"url\":\"https:\/\/museliving.auxodev2.dk\/wp-content\/uploads\/websted-logo.png\",\"contentUrl\":\"https:\/\/museliving.auxodev2.dk\/wp-content\/uploads\/websted-logo.png\",\"width\":350,\"height\":100,\"caption\":\"Museliving\"},\"image\":{\"@id\":\"https:\/\/museliving.auxodev2.dk\/fr\/#\/schema\/logo\/image\/\"}}]}<\/script>\n<!-- \/ Yoast SEO plugin. -->","yoast_head_json":{"title":"\u00c9tag\u00e8re \u00e0 vin Pin - Half Rex Horizontal - museliving.eu","description":"\u00c9tag\u00e8re \u00e0 vin \u00e9cologiques en bois Pin, alliant charme rustique et praticit\u00e9 pour stocker et exposer vos bouteilles de vin avec style.","robots":{"index":"noindex","follow":"follow","max-snippet":"max-snippet:-1","max-image-preview":"max-image-preview:large","max-video-preview":"max-video-preview:-1"},"og_locale":"fr_FR","og_type":"article","og_title":"\u00c9tag\u00e8re \u00e0 vin Pin - Half Rex Horizontal - museliving.eu","og_description":"\u00c9tag\u00e8re \u00e0 vin \u00e9cologiques en bois Pin, alliant charme rustique et praticit\u00e9 pour stocker et exposer vos bouteilles de vin avec style.","og_url":"https:\/\/museliving.auxodev2.dk\/fr\/product\/etagere-a-vin-half-rex-horizontal-pin\/","og_site_name":"museliving.eu","article_modified_time":"2025-08-01T08:09:12+00:00","og_image":[{"width":1200,"height":800,"url":"https:\/\/museliving.auxodev2.dk\/wp-content\/uploads\/Half-Rex-Pine-front1-1.jpg","type":"image\/jpeg"}],"twitter_card":"summary_large_image","twitter_misc":{"Est. reading time":"4 minutes"},"schema":{"@context":"https:\/\/schema.org","@graph":[{"@type":"WebPage","@id":"https:\/\/museliving.auxodev2.dk\/fr\/product\/etagere-a-vin-half-rex-horizontal-pin\/","url":"https:\/\/museliving.auxodev2.dk\/fr\/product\/etagere-a-vin-half-rex-horizontal-pin\/","name":"\u00c9tag\u00e8re \u00e0 vin Pin - Half Rex Horizontal - museliving.eu","isPartOf":{"@id":"https:\/\/museliving.auxodev2.dk\/fr\/#website"},"primaryImageOfPage":{"@id":"https:\/\/museliving.auxodev2.dk\/fr\/product\/etagere-a-vin-half-rex-horizontal-pin\/#primaryimage"},"image":{"@id":"https:\/\/museliving.auxodev2.dk\/fr\/product\/etagere-a-vin-half-rex-horizontal-pin\/#primaryimage"},"thumbnailUrl":"https:\/\/museliving.auxodev2.dk\/wp-content\/uploads\/Half-Rex-Pine-front1-1.jpg","datePublished":"2025-07-28T15:38:03+00:00","dateModified":"2025-08-01T08:09:12+00:00","description":"\u00c9tag\u00e8re \u00e0 vin \u00e9cologiques en bois Pin, alliant charme rustique et praticit\u00e9 pour stocker et exposer vos bouteilles de vin avec style.","breadcrumb":{"@id":"https:\/\/museliving.auxodev2.dk\/fr\/product\/etagere-a-vin-half-rex-horizontal-pin\/#breadcrumb"},"inLanguage":"fr-FR","potentialAction":[{"@type":"ReadAction","target":["https:\/\/museliving.auxodev2.dk\/fr\/product\/etagere-a-vin-half-rex-horizontal-pin\/"]}]},{"@type":"ImageObject","inLanguage":"fr-FR","@id":"https:\/\/museliving.auxodev2.dk\/fr\/product\/etagere-a-vin-half-rex-horizontal-pin\/#primaryimage","url":"https:\/\/museliving.auxodev2.dk\/wp-content\/uploads\/Half-Rex-Pine-front1-1.jpg","contentUrl":"https:\/\/museliving.auxodev2.dk\/wp-content\/uploads\/Half-Rex-Pine-front1-1.jpg","width":1200,"height":800},{"@type":"BreadcrumbList","@id":"https:\/\/museliving.auxodev2.dk\/fr\/product\/etagere-a-vin-half-rex-horizontal-pin\/#breadcrumb","itemListElement":[{"@type":"ListItem","position":1,"name":"Home","item":"https:\/\/museliving.auxodev2.dk\/fr\/accueil\/"},{"@type":"ListItem","position":2,"name":"Tous les produits","item":"https:\/\/museliving.auxodev2.dk\/fr\/shop\/"},{"@type":"ListItem","position":3,"name":"Casiers \u00e0 vin","item":"https:\/\/museliving.auxodev2.dk\/fr\/category\/casiers-a-vin\/"},{"@type":"ListItem","position":4,"name":"Winenest","item":"https:\/\/museliving.auxodev2.dk\/fr\/category\/casiers-a-vin\/winenest-fr\/"},{"@type":"ListItem","position":5,"name":"Casier \u00e0 vin &#8211; Half Rex Horizontal &#8211; Pin"}]},{"@type":"WebSite","@id":"https:\/\/museliving.auxodev2.dk\/fr\/#website","url":"https:\/\/museliving.auxodev2.dk\/fr\/","name":"museliving.eu","description":"","publisher":{"@id":"https:\/\/museliving.auxodev2.dk\/fr\/#organization"},"potentialAction":[{"@type":"SearchAction","target":{"@type":"EntryPoint","urlTemplate":"https:\/\/museliving.auxodev2.dk\/fr\/?s={search_term_string}"},"query-input":{"@type":"PropertyValueSpecification","valueRequired":true,"valueName":"search_term_string"}}],"inLanguage":"fr-FR"},{"@type":"Organization","@id":"https:\/\/museliving.auxodev2.dk\/fr\/#organization","name":"Museliving","url":"https:\/\/museliving.auxodev2.dk\/fr\/","logo":{"@type":"ImageObject","inLanguage":"fr-FR","@id":"https:\/\/museliving.auxodev2.dk\/fr\/#\/schema\/logo\/image\/","url":"https:\/\/museliving.auxodev2.dk\/wp-content\/uploads\/websted-logo.png","contentUrl":"https:\/\/museliving.auxodev2.dk\/wp-content\/uploads\/websted-logo.png","width":350,"height":100,"caption":"Museliving"},"image":{"@id":"https:\/\/museliving.auxodev2.dk\/fr\/#\/schema\/logo\/image\/"}}]}},"_links":{"self":[{"href":"https:\/\/museliving.auxodev2.dk\/fr\/wp-json\/wp\/v2\/product\/22717","targetHints":{"allow":["GET"]}}],"collection":[{"href":"https:\/\/museliving.auxodev2.dk\/fr\/wp-json\/wp\/v2\/product"}],"about":[{"href":"https:\/\/museliving.auxodev2.dk\/fr\/wp-json\/wp\/v2\/types\/product"}],"version-history":[{"count":1,"href":"https:\/\/museliving.auxodev2.dk\/fr\/wp-json\/wp\/v2\/product\/22717\/revisions"}],"predecessor-version":[{"id":22723,"href":"https:\/\/museliving.auxodev2.dk\/fr\/wp-json\/wp\/v2\/product\/22717\/revisions\/22723"}],"wp:featuredmedia":[{"embeddable":true,"href":"https:\/\/museliving.auxodev2.dk\/fr\/wp-json\/wp\/v2\/media\/22718"}],"wp:attachment":[{"href":"https:\/\/museliving.auxodev2.dk\/fr\/wp-json\/wp\/v2\/media?parent=22717"}],"wp:term":[{"taxonomy":"product_brand","embeddable":true,"href":"https:\/\/museliving.auxodev2.dk\/fr\/wp-json\/wp\/v2\/product_brand?post=22717"},{"taxonomy":"product_cat","embeddable":true,"href":"https:\/\/museliving.auxodev2.dk\/fr\/wp-json\/wp\/v2\/product_cat?post=22717"},{"taxonomy":"product_tag","embeddable":true,"href":"https:\/\/museliving.auxodev2.dk\/fr\/wp-json\/wp\/v2\/product_tag?post=22717"}],"curies":[{"name":"wp","href":"https:\/\/api.w.org\/{rel}","templated":true}]}}