{"id":23793,"date":"2025-07-08T13:22:21","date_gmt":"2025-07-08T11:22:21","guid":{"rendered":"https:\/\/museliving.auxodev2.dk\/politique-de-remboursement-et-de-retours\/"},"modified":"2025-08-24T08:25:14","modified_gmt":"2025-08-24T06:25:14","slug":"politique-de-remboursement-et-de-retours","status":"publish","type":"page","link":"https:\/\/museliving.auxodev2.dk\/fr\/politique-de-remboursement-et-de-retours\/","title":{"rendered":"Politique de remboursement et de retours"},"content":{"rendered":"\t\t<div data-elementor-type=\"wp-page\" data-elementor-id=\"23793\" class=\"elementor elementor-23793 elementor-19702\" data-elementor-post-type=\"page\">\n\t\t\t\t<div class=\"elementor-element elementor-element-3eb6e3f e-con-full e-flex e-con e-parent\" data-id=\"3eb6e3f\" data-element_type=\"container\">\n\t\t<div class=\"elementor-element elementor-element-afcd3f9 e-flex e-con-boxed e-con e-child\" data-id=\"afcd3f9\" data-element_type=\"container\" data-settings=\"{&quot;background_background&quot;:&quot;classic&quot;}\">\n\t\t\t\t\t<div class=\"e-con-inner\">\n\t\t<div class=\"elementor-element elementor-element-926e163 e-con-full e-flex e-con e-child\" data-id=\"926e163\" data-element_type=\"container\">\n\t\t\t\t<\/div>\n\t\t\t\t\t<\/div>\n\t\t\t\t<\/div>\n\t\t\t\t<\/div>\n\t\t<div class=\"elementor-element elementor-element-3517fe4 e-flex e-con-boxed e-con e-parent\" data-id=\"3517fe4\" data-element_type=\"container\" data-settings=\"{&quot;background_background&quot;:&quot;classic&quot;}\">\n\t\t\t\t\t<div class=\"e-con-inner\">\n\t\t<div class=\"elementor-element elementor-element-8d990c7 e-con-full e-flex e-con e-child\" data-id=\"8d990c7\" data-element_type=\"container\">\n\t\t\t\t<div class=\"elementor-element elementor-element-fd630a8 elementor-widget elementor-widget-heading\" data-id=\"fd630a8\" data-element_type=\"widget\" data-widget_type=\"heading.default\">\n\t\t\t\t\t<h2 class=\"elementor-heading-title elementor-size-default\">Conditions de garantie<\/h2>\t\t\t\t<\/div>\n\t\t\t\t<div class=\"elementor-element elementor-element-23e880a elementor-widget elementor-widget-text-editor\" data-id=\"23e880a\" data-element_type=\"widget\" data-widget_type=\"text-editor.default\">\n\t\t\t\t\t\t\t\t\t<p>Lorsque vous faites des achats chez Museliving en tant que consommateur, vous b\u00e9n\u00e9ficiez d&#8217;une garantie de 28 jours. Cela signifie que vous pouvez soit faire r\u00e9parer l&#8217;article, l&#8217;\u00e9changer, obtenir un remboursement ou refuser le prix, selon la situation sp\u00e9cifique. <\/p><p>Il est n\u00e9cessaire que la plainte soit justifi\u00e9e et que le d\u00e9faut ne soit pas d\u00fb \u00e0 une mauvaise utilisation du produit ou \u00e0 d&#8217;autres comportements nuisibles.<br>Vous devez faire une r\u00e9clamation dans un &#8220;d\u00e9lai raisonnable&#8221; apr\u00e8s avoir d\u00e9couvert le d\u00e9faut du produit. Si vous faites une r\u00e9clamation dans les 30 jours suivant la d\u00e9couverte du d\u00e9faut, la r\u00e9clamation sera toujours consid\u00e9r\u00e9e comme faite dans les d\u00e9lais.<br>Si la r\u00e9clamation est justifi\u00e9e, nous vous rembourserons vos frais de livraison (raisonnables). Le produit doit toujours \u00eatre retourn\u00e9 dans un emballage appropri\u00e9, et n&#8217;oubliez pas de demander un re\u00e7u pour l&#8217;exp\u00e9dition afin que nous puissions vous rembourser vos frais de livraison.  <\/p><div class=\"wp-block-group\"><div class=\"wp-block-group__inner-container is-layout-flow wp-block-group-is-layout-flow\"><div class=\"wp-block-group\"><div class=\"wp-block-group__inner-container is-layout-flow wp-block-group-is-layout-flow\"><p>Museliving ApS<br>E-mail: <a href=\"mailto:info@museliving.eu\">info@museliving.eu<\/a><br>Tel. +4524764838<\/p><\/div><\/div><\/div><\/div><p>Veuillez envoyer le produit \u00e0 :<br>Museliving ApS<br>Vejr\u00f8gade 14.1<br>2100 Copenhague \u00d8<br>Danemark<br>+4524764838<\/p>\t\t\t\t\t\t\t\t<\/div>\n\t\t\t\t<\/div>\n\t\t<div class=\"elementor-element elementor-element-1dbef78 e-con-full e-flex e-con e-child\" data-id=\"1dbef78\" data-element_type=\"container\">\n\t\t\t\t<div class=\"elementor-element elementor-element-bd73d90 elementor-widget elementor-widget-heading\" data-id=\"bd73d90\" data-element_type=\"widget\" data-widget_type=\"heading.default\">\n\t\t\t\t\t<h3 class=\"elementor-heading-title elementor-size-default\">Annulation d'un achat<\/h3>\t\t\t\t<\/div>\n\t\t\t\t<div class=\"elementor-element elementor-element-9a73947 elementor-widget elementor-widget-text-editor\" data-id=\"9a73947\" data-element_type=\"widget\" data-widget_type=\"text-editor.default\">\n\t\t\t\t\t\t\t\t\t<p>Vous pouvez annuler tout article d&#8217;une commande pour un remboursement, dans un d\u00e9lai de 28 jours suivant la r\u00e9ception de votre commande.<br>Le d\u00e9lai de retour expire 28 jours apr\u00e8s le jour o\u00f9 vous avez re\u00e7u votre article, ou le jour o\u00f9 vous avez re\u00e7u le dernier article d&#8217;une commande comportant plusieurs articles livr\u00e9s s\u00e9par\u00e9ment.<br>Si l&#8217;article se compose de plusieurs lots ou parties, le d\u00e9lai de retour expire 28 jours apr\u00e8s le jour o\u00f9 vous recevez le dernier lot, ou la derni\u00e8re partie en votre possession physique.<br>Vous devez nous informer dans les 28 jours suivant la r\u00e9ception du produit que vous souhaitez annuler votre achat. Le message doit \u00eatre envoy\u00e9 par \u00e9crit \u00e0 : info@museliving.eu.<br>Vous ne pouvez pas annuler un achat simplement en refusant de recevoir les marchandises sans nous en informer clairement. <\/p>\t\t\t\t\t\t\t\t<\/div>\n\t\t\t\t<\/div>\n\t\t<div class=\"elementor-element elementor-element-32008b9 e-con-full e-flex e-con e-child\" data-id=\"32008b9\" data-element_type=\"container\">\n\t\t\t\t<div class=\"elementor-element elementor-element-882061b elementor-widget elementor-widget-heading\" data-id=\"882061b\" data-element_type=\"widget\" data-widget_type=\"heading.default\">\n\t\t\t\t\t<h3 class=\"elementor-heading-title elementor-size-default\">Annulation d'une partie de l'achat<\/h3>\t\t\t\t<\/div>\n\t\t\t\t<div class=\"elementor-element elementor-element-03ca5f7 elementor-widget elementor-widget-text-editor\" data-id=\"03ca5f7\" data-element_type=\"widget\" data-widget_type=\"text-editor.default\">\n\t\t\t\t\t\t\t\t\t<p>Si vous avez achet\u00e9 plusieurs articles chez nous, vous avez la possibilit\u00e9 de retourner un ou plusieurs articles, m\u00eame s&#8217;ils ont \u00e9t\u00e9 achet\u00e9s sous une seule commande.<br>Veuillez noter que les frais de livraison ne seront pas rembours\u00e9s si vous annulez une partie de votre achat.<br>Articles exempt\u00e9s du droit d&#8217;annulation<\/p><p>Les types de produits suivants sont exempt\u00e9s du droit de r\u00e9tractation :<br>Livraison de biens scell\u00e9s qui, pour des raisons de sant\u00e9 ou d&#8217;hygi\u00e8ne, ne peuvent pas \u00eatre retourn\u00e9s et dont le sceau a \u00e9t\u00e9 bris\u00e9 apr\u00e8s la livraison.<br>Produits fabriqu\u00e9s sp\u00e9cifiquement selon vos souhaits (achats de fabrication\/achats de sp\u00e9cimens\/achats sur mesure).<br>Vous perdrez votre droit de r\u00e9tractation si vous brisez le sceau des biens qui, pour des raisons de sant\u00e9 ou d&#8217;hygi\u00e8ne, ne sont pas adapt\u00e9s au retour.<\/p>\t\t\t\t\t\t\t\t<\/div>\n\t\t\t\t<\/div>\n\t\t<div class=\"elementor-element elementor-element-0739c49 e-con-full e-flex e-con e-child\" data-id=\"0739c49\" data-element_type=\"container\">\n\t\t\t\t<div class=\"elementor-element elementor-element-1527ccb elementor-widget elementor-widget-heading\" data-id=\"1527ccb\" data-element_type=\"widget\" data-widget_type=\"heading.default\">\n\t\t\t\t\t<h3 class=\"elementor-heading-title elementor-size-default\">Retours<\/h3>\t\t\t\t<\/div>\n\t\t\t\t<div class=\"elementor-element elementor-element-691360f elementor-widget elementor-widget-text-editor\" data-id=\"691360f\" data-element_type=\"widget\" data-widget_type=\"text-editor.default\">\n\t\t\t\t\t\t\t\t\t<p>Vous devez nous retourner votre commande sans retard excessif et au plus tard 14 jours apr\u00e8s nous avoir inform\u00e9s de votre souhait d&#8217;annuler votre achat. Vous devez payer les frais directs li\u00e9s \u00e0 l&#8217;exp\u00e9dition de retour. Vous assumez le risque des biens \u00e0 partir du moment de leur livraison.<br>Certains produits, de par leur nature, ne peuvent pas \u00eatre retourn\u00e9s par courrier normal. Cela s&#8217;applique \u00e0 : les tonneaux \u00e0 vin et le mobilier \u00e0 vin.   <\/p>\t\t\t\t\t\t\t\t<\/div>\n\t\t\t\t<\/div>\n\t\t<div class=\"elementor-element elementor-element-e707d0d e-con-full e-flex e-con e-child\" data-id=\"e707d0d\" data-element_type=\"container\">\n\t\t\t\t<div class=\"elementor-element elementor-element-886fa31 elementor-widget elementor-widget-heading\" data-id=\"886fa31\" data-element_type=\"widget\" data-widget_type=\"heading.default\">\n\t\t\t\t\t<h3 class=\"elementor-heading-title elementor-size-default\">\u00c9tat de l'article lors de son retour<\/h3>\t\t\t\t<\/div>\n\t\t\t\t<div class=\"elementor-element elementor-element-9934e1e elementor-widget elementor-widget-text-editor\" data-id=\"9934e1e\" data-element_type=\"widget\" data-widget_type=\"text-editor.default\">\n\t\t\t\t\t\t\t\t\t<p>Vous \u00eates uniquement responsable de toute d\u00e9t\u00e9rioration de la valeur du produit due \u00e0 une manipulation autre que celle n\u00e9cessaire pour d\u00e9terminer la nature du produit, ses caract\u00e9ristiques et la mani\u00e8re dont il fonctionne. En d&#8217;autres termes, vous pouvez essayer le produit de la m\u00eame mani\u00e8re que si vous l&#8217;essayiez dans un magasin physique, mais vous n&#8217;\u00eates pas autoris\u00e9 \u00e0 l&#8217;utiliser r\u00e9ellement.<br>Si l&#8217;article a \u00e9t\u00e9 test\u00e9 au-del\u00e0 de ce qui est d\u00e9crit ci-dessus, nous le consid\u00e9rons comme utilis\u00e9, ce qui signifie qu&#8217;en cas d&#8217;annulation de l&#8217;achat, vous recevrez seulement une partie ou aucun montant de l&#8217;achat, en fonction de la valeur commerciale de l&#8217;article. <\/p>\t\t\t\t\t\t\t\t<\/div>\n\t\t\t\t<\/div>\n\t\t<div class=\"elementor-element elementor-element-119b05e e-con-full e-flex e-con e-child\" data-id=\"119b05e\" data-element_type=\"container\">\n\t\t\t\t<div class=\"elementor-element elementor-element-aeaaf98 elementor-widget elementor-widget-heading\" data-id=\"aeaaf98\" data-element_type=\"widget\" data-widget_type=\"heading.default\">\n\t\t\t\t\t<h3 class=\"elementor-heading-title elementor-size-default\">Articles en solde<\/h3>\t\t\t\t<\/div>\n\t\t\t\t<div class=\"elementor-element elementor-element-51bad7d elementor-widget elementor-widget-text-editor\" data-id=\"51bad7d\" data-element_type=\"widget\" data-widget_type=\"text-editor.default\">\n\t\t\t\t\t\t\t\t\t<p>Seuls les articles au prix r\u00e9gulier peuvent \u00eatre rembours\u00e9s. Les articles en solde ne peuvent pas \u00eatre rembours\u00e9s. <\/p>\t\t\t\t\t\t\t\t<\/div>\n\t\t\t\t<\/div>\n\t\t<div class=\"elementor-element elementor-element-aca36e8 e-con-full e-flex e-con e-child\" data-id=\"aca36e8\" data-element_type=\"container\">\n\t\t\t\t<div class=\"elementor-element elementor-element-da14139 elementor-widget elementor-widget-heading\" data-id=\"da14139\" data-element_type=\"widget\" data-widget_type=\"heading.default\">\n\t\t\t\t\t<h3 class=\"elementor-heading-title elementor-size-default\">Remboursement du montant d'achat<\/h3>\t\t\t\t<\/div>\n\t\t\t\t<div class=\"elementor-element elementor-element-5843a05 elementor-widget elementor-widget-text-editor\" data-id=\"5843a05\" data-element_type=\"widget\" data-widget_type=\"text-editor.default\">\n\t\t\t\t\t\t\t\t\t<p>Si vous regrettez votre achat, vous r\u00e9cup\u00e9rerez le montant que vous nous avez pay\u00e9. En cas de d\u00e9pr\u00e9ciation dont vous \u00eates responsable, ce montant sera d\u00e9duit du montant d&#8217;achat.<br>Si vous utilisez votre droit de r\u00e9tractation, nous rembourserons tous les paiements re\u00e7us de votre part, y compris les frais de livraison (\u00e0 l&#8217;exception des frais suppl\u00e9mentaires dus \u00e0 votre propre choix de mode de livraison, autre que la forme de livraison standard la moins ch\u00e8re que nous proposons), sans retard excessif et en tout cas au plus tard 14 jours \u00e0 compter de la date \u00e0 laquelle nous avons re\u00e7u l&#8217;avis de votre d\u00e9cision d&#8217;annuler cet accord. <\/p><p>Nous effectuerons ce remboursement en utilisant le m\u00eame mode de paiement que celui que vous avez utilis\u00e9 pour la transaction initiale, sauf si vous avez explicitement convenu d\u2019un autre mode.<br>Nous pouvons retenir le remboursement jusqu\u2019\u00e0 ce que nous ayons re\u00e7u les articles retourn\u00e9s, sauf si vous avez d\u00e9j\u00e0 soumis une preuve que vous avez retourn\u00e9 les articles.<\/p><p>En cas d&#8217;annulation et de retour, les articles doivent \u00eatre envoy\u00e9s \u00e0 :<\/p><p>Museliving ApS<br>Vejr\u00f8gade 14.1<br>2100 Copenhague \u00d8<br>Danemark<br>+4524764838<\/p><p>Vous pouvez \u00e9galement annuler en envoyant un message clair et en retournant les articles en personne \u00e0 l&#8217;adresse ci-dessus sur rendez-vous pr\u00e9alable.<br>Nous ne recevons pas de colis sans distribution ou envoy\u00e9s en contre-remboursement.<\/p>\t\t\t\t\t\t\t\t<\/div>\n\t\t\t\t<\/div>\n\t\t<div class=\"elementor-element elementor-element-6b69df0 e-con-full e-flex e-con e-child\" data-id=\"6b69df0\" data-element_type=\"container\">\n\t\t\t\t<div class=\"elementor-element elementor-element-22299df elementor-widget elementor-widget-heading\" data-id=\"22299df\" data-element_type=\"widget\" data-widget_type=\"heading.default\">\n\t\t\t\t\t<h3 class=\"elementor-heading-title elementor-size-default\">R\u00e9clamations<\/h3>\t\t\t\t<\/div>\n\t\t\t\t<div class=\"elementor-element elementor-element-356ce6f elementor-widget elementor-widget-text-editor\" data-id=\"356ce6f\" data-element_type=\"widget\" data-widget_type=\"text-editor.default\">\n\t\t\t\t\t\t\t\t\t<p>Si vous souhaitez faire une r\u00e9clamation concernant votre achat, veuillez contacter notre support au Tel. : <a href=\"tel:+48607153627\">+48 607153627.<\/a><\/p><p>Si vous \u00eates un consommateur r\u00e9sidant dans un autre pays de l&#8217;UE que la Pologne, vous pouvez faire appel au portail de r\u00e9clamation en ligne de la Commission europ\u00e9enne ici \u2013 <a href=\"http:\/\/ec.europa.eu\/odr\">http:\/\/ec.europa.eu\/odr<\/a>.<\/p><p>Formulaire standard de r\u00e9clamation<br>Ce formulaire est \u00e0 compl\u00e9ter et \u00e0 renvoyer uniquement si le droit \u00e0 la r\u00e9clamation est exerc\u00e9.<\/p><p>\u00c0 :<br>Museliving ApS<br>Vejr\u00f8gade 14.1<br>2100 Copenhague \u00d8<br>Danemark<\/p><p>Email : info@museliving.eu<br>Je soussign\u00e9(e) d\u00e9clare par la pr\u00e9sente que je souhaite exercer mon droit de r\u00e9tractation concernant mon contrat d&#8217;achat pour les biens\/services suivants :<\/p><p>Date de commande :<strong><em>___________________<\/em><\/strong> Date de r\u00e9ception :<strong><em>___________________<\/em><\/strong><\/p><p>Nom du consommateur : <strong><em>______________________________________<\/em><\/strong><\/p><p>Adresse du consommateur: <strong><em>______________________________________<\/em><\/strong><\/p><p>Signature du consommateur (uniquement si ce formulaire est imprim\u00e9 sur papier):<\/p><p>Date: <strong><em>_______________<\/em><\/strong><\/p>\t\t\t\t\t\t\t\t<\/div>\n\t\t\t\t<\/div>\n\t\t\t\t\t<\/div>\n\t\t\t\t<\/div>\n\t\t\t\t<\/div>\n\t\t","protected":false},"excerpt":{"rendered":"<p>Conditions de garantie Lorsque vous faites des achats chez Museliving en tant que consommateur, vous b\u00e9n\u00e9ficiez d&#8217;une garantie de 28 jours. Cela signifie que vous pouvez soit faire r\u00e9parer l&#8217;article, l&#8217;\u00e9changer, obtenir un remboursement ou refuser le prix, selon la situation sp\u00e9cifique. Il est n\u00e9cessaire que la plainte soit justifi\u00e9e et que le d\u00e9faut ne [&hellip;]<\/p>\n","protected":false},"author":1,"featured_media":0,"parent":0,"menu_order":0,"comment_status":"closed","ping_status":"closed","template":"","meta":{"_acf_changed":false,"footnotes":""},"class_list":["post-23793","page","type-page","status-publish","hentry"],"acf":[],"yoast_head":"<!-- This site is optimized with the Yoast SEO plugin v26.9 - https:\/\/yoast.com\/product\/yoast-seo-wordpress\/ -->\n<title>Politique de remboursement et de retours - museliving.eu<\/title>\n<meta name=\"robots\" content=\"noindex, follow, max-snippet:-1, max-image-preview:large, max-video-preview:-1\" \/>\n<meta property=\"og:locale\" content=\"fr_FR\" \/>\n<meta property=\"og:type\" content=\"article\" \/>\n<meta property=\"og:title\" content=\"Politique de remboursement et de retours - museliving.eu\" \/>\n<meta property=\"og:description\" content=\"Conditions de garantie Lorsque vous faites des achats chez Museliving en tant que consommateur, vous b\u00e9n\u00e9ficiez d&#8217;une garantie de 28 jours. Cela signifie que vous pouvez soit faire r\u00e9parer l&#8217;article, l&#8217;\u00e9changer, obtenir un remboursement ou refuser le prix, selon la situation sp\u00e9cifique. Il est n\u00e9cessaire que la plainte soit justifi\u00e9e et que le d\u00e9faut ne [&hellip;]\" \/>\n<meta property=\"og:url\" content=\"https:\/\/museliving.auxodev2.dk\/fr\/politique-de-remboursement-et-de-retours\/\" \/>\n<meta property=\"og:site_name\" content=\"museliving.eu\" \/>\n<meta property=\"article:modified_time\" content=\"2025-08-24T06:25:14+00:00\" \/>\n<meta name=\"twitter:card\" content=\"summary_large_image\" \/>\n<meta name=\"twitter:label1\" content=\"Est. reading time\" \/>\n\t<meta name=\"twitter:data1\" content=\"5 minutes\" \/>\n<script type=\"application\/ld+json\" class=\"yoast-schema-graph\">{\"@context\":\"https:\/\/schema.org\",\"@graph\":[{\"@type\":\"WebPage\",\"@id\":\"https:\/\/museliving.auxodev2.dk\/fr\/politique-de-remboursement-et-de-retours\/\",\"url\":\"https:\/\/museliving.auxodev2.dk\/fr\/politique-de-remboursement-et-de-retours\/\",\"name\":\"Politique de remboursement et de retours - museliving.eu\",\"isPartOf\":{\"@id\":\"https:\/\/museliving.auxodev2.dk\/fr\/#website\"},\"datePublished\":\"2025-07-08T11:22:21+00:00\",\"dateModified\":\"2025-08-24T06:25:14+00:00\",\"breadcrumb\":{\"@id\":\"https:\/\/museliving.auxodev2.dk\/fr\/politique-de-remboursement-et-de-retours\/#breadcrumb\"},\"inLanguage\":\"fr-FR\",\"potentialAction\":[{\"@type\":\"ReadAction\",\"target\":[\"https:\/\/museliving.auxodev2.dk\/fr\/politique-de-remboursement-et-de-retours\/\"]}]},{\"@type\":\"BreadcrumbList\",\"@id\":\"https:\/\/museliving.auxodev2.dk\/fr\/politique-de-remboursement-et-de-retours\/#breadcrumb\",\"itemListElement\":[{\"@type\":\"ListItem\",\"position\":1,\"name\":\"Home\",\"item\":\"https:\/\/museliving.auxodev2.dk\/fr\/accueil\/\"},{\"@type\":\"ListItem\",\"position\":2,\"name\":\"Politique de remboursement et de retours\"}]},{\"@type\":\"WebSite\",\"@id\":\"https:\/\/museliving.auxodev2.dk\/fr\/#website\",\"url\":\"https:\/\/museliving.auxodev2.dk\/fr\/\",\"name\":\"museliving.eu\",\"description\":\"\",\"publisher\":{\"@id\":\"https:\/\/museliving.auxodev2.dk\/fr\/#organization\"},\"potentialAction\":[{\"@type\":\"SearchAction\",\"target\":{\"@type\":\"EntryPoint\",\"urlTemplate\":\"https:\/\/museliving.auxodev2.dk\/fr\/?s={search_term_string}\"},\"query-input\":{\"@type\":\"PropertyValueSpecification\",\"valueRequired\":true,\"valueName\":\"search_term_string\"}}],\"inLanguage\":\"fr-FR\"},{\"@type\":\"Organization\",\"@id\":\"https:\/\/museliving.auxodev2.dk\/fr\/#organization\",\"name\":\"Museliving\",\"url\":\"https:\/\/museliving.auxodev2.dk\/fr\/\",\"logo\":{\"@type\":\"ImageObject\",\"inLanguage\":\"fr-FR\",\"@id\":\"https:\/\/museliving.auxodev2.dk\/fr\/#\/schema\/logo\/image\/\",\"url\":\"https:\/\/museliving.auxodev2.dk\/wp-content\/uploads\/websted-logo.png\",\"contentUrl\":\"https:\/\/museliving.auxodev2.dk\/wp-content\/uploads\/websted-logo.png\",\"width\":350,\"height\":100,\"caption\":\"Museliving\"},\"image\":{\"@id\":\"https:\/\/museliving.auxodev2.dk\/fr\/#\/schema\/logo\/image\/\"}}]}<\/script>\n<!-- \/ Yoast SEO plugin. -->","yoast_head_json":{"title":"Politique de remboursement et de retours - museliving.eu","robots":{"index":"noindex","follow":"follow","max-snippet":"max-snippet:-1","max-image-preview":"max-image-preview:large","max-video-preview":"max-video-preview:-1"},"og_locale":"fr_FR","og_type":"article","og_title":"Politique de remboursement et de retours - museliving.eu","og_description":"Conditions de garantie Lorsque vous faites des achats chez Museliving en tant que consommateur, vous b\u00e9n\u00e9ficiez d&#8217;une garantie de 28 jours. Cela signifie que vous pouvez soit faire r\u00e9parer l&#8217;article, l&#8217;\u00e9changer, obtenir un remboursement ou refuser le prix, selon la situation sp\u00e9cifique. Il est n\u00e9cessaire que la plainte soit justifi\u00e9e et que le d\u00e9faut ne [&hellip;]","og_url":"https:\/\/museliving.auxodev2.dk\/fr\/politique-de-remboursement-et-de-retours\/","og_site_name":"museliving.eu","article_modified_time":"2025-08-24T06:25:14+00:00","twitter_card":"summary_large_image","twitter_misc":{"Est. reading time":"5 minutes"},"schema":{"@context":"https:\/\/schema.org","@graph":[{"@type":"WebPage","@id":"https:\/\/museliving.auxodev2.dk\/fr\/politique-de-remboursement-et-de-retours\/","url":"https:\/\/museliving.auxodev2.dk\/fr\/politique-de-remboursement-et-de-retours\/","name":"Politique de remboursement et de retours - museliving.eu","isPartOf":{"@id":"https:\/\/museliving.auxodev2.dk\/fr\/#website"},"datePublished":"2025-07-08T11:22:21+00:00","dateModified":"2025-08-24T06:25:14+00:00","breadcrumb":{"@id":"https:\/\/museliving.auxodev2.dk\/fr\/politique-de-remboursement-et-de-retours\/#breadcrumb"},"inLanguage":"fr-FR","potentialAction":[{"@type":"ReadAction","target":["https:\/\/museliving.auxodev2.dk\/fr\/politique-de-remboursement-et-de-retours\/"]}]},{"@type":"BreadcrumbList","@id":"https:\/\/museliving.auxodev2.dk\/fr\/politique-de-remboursement-et-de-retours\/#breadcrumb","itemListElement":[{"@type":"ListItem","position":1,"name":"Home","item":"https:\/\/museliving.auxodev2.dk\/fr\/accueil\/"},{"@type":"ListItem","position":2,"name":"Politique de remboursement et de retours"}]},{"@type":"WebSite","@id":"https:\/\/museliving.auxodev2.dk\/fr\/#website","url":"https:\/\/museliving.auxodev2.dk\/fr\/","name":"museliving.eu","description":"","publisher":{"@id":"https:\/\/museliving.auxodev2.dk\/fr\/#organization"},"potentialAction":[{"@type":"SearchAction","target":{"@type":"EntryPoint","urlTemplate":"https:\/\/museliving.auxodev2.dk\/fr\/?s={search_term_string}"},"query-input":{"@type":"PropertyValueSpecification","valueRequired":true,"valueName":"search_term_string"}}],"inLanguage":"fr-FR"},{"@type":"Organization","@id":"https:\/\/museliving.auxodev2.dk\/fr\/#organization","name":"Museliving","url":"https:\/\/museliving.auxodev2.dk\/fr\/","logo":{"@type":"ImageObject","inLanguage":"fr-FR","@id":"https:\/\/museliving.auxodev2.dk\/fr\/#\/schema\/logo\/image\/","url":"https:\/\/museliving.auxodev2.dk\/wp-content\/uploads\/websted-logo.png","contentUrl":"https:\/\/museliving.auxodev2.dk\/wp-content\/uploads\/websted-logo.png","width":350,"height":100,"caption":"Museliving"},"image":{"@id":"https:\/\/museliving.auxodev2.dk\/fr\/#\/schema\/logo\/image\/"}}]}},"_links":{"self":[{"href":"https:\/\/museliving.auxodev2.dk\/fr\/wp-json\/wp\/v2\/pages\/23793","targetHints":{"allow":["GET"]}}],"collection":[{"href":"https:\/\/museliving.auxodev2.dk\/fr\/wp-json\/wp\/v2\/pages"}],"about":[{"href":"https:\/\/museliving.auxodev2.dk\/fr\/wp-json\/wp\/v2\/types\/page"}],"author":[{"embeddable":true,"href":"https:\/\/museliving.auxodev2.dk\/fr\/wp-json\/wp\/v2\/users\/1"}],"replies":[{"embeddable":true,"href":"https:\/\/museliving.auxodev2.dk\/fr\/wp-json\/wp\/v2\/comments?post=23793"}],"version-history":[{"count":3,"href":"https:\/\/museliving.auxodev2.dk\/fr\/wp-json\/wp\/v2\/pages\/23793\/revisions"}],"predecessor-version":[{"id":24004,"href":"https:\/\/museliving.auxodev2.dk\/fr\/wp-json\/wp\/v2\/pages\/23793\/revisions\/24004"}],"wp:attachment":[{"href":"https:\/\/museliving.auxodev2.dk\/fr\/wp-json\/wp\/v2\/media?parent=23793"}],"curies":[{"name":"wp","href":"https:\/\/api.w.org\/{rel}","templated":true}]}}