{"id":23791,"date":"2019-03-05T08:52:36","date_gmt":"2019-03-05T07:52:36","guid":{"rendered":"https:\/\/museliving.auxodev2.dk\/politique-de-confidentialite-et-cookies\/"},"modified":"2025-08-24T08:22:54","modified_gmt":"2025-08-24T06:22:54","slug":"politique-de-confidentialite-et-cookies","status":"publish","type":"page","link":"https:\/\/museliving.auxodev2.dk\/fr\/politique-de-confidentialite-et-cookies\/","title":{"rendered":"Politique de confidentialit\u00e9 et cookies"},"content":{"rendered":"\t\t<div data-elementor-type=\"wp-page\" data-elementor-id=\"23791\" class=\"elementor elementor-23791 elementor-3\" data-elementor-post-type=\"page\">\n\t\t\t\t<div class=\"elementor-element elementor-element-ea3bea7 e-con-full e-flex e-con e-parent\" data-id=\"ea3bea7\" data-element_type=\"container\">\n\t\t<div class=\"elementor-element elementor-element-9732559 e-flex e-con-boxed e-con e-child\" data-id=\"9732559\" data-element_type=\"container\" data-settings=\"{&quot;background_background&quot;:&quot;classic&quot;}\">\n\t\t\t\t\t<div class=\"e-con-inner\">\n\t\t<div class=\"elementor-element elementor-element-d597cbf e-con-full e-flex e-con e-child\" data-id=\"d597cbf\" data-element_type=\"container\">\n\t\t\t\t<\/div>\n\t\t\t\t\t<\/div>\n\t\t\t\t<\/div>\n\t\t\t\t<\/div>\n\t\t<div class=\"elementor-element elementor-element-3074681 e-flex e-con-boxed e-con e-parent\" data-id=\"3074681\" data-element_type=\"container\" data-settings=\"{&quot;background_background&quot;:&quot;classic&quot;}\">\n\t\t\t\t\t<div class=\"e-con-inner\">\n\t\t\t\t<div class=\"elementor-element elementor-element-4a9eb3f elementor-widget elementor-widget-text-editor\" data-id=\"4a9eb3f\" data-element_type=\"widget\" data-widget_type=\"text-editor.default\">\n\t\t\t\t\t\t\t\t\t<p>Museliving a besoin des donn\u00e9es suivantes lorsque vous effectuez un achat chez nous :<br>Nom, adresse, num\u00e9ro de t\u00e9l\u00e9phone et adresse e-mail.<\/p><p>De plus, nous enregistrons l&#8217;adresse IP \u00e0 partir de laquelle un achat est effectu\u00e9. Ces donn\u00e9es ne sont normalement pas utilis\u00e9es, mais peuvent \u00eatre utilis\u00e9es dans le cadre d&#8217;une enqu\u00eate polici\u00e8re \u00e9ventuelle. L&#8217;adresse IP est stock\u00e9e aussi longtemps que n\u00e9cessaire en rapport avec une enqu\u00eate polici\u00e8re possible. Toutes les commandes frauduleuses sont signal\u00e9es aux autorit\u00e9s comp\u00e9tentes.   <\/p><p>Nous n&#8217;enregistrons et transmettons uniquement les donn\u00e9es personnelles n\u00e9cessaires pour vous livrer le produit achet\u00e9.<\/p><p>Les donn\u00e9es personnelles sont enregistr\u00e9es chez Museliving et conserv\u00e9es pendant cinq ans conform\u00e9ment \u00e0 la comptabilit\u00e9. Apr\u00e8s cette p\u00e9riode, les donn\u00e9es sont supprim\u00e9es. <\/p><p>Nous collaborons \u00e9galement avec un certain nombre d&#8217;entreprises externes qui stockent et traitent des donn\u00e9es. Ces entreprises traitent les donn\u00e9es uniquement pour notre compte et ne peuvent pas les utiliser \u00e0 leurs propres fins. <\/p><p>En ce qui concerne le paiement \u00e9lectronique, une m\u00e9thode de chiffrement s\u00e9curis\u00e9e est utilis\u00e9e via le syst\u00e8me de commerce \u00e9lectronique.<\/p><p>Le syst\u00e8me de la boutique en ligne utilise des cookies pour g\u00e9rer le contenu du panier. Un cookie est un fichier qui est stock\u00e9 dans votre navigateur Internet. Nous utilisons ces cookies pour vous reconna\u00eetre et, par exemple, m\u00e9moriser les articles dans le panier lorsque vous effectuez des achats en ligne chez Museliving. Il est \u00e9galement possible de demander au syst\u00e8me de m\u00e9moriser vos donn\u00e9es d&#8217;adresse pour votre prochaine visite. Si vous souhaitez supprimer ces donn\u00e9es, cela peut \u00eatre fait via les param\u00e8tres du navigateur. Cela se fait, par exemple, dans Internet Explorer via le menu &#8220;Outils&#8221; et l&#8217;option &#8220;Options Internet&#8221;.     <\/p><p>Nous ne travaillons qu&#8217;avec des sous-traitants dans l&#8217;UE ou dans d&#8217;autres pays qui peuvent prot\u00e9ger vos donn\u00e9es de mani\u00e8re ad\u00e9quate.<\/p><p>Le responsable des donn\u00e9es sur www.museliving.eu est Jacob Fritsch.<\/p><p>Vous avez le droit de savoir quelles donn\u00e9es vous concernant nous traitons.<\/p><p>Si vous estimez que les donn\u00e9es sont inexactes, vous avez le droit de les faire corriger. Dans certains cas, nous sommes tenus de supprimer vos donn\u00e9es personnelles si vous en faites la demande. Cela peut, par exemple, \u00eatre le cas si vos donn\u00e9es ne sont plus n\u00e9cessaires \u00e0 l&#8217;objectif pour lequel nous devions les utiliser. Vous pouvez \u00e9galement nous contacter si vous estimez que vos donn\u00e9es personnelles sont trait\u00e9es en violation de la loi. Vous pouvez \u00e9crire \u00e0 Jacob \u00e0 l&#8217;adresse suivante : <a href=\"mailto:jf@museliving.eu\">jf@museliving.eu<\/a>    <\/p><p>En utilisant www.museliving.eu, vous acceptez notre utilisation des cookies. Nous utilisons des cookies pour suivre vos choix (par exemple, les articles ajout\u00e9s au panier). De plus, nous utilisons des cookies pour cibler la publicit\u00e9 sur des plateformes externes pour vous.  <\/p>\t\t\t\t\t\t\t\t<\/div>\n\t\t\t\t\t<\/div>\n\t\t\t\t<\/div>\n\t\t\t\t<\/div>\n\t\t","protected":false},"excerpt":{"rendered":"<p>Museliving a besoin des donn\u00e9es suivantes lorsque vous effectuez un achat chez nous :Nom, adresse, num\u00e9ro de t\u00e9l\u00e9phone et adresse e-mail. De plus, nous enregistrons l&#8217;adresse IP \u00e0 partir de laquelle un achat est effectu\u00e9. Ces donn\u00e9es ne sont normalement pas utilis\u00e9es, mais peuvent \u00eatre utilis\u00e9es dans le cadre d&#8217;une enqu\u00eate polici\u00e8re \u00e9ventuelle. L&#8217;adresse IP [&hellip;]<\/p>\n","protected":false},"author":1,"featured_media":0,"parent":0,"menu_order":0,"comment_status":"closed","ping_status":"closed","template":"","meta":{"_acf_changed":false,"footnotes":""},"class_list":["post-23791","page","type-page","status-publish","hentry"],"acf":[],"yoast_head":"<!-- This site is optimized with the Yoast SEO plugin v26.9 - https:\/\/yoast.com\/product\/yoast-seo-wordpress\/ -->\n<title>Politique de confidentialit\u00e9 et cookies - museliving.eu<\/title>\n<meta name=\"robots\" content=\"noindex, follow, max-snippet:-1, max-image-preview:large, max-video-preview:-1\" \/>\n<meta property=\"og:locale\" content=\"fr_FR\" \/>\n<meta property=\"og:type\" content=\"article\" \/>\n<meta property=\"og:title\" content=\"Politique de confidentialit\u00e9 et cookies - museliving.eu\" \/>\n<meta property=\"og:description\" content=\"Museliving a besoin des donn\u00e9es suivantes lorsque vous effectuez un achat chez nous :Nom, adresse, num\u00e9ro de t\u00e9l\u00e9phone et adresse e-mail. De plus, nous enregistrons l&#8217;adresse IP \u00e0 partir de laquelle un achat est effectu\u00e9. Ces donn\u00e9es ne sont normalement pas utilis\u00e9es, mais peuvent \u00eatre utilis\u00e9es dans le cadre d&#8217;une enqu\u00eate polici\u00e8re \u00e9ventuelle. L&#8217;adresse IP [&hellip;]\" \/>\n<meta property=\"og:url\" content=\"https:\/\/museliving.auxodev2.dk\/fr\/politique-de-confidentialite-et-cookies\/\" \/>\n<meta property=\"og:site_name\" content=\"museliving.eu\" \/>\n<meta property=\"article:modified_time\" content=\"2025-08-24T06:22:54+00:00\" \/>\n<meta name=\"twitter:card\" content=\"summary_large_image\" \/>\n<meta name=\"twitter:label1\" content=\"Est. reading time\" \/>\n\t<meta name=\"twitter:data1\" content=\"2 minutes\" \/>\n<script type=\"application\/ld+json\" class=\"yoast-schema-graph\">{\"@context\":\"https:\/\/schema.org\",\"@graph\":[{\"@type\":\"WebPage\",\"@id\":\"https:\/\/museliving.auxodev2.dk\/fr\/politique-de-confidentialite-et-cookies\/\",\"url\":\"https:\/\/museliving.auxodev2.dk\/fr\/politique-de-confidentialite-et-cookies\/\",\"name\":\"Politique de confidentialit\u00e9 et cookies - museliving.eu\",\"isPartOf\":{\"@id\":\"https:\/\/museliving.auxodev2.dk\/fr\/#website\"},\"datePublished\":\"2019-03-05T07:52:36+00:00\",\"dateModified\":\"2025-08-24T06:22:54+00:00\",\"breadcrumb\":{\"@id\":\"https:\/\/museliving.auxodev2.dk\/fr\/politique-de-confidentialite-et-cookies\/#breadcrumb\"},\"inLanguage\":\"fr-FR\",\"potentialAction\":[{\"@type\":\"ReadAction\",\"target\":[\"https:\/\/museliving.auxodev2.dk\/fr\/politique-de-confidentialite-et-cookies\/\"]}]},{\"@type\":\"BreadcrumbList\",\"@id\":\"https:\/\/museliving.auxodev2.dk\/fr\/politique-de-confidentialite-et-cookies\/#breadcrumb\",\"itemListElement\":[{\"@type\":\"ListItem\",\"position\":1,\"name\":\"Home\",\"item\":\"https:\/\/museliving.auxodev2.dk\/fr\/accueil\/\"},{\"@type\":\"ListItem\",\"position\":2,\"name\":\"Politique de confidentialit\u00e9 et cookies\"}]},{\"@type\":\"WebSite\",\"@id\":\"https:\/\/museliving.auxodev2.dk\/fr\/#website\",\"url\":\"https:\/\/museliving.auxodev2.dk\/fr\/\",\"name\":\"museliving.eu\",\"description\":\"\",\"publisher\":{\"@id\":\"https:\/\/museliving.auxodev2.dk\/fr\/#organization\"},\"potentialAction\":[{\"@type\":\"SearchAction\",\"target\":{\"@type\":\"EntryPoint\",\"urlTemplate\":\"https:\/\/museliving.auxodev2.dk\/fr\/?s={search_term_string}\"},\"query-input\":{\"@type\":\"PropertyValueSpecification\",\"valueRequired\":true,\"valueName\":\"search_term_string\"}}],\"inLanguage\":\"fr-FR\"},{\"@type\":\"Organization\",\"@id\":\"https:\/\/museliving.auxodev2.dk\/fr\/#organization\",\"name\":\"Museliving\",\"url\":\"https:\/\/museliving.auxodev2.dk\/fr\/\",\"logo\":{\"@type\":\"ImageObject\",\"inLanguage\":\"fr-FR\",\"@id\":\"https:\/\/museliving.auxodev2.dk\/fr\/#\/schema\/logo\/image\/\",\"url\":\"https:\/\/museliving.auxodev2.dk\/wp-content\/uploads\/websted-logo.png\",\"contentUrl\":\"https:\/\/museliving.auxodev2.dk\/wp-content\/uploads\/websted-logo.png\",\"width\":350,\"height\":100,\"caption\":\"Museliving\"},\"image\":{\"@id\":\"https:\/\/museliving.auxodev2.dk\/fr\/#\/schema\/logo\/image\/\"}}]}<\/script>\n<!-- \/ Yoast SEO plugin. -->","yoast_head_json":{"title":"Politique de confidentialit\u00e9 et cookies - museliving.eu","robots":{"index":"noindex","follow":"follow","max-snippet":"max-snippet:-1","max-image-preview":"max-image-preview:large","max-video-preview":"max-video-preview:-1"},"og_locale":"fr_FR","og_type":"article","og_title":"Politique de confidentialit\u00e9 et cookies - museliving.eu","og_description":"Museliving a besoin des donn\u00e9es suivantes lorsque vous effectuez un achat chez nous :Nom, adresse, num\u00e9ro de t\u00e9l\u00e9phone et adresse e-mail. De plus, nous enregistrons l&#8217;adresse IP \u00e0 partir de laquelle un achat est effectu\u00e9. Ces donn\u00e9es ne sont normalement pas utilis\u00e9es, mais peuvent \u00eatre utilis\u00e9es dans le cadre d&#8217;une enqu\u00eate polici\u00e8re \u00e9ventuelle. L&#8217;adresse IP [&hellip;]","og_url":"https:\/\/museliving.auxodev2.dk\/fr\/politique-de-confidentialite-et-cookies\/","og_site_name":"museliving.eu","article_modified_time":"2025-08-24T06:22:54+00:00","twitter_card":"summary_large_image","twitter_misc":{"Est. reading time":"2 minutes"},"schema":{"@context":"https:\/\/schema.org","@graph":[{"@type":"WebPage","@id":"https:\/\/museliving.auxodev2.dk\/fr\/politique-de-confidentialite-et-cookies\/","url":"https:\/\/museliving.auxodev2.dk\/fr\/politique-de-confidentialite-et-cookies\/","name":"Politique de confidentialit\u00e9 et cookies - museliving.eu","isPartOf":{"@id":"https:\/\/museliving.auxodev2.dk\/fr\/#website"},"datePublished":"2019-03-05T07:52:36+00:00","dateModified":"2025-08-24T06:22:54+00:00","breadcrumb":{"@id":"https:\/\/museliving.auxodev2.dk\/fr\/politique-de-confidentialite-et-cookies\/#breadcrumb"},"inLanguage":"fr-FR","potentialAction":[{"@type":"ReadAction","target":["https:\/\/museliving.auxodev2.dk\/fr\/politique-de-confidentialite-et-cookies\/"]}]},{"@type":"BreadcrumbList","@id":"https:\/\/museliving.auxodev2.dk\/fr\/politique-de-confidentialite-et-cookies\/#breadcrumb","itemListElement":[{"@type":"ListItem","position":1,"name":"Home","item":"https:\/\/museliving.auxodev2.dk\/fr\/accueil\/"},{"@type":"ListItem","position":2,"name":"Politique de confidentialit\u00e9 et cookies"}]},{"@type":"WebSite","@id":"https:\/\/museliving.auxodev2.dk\/fr\/#website","url":"https:\/\/museliving.auxodev2.dk\/fr\/","name":"museliving.eu","description":"","publisher":{"@id":"https:\/\/museliving.auxodev2.dk\/fr\/#organization"},"potentialAction":[{"@type":"SearchAction","target":{"@type":"EntryPoint","urlTemplate":"https:\/\/museliving.auxodev2.dk\/fr\/?s={search_term_string}"},"query-input":{"@type":"PropertyValueSpecification","valueRequired":true,"valueName":"search_term_string"}}],"inLanguage":"fr-FR"},{"@type":"Organization","@id":"https:\/\/museliving.auxodev2.dk\/fr\/#organization","name":"Museliving","url":"https:\/\/museliving.auxodev2.dk\/fr\/","logo":{"@type":"ImageObject","inLanguage":"fr-FR","@id":"https:\/\/museliving.auxodev2.dk\/fr\/#\/schema\/logo\/image\/","url":"https:\/\/museliving.auxodev2.dk\/wp-content\/uploads\/websted-logo.png","contentUrl":"https:\/\/museliving.auxodev2.dk\/wp-content\/uploads\/websted-logo.png","width":350,"height":100,"caption":"Museliving"},"image":{"@id":"https:\/\/museliving.auxodev2.dk\/fr\/#\/schema\/logo\/image\/"}}]}},"_links":{"self":[{"href":"https:\/\/museliving.auxodev2.dk\/fr\/wp-json\/wp\/v2\/pages\/23791","targetHints":{"allow":["GET"]}}],"collection":[{"href":"https:\/\/museliving.auxodev2.dk\/fr\/wp-json\/wp\/v2\/pages"}],"about":[{"href":"https:\/\/museliving.auxodev2.dk\/fr\/wp-json\/wp\/v2\/types\/page"}],"author":[{"embeddable":true,"href":"https:\/\/museliving.auxodev2.dk\/fr\/wp-json\/wp\/v2\/users\/1"}],"replies":[{"embeddable":true,"href":"https:\/\/museliving.auxodev2.dk\/fr\/wp-json\/wp\/v2\/comments?post=23791"}],"version-history":[{"count":3,"href":"https:\/\/museliving.auxodev2.dk\/fr\/wp-json\/wp\/v2\/pages\/23791\/revisions"}],"predecessor-version":[{"id":24000,"href":"https:\/\/museliving.auxodev2.dk\/fr\/wp-json\/wp\/v2\/pages\/23791\/revisions\/24000"}],"wp:attachment":[{"href":"https:\/\/museliving.auxodev2.dk\/fr\/wp-json\/wp\/v2\/media?parent=23791"}],"curies":[{"name":"wp","href":"https:\/\/api.w.org\/{rel}","templated":true}]}}