{"id":23789,"date":"2025-07-07T09:13:47","date_gmt":"2025-07-07T07:13:47","guid":{"rendered":"https:\/\/museliving.auxodev2.dk\/paiement\/"},"modified":"2025-08-24T08:20:35","modified_gmt":"2025-08-24T06:20:35","slug":"paiement","status":"publish","type":"page","link":"https:\/\/museliving.auxodev2.dk\/fr\/paiement\/","title":{"rendered":"Paiement"},"content":{"rendered":"\t\t<div data-elementor-type=\"wp-page\" data-elementor-id=\"23789\" class=\"elementor elementor-23789 elementor-4203\" data-elementor-post-type=\"page\">\n\t\t\t\t<div class=\"elementor-element elementor-element-8e1ab91 e-con-full e-flex e-con e-parent\" data-id=\"8e1ab91\" data-element_type=\"container\">\n\t\t<div class=\"elementor-element elementor-element-6d24a99 e-flex e-con-boxed e-con e-child\" data-id=\"6d24a99\" data-element_type=\"container\" data-settings=\"{&quot;background_background&quot;:&quot;classic&quot;}\">\n\t\t\t\t\t<div class=\"e-con-inner\">\n\t\t<div class=\"elementor-element elementor-element-0b9d2d6 e-con-full e-flex e-con e-child\" data-id=\"0b9d2d6\" data-element_type=\"container\">\n\t\t\t\t<\/div>\n\t\t\t\t\t<\/div>\n\t\t\t\t<\/div>\n\t\t\t\t<\/div>\n\t\t<div class=\"elementor-element elementor-element-f47722d e-flex e-con-boxed e-con e-parent\" data-id=\"f47722d\" data-element_type=\"container\" data-settings=\"{&quot;background_background&quot;:&quot;classic&quot;}\">\n\t\t\t\t\t<div class=\"e-con-inner\">\n\t\t<div class=\"elementor-element elementor-element-700f75c e-con-full e-flex e-con e-child\" data-id=\"700f75c\" data-element_type=\"container\">\n\t\t\t\t<div class=\"elementor-element elementor-element-371fe71 elementor-widget elementor-widget-heading\" data-id=\"371fe71\" data-element_type=\"widget\" data-widget_type=\"heading.default\">\n\t\t\t\t\t<h2 class=\"elementor-heading-title elementor-size-default\">Paiement<\/h2>\t\t\t\t<\/div>\n\t\t\t\t<div class=\"elementor-element elementor-element-5c76a47 elementor-widget elementor-widget-text-editor\" data-id=\"5c76a47\" data-element_type=\"widget\" data-widget_type=\"text-editor.default\">\n\t\t\t\t\t\t\t\t\t<p>Museliving accepte les paiements par MasterCard, Visa, JCB. Le paiement sera d\u00e9bit\u00e9 de votre compte une fois que le(s) produit(s) aura\/auront \u00e9t\u00e9 exp\u00e9di\u00e9(s).<br>Museliving chiffre toutes vos donn\u00e9es de carte de cr\u00e9dit avec le protocole SSL (Secure Socket Layer). Cela signifie que des personnes non autoris\u00e9es ne peuvent pas lire votre num\u00e9ro de carte ou d&#8217;autres donn\u00e9es pendant la transaction avec PAYU.  <\/p><p>Vous pouvez \u00e9galement payer en effectuant un virement sur notre compte \u00e0 l&#8217;Arbejdernes Landsbank<br>Landem\u00e6rket 8<br>1119 Copenhague K, Danemark :<br>Compte bancaire : 5328 \u2013 0000247761<br>Num\u00e9ro IBAN : DK2553280000247761<br>SWIFT : ALBADKKK<br>en indiquant le num\u00e9ro de commande.<br>Cette m\u00e9thode de paiement n&#8217;est pas couverte par le r\u00e9gime des oppositions.<\/p>\t\t\t\t\t\t\t\t<\/div>\n\t\t\t\t<\/div>\n\t\t<div class=\"elementor-element elementor-element-997d484 e-con-full e-flex e-con e-child\" data-id=\"997d484\" data-element_type=\"container\">\n\t\t\t\t<div class=\"elementor-element elementor-element-d7544b5 elementor-widget elementor-widget-heading\" data-id=\"d7544b5\" data-element_type=\"widget\" data-widget_type=\"heading.default\">\n\t\t\t\t\t<h2 class=\"elementor-heading-title elementor-size-default\">Comment acheter sur museliving.eu<\/h2>\t\t\t\t<\/div>\n\t\t\t\t<div class=\"elementor-element elementor-element-daad2d2 elementor-widget elementor-widget-text-editor\" data-id=\"daad2d2\" data-element_type=\"widget\" data-widget_type=\"text-editor.default\">\n\t\t\t\t\t\t\t\t\t<p>Guide d&#8217;achat \u00e9tape par \u00e9tape :<\/p><ol class=\"wp-block-list\"><li>Trouvez le produit\/l&#8217;article souhait\u00e9.<\/li><li>Ajoutez l&#8217;article au panier en cliquant sur le symbole \u201cAjouter au panier\u201d.<\/li><li>Vous pouvez maintenant continuer \u00e0 naviguer pour d&#8217;autres produits si vous le souhaitez.<\/li><li>Si vous souhaitez modifier le contenu ou apporter des corrections, par exemple changer le nombre d&#8217;articles, vous pouvez utiliser le bouton de suppression ou corriger le nombre dans la case correspondante. Cliquez sur \u201cMettre \u00e0 jour le panier\u201d pour voir le prix apr\u00e8s les modifications. <\/li><li>Ensuite, vous allez \u00e0 la caisse. Appuyez sur le bouton appel\u00e9 &#8220;Passer \u00e0 la caisse&#8221;. <\/li><li>Sur l&#8217;\u00e9cran suivant, vous choisissez la m\u00e9thode de paiement et de livraison.<\/li><li>Entrez maintenant les informations client et l&#8217;adresse de livraison alternative si souhait\u00e9.<\/li><li>Confirmez la commande \u2013 r\u00e9capitulatif de la commande et r\u00e9sum\u00e9 des donn\u00e9es que vous avez saisies.<\/li><li>Votre commande ne sera pas exp\u00e9di\u00e9e tant que vous n&#8217;avez pas cliqu\u00e9 sur &#8220;Passer la commande&#8221;. Si vous quittez le site avant cela, la transaction d&#8217;achat n&#8217;est pas termin\u00e9e. <\/li><li>Le syst\u00e8me vous envoie imm\u00e9diatement une confirmation de commande \u00e0 l&#8217;adresse e-mail que vous avez fournie lors de la saisie des donn\u00e9es client.<\/li><li>Une fois votre commande trait\u00e9e, vous recevrez \u00e0 nouveau un message \u00e9lectronique.<\/li><\/ol>\t\t\t\t\t\t\t\t<\/div>\n\t\t\t\t<\/div>\n\t\t<div class=\"elementor-element elementor-element-b59ff86 e-con-full e-flex e-con e-child\" data-id=\"b59ff86\" data-element_type=\"container\">\n\t\t\t\t<div class=\"elementor-element elementor-element-a6c9ba9 elementor-widget elementor-widget-heading\" data-id=\"a6c9ba9\" data-element_type=\"widget\" data-widget_type=\"heading.default\">\n\t\t\t\t\t<h3 class=\"elementor-heading-title elementor-size-default\">Conditions sp\u00e9ciales pour les ventes B2B<\/h3>\t\t\t\t<\/div>\n\t\t\t\t<div class=\"elementor-element elementor-element-444ec2a elementor-widget elementor-widget-text-editor\" data-id=\"444ec2a\" data-element_type=\"widget\" data-widget_type=\"text-editor.default\">\n\t\t\t\t\t\t\t\t\t<p>Les m\u00eames conditions de vente s&#8217;appliquent que pour les consommateurs, mais avec les modifications suivantes :<br>\u2022 Le droit de r\u00e9tractation ne s&#8217;applique pas aux achats des commer\u00e7ants chez Museliving.<br>\u2022 Les commer\u00e7ants b\u00e9n\u00e9ficient d&#8217;un droit de r\u00e9clamation au titre de la garantie d&#8217;un an \u00e0 partir de la date de la facture originale. Le remplacement ou la r\u00e9paration ne donne pas lieu \u00e0 une nouvelle p\u00e9riode de garantie. <br>\u2022 Museliving conserve la propri\u00e9t\u00e9 des biens achet\u00e9s \u00e0 cr\u00e9dit jusqu&#8217;\u00e0 ce que le prix d&#8217;achat complet soit pay\u00e9.<br>\u2022 Tous les frais associ\u00e9s \u00e0 l&#8217;ex\u00e9cution de la r\u00e9tention de la propri\u00e9t\u00e9 sont \u00e0 la charge de l&#8217;acheteur.<br>\u2022 Des int\u00e9r\u00eats sont calcul\u00e9s \u00e0 partir de la date d&#8217;\u00e9ch\u00e9ance \u00e0 raison de 1 % par mois commenc\u00e9.<br>\u2022 Lors de l&#8217;utilisation de la garantie, l&#8217;acheteur est responsable de l&#8217;exp\u00e9dition du produit, y compris des frais de transport.<br>\u2022 S&#8217;il y a un d\u00e9faut sur votre produit, Museliving LLC propose un recours ou un remplacement et vous \u00eates emp\u00each\u00e9 de faire valoir un droit de r\u00e9tractation.<\/p><p>Le sc\u00e9nario suivant signifie que la commande (sans exception) est consid\u00e9r\u00e9e comme un achat professionnel :<br>Indication du nom de l&#8217;entreprise et\/ou du num\u00e9ro de TVA lors de la commande sur le site web ou aupr\u00e8s du d\u00e9partement des ventes B2B. (Vous pouvez toutefois faire livrer votre colis de mani\u00e8re priv\u00e9e \u00e0 votre lieu de travail. Si vous souhaitez le faire, veuillez utiliser le champ pour l&#8217;adresse de livraison alternative lors du processus de commande sur le site web.) <\/p>\t\t\t\t\t\t\t\t<\/div>\n\t\t\t\t<\/div>\n\t\t\t\t\t<\/div>\n\t\t\t\t<\/div>\n\t\t\t\t<\/div>\n\t\t","protected":false},"excerpt":{"rendered":"<p>Paiement Museliving accepte les paiements par MasterCard, Visa, JCB. Le paiement sera d\u00e9bit\u00e9 de votre compte une fois que le(s) produit(s) aura\/auront \u00e9t\u00e9 exp\u00e9di\u00e9(s).Museliving chiffre toutes vos donn\u00e9es de carte de cr\u00e9dit avec le protocole SSL (Secure Socket Layer). Cela signifie que des personnes non autoris\u00e9es ne peuvent pas lire votre num\u00e9ro de carte ou [&hellip;]<\/p>\n","protected":false},"author":1,"featured_media":0,"parent":0,"menu_order":0,"comment_status":"closed","ping_status":"closed","template":"","meta":{"_acf_changed":false,"footnotes":""},"class_list":["post-23789","page","type-page","status-publish","hentry"],"acf":[],"yoast_head":"<!-- This site is optimized with the Yoast SEO plugin v26.9 - https:\/\/yoast.com\/product\/yoast-seo-wordpress\/ -->\n<title>Paiement - museliving.eu<\/title>\n<meta name=\"robots\" content=\"noindex, follow, max-snippet:-1, max-image-preview:large, max-video-preview:-1\" \/>\n<meta property=\"og:locale\" content=\"fr_FR\" \/>\n<meta property=\"og:type\" content=\"article\" \/>\n<meta property=\"og:title\" content=\"Paiement - museliving.eu\" \/>\n<meta property=\"og:description\" content=\"Paiement Museliving accepte les paiements par MasterCard, Visa, JCB. Le paiement sera d\u00e9bit\u00e9 de votre compte une fois que le(s) produit(s) aura\/auront \u00e9t\u00e9 exp\u00e9di\u00e9(s).Museliving chiffre toutes vos donn\u00e9es de carte de cr\u00e9dit avec le protocole SSL (Secure Socket Layer). Cela signifie que des personnes non autoris\u00e9es ne peuvent pas lire votre num\u00e9ro de carte ou [&hellip;]\" \/>\n<meta property=\"og:url\" content=\"https:\/\/museliving.auxodev2.dk\/fr\/paiement\/\" \/>\n<meta property=\"og:site_name\" content=\"museliving.eu\" \/>\n<meta property=\"article:modified_time\" content=\"2025-08-24T06:20:35+00:00\" \/>\n<meta name=\"twitter:card\" content=\"summary_large_image\" \/>\n<meta name=\"twitter:label1\" content=\"Est. reading time\" \/>\n\t<meta name=\"twitter:data1\" content=\"3 minutes\" \/>\n<script type=\"application\/ld+json\" class=\"yoast-schema-graph\">{\"@context\":\"https:\/\/schema.org\",\"@graph\":[{\"@type\":\"WebPage\",\"@id\":\"https:\/\/museliving.auxodev2.dk\/fr\/paiement\/\",\"url\":\"https:\/\/museliving.auxodev2.dk\/fr\/paiement\/\",\"name\":\"Paiement - museliving.eu\",\"isPartOf\":{\"@id\":\"https:\/\/museliving.auxodev2.dk\/fr\/#website\"},\"datePublished\":\"2025-07-07T07:13:47+00:00\",\"dateModified\":\"2025-08-24T06:20:35+00:00\",\"breadcrumb\":{\"@id\":\"https:\/\/museliving.auxodev2.dk\/fr\/paiement\/#breadcrumb\"},\"inLanguage\":\"fr-FR\",\"potentialAction\":[{\"@type\":\"ReadAction\",\"target\":[\"https:\/\/museliving.auxodev2.dk\/fr\/paiement\/\"]}]},{\"@type\":\"BreadcrumbList\",\"@id\":\"https:\/\/museliving.auxodev2.dk\/fr\/paiement\/#breadcrumb\",\"itemListElement\":[{\"@type\":\"ListItem\",\"position\":1,\"name\":\"Home\",\"item\":\"https:\/\/museliving.auxodev2.dk\/fr\/accueil\/\"},{\"@type\":\"ListItem\",\"position\":2,\"name\":\"Paiement\"}]},{\"@type\":\"WebSite\",\"@id\":\"https:\/\/museliving.auxodev2.dk\/fr\/#website\",\"url\":\"https:\/\/museliving.auxodev2.dk\/fr\/\",\"name\":\"museliving.eu\",\"description\":\"\",\"publisher\":{\"@id\":\"https:\/\/museliving.auxodev2.dk\/fr\/#organization\"},\"potentialAction\":[{\"@type\":\"SearchAction\",\"target\":{\"@type\":\"EntryPoint\",\"urlTemplate\":\"https:\/\/museliving.auxodev2.dk\/fr\/?s={search_term_string}\"},\"query-input\":{\"@type\":\"PropertyValueSpecification\",\"valueRequired\":true,\"valueName\":\"search_term_string\"}}],\"inLanguage\":\"fr-FR\"},{\"@type\":\"Organization\",\"@id\":\"https:\/\/museliving.auxodev2.dk\/fr\/#organization\",\"name\":\"Museliving\",\"url\":\"https:\/\/museliving.auxodev2.dk\/fr\/\",\"logo\":{\"@type\":\"ImageObject\",\"inLanguage\":\"fr-FR\",\"@id\":\"https:\/\/museliving.auxodev2.dk\/fr\/#\/schema\/logo\/image\/\",\"url\":\"https:\/\/museliving.auxodev2.dk\/wp-content\/uploads\/websted-logo.png\",\"contentUrl\":\"https:\/\/museliving.auxodev2.dk\/wp-content\/uploads\/websted-logo.png\",\"width\":350,\"height\":100,\"caption\":\"Museliving\"},\"image\":{\"@id\":\"https:\/\/museliving.auxodev2.dk\/fr\/#\/schema\/logo\/image\/\"}}]}<\/script>\n<!-- \/ Yoast SEO plugin. -->","yoast_head_json":{"title":"Paiement - museliving.eu","robots":{"index":"noindex","follow":"follow","max-snippet":"max-snippet:-1","max-image-preview":"max-image-preview:large","max-video-preview":"max-video-preview:-1"},"og_locale":"fr_FR","og_type":"article","og_title":"Paiement - museliving.eu","og_description":"Paiement Museliving accepte les paiements par MasterCard, Visa, JCB. Le paiement sera d\u00e9bit\u00e9 de votre compte une fois que le(s) produit(s) aura\/auront \u00e9t\u00e9 exp\u00e9di\u00e9(s).Museliving chiffre toutes vos donn\u00e9es de carte de cr\u00e9dit avec le protocole SSL (Secure Socket Layer). Cela signifie que des personnes non autoris\u00e9es ne peuvent pas lire votre num\u00e9ro de carte ou [&hellip;]","og_url":"https:\/\/museliving.auxodev2.dk\/fr\/paiement\/","og_site_name":"museliving.eu","article_modified_time":"2025-08-24T06:20:35+00:00","twitter_card":"summary_large_image","twitter_misc":{"Est. reading time":"3 minutes"},"schema":{"@context":"https:\/\/schema.org","@graph":[{"@type":"WebPage","@id":"https:\/\/museliving.auxodev2.dk\/fr\/paiement\/","url":"https:\/\/museliving.auxodev2.dk\/fr\/paiement\/","name":"Paiement - museliving.eu","isPartOf":{"@id":"https:\/\/museliving.auxodev2.dk\/fr\/#website"},"datePublished":"2025-07-07T07:13:47+00:00","dateModified":"2025-08-24T06:20:35+00:00","breadcrumb":{"@id":"https:\/\/museliving.auxodev2.dk\/fr\/paiement\/#breadcrumb"},"inLanguage":"fr-FR","potentialAction":[{"@type":"ReadAction","target":["https:\/\/museliving.auxodev2.dk\/fr\/paiement\/"]}]},{"@type":"BreadcrumbList","@id":"https:\/\/museliving.auxodev2.dk\/fr\/paiement\/#breadcrumb","itemListElement":[{"@type":"ListItem","position":1,"name":"Home","item":"https:\/\/museliving.auxodev2.dk\/fr\/accueil\/"},{"@type":"ListItem","position":2,"name":"Paiement"}]},{"@type":"WebSite","@id":"https:\/\/museliving.auxodev2.dk\/fr\/#website","url":"https:\/\/museliving.auxodev2.dk\/fr\/","name":"museliving.eu","description":"","publisher":{"@id":"https:\/\/museliving.auxodev2.dk\/fr\/#organization"},"potentialAction":[{"@type":"SearchAction","target":{"@type":"EntryPoint","urlTemplate":"https:\/\/museliving.auxodev2.dk\/fr\/?s={search_term_string}"},"query-input":{"@type":"PropertyValueSpecification","valueRequired":true,"valueName":"search_term_string"}}],"inLanguage":"fr-FR"},{"@type":"Organization","@id":"https:\/\/museliving.auxodev2.dk\/fr\/#organization","name":"Museliving","url":"https:\/\/museliving.auxodev2.dk\/fr\/","logo":{"@type":"ImageObject","inLanguage":"fr-FR","@id":"https:\/\/museliving.auxodev2.dk\/fr\/#\/schema\/logo\/image\/","url":"https:\/\/museliving.auxodev2.dk\/wp-content\/uploads\/websted-logo.png","contentUrl":"https:\/\/museliving.auxodev2.dk\/wp-content\/uploads\/websted-logo.png","width":350,"height":100,"caption":"Museliving"},"image":{"@id":"https:\/\/museliving.auxodev2.dk\/fr\/#\/schema\/logo\/image\/"}}]}},"_links":{"self":[{"href":"https:\/\/museliving.auxodev2.dk\/fr\/wp-json\/wp\/v2\/pages\/23789","targetHints":{"allow":["GET"]}}],"collection":[{"href":"https:\/\/museliving.auxodev2.dk\/fr\/wp-json\/wp\/v2\/pages"}],"about":[{"href":"https:\/\/museliving.auxodev2.dk\/fr\/wp-json\/wp\/v2\/types\/page"}],"author":[{"embeddable":true,"href":"https:\/\/museliving.auxodev2.dk\/fr\/wp-json\/wp\/v2\/users\/1"}],"replies":[{"embeddable":true,"href":"https:\/\/museliving.auxodev2.dk\/fr\/wp-json\/wp\/v2\/comments?post=23789"}],"version-history":[{"count":3,"href":"https:\/\/museliving.auxodev2.dk\/fr\/wp-json\/wp\/v2\/pages\/23789\/revisions"}],"predecessor-version":[{"id":23996,"href":"https:\/\/museliving.auxodev2.dk\/fr\/wp-json\/wp\/v2\/pages\/23789\/revisions\/23996"}],"wp:attachment":[{"href":"https:\/\/museliving.auxodev2.dk\/fr\/wp-json\/wp\/v2\/media?parent=23789"}],"curies":[{"name":"wp","href":"https:\/\/api.w.org\/{rel}","templated":true}]}}