{"id":23779,"date":"2025-07-07T09:13:57","date_gmt":"2025-07-07T07:13:57","guid":{"rendered":"https:\/\/museliving.auxodev2.dk\/livraison\/"},"modified":"2025-08-24T08:17:43","modified_gmt":"2025-08-24T06:17:43","slug":"livraison","status":"publish","type":"page","link":"https:\/\/museliving.auxodev2.dk\/fr\/livraison\/","title":{"rendered":"Livraison"},"content":{"rendered":"\t\t<div data-elementor-type=\"wp-page\" data-elementor-id=\"23779\" class=\"elementor elementor-23779 elementor-4205\" data-elementor-post-type=\"page\">\n\t\t\t\t<div class=\"elementor-element elementor-element-ad34d84 e-con-full e-flex e-con e-parent\" data-id=\"ad34d84\" data-element_type=\"container\">\n\t\t<div class=\"elementor-element elementor-element-d1e8c59 e-flex e-con-boxed e-con e-child\" data-id=\"d1e8c59\" data-element_type=\"container\" data-settings=\"{&quot;background_background&quot;:&quot;classic&quot;}\">\n\t\t\t\t\t<div class=\"e-con-inner\">\n\t\t<div class=\"elementor-element elementor-element-fb928b3 e-con-full e-flex e-con e-child\" data-id=\"fb928b3\" data-element_type=\"container\">\n\t\t\t\t<\/div>\n\t\t\t\t\t<\/div>\n\t\t\t\t<\/div>\n\t\t\t\t<\/div>\n\t\t<div class=\"elementor-element elementor-element-d4c2800 e-flex e-con-boxed e-con e-parent\" data-id=\"d4c2800\" data-element_type=\"container\" data-settings=\"{&quot;background_background&quot;:&quot;classic&quot;}\">\n\t\t\t\t\t<div class=\"e-con-inner\">\n\t\t<div class=\"elementor-element elementor-element-883fe7a e-con-full e-flex e-con e-child\" data-id=\"883fe7a\" data-element_type=\"container\">\n\t\t\t\t<div class=\"elementor-element elementor-element-1cc1628 elementor-widget elementor-widget-heading\" data-id=\"1cc1628\" data-element_type=\"widget\" data-widget_type=\"heading.default\">\n\t\t\t\t\t<h2 class=\"elementor-heading-title elementor-size-default\">Livraison<\/h2>\t\t\t\t<\/div>\n\t\t\t\t<div class=\"elementor-element elementor-element-6fe7fff elementor-widget elementor-widget-text-editor\" data-id=\"6fe7fff\" data-element_type=\"widget\" data-widget_type=\"text-editor.default\">\n\t\t\t\t\t\t\t\t\t<p>Les marchandises sont g\u00e9n\u00e9ralement exp\u00e9di\u00e9es le jour m\u00eame, si elles sont en stock et command\u00e9es au plus tard \u00e0 12h00 (midi) CET.<\/p><p>Le d\u00e9lai de livraison sp\u00e9cifique est indiqu\u00e9 pour chaque article dans la boutique en ligne et est bas\u00e9 sur une commande pass\u00e9e avant 12h00 CET. Si vous passez la commande apr\u00e8s 12h00 CET, les marchandises seront exp\u00e9di\u00e9es le jour ouvrable suivant. Si les marchandises ne sont pas en stock, le d\u00e9lai de livraison est g\u00e9n\u00e9ralement de 1 \u00e0 3 semaines. Nous envoyons toujours un e-mail concernant le d\u00e9lai de livraison pr\u00e9vu d\u00e8s que possible.   <\/p><p>Museliving assure la livraison par camion, GLS ou DSV, si vous ne souhaitez pas venir retirer votre commande vous-m\u00eame.<\/p><p>En cas de livraison \u00e0 domicile, si vous avez indiqu\u00e9 o\u00f9 le colis peut \u00eatre d\u00e9pos\u00e9, le risque et la responsabilit\u00e9 vous sont transf\u00e9r\u00e9s d\u00e8s que le colis est livr\u00e9. Lorsque vous indiquez o\u00f9 le colis peut \u00eatre d\u00e9pos\u00e9 lors d\u2019une livraison \u00e0 domicile, il est important que le transporteur puisse y acc\u00e9der facilement avec un transpalette standard. <\/p>\t\t\t\t\t\t\t\t<\/div>\n\t\t\t\t<\/div>\n\t\t<div class=\"elementor-element elementor-element-5680f9d e-con-full e-flex e-con e-child\" data-id=\"5680f9d\" data-element_type=\"container\">\n\t\t\t\t<div class=\"elementor-element elementor-element-e733cf4 elementor-widget elementor-widget-heading\" data-id=\"e733cf4\" data-element_type=\"widget\" data-widget_type=\"heading.default\">\n\t\t\t\t\t<h3 class=\"elementor-heading-title elementor-size-default\">Concernant une nouvelle livraison<\/h3>\t\t\t\t<\/div>\n\t\t\t\t<div class=\"elementor-element elementor-element-b3859c0 elementor-widget elementor-widget-text-editor\" data-id=\"b3859c0\" data-element_type=\"widget\" data-widget_type=\"text-editor.default\">\n\t\t\t\t\t\t\t\t\t<p>Si personne n\u2019est pr\u00e9sent \u00e0 l\u2019adresse de livraison pour recevoir les marchandises, et si vous n\u2019avez pas convenu que les marchandises puissent \u00eatre laiss\u00e9es \u00e0 l\u2019adresse, le transporteur reprendra les marchandises et tentera une nouvelle livraison. Si vous refusez la r\u00e9ception afin que la commande soit livr\u00e9e \u00e0 un autre moment sans accord pr\u00e9alable avec Museliving, cela est \u00e9galement consid\u00e9r\u00e9 comme une nouvelle livraison. Le prix d\u2019une nouvelle livraison est de 30 EUR.  <\/p><p>Si vous souhaitez une livraison \u00e0 une heure pr\u00e9cise ou en dehors de la plage horaire 8h00 \u2013 16h00, cela peut \u00eatre organis\u00e9 moyennant un suppl\u00e9ment.<\/p>\t\t\t\t\t\t\t\t<\/div>\n\t\t\t\t<\/div>\n\t\t\t\t\t<\/div>\n\t\t\t\t<\/div>\n\t\t\t\t<\/div>\n\t\t","protected":false},"excerpt":{"rendered":"<p>Livraison Les marchandises sont g\u00e9n\u00e9ralement exp\u00e9di\u00e9es le jour m\u00eame, si elles sont en stock et command\u00e9es au plus tard \u00e0 12h00 (midi) CET. Le d\u00e9lai de livraison sp\u00e9cifique est indiqu\u00e9 pour chaque article dans la boutique en ligne et est bas\u00e9 sur une commande pass\u00e9e avant 12h00 CET. Si vous passez la commande apr\u00e8s 12h00 [&hellip;]<\/p>\n","protected":false},"author":1,"featured_media":0,"parent":0,"menu_order":0,"comment_status":"closed","ping_status":"closed","template":"","meta":{"_acf_changed":false,"footnotes":""},"class_list":["post-23779","page","type-page","status-publish","hentry"],"acf":[],"yoast_head":"<!-- This site is optimized with the Yoast SEO plugin v26.9 - https:\/\/yoast.com\/product\/yoast-seo-wordpress\/ -->\n<title>Livraison - museliving.eu<\/title>\n<meta name=\"robots\" content=\"noindex, follow, max-snippet:-1, max-image-preview:large, max-video-preview:-1\" \/>\n<meta property=\"og:locale\" content=\"fr_FR\" \/>\n<meta property=\"og:type\" content=\"article\" \/>\n<meta property=\"og:title\" content=\"Livraison - museliving.eu\" \/>\n<meta property=\"og:description\" content=\"Livraison Les marchandises sont g\u00e9n\u00e9ralement exp\u00e9di\u00e9es le jour m\u00eame, si elles sont en stock et command\u00e9es au plus tard \u00e0 12h00 (midi) CET. Le d\u00e9lai de livraison sp\u00e9cifique est indiqu\u00e9 pour chaque article dans la boutique en ligne et est bas\u00e9 sur une commande pass\u00e9e avant 12h00 CET. Si vous passez la commande apr\u00e8s 12h00 [&hellip;]\" \/>\n<meta property=\"og:url\" content=\"https:\/\/museliving.auxodev2.dk\/fr\/livraison\/\" \/>\n<meta property=\"og:site_name\" content=\"museliving.eu\" \/>\n<meta property=\"article:modified_time\" content=\"2025-08-24T06:17:43+00:00\" \/>\n<meta name=\"twitter:card\" content=\"summary_large_image\" \/>\n<meta name=\"twitter:label1\" content=\"Est. reading time\" \/>\n\t<meta name=\"twitter:data1\" content=\"2 minutes\" \/>\n<script type=\"application\/ld+json\" class=\"yoast-schema-graph\">{\"@context\":\"https:\/\/schema.org\",\"@graph\":[{\"@type\":\"WebPage\",\"@id\":\"https:\/\/museliving.auxodev2.dk\/fr\/livraison\/\",\"url\":\"https:\/\/museliving.auxodev2.dk\/fr\/livraison\/\",\"name\":\"Livraison - museliving.eu\",\"isPartOf\":{\"@id\":\"https:\/\/museliving.auxodev2.dk\/fr\/#website\"},\"datePublished\":\"2025-07-07T07:13:57+00:00\",\"dateModified\":\"2025-08-24T06:17:43+00:00\",\"breadcrumb\":{\"@id\":\"https:\/\/museliving.auxodev2.dk\/fr\/livraison\/#breadcrumb\"},\"inLanguage\":\"fr-FR\",\"potentialAction\":[{\"@type\":\"ReadAction\",\"target\":[\"https:\/\/museliving.auxodev2.dk\/fr\/livraison\/\"]}]},{\"@type\":\"BreadcrumbList\",\"@id\":\"https:\/\/museliving.auxodev2.dk\/fr\/livraison\/#breadcrumb\",\"itemListElement\":[{\"@type\":\"ListItem\",\"position\":1,\"name\":\"Home\",\"item\":\"https:\/\/museliving.auxodev2.dk\/fr\/accueil\/\"},{\"@type\":\"ListItem\",\"position\":2,\"name\":\"Livraison\"}]},{\"@type\":\"WebSite\",\"@id\":\"https:\/\/museliving.auxodev2.dk\/fr\/#website\",\"url\":\"https:\/\/museliving.auxodev2.dk\/fr\/\",\"name\":\"museliving.eu\",\"description\":\"\",\"publisher\":{\"@id\":\"https:\/\/museliving.auxodev2.dk\/fr\/#organization\"},\"potentialAction\":[{\"@type\":\"SearchAction\",\"target\":{\"@type\":\"EntryPoint\",\"urlTemplate\":\"https:\/\/museliving.auxodev2.dk\/fr\/?s={search_term_string}\"},\"query-input\":{\"@type\":\"PropertyValueSpecification\",\"valueRequired\":true,\"valueName\":\"search_term_string\"}}],\"inLanguage\":\"fr-FR\"},{\"@type\":\"Organization\",\"@id\":\"https:\/\/museliving.auxodev2.dk\/fr\/#organization\",\"name\":\"Museliving\",\"url\":\"https:\/\/museliving.auxodev2.dk\/fr\/\",\"logo\":{\"@type\":\"ImageObject\",\"inLanguage\":\"fr-FR\",\"@id\":\"https:\/\/museliving.auxodev2.dk\/fr\/#\/schema\/logo\/image\/\",\"url\":\"https:\/\/museliving.auxodev2.dk\/wp-content\/uploads\/websted-logo.png\",\"contentUrl\":\"https:\/\/museliving.auxodev2.dk\/wp-content\/uploads\/websted-logo.png\",\"width\":350,\"height\":100,\"caption\":\"Museliving\"},\"image\":{\"@id\":\"https:\/\/museliving.auxodev2.dk\/fr\/#\/schema\/logo\/image\/\"}}]}<\/script>\n<!-- \/ Yoast SEO plugin. -->","yoast_head_json":{"title":"Livraison - museliving.eu","robots":{"index":"noindex","follow":"follow","max-snippet":"max-snippet:-1","max-image-preview":"max-image-preview:large","max-video-preview":"max-video-preview:-1"},"og_locale":"fr_FR","og_type":"article","og_title":"Livraison - museliving.eu","og_description":"Livraison Les marchandises sont g\u00e9n\u00e9ralement exp\u00e9di\u00e9es le jour m\u00eame, si elles sont en stock et command\u00e9es au plus tard \u00e0 12h00 (midi) CET. Le d\u00e9lai de livraison sp\u00e9cifique est indiqu\u00e9 pour chaque article dans la boutique en ligne et est bas\u00e9 sur une commande pass\u00e9e avant 12h00 CET. Si vous passez la commande apr\u00e8s 12h00 [&hellip;]","og_url":"https:\/\/museliving.auxodev2.dk\/fr\/livraison\/","og_site_name":"museliving.eu","article_modified_time":"2025-08-24T06:17:43+00:00","twitter_card":"summary_large_image","twitter_misc":{"Est. reading time":"2 minutes"},"schema":{"@context":"https:\/\/schema.org","@graph":[{"@type":"WebPage","@id":"https:\/\/museliving.auxodev2.dk\/fr\/livraison\/","url":"https:\/\/museliving.auxodev2.dk\/fr\/livraison\/","name":"Livraison - museliving.eu","isPartOf":{"@id":"https:\/\/museliving.auxodev2.dk\/fr\/#website"},"datePublished":"2025-07-07T07:13:57+00:00","dateModified":"2025-08-24T06:17:43+00:00","breadcrumb":{"@id":"https:\/\/museliving.auxodev2.dk\/fr\/livraison\/#breadcrumb"},"inLanguage":"fr-FR","potentialAction":[{"@type":"ReadAction","target":["https:\/\/museliving.auxodev2.dk\/fr\/livraison\/"]}]},{"@type":"BreadcrumbList","@id":"https:\/\/museliving.auxodev2.dk\/fr\/livraison\/#breadcrumb","itemListElement":[{"@type":"ListItem","position":1,"name":"Home","item":"https:\/\/museliving.auxodev2.dk\/fr\/accueil\/"},{"@type":"ListItem","position":2,"name":"Livraison"}]},{"@type":"WebSite","@id":"https:\/\/museliving.auxodev2.dk\/fr\/#website","url":"https:\/\/museliving.auxodev2.dk\/fr\/","name":"museliving.eu","description":"","publisher":{"@id":"https:\/\/museliving.auxodev2.dk\/fr\/#organization"},"potentialAction":[{"@type":"SearchAction","target":{"@type":"EntryPoint","urlTemplate":"https:\/\/museliving.auxodev2.dk\/fr\/?s={search_term_string}"},"query-input":{"@type":"PropertyValueSpecification","valueRequired":true,"valueName":"search_term_string"}}],"inLanguage":"fr-FR"},{"@type":"Organization","@id":"https:\/\/museliving.auxodev2.dk\/fr\/#organization","name":"Museliving","url":"https:\/\/museliving.auxodev2.dk\/fr\/","logo":{"@type":"ImageObject","inLanguage":"fr-FR","@id":"https:\/\/museliving.auxodev2.dk\/fr\/#\/schema\/logo\/image\/","url":"https:\/\/museliving.auxodev2.dk\/wp-content\/uploads\/websted-logo.png","contentUrl":"https:\/\/museliving.auxodev2.dk\/wp-content\/uploads\/websted-logo.png","width":350,"height":100,"caption":"Museliving"},"image":{"@id":"https:\/\/museliving.auxodev2.dk\/fr\/#\/schema\/logo\/image\/"}}]}},"_links":{"self":[{"href":"https:\/\/museliving.auxodev2.dk\/fr\/wp-json\/wp\/v2\/pages\/23779","targetHints":{"allow":["GET"]}}],"collection":[{"href":"https:\/\/museliving.auxodev2.dk\/fr\/wp-json\/wp\/v2\/pages"}],"about":[{"href":"https:\/\/museliving.auxodev2.dk\/fr\/wp-json\/wp\/v2\/types\/page"}],"author":[{"embeddable":true,"href":"https:\/\/museliving.auxodev2.dk\/fr\/wp-json\/wp\/v2\/users\/1"}],"replies":[{"embeddable":true,"href":"https:\/\/museliving.auxodev2.dk\/fr\/wp-json\/wp\/v2\/comments?post=23779"}],"version-history":[{"count":3,"href":"https:\/\/museliving.auxodev2.dk\/fr\/wp-json\/wp\/v2\/pages\/23779\/revisions"}],"predecessor-version":[{"id":23973,"href":"https:\/\/museliving.auxodev2.dk\/fr\/wp-json\/wp\/v2\/pages\/23779\/revisions\/23973"}],"wp:attachment":[{"href":"https:\/\/museliving.auxodev2.dk\/fr\/wp-json\/wp\/v2\/media?parent=23779"}],"curies":[{"name":"wp","href":"https:\/\/api.w.org\/{rel}","templated":true}]}}