{"id":23774,"date":"2025-07-07T16:13:19","date_gmt":"2025-07-07T14:13:19","guid":{"rendered":"https:\/\/museliving.auxodev2.dk\/b2b\/"},"modified":"2025-08-24T08:14:51","modified_gmt":"2025-08-24T06:14:51","slug":"b2b","status":"publish","type":"page","link":"https:\/\/museliving.auxodev2.dk\/fr\/b2b\/","title":{"rendered":"B2B"},"content":{"rendered":"\t\t<div data-elementor-type=\"wp-page\" data-elementor-id=\"23774\" class=\"elementor elementor-23774 elementor-17774\" data-elementor-post-type=\"page\">\n\t\t\t\t<div class=\"elementor-element elementor-element-3e4ab07 e-con-full e-flex e-con e-parent\" data-id=\"3e4ab07\" data-element_type=\"container\">\n\t\t<div class=\"elementor-element elementor-element-9e63665 e-flex e-con-boxed e-con e-child\" data-id=\"9e63665\" data-element_type=\"container\" data-settings=\"{&quot;background_background&quot;:&quot;classic&quot;}\">\n\t\t\t\t\t<div class=\"e-con-inner\">\n\t\t<div class=\"elementor-element elementor-element-c180f9c e-con-full e-flex e-con e-child\" data-id=\"c180f9c\" data-element_type=\"container\">\n\t\t\t\t<div class=\"elementor-element elementor-element-3ba0c28 elementor-widget elementor-widget-heading\" data-id=\"3ba0c28\" data-element_type=\"widget\" data-widget_type=\"heading.default\">\n\t\t\t\t\t<h1 class=\"elementor-heading-title elementor-size-default\">Devenez partenaire B2B de Muse Living<\/h1>\t\t\t\t<\/div>\n\t\t\t\t<\/div>\n\t\t\t\t\t<\/div>\n\t\t\t\t<\/div>\n\t\t\t\t<\/div>\n\t\t<div class=\"elementor-element elementor-element-62a3788 e-flex e-con-boxed e-con e-parent\" data-id=\"62a3788\" data-element_type=\"container\">\n\t\t\t\t\t<div class=\"e-con-inner\">\n\t\t\t\t<div class=\"elementor-element elementor-element-9b9d258 elementor-widget__width-initial elementor-widget elementor-widget-heading\" data-id=\"9b9d258\" data-element_type=\"widget\" data-widget_type=\"heading.default\">\n\t\t\t\t\t<h2 class=\"elementor-heading-title elementor-size-default\">Collaborez avec Muse Living pour des int\u00e9rieurs inspirants<\/h2>\t\t\t\t<\/div>\n\t\t<div class=\"elementor-element elementor-element-2551efb e-con-full e-flex e-con e-child\" data-id=\"2551efb\" data-element_type=\"container\">\n\t\t\t\t<div class=\"elementor-element elementor-element-96f5925 elementor-widget elementor-widget-text-editor\" data-id=\"96f5925\" data-element_type=\"widget\" data-widget_type=\"text-editor.default\">\n\t\t\t\t\t\t\t\t\t<p>Chez Muse Living, nous croyons en la cr\u00e9ation de partenariats solides favorisant une croissance mutuelle.<br>Notre programme Partenaire B2B offre aux entreprises des avantages exclusifs, y compris des remises sp\u00e9ciales sur nos collections de meubles durables, une gestion de compte personnalis\u00e9e et un acc\u00e8s anticip\u00e9 aux nouveaux lancements de produits. <\/p><p>Que vous soyez architecte d\u2019int\u00e9rieur, d\u00e9taillant, propri\u00e9taire de bar, restaurateur ou prestataire dans l\u2019h\u00f4tellerie, notre programme est con\u00e7u pour r\u00e9pondre \u00e0 vos besoins sp\u00e9cifiques avec des solutions sur mesure et un design intemporel.<\/p>\t\t\t\t\t\t\t\t<\/div>\n\t\t\t\t<div class=\"elementor-element elementor-element-fd1f589 elementor-widget elementor-widget-button\" data-id=\"fd1f589\" data-element_type=\"widget\" data-widget_type=\"button.default\">\n\t\t\t\t\t\t\t\t\t\t<a class=\"elementor-button elementor-button-link elementor-size-sm\" href=\"#become-partner\">\n\t\t\t\t\t\t<span class=\"elementor-button-content-wrapper\">\n\t\t\t\t\t\t<span class=\"elementor-button-icon\">\n\t\t\t\t<i aria-hidden=\"true\" class=\"far fa-long-arrow-right\"><\/i>\t\t\t<\/span>\n\t\t\t\t\t\t\t\t\t<span class=\"elementor-button-text\">Postuler pour devenir partenaire<\/span>\n\t\t\t\t\t<\/span>\n\t\t\t\t\t<\/a>\n\t\t\t\t\t\t\t\t<\/div>\n\t\t\t\t<\/div>\n\t\t\t\t\t<\/div>\n\t\t\t\t<\/div>\n\t\t<div class=\"elementor-element elementor-element-3c1ec08 e-flex e-con-boxed e-con e-parent\" data-id=\"3c1ec08\" data-element_type=\"container\">\n\t\t\t\t\t<div class=\"e-con-inner\">\n\t\t<div class=\"elementor-element elementor-element-b6adda6 e-con-full e-flex e-con e-child\" data-id=\"b6adda6\" data-element_type=\"container\" data-settings=\"{&quot;background_background&quot;:&quot;classic&quot;}\">\n\t\t\t\t<div class=\"elementor-element elementor-element-451fa67 elementor-widget elementor-widget-heading\" data-id=\"451fa67\" data-element_type=\"widget\" data-widget_type=\"heading.default\">\n\t\t\t\t\t<h2 class=\"elementor-heading-title elementor-size-default\">Avantages Partenaire<\/h2>\t\t\t\t<\/div>\n\t\t<div class=\"elementor-element elementor-element-61280bb e-grid e-con-full e-con e-child\" data-id=\"61280bb\" data-element_type=\"container\">\n\t\t\t\t<div class=\"elementor-element elementor-element-2fc7a6f elementor-view-stacked elementor-shape-square elementor-position-top elementor-mobile-position-top elementor-widget elementor-widget-icon-box\" data-id=\"2fc7a6f\" data-element_type=\"widget\" data-widget_type=\"icon-box.default\">\n\t\t\t\t\t\t\t<div class=\"elementor-icon-box-wrapper\">\n\n\t\t\t\t\t\t<div class=\"elementor-icon-box-icon\">\n\t\t\t\t<span  class=\"elementor-icon\">\n\t\t\t\t<i aria-hidden=\"true\" class=\"fal fa-tag\"><\/i>\t\t\t\t<\/span>\n\t\t\t<\/div>\n\t\t\t\n\t\t\t\t\t\t<div class=\"elementor-icon-box-content\">\n\n\t\t\t\t\t\t\t\t\t<h3 class=\"elementor-icon-box-title\">\n\t\t\t\t\t\t<span  >\n\t\t\t\t\t\t\tRemises Exclusives\t\t\t\t\t\t<\/span>\n\t\t\t\t\t<\/h3>\n\t\t\t\t\n\t\t\t\t\t\t\t\t\t<p class=\"elementor-icon-box-description\">\n\t\t\t\t\t\tB\u00e9n\u00e9ficiez de tarifs partenaires exclusifs sur l\u2019ensemble de notre gamme de meubles et d\u2019accessoires, vous permettant d\u2019\u00e9conomiser tout en sublimant vos espaces avec des solutions de design intemporelles et durables.\t\t\t\t\t<\/p>\n\t\t\t\t\n\t\t\t<\/div>\n\t\t\t\n\t\t<\/div>\n\t\t\t\t\t\t<\/div>\n\t\t\t\t<div class=\"elementor-element elementor-element-6a6a418 elementor-view-stacked elementor-shape-square elementor-position-top elementor-mobile-position-top elementor-widget elementor-widget-icon-box\" data-id=\"6a6a418\" data-element_type=\"widget\" data-widget_type=\"icon-box.default\">\n\t\t\t\t\t\t\t<div class=\"elementor-icon-box-wrapper\">\n\n\t\t\t\t\t\t<div class=\"elementor-icon-box-icon\">\n\t\t\t\t<span  class=\"elementor-icon\">\n\t\t\t\t<i aria-hidden=\"true\" class=\"fal fa-headset\"><\/i>\t\t\t\t<\/span>\n\t\t\t<\/div>\n\t\t\t\n\t\t\t\t\t\t<div class=\"elementor-icon-box-content\">\n\n\t\t\t\t\t\t\t\t\t<h3 class=\"elementor-icon-box-title\">\n\t\t\t\t\t\t<span  >\n\t\t\t\t\t\t\tAccompagnement Personnalis\u00e9\t\t\t\t\t\t<\/span>\n\t\t\t\t\t<\/h3>\n\t\t\t\t\n\t\t\t\t\t\t\t\t\t<p class=\"elementor-icon-box-description\">\n\t\t\t\t\t\tCollaborez directement avec notre \u00e9quipe B2B d\u00e9di\u00e9e pour obtenir des conseils sur mesure, des s\u00e9lections personnalis\u00e9es et un accompagnement efficace parfaitement adapt\u00e9 \u00e0 la port\u00e9e de vos projets et \u00e0 vos objectifs commerciaux.\t\t\t\t\t<\/p>\n\t\t\t\t\n\t\t\t<\/div>\n\t\t\t\n\t\t<\/div>\n\t\t\t\t\t\t<\/div>\n\t\t\t\t<div class=\"elementor-element elementor-element-179407f elementor-view-stacked elementor-shape-square elementor-position-top elementor-mobile-position-top elementor-widget elementor-widget-icon-box\" data-id=\"179407f\" data-element_type=\"widget\" data-widget_type=\"icon-box.default\">\n\t\t\t\t\t\t\t<div class=\"elementor-icon-box-wrapper\">\n\n\t\t\t\t\t\t<div class=\"elementor-icon-box-icon\">\n\t\t\t\t<span  class=\"elementor-icon\">\n\t\t\t\t<i aria-hidden=\"true\" class=\"fal fa-star\"><\/i>\t\t\t\t<\/span>\n\t\t\t<\/div>\n\t\t\t\n\t\t\t\t\t\t<div class=\"elementor-icon-box-content\">\n\n\t\t\t\t\t\t\t\t\t<h3 class=\"elementor-icon-box-title\">\n\t\t\t\t\t\t<span  >\n\t\t\t\t\t\t\tAcc\u00e8s Anticip\u00e9\t\t\t\t\t\t<\/span>\n\t\t\t\t\t<\/h3>\n\t\t\t\t\n\t\t\t\t\t\t\t\t\t<p class=\"elementor-icon-box-description\">\n\t\t\t\t\t\tSoyez le premier \u00e0 d\u00e9couvrir nos nouveaux lancements, nos styles exclusifs et nos nouveaut\u00e9s saisonni\u00e8res \u2014 garantissant que vos espaces soient toujours \u00e0 la pointe du design, du style et de la fonctionnalit\u00e9.\t\t\t\t\t<\/p>\n\t\t\t\t\n\t\t\t<\/div>\n\t\t\t\n\t\t<\/div>\n\t\t\t\t\t\t<\/div>\n\t\t\t\t<div class=\"elementor-element elementor-element-8a83199 elementor-view-stacked elementor-shape-square elementor-position-top elementor-mobile-position-top elementor-widget elementor-widget-icon-box\" data-id=\"8a83199\" data-element_type=\"widget\" data-widget_type=\"icon-box.default\">\n\t\t\t\t\t\t\t<div class=\"elementor-icon-box-wrapper\">\n\n\t\t\t\t\t\t<div class=\"elementor-icon-box-icon\">\n\t\t\t\t<span  class=\"elementor-icon\">\n\t\t\t\t<i aria-hidden=\"true\" class=\"fal fa-tools\"><\/i>\t\t\t\t<\/span>\n\t\t\t<\/div>\n\t\t\t\n\t\t\t\t\t\t<div class=\"elementor-icon-box-content\">\n\n\t\t\t\t\t\t\t\t\t<h3 class=\"elementor-icon-box-title\">\n\t\t\t\t\t\t<span  >\n\t\t\t\t\t\t\tSolutions Sur Mesure\t\t\t\t\t\t<\/span>\n\t\t\t\t\t<\/h3>\n\t\t\t\t\n\t\t\t\t\t\t\t\t\t<p class=\"elementor-icon-box-description\">\n\t\t\t\t\t\tDes besoins sp\u00e9cifiques \u00e0 l\u2019agencement aux demandes particuli\u00e8res, nous proposons des solutions produits adaptables, con\u00e7ues pour r\u00e9pondre aux exigences des bars, restaurants et environnements int\u00e9rieurs commerciaux.\t\t\t\t\t<\/p>\n\t\t\t\t\n\t\t\t<\/div>\n\t\t\t\n\t\t<\/div>\n\t\t\t\t\t\t<\/div>\n\t\t\t\t<\/div>\n\t\t\t\t<\/div>\n\t\t\t\t\t<\/div>\n\t\t\t\t<\/div>\n\t\t<div class=\"elementor-element elementor-element-31d49a4 e-con-full e-flex e-con e-parent\" data-id=\"31d49a4\" data-element_type=\"container\" id=\"become-partner\">\n\t\t<div class=\"elementor-element elementor-element-c4bbb2b e-con-full elementor-hidden-mobile e-flex e-con e-child\" data-id=\"c4bbb2b\" data-element_type=\"container\" data-settings=\"{&quot;background_background&quot;:&quot;classic&quot;}\">\n\t\t\t\t<\/div>\n\t\t<div class=\"elementor-element elementor-element-289c43b e-con-full e-flex e-con e-child\" data-id=\"289c43b\" data-element_type=\"container\">\n\t\t<div class=\"elementor-element elementor-element-4578875 e-con-full e-flex e-con e-child\" data-id=\"4578875\" data-element_type=\"container\">\n\t\t\t\t<div class=\"elementor-element elementor-element-944031f elementor-widget elementor-widget-heading\" data-id=\"944031f\" data-element_type=\"widget\" data-widget_type=\"heading.default\">\n\t\t\t\t\t<h2 class=\"elementor-heading-title elementor-size-default\">Devenez partenaire Muse Living d\u00e8s aujourd\u2019hui<\/h2>\t\t\t\t<\/div>\n\t\t\t\t<div class=\"elementor-element elementor-element-0cb89db elementor-widget elementor-widget-text-editor\" data-id=\"0cb89db\" data-element_type=\"widget\" data-widget_type=\"text-editor.default\">\n\t\t\t\t\t\t\t\t\t<p>Pr\u00eat \u00e0 enrichir votre offre avec les cr\u00e9ations durables de Muse Living ? Remplissez le formulaire de candidature ci-dessous pour devenir partenaire B2B. Une fois votre demande soumise, notre \u00e9quipe examinera vos informations et vous contactera pour discuter des prochaines \u00e9tapes.  <\/p>\t\t\t\t\t\t\t\t<\/div>\n\t\t\t\t<\/div>\n\t\t<div class=\"elementor-element elementor-element-977bbe1 e-con-full e-flex e-con e-child\" data-id=\"977bbe1\" data-element_type=\"container\">\n\t\t\t\t<div class=\"elementor-element elementor-element-dcdd3db elementor-button-align-start elementor-widget elementor-widget-form\" data-id=\"dcdd3db\" data-element_type=\"widget\" data-settings=\"{&quot;step_next_label&quot;:&quot;Suivant&quot;,&quot;step_previous_label&quot;:&quot;Pr\\u00e9c\\u00e9dent&quot;,&quot;button_width&quot;:&quot;100&quot;,&quot;step_type&quot;:&quot;number_text&quot;,&quot;step_icon_shape&quot;:&quot;circle&quot;}\" data-widget_type=\"form.default\">\n\t\t\t\t\t\t\t<form class=\"elementor-form\" method=\"post\" name=\"Devenir partenaire\" aria-label=\"Devenir partenaire\">\n\t\t\t<input type=\"hidden\" name=\"post_id\" value=\"23774\"\/>\n\t\t\t<input type=\"hidden\" name=\"form_id\" value=\"dcdd3db\"\/>\n\t\t\t<input type=\"hidden\" name=\"referer_title\" value=\"museliving.eu\" \/>\n\n\t\t\t\n\t\t\t<div class=\"elementor-form-fields-wrapper elementor-labels-above\">\n\t\t\t\t\t\t\t\t<div class=\"elementor-field-type-text elementor-field-group elementor-column elementor-field-group-company_name elementor-col-50 elementor-field-required elementor-mark-required\">\n\t\t\t\t\t\t\t\t\t\t\t\t<label for=\"form-field-company_name\" class=\"elementor-field-label\">\n\t\t\t\t\t\t\t\tNom de l\u2019entreprise\t\t\t\t\t\t\t<\/label>\n\t\t\t\t\t\t\t\t\t\t\t\t\t\t<input size=\"1\" type=\"text\" name=\"form_fields[company_name]\" id=\"form-field-company_name\" class=\"elementor-field elementor-size-sm  elementor-field-textual\" placeholder=\"Entrez le nom\" required=\"required\">\n\t\t\t\t\t\t\t\t\t\t\t<\/div>\n\t\t\t\t\t\t\t\t<div class=\"elementor-field-type-text elementor-field-group elementor-column elementor-field-group-company_number elementor-col-50 elementor-field-required elementor-mark-required\">\n\t\t\t\t\t\t\t\t\t\t\t\t<label for=\"form-field-company_number\" class=\"elementor-field-label\">\n\t\t\t\t\t\t\t\tEntrez le num\u00e9ro de l\u2019entreprise\t\t\t\t\t\t\t<\/label>\n\t\t\t\t\t\t\t\t\t\t\t\t\t\t<input size=\"1\" type=\"text\" name=\"form_fields[company_number]\" id=\"form-field-company_number\" class=\"elementor-field elementor-size-sm  elementor-field-textual\" placeholder=\"Num\u00e9ro de TVA intracommunautaire\" required=\"required\">\n\t\t\t\t\t\t\t\t\t\t\t<\/div>\n\t\t\t\t\t\t\t\t<div class=\"elementor-field-type-text elementor-field-group elementor-column elementor-field-group-name elementor-col-100 elementor-field-required elementor-mark-required\">\n\t\t\t\t\t\t\t\t\t\t\t\t<label for=\"form-field-name\" class=\"elementor-field-label\">\n\t\t\t\t\t\t\t\tNom\t\t\t\t\t\t\t<\/label>\n\t\t\t\t\t\t\t\t\t\t\t\t\t\t<input size=\"1\" type=\"text\" name=\"form_fields[name]\" id=\"form-field-name\" class=\"elementor-field elementor-size-sm  elementor-field-textual\" placeholder=\"Nom complet\" required=\"required\">\n\t\t\t\t\t\t\t\t\t\t\t<\/div>\n\t\t\t\t\t\t\t\t<div class=\"elementor-field-type-email elementor-field-group elementor-column elementor-field-group-email elementor-col-50 elementor-field-required elementor-mark-required\">\n\t\t\t\t\t\t\t\t\t\t\t\t<label for=\"form-field-email\" class=\"elementor-field-label\">\n\t\t\t\t\t\t\t\tE-mail\t\t\t\t\t\t\t<\/label>\n\t\t\t\t\t\t\t\t\t\t\t\t\t\t<input size=\"1\" type=\"email\" name=\"form_fields[email]\" id=\"form-field-email\" class=\"elementor-field elementor-size-sm  elementor-field-textual\" placeholder=\"Votre e-mail\" required=\"required\">\n\t\t\t\t\t\t\t\t\t\t\t<\/div>\n\t\t\t\t\t\t\t\t<div class=\"elementor-field-type-tel elementor-field-group elementor-column elementor-field-group-phone elementor-col-50 elementor-field-required elementor-mark-required\">\n\t\t\t\t\t\t\t\t\t\t\t\t<label for=\"form-field-phone\" class=\"elementor-field-label\">\n\t\t\t\t\t\t\t\tT\u00e9l\u00e9phone\t\t\t\t\t\t\t<\/label>\n\t\t\t\t\t\t\t\t<input size=\"1\" type=\"tel\" name=\"form_fields[phone]\" id=\"form-field-phone\" class=\"elementor-field elementor-size-sm  elementor-field-textual\" placeholder=\"Votre num\u00e9ro\" required=\"required\" pattern=\"[0-9()#&amp;+*-=.]+\" title=\"Only numbers and phone characters (#, -, *, etc) are accepted.\">\n\n\t\t\t\t\t\t<\/div>\n\t\t\t\t\t\t\t\t<div class=\"elementor-field-type-acceptance elementor-field-group elementor-column elementor-field-group-consent elementor-col-100 elementor-field-required elementor-mark-required\">\n\t\t\t\t\t\t\t<div class=\"elementor-field-subgroup\">\n\t\t\t<span class=\"elementor-field-option\">\n\t\t\t\t<input type=\"checkbox\" name=\"form_fields[consent]\" id=\"form-field-consent\" class=\"elementor-field elementor-size-sm  elementor-acceptance-field\" required=\"required\">\n\t\t\t\t<label for=\"form-field-consent\">J\u2019accepte que museliving.eu traite mes donn\u00e9es et me contacte.<\/label>\t\t\t<\/span>\n\t\t<\/div>\n\t\t\t\t\t\t<\/div>\n\t\t\t\t\t\t\t\t<div class=\"elementor-field-group elementor-column elementor-field-type-submit elementor-col-100 e-form__buttons\">\n\t\t\t\t\t<button class=\"elementor-button elementor-size-sm\" type=\"submit\">\n\t\t\t\t\t\t<span class=\"elementor-button-content-wrapper\">\n\t\t\t\t\t\t\t\t\t\t\t\t\t\t\t\t\t\t\t\t\t\t<span class=\"elementor-button-text\">Soumettre la candidature<\/span>\n\t\t\t\t\t\t\t\t\t\t\t\t\t<\/span>\n\t\t\t\t\t<\/button>\n\t\t\t\t<\/div>\n\t\t\t<\/div>\n\t\t<input\n                    class=\"apbct_special_field apbct_email_id__elementor_form\"\n                    name=\"apbct__email_id__elementor_form\"\n                    aria-label=\"apbct__label_id__elementor_form\"\n                    type=\"text\" size=\"30\" maxlength=\"200\" autocomplete=\"off\"\n                    value=\"\"\n                \/><\/form>\n\t\t\t\t\t\t<\/div>\n\t\t\t\t<\/div>\n\t\t\t\t<\/div>\n\t\t\t\t<\/div>\n\t\t\t\t<\/div>\n\t\t","protected":false},"excerpt":{"rendered":"<p>Devenez partenaire B2B de Muse Living Collaborez avec Muse Living pour des int\u00e9rieurs inspirants Chez Muse Living, nous croyons en la cr\u00e9ation de partenariats solides favorisant une croissance mutuelle.Notre programme Partenaire B2B offre aux entreprises des avantages exclusifs, y compris des remises sp\u00e9ciales sur nos collections de meubles durables, une gestion de compte personnalis\u00e9e et [&hellip;]<\/p>\n","protected":false},"author":1,"featured_media":0,"parent":0,"menu_order":0,"comment_status":"closed","ping_status":"closed","template":"","meta":{"_acf_changed":false,"footnotes":""},"class_list":["post-23774","page","type-page","status-publish","hentry"],"acf":[],"yoast_head":"<!-- This site is optimized with the Yoast SEO plugin v26.9 - https:\/\/yoast.com\/product\/yoast-seo-wordpress\/ -->\n<title>B2B - museliving.eu<\/title>\n<meta name=\"robots\" content=\"noindex, follow, max-snippet:-1, max-image-preview:large, max-video-preview:-1\" \/>\n<meta property=\"og:locale\" content=\"fr_FR\" \/>\n<meta property=\"og:type\" content=\"article\" \/>\n<meta property=\"og:title\" content=\"B2B - museliving.eu\" \/>\n<meta property=\"og:description\" content=\"Devenez partenaire B2B de Muse Living Collaborez avec Muse Living pour des int\u00e9rieurs inspirants Chez Muse Living, nous croyons en la cr\u00e9ation de partenariats solides favorisant une croissance mutuelle.Notre programme Partenaire B2B offre aux entreprises des avantages exclusifs, y compris des remises sp\u00e9ciales sur nos collections de meubles durables, une gestion de compte personnalis\u00e9e et [&hellip;]\" \/>\n<meta property=\"og:url\" content=\"https:\/\/museliving.auxodev2.dk\/fr\/b2b\/\" \/>\n<meta property=\"og:site_name\" content=\"museliving.eu\" \/>\n<meta property=\"article:modified_time\" content=\"2025-08-24T06:14:51+00:00\" \/>\n<meta name=\"twitter:card\" content=\"summary_large_image\" \/>\n<meta name=\"twitter:label1\" content=\"Est. reading time\" \/>\n\t<meta name=\"twitter:data1\" content=\"2 minutes\" \/>\n<script type=\"application\/ld+json\" class=\"yoast-schema-graph\">{\"@context\":\"https:\/\/schema.org\",\"@graph\":[{\"@type\":\"WebPage\",\"@id\":\"https:\/\/museliving.auxodev2.dk\/fr\/b2b\/\",\"url\":\"https:\/\/museliving.auxodev2.dk\/fr\/b2b\/\",\"name\":\"B2B - museliving.eu\",\"isPartOf\":{\"@id\":\"https:\/\/museliving.auxodev2.dk\/fr\/#website\"},\"datePublished\":\"2025-07-07T14:13:19+00:00\",\"dateModified\":\"2025-08-24T06:14:51+00:00\",\"breadcrumb\":{\"@id\":\"https:\/\/museliving.auxodev2.dk\/fr\/b2b\/#breadcrumb\"},\"inLanguage\":\"fr-FR\",\"potentialAction\":[{\"@type\":\"ReadAction\",\"target\":[\"https:\/\/museliving.auxodev2.dk\/fr\/b2b\/\"]}]},{\"@type\":\"BreadcrumbList\",\"@id\":\"https:\/\/museliving.auxodev2.dk\/fr\/b2b\/#breadcrumb\",\"itemListElement\":[{\"@type\":\"ListItem\",\"position\":1,\"name\":\"Home\",\"item\":\"https:\/\/museliving.auxodev2.dk\/fr\/accueil\/\"},{\"@type\":\"ListItem\",\"position\":2,\"name\":\"B2B\"}]},{\"@type\":\"WebSite\",\"@id\":\"https:\/\/museliving.auxodev2.dk\/fr\/#website\",\"url\":\"https:\/\/museliving.auxodev2.dk\/fr\/\",\"name\":\"museliving.eu\",\"description\":\"\",\"publisher\":{\"@id\":\"https:\/\/museliving.auxodev2.dk\/fr\/#organization\"},\"potentialAction\":[{\"@type\":\"SearchAction\",\"target\":{\"@type\":\"EntryPoint\",\"urlTemplate\":\"https:\/\/museliving.auxodev2.dk\/fr\/?s={search_term_string}\"},\"query-input\":{\"@type\":\"PropertyValueSpecification\",\"valueRequired\":true,\"valueName\":\"search_term_string\"}}],\"inLanguage\":\"fr-FR\"},{\"@type\":\"Organization\",\"@id\":\"https:\/\/museliving.auxodev2.dk\/fr\/#organization\",\"name\":\"Museliving\",\"url\":\"https:\/\/museliving.auxodev2.dk\/fr\/\",\"logo\":{\"@type\":\"ImageObject\",\"inLanguage\":\"fr-FR\",\"@id\":\"https:\/\/museliving.auxodev2.dk\/fr\/#\/schema\/logo\/image\/\",\"url\":\"https:\/\/museliving.auxodev2.dk\/wp-content\/uploads\/websted-logo.png\",\"contentUrl\":\"https:\/\/museliving.auxodev2.dk\/wp-content\/uploads\/websted-logo.png\",\"width\":350,\"height\":100,\"caption\":\"Museliving\"},\"image\":{\"@id\":\"https:\/\/museliving.auxodev2.dk\/fr\/#\/schema\/logo\/image\/\"}}]}<\/script>\n<!-- \/ Yoast SEO plugin. -->","yoast_head_json":{"title":"B2B - museliving.eu","robots":{"index":"noindex","follow":"follow","max-snippet":"max-snippet:-1","max-image-preview":"max-image-preview:large","max-video-preview":"max-video-preview:-1"},"og_locale":"fr_FR","og_type":"article","og_title":"B2B - museliving.eu","og_description":"Devenez partenaire B2B de Muse Living Collaborez avec Muse Living pour des int\u00e9rieurs inspirants Chez Muse Living, nous croyons en la cr\u00e9ation de partenariats solides favorisant une croissance mutuelle.Notre programme Partenaire B2B offre aux entreprises des avantages exclusifs, y compris des remises sp\u00e9ciales sur nos collections de meubles durables, une gestion de compte personnalis\u00e9e et [&hellip;]","og_url":"https:\/\/museliving.auxodev2.dk\/fr\/b2b\/","og_site_name":"museliving.eu","article_modified_time":"2025-08-24T06:14:51+00:00","twitter_card":"summary_large_image","twitter_misc":{"Est. reading time":"2 minutes"},"schema":{"@context":"https:\/\/schema.org","@graph":[{"@type":"WebPage","@id":"https:\/\/museliving.auxodev2.dk\/fr\/b2b\/","url":"https:\/\/museliving.auxodev2.dk\/fr\/b2b\/","name":"B2B - museliving.eu","isPartOf":{"@id":"https:\/\/museliving.auxodev2.dk\/fr\/#website"},"datePublished":"2025-07-07T14:13:19+00:00","dateModified":"2025-08-24T06:14:51+00:00","breadcrumb":{"@id":"https:\/\/museliving.auxodev2.dk\/fr\/b2b\/#breadcrumb"},"inLanguage":"fr-FR","potentialAction":[{"@type":"ReadAction","target":["https:\/\/museliving.auxodev2.dk\/fr\/b2b\/"]}]},{"@type":"BreadcrumbList","@id":"https:\/\/museliving.auxodev2.dk\/fr\/b2b\/#breadcrumb","itemListElement":[{"@type":"ListItem","position":1,"name":"Home","item":"https:\/\/museliving.auxodev2.dk\/fr\/accueil\/"},{"@type":"ListItem","position":2,"name":"B2B"}]},{"@type":"WebSite","@id":"https:\/\/museliving.auxodev2.dk\/fr\/#website","url":"https:\/\/museliving.auxodev2.dk\/fr\/","name":"museliving.eu","description":"","publisher":{"@id":"https:\/\/museliving.auxodev2.dk\/fr\/#organization"},"potentialAction":[{"@type":"SearchAction","target":{"@type":"EntryPoint","urlTemplate":"https:\/\/museliving.auxodev2.dk\/fr\/?s={search_term_string}"},"query-input":{"@type":"PropertyValueSpecification","valueRequired":true,"valueName":"search_term_string"}}],"inLanguage":"fr-FR"},{"@type":"Organization","@id":"https:\/\/museliving.auxodev2.dk\/fr\/#organization","name":"Museliving","url":"https:\/\/museliving.auxodev2.dk\/fr\/","logo":{"@type":"ImageObject","inLanguage":"fr-FR","@id":"https:\/\/museliving.auxodev2.dk\/fr\/#\/schema\/logo\/image\/","url":"https:\/\/museliving.auxodev2.dk\/wp-content\/uploads\/websted-logo.png","contentUrl":"https:\/\/museliving.auxodev2.dk\/wp-content\/uploads\/websted-logo.png","width":350,"height":100,"caption":"Museliving"},"image":{"@id":"https:\/\/museliving.auxodev2.dk\/fr\/#\/schema\/logo\/image\/"}}]}},"_links":{"self":[{"href":"https:\/\/museliving.auxodev2.dk\/fr\/wp-json\/wp\/v2\/pages\/23774","targetHints":{"allow":["GET"]}}],"collection":[{"href":"https:\/\/museliving.auxodev2.dk\/fr\/wp-json\/wp\/v2\/pages"}],"about":[{"href":"https:\/\/museliving.auxodev2.dk\/fr\/wp-json\/wp\/v2\/types\/page"}],"author":[{"embeddable":true,"href":"https:\/\/museliving.auxodev2.dk\/fr\/wp-json\/wp\/v2\/users\/1"}],"replies":[{"embeddable":true,"href":"https:\/\/museliving.auxodev2.dk\/fr\/wp-json\/wp\/v2\/comments?post=23774"}],"version-history":[{"count":3,"href":"https:\/\/museliving.auxodev2.dk\/fr\/wp-json\/wp\/v2\/pages\/23774\/revisions"}],"predecessor-version":[{"id":23963,"href":"https:\/\/museliving.auxodev2.dk\/fr\/wp-json\/wp\/v2\/pages\/23774\/revisions\/23963"}],"wp:attachment":[{"href":"https:\/\/museliving.auxodev2.dk\/fr\/wp-json\/wp\/v2\/media?parent=23774"}],"curies":[{"name":"wp","href":"https:\/\/api.w.org\/{rel}","templated":true}]}}