{"id":23727,"date":"2023-09-14T09:33:08","date_gmt":"2023-09-14T07:33:08","guid":{"rendered":"https:\/\/museliving.auxodev2.dk\/a-propos-de-nous\/"},"modified":"2025-08-24T08:13:31","modified_gmt":"2025-08-24T06:13:31","slug":"a-propos-de-nous","status":"publish","type":"page","link":"https:\/\/museliving.auxodev2.dk\/fr\/a-propos-de-nous\/","title":{"rendered":"A propos de nous"},"content":{"rendered":"\t\t<div data-elementor-type=\"wp-post\" data-elementor-id=\"23727\" class=\"elementor elementor-23727 elementor-1973\" data-elementor-post-type=\"page\">\n\t\t\t\t<div class=\"elementor-element elementor-element-287b847 e-con-full e-flex e-con e-parent\" data-id=\"287b847\" data-element_type=\"container\">\n\t\t<div class=\"elementor-element elementor-element-81f7805 e-flex e-con-boxed e-con e-child\" data-id=\"81f7805\" data-element_type=\"container\" data-settings=\"{&quot;background_background&quot;:&quot;classic&quot;}\">\n\t\t\t\t\t<div class=\"e-con-inner\">\n\t\t<div class=\"elementor-element elementor-element-171f7e5 e-con-full e-flex e-con e-child\" data-id=\"171f7e5\" data-element_type=\"container\">\n\t\t\t\t<div class=\"elementor-element elementor-element-4a2ca1c elementor-widget elementor-widget-heading\" data-id=\"4a2ca1c\" data-element_type=\"widget\" data-widget_type=\"heading.default\">\n\t\t\t\t\t<h1 class=\"elementor-heading-title elementor-size-default\">\u00c0 propos de Museliving<\/h1>\t\t\t\t<\/div>\n\t\t\t\t<\/div>\n\t\t\t\t\t<\/div>\n\t\t\t\t<\/div>\n\t\t\t\t<\/div>\n\t\t<div class=\"elementor-element elementor-element-bf59d79 e-flex e-con-boxed e-con e-parent\" data-id=\"bf59d79\" data-element_type=\"container\">\n\t\t\t\t\t<div class=\"e-con-inner\">\n\t\t\t\t<div class=\"elementor-element elementor-element-8d66788 elementor-widget__width-initial elementor-widget elementor-widget-heading\" data-id=\"8d66788\" data-element_type=\"widget\" data-widget_type=\"heading.default\">\n\t\t\t\t\t<h2 class=\"elementor-heading-title elementor-size-default\">L'origine de la vie musculaire<\/h2>\t\t\t\t<\/div>\n\t\t<div class=\"elementor-element elementor-element-154c644 e-con-full e-flex e-con e-child\" data-id=\"154c644\" data-element_type=\"container\">\n\t\t\t\t<div class=\"elementor-element elementor-element-a8a0286 elementor-widget elementor-widget-text-editor\" data-id=\"a8a0286\" data-element_type=\"widget\" data-widget_type=\"text-editor.default\">\n\t\t\t\t\t\t\t\t\t<p>Nos racines remontent \u00e0 l&#8217;ann\u00e9e 2017. C&#8217;est l\u00e0 que les premi\u00e8res graines de l&#8217;entreprise ont \u00e9t\u00e9 sem\u00e9es, et depuis lors, nous n&#8217;avons cess\u00e9 de cro\u00eetre ann\u00e9e apr\u00e8s ann\u00e9e. Nous travaillons dur chaque jour pour produire des designs nordiques en bois, que nous fournissons \u00e0 des partenaires dans toute l&#8217;Europe.<\/p><p>Ces derni\u00e8res ann\u00e9es, nos produits ont suscit\u00e9 une forte demande et un grand int\u00e9r\u00eat, ce qui nous permet aujourd&#8217;hui de nous enorgueillir d&#8217;environ 1,5 million d&#8217;euros de chiffre d&#8217;affaires. 50 employ\u00e9s et un chiffre d&#8217;affaires en hausse.<\/p>\t\t\t\t\t\t\t\t<\/div>\n\t\t\t\t<div class=\"elementor-element elementor-element-54bbc1d elementor-widget elementor-widget-button\" data-id=\"54bbc1d\" data-element_type=\"widget\" data-widget_type=\"button.default\">\n\t\t\t\t\t\t\t\t\t\t<a class=\"elementor-button elementor-button-link elementor-size-sm\" href=\"https:\/\/museliving.auxodev2.dk\/fr\/shop\/\">\n\t\t\t\t\t\t<span class=\"elementor-button-content-wrapper\">\n\t\t\t\t\t\t<span class=\"elementor-button-icon\">\n\t\t\t\t<i aria-hidden=\"true\" class=\"far fa-long-arrow-right\"><\/i>\t\t\t<\/span>\n\t\t\t\t\t\t\t\t\t<span class=\"elementor-button-text\">Explorer les produits<\/span>\n\t\t\t\t\t<\/span>\n\t\t\t\t\t<\/a>\n\t\t\t\t\t\t\t\t<\/div>\n\t\t\t\t<\/div>\n\t\t\t\t\t<\/div>\n\t\t\t\t<\/div>\n\t\t<div class=\"elementor-element elementor-element-dc05494 e-flex e-con-boxed e-con e-parent\" data-id=\"dc05494\" data-element_type=\"container\">\n\t\t\t\t\t<div class=\"e-con-inner\">\n\t\t<div class=\"elementor-element elementor-element-037b2c4 e-con-full e-flex e-con e-child\" data-id=\"037b2c4\" data-element_type=\"container\">\n\t\t<a class=\"elementor-element elementor-element-6286db7 e-con-full e-flex e-con e-child\" data-id=\"6286db7\" data-element_type=\"container\" data-settings=\"{&quot;background_background&quot;:&quot;classic&quot;}\" href=\"https:\/\/museliving.auxodev2.dk\/fr\/category\/wine-racks\/\">\n\t\t\t\t<div class=\"elementor-element elementor-element-bbac41b elementor-widget elementor-widget-heading\" data-id=\"bbac41b\" data-element_type=\"widget\" data-widget_type=\"heading.default\">\n\t\t\t\t\t<h2 class=\"elementor-heading-title elementor-size-default\">Casiers \u00e0 vin<\/h2>\t\t\t\t<\/div>\n\t\t\t\t<div class=\"elementor-element elementor-element-b185f4d elementor-widget elementor-widget-aveo_alternative-button\" data-id=\"b185f4d\" data-element_type=\"widget\" data-widget_type=\"aveo_alternative-button.default\">\n\t\t\t\t<div class=\"elementor-widget-container\">\n\t\t\t\t\t\n        <div class=\"aveo-elementor-button-wrapper button-alignment-center\" style=\"display: flex;\">\n        <div class=\"aveo-elementor-button icon-alignment-right elementor-animation-\" id=\"\">\n                See products<i class=\"far fa-long-arrow-right\"><\/i>\n            <\/div>\n        <\/div>\t\t\t\t<\/div>\n\t\t\t\t<\/div>\n\t\t\t\t<\/a>\n\t\t<a class=\"elementor-element elementor-element-a433dd5 e-con-full e-flex e-con e-child\" data-id=\"a433dd5\" data-element_type=\"container\" data-settings=\"{&quot;background_background&quot;:&quot;classic&quot;}\" href=\"https:\/\/museliving.auxodev2.dk\/fr\/category\/furniture\/\">\n\t\t\t\t<div class=\"elementor-element elementor-element-434a68a elementor-widget elementor-widget-heading\" data-id=\"434a68a\" data-element_type=\"widget\" data-widget_type=\"heading.default\">\n\t\t\t\t\t<h2 class=\"elementor-heading-title elementor-size-default\">Mobilier<\/h2>\t\t\t\t<\/div>\n\t\t\t\t<div class=\"elementor-element elementor-element-95187ae elementor-widget elementor-widget-aveo_alternative-button\" data-id=\"95187ae\" data-element_type=\"widget\" data-widget_type=\"aveo_alternative-button.default\">\n\t\t\t\t<div class=\"elementor-widget-container\">\n\t\t\t\t\t\n        <div class=\"aveo-elementor-button-wrapper button-alignment-center\" style=\"display: flex;\">\n        <div class=\"aveo-elementor-button icon-alignment-right elementor-animation-\" id=\"\">\n                See products<i class=\"far fa-long-arrow-right\"><\/i>\n            <\/div>\n        <\/div>\t\t\t\t<\/div>\n\t\t\t\t<\/div>\n\t\t\t\t<\/a>\n\t\t\t\t<\/div>\n\t\t<a class=\"elementor-element elementor-element-c74c502 e-con-full e-flex e-con e-child\" data-id=\"c74c502\" data-element_type=\"container\" data-settings=\"{&quot;background_background&quot;:&quot;classic&quot;}\" href=\"https:\/\/museliving.auxodev2.dk\/fr\/category\/accessories\/\">\n\t\t\t\t<div class=\"elementor-element elementor-element-f47aeb4 elementor-widget elementor-widget-heading\" data-id=\"f47aeb4\" data-element_type=\"widget\" data-widget_type=\"heading.default\">\n\t\t\t\t\t<h2 class=\"elementor-heading-title elementor-size-default\">Accessoires<\/h2>\t\t\t\t<\/div>\n\t\t\t\t<div class=\"elementor-element elementor-element-1d294c5 elementor-widget elementor-widget-aveo_alternative-button\" data-id=\"1d294c5\" data-element_type=\"widget\" data-widget_type=\"aveo_alternative-button.default\">\n\t\t\t\t<div class=\"elementor-widget-container\">\n\t\t\t\t\t\n        <div class=\"aveo-elementor-button-wrapper button-alignment-center\" style=\"display: flex;\">\n        <div class=\"aveo-elementor-button icon-alignment-right elementor-animation-\" id=\"\">\n                See products<i class=\"far fa-long-arrow-right\"><\/i>\n            <\/div>\n        <\/div>\t\t\t\t<\/div>\n\t\t\t\t<\/div>\n\t\t\t\t<\/a>\n\t\t\t\t\t<\/div>\n\t\t\t\t<\/div>\n\t\t<div class=\"elementor-element elementor-element-69432b6 e-con-full e-flex e-con e-parent\" data-id=\"69432b6\" data-element_type=\"container\">\n\t\t<div class=\"elementor-element elementor-element-be2e004 e-con-full e-flex e-con e-child\" data-id=\"be2e004\" data-element_type=\"container\" data-settings=\"{&quot;background_background&quot;:&quot;classic&quot;}\">\n\t\t\t\t<\/div>\n\t\t<div class=\"elementor-element elementor-element-869d5ea e-con-full e-flex e-con e-child\" data-id=\"869d5ea\" data-element_type=\"container\">\n\t\t<div class=\"elementor-element elementor-element-3b43620 e-con-full e-flex e-con e-child\" data-id=\"3b43620\" data-element_type=\"container\">\n\t\t\t\t<div class=\"elementor-element elementor-element-44b4e1f elementor-widget elementor-widget-heading\" data-id=\"44b4e1f\" data-element_type=\"widget\" data-widget_type=\"heading.default\">\n\t\t\t\t\t<h2 class=\"elementor-heading-title elementor-size-default\">D\u00e9couvrez notre collection de mod\u00e8les en bois nordique, notamment des casiers \u00e0 vin, des \u00e9tag\u00e8res et bien plus encore.<\/h2>\t\t\t\t<\/div>\n\t\t\t\t<div class=\"elementor-element elementor-element-0182c4f elementor-widget elementor-widget-text-editor\" data-id=\"0182c4f\" data-element_type=\"widget\" data-widget_type=\"text-editor.default\">\n\t\t\t\t\t\t\t\t\t<p>Vous recherchez un fournisseur de <a href=\"https:\/\/museliving.auxodev2.dk\/products\/\">bois nordique ?<\/a><\/p>\t\t\t\t\t\t\t\t<\/div>\n\t\t\t\t<\/div>\n\t\t<div class=\"elementor-element elementor-element-c1cb410 e-con-full e-flex e-con e-child\" data-id=\"c1cb410\" data-element_type=\"container\">\n\t\t\t\t<div class=\"elementor-element elementor-element-2dd08bd elementor-widget elementor-widget-text-editor\" data-id=\"2dd08bd\" data-element_type=\"widget\" data-widget_type=\"text-editor.default\">\n\t\t\t\t\t\t\t\t\t<p>Ou \u00eates-vous int\u00e9ress\u00e9 par certains de nos produits en tant qu&#8217;individu ? Quoi qu&#8217;il en soit, vous \u00eates au bon endroit. Avec plus de cinq ans d&#8217;exp\u00e9rience, nous disposons d&#8217;une grande expertise en mati\u00e8re de conception de produits en bois et nous garantissons de vous aider, vous et votre entreprise, et de faire de notre mieux.<\/p><p>D\u00e9couvrez nos <a href=\"https:\/\/museliving.auxodev2.dk\/wine-racks\/\">casiers \u00e0 vin de<\/a> haute qualit\u00e9, con\u00e7us avec une esth\u00e9tique scandinave et une grande durabilit\u00e9.<\/p><p>N&#8217;h\u00e9sitez pas \u00e0 <a href=\"https:\/\/museliving.auxodev2.dk\/fr\/contactez-nous\/\">nous contacter<\/a> pour un entretien sans engagement. Nous attendons avec impatience votre r\u00e9ponse !<\/p><p>Vous souhaitez en savoir plus sur nos produits ? Visitez notre <a href=\"https:\/\/museliving.auxodev2.dk\/fr\/porte-bouteilles-faq-tout-ce-que-vous-devez-savoir\/\">FAQ sur les casiers \u00e0 vin<\/a>.<\/p>\t\t\t\t\t\t\t\t<\/div>\n\t\t\t\t<div class=\"elementor-element elementor-element-e4d8f01 elementor-widget elementor-widget-button\" data-id=\"e4d8f01\" data-element_type=\"widget\" data-widget_type=\"button.default\">\n\t\t\t\t\t\t\t\t\t\t<a class=\"elementor-button elementor-button-link elementor-size-sm\" href=\"https:\/\/museliving.auxodev2.dk\/fr\/shop\/\">\n\t\t\t\t\t\t<span class=\"elementor-button-content-wrapper\">\n\t\t\t\t\t\t<span class=\"elementor-button-icon\">\n\t\t\t\t<i aria-hidden=\"true\" class=\"far fa-long-arrow-right\"><\/i>\t\t\t<\/span>\n\t\t\t\t\t\t\t\t\t<span class=\"elementor-button-text\">Voir les produits<\/span>\n\t\t\t\t\t<\/span>\n\t\t\t\t\t<\/a>\n\t\t\t\t\t\t\t\t<\/div>\n\t\t\t\t<\/div>\n\t\t\t\t<\/div>\n\t\t\t\t<\/div>\n\t\t<div class=\"elementor-element elementor-element-59503f6 e-con-full e-flex e-con e-parent\" data-id=\"59503f6\" data-element_type=\"container\">\n\t\t<div class=\"elementor-element elementor-element-7a7caa6 e-con-full e-flex e-con e-child\" data-id=\"7a7caa6\" data-element_type=\"container\" data-settings=\"{&quot;background_background&quot;:&quot;classic&quot;}\">\n\t\t\t\t<\/div>\n\t\t<div class=\"elementor-element elementor-element-51d134e e-con-full e-flex e-con e-child\" data-id=\"51d134e\" data-element_type=\"container\">\n\t\t<div class=\"elementor-element elementor-element-e042679 e-con-full e-flex e-con e-child\" data-id=\"e042679\" data-element_type=\"container\">\n\t\t\t\t<div class=\"elementor-element elementor-element-20157b2 elementor-widget elementor-widget-heading\" data-id=\"20157b2\" data-element_type=\"widget\" data-widget_type=\"heading.default\">\n\t\t\t\t\t<h2 class=\"elementor-heading-title elementor-size-default\">Commerce de gros et industrie manufacturi\u00e8re<\/h2>\t\t\t\t<\/div>\n\t\t\t\t<div class=\"elementor-element elementor-element-ef5aaa5 elementor-widget elementor-widget-text-editor\" data-id=\"ef5aaa5\" data-element_type=\"widget\" data-widget_type=\"text-editor.default\">\n\t\t\t\t\t\t\t\t\t<p>Museliving est une entreprise danoise, mais sa production se fait en Ukraine.<\/p>\t\t\t\t\t\t\t\t<\/div>\n\t\t\t\t<\/div>\n\t\t<div class=\"elementor-element elementor-element-0d96fd8 e-con-full e-flex e-con e-child\" data-id=\"0d96fd8\" data-element_type=\"container\">\n\t\t\t\t<div class=\"elementor-element elementor-element-68ee4b1 elementor-widget elementor-widget-text-editor\" data-id=\"68ee4b1\" data-element_type=\"widget\" data-widget_type=\"text-editor.default\">\n\t\t\t\t\t\t\t\t\t<p>Nous avons choisi strat\u00e9giquement de nous installer ici, car l&#8217;Ukraine a une longue tradition du bois et poss\u00e8de l&#8217;une des plus grandes for\u00eats de ch\u00eanes d&#8217;Europe. Cela signifie que nous avons facilement acc\u00e8s \u00e0 du bois de bonne qualit\u00e9 \u00e0 des prix comp\u00e9titifs. C&#8217;est pourquoi nous pouvons produire et fournir des int\u00e9rieurs en bois de haute qualit\u00e9 \u00e0 des prix parmi les plus bas du march\u00e9.<\/p><p>Nous travaillons principalement avec des entreprises, pour lesquelles nous avons plusieurs partenaires fid\u00e8les en Europe depuis de nombreuses ann\u00e9es. Gr\u00e2ce \u00e0 de nouveaux \u00e9quipements, \u00e0 une structure de production flexible et \u00e0 notre propre canal de distribution, nous pouvons r\u00e9pondre rapidement et efficacement aux demandes de formats standard et sp\u00e9ciaux.<\/p>\t\t\t\t\t\t\t\t<\/div>\n\t\t\t\t<div class=\"elementor-element elementor-element-591a267 elementor-widget elementor-widget-button\" data-id=\"591a267\" data-element_type=\"widget\" data-widget_type=\"button.default\">\n\t\t\t\t\t\t\t\t\t\t<a class=\"elementor-button elementor-button-link elementor-size-sm\" href=\"https:\/\/museliving.auxodev2.dk\/fr\/b2b\/\">\n\t\t\t\t\t\t<span class=\"elementor-button-content-wrapper\">\n\t\t\t\t\t\t<span class=\"elementor-button-icon\">\n\t\t\t\t<i aria-hidden=\"true\" class=\"far fa-long-arrow-right\"><\/i>\t\t\t<\/span>\n\t\t\t\t\t\t\t\t\t<span class=\"elementor-button-text\">Devenez partenaire<\/span>\n\t\t\t\t\t<\/span>\n\t\t\t\t\t<\/a>\n\t\t\t\t\t\t\t\t<\/div>\n\t\t\t\t<\/div>\n\t\t\t\t<\/div>\n\t\t\t\t<\/div>\n\t\t\t\t<\/div>\n\t\t","protected":false},"excerpt":{"rendered":"<p>\u00c0 propos de Museliving L&#8217;origine de la vie musculaire Nos racines remontent \u00e0 l&#8217;ann\u00e9e 2017. C&#8217;est l\u00e0 que les premi\u00e8res graines de l&#8217;entreprise ont \u00e9t\u00e9 sem\u00e9es, et depuis lors, nous n&#8217;avons cess\u00e9 de cro\u00eetre ann\u00e9e apr\u00e8s ann\u00e9e. Nous travaillons dur chaque jour pour produire des designs nordiques en bois, que nous fournissons \u00e0 des partenaires [&hellip;]<\/p>\n","protected":false},"author":1,"featured_media":0,"parent":0,"menu_order":0,"comment_status":"closed","ping_status":"closed","template":"","meta":{"_acf_changed":false,"footnotes":""},"class_list":["post-23727","page","type-page","status-publish","hentry"],"acf":[],"yoast_head":"<!-- This site is optimized with the Yoast SEO plugin v26.9 - https:\/\/yoast.com\/product\/yoast-seo-wordpress\/ -->\n<title>A propos de nous - museliving.eu<\/title>\n<meta name=\"robots\" content=\"noindex, follow, max-snippet:-1, max-image-preview:large, max-video-preview:-1\" \/>\n<meta property=\"og:locale\" content=\"fr_FR\" \/>\n<meta property=\"og:type\" content=\"article\" \/>\n<meta property=\"og:title\" content=\"A propos de nous - museliving.eu\" \/>\n<meta property=\"og:description\" content=\"\u00c0 propos de Museliving L&#8217;origine de la vie musculaire Nos racines remontent \u00e0 l&#8217;ann\u00e9e 2017. C&#8217;est l\u00e0 que les premi\u00e8res graines de l&#8217;entreprise ont \u00e9t\u00e9 sem\u00e9es, et depuis lors, nous n&#8217;avons cess\u00e9 de cro\u00eetre ann\u00e9e apr\u00e8s ann\u00e9e. Nous travaillons dur chaque jour pour produire des designs nordiques en bois, que nous fournissons \u00e0 des partenaires [&hellip;]\" \/>\n<meta property=\"og:url\" content=\"https:\/\/museliving.auxodev2.dk\/fr\/a-propos-de-nous\/\" \/>\n<meta property=\"og:site_name\" content=\"museliving.eu\" \/>\n<meta property=\"article:modified_time\" content=\"2025-08-24T06:13:31+00:00\" \/>\n<meta name=\"twitter:card\" content=\"summary_large_image\" \/>\n<meta name=\"twitter:label1\" content=\"Est. reading time\" \/>\n\t<meta name=\"twitter:data1\" content=\"2 minutes\" \/>\n<script type=\"application\/ld+json\" class=\"yoast-schema-graph\">{\"@context\":\"https:\/\/schema.org\",\"@graph\":[{\"@type\":\"WebPage\",\"@id\":\"https:\/\/museliving.auxodev2.dk\/fr\/a-propos-de-nous\/\",\"url\":\"https:\/\/museliving.auxodev2.dk\/fr\/a-propos-de-nous\/\",\"name\":\"A propos de nous - museliving.eu\",\"isPartOf\":{\"@id\":\"https:\/\/museliving.auxodev2.dk\/fr\/#website\"},\"datePublished\":\"2023-09-14T07:33:08+00:00\",\"dateModified\":\"2025-08-24T06:13:31+00:00\",\"breadcrumb\":{\"@id\":\"https:\/\/museliving.auxodev2.dk\/fr\/a-propos-de-nous\/#breadcrumb\"},\"inLanguage\":\"fr-FR\",\"potentialAction\":[{\"@type\":\"ReadAction\",\"target\":[\"https:\/\/museliving.auxodev2.dk\/fr\/a-propos-de-nous\/\"]}]},{\"@type\":\"BreadcrumbList\",\"@id\":\"https:\/\/museliving.auxodev2.dk\/fr\/a-propos-de-nous\/#breadcrumb\",\"itemListElement\":[{\"@type\":\"ListItem\",\"position\":1,\"name\":\"Home\",\"item\":\"https:\/\/museliving.auxodev2.dk\/fr\/accueil\/\"},{\"@type\":\"ListItem\",\"position\":2,\"name\":\"A propos de nous\"}]},{\"@type\":\"WebSite\",\"@id\":\"https:\/\/museliving.auxodev2.dk\/fr\/#website\",\"url\":\"https:\/\/museliving.auxodev2.dk\/fr\/\",\"name\":\"museliving.eu\",\"description\":\"\",\"publisher\":{\"@id\":\"https:\/\/museliving.auxodev2.dk\/fr\/#organization\"},\"potentialAction\":[{\"@type\":\"SearchAction\",\"target\":{\"@type\":\"EntryPoint\",\"urlTemplate\":\"https:\/\/museliving.auxodev2.dk\/fr\/?s={search_term_string}\"},\"query-input\":{\"@type\":\"PropertyValueSpecification\",\"valueRequired\":true,\"valueName\":\"search_term_string\"}}],\"inLanguage\":\"fr-FR\"},{\"@type\":\"Organization\",\"@id\":\"https:\/\/museliving.auxodev2.dk\/fr\/#organization\",\"name\":\"Museliving\",\"url\":\"https:\/\/museliving.auxodev2.dk\/fr\/\",\"logo\":{\"@type\":\"ImageObject\",\"inLanguage\":\"fr-FR\",\"@id\":\"https:\/\/museliving.auxodev2.dk\/fr\/#\/schema\/logo\/image\/\",\"url\":\"https:\/\/museliving.auxodev2.dk\/wp-content\/uploads\/websted-logo.png\",\"contentUrl\":\"https:\/\/museliving.auxodev2.dk\/wp-content\/uploads\/websted-logo.png\",\"width\":350,\"height\":100,\"caption\":\"Museliving\"},\"image\":{\"@id\":\"https:\/\/museliving.auxodev2.dk\/fr\/#\/schema\/logo\/image\/\"}}]}<\/script>\n<!-- \/ Yoast SEO plugin. -->","yoast_head_json":{"title":"A propos de nous - museliving.eu","robots":{"index":"noindex","follow":"follow","max-snippet":"max-snippet:-1","max-image-preview":"max-image-preview:large","max-video-preview":"max-video-preview:-1"},"og_locale":"fr_FR","og_type":"article","og_title":"A propos de nous - museliving.eu","og_description":"\u00c0 propos de Museliving L&#8217;origine de la vie musculaire Nos racines remontent \u00e0 l&#8217;ann\u00e9e 2017. C&#8217;est l\u00e0 que les premi\u00e8res graines de l&#8217;entreprise ont \u00e9t\u00e9 sem\u00e9es, et depuis lors, nous n&#8217;avons cess\u00e9 de cro\u00eetre ann\u00e9e apr\u00e8s ann\u00e9e. Nous travaillons dur chaque jour pour produire des designs nordiques en bois, que nous fournissons \u00e0 des partenaires [&hellip;]","og_url":"https:\/\/museliving.auxodev2.dk\/fr\/a-propos-de-nous\/","og_site_name":"museliving.eu","article_modified_time":"2025-08-24T06:13:31+00:00","twitter_card":"summary_large_image","twitter_misc":{"Est. reading time":"2 minutes"},"schema":{"@context":"https:\/\/schema.org","@graph":[{"@type":"WebPage","@id":"https:\/\/museliving.auxodev2.dk\/fr\/a-propos-de-nous\/","url":"https:\/\/museliving.auxodev2.dk\/fr\/a-propos-de-nous\/","name":"A propos de nous - museliving.eu","isPartOf":{"@id":"https:\/\/museliving.auxodev2.dk\/fr\/#website"},"datePublished":"2023-09-14T07:33:08+00:00","dateModified":"2025-08-24T06:13:31+00:00","breadcrumb":{"@id":"https:\/\/museliving.auxodev2.dk\/fr\/a-propos-de-nous\/#breadcrumb"},"inLanguage":"fr-FR","potentialAction":[{"@type":"ReadAction","target":["https:\/\/museliving.auxodev2.dk\/fr\/a-propos-de-nous\/"]}]},{"@type":"BreadcrumbList","@id":"https:\/\/museliving.auxodev2.dk\/fr\/a-propos-de-nous\/#breadcrumb","itemListElement":[{"@type":"ListItem","position":1,"name":"Home","item":"https:\/\/museliving.auxodev2.dk\/fr\/accueil\/"},{"@type":"ListItem","position":2,"name":"A propos de nous"}]},{"@type":"WebSite","@id":"https:\/\/museliving.auxodev2.dk\/fr\/#website","url":"https:\/\/museliving.auxodev2.dk\/fr\/","name":"museliving.eu","description":"","publisher":{"@id":"https:\/\/museliving.auxodev2.dk\/fr\/#organization"},"potentialAction":[{"@type":"SearchAction","target":{"@type":"EntryPoint","urlTemplate":"https:\/\/museliving.auxodev2.dk\/fr\/?s={search_term_string}"},"query-input":{"@type":"PropertyValueSpecification","valueRequired":true,"valueName":"search_term_string"}}],"inLanguage":"fr-FR"},{"@type":"Organization","@id":"https:\/\/museliving.auxodev2.dk\/fr\/#organization","name":"Museliving","url":"https:\/\/museliving.auxodev2.dk\/fr\/","logo":{"@type":"ImageObject","inLanguage":"fr-FR","@id":"https:\/\/museliving.auxodev2.dk\/fr\/#\/schema\/logo\/image\/","url":"https:\/\/museliving.auxodev2.dk\/wp-content\/uploads\/websted-logo.png","contentUrl":"https:\/\/museliving.auxodev2.dk\/wp-content\/uploads\/websted-logo.png","width":350,"height":100,"caption":"Museliving"},"image":{"@id":"https:\/\/museliving.auxodev2.dk\/fr\/#\/schema\/logo\/image\/"}}]}},"_links":{"self":[{"href":"https:\/\/museliving.auxodev2.dk\/fr\/wp-json\/wp\/v2\/pages\/23727","targetHints":{"allow":["GET"]}}],"collection":[{"href":"https:\/\/museliving.auxodev2.dk\/fr\/wp-json\/wp\/v2\/pages"}],"about":[{"href":"https:\/\/museliving.auxodev2.dk\/fr\/wp-json\/wp\/v2\/types\/page"}],"author":[{"embeddable":true,"href":"https:\/\/museliving.auxodev2.dk\/fr\/wp-json\/wp\/v2\/users\/1"}],"replies":[{"embeddable":true,"href":"https:\/\/museliving.auxodev2.dk\/fr\/wp-json\/wp\/v2\/comments?post=23727"}],"version-history":[{"count":5,"href":"https:\/\/museliving.auxodev2.dk\/fr\/wp-json\/wp\/v2\/pages\/23727\/revisions"}],"predecessor-version":[{"id":23959,"href":"https:\/\/museliving.auxodev2.dk\/fr\/wp-json\/wp\/v2\/pages\/23727\/revisions\/23959"}],"wp:attachment":[{"href":"https:\/\/museliving.auxodev2.dk\/fr\/wp-json\/wp\/v2\/media?parent=23727"}],"curies":[{"name":"wp","href":"https:\/\/api.w.org\/{rel}","templated":true}]}}