{"id":25387,"date":"2025-08-24T17:26:11","date_gmt":"2025-08-24T15:26:11","guid":{"rendered":"https:\/\/museliving.auxodev2.dk\/?post_type=product&#038;p=25387"},"modified":"2025-08-31T14:37:48","modified_gmt":"2025-08-31T12:37:48","slug":"akustikpaneele-eiche","status":"publish","type":"product","link":"https:\/\/museliving.auxodev2.dk\/de\/product\/akustikpaneele-eiche\/","title":{"rendered":"Akustikpaneele &#8211; Eiche"},"content":{"rendered":"<p>Die Akustikpaneele von Museliving sind eine gute Wahl als Dekoration f\u00fcr Ihre W\u00e4nde und Decke mit umweltfreundlichen Materialien, die es erm\u00f6glichen, eine gem\u00fctliche und intime Atmosph\u00e4re in Ihrem Zuhause zu schaffen. Unsere Paneele werden aus FSC-zertifiziertem MDF und akustischem Filz hergestellt, der Ger\u00e4usche und L\u00e4rm im Raum deutlich reduziert.<\/p>\n<p>Neben unseren Standard-Akustikpaneelen k\u00f6nnen wir Ihnen verschiedene Optionen anbieten oder Sie bei der Berechnung der ben\u00f6tigten Anzahl an Akustikpaneelen unterst\u00fctzen &#8211; f\u00fcr individuelle L\u00f6sungen und Sonderanforderungen stehen wir Ihnen jederzeit gerne zur Verf\u00fcgung: <a href=\"mailto:sales@museliving.eu\"><em><strong>sales@museliving.eu<\/strong><\/em><\/a><\/p>\n<p>Unsere Akustikpaneele werden nicht nur in privaten Geb\u00e4uden, sondern auch in Restaurants, Hotels, B\u00fcros und Konferenzr\u00e4umen verwendet. Wenn unsere Akustikpaneele zum Einsatz kommen, werden das Echo und Umgebungsger\u00e4usche minimiert und so kann eine angenehme Akustik in allen R\u00e4umen erreicht werden, in denen die Klangqualit\u00e4t von gro\u00dfer Bedeutung ist.<\/p>\n<p>Unsere Standard-Akustikpaneele sind 2800 x 600 x 20 mm und 2400 x 600 x 20 mm gro\u00df und mit Lein\u00f6l behandelt. Es gibt jedoch eine unbegrenzte Anzahl von Optionen in Bezug auf Gr\u00f6\u00dfe und Ausf\u00fchrung, falls Sie dies ben\u00f6tigen.<\/p>\n<p>Diese Version der Akustikpaneele hat ein etwas anderes Aussehen, die \u00c4nderungen werden speziell an den Schienen selbst vorgenommen.<\/p>\n<p>Bitte schreiben Sie uns, bevor Sie auf unserer Website bestellen, an: <a href=\"mailto:sales@museliving.eu\"><em><strong>sales@museliving.eu<\/strong><\/em><\/a><\/p>\n","protected":false},"excerpt":{"rendered":"<p>Die Akustikpaneele von Museliving sind eine gute Wahl als Dekoration f\u00fcr Ihre W\u00e4nde und Decke mit umweltfreundlichen Materialien, die es erm\u00f6glichen, eine gem\u00fctliche und intime Atmosph\u00e4re in Ihrem Zuhause zu schaffen. Unsere Paneele werden aus FSC-zertifiziertem MDF und akustischem Filz hergestellt, der Ger\u00e4usche und L\u00e4rm im Raum deutlich reduziert.<\/p>\n<p>Neben unseren Standard-Akustikpaneelen k\u00f6nnen wir Ihnen verschiedene Optionen anbieten oder Sie bei der Berechnung der ben\u00f6tigten Anzahl an Akustikpaneelen unterst\u00fctzen &#8211; f\u00fcr individuelle L\u00f6sungen und Sonderanforderungen stehen wir Ihnen jederzeit gerne zur Verf\u00fcgung: <a href=\"mailto:sales@museliving.eu\"><em><strong>sales@museliving.eu<\/strong><\/em><\/a><\/p>\n","protected":false},"featured_media":25388,"template":"","meta":{"_acf_changed":false},"product_brand":[],"product_cat":[577,571],"product_tag":[],"class_list":{"0":"post-25387","1":"product","2":"type-product","3":"status-publish","4":"has-post-thumbnail","6":"product_cat-akustikplatten","7":"product_cat-wanddekorationen","9":"first","10":"instock","11":"taxable","12":"shipping-taxable","13":"purchasable","14":"product-type-simple"},"acf":[],"yoast_head":"<!-- This site is optimized with the Yoast SEO plugin v26.9 - https:\/\/yoast.com\/product\/yoast-seo-wordpress\/ -->\n<title>Akustikpaneele - Eiche - museliving.eu<\/title>\n<meta name=\"robots\" content=\"noindex, follow, max-snippet:-1, max-image-preview:large, max-video-preview:-1\" \/>\n<meta property=\"og:locale\" content=\"de_DE\" \/>\n<meta property=\"og:type\" content=\"article\" \/>\n<meta property=\"og:title\" content=\"Akustikpaneele - Eiche - museliving.eu\" \/>\n<meta property=\"og:description\" content=\"Die Akustikpaneele von Museliving sind eine gute Wahl als Dekoration f\u00fcr Ihre W\u00e4nde und Decke mit umweltfreundlichen Materialien, die es erm\u00f6glichen, eine gem\u00fctliche und intime Atmosph\u00e4re in Ihrem Zuhause zu schaffen. Unsere Paneele werden aus FSC-zertifiziertem MDF und akustischem Filz hergestellt, der Ger\u00e4usche und L\u00e4rm im Raum deutlich reduziert.  Neben unseren Standard-Akustikpaneelen k\u00f6nnen wir Ihnen verschiedene Optionen anbieten oder Sie bei der Berechnung der ben\u00f6tigten Anzahl an Akustikpaneelen unterst\u00fctzen - f\u00fcr individuelle L\u00f6sungen und Sonderanforderungen stehen wir Ihnen jederzeit gerne zur Verf\u00fcgung: sales@museliving.eu\" \/>\n<meta property=\"og:url\" content=\"https:\/\/museliving.auxodev2.dk\/de\/product\/akustikpaneele-eiche\/\" \/>\n<meta property=\"og:site_name\" content=\"museliving.eu\" \/>\n<meta property=\"article:modified_time\" content=\"2025-08-31T12:37:48+00:00\" \/>\n<meta property=\"og:image\" content=\"https:\/\/museliving.auxodev2.dk\/wp-content\/uploads\/main.png\" \/>\n\t<meta property=\"og:image:width\" content=\"1080\" \/>\n\t<meta property=\"og:image:height\" content=\"1080\" \/>\n\t<meta property=\"og:image:type\" content=\"image\/png\" \/>\n<meta name=\"twitter:card\" content=\"summary_large_image\" \/>\n<meta name=\"twitter:label1\" content=\"Est. reading time\" \/>\n\t<meta name=\"twitter:data1\" content=\"2 minutes\" \/>\n<script type=\"application\/ld+json\" class=\"yoast-schema-graph\">{\"@context\":\"https:\/\/schema.org\",\"@graph\":[{\"@type\":\"WebPage\",\"@id\":\"https:\/\/museliving.auxodev2.dk\/de\/product\/akustikpaneele-eiche\/\",\"url\":\"https:\/\/museliving.auxodev2.dk\/de\/product\/akustikpaneele-eiche\/\",\"name\":\"Akustikpaneele - Eiche - museliving.eu\",\"isPartOf\":{\"@id\":\"https:\/\/museliving.auxodev2.dk\/de\/#website\"},\"primaryImageOfPage\":{\"@id\":\"https:\/\/museliving.auxodev2.dk\/de\/product\/akustikpaneele-eiche\/#primaryimage\"},\"image\":{\"@id\":\"https:\/\/museliving.auxodev2.dk\/de\/product\/akustikpaneele-eiche\/#primaryimage\"},\"thumbnailUrl\":\"https:\/\/museliving.auxodev2.dk\/wp-content\/uploads\/main.png\",\"datePublished\":\"2025-08-24T15:26:11+00:00\",\"dateModified\":\"2025-08-31T12:37:48+00:00\",\"breadcrumb\":{\"@id\":\"https:\/\/museliving.auxodev2.dk\/de\/product\/akustikpaneele-eiche\/#breadcrumb\"},\"inLanguage\":\"de-DE\",\"potentialAction\":[{\"@type\":\"ReadAction\",\"target\":[\"https:\/\/museliving.auxodev2.dk\/de\/product\/akustikpaneele-eiche\/\"]}]},{\"@type\":\"ImageObject\",\"inLanguage\":\"de-DE\",\"@id\":\"https:\/\/museliving.auxodev2.dk\/de\/product\/akustikpaneele-eiche\/#primaryimage\",\"url\":\"https:\/\/museliving.auxodev2.dk\/wp-content\/uploads\/main.png\",\"contentUrl\":\"https:\/\/museliving.auxodev2.dk\/wp-content\/uploads\/main.png\",\"width\":1080,\"height\":1080},{\"@type\":\"BreadcrumbList\",\"@id\":\"https:\/\/museliving.auxodev2.dk\/de\/product\/akustikpaneele-eiche\/#breadcrumb\",\"itemListElement\":[{\"@type\":\"ListItem\",\"position\":1,\"name\":\"Home\",\"item\":\"https:\/\/museliving.auxodev2.dk\/de\/startseite\/\"},{\"@type\":\"ListItem\",\"position\":2,\"name\":\"Alle Produkte\",\"item\":\"https:\/\/museliving.auxodev2.dk\/products\/\"},{\"@type\":\"ListItem\",\"position\":3,\"name\":\"Wanddekorationen\",\"item\":\"https:\/\/museliving.auxodev2.dk\/de\/category\/wanddekorationen\/\"},{\"@type\":\"ListItem\",\"position\":4,\"name\":\"Akustikplatten\",\"item\":\"https:\/\/museliving.auxodev2.dk\/de\/category\/wanddekorationen\/akustikplatten\/\"},{\"@type\":\"ListItem\",\"position\":5,\"name\":\"Akustikpaneele &#8211; Eiche\"}]},{\"@type\":\"WebSite\",\"@id\":\"https:\/\/museliving.auxodev2.dk\/de\/#website\",\"url\":\"https:\/\/museliving.auxodev2.dk\/de\/\",\"name\":\"museliving.eu\",\"description\":\"\",\"publisher\":{\"@id\":\"https:\/\/museliving.auxodev2.dk\/de\/#organization\"},\"potentialAction\":[{\"@type\":\"SearchAction\",\"target\":{\"@type\":\"EntryPoint\",\"urlTemplate\":\"https:\/\/museliving.auxodev2.dk\/de\/?s={search_term_string}\"},\"query-input\":{\"@type\":\"PropertyValueSpecification\",\"valueRequired\":true,\"valueName\":\"search_term_string\"}}],\"inLanguage\":\"de-DE\"},{\"@type\":\"Organization\",\"@id\":\"https:\/\/museliving.auxodev2.dk\/de\/#organization\",\"name\":\"Museliving\",\"url\":\"https:\/\/museliving.auxodev2.dk\/de\/\",\"logo\":{\"@type\":\"ImageObject\",\"inLanguage\":\"de-DE\",\"@id\":\"https:\/\/museliving.auxodev2.dk\/de\/#\/schema\/logo\/image\/\",\"url\":\"https:\/\/museliving.auxodev2.dk\/wp-content\/uploads\/websted-logo.png\",\"contentUrl\":\"https:\/\/museliving.auxodev2.dk\/wp-content\/uploads\/websted-logo.png\",\"width\":350,\"height\":100,\"caption\":\"Museliving\"},\"image\":{\"@id\":\"https:\/\/museliving.auxodev2.dk\/de\/#\/schema\/logo\/image\/\"}}]}<\/script>\n<!-- \/ Yoast SEO plugin. -->","yoast_head_json":{"title":"Akustikpaneele - Eiche - museliving.eu","robots":{"index":"noindex","follow":"follow","max-snippet":"max-snippet:-1","max-image-preview":"max-image-preview:large","max-video-preview":"max-video-preview:-1"},"og_locale":"de_DE","og_type":"article","og_title":"Akustikpaneele - Eiche - museliving.eu","og_description":"Die Akustikpaneele von Museliving sind eine gute Wahl als Dekoration f\u00fcr Ihre W\u00e4nde und Decke mit umweltfreundlichen Materialien, die es erm\u00f6glichen, eine gem\u00fctliche und intime Atmosph\u00e4re in Ihrem Zuhause zu schaffen. Unsere Paneele werden aus FSC-zertifiziertem MDF und akustischem Filz hergestellt, der Ger\u00e4usche und L\u00e4rm im Raum deutlich reduziert.  Neben unseren Standard-Akustikpaneelen k\u00f6nnen wir Ihnen verschiedene Optionen anbieten oder Sie bei der Berechnung der ben\u00f6tigten Anzahl an Akustikpaneelen unterst\u00fctzen - f\u00fcr individuelle L\u00f6sungen und Sonderanforderungen stehen wir Ihnen jederzeit gerne zur Verf\u00fcgung: sales@museliving.eu","og_url":"https:\/\/museliving.auxodev2.dk\/de\/product\/akustikpaneele-eiche\/","og_site_name":"museliving.eu","article_modified_time":"2025-08-31T12:37:48+00:00","og_image":[{"width":1080,"height":1080,"url":"https:\/\/museliving.auxodev2.dk\/wp-content\/uploads\/main.png","type":"image\/png"}],"twitter_card":"summary_large_image","twitter_misc":{"Est. reading time":"2 minutes"},"schema":{"@context":"https:\/\/schema.org","@graph":[{"@type":"WebPage","@id":"https:\/\/museliving.auxodev2.dk\/de\/product\/akustikpaneele-eiche\/","url":"https:\/\/museliving.auxodev2.dk\/de\/product\/akustikpaneele-eiche\/","name":"Akustikpaneele - Eiche - museliving.eu","isPartOf":{"@id":"https:\/\/museliving.auxodev2.dk\/de\/#website"},"primaryImageOfPage":{"@id":"https:\/\/museliving.auxodev2.dk\/de\/product\/akustikpaneele-eiche\/#primaryimage"},"image":{"@id":"https:\/\/museliving.auxodev2.dk\/de\/product\/akustikpaneele-eiche\/#primaryimage"},"thumbnailUrl":"https:\/\/museliving.auxodev2.dk\/wp-content\/uploads\/main.png","datePublished":"2025-08-24T15:26:11+00:00","dateModified":"2025-08-31T12:37:48+00:00","breadcrumb":{"@id":"https:\/\/museliving.auxodev2.dk\/de\/product\/akustikpaneele-eiche\/#breadcrumb"},"inLanguage":"de-DE","potentialAction":[{"@type":"ReadAction","target":["https:\/\/museliving.auxodev2.dk\/de\/product\/akustikpaneele-eiche\/"]}]},{"@type":"ImageObject","inLanguage":"de-DE","@id":"https:\/\/museliving.auxodev2.dk\/de\/product\/akustikpaneele-eiche\/#primaryimage","url":"https:\/\/museliving.auxodev2.dk\/wp-content\/uploads\/main.png","contentUrl":"https:\/\/museliving.auxodev2.dk\/wp-content\/uploads\/main.png","width":1080,"height":1080},{"@type":"BreadcrumbList","@id":"https:\/\/museliving.auxodev2.dk\/de\/product\/akustikpaneele-eiche\/#breadcrumb","itemListElement":[{"@type":"ListItem","position":1,"name":"Home","item":"https:\/\/museliving.auxodev2.dk\/de\/startseite\/"},{"@type":"ListItem","position":2,"name":"Alle Produkte","item":"https:\/\/museliving.auxodev2.dk\/products\/"},{"@type":"ListItem","position":3,"name":"Wanddekorationen","item":"https:\/\/museliving.auxodev2.dk\/de\/category\/wanddekorationen\/"},{"@type":"ListItem","position":4,"name":"Akustikplatten","item":"https:\/\/museliving.auxodev2.dk\/de\/category\/wanddekorationen\/akustikplatten\/"},{"@type":"ListItem","position":5,"name":"Akustikpaneele &#8211; Eiche"}]},{"@type":"WebSite","@id":"https:\/\/museliving.auxodev2.dk\/de\/#website","url":"https:\/\/museliving.auxodev2.dk\/de\/","name":"museliving.eu","description":"","publisher":{"@id":"https:\/\/museliving.auxodev2.dk\/de\/#organization"},"potentialAction":[{"@type":"SearchAction","target":{"@type":"EntryPoint","urlTemplate":"https:\/\/museliving.auxodev2.dk\/de\/?s={search_term_string}"},"query-input":{"@type":"PropertyValueSpecification","valueRequired":true,"valueName":"search_term_string"}}],"inLanguage":"de-DE"},{"@type":"Organization","@id":"https:\/\/museliving.auxodev2.dk\/de\/#organization","name":"Museliving","url":"https:\/\/museliving.auxodev2.dk\/de\/","logo":{"@type":"ImageObject","inLanguage":"de-DE","@id":"https:\/\/museliving.auxodev2.dk\/de\/#\/schema\/logo\/image\/","url":"https:\/\/museliving.auxodev2.dk\/wp-content\/uploads\/websted-logo.png","contentUrl":"https:\/\/museliving.auxodev2.dk\/wp-content\/uploads\/websted-logo.png","width":350,"height":100,"caption":"Museliving"},"image":{"@id":"https:\/\/museliving.auxodev2.dk\/de\/#\/schema\/logo\/image\/"}}]}},"_links":{"self":[{"href":"https:\/\/museliving.auxodev2.dk\/de\/wp-json\/wp\/v2\/product\/25387","targetHints":{"allow":["GET"]}}],"collection":[{"href":"https:\/\/museliving.auxodev2.dk\/de\/wp-json\/wp\/v2\/product"}],"about":[{"href":"https:\/\/museliving.auxodev2.dk\/de\/wp-json\/wp\/v2\/types\/product"}],"version-history":[{"count":2,"href":"https:\/\/museliving.auxodev2.dk\/de\/wp-json\/wp\/v2\/product\/25387\/revisions"}],"predecessor-version":[{"id":25551,"href":"https:\/\/museliving.auxodev2.dk\/de\/wp-json\/wp\/v2\/product\/25387\/revisions\/25551"}],"wp:featuredmedia":[{"embeddable":true,"href":"https:\/\/museliving.auxodev2.dk\/de\/wp-json\/wp\/v2\/media\/25388"}],"wp:attachment":[{"href":"https:\/\/museliving.auxodev2.dk\/de\/wp-json\/wp\/v2\/media?parent=25387"}],"wp:term":[{"taxonomy":"product_brand","embeddable":true,"href":"https:\/\/museliving.auxodev2.dk\/de\/wp-json\/wp\/v2\/product_brand?post=25387"},{"taxonomy":"product_cat","embeddable":true,"href":"https:\/\/museliving.auxodev2.dk\/de\/wp-json\/wp\/v2\/product_cat?post=25387"},{"taxonomy":"product_tag","embeddable":true,"href":"https:\/\/museliving.auxodev2.dk\/de\/wp-json\/wp\/v2\/product_tag?post=25387"}],"curies":[{"name":"wp","href":"https:\/\/api.w.org\/{rel}","templated":true}]}}