{"id":25222,"date":"2025-08-24T16:16:08","date_gmt":"2025-08-24T14:16:08","guid":{"rendered":"https:\/\/museliving.auxodev2.dk\/?post_type=product&#038;p=25222"},"modified":"2025-08-31T14:32:22","modified_gmt":"2025-08-31T12:32:22","slug":"weinregal-fuer-akustikpaneel","status":"publish","type":"product","link":"https:\/\/museliving.auxodev2.dk\/de\/product\/weinregal-fuer-akustikpaneel\/","title":{"rendered":"Weinregal f\u00fcr Akustikpaneel"},"content":{"rendered":"<p>Unsere neue Weinregale im modernen und minimalistischen Design sind eine praktische und formsch\u00f6ne L\u00f6sung, um Ihre Weinsammlung dekorativ zu pr\u00e4sentieren. Die Weinregale sind speziell zur Befestigung an Akustikpaneelen entwickelt. Sie sind aus Massivholz und in verschiedenen Ausf\u00fchrungen hergestellt.<\/p>\n<p>Neben unseren Standard-Weinregalen k\u00f6nnen wir Ihnen verschiedene Optionen anbieten \u2013 f\u00fcr individuelle L\u00f6sungen und Sonderanforderungen stehen wir Ihnen jederzeit gerne zur Verf\u00fcgung: <em><strong><a href=\"mailto:sales@museliving.eu\">sales@museliving.eu<\/a><\/strong><\/em><\/p>\n<p>Die Weinregale von Museliving sind die ideale L\u00f6sung f\u00fcr Ihr Zuhause und sind sehr zu empfehlen, wenn der Platz knapp ist.<\/p>\n","protected":false},"excerpt":{"rendered":"<p>Unsere neue Weinregale im modernen und minimalistischen Design sind eine praktische und formsch\u00f6ne L\u00f6sung, um Ihre Weinsammlung dekorativ zu pr\u00e4sentieren. Die Weinregale sind speziell zur Befestigung an Akustikpaneelen entwickelt. Sie sind aus Massivholz und in verschiedenen Ausf\u00fchrungen hergestellt.<\/p>\n<p>Neben unseren Standard-Weinregalen k\u00f6nnen wir Ihnen verschiedene Optionen anbieten \u2013 f\u00fcr individuelle L\u00f6sungen und Sonderanforderungen stehen wir Ihnen jederzeit gerne zur Verf\u00fcgung: <em><strong><a href=\"mailto:sales@museliving.eu\">sales@museliving.eu<\/a><\/strong><\/em><\/p>\n","protected":false},"featured_media":25223,"template":"","meta":{"_acf_changed":false},"product_brand":[],"product_cat":[571,574],"product_tag":[],"class_list":{"0":"post-25222","1":"product","2":"type-product","3":"status-publish","4":"has-post-thumbnail","6":"product_cat-wanddekorationen","7":"product_cat-accessoires-wanddekorationen","9":"first","10":"instock","11":"taxable","12":"shipping-taxable","13":"purchasable","14":"product-type-simple"},"acf":[],"yoast_head":"<!-- This site is optimized with the Yoast SEO plugin v26.9 - https:\/\/yoast.com\/product\/yoast-seo-wordpress\/ -->\n<title>Weinregal f\u00fcr Akustikpaneel - museliving.eu<\/title>\n<meta name=\"robots\" content=\"noindex, follow, max-snippet:-1, max-image-preview:large, max-video-preview:-1\" \/>\n<meta property=\"og:locale\" content=\"de_DE\" \/>\n<meta property=\"og:type\" content=\"article\" \/>\n<meta property=\"og:title\" content=\"Weinregal f\u00fcr Akustikpaneel - museliving.eu\" \/>\n<meta property=\"og:description\" content=\"Unsere neue Weinregale im modernen und minimalistischen Design sind eine praktische und formsch\u00f6ne L\u00f6sung, um Ihre Weinsammlung dekorativ zu pr\u00e4sentieren. Die Weinregale sind speziell zur Befestigung an Akustikpaneelen entwickelt. Sie sind aus Massivholz und in verschiedenen Ausf\u00fchrungen hergestellt.  Neben unseren Standard-Weinregalen k\u00f6nnen wir Ihnen verschiedene Optionen anbieten \u2013 f\u00fcr individuelle L\u00f6sungen und Sonderanforderungen stehen wir Ihnen jederzeit gerne zur Verf\u00fcgung: sales@museliving.eu\" \/>\n<meta property=\"og:url\" content=\"https:\/\/museliving.auxodev2.dk\/de\/product\/weinregal-fuer-akustikpaneel\/\" \/>\n<meta property=\"og:site_name\" content=\"museliving.eu\" \/>\n<meta property=\"article:modified_time\" content=\"2025-08-31T12:32:22+00:00\" \/>\n<meta property=\"og:image\" content=\"https:\/\/museliving.auxodev2.dk\/wp-content\/uploads\/Wine-shelf-top-1.jpg\" \/>\n\t<meta property=\"og:image:width\" content=\"1200\" \/>\n\t<meta property=\"og:image:height\" content=\"835\" \/>\n\t<meta property=\"og:image:type\" content=\"image\/jpeg\" \/>\n<meta name=\"twitter:card\" content=\"summary_large_image\" \/>\n<meta name=\"twitter:label1\" content=\"Est. reading time\" \/>\n\t<meta name=\"twitter:data1\" content=\"1 minute\" \/>\n<script type=\"application\/ld+json\" class=\"yoast-schema-graph\">{\"@context\":\"https:\/\/schema.org\",\"@graph\":[{\"@type\":\"WebPage\",\"@id\":\"https:\/\/museliving.auxodev2.dk\/de\/product\/weinregal-fuer-akustikpaneel\/\",\"url\":\"https:\/\/museliving.auxodev2.dk\/de\/product\/weinregal-fuer-akustikpaneel\/\",\"name\":\"Weinregal f\u00fcr Akustikpaneel - museliving.eu\",\"isPartOf\":{\"@id\":\"https:\/\/museliving.auxodev2.dk\/de\/#website\"},\"primaryImageOfPage\":{\"@id\":\"https:\/\/museliving.auxodev2.dk\/de\/product\/weinregal-fuer-akustikpaneel\/#primaryimage\"},\"image\":{\"@id\":\"https:\/\/museliving.auxodev2.dk\/de\/product\/weinregal-fuer-akustikpaneel\/#primaryimage\"},\"thumbnailUrl\":\"https:\/\/museliving.auxodev2.dk\/wp-content\/uploads\/Wine-shelf-top-1.jpg\",\"datePublished\":\"2025-08-24T14:16:08+00:00\",\"dateModified\":\"2025-08-31T12:32:22+00:00\",\"breadcrumb\":{\"@id\":\"https:\/\/museliving.auxodev2.dk\/de\/product\/weinregal-fuer-akustikpaneel\/#breadcrumb\"},\"inLanguage\":\"de-DE\",\"potentialAction\":[{\"@type\":\"ReadAction\",\"target\":[\"https:\/\/museliving.auxodev2.dk\/de\/product\/weinregal-fuer-akustikpaneel\/\"]}]},{\"@type\":\"ImageObject\",\"inLanguage\":\"de-DE\",\"@id\":\"https:\/\/museliving.auxodev2.dk\/de\/product\/weinregal-fuer-akustikpaneel\/#primaryimage\",\"url\":\"https:\/\/museliving.auxodev2.dk\/wp-content\/uploads\/Wine-shelf-top-1.jpg\",\"contentUrl\":\"https:\/\/museliving.auxodev2.dk\/wp-content\/uploads\/Wine-shelf-top-1.jpg\",\"width\":1200,\"height\":835},{\"@type\":\"BreadcrumbList\",\"@id\":\"https:\/\/museliving.auxodev2.dk\/de\/product\/weinregal-fuer-akustikpaneel\/#breadcrumb\",\"itemListElement\":[{\"@type\":\"ListItem\",\"position\":1,\"name\":\"Home\",\"item\":\"https:\/\/museliving.auxodev2.dk\/de\/startseite\/\"},{\"@type\":\"ListItem\",\"position\":2,\"name\":\"Alle Produkte\",\"item\":\"https:\/\/museliving.auxodev2.dk\/products\/\"},{\"@type\":\"ListItem\",\"position\":3,\"name\":\"Wanddekorationen\",\"item\":\"https:\/\/museliving.auxodev2.dk\/de\/category\/wanddekorationen\/\"},{\"@type\":\"ListItem\",\"position\":4,\"name\":\"Zubeh\u00f6r\",\"item\":\"https:\/\/museliving.auxodev2.dk\/de\/category\/wanddekorationen\/accessoires-wanddekorationen\/\"},{\"@type\":\"ListItem\",\"position\":5,\"name\":\"Weinregal f\u00fcr Akustikpaneel\"}]},{\"@type\":\"WebSite\",\"@id\":\"https:\/\/museliving.auxodev2.dk\/de\/#website\",\"url\":\"https:\/\/museliving.auxodev2.dk\/de\/\",\"name\":\"museliving.eu\",\"description\":\"\",\"publisher\":{\"@id\":\"https:\/\/museliving.auxodev2.dk\/de\/#organization\"},\"potentialAction\":[{\"@type\":\"SearchAction\",\"target\":{\"@type\":\"EntryPoint\",\"urlTemplate\":\"https:\/\/museliving.auxodev2.dk\/de\/?s={search_term_string}\"},\"query-input\":{\"@type\":\"PropertyValueSpecification\",\"valueRequired\":true,\"valueName\":\"search_term_string\"}}],\"inLanguage\":\"de-DE\"},{\"@type\":\"Organization\",\"@id\":\"https:\/\/museliving.auxodev2.dk\/de\/#organization\",\"name\":\"Museliving\",\"url\":\"https:\/\/museliving.auxodev2.dk\/de\/\",\"logo\":{\"@type\":\"ImageObject\",\"inLanguage\":\"de-DE\",\"@id\":\"https:\/\/museliving.auxodev2.dk\/de\/#\/schema\/logo\/image\/\",\"url\":\"https:\/\/museliving.auxodev2.dk\/wp-content\/uploads\/websted-logo.png\",\"contentUrl\":\"https:\/\/museliving.auxodev2.dk\/wp-content\/uploads\/websted-logo.png\",\"width\":350,\"height\":100,\"caption\":\"Museliving\"},\"image\":{\"@id\":\"https:\/\/museliving.auxodev2.dk\/de\/#\/schema\/logo\/image\/\"}}]}<\/script>\n<!-- \/ Yoast SEO plugin. -->","yoast_head_json":{"title":"Weinregal f\u00fcr Akustikpaneel - museliving.eu","robots":{"index":"noindex","follow":"follow","max-snippet":"max-snippet:-1","max-image-preview":"max-image-preview:large","max-video-preview":"max-video-preview:-1"},"og_locale":"de_DE","og_type":"article","og_title":"Weinregal f\u00fcr Akustikpaneel - museliving.eu","og_description":"Unsere neue Weinregale im modernen und minimalistischen Design sind eine praktische und formsch\u00f6ne L\u00f6sung, um Ihre Weinsammlung dekorativ zu pr\u00e4sentieren. Die Weinregale sind speziell zur Befestigung an Akustikpaneelen entwickelt. Sie sind aus Massivholz und in verschiedenen Ausf\u00fchrungen hergestellt.  Neben unseren Standard-Weinregalen k\u00f6nnen wir Ihnen verschiedene Optionen anbieten \u2013 f\u00fcr individuelle L\u00f6sungen und Sonderanforderungen stehen wir Ihnen jederzeit gerne zur Verf\u00fcgung: sales@museliving.eu","og_url":"https:\/\/museliving.auxodev2.dk\/de\/product\/weinregal-fuer-akustikpaneel\/","og_site_name":"museliving.eu","article_modified_time":"2025-08-31T12:32:22+00:00","og_image":[{"width":1200,"height":835,"url":"https:\/\/museliving.auxodev2.dk\/wp-content\/uploads\/Wine-shelf-top-1.jpg","type":"image\/jpeg"}],"twitter_card":"summary_large_image","twitter_misc":{"Est. reading time":"1 minute"},"schema":{"@context":"https:\/\/schema.org","@graph":[{"@type":"WebPage","@id":"https:\/\/museliving.auxodev2.dk\/de\/product\/weinregal-fuer-akustikpaneel\/","url":"https:\/\/museliving.auxodev2.dk\/de\/product\/weinregal-fuer-akustikpaneel\/","name":"Weinregal f\u00fcr Akustikpaneel - museliving.eu","isPartOf":{"@id":"https:\/\/museliving.auxodev2.dk\/de\/#website"},"primaryImageOfPage":{"@id":"https:\/\/museliving.auxodev2.dk\/de\/product\/weinregal-fuer-akustikpaneel\/#primaryimage"},"image":{"@id":"https:\/\/museliving.auxodev2.dk\/de\/product\/weinregal-fuer-akustikpaneel\/#primaryimage"},"thumbnailUrl":"https:\/\/museliving.auxodev2.dk\/wp-content\/uploads\/Wine-shelf-top-1.jpg","datePublished":"2025-08-24T14:16:08+00:00","dateModified":"2025-08-31T12:32:22+00:00","breadcrumb":{"@id":"https:\/\/museliving.auxodev2.dk\/de\/product\/weinregal-fuer-akustikpaneel\/#breadcrumb"},"inLanguage":"de-DE","potentialAction":[{"@type":"ReadAction","target":["https:\/\/museliving.auxodev2.dk\/de\/product\/weinregal-fuer-akustikpaneel\/"]}]},{"@type":"ImageObject","inLanguage":"de-DE","@id":"https:\/\/museliving.auxodev2.dk\/de\/product\/weinregal-fuer-akustikpaneel\/#primaryimage","url":"https:\/\/museliving.auxodev2.dk\/wp-content\/uploads\/Wine-shelf-top-1.jpg","contentUrl":"https:\/\/museliving.auxodev2.dk\/wp-content\/uploads\/Wine-shelf-top-1.jpg","width":1200,"height":835},{"@type":"BreadcrumbList","@id":"https:\/\/museliving.auxodev2.dk\/de\/product\/weinregal-fuer-akustikpaneel\/#breadcrumb","itemListElement":[{"@type":"ListItem","position":1,"name":"Home","item":"https:\/\/museliving.auxodev2.dk\/de\/startseite\/"},{"@type":"ListItem","position":2,"name":"Alle Produkte","item":"https:\/\/museliving.auxodev2.dk\/products\/"},{"@type":"ListItem","position":3,"name":"Wanddekorationen","item":"https:\/\/museliving.auxodev2.dk\/de\/category\/wanddekorationen\/"},{"@type":"ListItem","position":4,"name":"Zubeh\u00f6r","item":"https:\/\/museliving.auxodev2.dk\/de\/category\/wanddekorationen\/accessoires-wanddekorationen\/"},{"@type":"ListItem","position":5,"name":"Weinregal f\u00fcr Akustikpaneel"}]},{"@type":"WebSite","@id":"https:\/\/museliving.auxodev2.dk\/de\/#website","url":"https:\/\/museliving.auxodev2.dk\/de\/","name":"museliving.eu","description":"","publisher":{"@id":"https:\/\/museliving.auxodev2.dk\/de\/#organization"},"potentialAction":[{"@type":"SearchAction","target":{"@type":"EntryPoint","urlTemplate":"https:\/\/museliving.auxodev2.dk\/de\/?s={search_term_string}"},"query-input":{"@type":"PropertyValueSpecification","valueRequired":true,"valueName":"search_term_string"}}],"inLanguage":"de-DE"},{"@type":"Organization","@id":"https:\/\/museliving.auxodev2.dk\/de\/#organization","name":"Museliving","url":"https:\/\/museliving.auxodev2.dk\/de\/","logo":{"@type":"ImageObject","inLanguage":"de-DE","@id":"https:\/\/museliving.auxodev2.dk\/de\/#\/schema\/logo\/image\/","url":"https:\/\/museliving.auxodev2.dk\/wp-content\/uploads\/websted-logo.png","contentUrl":"https:\/\/museliving.auxodev2.dk\/wp-content\/uploads\/websted-logo.png","width":350,"height":100,"caption":"Museliving"},"image":{"@id":"https:\/\/museliving.auxodev2.dk\/de\/#\/schema\/logo\/image\/"}}]}},"_links":{"self":[{"href":"https:\/\/museliving.auxodev2.dk\/de\/wp-json\/wp\/v2\/product\/25222","targetHints":{"allow":["GET"]}}],"collection":[{"href":"https:\/\/museliving.auxodev2.dk\/de\/wp-json\/wp\/v2\/product"}],"about":[{"href":"https:\/\/museliving.auxodev2.dk\/de\/wp-json\/wp\/v2\/types\/product"}],"version-history":[{"count":2,"href":"https:\/\/museliving.auxodev2.dk\/de\/wp-json\/wp\/v2\/product\/25222\/revisions"}],"predecessor-version":[{"id":25539,"href":"https:\/\/museliving.auxodev2.dk\/de\/wp-json\/wp\/v2\/product\/25222\/revisions\/25539"}],"wp:featuredmedia":[{"embeddable":true,"href":"https:\/\/museliving.auxodev2.dk\/de\/wp-json\/wp\/v2\/media\/25223"}],"wp:attachment":[{"href":"https:\/\/museliving.auxodev2.dk\/de\/wp-json\/wp\/v2\/media?parent=25222"}],"wp:term":[{"taxonomy":"product_brand","embeddable":true,"href":"https:\/\/museliving.auxodev2.dk\/de\/wp-json\/wp\/v2\/product_brand?post=25222"},{"taxonomy":"product_cat","embeddable":true,"href":"https:\/\/museliving.auxodev2.dk\/de\/wp-json\/wp\/v2\/product_cat?post=25222"},{"taxonomy":"product_tag","embeddable":true,"href":"https:\/\/museliving.auxodev2.dk\/de\/wp-json\/wp\/v2\/product_tag?post=25222"}],"curies":[{"name":"wp","href":"https:\/\/api.w.org\/{rel}","templated":true}]}}