{"id":24861,"date":"2025-08-24T14:32:25","date_gmt":"2025-08-24T12:32:25","guid":{"rendered":"https:\/\/museliving.auxodev2.dk\/?post_type=product&#038;p=24861"},"modified":"2025-08-30T17:53:03","modified_gmt":"2025-08-30T15:53:03","slug":"rueckplatte-eiche-geraeuchert","status":"publish","type":"product","link":"https:\/\/museliving.auxodev2.dk\/de\/product\/rueckplatte-eiche-geraeuchert\/","title":{"rendered":"R\u00fcckplatte &#8211; Eiche Ger\u00e4uchert"},"content":{"rendered":"<p>Die R\u00fcckplatte ist f\u00fcr die Installation an Weinkellern konzipiert. Sie bietet zus\u00e4tzliche Funktionalit\u00e4t und verleiht ein \u00e4sthetischeres Aussehen. Sie hilft, Weinflaschen vor Staub und Schmutz zu sch\u00fctzen, die von der R\u00fcckseite des Regals kommen k\u00f6nnten, und verhindert, dass Flaschen fallen, w\u00e4hrend sie zus\u00e4tzliche Unterst\u00fctzung bietet. Diese R\u00fcckplatten verleihen Ihrem Weinkeller ein fertigeres und ordentlicheres Aussehen, w\u00e4hrend sie die Sch\u00f6nheit des Holzes betonen.<\/p>\n<p>Installierte R\u00fcckplatten erh\u00f6hen die Steifigkeit der gesamten Regalstruktur, wodurch sie stabiler und haltbarer wird. Sie k\u00f6nnen auch helfen, Weinkeller besser zu isolieren, was in Umgebungen mit schwankenden Innentemperaturen und Luftfeuchtigkeit n\u00fctzlich ist. R\u00fcckplatten sind also nicht nur ein gew\u00f6hnliches Zubeh\u00f6r, sondern ein wichtiges Element, das sch\u00fctzende, dekorative und strukturelle Funktionen erf\u00fcllt und Ihren Weinkeller praktischer und attraktiver macht.<\/p>\n<p>Alle unsere Weinkeller-Zubeh\u00f6rteile k\u00f6nnen personalisiert werden. Wenn Sie spezielle Anforderungen haben, z\u00f6gern Sie nicht, uns zu kontaktieren: <a href=\"mailto:sales@museliving.eu\"><em><strong>sales@museliving.eu<\/strong><\/em><\/a><\/p>\n","protected":false},"excerpt":{"rendered":"<p>Die R\u00fcckplatte ist f\u00fcr die Installation an Weinkellern konzipiert. Sie bietet zus\u00e4tzliche Funktionalit\u00e4t und verleiht ein \u00e4sthetischeres Aussehen. Sie hilft, Weinflaschen vor Staub und Schmutz zu sch\u00fctzen, die von der R\u00fcckseite des Regals kommen k\u00f6nnten, und verhindert, dass Flaschen fallen, w\u00e4hrend sie zus\u00e4tzliche Unterst\u00fctzung bietet. Diese R\u00fcckplatten verleihen Ihrem Weinkeller ein fertigeres und ordentlicheres Aussehen, [&hellip;]<\/p>\n","protected":false},"featured_media":23506,"template":"","meta":{"_acf_changed":false},"product_brand":[],"product_cat":[583,586],"product_tag":[],"class_list":{"0":"post-24861","1":"product","2":"type-product","3":"status-publish","4":"has-post-thumbnail","6":"product_cat-weinregale","7":"product_cat-zubehoer-weinregale","9":"first","10":"instock","11":"taxable","12":"shipping-taxable","13":"purchasable","14":"product-type-simple"},"acf":[],"yoast_head":"<!-- This site is optimized with the Yoast SEO plugin v26.9 - https:\/\/yoast.com\/product\/yoast-seo-wordpress\/ -->\n<title>R\u00fcckplatte - Eiche Ger\u00e4uchert - museliving.eu<\/title>\n<meta name=\"robots\" content=\"noindex, follow, max-snippet:-1, max-image-preview:large, max-video-preview:-1\" \/>\n<meta property=\"og:locale\" content=\"de_DE\" \/>\n<meta property=\"og:type\" content=\"article\" \/>\n<meta property=\"og:title\" content=\"R\u00fcckplatte - Eiche Ger\u00e4uchert - museliving.eu\" \/>\n<meta property=\"og:description\" content=\"Die R\u00fcckplatte ist f\u00fcr die Installation an Weinkellern konzipiert. Sie bietet zus\u00e4tzliche Funktionalit\u00e4t und verleiht ein \u00e4sthetischeres Aussehen. Sie hilft, Weinflaschen vor Staub und Schmutz zu sch\u00fctzen, die von der R\u00fcckseite des Regals kommen k\u00f6nnten, und verhindert, dass Flaschen fallen, w\u00e4hrend sie zus\u00e4tzliche Unterst\u00fctzung bietet. Diese R\u00fcckplatten verleihen Ihrem Weinkeller ein fertigeres und ordentlicheres Aussehen, [&hellip;]\" \/>\n<meta property=\"og:url\" content=\"https:\/\/museliving.auxodev2.dk\/de\/product\/rueckplatte-eiche-geraeuchert\/\" \/>\n<meta property=\"og:site_name\" content=\"museliving.eu\" \/>\n<meta property=\"article:modified_time\" content=\"2025-08-30T15:53:03+00:00\" \/>\n<meta property=\"og:image\" content=\"https:\/\/museliving.auxodev2.dk\/wp-content\/uploads\/Photo-coming.png\" \/>\n\t<meta property=\"og:image:width\" content=\"1200\" \/>\n\t<meta property=\"og:image:height\" content=\"1200\" \/>\n\t<meta property=\"og:image:type\" content=\"image\/png\" \/>\n<meta name=\"twitter:card\" content=\"summary_large_image\" \/>\n<meta name=\"twitter:label1\" content=\"Est. reading time\" \/>\n\t<meta name=\"twitter:data1\" content=\"1 minute\" \/>\n<script type=\"application\/ld+json\" class=\"yoast-schema-graph\">{\"@context\":\"https:\/\/schema.org\",\"@graph\":[{\"@type\":\"WebPage\",\"@id\":\"https:\/\/museliving.auxodev2.dk\/de\/product\/rueckplatte-eiche-geraeuchert\/\",\"url\":\"https:\/\/museliving.auxodev2.dk\/de\/product\/rueckplatte-eiche-geraeuchert\/\",\"name\":\"R\u00fcckplatte - Eiche Ger\u00e4uchert - museliving.eu\",\"isPartOf\":{\"@id\":\"https:\/\/museliving.auxodev2.dk\/de\/#website\"},\"primaryImageOfPage\":{\"@id\":\"https:\/\/museliving.auxodev2.dk\/de\/product\/rueckplatte-eiche-geraeuchert\/#primaryimage\"},\"image\":{\"@id\":\"https:\/\/museliving.auxodev2.dk\/de\/product\/rueckplatte-eiche-geraeuchert\/#primaryimage\"},\"thumbnailUrl\":\"https:\/\/museliving.auxodev2.dk\/wp-content\/uploads\/Photo-coming.png\",\"datePublished\":\"2025-08-24T12:32:25+00:00\",\"dateModified\":\"2025-08-30T15:53:03+00:00\",\"breadcrumb\":{\"@id\":\"https:\/\/museliving.auxodev2.dk\/de\/product\/rueckplatte-eiche-geraeuchert\/#breadcrumb\"},\"inLanguage\":\"de-DE\",\"potentialAction\":[{\"@type\":\"ReadAction\",\"target\":[\"https:\/\/museliving.auxodev2.dk\/de\/product\/rueckplatte-eiche-geraeuchert\/\"]}]},{\"@type\":\"ImageObject\",\"inLanguage\":\"de-DE\",\"@id\":\"https:\/\/museliving.auxodev2.dk\/de\/product\/rueckplatte-eiche-geraeuchert\/#primaryimage\",\"url\":\"https:\/\/museliving.auxodev2.dk\/wp-content\/uploads\/Photo-coming.png\",\"contentUrl\":\"https:\/\/museliving.auxodev2.dk\/wp-content\/uploads\/Photo-coming.png\",\"width\":1200,\"height\":1200},{\"@type\":\"BreadcrumbList\",\"@id\":\"https:\/\/museliving.auxodev2.dk\/de\/product\/rueckplatte-eiche-geraeuchert\/#breadcrumb\",\"itemListElement\":[{\"@type\":\"ListItem\",\"position\":1,\"name\":\"Home\",\"item\":\"https:\/\/museliving.auxodev2.dk\/de\/startseite\/\"},{\"@type\":\"ListItem\",\"position\":2,\"name\":\"Alle Produkte\",\"item\":\"https:\/\/museliving.auxodev2.dk\/products\/\"},{\"@type\":\"ListItem\",\"position\":3,\"name\":\"Weinregale\",\"item\":\"https:\/\/museliving.auxodev2.dk\/de\/category\/weinregale\/\"},{\"@type\":\"ListItem\",\"position\":4,\"name\":\"Zubeh\u00f6r\",\"item\":\"https:\/\/museliving.auxodev2.dk\/de\/category\/weinregale\/zubehoer-weinregale\/\"},{\"@type\":\"ListItem\",\"position\":5,\"name\":\"R\u00fcckplatte &#8211; Eiche Ger\u00e4uchert\"}]},{\"@type\":\"WebSite\",\"@id\":\"https:\/\/museliving.auxodev2.dk\/de\/#website\",\"url\":\"https:\/\/museliving.auxodev2.dk\/de\/\",\"name\":\"museliving.eu\",\"description\":\"\",\"publisher\":{\"@id\":\"https:\/\/museliving.auxodev2.dk\/de\/#organization\"},\"potentialAction\":[{\"@type\":\"SearchAction\",\"target\":{\"@type\":\"EntryPoint\",\"urlTemplate\":\"https:\/\/museliving.auxodev2.dk\/de\/?s={search_term_string}\"},\"query-input\":{\"@type\":\"PropertyValueSpecification\",\"valueRequired\":true,\"valueName\":\"search_term_string\"}}],\"inLanguage\":\"de-DE\"},{\"@type\":\"Organization\",\"@id\":\"https:\/\/museliving.auxodev2.dk\/de\/#organization\",\"name\":\"Museliving\",\"url\":\"https:\/\/museliving.auxodev2.dk\/de\/\",\"logo\":{\"@type\":\"ImageObject\",\"inLanguage\":\"de-DE\",\"@id\":\"https:\/\/museliving.auxodev2.dk\/de\/#\/schema\/logo\/image\/\",\"url\":\"https:\/\/museliving.auxodev2.dk\/wp-content\/uploads\/websted-logo.png\",\"contentUrl\":\"https:\/\/museliving.auxodev2.dk\/wp-content\/uploads\/websted-logo.png\",\"width\":350,\"height\":100,\"caption\":\"Museliving\"},\"image\":{\"@id\":\"https:\/\/museliving.auxodev2.dk\/de\/#\/schema\/logo\/image\/\"}}]}<\/script>\n<!-- \/ Yoast SEO plugin. -->","yoast_head_json":{"title":"R\u00fcckplatte - Eiche Ger\u00e4uchert - museliving.eu","robots":{"index":"noindex","follow":"follow","max-snippet":"max-snippet:-1","max-image-preview":"max-image-preview:large","max-video-preview":"max-video-preview:-1"},"og_locale":"de_DE","og_type":"article","og_title":"R\u00fcckplatte - Eiche Ger\u00e4uchert - museliving.eu","og_description":"Die R\u00fcckplatte ist f\u00fcr die Installation an Weinkellern konzipiert. Sie bietet zus\u00e4tzliche Funktionalit\u00e4t und verleiht ein \u00e4sthetischeres Aussehen. Sie hilft, Weinflaschen vor Staub und Schmutz zu sch\u00fctzen, die von der R\u00fcckseite des Regals kommen k\u00f6nnten, und verhindert, dass Flaschen fallen, w\u00e4hrend sie zus\u00e4tzliche Unterst\u00fctzung bietet. Diese R\u00fcckplatten verleihen Ihrem Weinkeller ein fertigeres und ordentlicheres Aussehen, [&hellip;]","og_url":"https:\/\/museliving.auxodev2.dk\/de\/product\/rueckplatte-eiche-geraeuchert\/","og_site_name":"museliving.eu","article_modified_time":"2025-08-30T15:53:03+00:00","og_image":[{"width":1200,"height":1200,"url":"https:\/\/museliving.auxodev2.dk\/wp-content\/uploads\/Photo-coming.png","type":"image\/png"}],"twitter_card":"summary_large_image","twitter_misc":{"Est. reading time":"1 minute"},"schema":{"@context":"https:\/\/schema.org","@graph":[{"@type":"WebPage","@id":"https:\/\/museliving.auxodev2.dk\/de\/product\/rueckplatte-eiche-geraeuchert\/","url":"https:\/\/museliving.auxodev2.dk\/de\/product\/rueckplatte-eiche-geraeuchert\/","name":"R\u00fcckplatte - Eiche Ger\u00e4uchert - museliving.eu","isPartOf":{"@id":"https:\/\/museliving.auxodev2.dk\/de\/#website"},"primaryImageOfPage":{"@id":"https:\/\/museliving.auxodev2.dk\/de\/product\/rueckplatte-eiche-geraeuchert\/#primaryimage"},"image":{"@id":"https:\/\/museliving.auxodev2.dk\/de\/product\/rueckplatte-eiche-geraeuchert\/#primaryimage"},"thumbnailUrl":"https:\/\/museliving.auxodev2.dk\/wp-content\/uploads\/Photo-coming.png","datePublished":"2025-08-24T12:32:25+00:00","dateModified":"2025-08-30T15:53:03+00:00","breadcrumb":{"@id":"https:\/\/museliving.auxodev2.dk\/de\/product\/rueckplatte-eiche-geraeuchert\/#breadcrumb"},"inLanguage":"de-DE","potentialAction":[{"@type":"ReadAction","target":["https:\/\/museliving.auxodev2.dk\/de\/product\/rueckplatte-eiche-geraeuchert\/"]}]},{"@type":"ImageObject","inLanguage":"de-DE","@id":"https:\/\/museliving.auxodev2.dk\/de\/product\/rueckplatte-eiche-geraeuchert\/#primaryimage","url":"https:\/\/museliving.auxodev2.dk\/wp-content\/uploads\/Photo-coming.png","contentUrl":"https:\/\/museliving.auxodev2.dk\/wp-content\/uploads\/Photo-coming.png","width":1200,"height":1200},{"@type":"BreadcrumbList","@id":"https:\/\/museliving.auxodev2.dk\/de\/product\/rueckplatte-eiche-geraeuchert\/#breadcrumb","itemListElement":[{"@type":"ListItem","position":1,"name":"Home","item":"https:\/\/museliving.auxodev2.dk\/de\/startseite\/"},{"@type":"ListItem","position":2,"name":"Alle Produkte","item":"https:\/\/museliving.auxodev2.dk\/products\/"},{"@type":"ListItem","position":3,"name":"Weinregale","item":"https:\/\/museliving.auxodev2.dk\/de\/category\/weinregale\/"},{"@type":"ListItem","position":4,"name":"Zubeh\u00f6r","item":"https:\/\/museliving.auxodev2.dk\/de\/category\/weinregale\/zubehoer-weinregale\/"},{"@type":"ListItem","position":5,"name":"R\u00fcckplatte &#8211; Eiche Ger\u00e4uchert"}]},{"@type":"WebSite","@id":"https:\/\/museliving.auxodev2.dk\/de\/#website","url":"https:\/\/museliving.auxodev2.dk\/de\/","name":"museliving.eu","description":"","publisher":{"@id":"https:\/\/museliving.auxodev2.dk\/de\/#organization"},"potentialAction":[{"@type":"SearchAction","target":{"@type":"EntryPoint","urlTemplate":"https:\/\/museliving.auxodev2.dk\/de\/?s={search_term_string}"},"query-input":{"@type":"PropertyValueSpecification","valueRequired":true,"valueName":"search_term_string"}}],"inLanguage":"de-DE"},{"@type":"Organization","@id":"https:\/\/museliving.auxodev2.dk\/de\/#organization","name":"Museliving","url":"https:\/\/museliving.auxodev2.dk\/de\/","logo":{"@type":"ImageObject","inLanguage":"de-DE","@id":"https:\/\/museliving.auxodev2.dk\/de\/#\/schema\/logo\/image\/","url":"https:\/\/museliving.auxodev2.dk\/wp-content\/uploads\/websted-logo.png","contentUrl":"https:\/\/museliving.auxodev2.dk\/wp-content\/uploads\/websted-logo.png","width":350,"height":100,"caption":"Museliving"},"image":{"@id":"https:\/\/museliving.auxodev2.dk\/de\/#\/schema\/logo\/image\/"}}]}},"_links":{"self":[{"href":"https:\/\/museliving.auxodev2.dk\/de\/wp-json\/wp\/v2\/product\/24861","targetHints":{"allow":["GET"]}}],"collection":[{"href":"https:\/\/museliving.auxodev2.dk\/de\/wp-json\/wp\/v2\/product"}],"about":[{"href":"https:\/\/museliving.auxodev2.dk\/de\/wp-json\/wp\/v2\/types\/product"}],"version-history":[{"count":3,"href":"https:\/\/museliving.auxodev2.dk\/de\/wp-json\/wp\/v2\/product\/24861\/revisions"}],"predecessor-version":[{"id":25108,"href":"https:\/\/museliving.auxodev2.dk\/de\/wp-json\/wp\/v2\/product\/24861\/revisions\/25108"}],"wp:featuredmedia":[{"embeddable":true,"href":"https:\/\/museliving.auxodev2.dk\/de\/wp-json\/wp\/v2\/media\/23506"}],"wp:attachment":[{"href":"https:\/\/museliving.auxodev2.dk\/de\/wp-json\/wp\/v2\/media?parent=24861"}],"wp:term":[{"taxonomy":"product_brand","embeddable":true,"href":"https:\/\/museliving.auxodev2.dk\/de\/wp-json\/wp\/v2\/product_brand?post=24861"},{"taxonomy":"product_cat","embeddable":true,"href":"https:\/\/museliving.auxodev2.dk\/de\/wp-json\/wp\/v2\/product_cat?post=24861"},{"taxonomy":"product_tag","embeddable":true,"href":"https:\/\/museliving.auxodev2.dk\/de\/wp-json\/wp\/v2\/product_tag?post=24861"}],"curies":[{"name":"wp","href":"https:\/\/api.w.org\/{rel}","templated":true}]}}