{"id":24413,"date":"2025-08-24T10:10:14","date_gmt":"2025-08-24T08:10:14","guid":{"rendered":"https:\/\/museliving.auxodev2.dk\/?post_type=product&#038;p=24413"},"modified":"2025-08-30T17:09:20","modified_gmt":"2025-08-30T15:09:20","slug":"nachttisch-classic","status":"publish","type":"product","link":"https:\/\/museliving.auxodev2.dk\/de\/product\/nachttisch-classic\/","title":{"rendered":"Nachttisch Classic"},"content":{"rendered":"<h4>Nachttische: Praktikabilit\u00e4t und Eleganz in einem Produkt<\/h4>\n<p>Unsere Nachttisch vereinen Stil und Funktionalit\u00e4t und sind daher perfekt f\u00fcr moderne Innenr\u00e4ume. Mit einer gro\u00dfen Auswahl k\u00f6nnen Sie zwischen wandmontierten Modellen, die eine Installation erfordern, und freistehenden Varianten, die dies nicht tun, w\u00e4hlen. Diese Vielfalt stellt sicher, dass Sie den idealen Tisch f\u00fcr den Raum in Ihrem Schlafzimmer und Ihre pers\u00f6nlichen Vorlieben finden.<\/p>\n<p>Wandmontierte Nachttische eignen sich hervorragend f\u00fcr minimalistische R\u00e4ume, da sie den Boden freigeben und einen modernen Look schaffen. Andererseits bieten freistehende Modelle mehr Mobilit\u00e4t und erfordern keine speziellen Werkzeuge f\u00fcr die Montage. Wenn zus\u00e4tzlicher Stauraum ein wichtiges Kriterium f\u00fcr Sie ist, sollten Sie Modelle mit einem zus\u00e4tzlichen Regal in Betracht ziehen. Diese Optionen erm\u00f6glichen es Ihnen, B\u00fccher, Gadgets oder andere Gegenst\u00e4nde jederzeit griffbereit zu haben. Kompakte Versionen mit einem Ausziehschublade sind ebenfalls erh\u00e4ltlich und bieten eine ausgezeichnete L\u00f6sung f\u00fcr die Organisation kleinerer Gegenst\u00e4nde.<\/p>\n<p>Wir fertigen unsere Nachttische aus hochwertigen Materialien, um Langlebigkeit und Widerstandsf\u00e4higkeit gegen den t\u00e4glichen Gebrauch zu gew\u00e4hrleisten. Dar\u00fcber hinaus hilft Ihnen die gro\u00dfe Auswahl an Designs und Farben, das Modell zu finden, das Ihr Interieur perfekt erg\u00e4nzt \u2013 ob klassisch oder modern. Da sie einfach zu montieren und benutzerfreundlich sind, k\u00f6nnen Sie Funktionalit\u00e4t und Stil ohne unn\u00f6tige M\u00fchen genie\u00dfen.<\/p>\n<h4>Vorteile unserer Nachttische:<\/h4>\n<ul>\n<li>W\u00e4hlen Sie zwischen wandmontierten und freistehenden Modellen.<\/li>\n<li>W\u00e4hlen Sie Varianten mit oder ohne zus\u00e4tzliches Regal.<\/li>\n<li>Organisieren Sie Ihre Sachen mit einer Ausziehschublade.<\/li>\n<li>Genie\u00dfen Sie eine schnelle Montage und benutzerfreundliche Handhabung.<\/li>\n<li>Profitieren Sie von hochwertigen Materialien und stilvollem Design.<\/li>\n<\/ul>\n<p>Diese Nachttische werten Ihr Schlafzimmer auf, indem sie praktischen Stauraum bieten und sich nahtlos in jedes Interieur einf\u00fcgen. Mit der Wahl unserer Modelle k\u00f6nnen Sie die perfekte Balance zwischen Praktikabilit\u00e4t und Eleganz in Ihrem Zuhause erreichen.<\/p>\n<h4>Qualit\u00e4t und Handwerkskunst<\/h4>\n<p>Jeder Nachttisch ist das Ergebnis sorgf\u00e4ltiger Handwerkskunst und einer unersch\u00fctterlichen Liebe zum Detail. Erfahrene Handwerker verwenden nur hochwertige Materialien, um jedes St\u00fcck zu fertigen, sodass es den h\u00f6chsten Standards entspricht. Wir sind fest davon \u00fcberzeugt, dass Qualit\u00e4t nicht nur Langlebigkeit, sondern auch \u00c4sthetik und Funktionalit\u00e4t umfasst. Aus diesem Grund ist jeder Nachttisch so konzipiert, dass er nicht nur visuell ansprechend, sondern auch praktisch ist, damit Sie Ihre Sachen stilvoll und bequem aufbewahren k\u00f6nnen.<\/p>\n<h4>Kontaktieren Sie uns<\/h4>\n<p>Egal, ob Sie Fragen zu unseren Produkten haben, eine Beratung zum Design ben\u00f6tigen oder eine Sonderbestellung aufgeben m\u00f6chten, z\u00f6gern Sie nicht, uns zu kontaktieren. Unser freundliches und kompetentes Team steht Ihnen zur Verf\u00fcgung, um sicherzustellen, dass Sie die beste Erfahrung mit Museliving machen. <a href=\"https:\/\/museliving.eu\/de\/contact-us\/\">Kontaktieren Sie uns<\/a> hier oder senden Sie uns eine E-Mail an <a href=\"mailto:sales@museliving.eu\"><em><strong>sales@museliving.eu<\/strong><\/em><\/a>, um loszulegen.<\/p>\n","protected":false},"excerpt":{"rendered":"<ul>\n<li style=\"text-align: left;\">Gr\u00f6\u00dfe: 40x30x46 cm<\/li>\n<li style=\"text-align: left;\">Optionen: Erh\u00e4ltlich in wandmontierten und freistehenden Modellen, die sich an Ihre Raumanforderungen anpassen.<\/li>\n<li style=\"text-align: left;\">Design: W\u00e4hlen Sie zwischen Optionen mit zus\u00e4tzlichem Regal f\u00fcr mehr Stauraum oder ohne.<\/li>\n<li style=\"text-align: left;\">Funktionalit\u00e4t: Eine praktische Ausziehschublade hilft, kleine Gegenst\u00e4nde zu organisieren und h\u00e4lt sie immer griffbereit.<\/li>\n<li style=\"text-align: left;\">Material: Hergestellt aus strapazierf\u00e4higem, massivem Eichenholz von hoher Qualit\u00e4t, das Langlebigkeit und nat\u00fcrliche \u00c4sthetik gew\u00e4hrleistet.<\/li>\n<li style=\"text-align: left;\">Pflege: Einfach zu reinigen \u2013 einfach mit einem trockenen oder leicht feuchten Tuch abwischen.<\/li>\n<\/ul>\n","protected":false},"featured_media":24414,"template":"","meta":{"_acf_changed":false},"product_brand":[],"product_cat":[550,553],"product_tag":[],"class_list":{"0":"post-24413","1":"product","2":"type-product","3":"status-publish","4":"has-post-thumbnail","6":"product_cat-mobel-de","7":"product_cat-schlafzimmer","9":"first","10":"instock","11":"taxable","12":"shipping-taxable","13":"purchasable","14":"product-type-simple"},"acf":[],"yoast_head":"<!-- This site is optimized with the Yoast SEO plugin v26.9 - https:\/\/yoast.com\/product\/yoast-seo-wordpress\/ -->\n<title>Nachttisch Classic - museliving.eu<\/title>\n<meta name=\"description\" content=\"Classic Nachttisch im minimalistischen Design, funktional und stilvoll, bietet praktischen Stauraum und f\u00fcgt sich nahtlos in jedes Schlafzimmer ein.\" \/>\n<meta name=\"robots\" content=\"noindex, follow, max-snippet:-1, max-image-preview:large, max-video-preview:-1\" \/>\n<meta property=\"og:locale\" content=\"de_DE\" \/>\n<meta property=\"og:type\" content=\"article\" \/>\n<meta property=\"og:title\" content=\"Nachttisch Classic - museliving.eu\" \/>\n<meta property=\"og:description\" content=\"Classic Nachttisch im minimalistischen Design, funktional und stilvoll, bietet praktischen Stauraum und f\u00fcgt sich nahtlos in jedes Schlafzimmer ein.\" \/>\n<meta property=\"og:url\" content=\"https:\/\/museliving.auxodev2.dk\/de\/product\/nachttisch-classic\/\" \/>\n<meta property=\"og:site_name\" content=\"museliving.eu\" \/>\n<meta property=\"article:modified_time\" content=\"2025-08-30T15:09:20+00:00\" \/>\n<meta property=\"og:image\" content=\"https:\/\/museliving.auxodev2.dk\/wp-content\/uploads\/2-5.jpg\" \/>\n\t<meta property=\"og:image:width\" content=\"308\" \/>\n\t<meta property=\"og:image:height\" content=\"244\" \/>\n\t<meta property=\"og:image:type\" content=\"image\/jpeg\" \/>\n<meta name=\"twitter:card\" content=\"summary_large_image\" \/>\n<meta name=\"twitter:label1\" content=\"Est. reading time\" \/>\n\t<meta name=\"twitter:data1\" content=\"3 minutes\" \/>\n<script type=\"application\/ld+json\" class=\"yoast-schema-graph\">{\"@context\":\"https:\/\/schema.org\",\"@graph\":[{\"@type\":\"WebPage\",\"@id\":\"https:\/\/museliving.auxodev2.dk\/de\/product\/nachttisch-classic\/\",\"url\":\"https:\/\/museliving.auxodev2.dk\/de\/product\/nachttisch-classic\/\",\"name\":\"Nachttisch Classic - museliving.eu\",\"isPartOf\":{\"@id\":\"https:\/\/museliving.auxodev2.dk\/de\/#website\"},\"primaryImageOfPage\":{\"@id\":\"https:\/\/museliving.auxodev2.dk\/de\/product\/nachttisch-classic\/#primaryimage\"},\"image\":{\"@id\":\"https:\/\/museliving.auxodev2.dk\/de\/product\/nachttisch-classic\/#primaryimage\"},\"thumbnailUrl\":\"https:\/\/museliving.auxodev2.dk\/wp-content\/uploads\/2-5.jpg\",\"datePublished\":\"2025-08-24T08:10:14+00:00\",\"dateModified\":\"2025-08-30T15:09:20+00:00\",\"description\":\"Classic Nachttisch im minimalistischen Design, funktional und stilvoll, bietet praktischen Stauraum und f\u00fcgt sich nahtlos in jedes Schlafzimmer ein.\",\"breadcrumb\":{\"@id\":\"https:\/\/museliving.auxodev2.dk\/de\/product\/nachttisch-classic\/#breadcrumb\"},\"inLanguage\":\"de-DE\",\"potentialAction\":[{\"@type\":\"ReadAction\",\"target\":[\"https:\/\/museliving.auxodev2.dk\/de\/product\/nachttisch-classic\/\"]}]},{\"@type\":\"ImageObject\",\"inLanguage\":\"de-DE\",\"@id\":\"https:\/\/museliving.auxodev2.dk\/de\/product\/nachttisch-classic\/#primaryimage\",\"url\":\"https:\/\/museliving.auxodev2.dk\/wp-content\/uploads\/2-5.jpg\",\"contentUrl\":\"https:\/\/museliving.auxodev2.dk\/wp-content\/uploads\/2-5.jpg\",\"width\":308,\"height\":244},{\"@type\":\"BreadcrumbList\",\"@id\":\"https:\/\/museliving.auxodev2.dk\/de\/product\/nachttisch-classic\/#breadcrumb\",\"itemListElement\":[{\"@type\":\"ListItem\",\"position\":1,\"name\":\"Home\",\"item\":\"https:\/\/museliving.auxodev2.dk\/de\/startseite\/\"},{\"@type\":\"ListItem\",\"position\":2,\"name\":\"Alle Produkte\",\"item\":\"https:\/\/museliving.auxodev2.dk\/products\/\"},{\"@type\":\"ListItem\",\"position\":3,\"name\":\"M\u00f6bel\",\"item\":\"https:\/\/museliving.auxodev2.dk\/de\/category\/mobel-de\/\"},{\"@type\":\"ListItem\",\"position\":4,\"name\":\"Schlafzimmer\",\"item\":\"https:\/\/museliving.auxodev2.dk\/de\/category\/mobel-de\/schlafzimmer\/\"},{\"@type\":\"ListItem\",\"position\":5,\"name\":\"Nachttisch Classic\"}]},{\"@type\":\"WebSite\",\"@id\":\"https:\/\/museliving.auxodev2.dk\/de\/#website\",\"url\":\"https:\/\/museliving.auxodev2.dk\/de\/\",\"name\":\"museliving.eu\",\"description\":\"\",\"publisher\":{\"@id\":\"https:\/\/museliving.auxodev2.dk\/de\/#organization\"},\"potentialAction\":[{\"@type\":\"SearchAction\",\"target\":{\"@type\":\"EntryPoint\",\"urlTemplate\":\"https:\/\/museliving.auxodev2.dk\/de\/?s={search_term_string}\"},\"query-input\":{\"@type\":\"PropertyValueSpecification\",\"valueRequired\":true,\"valueName\":\"search_term_string\"}}],\"inLanguage\":\"de-DE\"},{\"@type\":\"Organization\",\"@id\":\"https:\/\/museliving.auxodev2.dk\/de\/#organization\",\"name\":\"Museliving\",\"url\":\"https:\/\/museliving.auxodev2.dk\/de\/\",\"logo\":{\"@type\":\"ImageObject\",\"inLanguage\":\"de-DE\",\"@id\":\"https:\/\/museliving.auxodev2.dk\/de\/#\/schema\/logo\/image\/\",\"url\":\"https:\/\/museliving.auxodev2.dk\/wp-content\/uploads\/websted-logo.png\",\"contentUrl\":\"https:\/\/museliving.auxodev2.dk\/wp-content\/uploads\/websted-logo.png\",\"width\":350,\"height\":100,\"caption\":\"Museliving\"},\"image\":{\"@id\":\"https:\/\/museliving.auxodev2.dk\/de\/#\/schema\/logo\/image\/\"}}]}<\/script>\n<!-- \/ Yoast SEO plugin. -->","yoast_head_json":{"title":"Nachttisch Classic - museliving.eu","description":"Classic Nachttisch im minimalistischen Design, funktional und stilvoll, bietet praktischen Stauraum und f\u00fcgt sich nahtlos in jedes Schlafzimmer ein.","robots":{"index":"noindex","follow":"follow","max-snippet":"max-snippet:-1","max-image-preview":"max-image-preview:large","max-video-preview":"max-video-preview:-1"},"og_locale":"de_DE","og_type":"article","og_title":"Nachttisch Classic - museliving.eu","og_description":"Classic Nachttisch im minimalistischen Design, funktional und stilvoll, bietet praktischen Stauraum und f\u00fcgt sich nahtlos in jedes Schlafzimmer ein.","og_url":"https:\/\/museliving.auxodev2.dk\/de\/product\/nachttisch-classic\/","og_site_name":"museliving.eu","article_modified_time":"2025-08-30T15:09:20+00:00","og_image":[{"width":308,"height":244,"url":"https:\/\/museliving.auxodev2.dk\/wp-content\/uploads\/2-5.jpg","type":"image\/jpeg"}],"twitter_card":"summary_large_image","twitter_misc":{"Est. reading time":"3 minutes"},"schema":{"@context":"https:\/\/schema.org","@graph":[{"@type":"WebPage","@id":"https:\/\/museliving.auxodev2.dk\/de\/product\/nachttisch-classic\/","url":"https:\/\/museliving.auxodev2.dk\/de\/product\/nachttisch-classic\/","name":"Nachttisch Classic - museliving.eu","isPartOf":{"@id":"https:\/\/museliving.auxodev2.dk\/de\/#website"},"primaryImageOfPage":{"@id":"https:\/\/museliving.auxodev2.dk\/de\/product\/nachttisch-classic\/#primaryimage"},"image":{"@id":"https:\/\/museliving.auxodev2.dk\/de\/product\/nachttisch-classic\/#primaryimage"},"thumbnailUrl":"https:\/\/museliving.auxodev2.dk\/wp-content\/uploads\/2-5.jpg","datePublished":"2025-08-24T08:10:14+00:00","dateModified":"2025-08-30T15:09:20+00:00","description":"Classic Nachttisch im minimalistischen Design, funktional und stilvoll, bietet praktischen Stauraum und f\u00fcgt sich nahtlos in jedes Schlafzimmer ein.","breadcrumb":{"@id":"https:\/\/museliving.auxodev2.dk\/de\/product\/nachttisch-classic\/#breadcrumb"},"inLanguage":"de-DE","potentialAction":[{"@type":"ReadAction","target":["https:\/\/museliving.auxodev2.dk\/de\/product\/nachttisch-classic\/"]}]},{"@type":"ImageObject","inLanguage":"de-DE","@id":"https:\/\/museliving.auxodev2.dk\/de\/product\/nachttisch-classic\/#primaryimage","url":"https:\/\/museliving.auxodev2.dk\/wp-content\/uploads\/2-5.jpg","contentUrl":"https:\/\/museliving.auxodev2.dk\/wp-content\/uploads\/2-5.jpg","width":308,"height":244},{"@type":"BreadcrumbList","@id":"https:\/\/museliving.auxodev2.dk\/de\/product\/nachttisch-classic\/#breadcrumb","itemListElement":[{"@type":"ListItem","position":1,"name":"Home","item":"https:\/\/museliving.auxodev2.dk\/de\/startseite\/"},{"@type":"ListItem","position":2,"name":"Alle Produkte","item":"https:\/\/museliving.auxodev2.dk\/products\/"},{"@type":"ListItem","position":3,"name":"M\u00f6bel","item":"https:\/\/museliving.auxodev2.dk\/de\/category\/mobel-de\/"},{"@type":"ListItem","position":4,"name":"Schlafzimmer","item":"https:\/\/museliving.auxodev2.dk\/de\/category\/mobel-de\/schlafzimmer\/"},{"@type":"ListItem","position":5,"name":"Nachttisch Classic"}]},{"@type":"WebSite","@id":"https:\/\/museliving.auxodev2.dk\/de\/#website","url":"https:\/\/museliving.auxodev2.dk\/de\/","name":"museliving.eu","description":"","publisher":{"@id":"https:\/\/museliving.auxodev2.dk\/de\/#organization"},"potentialAction":[{"@type":"SearchAction","target":{"@type":"EntryPoint","urlTemplate":"https:\/\/museliving.auxodev2.dk\/de\/?s={search_term_string}"},"query-input":{"@type":"PropertyValueSpecification","valueRequired":true,"valueName":"search_term_string"}}],"inLanguage":"de-DE"},{"@type":"Organization","@id":"https:\/\/museliving.auxodev2.dk\/de\/#organization","name":"Museliving","url":"https:\/\/museliving.auxodev2.dk\/de\/","logo":{"@type":"ImageObject","inLanguage":"de-DE","@id":"https:\/\/museliving.auxodev2.dk\/de\/#\/schema\/logo\/image\/","url":"https:\/\/museliving.auxodev2.dk\/wp-content\/uploads\/websted-logo.png","contentUrl":"https:\/\/museliving.auxodev2.dk\/wp-content\/uploads\/websted-logo.png","width":350,"height":100,"caption":"Museliving"},"image":{"@id":"https:\/\/museliving.auxodev2.dk\/de\/#\/schema\/logo\/image\/"}}]}},"_links":{"self":[{"href":"https:\/\/museliving.auxodev2.dk\/de\/wp-json\/wp\/v2\/product\/24413","targetHints":{"allow":["GET"]}}],"collection":[{"href":"https:\/\/museliving.auxodev2.dk\/de\/wp-json\/wp\/v2\/product"}],"about":[{"href":"https:\/\/museliving.auxodev2.dk\/de\/wp-json\/wp\/v2\/types\/product"}],"version-history":[{"count":2,"href":"https:\/\/museliving.auxodev2.dk\/de\/wp-json\/wp\/v2\/product\/24413\/revisions"}],"predecessor-version":[{"id":25026,"href":"https:\/\/museliving.auxodev2.dk\/de\/wp-json\/wp\/v2\/product\/24413\/revisions\/25026"}],"wp:featuredmedia":[{"embeddable":true,"href":"https:\/\/museliving.auxodev2.dk\/de\/wp-json\/wp\/v2\/media\/24414"}],"wp:attachment":[{"href":"https:\/\/museliving.auxodev2.dk\/de\/wp-json\/wp\/v2\/media?parent=24413"}],"wp:term":[{"taxonomy":"product_brand","embeddable":true,"href":"https:\/\/museliving.auxodev2.dk\/de\/wp-json\/wp\/v2\/product_brand?post=24413"},{"taxonomy":"product_cat","embeddable":true,"href":"https:\/\/museliving.auxodev2.dk\/de\/wp-json\/wp\/v2\/product_cat?post=24413"},{"taxonomy":"product_tag","embeddable":true,"href":"https:\/\/museliving.auxodev2.dk\/de\/wp-json\/wp\/v2\/product_tag?post=24413"}],"curies":[{"name":"wp","href":"https:\/\/api.w.org\/{rel}","templated":true}]}}