{"id":24357,"date":"2025-08-24T09:22:47","date_gmt":"2025-08-24T07:22:47","guid":{"rendered":"https:\/\/museliving.auxodev2.dk\/?post_type=product&#038;p=24357"},"modified":"2025-08-30T17:08:23","modified_gmt":"2025-08-30T15:08:23","slug":"tisch-eiche-geraeuchert-und-lackiert","status":"publish","type":"product","link":"https:\/\/museliving.auxodev2.dk\/de\/product\/tisch-eiche-geraeuchert-und-lackiert\/","title":{"rendered":"Tisch &#8211; Eiche Ger\u00e4uchert und Lackiert"},"content":{"rendered":"<p>Die Tische von Museliving sind einzigartig und hochwertig. Die Tische werden unter Anwendung der besten Handwerkstechniken hergestellt. Unabh\u00e4ngig von Stil und Funktion versch\u00f6nern unsere Tische mit Massivholz-Tischplatten jeden Raum, egal ob es um eine K\u00fcche, ein Wohnzimmer oder ein B\u00fcro geht.<\/p>\n<p>Neben unseren Standard-Massivholztischen k\u00f6nnen wir Ihnen verschiedene Optionen anbieten &#8211; f\u00fcr individuelle L\u00f6sungen und Sonderanforderungen stehen wir Ihnen jederzeit gerne zur Verf\u00fcgung: <a href=\"mailto:sales@museliving.eu\"><em><strong>sales@museliving.eu<\/strong><\/em><\/a><\/p>\n<p>Massivholzm\u00f6bel sind umweltfreundlich und langlebig. Solches M\u00f6bel k\u00f6nnen Ihrem Haus oder B\u00fcro einen nat\u00fcrlichen Look verleihen.<\/p>\n<p>Jeder Tisch wird mit einem Schutzfinisch behandelt, um den mit einer Lappe leicht wischen zu k\u00f6nnen.<\/p>\n","protected":false},"excerpt":{"rendered":"<p>Die Tische von Museliving sind einzigartig und hochwertig. Die Tische werden unter Anwendung der besten Handwerkstechniken hergestellt. Unabh\u00e4ngig von Stil und Funktion versch\u00f6nern unsere Tische mit Massivholz-Tischplatten jeden Raum, egal ob es um eine K\u00fcche, ein Wohnzimmer oder ein B\u00fcro geht.<\/p>\n<p>Neben unseren Standard-Massivholztischen k\u00f6nnen wir Ihnen verschiedene Optionen anbieten &#8211; f\u00fcr individuelle L\u00f6sungen und Sonderanforderungen stehen wir Ihnen jederzeit gerne zur Verf\u00fcgung: <a href=\"mailto:sales@museliving.eu\"><em><strong>sales@museliving.eu<\/strong><\/em><\/a><\/p>\n","protected":false},"featured_media":24358,"template":"","meta":{"_acf_changed":false},"product_brand":[],"product_cat":[556,550],"product_tag":[],"class_list":{"0":"post-24357","1":"product","2":"type-product","3":"status-publish","4":"has-post-thumbnail","6":"product_cat-esszimmer","7":"product_cat-mobel-de","9":"first","10":"instock","11":"taxable","12":"shipping-taxable","13":"purchasable","14":"product-type-simple"},"acf":[],"yoast_head":"<!-- This site is optimized with the Yoast SEO plugin v26.9 - https:\/\/yoast.com\/product\/yoast-seo-wordpress\/ -->\n<title>Tisch - Eiche Ger\u00e4uchert und Lackiert - museliving.eu<\/title>\n<meta name=\"robots\" content=\"noindex, follow, max-snippet:-1, max-image-preview:large, max-video-preview:-1\" \/>\n<meta property=\"og:locale\" content=\"de_DE\" \/>\n<meta property=\"og:type\" content=\"article\" \/>\n<meta property=\"og:title\" content=\"Tisch - Eiche Ger\u00e4uchert und Lackiert - museliving.eu\" \/>\n<meta property=\"og:description\" content=\"Die Tische von Museliving sind einzigartig und hochwertig. Die Tische werden unter Anwendung der besten Handwerkstechniken hergestellt. Unabh\u00e4ngig von Stil und Funktion versch\u00f6nern unsere Tische mit Massivholz-Tischplatten jeden Raum, egal ob es um eine K\u00fcche, ein Wohnzimmer oder ein B\u00fcro geht.  Neben unseren Standard-Massivholztischen k\u00f6nnen wir Ihnen verschiedene Optionen anbieten - f\u00fcr individuelle L\u00f6sungen und Sonderanforderungen stehen wir Ihnen jederzeit gerne zur Verf\u00fcgung: sales@museliving.eu\" \/>\n<meta property=\"og:url\" content=\"https:\/\/museliving.auxodev2.dk\/de\/product\/tisch-eiche-geraeuchert-und-lackiert\/\" \/>\n<meta property=\"og:site_name\" content=\"museliving.eu\" \/>\n<meta property=\"article:modified_time\" content=\"2025-08-30T15:08:23+00:00\" \/>\n<meta property=\"og:image\" content=\"https:\/\/museliving.auxodev2.dk\/wp-content\/uploads\/DSC06938.jpg\" \/>\n\t<meta property=\"og:image:width\" content=\"1200\" \/>\n\t<meta property=\"og:image:height\" content=\"821\" \/>\n\t<meta property=\"og:image:type\" content=\"image\/jpeg\" \/>\n<meta name=\"twitter:card\" content=\"summary_large_image\" \/>\n<meta name=\"twitter:label1\" content=\"Est. reading time\" \/>\n\t<meta name=\"twitter:data1\" content=\"1 minute\" \/>\n<script type=\"application\/ld+json\" class=\"yoast-schema-graph\">{\"@context\":\"https:\/\/schema.org\",\"@graph\":[{\"@type\":\"WebPage\",\"@id\":\"https:\/\/museliving.auxodev2.dk\/de\/product\/tisch-eiche-geraeuchert-und-lackiert\/\",\"url\":\"https:\/\/museliving.auxodev2.dk\/de\/product\/tisch-eiche-geraeuchert-und-lackiert\/\",\"name\":\"Tisch - Eiche Ger\u00e4uchert und Lackiert - museliving.eu\",\"isPartOf\":{\"@id\":\"https:\/\/museliving.auxodev2.dk\/de\/#website\"},\"primaryImageOfPage\":{\"@id\":\"https:\/\/museliving.auxodev2.dk\/de\/product\/tisch-eiche-geraeuchert-und-lackiert\/#primaryimage\"},\"image\":{\"@id\":\"https:\/\/museliving.auxodev2.dk\/de\/product\/tisch-eiche-geraeuchert-und-lackiert\/#primaryimage\"},\"thumbnailUrl\":\"https:\/\/museliving.auxodev2.dk\/wp-content\/uploads\/DSC06938.jpg\",\"datePublished\":\"2025-08-24T07:22:47+00:00\",\"dateModified\":\"2025-08-30T15:08:23+00:00\",\"breadcrumb\":{\"@id\":\"https:\/\/museliving.auxodev2.dk\/de\/product\/tisch-eiche-geraeuchert-und-lackiert\/#breadcrumb\"},\"inLanguage\":\"de-DE\",\"potentialAction\":[{\"@type\":\"ReadAction\",\"target\":[\"https:\/\/museliving.auxodev2.dk\/de\/product\/tisch-eiche-geraeuchert-und-lackiert\/\"]}]},{\"@type\":\"ImageObject\",\"inLanguage\":\"de-DE\",\"@id\":\"https:\/\/museliving.auxodev2.dk\/de\/product\/tisch-eiche-geraeuchert-und-lackiert\/#primaryimage\",\"url\":\"https:\/\/museliving.auxodev2.dk\/wp-content\/uploads\/DSC06938.jpg\",\"contentUrl\":\"https:\/\/museliving.auxodev2.dk\/wp-content\/uploads\/DSC06938.jpg\",\"width\":1200,\"height\":821},{\"@type\":\"BreadcrumbList\",\"@id\":\"https:\/\/museliving.auxodev2.dk\/de\/product\/tisch-eiche-geraeuchert-und-lackiert\/#breadcrumb\",\"itemListElement\":[{\"@type\":\"ListItem\",\"position\":1,\"name\":\"Home\",\"item\":\"https:\/\/museliving.auxodev2.dk\/de\/startseite\/\"},{\"@type\":\"ListItem\",\"position\":2,\"name\":\"Alle Produkte\",\"item\":\"https:\/\/museliving.auxodev2.dk\/products\/\"},{\"@type\":\"ListItem\",\"position\":3,\"name\":\"M\u00f6bel\",\"item\":\"https:\/\/museliving.auxodev2.dk\/de\/category\/mobel-de\/\"},{\"@type\":\"ListItem\",\"position\":4,\"name\":\"Esszimmer\",\"item\":\"https:\/\/museliving.auxodev2.dk\/de\/category\/mobel-de\/esszimmer\/\"},{\"@type\":\"ListItem\",\"position\":5,\"name\":\"Tisch &#8211; Eiche Ger\u00e4uchert und Lackiert\"}]},{\"@type\":\"WebSite\",\"@id\":\"https:\/\/museliving.auxodev2.dk\/de\/#website\",\"url\":\"https:\/\/museliving.auxodev2.dk\/de\/\",\"name\":\"museliving.eu\",\"description\":\"\",\"publisher\":{\"@id\":\"https:\/\/museliving.auxodev2.dk\/de\/#organization\"},\"potentialAction\":[{\"@type\":\"SearchAction\",\"target\":{\"@type\":\"EntryPoint\",\"urlTemplate\":\"https:\/\/museliving.auxodev2.dk\/de\/?s={search_term_string}\"},\"query-input\":{\"@type\":\"PropertyValueSpecification\",\"valueRequired\":true,\"valueName\":\"search_term_string\"}}],\"inLanguage\":\"de-DE\"},{\"@type\":\"Organization\",\"@id\":\"https:\/\/museliving.auxodev2.dk\/de\/#organization\",\"name\":\"Museliving\",\"url\":\"https:\/\/museliving.auxodev2.dk\/de\/\",\"logo\":{\"@type\":\"ImageObject\",\"inLanguage\":\"de-DE\",\"@id\":\"https:\/\/museliving.auxodev2.dk\/de\/#\/schema\/logo\/image\/\",\"url\":\"https:\/\/museliving.auxodev2.dk\/wp-content\/uploads\/websted-logo.png\",\"contentUrl\":\"https:\/\/museliving.auxodev2.dk\/wp-content\/uploads\/websted-logo.png\",\"width\":350,\"height\":100,\"caption\":\"Museliving\"},\"image\":{\"@id\":\"https:\/\/museliving.auxodev2.dk\/de\/#\/schema\/logo\/image\/\"}}]}<\/script>\n<!-- \/ Yoast SEO plugin. -->","yoast_head_json":{"title":"Tisch - Eiche Ger\u00e4uchert und Lackiert - museliving.eu","robots":{"index":"noindex","follow":"follow","max-snippet":"max-snippet:-1","max-image-preview":"max-image-preview:large","max-video-preview":"max-video-preview:-1"},"og_locale":"de_DE","og_type":"article","og_title":"Tisch - Eiche Ger\u00e4uchert und Lackiert - museliving.eu","og_description":"Die Tische von Museliving sind einzigartig und hochwertig. Die Tische werden unter Anwendung der besten Handwerkstechniken hergestellt. Unabh\u00e4ngig von Stil und Funktion versch\u00f6nern unsere Tische mit Massivholz-Tischplatten jeden Raum, egal ob es um eine K\u00fcche, ein Wohnzimmer oder ein B\u00fcro geht.  Neben unseren Standard-Massivholztischen k\u00f6nnen wir Ihnen verschiedene Optionen anbieten - f\u00fcr individuelle L\u00f6sungen und Sonderanforderungen stehen wir Ihnen jederzeit gerne zur Verf\u00fcgung: sales@museliving.eu","og_url":"https:\/\/museliving.auxodev2.dk\/de\/product\/tisch-eiche-geraeuchert-und-lackiert\/","og_site_name":"museliving.eu","article_modified_time":"2025-08-30T15:08:23+00:00","og_image":[{"width":1200,"height":821,"url":"https:\/\/museliving.auxodev2.dk\/wp-content\/uploads\/DSC06938.jpg","type":"image\/jpeg"}],"twitter_card":"summary_large_image","twitter_misc":{"Est. reading time":"1 minute"},"schema":{"@context":"https:\/\/schema.org","@graph":[{"@type":"WebPage","@id":"https:\/\/museliving.auxodev2.dk\/de\/product\/tisch-eiche-geraeuchert-und-lackiert\/","url":"https:\/\/museliving.auxodev2.dk\/de\/product\/tisch-eiche-geraeuchert-und-lackiert\/","name":"Tisch - Eiche Ger\u00e4uchert und Lackiert - museliving.eu","isPartOf":{"@id":"https:\/\/museliving.auxodev2.dk\/de\/#website"},"primaryImageOfPage":{"@id":"https:\/\/museliving.auxodev2.dk\/de\/product\/tisch-eiche-geraeuchert-und-lackiert\/#primaryimage"},"image":{"@id":"https:\/\/museliving.auxodev2.dk\/de\/product\/tisch-eiche-geraeuchert-und-lackiert\/#primaryimage"},"thumbnailUrl":"https:\/\/museliving.auxodev2.dk\/wp-content\/uploads\/DSC06938.jpg","datePublished":"2025-08-24T07:22:47+00:00","dateModified":"2025-08-30T15:08:23+00:00","breadcrumb":{"@id":"https:\/\/museliving.auxodev2.dk\/de\/product\/tisch-eiche-geraeuchert-und-lackiert\/#breadcrumb"},"inLanguage":"de-DE","potentialAction":[{"@type":"ReadAction","target":["https:\/\/museliving.auxodev2.dk\/de\/product\/tisch-eiche-geraeuchert-und-lackiert\/"]}]},{"@type":"ImageObject","inLanguage":"de-DE","@id":"https:\/\/museliving.auxodev2.dk\/de\/product\/tisch-eiche-geraeuchert-und-lackiert\/#primaryimage","url":"https:\/\/museliving.auxodev2.dk\/wp-content\/uploads\/DSC06938.jpg","contentUrl":"https:\/\/museliving.auxodev2.dk\/wp-content\/uploads\/DSC06938.jpg","width":1200,"height":821},{"@type":"BreadcrumbList","@id":"https:\/\/museliving.auxodev2.dk\/de\/product\/tisch-eiche-geraeuchert-und-lackiert\/#breadcrumb","itemListElement":[{"@type":"ListItem","position":1,"name":"Home","item":"https:\/\/museliving.auxodev2.dk\/de\/startseite\/"},{"@type":"ListItem","position":2,"name":"Alle Produkte","item":"https:\/\/museliving.auxodev2.dk\/products\/"},{"@type":"ListItem","position":3,"name":"M\u00f6bel","item":"https:\/\/museliving.auxodev2.dk\/de\/category\/mobel-de\/"},{"@type":"ListItem","position":4,"name":"Esszimmer","item":"https:\/\/museliving.auxodev2.dk\/de\/category\/mobel-de\/esszimmer\/"},{"@type":"ListItem","position":5,"name":"Tisch &#8211; Eiche Ger\u00e4uchert und Lackiert"}]},{"@type":"WebSite","@id":"https:\/\/museliving.auxodev2.dk\/de\/#website","url":"https:\/\/museliving.auxodev2.dk\/de\/","name":"museliving.eu","description":"","publisher":{"@id":"https:\/\/museliving.auxodev2.dk\/de\/#organization"},"potentialAction":[{"@type":"SearchAction","target":{"@type":"EntryPoint","urlTemplate":"https:\/\/museliving.auxodev2.dk\/de\/?s={search_term_string}"},"query-input":{"@type":"PropertyValueSpecification","valueRequired":true,"valueName":"search_term_string"}}],"inLanguage":"de-DE"},{"@type":"Organization","@id":"https:\/\/museliving.auxodev2.dk\/de\/#organization","name":"Museliving","url":"https:\/\/museliving.auxodev2.dk\/de\/","logo":{"@type":"ImageObject","inLanguage":"de-DE","@id":"https:\/\/museliving.auxodev2.dk\/de\/#\/schema\/logo\/image\/","url":"https:\/\/museliving.auxodev2.dk\/wp-content\/uploads\/websted-logo.png","contentUrl":"https:\/\/museliving.auxodev2.dk\/wp-content\/uploads\/websted-logo.png","width":350,"height":100,"caption":"Museliving"},"image":{"@id":"https:\/\/museliving.auxodev2.dk\/de\/#\/schema\/logo\/image\/"}}]}},"_links":{"self":[{"href":"https:\/\/museliving.auxodev2.dk\/de\/wp-json\/wp\/v2\/product\/24357","targetHints":{"allow":["GET"]}}],"collection":[{"href":"https:\/\/museliving.auxodev2.dk\/de\/wp-json\/wp\/v2\/product"}],"about":[{"href":"https:\/\/museliving.auxodev2.dk\/de\/wp-json\/wp\/v2\/types\/product"}],"version-history":[{"count":2,"href":"https:\/\/museliving.auxodev2.dk\/de\/wp-json\/wp\/v2\/product\/24357\/revisions"}],"predecessor-version":[{"id":25023,"href":"https:\/\/museliving.auxodev2.dk\/de\/wp-json\/wp\/v2\/product\/24357\/revisions\/25023"}],"wp:featuredmedia":[{"embeddable":true,"href":"https:\/\/museliving.auxodev2.dk\/de\/wp-json\/wp\/v2\/media\/24358"}],"wp:attachment":[{"href":"https:\/\/museliving.auxodev2.dk\/de\/wp-json\/wp\/v2\/media?parent=24357"}],"wp:term":[{"taxonomy":"product_brand","embeddable":true,"href":"https:\/\/museliving.auxodev2.dk\/de\/wp-json\/wp\/v2\/product_brand?post=24357"},{"taxonomy":"product_cat","embeddable":true,"href":"https:\/\/museliving.auxodev2.dk\/de\/wp-json\/wp\/v2\/product_cat?post=24357"},{"taxonomy":"product_tag","embeddable":true,"href":"https:\/\/museliving.auxodev2.dk\/de\/wp-json\/wp\/v2\/product_tag?post=24357"}],"curies":[{"name":"wp","href":"https:\/\/api.w.org\/{rel}","templated":true}]}}