{"id":23818,"date":"2025-07-08T13:22:21","date_gmt":"2025-07-08T11:22:21","guid":{"rendered":"https:\/\/museliving.auxodev2.dk\/rueckgabe-und-erstattungsrichtlinie\/"},"modified":"2025-09-04T15:41:34","modified_gmt":"2025-09-04T13:41:34","slug":"rueckgabe-und-erstattungsrichtlinie","status":"publish","type":"page","link":"https:\/\/museliving.auxodev2.dk\/de\/rueckgabe-und-erstattungsrichtlinie\/","title":{"rendered":"R\u00fcckgabe- und Erstattungsrichtlinie"},"content":{"rendered":"\t\t<div data-elementor-type=\"wp-page\" data-elementor-id=\"23818\" class=\"elementor elementor-23818 elementor-19702\" data-elementor-post-type=\"page\">\n\t\t\t\t<div class=\"elementor-element elementor-element-3eb6e3f e-con-full e-flex e-con e-parent\" data-id=\"3eb6e3f\" data-element_type=\"container\">\n\t\t<div class=\"elementor-element elementor-element-afcd3f9 e-flex e-con-boxed e-con e-child\" data-id=\"afcd3f9\" data-element_type=\"container\" data-settings=\"{&quot;background_background&quot;:&quot;classic&quot;}\">\n\t\t\t\t\t<div class=\"e-con-inner\">\n\t\t<div class=\"elementor-element elementor-element-926e163 e-con-full e-flex e-con e-child\" data-id=\"926e163\" data-element_type=\"container\">\n\t\t\t\t<\/div>\n\t\t\t\t\t<\/div>\n\t\t\t\t<\/div>\n\t\t\t\t<\/div>\n\t\t<div class=\"elementor-element elementor-element-3517fe4 e-flex e-con-boxed e-con e-parent\" data-id=\"3517fe4\" data-element_type=\"container\" data-settings=\"{&quot;background_background&quot;:&quot;classic&quot;}\">\n\t\t\t\t\t<div class=\"e-con-inner\">\n\t\t<div class=\"elementor-element elementor-element-8d990c7 e-con-full e-flex e-con e-child\" data-id=\"8d990c7\" data-element_type=\"container\">\n\t\t\t\t<div class=\"elementor-element elementor-element-fd630a8 elementor-widget elementor-widget-heading\" data-id=\"fd630a8\" data-element_type=\"widget\" data-widget_type=\"heading.default\">\n\t\t\t\t\t<h2 class=\"elementor-heading-title elementor-size-default\">Garantiebedingungen<\/h2>\t\t\t\t<\/div>\n\t\t\t\t<div class=\"elementor-element elementor-element-23e880a elementor-widget elementor-widget-text-editor\" data-id=\"23e880a\" data-element_type=\"widget\" data-widget_type=\"text-editor.default\">\n\t\t\t\t\t\t\t\t\t<p>Beim Einkauf bei Museliving als Verbraucher haben Sie eine 28-t\u00e4gige Garantie. Das bedeutet, dass Sie den Artikel je nach Situation reparieren, umtauschen, zur\u00fcckerstattet bekommen oder den Preis verweigern k\u00f6nnen. <\/p><p>Voraussetzung ist, dass die Reklamation berechtigt ist und der Mangel nicht durch unsachgem\u00e4\u00dfen Gebrauch oder andere sch\u00e4dliche Handlungen entstanden ist.<br>Sie m\u00fcssen innerhalb einer \u201eangemessenen Frist\u201c nach Entdeckung des Mangels reklamieren. Wenn Sie innerhalb von 30 Tagen nach Entdeckung des Mangels reklamieren, gilt die Reklamation immer als rechtzeitig.<br>Ist die Reklamation berechtigt, erstatten wir Ihre (angemessenen) Lieferkosten. Das Produkt muss stets in ordnungsgem\u00e4\u00dfer Verpackung zur\u00fcckgesendet werden, und denken Sie daran, einen Versandbeleg zu erhalten, damit wir Ihre Lieferkosten erstatten k\u00f6nnen.  <\/p><div class=\"wp-block-group\"><div class=\"wp-block-group__inner-container is-layout-flow wp-block-group-is-layout-flow\"><div class=\"wp-block-group\"><div class=\"wp-block-group__inner-container is-layout-flow wp-block-group-is-layout-flow\"><p>Museliving ApS<br>E-Mail: <a href=\"mailto:info@museliving.eu\">info@museliving.eu<\/a><br>Tel. +4524764838<\/p><\/div><\/div><\/div><\/div><p>Bitte senden Sie das Produkt an:<br>Museliving ApS<br>Vejr\u00f8gade 14.1<br>2100 Kopenhagen \u00d8<br>D\u00e4nemark<br>+4524764838<\/p>\t\t\t\t\t\t\t\t<\/div>\n\t\t\t\t<\/div>\n\t\t<div class=\"elementor-element elementor-element-1dbef78 e-con-full e-flex e-con e-child\" data-id=\"1dbef78\" data-element_type=\"container\">\n\t\t\t\t<div class=\"elementor-element elementor-element-bd73d90 elementor-widget elementor-widget-heading\" data-id=\"bd73d90\" data-element_type=\"widget\" data-widget_type=\"heading.default\">\n\t\t\t\t\t<h3 class=\"elementor-heading-title elementor-size-default\">Widerruf eines Kaufs<\/h3>\t\t\t\t<\/div>\n\t\t\t\t<div class=\"elementor-element elementor-element-9a73947 elementor-widget elementor-widget-text-editor\" data-id=\"9a73947\" data-element_type=\"widget\" data-widget_type=\"text-editor.default\">\n\t\t\t\t\t\t\t\t\t<p>Sie k\u00f6nnen jeden Artikel einer Bestellung innerhalb von 28 Tagen nach Erhalt Ihrer Bestellung zur R\u00fcckerstattung stornieren.<br>Die R\u00fcckgabefrist endet 28 Tage nach dem Tag, an dem Sie Ihren Artikel erhalten haben, oder nachdem der letzte Artikel aus einer Bestellung mit mehreren Artikeln einzeln geliefert wurde.<br>Wenn der Artikel aus mehreren Losen oder Teilen besteht, endet die R\u00fcckgabefrist 28 Tage nach dem Tag, an dem Sie das letzte Los oder den letzten Teil physisch erhalten haben.<br>Sie m\u00fcssen uns innerhalb von 28 Tagen nach Erhalt des Produkts informieren, dass Sie Ihren Kauf stornieren m\u00f6chten. Die Mitteilung muss schriftlich an folgende Adresse erfolgen: info@museliving.eu.<br>Sie k\u00f6nnen einen Kauf nicht dadurch stornieren, dass Sie die Annahme der Ware verweigern, ohne uns dies klar mitzuteilen. <\/p>\t\t\t\t\t\t\t\t<\/div>\n\t\t\t\t<\/div>\n\t\t<div class=\"elementor-element elementor-element-32008b9 e-con-full e-flex e-con e-child\" data-id=\"32008b9\" data-element_type=\"container\">\n\t\t\t\t<div class=\"elementor-element elementor-element-882061b elementor-widget elementor-widget-heading\" data-id=\"882061b\" data-element_type=\"widget\" data-widget_type=\"heading.default\">\n\t\t\t\t\t<h3 class=\"elementor-heading-title elementor-size-default\">Teilweise Stornierung des Kaufs<\/h3>\t\t\t\t<\/div>\n\t\t\t\t<div class=\"elementor-element elementor-element-03ca5f7 elementor-widget elementor-widget-text-editor\" data-id=\"03ca5f7\" data-element_type=\"widget\" data-widget_type=\"text-editor.default\">\n\t\t\t\t\t\t\t\t\t<p>Wenn Sie mehrere Artikel bei uns gekauft haben, haben Sie die M\u00f6glichkeit, einen oder mehrere Artikel zur\u00fcckzugeben, auch wenn diese unter einer einzigen Bestellung gekauft wurden.<br>Bitte beachten Sie, dass die Versandkosten nicht erstattet werden, wenn Sie Teile Ihres Kaufs stornieren.<br>Artikel, die vom Widerrufsrecht ausgeschlossen sind<\/p><p>Folgende Produkttypen sind vom Widerrufsrecht ausgeschlossen:<br>Lieferung versiegelter Waren, die aus Gesundheits- oder Hygienegr\u00fcnden nicht zur R\u00fcckgabe geeignet sind und deren Siegel nach der Lieferung gebrochen wurde.<br>Waren\/Produkte, die speziell nach Ihren W\u00fcnschen hergestellt wurden (Fertigungsk\u00e4ufe\/Artk\u00e4ufe\/Anfertigungen).<br>Sie verlieren Ihr Widerrufsrecht, wenn Sie das Siegel von Waren brechen, die aus Gesundheits- oder Hygienegr\u00fcnden nicht zur R\u00fcckgabe geeignet sind.<\/p>\t\t\t\t\t\t\t\t<\/div>\n\t\t\t\t<\/div>\n\t\t<div class=\"elementor-element elementor-element-0739c49 e-con-full e-flex e-con e-child\" data-id=\"0739c49\" data-element_type=\"container\">\n\t\t\t\t<div class=\"elementor-element elementor-element-1527ccb elementor-widget elementor-widget-heading\" data-id=\"1527ccb\" data-element_type=\"widget\" data-widget_type=\"heading.default\">\n\t\t\t\t\t<h3 class=\"elementor-heading-title elementor-size-default\">R\u00fcckgaben<\/h3>\t\t\t\t<\/div>\n\t\t\t\t<div class=\"elementor-element elementor-element-691360f elementor-widget elementor-widget-text-editor\" data-id=\"691360f\" data-element_type=\"widget\" data-widget_type=\"text-editor.default\">\n\t\t\t\t\t\t\t\t\t<p>Sie m\u00fcssen Ihre Bestellung unverz\u00fcglich und sp\u00e4testens innerhalb von 14 Tagen zur\u00fccksenden, nachdem Sie uns dar\u00fcber informiert haben, dass Sie Ihren Kauf widerrufen m\u00f6chten. Sie tragen die unmittelbaren Kosten f\u00fcr die R\u00fccksendung. Das Risiko f\u00fcr die Ware geht ab dem Zeitpunkt der Lieferung auf Sie \u00fcber.<br>Bestimmte Waren k\u00f6nnen aufgrund ihrer Beschaffenheit nicht per normaler Post zur\u00fcckgesandt werden. Dies gilt f\u00fcr: Weinf\u00e4sser und Weinm\u00f6bel.   <\/p>\t\t\t\t\t\t\t\t<\/div>\n\t\t\t\t<\/div>\n\t\t<div class=\"elementor-element elementor-element-e707d0d e-con-full e-flex e-con e-child\" data-id=\"e707d0d\" data-element_type=\"container\">\n\t\t\t\t<div class=\"elementor-element elementor-element-886fa31 elementor-widget elementor-widget-heading\" data-id=\"886fa31\" data-element_type=\"widget\" data-widget_type=\"heading.default\">\n\t\t\t\t\t<h3 class=\"elementor-heading-title elementor-size-default\">Zustand des Artikels bei R\u00fcckgabe<\/h3>\t\t\t\t<\/div>\n\t\t\t\t<div class=\"elementor-element elementor-element-9934e1e elementor-widget elementor-widget-text-editor\" data-id=\"9934e1e\" data-element_type=\"widget\" data-widget_type=\"text-editor.default\">\n\t\t\t\t\t\t\t\t\t<p>Sie haften nur f\u00fcr eine Wertminderung des Produkts, die auf einen Umgang zur\u00fcckzuf\u00fchren ist, der \u00fcber die zur Pr\u00fcfung der Beschaffenheit, Eigenschaften und Funktionsweise des Produkts erforderlichen Handhabung hinausgeht. Anders gesagt: Sie k\u00f6nnen das Produkt so ausprobieren, als w\u00fcrden Sie es in einem physischen Gesch\u00e4ft testen, aber Sie d\u00fcrfen es nicht tats\u00e4chlich benutzen.<br>Wenn der Artikel \u00fcber das oben Beschriebene hinaus getestet wurde, betrachten wir ihn als gebraucht, was bedeutet, dass Sie bei Widerruf des Kaufs nur einen Teil oder keinen Teil des Kaufpreises zur\u00fcckerhalten, abh\u00e4ngig vom Handelswert des Artikels. <\/p>\t\t\t\t\t\t\t\t<\/div>\n\t\t\t\t<\/div>\n\t\t<div class=\"elementor-element elementor-element-119b05e e-con-full e-flex e-con e-child\" data-id=\"119b05e\" data-element_type=\"container\">\n\t\t\t\t<div class=\"elementor-element elementor-element-aeaaf98 elementor-widget elementor-widget-heading\" data-id=\"aeaaf98\" data-element_type=\"widget\" data-widget_type=\"heading.default\">\n\t\t\t\t\t<h3 class=\"elementor-heading-title elementor-size-default\">Sonderangebote<\/h3>\t\t\t\t<\/div>\n\t\t\t\t<div class=\"elementor-element elementor-element-51bad7d elementor-widget elementor-widget-text-editor\" data-id=\"51bad7d\" data-element_type=\"widget\" data-widget_type=\"text-editor.default\">\n\t\t\t\t\t\t\t\t\t<p>Nur Artikel zum regul\u00e4ren Preis k\u00f6nnen erstattet werden. Sonderangebote sind vom Umtausch ausgeschlossen. <\/p>\t\t\t\t\t\t\t\t<\/div>\n\t\t\t\t<\/div>\n\t\t<div class=\"elementor-element elementor-element-aca36e8 e-con-full e-flex e-con e-child\" data-id=\"aca36e8\" data-element_type=\"container\">\n\t\t\t\t<div class=\"elementor-element elementor-element-da14139 elementor-widget elementor-widget-heading\" data-id=\"da14139\" data-element_type=\"widget\" data-widget_type=\"heading.default\">\n\t\t\t\t\t<h3 class=\"elementor-heading-title elementor-size-default\">Erstattung des Kaufbetrags<\/h3>\t\t\t\t<\/div>\n\t\t\t\t<div class=\"elementor-element elementor-element-5843a05 elementor-widget elementor-widget-text-editor\" data-id=\"5843a05\" data-element_type=\"widget\" data-widget_type=\"text-editor.default\">\n\t\t\t\t\t\t\t\t\t<p>Wenn Sie Ihren Kauf bereuen, erhalten Sie den von Ihnen gezahlten Betrag zur\u00fcck. Im Falle einer Wertminderung, f\u00fcr die Sie verantwortlich sind, wird dieser Betrag vom Kaufpreis abgezogen.<br>Wenn Sie Ihr Widerrufsrecht aus\u00fcben, erstatten wir Ihnen alle von Ihnen erhaltenen Zahlungen, einschlie\u00dflich der Lieferkosten (ausgenommen zus\u00e4tzliche Kosten aufgrund Ihrer Wahl einer anderen Lieferart als der von uns angebotenen g\u00fcnstigsten Standardlieferung), unverz\u00fcglich und in jedem Fall sp\u00e4testens 14 Tage nach dem Tag, an dem wir Ihre Mitteilung \u00fcber den Widerruf dieses Vertrags erhalten haben. <\/p><p>Wir erstatten den Betrag mit derselben Zahlungsmethode, die Sie bei der urspr\u00fcnglichen Transaktion verwendet haben, sofern Sie nicht ausdr\u00fccklich etwas anderes vereinbart haben.<br>Wir k\u00f6nnen die R\u00fcckerstattung zur\u00fcckhalten, bis wir die zur\u00fcckgesandten Artikel erhalten haben, es sei denn, Sie haben uns zuvor Nachweise \u00fcber die R\u00fccksendung vorgelegt.<\/p><p>Im Falle von Widerruf und R\u00fccksendungen m\u00fcssen die Artikel an folgende Adresse geschickt werden:<\/p><p>Museliving ApS<br>Vejr\u00f8gade 14.1<br>2100 Kopenhagen \u00d8<br>D\u00e4nemark<br>+4524764838<\/p><p>Sie k\u00f6nnen auch durch eine klare Mitteilung widerrufen und die Artikel nach vorheriger Absprache pers\u00f6nlich an die oben genannte Adresse zur\u00fcckgeben.<br>Wir nehmen keine Pakete ohne Zustellung oder Pakete entgegen, die per Nachnahme versendet wurden.<\/p>\t\t\t\t\t\t\t\t<\/div>\n\t\t\t\t<\/div>\n\t\t<div class=\"elementor-element elementor-element-6b69df0 e-con-full e-flex e-con e-child\" data-id=\"6b69df0\" data-element_type=\"container\">\n\t\t\t\t<div class=\"elementor-element elementor-element-22299df elementor-widget elementor-widget-heading\" data-id=\"22299df\" data-element_type=\"widget\" data-widget_type=\"heading.default\">\n\t\t\t\t\t<h3 class=\"elementor-heading-title elementor-size-default\">Reklamationen<\/h3>\t\t\t\t<\/div>\n\t\t\t\t<div class=\"elementor-element elementor-element-356ce6f elementor-widget elementor-widget-text-editor\" data-id=\"356ce6f\" data-element_type=\"widget\" data-widget_type=\"text-editor.default\">\n\t\t\t\t\t\t\t\t\t<p>Wenn Sie eine Beschwerde zu Ihrem Kauf haben, kontaktieren Sie bitte unseren Support unter Tel.: <a href=\"tel:+48607153627\">+48 607153627.<\/a><\/p><p>Wenn Sie Verbraucher mit Wohnsitz in einem anderen EU-Land als Polen sind, k\u00f6nnen Sie die Online-Schlichtungsplattform der EU-Kommission hier nutzen \u2013 <a href=\"http:\/\/ec.europa.eu\/odr\">http:\/\/ec.europa.eu\/odr<\/a>.<\/p><p>Standard-Beschwerdeformular<br>Dieses Formular ist nur auszuf\u00fcllen und zur\u00fcckzusenden, wenn das Beschwerderecht geltend gemacht wird.<\/p><p>An:<br>Museliving ApS<br>Vejr\u00f8gade 14.1<br>2100 Kopenhagen \u00d8<br>D\u00e4nemark<\/p><p>Email: info@museliving.eu<br>Hiermit erkl\u00e4re ich, dass ich mein Widerrufsrecht hinsichtlich meines Kaufvertrags f\u00fcr die folgenden Waren\/Dienstleistungen aus\u00fcben m\u00f6chte:<\/p><p>Bestelldatum:<strong><em>___________________<\/em><\/strong> Empfangsdatum:<strong><em>___________________<\/em><\/strong><\/p><p>Name des Verbrauchers: <strong><em>______________________________________<\/em><\/strong><\/p><p>Adresse des Verbrauchers: <strong><em>______________________________________<\/em><\/strong><\/p><p>Unterschrift des Verbrauchers (nur wenn dieses Formular auf Papier ausgef\u00fcllt wird):<\/p><p>Datum: <strong><em>_______________<\/em><\/strong><\/p>\t\t\t\t\t\t\t\t<\/div>\n\t\t\t\t<\/div>\n\t\t\t\t\t<\/div>\n\t\t\t\t<\/div>\n\t\t\t\t<\/div>\n\t\t","protected":false},"excerpt":{"rendered":"","protected":false},"author":1,"featured_media":0,"parent":0,"menu_order":0,"comment_status":"closed","ping_status":"closed","template":"","meta":{"_acf_changed":false,"footnotes":""},"class_list":["post-23818","page","type-page","status-publish","hentry"],"acf":[],"yoast_head":"<!-- This site is optimized with the Yoast SEO plugin v26.9 - https:\/\/yoast.com\/product\/yoast-seo-wordpress\/ -->\n<title>R\u00fcckgabe- und Erstattungsrichtlinie - museliving.eu<\/title>\n<meta name=\"robots\" content=\"noindex, follow, max-snippet:-1, max-image-preview:large, max-video-preview:-1\" \/>\n<meta property=\"og:locale\" content=\"de_DE\" \/>\n<meta property=\"og:type\" content=\"article\" \/>\n<meta property=\"og:title\" content=\"R\u00fcckgabe- und Erstattungsrichtlinie - museliving.eu\" \/>\n<meta property=\"og:url\" content=\"https:\/\/museliving.auxodev2.dk\/de\/rueckgabe-und-erstattungsrichtlinie\/\" \/>\n<meta property=\"og:site_name\" content=\"museliving.eu\" \/>\n<meta property=\"article:modified_time\" content=\"2025-09-04T13:41:34+00:00\" \/>\n<meta name=\"twitter:card\" content=\"summary_large_image\" \/>\n<script type=\"application\/ld+json\" class=\"yoast-schema-graph\">{\"@context\":\"https:\/\/schema.org\",\"@graph\":[{\"@type\":\"WebPage\",\"@id\":\"https:\/\/museliving.auxodev2.dk\/de\/rueckgabe-und-erstattungsrichtlinie\/\",\"url\":\"https:\/\/museliving.auxodev2.dk\/de\/rueckgabe-und-erstattungsrichtlinie\/\",\"name\":\"R\u00fcckgabe- und Erstattungsrichtlinie - museliving.eu\",\"isPartOf\":{\"@id\":\"https:\/\/museliving.auxodev2.dk\/de\/#website\"},\"datePublished\":\"2025-07-08T11:22:21+00:00\",\"dateModified\":\"2025-09-04T13:41:34+00:00\",\"breadcrumb\":{\"@id\":\"https:\/\/museliving.auxodev2.dk\/de\/rueckgabe-und-erstattungsrichtlinie\/#breadcrumb\"},\"inLanguage\":\"de-DE\",\"potentialAction\":[{\"@type\":\"ReadAction\",\"target\":[\"https:\/\/museliving.auxodev2.dk\/de\/rueckgabe-und-erstattungsrichtlinie\/\"]}]},{\"@type\":\"BreadcrumbList\",\"@id\":\"https:\/\/museliving.auxodev2.dk\/de\/rueckgabe-und-erstattungsrichtlinie\/#breadcrumb\",\"itemListElement\":[{\"@type\":\"ListItem\",\"position\":1,\"name\":\"Home\",\"item\":\"https:\/\/museliving.auxodev2.dk\/de\/startseite\/\"},{\"@type\":\"ListItem\",\"position\":2,\"name\":\"R\u00fcckgabe- und Erstattungsrichtlinie\"}]},{\"@type\":\"WebSite\",\"@id\":\"https:\/\/museliving.auxodev2.dk\/de\/#website\",\"url\":\"https:\/\/museliving.auxodev2.dk\/de\/\",\"name\":\"museliving.eu\",\"description\":\"\",\"publisher\":{\"@id\":\"https:\/\/museliving.auxodev2.dk\/de\/#organization\"},\"potentialAction\":[{\"@type\":\"SearchAction\",\"target\":{\"@type\":\"EntryPoint\",\"urlTemplate\":\"https:\/\/museliving.auxodev2.dk\/de\/?s={search_term_string}\"},\"query-input\":{\"@type\":\"PropertyValueSpecification\",\"valueRequired\":true,\"valueName\":\"search_term_string\"}}],\"inLanguage\":\"de-DE\"},{\"@type\":\"Organization\",\"@id\":\"https:\/\/museliving.auxodev2.dk\/de\/#organization\",\"name\":\"Museliving\",\"url\":\"https:\/\/museliving.auxodev2.dk\/de\/\",\"logo\":{\"@type\":\"ImageObject\",\"inLanguage\":\"de-DE\",\"@id\":\"https:\/\/museliving.auxodev2.dk\/de\/#\/schema\/logo\/image\/\",\"url\":\"https:\/\/museliving.auxodev2.dk\/wp-content\/uploads\/websted-logo.png\",\"contentUrl\":\"https:\/\/museliving.auxodev2.dk\/wp-content\/uploads\/websted-logo.png\",\"width\":350,\"height\":100,\"caption\":\"Museliving\"},\"image\":{\"@id\":\"https:\/\/museliving.auxodev2.dk\/de\/#\/schema\/logo\/image\/\"}}]}<\/script>\n<!-- \/ Yoast SEO plugin. -->","yoast_head_json":{"title":"R\u00fcckgabe- und Erstattungsrichtlinie - museliving.eu","robots":{"index":"noindex","follow":"follow","max-snippet":"max-snippet:-1","max-image-preview":"max-image-preview:large","max-video-preview":"max-video-preview:-1"},"og_locale":"de_DE","og_type":"article","og_title":"R\u00fcckgabe- und Erstattungsrichtlinie - museliving.eu","og_url":"https:\/\/museliving.auxodev2.dk\/de\/rueckgabe-und-erstattungsrichtlinie\/","og_site_name":"museliving.eu","article_modified_time":"2025-09-04T13:41:34+00:00","twitter_card":"summary_large_image","schema":{"@context":"https:\/\/schema.org","@graph":[{"@type":"WebPage","@id":"https:\/\/museliving.auxodev2.dk\/de\/rueckgabe-und-erstattungsrichtlinie\/","url":"https:\/\/museliving.auxodev2.dk\/de\/rueckgabe-und-erstattungsrichtlinie\/","name":"R\u00fcckgabe- und Erstattungsrichtlinie - museliving.eu","isPartOf":{"@id":"https:\/\/museliving.auxodev2.dk\/de\/#website"},"datePublished":"2025-07-08T11:22:21+00:00","dateModified":"2025-09-04T13:41:34+00:00","breadcrumb":{"@id":"https:\/\/museliving.auxodev2.dk\/de\/rueckgabe-und-erstattungsrichtlinie\/#breadcrumb"},"inLanguage":"de-DE","potentialAction":[{"@type":"ReadAction","target":["https:\/\/museliving.auxodev2.dk\/de\/rueckgabe-und-erstattungsrichtlinie\/"]}]},{"@type":"BreadcrumbList","@id":"https:\/\/museliving.auxodev2.dk\/de\/rueckgabe-und-erstattungsrichtlinie\/#breadcrumb","itemListElement":[{"@type":"ListItem","position":1,"name":"Home","item":"https:\/\/museliving.auxodev2.dk\/de\/startseite\/"},{"@type":"ListItem","position":2,"name":"R\u00fcckgabe- und Erstattungsrichtlinie"}]},{"@type":"WebSite","@id":"https:\/\/museliving.auxodev2.dk\/de\/#website","url":"https:\/\/museliving.auxodev2.dk\/de\/","name":"museliving.eu","description":"","publisher":{"@id":"https:\/\/museliving.auxodev2.dk\/de\/#organization"},"potentialAction":[{"@type":"SearchAction","target":{"@type":"EntryPoint","urlTemplate":"https:\/\/museliving.auxodev2.dk\/de\/?s={search_term_string}"},"query-input":{"@type":"PropertyValueSpecification","valueRequired":true,"valueName":"search_term_string"}}],"inLanguage":"de-DE"},{"@type":"Organization","@id":"https:\/\/museliving.auxodev2.dk\/de\/#organization","name":"Museliving","url":"https:\/\/museliving.auxodev2.dk\/de\/","logo":{"@type":"ImageObject","inLanguage":"de-DE","@id":"https:\/\/museliving.auxodev2.dk\/de\/#\/schema\/logo\/image\/","url":"https:\/\/museliving.auxodev2.dk\/wp-content\/uploads\/websted-logo.png","contentUrl":"https:\/\/museliving.auxodev2.dk\/wp-content\/uploads\/websted-logo.png","width":350,"height":100,"caption":"Museliving"},"image":{"@id":"https:\/\/museliving.auxodev2.dk\/de\/#\/schema\/logo\/image\/"}}]}},"_links":{"self":[{"href":"https:\/\/museliving.auxodev2.dk\/de\/wp-json\/wp\/v2\/pages\/23818","targetHints":{"allow":["GET"]}}],"collection":[{"href":"https:\/\/museliving.auxodev2.dk\/de\/wp-json\/wp\/v2\/pages"}],"about":[{"href":"https:\/\/museliving.auxodev2.dk\/de\/wp-json\/wp\/v2\/types\/page"}],"author":[{"embeddable":true,"href":"https:\/\/museliving.auxodev2.dk\/de\/wp-json\/wp\/v2\/users\/1"}],"replies":[{"embeddable":true,"href":"https:\/\/museliving.auxodev2.dk\/de\/wp-json\/wp\/v2\/comments?post=23818"}],"version-history":[{"count":2,"href":"https:\/\/museliving.auxodev2.dk\/de\/wp-json\/wp\/v2\/pages\/23818\/revisions"}],"predecessor-version":[{"id":24012,"href":"https:\/\/museliving.auxodev2.dk\/de\/wp-json\/wp\/v2\/pages\/23818\/revisions\/24012"}],"wp:attachment":[{"href":"https:\/\/museliving.auxodev2.dk\/de\/wp-json\/wp\/v2\/media?parent=23818"}],"curies":[{"name":"wp","href":"https:\/\/api.w.org\/{rel}","templated":true}]}}