{"id":23816,"date":"2019-03-05T08:52:36","date_gmt":"2019-03-05T07:52:36","guid":{"rendered":"https:\/\/museliving.auxodev2.dk\/datenschutzrichtlinie-und-cookies\/"},"modified":"2025-08-24T08:24:03","modified_gmt":"2025-08-24T06:24:03","slug":"datenschutzrichtlinie-und-cookies","status":"publish","type":"page","link":"https:\/\/museliving.auxodev2.dk\/de\/datenschutzrichtlinie-und-cookies\/","title":{"rendered":"Datenschutzrichtlinie und Cookies"},"content":{"rendered":"\t\t<div data-elementor-type=\"wp-page\" data-elementor-id=\"23816\" class=\"elementor elementor-23816 elementor-3\" data-elementor-post-type=\"page\">\n\t\t\t\t<div class=\"elementor-element elementor-element-ea3bea7 e-con-full e-flex e-con e-parent\" data-id=\"ea3bea7\" data-element_type=\"container\">\n\t\t<div class=\"elementor-element elementor-element-9732559 e-flex e-con-boxed e-con e-child\" data-id=\"9732559\" data-element_type=\"container\" data-settings=\"{&quot;background_background&quot;:&quot;classic&quot;}\">\n\t\t\t\t\t<div class=\"e-con-inner\">\n\t\t<div class=\"elementor-element elementor-element-d597cbf e-con-full e-flex e-con e-child\" data-id=\"d597cbf\" data-element_type=\"container\">\n\t\t\t\t<\/div>\n\t\t\t\t\t<\/div>\n\t\t\t\t<\/div>\n\t\t\t\t<\/div>\n\t\t<div class=\"elementor-element elementor-element-3074681 e-flex e-con-boxed e-con e-parent\" data-id=\"3074681\" data-element_type=\"container\" data-settings=\"{&quot;background_background&quot;:&quot;classic&quot;}\">\n\t\t\t\t\t<div class=\"e-con-inner\">\n\t\t\t\t<div class=\"elementor-element elementor-element-4a9eb3f elementor-widget elementor-widget-text-editor\" data-id=\"4a9eb3f\" data-element_type=\"widget\" data-widget_type=\"text-editor.default\">\n\t\t\t\t\t\t\t\t\t<p>Museliving ben\u00f6tigt folgende Daten, wenn Sie bei uns einkaufen:<br>Name, Adresse, Telefonnummer und E-Mail-Adresse.<\/p><p>Zus\u00e4tzlich erfassen wir die IP-Adresse, von der aus ein Kauf get\u00e4tigt wird. Diese Daten werden normalerweise nicht verwendet, k\u00f6nnen aber in einer m\u00f6glichen polizeilichen Untersuchung eingesetzt werden. Die IP-Adresse wird so lange gespeichert, wie es im Zusammenhang mit einer m\u00f6glichen polizeilichen Untersuchung erforderlich ist. Alle falschen Bestellungen werden den zust\u00e4ndigen Beh\u00f6rden gemeldet.   <\/p><p>Wir erfassen und \u00fcbermitteln nur personenbezogene Daten, die erforderlich sind, um Ihnen das gekaufte Produkt zu liefern.<\/p><p>Die personenbezogenen Daten werden bei Museliving registriert und entsprechend der Buchhaltung f\u00fcr f\u00fcnf Jahre aufbewahrt. Nach Ablauf dieser Frist werden die Daten gel\u00f6scht. <\/p><p>Wir arbeiten auch mit einer Reihe externer Unternehmen zusammen, die Daten speichern und verarbeiten. Diese Unternehmen verarbeiten die Daten ausschlie\u00dflich in unserem Auftrag und d\u00fcrfen diese nicht f\u00fcr eigene Zwecke verwenden. <\/p><p>F\u00fcr elektronische Zahlungen wird ein sicheres Verschl\u00fcsselungsverfahren \u00fcber das E-Commerce-System verwendet.<\/p><p>Das Webshop-System verwendet sogenannte Cookies, um den Inhalt des Warenkorbs zu verwalten. Ein Cookie ist eine Datei, die in Ihrem Internetbrowser gespeichert wird. Wir verwenden diese Cookies, um Sie zu erkennen und beispielsweise zu speichern, welche Artikel sich im Warenkorb befinden, wenn Sie online bei Museliving einkaufen. Es ist auch m\u00f6glich, das System zu bitten, Ihre Adressdaten f\u00fcr den n\u00e4chsten Besuch zu speichern. Wenn Sie diese Daten l\u00f6schen m\u00f6chten, kann dies \u00fcber die Browsereinstellungen erfolgen. Dies geschieht beispielsweise im Internet Explorer \u00fcber das Men\u00fc \u201eExtras\u201c und den Men\u00fcpunkt \u201eInternetoptionen\u201c.     <\/p><p>Wir arbeiten nur mit Datenverarbeitern in der EU oder anderen L\u00e4ndern zusammen, die Ihre Daten ausreichend sch\u00fctzen k\u00f6nnen.<\/p><p>Der f\u00fcr die Datenverarbeitung bei www.museliving.eu Verantwortliche ist Jacob Fritsch.<\/p><p>Sie haben das Recht zu erfahren, welche Daten wir \u00fcber Sie verarbeiten.<\/p><p>Wenn Sie der Meinung sind, dass die Daten ungenau sind, haben Sie das Recht, deren Berichtigung zu verlangen. In einigen F\u00e4llen sind wir verpflichtet, Ihre personenbezogenen Daten auf Anfrage zu l\u00f6schen. Dies ist beispielsweise der Fall, wenn Ihre Daten f\u00fcr den Zweck, f\u00fcr den wir sie verwenden sollen, nicht mehr ben\u00f6tigt werden. Sie k\u00f6nnen uns auch kontaktieren, wenn Sie glauben, dass Ihre personenbezogenen Daten rechtswidrig verarbeitet werden. Schreiben Sie an Jacob unter: <a href=\"mailto:jf@museliving.eu\">jf@museliving.eu<\/a>    <\/p><p>Durch die Nutzung von www.museliving.eu stimmen Sie unserer Verwendung von Cookies zu. Wir verwenden Cookies, um Ihre Auswahl zu verfolgen (z. B. welche Artikel im Warenkorb liegen). Zus\u00e4tzlich verwenden wir Cookies, um Werbung auf externen Plattformen gezielt f\u00fcr Sie auszuspielen.  <\/p>\t\t\t\t\t\t\t\t<\/div>\n\t\t\t\t\t<\/div>\n\t\t\t\t<\/div>\n\t\t\t\t<\/div>\n\t\t","protected":false},"excerpt":{"rendered":"<p>Museliving ben\u00f6tigt folgende Daten, wenn Sie bei uns einkaufen:Name, Adresse, Telefonnummer und E-Mail-Adresse. Zus\u00e4tzlich erfassen wir die IP-Adresse, von der aus ein Kauf get\u00e4tigt wird. Diese Daten werden normalerweise nicht verwendet, k\u00f6nnen aber in einer m\u00f6glichen polizeilichen Untersuchung eingesetzt werden. Die IP-Adresse wird so lange gespeichert, wie es im Zusammenhang mit einer m\u00f6glichen polizeilichen Untersuchung [&hellip;]<\/p>\n","protected":false},"author":1,"featured_media":0,"parent":0,"menu_order":0,"comment_status":"closed","ping_status":"closed","template":"","meta":{"_acf_changed":false,"footnotes":""},"class_list":["post-23816","page","type-page","status-publish","hentry"],"acf":[],"yoast_head":"<!-- This site is optimized with the Yoast SEO plugin v26.9 - https:\/\/yoast.com\/product\/yoast-seo-wordpress\/ -->\n<title>Datenschutzrichtlinie und Cookies - museliving.eu<\/title>\n<meta name=\"robots\" content=\"noindex, follow, max-snippet:-1, max-image-preview:large, max-video-preview:-1\" \/>\n<meta property=\"og:locale\" content=\"de_DE\" \/>\n<meta property=\"og:type\" content=\"article\" \/>\n<meta property=\"og:title\" content=\"Datenschutzrichtlinie und Cookies - museliving.eu\" \/>\n<meta property=\"og:description\" content=\"Museliving ben\u00f6tigt folgende Daten, wenn Sie bei uns einkaufen:Name, Adresse, Telefonnummer und E-Mail-Adresse. Zus\u00e4tzlich erfassen wir die IP-Adresse, von der aus ein Kauf get\u00e4tigt wird. Diese Daten werden normalerweise nicht verwendet, k\u00f6nnen aber in einer m\u00f6glichen polizeilichen Untersuchung eingesetzt werden. Die IP-Adresse wird so lange gespeichert, wie es im Zusammenhang mit einer m\u00f6glichen polizeilichen Untersuchung [&hellip;]\" \/>\n<meta property=\"og:url\" content=\"https:\/\/museliving.auxodev2.dk\/de\/datenschutzrichtlinie-und-cookies\/\" \/>\n<meta property=\"og:site_name\" content=\"museliving.eu\" \/>\n<meta property=\"article:modified_time\" content=\"2025-08-24T06:24:03+00:00\" \/>\n<meta name=\"twitter:card\" content=\"summary_large_image\" \/>\n<meta name=\"twitter:label1\" content=\"Est. reading time\" \/>\n\t<meta name=\"twitter:data1\" content=\"2 minutes\" \/>\n<script type=\"application\/ld+json\" class=\"yoast-schema-graph\">{\"@context\":\"https:\/\/schema.org\",\"@graph\":[{\"@type\":\"WebPage\",\"@id\":\"https:\/\/museliving.auxodev2.dk\/de\/datenschutzrichtlinie-und-cookies\/\",\"url\":\"https:\/\/museliving.auxodev2.dk\/de\/datenschutzrichtlinie-und-cookies\/\",\"name\":\"Datenschutzrichtlinie und Cookies - museliving.eu\",\"isPartOf\":{\"@id\":\"https:\/\/museliving.auxodev2.dk\/de\/#website\"},\"datePublished\":\"2019-03-05T07:52:36+00:00\",\"dateModified\":\"2025-08-24T06:24:03+00:00\",\"breadcrumb\":{\"@id\":\"https:\/\/museliving.auxodev2.dk\/de\/datenschutzrichtlinie-und-cookies\/#breadcrumb\"},\"inLanguage\":\"de-DE\",\"potentialAction\":[{\"@type\":\"ReadAction\",\"target\":[\"https:\/\/museliving.auxodev2.dk\/de\/datenschutzrichtlinie-und-cookies\/\"]}]},{\"@type\":\"BreadcrumbList\",\"@id\":\"https:\/\/museliving.auxodev2.dk\/de\/datenschutzrichtlinie-und-cookies\/#breadcrumb\",\"itemListElement\":[{\"@type\":\"ListItem\",\"position\":1,\"name\":\"Home\",\"item\":\"https:\/\/museliving.auxodev2.dk\/de\/startseite\/\"},{\"@type\":\"ListItem\",\"position\":2,\"name\":\"Datenschutzrichtlinie und Cookies\"}]},{\"@type\":\"WebSite\",\"@id\":\"https:\/\/museliving.auxodev2.dk\/de\/#website\",\"url\":\"https:\/\/museliving.auxodev2.dk\/de\/\",\"name\":\"museliving.eu\",\"description\":\"\",\"publisher\":{\"@id\":\"https:\/\/museliving.auxodev2.dk\/de\/#organization\"},\"potentialAction\":[{\"@type\":\"SearchAction\",\"target\":{\"@type\":\"EntryPoint\",\"urlTemplate\":\"https:\/\/museliving.auxodev2.dk\/de\/?s={search_term_string}\"},\"query-input\":{\"@type\":\"PropertyValueSpecification\",\"valueRequired\":true,\"valueName\":\"search_term_string\"}}],\"inLanguage\":\"de-DE\"},{\"@type\":\"Organization\",\"@id\":\"https:\/\/museliving.auxodev2.dk\/de\/#organization\",\"name\":\"Museliving\",\"url\":\"https:\/\/museliving.auxodev2.dk\/de\/\",\"logo\":{\"@type\":\"ImageObject\",\"inLanguage\":\"de-DE\",\"@id\":\"https:\/\/museliving.auxodev2.dk\/de\/#\/schema\/logo\/image\/\",\"url\":\"https:\/\/museliving.auxodev2.dk\/wp-content\/uploads\/websted-logo.png\",\"contentUrl\":\"https:\/\/museliving.auxodev2.dk\/wp-content\/uploads\/websted-logo.png\",\"width\":350,\"height\":100,\"caption\":\"Museliving\"},\"image\":{\"@id\":\"https:\/\/museliving.auxodev2.dk\/de\/#\/schema\/logo\/image\/\"}}]}<\/script>\n<!-- \/ Yoast SEO plugin. -->","yoast_head_json":{"title":"Datenschutzrichtlinie und Cookies - museliving.eu","robots":{"index":"noindex","follow":"follow","max-snippet":"max-snippet:-1","max-image-preview":"max-image-preview:large","max-video-preview":"max-video-preview:-1"},"og_locale":"de_DE","og_type":"article","og_title":"Datenschutzrichtlinie und Cookies - museliving.eu","og_description":"Museliving ben\u00f6tigt folgende Daten, wenn Sie bei uns einkaufen:Name, Adresse, Telefonnummer und E-Mail-Adresse. Zus\u00e4tzlich erfassen wir die IP-Adresse, von der aus ein Kauf get\u00e4tigt wird. Diese Daten werden normalerweise nicht verwendet, k\u00f6nnen aber in einer m\u00f6glichen polizeilichen Untersuchung eingesetzt werden. Die IP-Adresse wird so lange gespeichert, wie es im Zusammenhang mit einer m\u00f6glichen polizeilichen Untersuchung [&hellip;]","og_url":"https:\/\/museliving.auxodev2.dk\/de\/datenschutzrichtlinie-und-cookies\/","og_site_name":"museliving.eu","article_modified_time":"2025-08-24T06:24:03+00:00","twitter_card":"summary_large_image","twitter_misc":{"Est. reading time":"2 minutes"},"schema":{"@context":"https:\/\/schema.org","@graph":[{"@type":"WebPage","@id":"https:\/\/museliving.auxodev2.dk\/de\/datenschutzrichtlinie-und-cookies\/","url":"https:\/\/museliving.auxodev2.dk\/de\/datenschutzrichtlinie-und-cookies\/","name":"Datenschutzrichtlinie und Cookies - museliving.eu","isPartOf":{"@id":"https:\/\/museliving.auxodev2.dk\/de\/#website"},"datePublished":"2019-03-05T07:52:36+00:00","dateModified":"2025-08-24T06:24:03+00:00","breadcrumb":{"@id":"https:\/\/museliving.auxodev2.dk\/de\/datenschutzrichtlinie-und-cookies\/#breadcrumb"},"inLanguage":"de-DE","potentialAction":[{"@type":"ReadAction","target":["https:\/\/museliving.auxodev2.dk\/de\/datenschutzrichtlinie-und-cookies\/"]}]},{"@type":"BreadcrumbList","@id":"https:\/\/museliving.auxodev2.dk\/de\/datenschutzrichtlinie-und-cookies\/#breadcrumb","itemListElement":[{"@type":"ListItem","position":1,"name":"Home","item":"https:\/\/museliving.auxodev2.dk\/de\/startseite\/"},{"@type":"ListItem","position":2,"name":"Datenschutzrichtlinie und Cookies"}]},{"@type":"WebSite","@id":"https:\/\/museliving.auxodev2.dk\/de\/#website","url":"https:\/\/museliving.auxodev2.dk\/de\/","name":"museliving.eu","description":"","publisher":{"@id":"https:\/\/museliving.auxodev2.dk\/de\/#organization"},"potentialAction":[{"@type":"SearchAction","target":{"@type":"EntryPoint","urlTemplate":"https:\/\/museliving.auxodev2.dk\/de\/?s={search_term_string}"},"query-input":{"@type":"PropertyValueSpecification","valueRequired":true,"valueName":"search_term_string"}}],"inLanguage":"de-DE"},{"@type":"Organization","@id":"https:\/\/museliving.auxodev2.dk\/de\/#organization","name":"Museliving","url":"https:\/\/museliving.auxodev2.dk\/de\/","logo":{"@type":"ImageObject","inLanguage":"de-DE","@id":"https:\/\/museliving.auxodev2.dk\/de\/#\/schema\/logo\/image\/","url":"https:\/\/museliving.auxodev2.dk\/wp-content\/uploads\/websted-logo.png","contentUrl":"https:\/\/museliving.auxodev2.dk\/wp-content\/uploads\/websted-logo.png","width":350,"height":100,"caption":"Museliving"},"image":{"@id":"https:\/\/museliving.auxodev2.dk\/de\/#\/schema\/logo\/image\/"}}]}},"_links":{"self":[{"href":"https:\/\/museliving.auxodev2.dk\/de\/wp-json\/wp\/v2\/pages\/23816","targetHints":{"allow":["GET"]}}],"collection":[{"href":"https:\/\/museliving.auxodev2.dk\/de\/wp-json\/wp\/v2\/pages"}],"about":[{"href":"https:\/\/museliving.auxodev2.dk\/de\/wp-json\/wp\/v2\/types\/page"}],"author":[{"embeddable":true,"href":"https:\/\/museliving.auxodev2.dk\/de\/wp-json\/wp\/v2\/users\/1"}],"replies":[{"embeddable":true,"href":"https:\/\/museliving.auxodev2.dk\/de\/wp-json\/wp\/v2\/comments?post=23816"}],"version-history":[{"count":3,"href":"https:\/\/museliving.auxodev2.dk\/de\/wp-json\/wp\/v2\/pages\/23816\/revisions"}],"predecessor-version":[{"id":24002,"href":"https:\/\/museliving.auxodev2.dk\/de\/wp-json\/wp\/v2\/pages\/23816\/revisions\/24002"}],"wp:attachment":[{"href":"https:\/\/museliving.auxodev2.dk\/de\/wp-json\/wp\/v2\/media?parent=23816"}],"curies":[{"name":"wp","href":"https:\/\/api.w.org\/{rel}","templated":true}]}}