{"id":23814,"date":"2025-07-07T09:13:47","date_gmt":"2025-07-07T07:13:47","guid":{"rendered":"https:\/\/museliving.auxodev2.dk\/zahlung\/"},"modified":"2025-08-24T08:21:43","modified_gmt":"2025-08-24T06:21:43","slug":"zahlung","status":"publish","type":"page","link":"https:\/\/museliving.auxodev2.dk\/de\/zahlung\/","title":{"rendered":"Zahlung"},"content":{"rendered":"\t\t<div data-elementor-type=\"wp-page\" data-elementor-id=\"23814\" class=\"elementor elementor-23814 elementor-4203\" data-elementor-post-type=\"page\">\n\t\t\t\t<div class=\"elementor-element elementor-element-8e1ab91 e-con-full e-flex e-con e-parent\" data-id=\"8e1ab91\" data-element_type=\"container\">\n\t\t<div class=\"elementor-element elementor-element-6d24a99 e-flex e-con-boxed e-con e-child\" data-id=\"6d24a99\" data-element_type=\"container\" data-settings=\"{&quot;background_background&quot;:&quot;classic&quot;}\">\n\t\t\t\t\t<div class=\"e-con-inner\">\n\t\t<div class=\"elementor-element elementor-element-0b9d2d6 e-con-full e-flex e-con e-child\" data-id=\"0b9d2d6\" data-element_type=\"container\">\n\t\t\t\t<\/div>\n\t\t\t\t\t<\/div>\n\t\t\t\t<\/div>\n\t\t\t\t<\/div>\n\t\t<div class=\"elementor-element elementor-element-f47722d e-flex e-con-boxed e-con e-parent\" data-id=\"f47722d\" data-element_type=\"container\" data-settings=\"{&quot;background_background&quot;:&quot;classic&quot;}\">\n\t\t\t\t\t<div class=\"e-con-inner\">\n\t\t<div class=\"elementor-element elementor-element-700f75c e-con-full e-flex e-con e-child\" data-id=\"700f75c\" data-element_type=\"container\">\n\t\t\t\t<div class=\"elementor-element elementor-element-371fe71 elementor-widget elementor-widget-heading\" data-id=\"371fe71\" data-element_type=\"widget\" data-widget_type=\"heading.default\">\n\t\t\t\t\t<h2 class=\"elementor-heading-title elementor-size-default\">Zahlung<\/h2>\t\t\t\t<\/div>\n\t\t\t\t<div class=\"elementor-element elementor-element-5c76a47 elementor-widget elementor-widget-text-editor\" data-id=\"5c76a47\" data-element_type=\"widget\" data-widget_type=\"text-editor.default\">\n\t\t\t\t\t\t\t\t\t<p>Museliving akzeptiert Zahlungen per MasterCard, Visa und JCB. Die Zahlung wird von Ihrem Konto abgebucht, sobald das\/die Produkt(e) versandt wurden.<br>Museliving verschl\u00fcsselt alle Ihre Kreditkartendaten mit dem sogenannten SSL (Secure Socket Layer)-Protokoll. Das bedeutet, dass Unbefugte Ihre Kartennummer oder andere Daten w\u00e4hrend der Transaktion mit PAYU nicht lesen k\u00f6nnen.  <\/p><p>Sie k\u00f6nnen auch per \u00dcberweisung auf unser Konto bei der Arbejdernes Landsbank bezahlen<br>Landem\u00e6rket 8<br>1119 Kopenhagen K, D\u00e4nemark:<br>Bankkonto: 5328 \u2013 0000247761<br>IBAN: DK2553280000247761<br>SWIFT: ALBADKKK<br>unter Angabe der Bestellnummer.<br>Diese Zahlungsmethode ist nicht durch das Widerspruchsverfahren abgedeckt.<\/p>\t\t\t\t\t\t\t\t<\/div>\n\t\t\t\t<\/div>\n\t\t<div class=\"elementor-element elementor-element-997d484 e-con-full e-flex e-con e-child\" data-id=\"997d484\" data-element_type=\"container\">\n\t\t\t\t<div class=\"elementor-element elementor-element-d7544b5 elementor-widget elementor-widget-heading\" data-id=\"d7544b5\" data-element_type=\"widget\" data-widget_type=\"heading.default\">\n\t\t\t\t\t<h2 class=\"elementor-heading-title elementor-size-default\">Wie man bei museliving.eu einkauft<\/h2>\t\t\t\t<\/div>\n\t\t\t\t<div class=\"elementor-element elementor-element-daad2d2 elementor-widget elementor-widget-text-editor\" data-id=\"daad2d2\" data-element_type=\"widget\" data-widget_type=\"text-editor.default\">\n\t\t\t\t\t\t\t\t\t<p>Kaufanleitung Schritt f\u00fcr Schritt:<\/p><ol class=\"wp-block-list\"><li>Finden Sie das gew\u00fcnschte Produkt\/den gew\u00fcnschten Artikel.<\/li><li>Legen Sie den Artikel in den Warenkorb, indem Sie auf das Symbol \u201eIn den Warenkorb\u201c klicken.<\/li><li>Sie k\u00f6nnen nun gerne weiterst\u00f6bern, wenn Sie m\u00f6chten.<\/li><li>Wenn Sie den Inhalt bereuen oder Korrekturen vornehmen m\u00f6chten, zum Beispiel die Anzahl der Artikel \u00e4ndern wollen, k\u00f6nnen Sie die L\u00f6schtaste verwenden oder die Anzahl im Feld korrigieren. Klicken Sie anschlie\u00dfend auf \u201eWarenkorb aktualisieren\u201c, um den Preis nach den \u00c4nderungen zu sehen. <\/li><li>Dann gehen Sie zur Kasse. Dr\u00fccken Sie den Button \u201eZur Kasse\u201c. <\/li><li>Auf dem n\u00e4chsten Bildschirm w\u00e4hlen Sie die Zahlungs- und Versandmethode aus.<\/li><li>Geben Sie nun Ihre Kundendaten und, falls gew\u00fcnscht, eine alternative Lieferadresse ein.<\/li><li>Best\u00e4tigen Sie die Bestellung \u2013 Zusammenfassung der Bestellung und \u00dcbersicht der eingegebenen Daten.<\/li><li>Ihre Bestellung wird erst versendet, wenn Sie auf \u201eBestellung abschicken\u201c klicken. Wenn Sie die Seite vorher verlassen, ist der Kaufvorgang nicht abgeschlossen. <\/li><li>Das System sendet Ihnen sofort eine Bestellbest\u00e4tigung an die bei der Kundendatenverarbeitung angegebene E-Mail-Adresse.<\/li><li>Sobald Ihre Bestellung bearbeitet wurde, erhalten Sie erneut eine elektronische Nachricht.<\/li><\/ol>\t\t\t\t\t\t\t\t<\/div>\n\t\t\t\t<\/div>\n\t\t<div class=\"elementor-element elementor-element-b59ff86 e-con-full e-flex e-con e-child\" data-id=\"b59ff86\" data-element_type=\"container\">\n\t\t\t\t<div class=\"elementor-element elementor-element-a6c9ba9 elementor-widget elementor-widget-heading\" data-id=\"a6c9ba9\" data-element_type=\"widget\" data-widget_type=\"heading.default\">\n\t\t\t\t\t<h3 class=\"elementor-heading-title elementor-size-default\">Besondere Bedingungen f\u00fcr den Gesch\u00e4ftskundenverkauf<\/h3>\t\t\t\t<\/div>\n\t\t\t\t<div class=\"elementor-element elementor-element-444ec2a elementor-widget elementor-widget-text-editor\" data-id=\"444ec2a\" data-element_type=\"widget\" data-widget_type=\"text-editor.default\">\n\t\t\t\t\t\t\t\t\t<p>Die gleichen Verkaufsbedingungen gelten wie f\u00fcr Verbraucher, jedoch mit folgenden \u00c4nderungen:<br>\u2022 Das Widerrufsrecht gilt nicht f\u00fcr Eink\u00e4ufe von H\u00e4ndlern bei Museliving.<br>\u2022 H\u00e4ndler haben ab Rechnungsdatum ein einj\u00e4hriges Recht auf Gew\u00e4hrleistungsanspr\u00fcche. Ersatz oder Reparatur f\u00fchren nicht zu einer neuen Gew\u00e4hrleistungsfrist. <br>\u2022 Museliving beh\u00e4lt das Eigentum an Waren, die auf Kredit gekauft wurden, bis der volle Kaufpreis bezahlt ist.<br>\u2022 Alle Kosten, die mit der Durchsetzung des Eigentumsvorbehalts verbunden sind, tr\u00e4gt der K\u00e4ufer.<br>\u2022 Ab dem F\u00e4lligkeitsdatum fallen Zinsen in H\u00f6he von 1 % pro begonnenem Monat an.<br>\u2022 Bei Nutzung der Garantie ist der K\u00e4ufer f\u00fcr den Versand des Produkts einschlie\u00dflich der Versandkosten verantwortlich.<br>\u2022 Sollte ein Defekt an Ihrem Produkt vorliegen, bietet Museliving LLC eine Nachbesserung oder einen Ersatz an, und Sie sind daran gehindert, vom Vertrag zur\u00fcckzutreten.<\/p><p>Das folgende Szenario bedeutet, dass die Bestellung (ohne Ausnahme) als Gesch\u00e4ftskauf gilt:<br>Angabe des Firmennamens und\/oder der USt-IdNr. bei der Bestellung auf der Website oder an die B2B-Vertriebsabteilung. (Sie k\u00f6nnen Ihr Paket jedoch privat an Ihren Arbeitsplatz liefern lassen. Wenn Sie dies w\u00fcnschen, nutzen Sie bitte das Feld f\u00fcr eine alternative Lieferadresse im Bestellvorgang auf der Website.) <\/p>\t\t\t\t\t\t\t\t<\/div>\n\t\t\t\t<\/div>\n\t\t\t\t\t<\/div>\n\t\t\t\t<\/div>\n\t\t\t\t<\/div>\n\t\t","protected":false},"excerpt":{"rendered":"<p>Zahlung Museliving akzeptiert Zahlungen per MasterCard, Visa und JCB. Die Zahlung wird von Ihrem Konto abgebucht, sobald das\/die Produkt(e) versandt wurden.Museliving verschl\u00fcsselt alle Ihre Kreditkartendaten mit dem sogenannten SSL (Secure Socket Layer)-Protokoll. Das bedeutet, dass Unbefugte Ihre Kartennummer oder andere Daten w\u00e4hrend der Transaktion mit PAYU nicht lesen k\u00f6nnen. Sie k\u00f6nnen auch per \u00dcberweisung auf [&hellip;]<\/p>\n","protected":false},"author":1,"featured_media":0,"parent":0,"menu_order":0,"comment_status":"closed","ping_status":"closed","template":"","meta":{"_acf_changed":false,"footnotes":""},"class_list":["post-23814","page","type-page","status-publish","hentry"],"acf":[],"yoast_head":"<!-- This site is optimized with the Yoast SEO plugin v26.9 - https:\/\/yoast.com\/product\/yoast-seo-wordpress\/ -->\n<title>Zahlung - museliving.eu<\/title>\n<meta name=\"robots\" content=\"noindex, follow, max-snippet:-1, max-image-preview:large, max-video-preview:-1\" \/>\n<meta property=\"og:locale\" content=\"de_DE\" \/>\n<meta property=\"og:type\" content=\"article\" \/>\n<meta property=\"og:title\" content=\"Zahlung - museliving.eu\" \/>\n<meta property=\"og:description\" content=\"Zahlung Museliving akzeptiert Zahlungen per MasterCard, Visa und JCB. Die Zahlung wird von Ihrem Konto abgebucht, sobald das\/die Produkt(e) versandt wurden.Museliving verschl\u00fcsselt alle Ihre Kreditkartendaten mit dem sogenannten SSL (Secure Socket Layer)-Protokoll. Das bedeutet, dass Unbefugte Ihre Kartennummer oder andere Daten w\u00e4hrend der Transaktion mit PAYU nicht lesen k\u00f6nnen. Sie k\u00f6nnen auch per \u00dcberweisung auf [&hellip;]\" \/>\n<meta property=\"og:url\" content=\"https:\/\/museliving.auxodev2.dk\/de\/zahlung\/\" \/>\n<meta property=\"og:site_name\" content=\"museliving.eu\" \/>\n<meta property=\"article:modified_time\" content=\"2025-08-24T06:21:43+00:00\" \/>\n<meta name=\"twitter:card\" content=\"summary_large_image\" \/>\n<meta name=\"twitter:label1\" content=\"Est. reading time\" \/>\n\t<meta name=\"twitter:data1\" content=\"2 minutes\" \/>\n<script type=\"application\/ld+json\" class=\"yoast-schema-graph\">{\"@context\":\"https:\/\/schema.org\",\"@graph\":[{\"@type\":\"WebPage\",\"@id\":\"https:\/\/museliving.auxodev2.dk\/de\/zahlung\/\",\"url\":\"https:\/\/museliving.auxodev2.dk\/de\/zahlung\/\",\"name\":\"Zahlung - museliving.eu\",\"isPartOf\":{\"@id\":\"https:\/\/museliving.auxodev2.dk\/de\/#website\"},\"datePublished\":\"2025-07-07T07:13:47+00:00\",\"dateModified\":\"2025-08-24T06:21:43+00:00\",\"breadcrumb\":{\"@id\":\"https:\/\/museliving.auxodev2.dk\/de\/zahlung\/#breadcrumb\"},\"inLanguage\":\"de-DE\",\"potentialAction\":[{\"@type\":\"ReadAction\",\"target\":[\"https:\/\/museliving.auxodev2.dk\/de\/zahlung\/\"]}]},{\"@type\":\"BreadcrumbList\",\"@id\":\"https:\/\/museliving.auxodev2.dk\/de\/zahlung\/#breadcrumb\",\"itemListElement\":[{\"@type\":\"ListItem\",\"position\":1,\"name\":\"Home\",\"item\":\"https:\/\/museliving.auxodev2.dk\/de\/startseite\/\"},{\"@type\":\"ListItem\",\"position\":2,\"name\":\"Zahlung\"}]},{\"@type\":\"WebSite\",\"@id\":\"https:\/\/museliving.auxodev2.dk\/de\/#website\",\"url\":\"https:\/\/museliving.auxodev2.dk\/de\/\",\"name\":\"museliving.eu\",\"description\":\"\",\"publisher\":{\"@id\":\"https:\/\/museliving.auxodev2.dk\/de\/#organization\"},\"potentialAction\":[{\"@type\":\"SearchAction\",\"target\":{\"@type\":\"EntryPoint\",\"urlTemplate\":\"https:\/\/museliving.auxodev2.dk\/de\/?s={search_term_string}\"},\"query-input\":{\"@type\":\"PropertyValueSpecification\",\"valueRequired\":true,\"valueName\":\"search_term_string\"}}],\"inLanguage\":\"de-DE\"},{\"@type\":\"Organization\",\"@id\":\"https:\/\/museliving.auxodev2.dk\/de\/#organization\",\"name\":\"Museliving\",\"url\":\"https:\/\/museliving.auxodev2.dk\/de\/\",\"logo\":{\"@type\":\"ImageObject\",\"inLanguage\":\"de-DE\",\"@id\":\"https:\/\/museliving.auxodev2.dk\/de\/#\/schema\/logo\/image\/\",\"url\":\"https:\/\/museliving.auxodev2.dk\/wp-content\/uploads\/websted-logo.png\",\"contentUrl\":\"https:\/\/museliving.auxodev2.dk\/wp-content\/uploads\/websted-logo.png\",\"width\":350,\"height\":100,\"caption\":\"Museliving\"},\"image\":{\"@id\":\"https:\/\/museliving.auxodev2.dk\/de\/#\/schema\/logo\/image\/\"}}]}<\/script>\n<!-- \/ Yoast SEO plugin. -->","yoast_head_json":{"title":"Zahlung - museliving.eu","robots":{"index":"noindex","follow":"follow","max-snippet":"max-snippet:-1","max-image-preview":"max-image-preview:large","max-video-preview":"max-video-preview:-1"},"og_locale":"de_DE","og_type":"article","og_title":"Zahlung - museliving.eu","og_description":"Zahlung Museliving akzeptiert Zahlungen per MasterCard, Visa und JCB. Die Zahlung wird von Ihrem Konto abgebucht, sobald das\/die Produkt(e) versandt wurden.Museliving verschl\u00fcsselt alle Ihre Kreditkartendaten mit dem sogenannten SSL (Secure Socket Layer)-Protokoll. Das bedeutet, dass Unbefugte Ihre Kartennummer oder andere Daten w\u00e4hrend der Transaktion mit PAYU nicht lesen k\u00f6nnen. Sie k\u00f6nnen auch per \u00dcberweisung auf [&hellip;]","og_url":"https:\/\/museliving.auxodev2.dk\/de\/zahlung\/","og_site_name":"museliving.eu","article_modified_time":"2025-08-24T06:21:43+00:00","twitter_card":"summary_large_image","twitter_misc":{"Est. reading time":"2 minutes"},"schema":{"@context":"https:\/\/schema.org","@graph":[{"@type":"WebPage","@id":"https:\/\/museliving.auxodev2.dk\/de\/zahlung\/","url":"https:\/\/museliving.auxodev2.dk\/de\/zahlung\/","name":"Zahlung - museliving.eu","isPartOf":{"@id":"https:\/\/museliving.auxodev2.dk\/de\/#website"},"datePublished":"2025-07-07T07:13:47+00:00","dateModified":"2025-08-24T06:21:43+00:00","breadcrumb":{"@id":"https:\/\/museliving.auxodev2.dk\/de\/zahlung\/#breadcrumb"},"inLanguage":"de-DE","potentialAction":[{"@type":"ReadAction","target":["https:\/\/museliving.auxodev2.dk\/de\/zahlung\/"]}]},{"@type":"BreadcrumbList","@id":"https:\/\/museliving.auxodev2.dk\/de\/zahlung\/#breadcrumb","itemListElement":[{"@type":"ListItem","position":1,"name":"Home","item":"https:\/\/museliving.auxodev2.dk\/de\/startseite\/"},{"@type":"ListItem","position":2,"name":"Zahlung"}]},{"@type":"WebSite","@id":"https:\/\/museliving.auxodev2.dk\/de\/#website","url":"https:\/\/museliving.auxodev2.dk\/de\/","name":"museliving.eu","description":"","publisher":{"@id":"https:\/\/museliving.auxodev2.dk\/de\/#organization"},"potentialAction":[{"@type":"SearchAction","target":{"@type":"EntryPoint","urlTemplate":"https:\/\/museliving.auxodev2.dk\/de\/?s={search_term_string}"},"query-input":{"@type":"PropertyValueSpecification","valueRequired":true,"valueName":"search_term_string"}}],"inLanguage":"de-DE"},{"@type":"Organization","@id":"https:\/\/museliving.auxodev2.dk\/de\/#organization","name":"Museliving","url":"https:\/\/museliving.auxodev2.dk\/de\/","logo":{"@type":"ImageObject","inLanguage":"de-DE","@id":"https:\/\/museliving.auxodev2.dk\/de\/#\/schema\/logo\/image\/","url":"https:\/\/museliving.auxodev2.dk\/wp-content\/uploads\/websted-logo.png","contentUrl":"https:\/\/museliving.auxodev2.dk\/wp-content\/uploads\/websted-logo.png","width":350,"height":100,"caption":"Museliving"},"image":{"@id":"https:\/\/museliving.auxodev2.dk\/de\/#\/schema\/logo\/image\/"}}]}},"_links":{"self":[{"href":"https:\/\/museliving.auxodev2.dk\/de\/wp-json\/wp\/v2\/pages\/23814","targetHints":{"allow":["GET"]}}],"collection":[{"href":"https:\/\/museliving.auxodev2.dk\/de\/wp-json\/wp\/v2\/pages"}],"about":[{"href":"https:\/\/museliving.auxodev2.dk\/de\/wp-json\/wp\/v2\/types\/page"}],"author":[{"embeddable":true,"href":"https:\/\/museliving.auxodev2.dk\/de\/wp-json\/wp\/v2\/users\/1"}],"replies":[{"embeddable":true,"href":"https:\/\/museliving.auxodev2.dk\/de\/wp-json\/wp\/v2\/comments?post=23814"}],"version-history":[{"count":3,"href":"https:\/\/museliving.auxodev2.dk\/de\/wp-json\/wp\/v2\/pages\/23814\/revisions"}],"predecessor-version":[{"id":23998,"href":"https:\/\/museliving.auxodev2.dk\/de\/wp-json\/wp\/v2\/pages\/23814\/revisions\/23998"}],"wp:attachment":[{"href":"https:\/\/museliving.auxodev2.dk\/de\/wp-json\/wp\/v2\/media?parent=23814"}],"curies":[{"name":"wp","href":"https:\/\/api.w.org\/{rel}","templated":true}]}}