{"id":23804,"date":"2025-07-07T09:13:57","date_gmt":"2025-07-07T07:13:57","guid":{"rendered":"https:\/\/museliving.auxodev2.dk\/lieferung\/"},"modified":"2025-08-24T08:17:28","modified_gmt":"2025-08-24T06:17:28","slug":"lieferung","status":"publish","type":"page","link":"https:\/\/museliving.auxodev2.dk\/de\/lieferung\/","title":{"rendered":"Lieferung"},"content":{"rendered":"\t\t<div data-elementor-type=\"wp-page\" data-elementor-id=\"23804\" class=\"elementor elementor-23804 elementor-4205\" data-elementor-post-type=\"page\">\n\t\t\t\t<div class=\"elementor-element elementor-element-ad34d84 e-con-full e-flex e-con e-parent\" data-id=\"ad34d84\" data-element_type=\"container\">\n\t\t<div class=\"elementor-element elementor-element-d1e8c59 e-flex e-con-boxed e-con e-child\" data-id=\"d1e8c59\" data-element_type=\"container\" data-settings=\"{&quot;background_background&quot;:&quot;classic&quot;}\">\n\t\t\t\t\t<div class=\"e-con-inner\">\n\t\t<div class=\"elementor-element elementor-element-fb928b3 e-con-full e-flex e-con e-child\" data-id=\"fb928b3\" data-element_type=\"container\">\n\t\t\t\t<\/div>\n\t\t\t\t\t<\/div>\n\t\t\t\t<\/div>\n\t\t\t\t<\/div>\n\t\t<div class=\"elementor-element elementor-element-d4c2800 e-flex e-con-boxed e-con e-parent\" data-id=\"d4c2800\" data-element_type=\"container\" data-settings=\"{&quot;background_background&quot;:&quot;classic&quot;}\">\n\t\t\t\t\t<div class=\"e-con-inner\">\n\t\t<div class=\"elementor-element elementor-element-883fe7a e-con-full e-flex e-con e-child\" data-id=\"883fe7a\" data-element_type=\"container\">\n\t\t\t\t<div class=\"elementor-element elementor-element-1cc1628 elementor-widget elementor-widget-heading\" data-id=\"1cc1628\" data-element_type=\"widget\" data-widget_type=\"heading.default\">\n\t\t\t\t\t<h2 class=\"elementor-heading-title elementor-size-default\">Lieferung<\/h2>\t\t\t\t<\/div>\n\t\t\t\t<div class=\"elementor-element elementor-element-6fe7fff elementor-widget elementor-widget-text-editor\" data-id=\"6fe7fff\" data-element_type=\"widget\" data-widget_type=\"text-editor.default\">\n\t\t\t\t\t\t\t\t\t<p>Die Waren werden in der Regel noch am selben Tag versendet, wenn sie vorr\u00e4tig sind und die Bestellung sp\u00e4testens um 12:00 Uhr (Mittag) MEZ eingegangen ist.<\/p><p>Die spezifische Lieferzeit wird bei dem jeweiligen Artikel im Webshop angegeben und basiert auf einer Bestellung, die sp\u00e4testens um 12:00 Uhr MEZ eingeht. Wenn die Bestellung nach 12:00 Uhr MEZ aufgegeben wird, erfolgt der Versand am n\u00e4chsten Werktag. Wenn die Waren nicht vorr\u00e4tig sind, betr\u00e4gt die Lieferzeit in der Regel 1-3 Wochen. Wir senden immer so schnell wie m\u00f6glich eine E-Mail \u00fcber die voraussichtliche Lieferzeit.   <\/p><p>Museliving bietet Lieferung mit Truck, GLS oder DSV an, falls Sie Ihre Bestellung nicht selbst abholen m\u00f6chten.<\/p><p>Bei Lieferung an eine Hausadresse und wenn Sie angegeben haben, wo das Paket abgestellt werden kann, gehen das Risiko und die Verantwortung auf Sie \u00fcber, sobald das Paket geliefert wurde. Wenn Sie angeben, wo das Paket im Falle einer Lieferung an die Haust\u00fcr abgelegt werden kann, ist es wichtig, dass der Spediteur mit einem normalen Palettenhubwagen leicht Zugang hat. <\/p>\t\t\t\t\t\t\t\t<\/div>\n\t\t\t\t<\/div>\n\t\t<div class=\"elementor-element elementor-element-5680f9d e-con-full e-flex e-con e-child\" data-id=\"5680f9d\" data-element_type=\"container\">\n\t\t\t\t<div class=\"elementor-element elementor-element-e733cf4 elementor-widget elementor-widget-heading\" data-id=\"e733cf4\" data-element_type=\"widget\" data-widget_type=\"heading.default\">\n\t\t\t\t\t<h3 class=\"elementor-heading-title elementor-size-default\">Bez\u00fcglich der erneuten Lieferung<\/h3>\t\t\t\t<\/div>\n\t\t\t\t<div class=\"elementor-element elementor-element-b3859c0 elementor-widget elementor-widget-text-editor\" data-id=\"b3859c0\" data-element_type=\"widget\" data-widget_type=\"text-editor.default\">\n\t\t\t\t\t\t\t\t\t<p>Wenn niemand an der Lieferadresse ist, um die Waren entgegenzunehmen, und wenn Sie keine Vereinbarung getroffen haben, dass die Waren an der Adresse abgelegt werden k\u00f6nnen, wird der Spediteur die Waren zur\u00fccknehmen und einen erneuten Lieferversuch unternehmen. Wenn Sie die Annahme verweigern, um die Bestellung zu einem sp\u00e4teren Zeitpunkt ohne eine Vereinbarung mit Museliving zu liefern, wird dies ebenfalls als erneute Lieferung betrachtet. Der Preis f\u00fcr eine erneute Lieferung betr\u00e4gt 30 EURO.  <\/p><p>Wenn Sie eine Lieferung zu einer bestimmten Uhrzeit oder au\u00dferhalb der Zeit von 8:00 bis 16:00 Uhr w\u00fcnschen, kann dies gegen Aufpreis arrangiert werden.<\/p>\t\t\t\t\t\t\t\t<\/div>\n\t\t\t\t<\/div>\n\t\t\t\t\t<\/div>\n\t\t\t\t<\/div>\n\t\t\t\t<\/div>\n\t\t","protected":false},"excerpt":{"rendered":"<p>Lieferung Die Waren werden in der Regel noch am selben Tag versendet, wenn sie vorr\u00e4tig sind und die Bestellung sp\u00e4testens um 12:00 Uhr (Mittag) MEZ eingegangen ist. Die spezifische Lieferzeit wird bei dem jeweiligen Artikel im Webshop angegeben und basiert auf einer Bestellung, die sp\u00e4testens um 12:00 Uhr MEZ eingeht. Wenn die Bestellung nach 12:00 [&hellip;]<\/p>\n","protected":false},"author":1,"featured_media":0,"parent":0,"menu_order":0,"comment_status":"closed","ping_status":"closed","template":"","meta":{"_acf_changed":false,"footnotes":""},"class_list":["post-23804","page","type-page","status-publish","hentry"],"acf":[],"yoast_head":"<!-- This site is optimized with the Yoast SEO plugin v26.9 - https:\/\/yoast.com\/product\/yoast-seo-wordpress\/ -->\n<title>Lieferung - museliving.eu<\/title>\n<meta name=\"robots\" content=\"noindex, follow, max-snippet:-1, max-image-preview:large, max-video-preview:-1\" \/>\n<meta property=\"og:locale\" content=\"de_DE\" \/>\n<meta property=\"og:type\" content=\"article\" \/>\n<meta property=\"og:title\" content=\"Lieferung - museliving.eu\" \/>\n<meta property=\"og:description\" content=\"Lieferung Die Waren werden in der Regel noch am selben Tag versendet, wenn sie vorr\u00e4tig sind und die Bestellung sp\u00e4testens um 12:00 Uhr (Mittag) MEZ eingegangen ist. Die spezifische Lieferzeit wird bei dem jeweiligen Artikel im Webshop angegeben und basiert auf einer Bestellung, die sp\u00e4testens um 12:00 Uhr MEZ eingeht. Wenn die Bestellung nach 12:00 [&hellip;]\" \/>\n<meta property=\"og:url\" content=\"https:\/\/museliving.auxodev2.dk\/de\/lieferung\/\" \/>\n<meta property=\"og:site_name\" content=\"museliving.eu\" \/>\n<meta property=\"article:modified_time\" content=\"2025-08-24T06:17:28+00:00\" \/>\n<meta name=\"twitter:card\" content=\"summary_large_image\" \/>\n<meta name=\"twitter:label1\" content=\"Est. reading time\" \/>\n\t<meta name=\"twitter:data1\" content=\"1 minute\" \/>\n<script type=\"application\/ld+json\" class=\"yoast-schema-graph\">{\"@context\":\"https:\/\/schema.org\",\"@graph\":[{\"@type\":\"WebPage\",\"@id\":\"https:\/\/museliving.auxodev2.dk\/de\/lieferung\/\",\"url\":\"https:\/\/museliving.auxodev2.dk\/de\/lieferung\/\",\"name\":\"Lieferung - museliving.eu\",\"isPartOf\":{\"@id\":\"https:\/\/museliving.auxodev2.dk\/de\/#website\"},\"datePublished\":\"2025-07-07T07:13:57+00:00\",\"dateModified\":\"2025-08-24T06:17:28+00:00\",\"breadcrumb\":{\"@id\":\"https:\/\/museliving.auxodev2.dk\/de\/lieferung\/#breadcrumb\"},\"inLanguage\":\"de-DE\",\"potentialAction\":[{\"@type\":\"ReadAction\",\"target\":[\"https:\/\/museliving.auxodev2.dk\/de\/lieferung\/\"]}]},{\"@type\":\"BreadcrumbList\",\"@id\":\"https:\/\/museliving.auxodev2.dk\/de\/lieferung\/#breadcrumb\",\"itemListElement\":[{\"@type\":\"ListItem\",\"position\":1,\"name\":\"Home\",\"item\":\"https:\/\/museliving.auxodev2.dk\/de\/startseite\/\"},{\"@type\":\"ListItem\",\"position\":2,\"name\":\"Lieferung\"}]},{\"@type\":\"WebSite\",\"@id\":\"https:\/\/museliving.auxodev2.dk\/de\/#website\",\"url\":\"https:\/\/museliving.auxodev2.dk\/de\/\",\"name\":\"museliving.eu\",\"description\":\"\",\"publisher\":{\"@id\":\"https:\/\/museliving.auxodev2.dk\/de\/#organization\"},\"potentialAction\":[{\"@type\":\"SearchAction\",\"target\":{\"@type\":\"EntryPoint\",\"urlTemplate\":\"https:\/\/museliving.auxodev2.dk\/de\/?s={search_term_string}\"},\"query-input\":{\"@type\":\"PropertyValueSpecification\",\"valueRequired\":true,\"valueName\":\"search_term_string\"}}],\"inLanguage\":\"de-DE\"},{\"@type\":\"Organization\",\"@id\":\"https:\/\/museliving.auxodev2.dk\/de\/#organization\",\"name\":\"Museliving\",\"url\":\"https:\/\/museliving.auxodev2.dk\/de\/\",\"logo\":{\"@type\":\"ImageObject\",\"inLanguage\":\"de-DE\",\"@id\":\"https:\/\/museliving.auxodev2.dk\/de\/#\/schema\/logo\/image\/\",\"url\":\"https:\/\/museliving.auxodev2.dk\/wp-content\/uploads\/websted-logo.png\",\"contentUrl\":\"https:\/\/museliving.auxodev2.dk\/wp-content\/uploads\/websted-logo.png\",\"width\":350,\"height\":100,\"caption\":\"Museliving\"},\"image\":{\"@id\":\"https:\/\/museliving.auxodev2.dk\/de\/#\/schema\/logo\/image\/\"}}]}<\/script>\n<!-- \/ Yoast SEO plugin. -->","yoast_head_json":{"title":"Lieferung - museliving.eu","robots":{"index":"noindex","follow":"follow","max-snippet":"max-snippet:-1","max-image-preview":"max-image-preview:large","max-video-preview":"max-video-preview:-1"},"og_locale":"de_DE","og_type":"article","og_title":"Lieferung - museliving.eu","og_description":"Lieferung Die Waren werden in der Regel noch am selben Tag versendet, wenn sie vorr\u00e4tig sind und die Bestellung sp\u00e4testens um 12:00 Uhr (Mittag) MEZ eingegangen ist. Die spezifische Lieferzeit wird bei dem jeweiligen Artikel im Webshop angegeben und basiert auf einer Bestellung, die sp\u00e4testens um 12:00 Uhr MEZ eingeht. Wenn die Bestellung nach 12:00 [&hellip;]","og_url":"https:\/\/museliving.auxodev2.dk\/de\/lieferung\/","og_site_name":"museliving.eu","article_modified_time":"2025-08-24T06:17:28+00:00","twitter_card":"summary_large_image","twitter_misc":{"Est. reading time":"1 minute"},"schema":{"@context":"https:\/\/schema.org","@graph":[{"@type":"WebPage","@id":"https:\/\/museliving.auxodev2.dk\/de\/lieferung\/","url":"https:\/\/museliving.auxodev2.dk\/de\/lieferung\/","name":"Lieferung - museliving.eu","isPartOf":{"@id":"https:\/\/museliving.auxodev2.dk\/de\/#website"},"datePublished":"2025-07-07T07:13:57+00:00","dateModified":"2025-08-24T06:17:28+00:00","breadcrumb":{"@id":"https:\/\/museliving.auxodev2.dk\/de\/lieferung\/#breadcrumb"},"inLanguage":"de-DE","potentialAction":[{"@type":"ReadAction","target":["https:\/\/museliving.auxodev2.dk\/de\/lieferung\/"]}]},{"@type":"BreadcrumbList","@id":"https:\/\/museliving.auxodev2.dk\/de\/lieferung\/#breadcrumb","itemListElement":[{"@type":"ListItem","position":1,"name":"Home","item":"https:\/\/museliving.auxodev2.dk\/de\/startseite\/"},{"@type":"ListItem","position":2,"name":"Lieferung"}]},{"@type":"WebSite","@id":"https:\/\/museliving.auxodev2.dk\/de\/#website","url":"https:\/\/museliving.auxodev2.dk\/de\/","name":"museliving.eu","description":"","publisher":{"@id":"https:\/\/museliving.auxodev2.dk\/de\/#organization"},"potentialAction":[{"@type":"SearchAction","target":{"@type":"EntryPoint","urlTemplate":"https:\/\/museliving.auxodev2.dk\/de\/?s={search_term_string}"},"query-input":{"@type":"PropertyValueSpecification","valueRequired":true,"valueName":"search_term_string"}}],"inLanguage":"de-DE"},{"@type":"Organization","@id":"https:\/\/museliving.auxodev2.dk\/de\/#organization","name":"Museliving","url":"https:\/\/museliving.auxodev2.dk\/de\/","logo":{"@type":"ImageObject","inLanguage":"de-DE","@id":"https:\/\/museliving.auxodev2.dk\/de\/#\/schema\/logo\/image\/","url":"https:\/\/museliving.auxodev2.dk\/wp-content\/uploads\/websted-logo.png","contentUrl":"https:\/\/museliving.auxodev2.dk\/wp-content\/uploads\/websted-logo.png","width":350,"height":100,"caption":"Museliving"},"image":{"@id":"https:\/\/museliving.auxodev2.dk\/de\/#\/schema\/logo\/image\/"}}]}},"_links":{"self":[{"href":"https:\/\/museliving.auxodev2.dk\/de\/wp-json\/wp\/v2\/pages\/23804","targetHints":{"allow":["GET"]}}],"collection":[{"href":"https:\/\/museliving.auxodev2.dk\/de\/wp-json\/wp\/v2\/pages"}],"about":[{"href":"https:\/\/museliving.auxodev2.dk\/de\/wp-json\/wp\/v2\/types\/page"}],"author":[{"embeddable":true,"href":"https:\/\/museliving.auxodev2.dk\/de\/wp-json\/wp\/v2\/users\/1"}],"replies":[{"embeddable":true,"href":"https:\/\/museliving.auxodev2.dk\/de\/wp-json\/wp\/v2\/comments?post=23804"}],"version-history":[{"count":3,"href":"https:\/\/museliving.auxodev2.dk\/de\/wp-json\/wp\/v2\/pages\/23804\/revisions"}],"predecessor-version":[{"id":23971,"href":"https:\/\/museliving.auxodev2.dk\/de\/wp-json\/wp\/v2\/pages\/23804\/revisions\/23971"}],"wp:attachment":[{"href":"https:\/\/museliving.auxodev2.dk\/de\/wp-json\/wp\/v2\/media?parent=23804"}],"curies":[{"name":"wp","href":"https:\/\/api.w.org\/{rel}","templated":true}]}}