{"id":23729,"date":"2023-09-14T09:33:08","date_gmt":"2023-09-14T07:33:08","guid":{"rendered":"https:\/\/museliving.auxodev2.dk\/ueber-uns\/"},"modified":"2025-08-24T08:13:53","modified_gmt":"2025-08-24T06:13:53","slug":"ueber-uns","status":"publish","type":"page","link":"https:\/\/museliving.auxodev2.dk\/de\/ueber-uns\/","title":{"rendered":"\u00dcber uns"},"content":{"rendered":"\t\t<div data-elementor-type=\"wp-post\" data-elementor-id=\"23729\" class=\"elementor elementor-23729 elementor-1973\" data-elementor-post-type=\"page\">\n\t\t\t\t<div class=\"elementor-element elementor-element-287b847 e-con-full e-flex e-con e-parent\" data-id=\"287b847\" data-element_type=\"container\">\n\t\t<div class=\"elementor-element elementor-element-81f7805 e-flex e-con-boxed e-con e-child\" data-id=\"81f7805\" data-element_type=\"container\" data-settings=\"{&quot;background_background&quot;:&quot;classic&quot;}\">\n\t\t\t\t\t<div class=\"e-con-inner\">\n\t\t<div class=\"elementor-element elementor-element-171f7e5 e-con-full e-flex e-con e-child\" data-id=\"171f7e5\" data-element_type=\"container\">\n\t\t\t\t<div class=\"elementor-element elementor-element-4a2ca1c elementor-widget elementor-widget-heading\" data-id=\"4a2ca1c\" data-element_type=\"widget\" data-widget_type=\"heading.default\">\n\t\t\t\t\t<h1 class=\"elementor-heading-title elementor-size-default\">\u00dcber Museliving<\/h1>\t\t\t\t<\/div>\n\t\t\t\t<\/div>\n\t\t\t\t\t<\/div>\n\t\t\t\t<\/div>\n\t\t\t\t<\/div>\n\t\t<div class=\"elementor-element elementor-element-bf59d79 e-flex e-con-boxed e-con e-parent\" data-id=\"bf59d79\" data-element_type=\"container\">\n\t\t\t\t\t<div class=\"e-con-inner\">\n\t\t\t\t<div class=\"elementor-element elementor-element-8d66788 elementor-widget__width-initial elementor-widget elementor-widget-heading\" data-id=\"8d66788\" data-element_type=\"widget\" data-widget_type=\"heading.default\">\n\t\t\t\t\t<h2 class=\"elementor-heading-title elementor-size-default\">Der Ursprung von Museliving<\/h2>\t\t\t\t<\/div>\n\t\t<div class=\"elementor-element elementor-element-154c644 e-con-full e-flex e-con e-child\" data-id=\"154c644\" data-element_type=\"container\">\n\t\t\t\t<div class=\"elementor-element elementor-element-a8a0286 elementor-widget elementor-widget-text-editor\" data-id=\"a8a0286\" data-element_type=\"widget\" data-widget_type=\"text-editor.default\">\n\t\t\t\t\t\t\t\t\t<p>Unsere Wurzeln reichen bis ins Jahr 2017 zur\u00fcck. Hier wurde der erste Samen f\u00fcr das Unternehmen ges\u00e4t, und seither sind wir Jahr f\u00fcr Jahr gr\u00f6\u00dfer geworden. Wir arbeiten jeden Tag hart daran, nordisches Design in Holz zu produzieren, das wir an Partner in ganz Europa liefern.<\/p><p>In den letzten Jahren haben wir eine gro\u00dfe Nachfrage und ein gro\u00dfes Interesse an unseren Produkten verzeichnet, so dass wir heute ca. 50 Mitarbeiter und ein steigender Umsatz.<\/p>\t\t\t\t\t\t\t\t<\/div>\n\t\t\t\t<div class=\"elementor-element elementor-element-54bbc1d elementor-widget elementor-widget-button\" data-id=\"54bbc1d\" data-element_type=\"widget\" data-widget_type=\"button.default\">\n\t\t\t\t\t\t\t\t\t\t<a class=\"elementor-button elementor-button-link elementor-size-sm\" href=\"https:\/\/museliving.auxodev2.dk\/de\/shop\/\">\n\t\t\t\t\t\t<span class=\"elementor-button-content-wrapper\">\n\t\t\t\t\t\t<span class=\"elementor-button-icon\">\n\t\t\t\t<i aria-hidden=\"true\" class=\"far fa-long-arrow-right\"><\/i>\t\t\t<\/span>\n\t\t\t\t\t\t\t\t\t<span class=\"elementor-button-text\">Produkte erforschen<\/span>\n\t\t\t\t\t<\/span>\n\t\t\t\t\t<\/a>\n\t\t\t\t\t\t\t\t<\/div>\n\t\t\t\t<\/div>\n\t\t\t\t\t<\/div>\n\t\t\t\t<\/div>\n\t\t<div class=\"elementor-element elementor-element-dc05494 e-flex e-con-boxed e-con e-parent\" data-id=\"dc05494\" data-element_type=\"container\">\n\t\t\t\t\t<div class=\"e-con-inner\">\n\t\t<div class=\"elementor-element elementor-element-037b2c4 e-con-full e-flex e-con e-child\" data-id=\"037b2c4\" data-element_type=\"container\">\n\t\t<a class=\"elementor-element elementor-element-6286db7 e-con-full e-flex e-con e-child\" data-id=\"6286db7\" data-element_type=\"container\" data-settings=\"{&quot;background_background&quot;:&quot;classic&quot;}\" href=\"https:\/\/museliving.auxodev2.dk\/de\/category\/wine-racks\/\">\n\t\t\t\t<div class=\"elementor-element elementor-element-bbac41b elementor-widget elementor-widget-heading\" data-id=\"bbac41b\" data-element_type=\"widget\" data-widget_type=\"heading.default\">\n\t\t\t\t\t<h2 class=\"elementor-heading-title elementor-size-default\">Weinregale<\/h2>\t\t\t\t<\/div>\n\t\t\t\t<div class=\"elementor-element elementor-element-b185f4d elementor-widget elementor-widget-aveo_alternative-button\" data-id=\"b185f4d\" data-element_type=\"widget\" data-widget_type=\"aveo_alternative-button.default\">\n\t\t\t\t<div class=\"elementor-widget-container\">\n\t\t\t\t\t\n        <div class=\"aveo-elementor-button-wrapper button-alignment-center\" style=\"display: flex;\">\n        <div class=\"aveo-elementor-button icon-alignment-right elementor-animation-\" id=\"\">\n                See products<i class=\"far fa-long-arrow-right\"><\/i>\n            <\/div>\n        <\/div>\t\t\t\t<\/div>\n\t\t\t\t<\/div>\n\t\t\t\t<\/a>\n\t\t<a class=\"elementor-element elementor-element-a433dd5 e-con-full e-flex e-con e-child\" data-id=\"a433dd5\" data-element_type=\"container\" data-settings=\"{&quot;background_background&quot;:&quot;classic&quot;}\" href=\"https:\/\/museliving.auxodev2.dk\/de\/category\/furniture\/\">\n\t\t\t\t<div class=\"elementor-element elementor-element-434a68a elementor-widget elementor-widget-heading\" data-id=\"434a68a\" data-element_type=\"widget\" data-widget_type=\"heading.default\">\n\t\t\t\t\t<h2 class=\"elementor-heading-title elementor-size-default\">M\u00f6bel<\/h2>\t\t\t\t<\/div>\n\t\t\t\t<div class=\"elementor-element elementor-element-95187ae elementor-widget elementor-widget-aveo_alternative-button\" data-id=\"95187ae\" data-element_type=\"widget\" data-widget_type=\"aveo_alternative-button.default\">\n\t\t\t\t<div class=\"elementor-widget-container\">\n\t\t\t\t\t\n        <div class=\"aveo-elementor-button-wrapper button-alignment-center\" style=\"display: flex;\">\n        <div class=\"aveo-elementor-button icon-alignment-right elementor-animation-\" id=\"\">\n                See products<i class=\"far fa-long-arrow-right\"><\/i>\n            <\/div>\n        <\/div>\t\t\t\t<\/div>\n\t\t\t\t<\/div>\n\t\t\t\t<\/a>\n\t\t\t\t<\/div>\n\t\t<a class=\"elementor-element elementor-element-c74c502 e-con-full e-flex e-con e-child\" data-id=\"c74c502\" data-element_type=\"container\" data-settings=\"{&quot;background_background&quot;:&quot;classic&quot;}\" href=\"https:\/\/museliving.auxodev2.dk\/de\/category\/accessories\/\">\n\t\t\t\t<div class=\"elementor-element elementor-element-f47aeb4 elementor-widget elementor-widget-heading\" data-id=\"f47aeb4\" data-element_type=\"widget\" data-widget_type=\"heading.default\">\n\t\t\t\t\t<h2 class=\"elementor-heading-title elementor-size-default\">Zubeh\u00f6r<\/h2>\t\t\t\t<\/div>\n\t\t\t\t<div class=\"elementor-element elementor-element-1d294c5 elementor-widget elementor-widget-aveo_alternative-button\" data-id=\"1d294c5\" data-element_type=\"widget\" data-widget_type=\"aveo_alternative-button.default\">\n\t\t\t\t<div class=\"elementor-widget-container\">\n\t\t\t\t\t\n        <div class=\"aveo-elementor-button-wrapper button-alignment-center\" style=\"display: flex;\">\n        <div class=\"aveo-elementor-button icon-alignment-right elementor-animation-\" id=\"\">\n                See products<i class=\"far fa-long-arrow-right\"><\/i>\n            <\/div>\n        <\/div>\t\t\t\t<\/div>\n\t\t\t\t<\/div>\n\t\t\t\t<\/a>\n\t\t\t\t\t<\/div>\n\t\t\t\t<\/div>\n\t\t<div class=\"elementor-element elementor-element-69432b6 e-con-full e-flex e-con e-parent\" data-id=\"69432b6\" data-element_type=\"container\">\n\t\t<div class=\"elementor-element elementor-element-be2e004 e-con-full e-flex e-con e-child\" data-id=\"be2e004\" data-element_type=\"container\" data-settings=\"{&quot;background_background&quot;:&quot;classic&quot;}\">\n\t\t\t\t<\/div>\n\t\t<div class=\"elementor-element elementor-element-869d5ea e-con-full e-flex e-con e-child\" data-id=\"869d5ea\" data-element_type=\"container\">\n\t\t<div class=\"elementor-element elementor-element-3b43620 e-con-full e-flex e-con e-child\" data-id=\"3b43620\" data-element_type=\"container\">\n\t\t\t\t<div class=\"elementor-element elementor-element-44b4e1f elementor-widget elementor-widget-heading\" data-id=\"44b4e1f\" data-element_type=\"widget\" data-widget_type=\"heading.default\">\n\t\t\t\t\t<h2 class=\"elementor-heading-title elementor-size-default\">Entdecken Sie unsere Kollektion an nordischen Holzdesigns, darunter Weinregale, Regale und mehr.<\/h2>\t\t\t\t<\/div>\n\t\t\t\t<div class=\"elementor-element elementor-element-0182c4f elementor-widget elementor-widget-text-editor\" data-id=\"0182c4f\" data-element_type=\"widget\" data-widget_type=\"text-editor.default\">\n\t\t\t\t\t\t\t\t\t<p>Suchen Sie einen Lieferanten f\u00fcr <a href=\"https:\/\/museliving.auxodev2.dk\/products\/\">nordisches Holzdesign?<\/a><\/p>\t\t\t\t\t\t\t\t<\/div>\n\t\t\t\t<\/div>\n\t\t<div class=\"elementor-element elementor-element-c1cb410 e-con-full e-flex e-con e-child\" data-id=\"c1cb410\" data-element_type=\"container\">\n\t\t\t\t<div class=\"elementor-element elementor-element-2dd08bd elementor-widget elementor-widget-text-editor\" data-id=\"2dd08bd\" data-element_type=\"widget\" data-widget_type=\"text-editor.default\">\n\t\t\t\t\t\t\t\t\t<p>Oder sind Sie als Einzelperson an einigen unserer Produkte interessiert? So oder so, Sie sind hier richtig gelandet. Mit mehr als f\u00fcnf Jahren Erfahrung verf\u00fcgen wir \u00fcber ein umfangreiches Fachwissen im Bereich Holzdesign. Wir garantieren Ihnen und Ihrem Unternehmen, dass wir unser Bestes geben werden.<\/p><p>Sehen Sie sich unsere hochwertigen <a href=\"https:\/\/museliving.auxodev2.dk\/wine-racks\/\">Weinregale<\/a> an, die mit skandinavischer \u00c4sthetik und Langlebigkeit entworfen wurden.<\/p><p>Bitte <a href=\"https:\/\/museliving.auxodev2.dk\/de\/kontaktiere-uns\/\">kontaktieren Sie uns<\/a> f\u00fcr ein unverbindliches Gespr\u00e4ch. Wir freuen uns darauf, von Ihnen zu h\u00f6ren!<\/p><p>M\u00f6chten Sie mehr \u00fcber unsere Produkte erfahren? Besuchen Sie unser <a href=\"https:\/\/museliving.auxodev2.dk\/de\/weinregal-faq-alles-was-sie-wissen-muessen\/\">Weinregal FAQ<\/a>.<\/p>\t\t\t\t\t\t\t\t<\/div>\n\t\t\t\t<div class=\"elementor-element elementor-element-e4d8f01 elementor-widget elementor-widget-button\" data-id=\"e4d8f01\" data-element_type=\"widget\" data-widget_type=\"button.default\">\n\t\t\t\t\t\t\t\t\t\t<a class=\"elementor-button elementor-button-link elementor-size-sm\" href=\"https:\/\/museliving.auxodev2.dk\/de\/shop\/\">\n\t\t\t\t\t\t<span class=\"elementor-button-content-wrapper\">\n\t\t\t\t\t\t<span class=\"elementor-button-icon\">\n\t\t\t\t<i aria-hidden=\"true\" class=\"far fa-long-arrow-right\"><\/i>\t\t\t<\/span>\n\t\t\t\t\t\t\t\t\t<span class=\"elementor-button-text\">Siehe Produkte<\/span>\n\t\t\t\t\t<\/span>\n\t\t\t\t\t<\/a>\n\t\t\t\t\t\t\t\t<\/div>\n\t\t\t\t<\/div>\n\t\t\t\t<\/div>\n\t\t\t\t<\/div>\n\t\t<div class=\"elementor-element elementor-element-59503f6 e-con-full e-flex e-con e-parent\" data-id=\"59503f6\" data-element_type=\"container\">\n\t\t<div class=\"elementor-element elementor-element-7a7caa6 e-con-full e-flex e-con e-child\" data-id=\"7a7caa6\" data-element_type=\"container\" data-settings=\"{&quot;background_background&quot;:&quot;classic&quot;}\">\n\t\t\t\t<\/div>\n\t\t<div class=\"elementor-element elementor-element-51d134e e-con-full e-flex e-con e-child\" data-id=\"51d134e\" data-element_type=\"container\">\n\t\t<div class=\"elementor-element elementor-element-e042679 e-con-full e-flex e-con e-child\" data-id=\"e042679\" data-element_type=\"container\">\n\t\t\t\t<div class=\"elementor-element elementor-element-20157b2 elementor-widget elementor-widget-heading\" data-id=\"20157b2\" data-element_type=\"widget\" data-widget_type=\"heading.default\">\n\t\t\t\t\t<h2 class=\"elementor-heading-title elementor-size-default\">Gro\u00dfhandel und Produktion<\/h2>\t\t\t\t<\/div>\n\t\t\t\t<div class=\"elementor-element elementor-element-ef5aaa5 elementor-widget elementor-widget-text-editor\" data-id=\"ef5aaa5\" data-element_type=\"widget\" data-widget_type=\"text-editor.default\">\n\t\t\t\t\t\t\t\t\t<p>Museliving ist in d\u00e4nischem Besitz, l\u00e4sst aber in der Ukraine produzieren.<\/p>\t\t\t\t\t\t\t\t<\/div>\n\t\t\t\t<\/div>\n\t\t<div class=\"elementor-element elementor-element-0d96fd8 e-con-full e-flex e-con e-child\" data-id=\"0d96fd8\" data-element_type=\"container\">\n\t\t\t\t<div class=\"elementor-element elementor-element-68ee4b1 elementor-widget elementor-widget-text-editor\" data-id=\"68ee4b1\" data-element_type=\"widget\" data-widget_type=\"text-editor.default\">\n\t\t\t\t\t\t\t\t\t<p>Wir haben uns strategisch f\u00fcr diesen Standort entschieden, denn die Ukraine hat eine lange Tradition in der Holzverarbeitung und verf\u00fcgt \u00fcber einen der gr\u00f6\u00dften Eichenw\u00e4lder Europas. Das bedeutet, dass wir leichten Zugang zu qualitativ hochwertigem Holz zu wettbewerbsf\u00e4higen Preisen haben. Und deshalb k\u00f6nnen wir hochwertige Holzinterieurs zu den besten Preisen auf dem Markt produzieren und anbieten.<\/p><p>Wir arbeiten vor allem mit Unternehmen zusammen, mit denen wir seit vielen Jahren treue Partner in Europa haben. Mit neuer Ausr\u00fcstung, einer flexiblen Produktion und einem eigenen Vertriebskanal k\u00f6nnen wir schnell und effizient Anfragen sowohl in Standard- als auch in Sondergr\u00f6\u00dfen bearbeiten.<\/p>\t\t\t\t\t\t\t\t<\/div>\n\t\t\t\t<div class=\"elementor-element elementor-element-591a267 elementor-widget elementor-widget-button\" data-id=\"591a267\" data-element_type=\"widget\" data-widget_type=\"button.default\">\n\t\t\t\t\t\t\t\t\t\t<a class=\"elementor-button elementor-button-link elementor-size-sm\" href=\"https:\/\/museliving.auxodev2.dk\/de\/b2b\/\">\n\t\t\t\t\t\t<span class=\"elementor-button-content-wrapper\">\n\t\t\t\t\t\t<span class=\"elementor-button-icon\">\n\t\t\t\t<i aria-hidden=\"true\" class=\"far fa-long-arrow-right\"><\/i>\t\t\t<\/span>\n\t\t\t\t\t\t\t\t\t<span class=\"elementor-button-text\">Werden Sie Partner<\/span>\n\t\t\t\t\t<\/span>\n\t\t\t\t\t<\/a>\n\t\t\t\t\t\t\t\t<\/div>\n\t\t\t\t<\/div>\n\t\t\t\t<\/div>\n\t\t\t\t<\/div>\n\t\t\t\t<\/div>\n\t\t","protected":false},"excerpt":{"rendered":"<p>\u00dcber Museliving Der Ursprung von Museliving Unsere Wurzeln reichen bis ins Jahr 2017 zur\u00fcck. Hier wurde der erste Samen f\u00fcr das Unternehmen ges\u00e4t, und seither sind wir Jahr f\u00fcr Jahr gr\u00f6\u00dfer geworden. Wir arbeiten jeden Tag hart daran, nordisches Design in Holz zu produzieren, das wir an Partner in ganz Europa liefern. In den letzten [&hellip;]<\/p>\n","protected":false},"author":1,"featured_media":0,"parent":0,"menu_order":0,"comment_status":"closed","ping_status":"closed","template":"","meta":{"_acf_changed":false,"footnotes":""},"class_list":["post-23729","page","type-page","status-publish","hentry"],"acf":[],"yoast_head":"<!-- This site is optimized with the Yoast SEO plugin v26.9 - https:\/\/yoast.com\/product\/yoast-seo-wordpress\/ -->\n<title>\u00dcber uns - museliving.eu<\/title>\n<meta name=\"robots\" content=\"noindex, follow, max-snippet:-1, max-image-preview:large, max-video-preview:-1\" \/>\n<meta property=\"og:locale\" content=\"de_DE\" \/>\n<meta property=\"og:type\" content=\"article\" \/>\n<meta property=\"og:title\" content=\"\u00dcber uns - museliving.eu\" \/>\n<meta property=\"og:description\" content=\"\u00dcber Museliving Der Ursprung von Museliving Unsere Wurzeln reichen bis ins Jahr 2017 zur\u00fcck. Hier wurde der erste Samen f\u00fcr das Unternehmen ges\u00e4t, und seither sind wir Jahr f\u00fcr Jahr gr\u00f6\u00dfer geworden. Wir arbeiten jeden Tag hart daran, nordisches Design in Holz zu produzieren, das wir an Partner in ganz Europa liefern. In den letzten [&hellip;]\" \/>\n<meta property=\"og:url\" content=\"https:\/\/museliving.auxodev2.dk\/de\/ueber-uns\/\" \/>\n<meta property=\"og:site_name\" content=\"museliving.eu\" \/>\n<meta property=\"article:modified_time\" content=\"2025-08-24T06:13:53+00:00\" \/>\n<meta name=\"twitter:card\" content=\"summary_large_image\" \/>\n<meta name=\"twitter:label1\" content=\"Est. reading time\" \/>\n\t<meta name=\"twitter:data1\" content=\"2 minutes\" \/>\n<script type=\"application\/ld+json\" class=\"yoast-schema-graph\">{\"@context\":\"https:\/\/schema.org\",\"@graph\":[{\"@type\":\"WebPage\",\"@id\":\"https:\/\/museliving.auxodev2.dk\/de\/ueber-uns\/\",\"url\":\"https:\/\/museliving.auxodev2.dk\/de\/ueber-uns\/\",\"name\":\"\u00dcber uns - museliving.eu\",\"isPartOf\":{\"@id\":\"https:\/\/museliving.auxodev2.dk\/de\/#website\"},\"datePublished\":\"2023-09-14T07:33:08+00:00\",\"dateModified\":\"2025-08-24T06:13:53+00:00\",\"breadcrumb\":{\"@id\":\"https:\/\/museliving.auxodev2.dk\/de\/ueber-uns\/#breadcrumb\"},\"inLanguage\":\"de-DE\",\"potentialAction\":[{\"@type\":\"ReadAction\",\"target\":[\"https:\/\/museliving.auxodev2.dk\/de\/ueber-uns\/\"]}]},{\"@type\":\"BreadcrumbList\",\"@id\":\"https:\/\/museliving.auxodev2.dk\/de\/ueber-uns\/#breadcrumb\",\"itemListElement\":[{\"@type\":\"ListItem\",\"position\":1,\"name\":\"Home\",\"item\":\"https:\/\/museliving.auxodev2.dk\/de\/startseite\/\"},{\"@type\":\"ListItem\",\"position\":2,\"name\":\"\u00dcber uns\"}]},{\"@type\":\"WebSite\",\"@id\":\"https:\/\/museliving.auxodev2.dk\/de\/#website\",\"url\":\"https:\/\/museliving.auxodev2.dk\/de\/\",\"name\":\"museliving.eu\",\"description\":\"\",\"publisher\":{\"@id\":\"https:\/\/museliving.auxodev2.dk\/de\/#organization\"},\"potentialAction\":[{\"@type\":\"SearchAction\",\"target\":{\"@type\":\"EntryPoint\",\"urlTemplate\":\"https:\/\/museliving.auxodev2.dk\/de\/?s={search_term_string}\"},\"query-input\":{\"@type\":\"PropertyValueSpecification\",\"valueRequired\":true,\"valueName\":\"search_term_string\"}}],\"inLanguage\":\"de-DE\"},{\"@type\":\"Organization\",\"@id\":\"https:\/\/museliving.auxodev2.dk\/de\/#organization\",\"name\":\"Museliving\",\"url\":\"https:\/\/museliving.auxodev2.dk\/de\/\",\"logo\":{\"@type\":\"ImageObject\",\"inLanguage\":\"de-DE\",\"@id\":\"https:\/\/museliving.auxodev2.dk\/de\/#\/schema\/logo\/image\/\",\"url\":\"https:\/\/museliving.auxodev2.dk\/wp-content\/uploads\/websted-logo.png\",\"contentUrl\":\"https:\/\/museliving.auxodev2.dk\/wp-content\/uploads\/websted-logo.png\",\"width\":350,\"height\":100,\"caption\":\"Museliving\"},\"image\":{\"@id\":\"https:\/\/museliving.auxodev2.dk\/de\/#\/schema\/logo\/image\/\"}}]}<\/script>\n<!-- \/ Yoast SEO plugin. -->","yoast_head_json":{"title":"\u00dcber uns - museliving.eu","robots":{"index":"noindex","follow":"follow","max-snippet":"max-snippet:-1","max-image-preview":"max-image-preview:large","max-video-preview":"max-video-preview:-1"},"og_locale":"de_DE","og_type":"article","og_title":"\u00dcber uns - museliving.eu","og_description":"\u00dcber Museliving Der Ursprung von Museliving Unsere Wurzeln reichen bis ins Jahr 2017 zur\u00fcck. Hier wurde der erste Samen f\u00fcr das Unternehmen ges\u00e4t, und seither sind wir Jahr f\u00fcr Jahr gr\u00f6\u00dfer geworden. Wir arbeiten jeden Tag hart daran, nordisches Design in Holz zu produzieren, das wir an Partner in ganz Europa liefern. In den letzten [&hellip;]","og_url":"https:\/\/museliving.auxodev2.dk\/de\/ueber-uns\/","og_site_name":"museliving.eu","article_modified_time":"2025-08-24T06:13:53+00:00","twitter_card":"summary_large_image","twitter_misc":{"Est. reading time":"2 minutes"},"schema":{"@context":"https:\/\/schema.org","@graph":[{"@type":"WebPage","@id":"https:\/\/museliving.auxodev2.dk\/de\/ueber-uns\/","url":"https:\/\/museliving.auxodev2.dk\/de\/ueber-uns\/","name":"\u00dcber uns - museliving.eu","isPartOf":{"@id":"https:\/\/museliving.auxodev2.dk\/de\/#website"},"datePublished":"2023-09-14T07:33:08+00:00","dateModified":"2025-08-24T06:13:53+00:00","breadcrumb":{"@id":"https:\/\/museliving.auxodev2.dk\/de\/ueber-uns\/#breadcrumb"},"inLanguage":"de-DE","potentialAction":[{"@type":"ReadAction","target":["https:\/\/museliving.auxodev2.dk\/de\/ueber-uns\/"]}]},{"@type":"BreadcrumbList","@id":"https:\/\/museliving.auxodev2.dk\/de\/ueber-uns\/#breadcrumb","itemListElement":[{"@type":"ListItem","position":1,"name":"Home","item":"https:\/\/museliving.auxodev2.dk\/de\/startseite\/"},{"@type":"ListItem","position":2,"name":"\u00dcber uns"}]},{"@type":"WebSite","@id":"https:\/\/museliving.auxodev2.dk\/de\/#website","url":"https:\/\/museliving.auxodev2.dk\/de\/","name":"museliving.eu","description":"","publisher":{"@id":"https:\/\/museliving.auxodev2.dk\/de\/#organization"},"potentialAction":[{"@type":"SearchAction","target":{"@type":"EntryPoint","urlTemplate":"https:\/\/museliving.auxodev2.dk\/de\/?s={search_term_string}"},"query-input":{"@type":"PropertyValueSpecification","valueRequired":true,"valueName":"search_term_string"}}],"inLanguage":"de-DE"},{"@type":"Organization","@id":"https:\/\/museliving.auxodev2.dk\/de\/#organization","name":"Museliving","url":"https:\/\/museliving.auxodev2.dk\/de\/","logo":{"@type":"ImageObject","inLanguage":"de-DE","@id":"https:\/\/museliving.auxodev2.dk\/de\/#\/schema\/logo\/image\/","url":"https:\/\/museliving.auxodev2.dk\/wp-content\/uploads\/websted-logo.png","contentUrl":"https:\/\/museliving.auxodev2.dk\/wp-content\/uploads\/websted-logo.png","width":350,"height":100,"caption":"Museliving"},"image":{"@id":"https:\/\/museliving.auxodev2.dk\/de\/#\/schema\/logo\/image\/"}}]}},"_links":{"self":[{"href":"https:\/\/museliving.auxodev2.dk\/de\/wp-json\/wp\/v2\/pages\/23729","targetHints":{"allow":["GET"]}}],"collection":[{"href":"https:\/\/museliving.auxodev2.dk\/de\/wp-json\/wp\/v2\/pages"}],"about":[{"href":"https:\/\/museliving.auxodev2.dk\/de\/wp-json\/wp\/v2\/types\/page"}],"author":[{"embeddable":true,"href":"https:\/\/museliving.auxodev2.dk\/de\/wp-json\/wp\/v2\/users\/1"}],"replies":[{"embeddable":true,"href":"https:\/\/museliving.auxodev2.dk\/de\/wp-json\/wp\/v2\/comments?post=23729"}],"version-history":[{"count":5,"href":"https:\/\/museliving.auxodev2.dk\/de\/wp-json\/wp\/v2\/pages\/23729\/revisions"}],"predecessor-version":[{"id":23961,"href":"https:\/\/museliving.auxodev2.dk\/de\/wp-json\/wp\/v2\/pages\/23729\/revisions\/23961"}],"wp:attachment":[{"href":"https:\/\/museliving.auxodev2.dk\/de\/wp-json\/wp\/v2\/media?parent=23729"}],"curies":[{"name":"wp","href":"https:\/\/api.w.org\/{rel}","templated":true}]}}