{"id":25445,"date":"2025-08-24T18:20:04","date_gmt":"2025-08-24T16:20:04","guid":{"rendered":"https:\/\/museliving.auxodev2.dk\/?post_type=product&#038;p=25445"},"modified":"2025-08-31T14:15:58","modified_gmt":"2025-08-31T12:15:58","slug":"akustikpaneler-diagonal-roeget-eg-600x600x20","status":"publish","type":"product","link":"https:\/\/museliving.auxodev2.dk\/da\/product\/akustikpaneler-diagonal-roeget-eg-600x600x20\/","title":{"rendered":"Akustikpaneler Diagonal &#8211; R\u00f8get Eg (600x600x20)"},"content":{"rendered":"<p>Akustikpaneler fra Museliving er et godt valg til at dekorere dine v\u00e6gge og dit loft med milj\u00f8venlige materialer, hvilket g\u00f8r det muligt at skabe en behagelig og intim atmosf\u00e6re i dit hjem. Vores paneler er fremstillet af FSC-certificeret MDF og akustikfilt, hvilket reducerer st\u00f8jen i rummet betydeligt.<\/p>\n<p>Ud over vores akustikpaneler i standardst\u00f8rrelse kan vi tilbyde dig forskellige muligheder eller hj\u00e6lpe dig med at beregne det antal akustikpaneler, du har brug for &#8211; t\u00f8v ikke med at kontakte os for dine specifikke behov: <a href=\"mailto:sales@museliving.eu\"><em><strong>sales@museliving.eu<\/strong><\/em><\/a><\/p>\n<p>Vores akustikpaneler anvendes ofte ikke kun i private bygninger, men ogs\u00e5 i restauranter, hoteller, kontorer og m\u00f8delokaler. Ved at bruge vores paneler minimerer du ekko og omgivende st\u00f8j og skaber et behageligt akustisk milj\u00f8 i alle rum, hvor lydkvalitet er af stor betydning.<\/p>\n<p>Vores akustikpaneler er typisk 2800 x 600 x 20 mm, 2400 x 600 x 20 mm og 600 x 600 x 20 mm store og er behandlet med linolie. Der findes dog et ubegr\u00e6nset antal muligheder med hensyn til st\u00f8rrelse og finish, hvis du har brug for det.<\/p>\n<p>F\u00f8r du bestiller p\u00e5 vores hjemmeside, bedes du skrive til os p\u00e5: <a href=\"mailto:sales@museliving.eu\"><em><strong>sales@museliving.eu<\/strong><\/em><\/a><\/p>\n","protected":false},"excerpt":{"rendered":"<p>Leveres som s\u00e6t, prisen er for 4 stk.<\/p>\n<p>Akustikpaneler fra Museliving er et godt valg til at dekorere dine v\u00e6gge og dit loft med milj\u00f8venlige materialer, hvilket g\u00f8r det muligt at skabe en behagelig og intim atmosf\u00e6re i dit hjem. Vores paneler er fremstillet af FSC-certificeret MDF og akustikfilt, hvilket reducerer st\u00f8jen i rummet betydeligt.<\/p>\n<p>Ud over vores akustikpaneler i standardst\u00f8rrelse kan vi tilbyde dig forskellige muligheder eller hj\u00e6lpe dig med at beregne det antal akustikpaneler, du har brug for &#8211; t\u00f8v ikke med at kontakte os for dine specifikke behov: <a href=\"mailto:sales@museliving.eu\"><em><strong>sales@museliving.eu<\/strong><\/em><\/a><\/p>\n","protected":false},"featured_media":25404,"template":"","meta":{"_acf_changed":false},"product_brand":[],"product_cat":[575,569],"product_tag":[],"class_list":{"0":"post-25445","1":"product","2":"type-product","3":"status-publish","4":"has-post-thumbnail","6":"product_cat-akustiske-paneler","7":"product_cat-vaegdekorationer","9":"first","10":"instock","11":"taxable","12":"shipping-taxable","13":"purchasable","14":"product-type-simple"},"acf":[],"yoast_head":"<!-- This site is optimized with the Yoast SEO plugin v26.9 - https:\/\/yoast.com\/product\/yoast-seo-wordpress\/ -->\n<title>Akustikpaneler Diagonal - R\u00f8get Eg (600x600x20) - museliving.eu<\/title>\n<meta name=\"robots\" content=\"noindex, follow, max-snippet:-1, max-image-preview:large, max-video-preview:-1\" \/>\n<meta property=\"og:locale\" content=\"da_DK\" \/>\n<meta property=\"og:type\" content=\"article\" \/>\n<meta property=\"og:title\" content=\"Akustikpaneler Diagonal - R\u00f8get Eg (600x600x20) - museliving.eu\" \/>\n<meta property=\"og:description\" content=\"Leveres som s\u00e6t, prisen er for 4 stk.  Akustikpaneler fra Museliving er et godt valg til at dekorere dine v\u00e6gge og dit loft med milj\u00f8venlige materialer, hvilket g\u00f8r det muligt at skabe en behagelig og intim atmosf\u00e6re i dit hjem. Vores paneler er fremstillet af FSC-certificeret MDF og akustikfilt, hvilket reducerer st\u00f8jen i rummet betydeligt.  Ud over vores akustikpaneler i standardst\u00f8rrelse kan vi tilbyde dig forskellige muligheder eller hj\u00e6lpe dig med at beregne det antal akustikpaneler, du har brug for - t\u00f8v ikke med at kontakte os for dine specifikke behov: sales@museliving.eu\" \/>\n<meta property=\"og:url\" content=\"https:\/\/museliving.auxodev2.dk\/da\/product\/akustikpaneler-diagonal-roeget-eg-600x600x20\/\" \/>\n<meta property=\"og:site_name\" content=\"museliving.eu\" \/>\n<meta property=\"article:modified_time\" content=\"2025-08-31T12:15:58+00:00\" \/>\n<meta property=\"og:image\" content=\"https:\/\/museliving.auxodev2.dk\/wp-content\/uploads\/Acoustic-panel-front-2.png\" \/>\n\t<meta property=\"og:image:width\" content=\"1200\" \/>\n\t<meta property=\"og:image:height\" content=\"800\" \/>\n\t<meta property=\"og:image:type\" content=\"image\/png\" \/>\n<meta name=\"twitter:card\" content=\"summary_large_image\" \/>\n<meta name=\"twitter:label1\" content=\"Estimeret l\u00e6setid\" \/>\n\t<meta name=\"twitter:data1\" content=\"2 minutter\" \/>\n<script type=\"application\/ld+json\" class=\"yoast-schema-graph\">{\"@context\":\"https:\/\/schema.org\",\"@graph\":[{\"@type\":\"WebPage\",\"@id\":\"https:\/\/museliving.auxodev2.dk\/da\/product\/akustikpaneler-diagonal-roeget-eg-600x600x20\/\",\"url\":\"https:\/\/museliving.auxodev2.dk\/da\/product\/akustikpaneler-diagonal-roeget-eg-600x600x20\/\",\"name\":\"Akustikpaneler Diagonal - R\u00f8get Eg (600x600x20) - museliving.eu\",\"isPartOf\":{\"@id\":\"https:\/\/museliving.auxodev2.dk\/da\/#website\"},\"primaryImageOfPage\":{\"@id\":\"https:\/\/museliving.auxodev2.dk\/da\/product\/akustikpaneler-diagonal-roeget-eg-600x600x20\/#primaryimage\"},\"image\":{\"@id\":\"https:\/\/museliving.auxodev2.dk\/da\/product\/akustikpaneler-diagonal-roeget-eg-600x600x20\/#primaryimage\"},\"thumbnailUrl\":\"https:\/\/museliving.auxodev2.dk\/wp-content\/uploads\/Acoustic-panel-front-2.png\",\"datePublished\":\"2025-08-24T16:20:04+00:00\",\"dateModified\":\"2025-08-31T12:15:58+00:00\",\"breadcrumb\":{\"@id\":\"https:\/\/museliving.auxodev2.dk\/da\/product\/akustikpaneler-diagonal-roeget-eg-600x600x20\/#breadcrumb\"},\"inLanguage\":\"da-DK\",\"potentialAction\":[{\"@type\":\"ReadAction\",\"target\":[\"https:\/\/museliving.auxodev2.dk\/da\/product\/akustikpaneler-diagonal-roeget-eg-600x600x20\/\"]}]},{\"@type\":\"ImageObject\",\"inLanguage\":\"da-DK\",\"@id\":\"https:\/\/museliving.auxodev2.dk\/da\/product\/akustikpaneler-diagonal-roeget-eg-600x600x20\/#primaryimage\",\"url\":\"https:\/\/museliving.auxodev2.dk\/wp-content\/uploads\/Acoustic-panel-front-2.png\",\"contentUrl\":\"https:\/\/museliving.auxodev2.dk\/wp-content\/uploads\/Acoustic-panel-front-2.png\",\"width\":1200,\"height\":800},{\"@type\":\"BreadcrumbList\",\"@id\":\"https:\/\/museliving.auxodev2.dk\/da\/product\/akustikpaneler-diagonal-roeget-eg-600x600x20\/#breadcrumb\",\"itemListElement\":[{\"@type\":\"ListItem\",\"position\":1,\"name\":\"Home\",\"item\":\"https:\/\/museliving.auxodev2.dk\/da\/hjem\/\"},{\"@type\":\"ListItem\",\"position\":2,\"name\":\"Alle produkter\",\"item\":\"https:\/\/museliving.auxodev2.dk\/da\/shop\/\"},{\"@type\":\"ListItem\",\"position\":3,\"name\":\"V\u00e6gdekorationer\",\"item\":\"https:\/\/museliving.auxodev2.dk\/da\/category\/vaegdekorationer\/\"},{\"@type\":\"ListItem\",\"position\":4,\"name\":\"Akustiske paneler\",\"item\":\"https:\/\/museliving.auxodev2.dk\/da\/category\/vaegdekorationer\/akustiske-paneler\/\"},{\"@type\":\"ListItem\",\"position\":5,\"name\":\"Akustikpaneler Diagonal &#8211; R\u00f8get Eg (600x600x20)\"}]},{\"@type\":\"WebSite\",\"@id\":\"https:\/\/museliving.auxodev2.dk\/da\/#website\",\"url\":\"https:\/\/museliving.auxodev2.dk\/da\/\",\"name\":\"museliving.eu\",\"description\":\"\",\"publisher\":{\"@id\":\"https:\/\/museliving.auxodev2.dk\/da\/#organization\"},\"potentialAction\":[{\"@type\":\"SearchAction\",\"target\":{\"@type\":\"EntryPoint\",\"urlTemplate\":\"https:\/\/museliving.auxodev2.dk\/da\/?s={search_term_string}\"},\"query-input\":{\"@type\":\"PropertyValueSpecification\",\"valueRequired\":true,\"valueName\":\"search_term_string\"}}],\"inLanguage\":\"da-DK\"},{\"@type\":\"Organization\",\"@id\":\"https:\/\/museliving.auxodev2.dk\/da\/#organization\",\"name\":\"Museliving\",\"url\":\"https:\/\/museliving.auxodev2.dk\/da\/\",\"logo\":{\"@type\":\"ImageObject\",\"inLanguage\":\"da-DK\",\"@id\":\"https:\/\/museliving.auxodev2.dk\/da\/#\/schema\/logo\/image\/\",\"url\":\"https:\/\/museliving.auxodev2.dk\/wp-content\/uploads\/websted-logo.png\",\"contentUrl\":\"https:\/\/museliving.auxodev2.dk\/wp-content\/uploads\/websted-logo.png\",\"width\":350,\"height\":100,\"caption\":\"Museliving\"},\"image\":{\"@id\":\"https:\/\/museliving.auxodev2.dk\/da\/#\/schema\/logo\/image\/\"}}]}<\/script>\n<!-- \/ Yoast SEO plugin. -->","yoast_head_json":{"title":"Akustikpaneler Diagonal - R\u00f8get Eg (600x600x20) - museliving.eu","robots":{"index":"noindex","follow":"follow","max-snippet":"max-snippet:-1","max-image-preview":"max-image-preview:large","max-video-preview":"max-video-preview:-1"},"og_locale":"da_DK","og_type":"article","og_title":"Akustikpaneler Diagonal - R\u00f8get Eg (600x600x20) - museliving.eu","og_description":"Leveres som s\u00e6t, prisen er for 4 stk.  Akustikpaneler fra Museliving er et godt valg til at dekorere dine v\u00e6gge og dit loft med milj\u00f8venlige materialer, hvilket g\u00f8r det muligt at skabe en behagelig og intim atmosf\u00e6re i dit hjem. Vores paneler er fremstillet af FSC-certificeret MDF og akustikfilt, hvilket reducerer st\u00f8jen i rummet betydeligt.  Ud over vores akustikpaneler i standardst\u00f8rrelse kan vi tilbyde dig forskellige muligheder eller hj\u00e6lpe dig med at beregne det antal akustikpaneler, du har brug for - t\u00f8v ikke med at kontakte os for dine specifikke behov: sales@museliving.eu","og_url":"https:\/\/museliving.auxodev2.dk\/da\/product\/akustikpaneler-diagonal-roeget-eg-600x600x20\/","og_site_name":"museliving.eu","article_modified_time":"2025-08-31T12:15:58+00:00","og_image":[{"width":1200,"height":800,"url":"https:\/\/museliving.auxodev2.dk\/wp-content\/uploads\/Acoustic-panel-front-2.png","type":"image\/png"}],"twitter_card":"summary_large_image","twitter_misc":{"Estimeret l\u00e6setid":"2 minutter"},"schema":{"@context":"https:\/\/schema.org","@graph":[{"@type":"WebPage","@id":"https:\/\/museliving.auxodev2.dk\/da\/product\/akustikpaneler-diagonal-roeget-eg-600x600x20\/","url":"https:\/\/museliving.auxodev2.dk\/da\/product\/akustikpaneler-diagonal-roeget-eg-600x600x20\/","name":"Akustikpaneler Diagonal - R\u00f8get Eg (600x600x20) - museliving.eu","isPartOf":{"@id":"https:\/\/museliving.auxodev2.dk\/da\/#website"},"primaryImageOfPage":{"@id":"https:\/\/museliving.auxodev2.dk\/da\/product\/akustikpaneler-diagonal-roeget-eg-600x600x20\/#primaryimage"},"image":{"@id":"https:\/\/museliving.auxodev2.dk\/da\/product\/akustikpaneler-diagonal-roeget-eg-600x600x20\/#primaryimage"},"thumbnailUrl":"https:\/\/museliving.auxodev2.dk\/wp-content\/uploads\/Acoustic-panel-front-2.png","datePublished":"2025-08-24T16:20:04+00:00","dateModified":"2025-08-31T12:15:58+00:00","breadcrumb":{"@id":"https:\/\/museliving.auxodev2.dk\/da\/product\/akustikpaneler-diagonal-roeget-eg-600x600x20\/#breadcrumb"},"inLanguage":"da-DK","potentialAction":[{"@type":"ReadAction","target":["https:\/\/museliving.auxodev2.dk\/da\/product\/akustikpaneler-diagonal-roeget-eg-600x600x20\/"]}]},{"@type":"ImageObject","inLanguage":"da-DK","@id":"https:\/\/museliving.auxodev2.dk\/da\/product\/akustikpaneler-diagonal-roeget-eg-600x600x20\/#primaryimage","url":"https:\/\/museliving.auxodev2.dk\/wp-content\/uploads\/Acoustic-panel-front-2.png","contentUrl":"https:\/\/museliving.auxodev2.dk\/wp-content\/uploads\/Acoustic-panel-front-2.png","width":1200,"height":800},{"@type":"BreadcrumbList","@id":"https:\/\/museliving.auxodev2.dk\/da\/product\/akustikpaneler-diagonal-roeget-eg-600x600x20\/#breadcrumb","itemListElement":[{"@type":"ListItem","position":1,"name":"Home","item":"https:\/\/museliving.auxodev2.dk\/da\/hjem\/"},{"@type":"ListItem","position":2,"name":"Alle produkter","item":"https:\/\/museliving.auxodev2.dk\/da\/shop\/"},{"@type":"ListItem","position":3,"name":"V\u00e6gdekorationer","item":"https:\/\/museliving.auxodev2.dk\/da\/category\/vaegdekorationer\/"},{"@type":"ListItem","position":4,"name":"Akustiske paneler","item":"https:\/\/museliving.auxodev2.dk\/da\/category\/vaegdekorationer\/akustiske-paneler\/"},{"@type":"ListItem","position":5,"name":"Akustikpaneler Diagonal &#8211; R\u00f8get Eg (600x600x20)"}]},{"@type":"WebSite","@id":"https:\/\/museliving.auxodev2.dk\/da\/#website","url":"https:\/\/museliving.auxodev2.dk\/da\/","name":"museliving.eu","description":"","publisher":{"@id":"https:\/\/museliving.auxodev2.dk\/da\/#organization"},"potentialAction":[{"@type":"SearchAction","target":{"@type":"EntryPoint","urlTemplate":"https:\/\/museliving.auxodev2.dk\/da\/?s={search_term_string}"},"query-input":{"@type":"PropertyValueSpecification","valueRequired":true,"valueName":"search_term_string"}}],"inLanguage":"da-DK"},{"@type":"Organization","@id":"https:\/\/museliving.auxodev2.dk\/da\/#organization","name":"Museliving","url":"https:\/\/museliving.auxodev2.dk\/da\/","logo":{"@type":"ImageObject","inLanguage":"da-DK","@id":"https:\/\/museliving.auxodev2.dk\/da\/#\/schema\/logo\/image\/","url":"https:\/\/museliving.auxodev2.dk\/wp-content\/uploads\/websted-logo.png","contentUrl":"https:\/\/museliving.auxodev2.dk\/wp-content\/uploads\/websted-logo.png","width":350,"height":100,"caption":"Museliving"},"image":{"@id":"https:\/\/museliving.auxodev2.dk\/da\/#\/schema\/logo\/image\/"}}]}},"_links":{"self":[{"href":"https:\/\/museliving.auxodev2.dk\/da\/wp-json\/wp\/v2\/product\/25445","targetHints":{"allow":["GET"]}}],"collection":[{"href":"https:\/\/museliving.auxodev2.dk\/da\/wp-json\/wp\/v2\/product"}],"about":[{"href":"https:\/\/museliving.auxodev2.dk\/da\/wp-json\/wp\/v2\/types\/product"}],"version-history":[{"count":2,"href":"https:\/\/museliving.auxodev2.dk\/da\/wp-json\/wp\/v2\/product\/25445\/revisions"}],"predecessor-version":[{"id":25498,"href":"https:\/\/museliving.auxodev2.dk\/da\/wp-json\/wp\/v2\/product\/25445\/revisions\/25498"}],"wp:featuredmedia":[{"embeddable":true,"href":"https:\/\/museliving.auxodev2.dk\/da\/wp-json\/wp\/v2\/media\/25404"}],"wp:attachment":[{"href":"https:\/\/museliving.auxodev2.dk\/da\/wp-json\/wp\/v2\/media?parent=25445"}],"wp:term":[{"taxonomy":"product_brand","embeddable":true,"href":"https:\/\/museliving.auxodev2.dk\/da\/wp-json\/wp\/v2\/product_brand?post=25445"},{"taxonomy":"product_cat","embeddable":true,"href":"https:\/\/museliving.auxodev2.dk\/da\/wp-json\/wp\/v2\/product_cat?post=25445"},{"taxonomy":"product_tag","embeddable":true,"href":"https:\/\/museliving.auxodev2.dk\/da\/wp-json\/wp\/v2\/product_tag?post=25445"}],"curies":[{"name":"wp","href":"https:\/\/api.w.org\/{rel}","templated":true}]}}