{"id":25208,"date":"2025-08-24T16:16:08","date_gmt":"2025-08-24T14:16:08","guid":{"rendered":"https:\/\/museliving.auxodev2.dk\/?post_type=product&#038;p=25208"},"modified":"2025-08-31T14:09:43","modified_gmt":"2025-08-31T12:09:43","slug":"vinhylde-til-akustisk-panel","status":"publish","type":"product","link":"https:\/\/museliving.auxodev2.dk\/da\/product\/vinhylde-til-akustisk-panel\/","title":{"rendered":"Vinhylde til Akustisk Panel"},"content":{"rendered":"<p>Vores nye vinhylder i et minimalistisk og moderne design er den ideelle l\u00f8sning til at udstille din vinsamling p\u00e5 en dekorativ m\u00e5de. Vinhylderne er specielt udviklet til at blive monteret p\u00e5 akustikplader. De er fremstillet af massivt tr\u00e6 og i forskellige behandlinger.<\/p>\n<p>Ud over vores vinhylder i standardst\u00f8rrelse kan vi tilbyde dig forskellige muligheder &#8211; t\u00f8v ikke med at kontakte os for at h\u00f8re om dine specifikke behov: <a href=\"mailto:sales@museliving.eu\"><em><strong>sales@museliving.eu<\/strong><\/em><\/a><\/p>\n<p>Display vinhylderne fra Museliving er den perfekte l\u00f8sning til dit hjem og kan varmt anbefales, n\u00e5r opbevaringspladsen er begr\u00e6nset.<\/p>\n","protected":false},"excerpt":{"rendered":"<p>Vores nye vinhylder i et minimalistisk og moderne design er den ideelle l\u00f8sning til at udstille din vinsamling p\u00e5 en dekorativ m\u00e5de. Vinhylderne er specielt udviklet til at blive monteret p\u00e5 akustikplader. De er fremstillet af massivt tr\u00e6 og i forskellige behandlinger.<\/p>\n<p>Ud over vores vinhylder i standardst\u00f8rrelse kan vi tilbyde dig forskellige muligheder &#8211; t\u00f8v ikke med at kontakte os for at h\u00f8re om dine specifikke behov: <a href=\"mailto:sales@museliving.eu\"><em><strong>sales@museliving.eu<\/strong><\/em><\/a><\/p>\n","protected":false},"featured_media":25209,"template":"","meta":{"_acf_changed":false},"product_brand":[],"product_cat":[572,569],"product_tag":[],"class_list":{"0":"post-25208","1":"product","2":"type-product","3":"status-publish","4":"has-post-thumbnail","6":"product_cat-tilbehoer-vaegdekorationer","7":"product_cat-vaegdekorationer","9":"first","10":"instock","11":"taxable","12":"shipping-taxable","13":"purchasable","14":"product-type-simple"},"acf":[],"yoast_head":"<!-- This site is optimized with the Yoast SEO plugin v26.9 - https:\/\/yoast.com\/product\/yoast-seo-wordpress\/ -->\n<title>Vinhylde til Akustisk Panel - museliving.eu<\/title>\n<meta name=\"robots\" content=\"noindex, follow, max-snippet:-1, max-image-preview:large, max-video-preview:-1\" \/>\n<meta property=\"og:locale\" content=\"da_DK\" \/>\n<meta property=\"og:type\" content=\"article\" \/>\n<meta property=\"og:title\" content=\"Vinhylde til Akustisk Panel - museliving.eu\" \/>\n<meta property=\"og:description\" content=\"Vores nye vinhylder i et minimalistisk og moderne design er den ideelle l\u00f8sning til at udstille din vinsamling p\u00e5 en dekorativ m\u00e5de. Vinhylderne er specielt udviklet til at blive monteret p\u00e5 akustikplader. De er fremstillet af massivt tr\u00e6 og i forskellige behandlinger.  Ud over vores vinhylder i standardst\u00f8rrelse kan vi tilbyde dig forskellige muligheder - t\u00f8v ikke med at kontakte os for at h\u00f8re om dine specifikke behov: sales@museliving.eu\" \/>\n<meta property=\"og:url\" content=\"https:\/\/museliving.auxodev2.dk\/da\/product\/vinhylde-til-akustisk-panel\/\" \/>\n<meta property=\"og:site_name\" content=\"museliving.eu\" \/>\n<meta property=\"article:modified_time\" content=\"2025-08-31T12:09:43+00:00\" \/>\n<meta property=\"og:image\" content=\"https:\/\/museliving.auxodev2.dk\/wp-content\/uploads\/Wine-shelf-top-1.jpg\" \/>\n\t<meta property=\"og:image:width\" content=\"1200\" \/>\n\t<meta property=\"og:image:height\" content=\"835\" \/>\n\t<meta property=\"og:image:type\" content=\"image\/jpeg\" \/>\n<meta name=\"twitter:card\" content=\"summary_large_image\" \/>\n<meta name=\"twitter:label1\" content=\"Estimeret l\u00e6setid\" \/>\n\t<meta name=\"twitter:data1\" content=\"1 minut\" \/>\n<script type=\"application\/ld+json\" class=\"yoast-schema-graph\">{\"@context\":\"https:\/\/schema.org\",\"@graph\":[{\"@type\":\"WebPage\",\"@id\":\"https:\/\/museliving.auxodev2.dk\/da\/product\/vinhylde-til-akustisk-panel\/\",\"url\":\"https:\/\/museliving.auxodev2.dk\/da\/product\/vinhylde-til-akustisk-panel\/\",\"name\":\"Vinhylde til Akustisk Panel - museliving.eu\",\"isPartOf\":{\"@id\":\"https:\/\/museliving.auxodev2.dk\/da\/#website\"},\"primaryImageOfPage\":{\"@id\":\"https:\/\/museliving.auxodev2.dk\/da\/product\/vinhylde-til-akustisk-panel\/#primaryimage\"},\"image\":{\"@id\":\"https:\/\/museliving.auxodev2.dk\/da\/product\/vinhylde-til-akustisk-panel\/#primaryimage\"},\"thumbnailUrl\":\"https:\/\/museliving.auxodev2.dk\/wp-content\/uploads\/Wine-shelf-top-1.jpg\",\"datePublished\":\"2025-08-24T14:16:08+00:00\",\"dateModified\":\"2025-08-31T12:09:43+00:00\",\"breadcrumb\":{\"@id\":\"https:\/\/museliving.auxodev2.dk\/da\/product\/vinhylde-til-akustisk-panel\/#breadcrumb\"},\"inLanguage\":\"da-DK\",\"potentialAction\":[{\"@type\":\"ReadAction\",\"target\":[\"https:\/\/museliving.auxodev2.dk\/da\/product\/vinhylde-til-akustisk-panel\/\"]}]},{\"@type\":\"ImageObject\",\"inLanguage\":\"da-DK\",\"@id\":\"https:\/\/museliving.auxodev2.dk\/da\/product\/vinhylde-til-akustisk-panel\/#primaryimage\",\"url\":\"https:\/\/museliving.auxodev2.dk\/wp-content\/uploads\/Wine-shelf-top-1.jpg\",\"contentUrl\":\"https:\/\/museliving.auxodev2.dk\/wp-content\/uploads\/Wine-shelf-top-1.jpg\",\"width\":1200,\"height\":835},{\"@type\":\"BreadcrumbList\",\"@id\":\"https:\/\/museliving.auxodev2.dk\/da\/product\/vinhylde-til-akustisk-panel\/#breadcrumb\",\"itemListElement\":[{\"@type\":\"ListItem\",\"position\":1,\"name\":\"Home\",\"item\":\"https:\/\/museliving.auxodev2.dk\/da\/hjem\/\"},{\"@type\":\"ListItem\",\"position\":2,\"name\":\"Alle produkter\",\"item\":\"https:\/\/museliving.auxodev2.dk\/da\/shop\/\"},{\"@type\":\"ListItem\",\"position\":3,\"name\":\"V\u00e6gdekorationer\",\"item\":\"https:\/\/museliving.auxodev2.dk\/da\/category\/vaegdekorationer\/\"},{\"@type\":\"ListItem\",\"position\":4,\"name\":\"Tilbeh\u00f8r\",\"item\":\"https:\/\/museliving.auxodev2.dk\/da\/category\/vaegdekorationer\/tilbehoer-vaegdekorationer\/\"},{\"@type\":\"ListItem\",\"position\":5,\"name\":\"Vinhylde til Akustisk Panel\"}]},{\"@type\":\"WebSite\",\"@id\":\"https:\/\/museliving.auxodev2.dk\/da\/#website\",\"url\":\"https:\/\/museliving.auxodev2.dk\/da\/\",\"name\":\"museliving.eu\",\"description\":\"\",\"publisher\":{\"@id\":\"https:\/\/museliving.auxodev2.dk\/da\/#organization\"},\"potentialAction\":[{\"@type\":\"SearchAction\",\"target\":{\"@type\":\"EntryPoint\",\"urlTemplate\":\"https:\/\/museliving.auxodev2.dk\/da\/?s={search_term_string}\"},\"query-input\":{\"@type\":\"PropertyValueSpecification\",\"valueRequired\":true,\"valueName\":\"search_term_string\"}}],\"inLanguage\":\"da-DK\"},{\"@type\":\"Organization\",\"@id\":\"https:\/\/museliving.auxodev2.dk\/da\/#organization\",\"name\":\"Museliving\",\"url\":\"https:\/\/museliving.auxodev2.dk\/da\/\",\"logo\":{\"@type\":\"ImageObject\",\"inLanguage\":\"da-DK\",\"@id\":\"https:\/\/museliving.auxodev2.dk\/da\/#\/schema\/logo\/image\/\",\"url\":\"https:\/\/museliving.auxodev2.dk\/wp-content\/uploads\/websted-logo.png\",\"contentUrl\":\"https:\/\/museliving.auxodev2.dk\/wp-content\/uploads\/websted-logo.png\",\"width\":350,\"height\":100,\"caption\":\"Museliving\"},\"image\":{\"@id\":\"https:\/\/museliving.auxodev2.dk\/da\/#\/schema\/logo\/image\/\"}}]}<\/script>\n<!-- \/ Yoast SEO plugin. -->","yoast_head_json":{"title":"Vinhylde til Akustisk Panel - museliving.eu","robots":{"index":"noindex","follow":"follow","max-snippet":"max-snippet:-1","max-image-preview":"max-image-preview:large","max-video-preview":"max-video-preview:-1"},"og_locale":"da_DK","og_type":"article","og_title":"Vinhylde til Akustisk Panel - museliving.eu","og_description":"Vores nye vinhylder i et minimalistisk og moderne design er den ideelle l\u00f8sning til at udstille din vinsamling p\u00e5 en dekorativ m\u00e5de. Vinhylderne er specielt udviklet til at blive monteret p\u00e5 akustikplader. De er fremstillet af massivt tr\u00e6 og i forskellige behandlinger.  Ud over vores vinhylder i standardst\u00f8rrelse kan vi tilbyde dig forskellige muligheder - t\u00f8v ikke med at kontakte os for at h\u00f8re om dine specifikke behov: sales@museliving.eu","og_url":"https:\/\/museliving.auxodev2.dk\/da\/product\/vinhylde-til-akustisk-panel\/","og_site_name":"museliving.eu","article_modified_time":"2025-08-31T12:09:43+00:00","og_image":[{"width":1200,"height":835,"url":"https:\/\/museliving.auxodev2.dk\/wp-content\/uploads\/Wine-shelf-top-1.jpg","type":"image\/jpeg"}],"twitter_card":"summary_large_image","twitter_misc":{"Estimeret l\u00e6setid":"1 minut"},"schema":{"@context":"https:\/\/schema.org","@graph":[{"@type":"WebPage","@id":"https:\/\/museliving.auxodev2.dk\/da\/product\/vinhylde-til-akustisk-panel\/","url":"https:\/\/museliving.auxodev2.dk\/da\/product\/vinhylde-til-akustisk-panel\/","name":"Vinhylde til Akustisk Panel - museliving.eu","isPartOf":{"@id":"https:\/\/museliving.auxodev2.dk\/da\/#website"},"primaryImageOfPage":{"@id":"https:\/\/museliving.auxodev2.dk\/da\/product\/vinhylde-til-akustisk-panel\/#primaryimage"},"image":{"@id":"https:\/\/museliving.auxodev2.dk\/da\/product\/vinhylde-til-akustisk-panel\/#primaryimage"},"thumbnailUrl":"https:\/\/museliving.auxodev2.dk\/wp-content\/uploads\/Wine-shelf-top-1.jpg","datePublished":"2025-08-24T14:16:08+00:00","dateModified":"2025-08-31T12:09:43+00:00","breadcrumb":{"@id":"https:\/\/museliving.auxodev2.dk\/da\/product\/vinhylde-til-akustisk-panel\/#breadcrumb"},"inLanguage":"da-DK","potentialAction":[{"@type":"ReadAction","target":["https:\/\/museliving.auxodev2.dk\/da\/product\/vinhylde-til-akustisk-panel\/"]}]},{"@type":"ImageObject","inLanguage":"da-DK","@id":"https:\/\/museliving.auxodev2.dk\/da\/product\/vinhylde-til-akustisk-panel\/#primaryimage","url":"https:\/\/museliving.auxodev2.dk\/wp-content\/uploads\/Wine-shelf-top-1.jpg","contentUrl":"https:\/\/museliving.auxodev2.dk\/wp-content\/uploads\/Wine-shelf-top-1.jpg","width":1200,"height":835},{"@type":"BreadcrumbList","@id":"https:\/\/museliving.auxodev2.dk\/da\/product\/vinhylde-til-akustisk-panel\/#breadcrumb","itemListElement":[{"@type":"ListItem","position":1,"name":"Home","item":"https:\/\/museliving.auxodev2.dk\/da\/hjem\/"},{"@type":"ListItem","position":2,"name":"Alle produkter","item":"https:\/\/museliving.auxodev2.dk\/da\/shop\/"},{"@type":"ListItem","position":3,"name":"V\u00e6gdekorationer","item":"https:\/\/museliving.auxodev2.dk\/da\/category\/vaegdekorationer\/"},{"@type":"ListItem","position":4,"name":"Tilbeh\u00f8r","item":"https:\/\/museliving.auxodev2.dk\/da\/category\/vaegdekorationer\/tilbehoer-vaegdekorationer\/"},{"@type":"ListItem","position":5,"name":"Vinhylde til Akustisk Panel"}]},{"@type":"WebSite","@id":"https:\/\/museliving.auxodev2.dk\/da\/#website","url":"https:\/\/museliving.auxodev2.dk\/da\/","name":"museliving.eu","description":"","publisher":{"@id":"https:\/\/museliving.auxodev2.dk\/da\/#organization"},"potentialAction":[{"@type":"SearchAction","target":{"@type":"EntryPoint","urlTemplate":"https:\/\/museliving.auxodev2.dk\/da\/?s={search_term_string}"},"query-input":{"@type":"PropertyValueSpecification","valueRequired":true,"valueName":"search_term_string"}}],"inLanguage":"da-DK"},{"@type":"Organization","@id":"https:\/\/museliving.auxodev2.dk\/da\/#organization","name":"Museliving","url":"https:\/\/museliving.auxodev2.dk\/da\/","logo":{"@type":"ImageObject","inLanguage":"da-DK","@id":"https:\/\/museliving.auxodev2.dk\/da\/#\/schema\/logo\/image\/","url":"https:\/\/museliving.auxodev2.dk\/wp-content\/uploads\/websted-logo.png","contentUrl":"https:\/\/museliving.auxodev2.dk\/wp-content\/uploads\/websted-logo.png","width":350,"height":100,"caption":"Museliving"},"image":{"@id":"https:\/\/museliving.auxodev2.dk\/da\/#\/schema\/logo\/image\/"}}]}},"_links":{"self":[{"href":"https:\/\/museliving.auxodev2.dk\/da\/wp-json\/wp\/v2\/product\/25208","targetHints":{"allow":["GET"]}}],"collection":[{"href":"https:\/\/museliving.auxodev2.dk\/da\/wp-json\/wp\/v2\/product"}],"about":[{"href":"https:\/\/museliving.auxodev2.dk\/da\/wp-json\/wp\/v2\/types\/product"}],"version-history":[{"count":2,"href":"https:\/\/museliving.auxodev2.dk\/da\/wp-json\/wp\/v2\/product\/25208\/revisions"}],"predecessor-version":[{"id":25480,"href":"https:\/\/museliving.auxodev2.dk\/da\/wp-json\/wp\/v2\/product\/25208\/revisions\/25480"}],"wp:featuredmedia":[{"embeddable":true,"href":"https:\/\/museliving.auxodev2.dk\/da\/wp-json\/wp\/v2\/media\/25209"}],"wp:attachment":[{"href":"https:\/\/museliving.auxodev2.dk\/da\/wp-json\/wp\/v2\/media?parent=25208"}],"wp:term":[{"taxonomy":"product_brand","embeddable":true,"href":"https:\/\/museliving.auxodev2.dk\/da\/wp-json\/wp\/v2\/product_brand?post=25208"},{"taxonomy":"product_cat","embeddable":true,"href":"https:\/\/museliving.auxodev2.dk\/da\/wp-json\/wp\/v2\/product_cat?post=25208"},{"taxonomy":"product_tag","embeddable":true,"href":"https:\/\/museliving.auxodev2.dk\/da\/wp-json\/wp\/v2\/product_tag?post=25208"}],"curies":[{"name":"wp","href":"https:\/\/api.w.org\/{rel}","templated":true}]}}