{"id":24890,"date":"2025-08-24T14:46:21","date_gmt":"2025-08-24T12:46:21","guid":{"rendered":"https:\/\/museliving.auxodev2.dk\/?post_type=product&#038;p=24890"},"modified":"2025-08-30T16:49:19","modified_gmt":"2025-08-30T14:49:19","slug":"vinholder-jaco","status":"publish","type":"product","link":"https:\/\/museliving.auxodev2.dk\/da\/product\/vinholder-jaco\/","title":{"rendered":"Vinholder &#8211; Jaco"},"content":{"rendered":"<p>Vores vinreol er en unik og stilfuld l\u00f8sning til opbevaring af vinflasker. Fremstillet af holdbare egetr\u00e6st\u00e6nger har den s\u00e6rlige huller, hvorigennem l\u00e6deret tr\u00e6kkes, hvilket tilf\u00f8jer originalitet og \u00e6stetik. Denne reol giver dig mulighed for at skabe en lille pyramide af vinflasker, der forvandler dem til et dekorativt element i dit interi\u00f8r.<\/p>\n<h4><strong>Fordele:<\/strong><\/h4>\n<ul>\n<li>\u00c6stetisk l\u00f8sning til opbevaring af vinflasker<\/li>\n<li>St\u00e6rke egetr\u00e6st\u00e6nger for langvarighed<\/li>\n<li>Praktisk opbevaring med mulighed for at skabe forskellige kompositioner<\/li>\n<li>Ideel til at tilf\u00f8je et strejf af sofistikation til dit rum<\/li>\n<\/ul>\n<p>Forbedr dit milj\u00f8 med vores vinreol, der kombinerer funktionalitet og stil.<\/p>\n<h4><b>Kontakt os<\/b><\/h4>\n<p>Uanset om du har sp\u00f8rgsm\u00e5l om vores produkter, har brug for r\u00e5dgivning om design eller \u00f8nsker at afgive en specialbestilling, er du velkommen til at kontakte os. Vores venlige og kyndige team st\u00e5r klar til at assistere dig og sikre, at du f\u00e5r den bedste oplevelse med Museliving. <a href=\"https:\/\/museliving.eu\/da\/contact-us\/\">Kontakt os<\/a> her eller send os en e-mail p\u00e5 <a href=\"mailto:sales@museliving.eu\"><b><i>sales@museliving.eu<\/i><\/b><\/a> for at komme i gang.<\/p>\n","protected":false},"excerpt":{"rendered":"<ul>\n<li>Materiale: egetr\u00e6st\u00e6nger og l\u00e6der<\/li>\n<li>Design: giver mulighed for en dekorativ pyramideopstilling af vinflasker<\/li>\n<li>Kapacitet: holder flere flasker sikkert<\/li>\n<li>St\u00f8rrelse (LxBxH cm): 46x22x1 cm<\/li>\n<li>Pleje: t\u00f8rres af med en t\u00f8r eller let fugtig klud<\/li>\n<\/ul>\n","protected":false},"featured_media":24891,"template":"","meta":{"_acf_changed":false},"product_brand":[],"product_cat":[584,581],"product_tag":[],"class_list":{"0":"post-24890","1":"product","2":"type-product","3":"status-publish","4":"has-post-thumbnail","6":"product_cat-tilbehoer-vinreoler","7":"product_cat-vinreoler","9":"first","10":"instock","11":"taxable","12":"shipping-taxable","13":"purchasable","14":"product-type-simple"},"acf":[],"yoast_head":"<!-- This site is optimized with the Yoast SEO plugin v26.9 - https:\/\/yoast.com\/product\/yoast-seo-wordpress\/ -->\n<title>Vinholder - Jaco - museliving.eu<\/title>\n<meta name=\"robots\" content=\"noindex, follow, max-snippet:-1, max-image-preview:large, max-video-preview:-1\" \/>\n<meta property=\"og:locale\" content=\"da_DK\" \/>\n<meta property=\"og:type\" content=\"article\" \/>\n<meta property=\"og:title\" content=\"Vinholder - Jaco - museliving.eu\" \/>\n<meta property=\"og:description\" content=\"Materiale: egetr\u00e6st\u00e6nger og l\u00e6der  Design: giver mulighed for en dekorativ pyramideopstilling af vinflasker  Kapacitet: holder flere flasker sikkert  St\u00f8rrelse (LxBxH cm): 46x22x1 cm  Pleje: t\u00f8rres af med en t\u00f8r eller let fugtig klud\" \/>\n<meta property=\"og:url\" content=\"https:\/\/museliving.auxodev2.dk\/da\/product\/vinholder-jaco\/\" \/>\n<meta property=\"og:site_name\" content=\"museliving.eu\" \/>\n<meta property=\"article:modified_time\" content=\"2025-08-30T14:49:19+00:00\" \/>\n<meta property=\"og:image\" content=\"https:\/\/museliving.auxodev2.dk\/wp-content\/uploads\/2-1.png\" \/>\n\t<meta property=\"og:image:width\" content=\"1200\" \/>\n\t<meta property=\"og:image:height\" content=\"800\" \/>\n\t<meta property=\"og:image:type\" content=\"image\/png\" \/>\n<meta name=\"twitter:card\" content=\"summary_large_image\" \/>\n<meta name=\"twitter:label1\" content=\"Estimeret l\u00e6setid\" \/>\n\t<meta name=\"twitter:data1\" content=\"1 minut\" \/>\n<script type=\"application\/ld+json\" class=\"yoast-schema-graph\">{\"@context\":\"https:\/\/schema.org\",\"@graph\":[{\"@type\":\"WebPage\",\"@id\":\"https:\/\/museliving.auxodev2.dk\/da\/product\/vinholder-jaco\/\",\"url\":\"https:\/\/museliving.auxodev2.dk\/da\/product\/vinholder-jaco\/\",\"name\":\"Vinholder - Jaco - museliving.eu\",\"isPartOf\":{\"@id\":\"https:\/\/museliving.auxodev2.dk\/da\/#website\"},\"primaryImageOfPage\":{\"@id\":\"https:\/\/museliving.auxodev2.dk\/da\/product\/vinholder-jaco\/#primaryimage\"},\"image\":{\"@id\":\"https:\/\/museliving.auxodev2.dk\/da\/product\/vinholder-jaco\/#primaryimage\"},\"thumbnailUrl\":\"https:\/\/museliving.auxodev2.dk\/wp-content\/uploads\/2-1.png\",\"datePublished\":\"2025-08-24T12:46:21+00:00\",\"dateModified\":\"2025-08-30T14:49:19+00:00\",\"breadcrumb\":{\"@id\":\"https:\/\/museliving.auxodev2.dk\/da\/product\/vinholder-jaco\/#breadcrumb\"},\"inLanguage\":\"da-DK\",\"potentialAction\":[{\"@type\":\"ReadAction\",\"target\":[\"https:\/\/museliving.auxodev2.dk\/da\/product\/vinholder-jaco\/\"]}]},{\"@type\":\"ImageObject\",\"inLanguage\":\"da-DK\",\"@id\":\"https:\/\/museliving.auxodev2.dk\/da\/product\/vinholder-jaco\/#primaryimage\",\"url\":\"https:\/\/museliving.auxodev2.dk\/wp-content\/uploads\/2-1.png\",\"contentUrl\":\"https:\/\/museliving.auxodev2.dk\/wp-content\/uploads\/2-1.png\",\"width\":1200,\"height\":800},{\"@type\":\"BreadcrumbList\",\"@id\":\"https:\/\/museliving.auxodev2.dk\/da\/product\/vinholder-jaco\/#breadcrumb\",\"itemListElement\":[{\"@type\":\"ListItem\",\"position\":1,\"name\":\"Home\",\"item\":\"https:\/\/museliving.auxodev2.dk\/da\/hjem\/\"},{\"@type\":\"ListItem\",\"position\":2,\"name\":\"Alle produkter\",\"item\":\"https:\/\/museliving.auxodev2.dk\/da\/shop\/\"},{\"@type\":\"ListItem\",\"position\":3,\"name\":\"Vinreoler\",\"item\":\"https:\/\/museliving.auxodev2.dk\/da\/category\/vinreoler\/\"},{\"@type\":\"ListItem\",\"position\":4,\"name\":\"Tilbeh\u00f8r\",\"item\":\"https:\/\/museliving.auxodev2.dk\/da\/category\/vinreoler\/tilbehoer-vinreoler\/\"},{\"@type\":\"ListItem\",\"position\":5,\"name\":\"Vinholder &#8211; Jaco\"}]},{\"@type\":\"WebSite\",\"@id\":\"https:\/\/museliving.auxodev2.dk\/da\/#website\",\"url\":\"https:\/\/museliving.auxodev2.dk\/da\/\",\"name\":\"museliving.eu\",\"description\":\"\",\"publisher\":{\"@id\":\"https:\/\/museliving.auxodev2.dk\/da\/#organization\"},\"potentialAction\":[{\"@type\":\"SearchAction\",\"target\":{\"@type\":\"EntryPoint\",\"urlTemplate\":\"https:\/\/museliving.auxodev2.dk\/da\/?s={search_term_string}\"},\"query-input\":{\"@type\":\"PropertyValueSpecification\",\"valueRequired\":true,\"valueName\":\"search_term_string\"}}],\"inLanguage\":\"da-DK\"},{\"@type\":\"Organization\",\"@id\":\"https:\/\/museliving.auxodev2.dk\/da\/#organization\",\"name\":\"Museliving\",\"url\":\"https:\/\/museliving.auxodev2.dk\/da\/\",\"logo\":{\"@type\":\"ImageObject\",\"inLanguage\":\"da-DK\",\"@id\":\"https:\/\/museliving.auxodev2.dk\/da\/#\/schema\/logo\/image\/\",\"url\":\"https:\/\/museliving.auxodev2.dk\/wp-content\/uploads\/websted-logo.png\",\"contentUrl\":\"https:\/\/museliving.auxodev2.dk\/wp-content\/uploads\/websted-logo.png\",\"width\":350,\"height\":100,\"caption\":\"Museliving\"},\"image\":{\"@id\":\"https:\/\/museliving.auxodev2.dk\/da\/#\/schema\/logo\/image\/\"}}]}<\/script>\n<!-- \/ Yoast SEO plugin. -->","yoast_head_json":{"title":"Vinholder - Jaco - museliving.eu","robots":{"index":"noindex","follow":"follow","max-snippet":"max-snippet:-1","max-image-preview":"max-image-preview:large","max-video-preview":"max-video-preview:-1"},"og_locale":"da_DK","og_type":"article","og_title":"Vinholder - Jaco - museliving.eu","og_description":"Materiale: egetr\u00e6st\u00e6nger og l\u00e6der  Design: giver mulighed for en dekorativ pyramideopstilling af vinflasker  Kapacitet: holder flere flasker sikkert  St\u00f8rrelse (LxBxH cm): 46x22x1 cm  Pleje: t\u00f8rres af med en t\u00f8r eller let fugtig klud","og_url":"https:\/\/museliving.auxodev2.dk\/da\/product\/vinholder-jaco\/","og_site_name":"museliving.eu","article_modified_time":"2025-08-30T14:49:19+00:00","og_image":[{"width":1200,"height":800,"url":"https:\/\/museliving.auxodev2.dk\/wp-content\/uploads\/2-1.png","type":"image\/png"}],"twitter_card":"summary_large_image","twitter_misc":{"Estimeret l\u00e6setid":"1 minut"},"schema":{"@context":"https:\/\/schema.org","@graph":[{"@type":"WebPage","@id":"https:\/\/museliving.auxodev2.dk\/da\/product\/vinholder-jaco\/","url":"https:\/\/museliving.auxodev2.dk\/da\/product\/vinholder-jaco\/","name":"Vinholder - Jaco - museliving.eu","isPartOf":{"@id":"https:\/\/museliving.auxodev2.dk\/da\/#website"},"primaryImageOfPage":{"@id":"https:\/\/museliving.auxodev2.dk\/da\/product\/vinholder-jaco\/#primaryimage"},"image":{"@id":"https:\/\/museliving.auxodev2.dk\/da\/product\/vinholder-jaco\/#primaryimage"},"thumbnailUrl":"https:\/\/museliving.auxodev2.dk\/wp-content\/uploads\/2-1.png","datePublished":"2025-08-24T12:46:21+00:00","dateModified":"2025-08-30T14:49:19+00:00","breadcrumb":{"@id":"https:\/\/museliving.auxodev2.dk\/da\/product\/vinholder-jaco\/#breadcrumb"},"inLanguage":"da-DK","potentialAction":[{"@type":"ReadAction","target":["https:\/\/museliving.auxodev2.dk\/da\/product\/vinholder-jaco\/"]}]},{"@type":"ImageObject","inLanguage":"da-DK","@id":"https:\/\/museliving.auxodev2.dk\/da\/product\/vinholder-jaco\/#primaryimage","url":"https:\/\/museliving.auxodev2.dk\/wp-content\/uploads\/2-1.png","contentUrl":"https:\/\/museliving.auxodev2.dk\/wp-content\/uploads\/2-1.png","width":1200,"height":800},{"@type":"BreadcrumbList","@id":"https:\/\/museliving.auxodev2.dk\/da\/product\/vinholder-jaco\/#breadcrumb","itemListElement":[{"@type":"ListItem","position":1,"name":"Home","item":"https:\/\/museliving.auxodev2.dk\/da\/hjem\/"},{"@type":"ListItem","position":2,"name":"Alle produkter","item":"https:\/\/museliving.auxodev2.dk\/da\/shop\/"},{"@type":"ListItem","position":3,"name":"Vinreoler","item":"https:\/\/museliving.auxodev2.dk\/da\/category\/vinreoler\/"},{"@type":"ListItem","position":4,"name":"Tilbeh\u00f8r","item":"https:\/\/museliving.auxodev2.dk\/da\/category\/vinreoler\/tilbehoer-vinreoler\/"},{"@type":"ListItem","position":5,"name":"Vinholder &#8211; Jaco"}]},{"@type":"WebSite","@id":"https:\/\/museliving.auxodev2.dk\/da\/#website","url":"https:\/\/museliving.auxodev2.dk\/da\/","name":"museliving.eu","description":"","publisher":{"@id":"https:\/\/museliving.auxodev2.dk\/da\/#organization"},"potentialAction":[{"@type":"SearchAction","target":{"@type":"EntryPoint","urlTemplate":"https:\/\/museliving.auxodev2.dk\/da\/?s={search_term_string}"},"query-input":{"@type":"PropertyValueSpecification","valueRequired":true,"valueName":"search_term_string"}}],"inLanguage":"da-DK"},{"@type":"Organization","@id":"https:\/\/museliving.auxodev2.dk\/da\/#organization","name":"Museliving","url":"https:\/\/museliving.auxodev2.dk\/da\/","logo":{"@type":"ImageObject","inLanguage":"da-DK","@id":"https:\/\/museliving.auxodev2.dk\/da\/#\/schema\/logo\/image\/","url":"https:\/\/museliving.auxodev2.dk\/wp-content\/uploads\/websted-logo.png","contentUrl":"https:\/\/museliving.auxodev2.dk\/wp-content\/uploads\/websted-logo.png","width":350,"height":100,"caption":"Museliving"},"image":{"@id":"https:\/\/museliving.auxodev2.dk\/da\/#\/schema\/logo\/image\/"}}]}},"_links":{"self":[{"href":"https:\/\/museliving.auxodev2.dk\/da\/wp-json\/wp\/v2\/product\/24890","targetHints":{"allow":["GET"]}}],"collection":[{"href":"https:\/\/museliving.auxodev2.dk\/da\/wp-json\/wp\/v2\/product"}],"about":[{"href":"https:\/\/museliving.auxodev2.dk\/da\/wp-json\/wp\/v2\/types\/product"}],"version-history":[{"count":2,"href":"https:\/\/museliving.auxodev2.dk\/da\/wp-json\/wp\/v2\/product\/24890\/revisions"}],"predecessor-version":[{"id":24964,"href":"https:\/\/museliving.auxodev2.dk\/da\/wp-json\/wp\/v2\/product\/24890\/revisions\/24964"}],"wp:featuredmedia":[{"embeddable":true,"href":"https:\/\/museliving.auxodev2.dk\/da\/wp-json\/wp\/v2\/media\/24891"}],"wp:attachment":[{"href":"https:\/\/museliving.auxodev2.dk\/da\/wp-json\/wp\/v2\/media?parent=24890"}],"wp:term":[{"taxonomy":"product_brand","embeddable":true,"href":"https:\/\/museliving.auxodev2.dk\/da\/wp-json\/wp\/v2\/product_brand?post=24890"},{"taxonomy":"product_cat","embeddable":true,"href":"https:\/\/museliving.auxodev2.dk\/da\/wp-json\/wp\/v2\/product_cat?post=24890"},{"taxonomy":"product_tag","embeddable":true,"href":"https:\/\/museliving.auxodev2.dk\/da\/wp-json\/wp\/v2\/product_tag?post=24890"}],"curies":[{"name":"wp","href":"https:\/\/api.w.org\/{rel}","templated":true}]}}