{"id":24863,"date":"2025-08-24T14:40:15","date_gmt":"2025-08-24T12:40:15","guid":{"rendered":"https:\/\/museliving.auxodev2.dk\/?post_type=product&#038;p=24863"},"modified":"2025-08-30T16:49:09","modified_gmt":"2025-08-30T14:49:09","slug":"metalbeslag-til-winenest-vinreoler-4-stk","status":"publish","type":"product","link":"https:\/\/museliving.auxodev2.dk\/da\/product\/metalbeslag-til-winenest-vinreoler-4-stk\/","title":{"rendered":"Metalbeslag til Winenest vinreoler (4 stk.)"},"content":{"rendered":"<p>Vores metalbeslag til Winenest vinreoler giver sikre og p\u00e5lidelige forbindelser baseret p\u00e5 deres design. Beslag med to huller giver dig mulighed for at forbinde to vinreoler og skabe en enkelt struktur, der forbedrer stabiliteten og sikkerheden. Beslag med \u00e9t hul er designet til at sikre reolerne i kanterne, hvilket forhindrer bev\u00e6gelse og tilf\u00f8jer ekstra st\u00f8tte.<\/p>\n<h4><strong>Fordele:<\/strong><\/h4>\n<ul>\n<li>Beslag med to huller til at forbinde vinreoler til en enkelt struktur<\/li>\n<li>Beslag med \u00e9t hul til at sikre reolerne i kanterne<\/li>\n<li>Holdbare materialer sikrer langvarig brug<\/li>\n<li>Nemme at installere og giver p\u00e5lidelig fastg\u00f8relse<\/li>\n<\/ul>\n<p>Disse beslag hj\u00e6lper med at skabe et mere stabilt og sikkert vinsystem med Winenest vinreoler.<\/p>\n<h4><b>Kontakt os<\/b><\/h4>\n<p>Uanset om du har sp\u00f8rgsm\u00e5l om vores produkter, har brug for r\u00e5dgivning om design eller \u00f8nsker at afgive en specialbestilling, er du velkommen til at kontakte os. Vores venlige og kyndige team st\u00e5r klar til at assistere dig og sikre, at du f\u00e5r den bedste oplevelse med Museliving. <a href=\"https:\/\/museliving.eu\/da\/contact-us\/\">Kontakt os<\/a> her eller send os en e-mail p\u00e5 <a href=\"mailto:sales@museliving.eu\"><b><i>sales@museliving.eu<\/i><\/b><\/a> for at komme i gang.<\/p>\n","protected":false},"excerpt":{"rendered":"<ul>\n<li style=\"text-align: left;\">Kompatibilitet: Winenest vinreol-serie<\/li>\n<li style=\"text-align: left;\">Design: metalbeslag med to og \u00e9t hul til forskellige form\u00e5l<\/li>\n<li style=\"text-align: left;\">Materiale: holdbart metal<\/li>\n<li style=\"text-align: left;\">Form\u00e5l: giver sikker fastg\u00f8relse og stabilitet<\/li>\n<\/ul>\n","protected":false},"featured_media":24864,"template":"","meta":{"_acf_changed":false},"product_brand":[],"product_cat":[584,581],"product_tag":[],"class_list":{"0":"post-24863","1":"product","2":"type-product","3":"status-publish","4":"has-post-thumbnail","6":"product_cat-tilbehoer-vinreoler","7":"product_cat-vinreoler","9":"first","10":"instock","11":"taxable","12":"shipping-taxable","13":"purchasable","14":"product-type-variable"},"acf":[],"yoast_head":"<!-- This site is optimized with the Yoast SEO plugin v26.9 - https:\/\/yoast.com\/product\/yoast-seo-wordpress\/ -->\n<title>Metalbeslag til Winenest vinreoler (4 stk.) - museliving.eu<\/title>\n<meta name=\"robots\" content=\"noindex, follow, max-snippet:-1, max-image-preview:large, max-video-preview:-1\" \/>\n<meta property=\"og:locale\" content=\"da_DK\" \/>\n<meta property=\"og:type\" content=\"article\" \/>\n<meta property=\"og:title\" content=\"Metalbeslag til Winenest vinreoler (4 stk.) - museliving.eu\" \/>\n<meta property=\"og:description\" content=\"Kompatibilitet: Winenest vinreol-serie  Design: metalbeslag med to og \u00e9t hul til forskellige form\u00e5l  Materiale: holdbart metal  Form\u00e5l: giver sikker fastg\u00f8relse og stabilitet\" \/>\n<meta property=\"og:url\" content=\"https:\/\/museliving.auxodev2.dk\/da\/product\/metalbeslag-til-winenest-vinreoler-4-stk\/\" \/>\n<meta property=\"og:site_name\" content=\"museliving.eu\" \/>\n<meta property=\"article:modified_time\" content=\"2025-08-30T14:49:09+00:00\" \/>\n<meta property=\"og:image\" content=\"https:\/\/museliving.auxodev2.dk\/wp-content\/uploads\/metal-fastener-for-wine-racks1.jpg\" \/>\n\t<meta property=\"og:image:width\" content=\"1200\" \/>\n\t<meta property=\"og:image:height\" content=\"800\" \/>\n\t<meta property=\"og:image:type\" content=\"image\/jpeg\" \/>\n<meta name=\"twitter:card\" content=\"summary_large_image\" \/>\n<meta name=\"twitter:label1\" content=\"Estimeret l\u00e6setid\" \/>\n\t<meta name=\"twitter:data1\" content=\"1 minut\" \/>\n<script type=\"application\/ld+json\" class=\"yoast-schema-graph\">{\"@context\":\"https:\/\/schema.org\",\"@graph\":[{\"@type\":\"WebPage\",\"@id\":\"https:\/\/museliving.auxodev2.dk\/da\/product\/metalbeslag-til-winenest-vinreoler-4-stk\/\",\"url\":\"https:\/\/museliving.auxodev2.dk\/da\/product\/metalbeslag-til-winenest-vinreoler-4-stk\/\",\"name\":\"Metalbeslag til Winenest vinreoler (4 stk.) - museliving.eu\",\"isPartOf\":{\"@id\":\"https:\/\/museliving.auxodev2.dk\/da\/#website\"},\"primaryImageOfPage\":{\"@id\":\"https:\/\/museliving.auxodev2.dk\/da\/product\/metalbeslag-til-winenest-vinreoler-4-stk\/#primaryimage\"},\"image\":{\"@id\":\"https:\/\/museliving.auxodev2.dk\/da\/product\/metalbeslag-til-winenest-vinreoler-4-stk\/#primaryimage\"},\"thumbnailUrl\":\"https:\/\/museliving.auxodev2.dk\/wp-content\/uploads\/metal-fastener-for-wine-racks1.jpg\",\"datePublished\":\"2025-08-24T12:40:15+00:00\",\"dateModified\":\"2025-08-30T14:49:09+00:00\",\"breadcrumb\":{\"@id\":\"https:\/\/museliving.auxodev2.dk\/da\/product\/metalbeslag-til-winenest-vinreoler-4-stk\/#breadcrumb\"},\"inLanguage\":\"da-DK\",\"potentialAction\":[{\"@type\":\"ReadAction\",\"target\":[\"https:\/\/museliving.auxodev2.dk\/da\/product\/metalbeslag-til-winenest-vinreoler-4-stk\/\"]}]},{\"@type\":\"ImageObject\",\"inLanguage\":\"da-DK\",\"@id\":\"https:\/\/museliving.auxodev2.dk\/da\/product\/metalbeslag-til-winenest-vinreoler-4-stk\/#primaryimage\",\"url\":\"https:\/\/museliving.auxodev2.dk\/wp-content\/uploads\/metal-fastener-for-wine-racks1.jpg\",\"contentUrl\":\"https:\/\/museliving.auxodev2.dk\/wp-content\/uploads\/metal-fastener-for-wine-racks1.jpg\",\"width\":1200,\"height\":800},{\"@type\":\"BreadcrumbList\",\"@id\":\"https:\/\/museliving.auxodev2.dk\/da\/product\/metalbeslag-til-winenest-vinreoler-4-stk\/#breadcrumb\",\"itemListElement\":[{\"@type\":\"ListItem\",\"position\":1,\"name\":\"Home\",\"item\":\"https:\/\/museliving.auxodev2.dk\/da\/hjem\/\"},{\"@type\":\"ListItem\",\"position\":2,\"name\":\"Alle produkter\",\"item\":\"https:\/\/museliving.auxodev2.dk\/da\/shop\/\"},{\"@type\":\"ListItem\",\"position\":3,\"name\":\"Vinreoler\",\"item\":\"https:\/\/museliving.auxodev2.dk\/da\/category\/vinreoler\/\"},{\"@type\":\"ListItem\",\"position\":4,\"name\":\"Tilbeh\u00f8r\",\"item\":\"https:\/\/museliving.auxodev2.dk\/da\/category\/vinreoler\/tilbehoer-vinreoler\/\"},{\"@type\":\"ListItem\",\"position\":5,\"name\":\"Metalbeslag til Winenest vinreoler (4 stk.)\"}]},{\"@type\":\"WebSite\",\"@id\":\"https:\/\/museliving.auxodev2.dk\/da\/#website\",\"url\":\"https:\/\/museliving.auxodev2.dk\/da\/\",\"name\":\"museliving.eu\",\"description\":\"\",\"publisher\":{\"@id\":\"https:\/\/museliving.auxodev2.dk\/da\/#organization\"},\"potentialAction\":[{\"@type\":\"SearchAction\",\"target\":{\"@type\":\"EntryPoint\",\"urlTemplate\":\"https:\/\/museliving.auxodev2.dk\/da\/?s={search_term_string}\"},\"query-input\":{\"@type\":\"PropertyValueSpecification\",\"valueRequired\":true,\"valueName\":\"search_term_string\"}}],\"inLanguage\":\"da-DK\"},{\"@type\":\"Organization\",\"@id\":\"https:\/\/museliving.auxodev2.dk\/da\/#organization\",\"name\":\"Museliving\",\"url\":\"https:\/\/museliving.auxodev2.dk\/da\/\",\"logo\":{\"@type\":\"ImageObject\",\"inLanguage\":\"da-DK\",\"@id\":\"https:\/\/museliving.auxodev2.dk\/da\/#\/schema\/logo\/image\/\",\"url\":\"https:\/\/museliving.auxodev2.dk\/wp-content\/uploads\/websted-logo.png\",\"contentUrl\":\"https:\/\/museliving.auxodev2.dk\/wp-content\/uploads\/websted-logo.png\",\"width\":350,\"height\":100,\"caption\":\"Museliving\"},\"image\":{\"@id\":\"https:\/\/museliving.auxodev2.dk\/da\/#\/schema\/logo\/image\/\"}}]}<\/script>\n<!-- \/ Yoast SEO plugin. -->","yoast_head_json":{"title":"Metalbeslag til Winenest vinreoler (4 stk.) - museliving.eu","robots":{"index":"noindex","follow":"follow","max-snippet":"max-snippet:-1","max-image-preview":"max-image-preview:large","max-video-preview":"max-video-preview:-1"},"og_locale":"da_DK","og_type":"article","og_title":"Metalbeslag til Winenest vinreoler (4 stk.) - museliving.eu","og_description":"Kompatibilitet: Winenest vinreol-serie  Design: metalbeslag med to og \u00e9t hul til forskellige form\u00e5l  Materiale: holdbart metal  Form\u00e5l: giver sikker fastg\u00f8relse og stabilitet","og_url":"https:\/\/museliving.auxodev2.dk\/da\/product\/metalbeslag-til-winenest-vinreoler-4-stk\/","og_site_name":"museliving.eu","article_modified_time":"2025-08-30T14:49:09+00:00","og_image":[{"width":1200,"height":800,"url":"https:\/\/museliving.auxodev2.dk\/wp-content\/uploads\/metal-fastener-for-wine-racks1.jpg","type":"image\/jpeg"}],"twitter_card":"summary_large_image","twitter_misc":{"Estimeret l\u00e6setid":"1 minut"},"schema":{"@context":"https:\/\/schema.org","@graph":[{"@type":"WebPage","@id":"https:\/\/museliving.auxodev2.dk\/da\/product\/metalbeslag-til-winenest-vinreoler-4-stk\/","url":"https:\/\/museliving.auxodev2.dk\/da\/product\/metalbeslag-til-winenest-vinreoler-4-stk\/","name":"Metalbeslag til Winenest vinreoler (4 stk.) - museliving.eu","isPartOf":{"@id":"https:\/\/museliving.auxodev2.dk\/da\/#website"},"primaryImageOfPage":{"@id":"https:\/\/museliving.auxodev2.dk\/da\/product\/metalbeslag-til-winenest-vinreoler-4-stk\/#primaryimage"},"image":{"@id":"https:\/\/museliving.auxodev2.dk\/da\/product\/metalbeslag-til-winenest-vinreoler-4-stk\/#primaryimage"},"thumbnailUrl":"https:\/\/museliving.auxodev2.dk\/wp-content\/uploads\/metal-fastener-for-wine-racks1.jpg","datePublished":"2025-08-24T12:40:15+00:00","dateModified":"2025-08-30T14:49:09+00:00","breadcrumb":{"@id":"https:\/\/museliving.auxodev2.dk\/da\/product\/metalbeslag-til-winenest-vinreoler-4-stk\/#breadcrumb"},"inLanguage":"da-DK","potentialAction":[{"@type":"ReadAction","target":["https:\/\/museliving.auxodev2.dk\/da\/product\/metalbeslag-til-winenest-vinreoler-4-stk\/"]}]},{"@type":"ImageObject","inLanguage":"da-DK","@id":"https:\/\/museliving.auxodev2.dk\/da\/product\/metalbeslag-til-winenest-vinreoler-4-stk\/#primaryimage","url":"https:\/\/museliving.auxodev2.dk\/wp-content\/uploads\/metal-fastener-for-wine-racks1.jpg","contentUrl":"https:\/\/museliving.auxodev2.dk\/wp-content\/uploads\/metal-fastener-for-wine-racks1.jpg","width":1200,"height":800},{"@type":"BreadcrumbList","@id":"https:\/\/museliving.auxodev2.dk\/da\/product\/metalbeslag-til-winenest-vinreoler-4-stk\/#breadcrumb","itemListElement":[{"@type":"ListItem","position":1,"name":"Home","item":"https:\/\/museliving.auxodev2.dk\/da\/hjem\/"},{"@type":"ListItem","position":2,"name":"Alle produkter","item":"https:\/\/museliving.auxodev2.dk\/da\/shop\/"},{"@type":"ListItem","position":3,"name":"Vinreoler","item":"https:\/\/museliving.auxodev2.dk\/da\/category\/vinreoler\/"},{"@type":"ListItem","position":4,"name":"Tilbeh\u00f8r","item":"https:\/\/museliving.auxodev2.dk\/da\/category\/vinreoler\/tilbehoer-vinreoler\/"},{"@type":"ListItem","position":5,"name":"Metalbeslag til Winenest vinreoler (4 stk.)"}]},{"@type":"WebSite","@id":"https:\/\/museliving.auxodev2.dk\/da\/#website","url":"https:\/\/museliving.auxodev2.dk\/da\/","name":"museliving.eu","description":"","publisher":{"@id":"https:\/\/museliving.auxodev2.dk\/da\/#organization"},"potentialAction":[{"@type":"SearchAction","target":{"@type":"EntryPoint","urlTemplate":"https:\/\/museliving.auxodev2.dk\/da\/?s={search_term_string}"},"query-input":{"@type":"PropertyValueSpecification","valueRequired":true,"valueName":"search_term_string"}}],"inLanguage":"da-DK"},{"@type":"Organization","@id":"https:\/\/museliving.auxodev2.dk\/da\/#organization","name":"Museliving","url":"https:\/\/museliving.auxodev2.dk\/da\/","logo":{"@type":"ImageObject","inLanguage":"da-DK","@id":"https:\/\/museliving.auxodev2.dk\/da\/#\/schema\/logo\/image\/","url":"https:\/\/museliving.auxodev2.dk\/wp-content\/uploads\/websted-logo.png","contentUrl":"https:\/\/museliving.auxodev2.dk\/wp-content\/uploads\/websted-logo.png","width":350,"height":100,"caption":"Museliving"},"image":{"@id":"https:\/\/museliving.auxodev2.dk\/da\/#\/schema\/logo\/image\/"}}]}},"_links":{"self":[{"href":"https:\/\/museliving.auxodev2.dk\/da\/wp-json\/wp\/v2\/product\/24863","targetHints":{"allow":["GET"]}}],"collection":[{"href":"https:\/\/museliving.auxodev2.dk\/da\/wp-json\/wp\/v2\/product"}],"about":[{"href":"https:\/\/museliving.auxodev2.dk\/da\/wp-json\/wp\/v2\/types\/product"}],"version-history":[{"count":3,"href":"https:\/\/museliving.auxodev2.dk\/da\/wp-json\/wp\/v2\/product\/24863\/revisions"}],"predecessor-version":[{"id":24963,"href":"https:\/\/museliving.auxodev2.dk\/da\/wp-json\/wp\/v2\/product\/24863\/revisions\/24963"}],"wp:featuredmedia":[{"embeddable":true,"href":"https:\/\/museliving.auxodev2.dk\/da\/wp-json\/wp\/v2\/media\/24864"}],"wp:attachment":[{"href":"https:\/\/museliving.auxodev2.dk\/da\/wp-json\/wp\/v2\/media?parent=24863"}],"wp:term":[{"taxonomy":"product_brand","embeddable":true,"href":"https:\/\/museliving.auxodev2.dk\/da\/wp-json\/wp\/v2\/product_brand?post=24863"},{"taxonomy":"product_cat","embeddable":true,"href":"https:\/\/museliving.auxodev2.dk\/da\/wp-json\/wp\/v2\/product_cat?post=24863"},{"taxonomy":"product_tag","embeddable":true,"href":"https:\/\/museliving.auxodev2.dk\/da\/wp-json\/wp\/v2\/product_tag?post=24863"}],"curies":[{"name":"wp","href":"https:\/\/api.w.org\/{rel}","templated":true}]}}