{"id":24857,"date":"2025-08-24T14:32:25","date_gmt":"2025-08-24T12:32:25","guid":{"rendered":"https:\/\/museliving.auxodev2.dk\/?post_type=product&#038;p=24857"},"modified":"2025-08-30T17:48:57","modified_gmt":"2025-08-30T15:48:57","slug":"bagplade-roeget-eg","status":"publish","type":"product","link":"https:\/\/museliving.auxodev2.dk\/da\/product\/bagplade-roeget-eg\/","title":{"rendered":"Bagplade &#8211; R\u00f8get Eg"},"content":{"rendered":"<p>Bagplade er designet til installation p\u00e5 vinreoler. Det giver ekstra funktionalitet og giver et mere \u00e6stetisk udseende. De hj\u00e6lper med at beskytte vinflasker mod st\u00f8v og snavs, der kan komme fra bagsiden af reolen, og forhindrer flasker i at falde, samtidig med at de giver ekstra st\u00f8tte. Disse bagplader giver din vinreol et mere f\u00e6rdigt og ryddeligt udseende, samtidig med at de fremh\u00e6ver tr\u00e6ets sk\u00f8nhed.<\/p>\n<p>Installerede bagplader tilf\u00f8jer stivhed til hele reolstrukturen, hvilket g\u00f8r den mere stabil og holdbar. De kan ogs\u00e5 hj\u00e6lpe med at isolere vinreoler bedre, hvilket er nyttigt i milj\u00f8er med varierende indend\u00f8rs temperaturer og luftfugtighed. S\u00e5ledes er bagplader ikke bare et almindeligt tilbeh\u00f8r, men et vigtigt element, der udf\u00f8rer beskyttende, dekorative og strukturelle funktioner, hvilket g\u00f8r din vinreol mere praktisk og attraktiv.<\/p>\n<p>Alle vores vinreol-tilbeh\u00f8r kan tilpasses. Hvis du har specielle krav, skal du ikke t\u00f8ve med at kontakte os: <a href=\"mailto:sales@museliving.eu\"><em><strong>sales@museliving.eu<\/strong><\/em><\/a><\/p>\n","protected":false},"excerpt":{"rendered":"<p>Bagplade er designet til installation p\u00e5 vinreoler. Det giver ekstra funktionalitet og giver et mere \u00e6stetisk udseende. De hj\u00e6lper med at beskytte vinflasker mod st\u00f8v og snavs, der kan komme fra bagsiden af reolen, og forhindrer flasker i at falde, samtidig med at de giver ekstra st\u00f8tte. Disse bagplader giver din vinreol et mere f\u00e6rdigt [&hellip;]<\/p>\n","protected":false},"featured_media":22012,"template":"","meta":{"_acf_changed":false},"product_brand":[],"product_cat":[584,581],"product_tag":[],"class_list":{"0":"post-24857","1":"product","2":"type-product","3":"status-publish","4":"has-post-thumbnail","6":"product_cat-tilbehoer-vinreoler","7":"product_cat-vinreoler","9":"first","10":"instock","11":"taxable","12":"shipping-taxable","13":"purchasable","14":"product-type-simple"},"acf":[],"yoast_head":"<!-- This site is optimized with the Yoast SEO plugin v26.9 - https:\/\/yoast.com\/product\/yoast-seo-wordpress\/ -->\n<title>Bagplade - R\u00f8get Eg - museliving.eu<\/title>\n<meta name=\"robots\" content=\"noindex, follow, max-snippet:-1, max-image-preview:large, max-video-preview:-1\" \/>\n<meta property=\"og:locale\" content=\"da_DK\" \/>\n<meta property=\"og:type\" content=\"article\" \/>\n<meta property=\"og:title\" content=\"Bagplade - R\u00f8get Eg - museliving.eu\" \/>\n<meta property=\"og:description\" content=\"Bagplade er designet til installation p\u00e5 vinreoler. Det giver ekstra funktionalitet og giver et mere \u00e6stetisk udseende. De hj\u00e6lper med at beskytte vinflasker mod st\u00f8v og snavs, der kan komme fra bagsiden af reolen, og forhindrer flasker i at falde, samtidig med at de giver ekstra st\u00f8tte. Disse bagplader giver din vinreol et mere f\u00e6rdigt [&hellip;]\" \/>\n<meta property=\"og:url\" content=\"https:\/\/museliving.auxodev2.dk\/da\/product\/bagplade-roeget-eg\/\" \/>\n<meta property=\"og:site_name\" content=\"museliving.eu\" \/>\n<meta property=\"article:modified_time\" content=\"2025-08-30T15:48:57+00:00\" \/>\n<meta property=\"og:image\" content=\"https:\/\/museliving.auxodev2.dk\/wp-content\/uploads\/Photo-coming.png\" \/>\n\t<meta property=\"og:image:width\" content=\"1200\" \/>\n\t<meta property=\"og:image:height\" content=\"1200\" \/>\n\t<meta property=\"og:image:type\" content=\"image\/png\" \/>\n<meta name=\"twitter:card\" content=\"summary_large_image\" \/>\n<meta name=\"twitter:label1\" content=\"Estimeret l\u00e6setid\" \/>\n\t<meta name=\"twitter:data1\" content=\"1 minut\" \/>\n<script type=\"application\/ld+json\" class=\"yoast-schema-graph\">{\"@context\":\"https:\/\/schema.org\",\"@graph\":[{\"@type\":\"WebPage\",\"@id\":\"https:\/\/museliving.auxodev2.dk\/da\/product\/bagplade-roeget-eg\/\",\"url\":\"https:\/\/museliving.auxodev2.dk\/da\/product\/bagplade-roeget-eg\/\",\"name\":\"Bagplade - R\u00f8get Eg - museliving.eu\",\"isPartOf\":{\"@id\":\"https:\/\/museliving.auxodev2.dk\/da\/#website\"},\"primaryImageOfPage\":{\"@id\":\"https:\/\/museliving.auxodev2.dk\/da\/product\/bagplade-roeget-eg\/#primaryimage\"},\"image\":{\"@id\":\"https:\/\/museliving.auxodev2.dk\/da\/product\/bagplade-roeget-eg\/#primaryimage\"},\"thumbnailUrl\":\"https:\/\/museliving.auxodev2.dk\/wp-content\/uploads\/Photo-coming.png\",\"datePublished\":\"2025-08-24T12:32:25+00:00\",\"dateModified\":\"2025-08-30T15:48:57+00:00\",\"breadcrumb\":{\"@id\":\"https:\/\/museliving.auxodev2.dk\/da\/product\/bagplade-roeget-eg\/#breadcrumb\"},\"inLanguage\":\"da-DK\",\"potentialAction\":[{\"@type\":\"ReadAction\",\"target\":[\"https:\/\/museliving.auxodev2.dk\/da\/product\/bagplade-roeget-eg\/\"]}]},{\"@type\":\"ImageObject\",\"inLanguage\":\"da-DK\",\"@id\":\"https:\/\/museliving.auxodev2.dk\/da\/product\/bagplade-roeget-eg\/#primaryimage\",\"url\":\"https:\/\/museliving.auxodev2.dk\/wp-content\/uploads\/Photo-coming.png\",\"contentUrl\":\"https:\/\/museliving.auxodev2.dk\/wp-content\/uploads\/Photo-coming.png\",\"width\":1200,\"height\":1200},{\"@type\":\"BreadcrumbList\",\"@id\":\"https:\/\/museliving.auxodev2.dk\/da\/product\/bagplade-roeget-eg\/#breadcrumb\",\"itemListElement\":[{\"@type\":\"ListItem\",\"position\":1,\"name\":\"Home\",\"item\":\"https:\/\/museliving.auxodev2.dk\/da\/hjem\/\"},{\"@type\":\"ListItem\",\"position\":2,\"name\":\"Alle produkter\",\"item\":\"https:\/\/museliving.auxodev2.dk\/da\/shop\/\"},{\"@type\":\"ListItem\",\"position\":3,\"name\":\"Vinreoler\",\"item\":\"https:\/\/museliving.auxodev2.dk\/da\/category\/vinreoler\/\"},{\"@type\":\"ListItem\",\"position\":4,\"name\":\"Tilbeh\u00f8r\",\"item\":\"https:\/\/museliving.auxodev2.dk\/da\/category\/vinreoler\/tilbehoer-vinreoler\/\"},{\"@type\":\"ListItem\",\"position\":5,\"name\":\"Bagplade &#8211; R\u00f8get Eg\"}]},{\"@type\":\"WebSite\",\"@id\":\"https:\/\/museliving.auxodev2.dk\/da\/#website\",\"url\":\"https:\/\/museliving.auxodev2.dk\/da\/\",\"name\":\"museliving.eu\",\"description\":\"\",\"publisher\":{\"@id\":\"https:\/\/museliving.auxodev2.dk\/da\/#organization\"},\"potentialAction\":[{\"@type\":\"SearchAction\",\"target\":{\"@type\":\"EntryPoint\",\"urlTemplate\":\"https:\/\/museliving.auxodev2.dk\/da\/?s={search_term_string}\"},\"query-input\":{\"@type\":\"PropertyValueSpecification\",\"valueRequired\":true,\"valueName\":\"search_term_string\"}}],\"inLanguage\":\"da-DK\"},{\"@type\":\"Organization\",\"@id\":\"https:\/\/museliving.auxodev2.dk\/da\/#organization\",\"name\":\"Museliving\",\"url\":\"https:\/\/museliving.auxodev2.dk\/da\/\",\"logo\":{\"@type\":\"ImageObject\",\"inLanguage\":\"da-DK\",\"@id\":\"https:\/\/museliving.auxodev2.dk\/da\/#\/schema\/logo\/image\/\",\"url\":\"https:\/\/museliving.auxodev2.dk\/wp-content\/uploads\/websted-logo.png\",\"contentUrl\":\"https:\/\/museliving.auxodev2.dk\/wp-content\/uploads\/websted-logo.png\",\"width\":350,\"height\":100,\"caption\":\"Museliving\"},\"image\":{\"@id\":\"https:\/\/museliving.auxodev2.dk\/da\/#\/schema\/logo\/image\/\"}}]}<\/script>\n<!-- \/ Yoast SEO plugin. -->","yoast_head_json":{"title":"Bagplade - R\u00f8get Eg - museliving.eu","robots":{"index":"noindex","follow":"follow","max-snippet":"max-snippet:-1","max-image-preview":"max-image-preview:large","max-video-preview":"max-video-preview:-1"},"og_locale":"da_DK","og_type":"article","og_title":"Bagplade - R\u00f8get Eg - museliving.eu","og_description":"Bagplade er designet til installation p\u00e5 vinreoler. Det giver ekstra funktionalitet og giver et mere \u00e6stetisk udseende. De hj\u00e6lper med at beskytte vinflasker mod st\u00f8v og snavs, der kan komme fra bagsiden af reolen, og forhindrer flasker i at falde, samtidig med at de giver ekstra st\u00f8tte. Disse bagplader giver din vinreol et mere f\u00e6rdigt [&hellip;]","og_url":"https:\/\/museliving.auxodev2.dk\/da\/product\/bagplade-roeget-eg\/","og_site_name":"museliving.eu","article_modified_time":"2025-08-30T15:48:57+00:00","og_image":[{"width":1200,"height":1200,"url":"https:\/\/museliving.auxodev2.dk\/wp-content\/uploads\/Photo-coming.png","type":"image\/png"}],"twitter_card":"summary_large_image","twitter_misc":{"Estimeret l\u00e6setid":"1 minut"},"schema":{"@context":"https:\/\/schema.org","@graph":[{"@type":"WebPage","@id":"https:\/\/museliving.auxodev2.dk\/da\/product\/bagplade-roeget-eg\/","url":"https:\/\/museliving.auxodev2.dk\/da\/product\/bagplade-roeget-eg\/","name":"Bagplade - R\u00f8get Eg - museliving.eu","isPartOf":{"@id":"https:\/\/museliving.auxodev2.dk\/da\/#website"},"primaryImageOfPage":{"@id":"https:\/\/museliving.auxodev2.dk\/da\/product\/bagplade-roeget-eg\/#primaryimage"},"image":{"@id":"https:\/\/museliving.auxodev2.dk\/da\/product\/bagplade-roeget-eg\/#primaryimage"},"thumbnailUrl":"https:\/\/museliving.auxodev2.dk\/wp-content\/uploads\/Photo-coming.png","datePublished":"2025-08-24T12:32:25+00:00","dateModified":"2025-08-30T15:48:57+00:00","breadcrumb":{"@id":"https:\/\/museliving.auxodev2.dk\/da\/product\/bagplade-roeget-eg\/#breadcrumb"},"inLanguage":"da-DK","potentialAction":[{"@type":"ReadAction","target":["https:\/\/museliving.auxodev2.dk\/da\/product\/bagplade-roeget-eg\/"]}]},{"@type":"ImageObject","inLanguage":"da-DK","@id":"https:\/\/museliving.auxodev2.dk\/da\/product\/bagplade-roeget-eg\/#primaryimage","url":"https:\/\/museliving.auxodev2.dk\/wp-content\/uploads\/Photo-coming.png","contentUrl":"https:\/\/museliving.auxodev2.dk\/wp-content\/uploads\/Photo-coming.png","width":1200,"height":1200},{"@type":"BreadcrumbList","@id":"https:\/\/museliving.auxodev2.dk\/da\/product\/bagplade-roeget-eg\/#breadcrumb","itemListElement":[{"@type":"ListItem","position":1,"name":"Home","item":"https:\/\/museliving.auxodev2.dk\/da\/hjem\/"},{"@type":"ListItem","position":2,"name":"Alle produkter","item":"https:\/\/museliving.auxodev2.dk\/da\/shop\/"},{"@type":"ListItem","position":3,"name":"Vinreoler","item":"https:\/\/museliving.auxodev2.dk\/da\/category\/vinreoler\/"},{"@type":"ListItem","position":4,"name":"Tilbeh\u00f8r","item":"https:\/\/museliving.auxodev2.dk\/da\/category\/vinreoler\/tilbehoer-vinreoler\/"},{"@type":"ListItem","position":5,"name":"Bagplade &#8211; R\u00f8get Eg"}]},{"@type":"WebSite","@id":"https:\/\/museliving.auxodev2.dk\/da\/#website","url":"https:\/\/museliving.auxodev2.dk\/da\/","name":"museliving.eu","description":"","publisher":{"@id":"https:\/\/museliving.auxodev2.dk\/da\/#organization"},"potentialAction":[{"@type":"SearchAction","target":{"@type":"EntryPoint","urlTemplate":"https:\/\/museliving.auxodev2.dk\/da\/?s={search_term_string}"},"query-input":{"@type":"PropertyValueSpecification","valueRequired":true,"valueName":"search_term_string"}}],"inLanguage":"da-DK"},{"@type":"Organization","@id":"https:\/\/museliving.auxodev2.dk\/da\/#organization","name":"Museliving","url":"https:\/\/museliving.auxodev2.dk\/da\/","logo":{"@type":"ImageObject","inLanguage":"da-DK","@id":"https:\/\/museliving.auxodev2.dk\/da\/#\/schema\/logo\/image\/","url":"https:\/\/museliving.auxodev2.dk\/wp-content\/uploads\/websted-logo.png","contentUrl":"https:\/\/museliving.auxodev2.dk\/wp-content\/uploads\/websted-logo.png","width":350,"height":100,"caption":"Museliving"},"image":{"@id":"https:\/\/museliving.auxodev2.dk\/da\/#\/schema\/logo\/image\/"}}]}},"_links":{"self":[{"href":"https:\/\/museliving.auxodev2.dk\/da\/wp-json\/wp\/v2\/product\/24857","targetHints":{"allow":["GET"]}}],"collection":[{"href":"https:\/\/museliving.auxodev2.dk\/da\/wp-json\/wp\/v2\/product"}],"about":[{"href":"https:\/\/museliving.auxodev2.dk\/da\/wp-json\/wp\/v2\/types\/product"}],"version-history":[{"count":4,"href":"https:\/\/museliving.auxodev2.dk\/da\/wp-json\/wp\/v2\/product\/24857\/revisions"}],"predecessor-version":[{"id":25099,"href":"https:\/\/museliving.auxodev2.dk\/da\/wp-json\/wp\/v2\/product\/24857\/revisions\/25099"}],"wp:featuredmedia":[{"embeddable":true,"href":"https:\/\/museliving.auxodev2.dk\/da\/wp-json\/wp\/v2\/media\/22012"}],"wp:attachment":[{"href":"https:\/\/museliving.auxodev2.dk\/da\/wp-json\/wp\/v2\/media?parent=24857"}],"wp:term":[{"taxonomy":"product_brand","embeddable":true,"href":"https:\/\/museliving.auxodev2.dk\/da\/wp-json\/wp\/v2\/product_brand?post=24857"},{"taxonomy":"product_cat","embeddable":true,"href":"https:\/\/museliving.auxodev2.dk\/da\/wp-json\/wp\/v2\/product_cat?post=24857"},{"taxonomy":"product_tag","embeddable":true,"href":"https:\/\/museliving.auxodev2.dk\/da\/wp-json\/wp\/v2\/product_tag?post=24857"}],"curies":[{"name":"wp","href":"https:\/\/api.w.org\/{rel}","templated":true}]}}