{"id":24794,"date":"2025-08-24T13:52:19","date_gmt":"2025-08-24T11:52:19","guid":{"rendered":"https:\/\/museliving.auxodev2.dk\/?post_type=product&#038;p=24794"},"modified":"2025-08-30T17:39:59","modified_gmt":"2025-08-30T15:39:59","slug":"doer-fyrretrae-og-dansk-snor","status":"publish","type":"product","link":"https:\/\/museliving.auxodev2.dk\/da\/product\/doer-fyrretrae-og-dansk-snor\/","title":{"rendered":"D\u00f8r &#8211; Fyrretr\u00e6 og dansk snor"},"content":{"rendered":"<p>Introduktion af vinreol-d\u00f8re. Afh\u00e6ngigt af modellen er d\u00f8rene v\u00e6vet af enten rattan eller dansk snor, hvilket giver dem et originalt og stilfuldt udseende. D\u00f8rrammen er lavet af holdbart fyr- eller egetr\u00e6. Dette holdbare design sikrer et klassisk og robust udseende.<\/p>\n<p>Disse d\u00f8re beskytter din vin mod st\u00f8v og lys og sikrer langtidsholdbar opbevaring under ideelle forhold. Den v\u00e6vede struktur giver god ventilation og bevarer vinens kvalitet. Derudover blokkerer d\u00f8rene u\u00f8nskede partikler og sollys, hvilket beskytter vinens smag og kvalitet.<\/p>\n<p>De hj\u00e6lper ogs\u00e5 med at opretholde en stabil temperatur og luftfugtighed i vinreolen, hvilket er afg\u00f8rende for at bevare vinen. At tilf\u00f8je d\u00f8re til vinreoler giver et f\u00e6rdigt look og g\u00f8r dem til en mere praktisk og attraktiv del af din indretning. Dette tilbeh\u00f8r vil tilf\u00f8je et strejf af elegance og afslutning til din vinreol og demonstrere din opm\u00e6rksomhed p\u00e5 detaljer og pleje af din vins kvalitet.<\/p>\n<p>Alle vores vinreol-tilbeh\u00f8r kan tilpasses. Hvis du har specielle krav, skal du ikke t\u00f8ve med at kontakte os: <a href=\"mailto:sales@museliving.eu\"><em><strong>sales@museliving.eu<\/strong><\/em><\/a><\/p>\n","protected":false},"excerpt":{"rendered":"<p>Introduktion af vinreol-d\u00f8re. Afh\u00e6ngigt af modellen er d\u00f8rene v\u00e6vet af enten rattan eller dansk snor, hvilket giver dem et originalt og stilfuldt udseende. D\u00f8rrammen er lavet af holdbart fyr- eller egetr\u00e6. Dette holdbare design sikrer et klassisk og robust udseende. Disse d\u00f8re beskytter din vin mod st\u00f8v og lys og sikrer langtidsholdbar opbevaring under ideelle [&hellip;]<\/p>\n","protected":false},"featured_media":22012,"template":"","meta":{"_acf_changed":false},"product_brand":[],"product_cat":[584,581],"product_tag":[],"class_list":{"0":"post-24794","1":"product","2":"type-product","3":"status-publish","4":"has-post-thumbnail","6":"product_cat-tilbehoer-vinreoler","7":"product_cat-vinreoler","9":"first","10":"instock","11":"taxable","12":"shipping-taxable","13":"purchasable","14":"product-type-simple"},"acf":[],"yoast_head":"<!-- This site is optimized with the Yoast SEO plugin v26.9 - https:\/\/yoast.com\/product\/yoast-seo-wordpress\/ -->\n<title>D\u00f8r - Fyrretr\u00e6 og dansk snor - museliving.eu<\/title>\n<meta name=\"robots\" content=\"noindex, follow, max-snippet:-1, max-image-preview:large, max-video-preview:-1\" \/>\n<meta property=\"og:locale\" content=\"da_DK\" \/>\n<meta property=\"og:type\" content=\"article\" \/>\n<meta property=\"og:title\" content=\"D\u00f8r - Fyrretr\u00e6 og dansk snor - museliving.eu\" \/>\n<meta property=\"og:description\" content=\"Introduktion af vinreol-d\u00f8re. Afh\u00e6ngigt af modellen er d\u00f8rene v\u00e6vet af enten rattan eller dansk snor, hvilket giver dem et originalt og stilfuldt udseende. D\u00f8rrammen er lavet af holdbart fyr- eller egetr\u00e6. Dette holdbare design sikrer et klassisk og robust udseende. Disse d\u00f8re beskytter din vin mod st\u00f8v og lys og sikrer langtidsholdbar opbevaring under ideelle [&hellip;]\" \/>\n<meta property=\"og:url\" content=\"https:\/\/museliving.auxodev2.dk\/da\/product\/doer-fyrretrae-og-dansk-snor\/\" \/>\n<meta property=\"og:site_name\" content=\"museliving.eu\" \/>\n<meta property=\"article:modified_time\" content=\"2025-08-30T15:39:59+00:00\" \/>\n<meta property=\"og:image\" content=\"https:\/\/museliving.auxodev2.dk\/wp-content\/uploads\/Photo-coming.png\" \/>\n\t<meta property=\"og:image:width\" content=\"1200\" \/>\n\t<meta property=\"og:image:height\" content=\"1200\" \/>\n\t<meta property=\"og:image:type\" content=\"image\/png\" \/>\n<meta name=\"twitter:card\" content=\"summary_large_image\" \/>\n<meta name=\"twitter:label1\" content=\"Estimeret l\u00e6setid\" \/>\n\t<meta name=\"twitter:data1\" content=\"1 minut\" \/>\n<script type=\"application\/ld+json\" class=\"yoast-schema-graph\">{\"@context\":\"https:\/\/schema.org\",\"@graph\":[{\"@type\":\"WebPage\",\"@id\":\"https:\/\/museliving.auxodev2.dk\/da\/product\/doer-fyrretrae-og-dansk-snor\/\",\"url\":\"https:\/\/museliving.auxodev2.dk\/da\/product\/doer-fyrretrae-og-dansk-snor\/\",\"name\":\"D\u00f8r - Fyrretr\u00e6 og dansk snor - museliving.eu\",\"isPartOf\":{\"@id\":\"https:\/\/museliving.auxodev2.dk\/da\/#website\"},\"primaryImageOfPage\":{\"@id\":\"https:\/\/museliving.auxodev2.dk\/da\/product\/doer-fyrretrae-og-dansk-snor\/#primaryimage\"},\"image\":{\"@id\":\"https:\/\/museliving.auxodev2.dk\/da\/product\/doer-fyrretrae-og-dansk-snor\/#primaryimage\"},\"thumbnailUrl\":\"https:\/\/museliving.auxodev2.dk\/wp-content\/uploads\/Photo-coming.png\",\"datePublished\":\"2025-08-24T11:52:19+00:00\",\"dateModified\":\"2025-08-30T15:39:59+00:00\",\"breadcrumb\":{\"@id\":\"https:\/\/museliving.auxodev2.dk\/da\/product\/doer-fyrretrae-og-dansk-snor\/#breadcrumb\"},\"inLanguage\":\"da-DK\",\"potentialAction\":[{\"@type\":\"ReadAction\",\"target\":[\"https:\/\/museliving.auxodev2.dk\/da\/product\/doer-fyrretrae-og-dansk-snor\/\"]}]},{\"@type\":\"ImageObject\",\"inLanguage\":\"da-DK\",\"@id\":\"https:\/\/museliving.auxodev2.dk\/da\/product\/doer-fyrretrae-og-dansk-snor\/#primaryimage\",\"url\":\"https:\/\/museliving.auxodev2.dk\/wp-content\/uploads\/Photo-coming.png\",\"contentUrl\":\"https:\/\/museliving.auxodev2.dk\/wp-content\/uploads\/Photo-coming.png\",\"width\":1200,\"height\":1200},{\"@type\":\"BreadcrumbList\",\"@id\":\"https:\/\/museliving.auxodev2.dk\/da\/product\/doer-fyrretrae-og-dansk-snor\/#breadcrumb\",\"itemListElement\":[{\"@type\":\"ListItem\",\"position\":1,\"name\":\"Home\",\"item\":\"https:\/\/museliving.auxodev2.dk\/da\/hjem\/\"},{\"@type\":\"ListItem\",\"position\":2,\"name\":\"Alle produkter\",\"item\":\"https:\/\/museliving.auxodev2.dk\/da\/shop\/\"},{\"@type\":\"ListItem\",\"position\":3,\"name\":\"Vinreoler\",\"item\":\"https:\/\/museliving.auxodev2.dk\/da\/category\/vinreoler\/\"},{\"@type\":\"ListItem\",\"position\":4,\"name\":\"Tilbeh\u00f8r\",\"item\":\"https:\/\/museliving.auxodev2.dk\/da\/category\/vinreoler\/tilbehoer-vinreoler\/\"},{\"@type\":\"ListItem\",\"position\":5,\"name\":\"D\u00f8r &#8211; Fyrretr\u00e6 og dansk snor\"}]},{\"@type\":\"WebSite\",\"@id\":\"https:\/\/museliving.auxodev2.dk\/da\/#website\",\"url\":\"https:\/\/museliving.auxodev2.dk\/da\/\",\"name\":\"museliving.eu\",\"description\":\"\",\"publisher\":{\"@id\":\"https:\/\/museliving.auxodev2.dk\/da\/#organization\"},\"potentialAction\":[{\"@type\":\"SearchAction\",\"target\":{\"@type\":\"EntryPoint\",\"urlTemplate\":\"https:\/\/museliving.auxodev2.dk\/da\/?s={search_term_string}\"},\"query-input\":{\"@type\":\"PropertyValueSpecification\",\"valueRequired\":true,\"valueName\":\"search_term_string\"}}],\"inLanguage\":\"da-DK\"},{\"@type\":\"Organization\",\"@id\":\"https:\/\/museliving.auxodev2.dk\/da\/#organization\",\"name\":\"Museliving\",\"url\":\"https:\/\/museliving.auxodev2.dk\/da\/\",\"logo\":{\"@type\":\"ImageObject\",\"inLanguage\":\"da-DK\",\"@id\":\"https:\/\/museliving.auxodev2.dk\/da\/#\/schema\/logo\/image\/\",\"url\":\"https:\/\/museliving.auxodev2.dk\/wp-content\/uploads\/websted-logo.png\",\"contentUrl\":\"https:\/\/museliving.auxodev2.dk\/wp-content\/uploads\/websted-logo.png\",\"width\":350,\"height\":100,\"caption\":\"Museliving\"},\"image\":{\"@id\":\"https:\/\/museliving.auxodev2.dk\/da\/#\/schema\/logo\/image\/\"}}]}<\/script>\n<!-- \/ Yoast SEO plugin. -->","yoast_head_json":{"title":"D\u00f8r - Fyrretr\u00e6 og dansk snor - museliving.eu","robots":{"index":"noindex","follow":"follow","max-snippet":"max-snippet:-1","max-image-preview":"max-image-preview:large","max-video-preview":"max-video-preview:-1"},"og_locale":"da_DK","og_type":"article","og_title":"D\u00f8r - Fyrretr\u00e6 og dansk snor - museliving.eu","og_description":"Introduktion af vinreol-d\u00f8re. Afh\u00e6ngigt af modellen er d\u00f8rene v\u00e6vet af enten rattan eller dansk snor, hvilket giver dem et originalt og stilfuldt udseende. D\u00f8rrammen er lavet af holdbart fyr- eller egetr\u00e6. Dette holdbare design sikrer et klassisk og robust udseende. Disse d\u00f8re beskytter din vin mod st\u00f8v og lys og sikrer langtidsholdbar opbevaring under ideelle [&hellip;]","og_url":"https:\/\/museliving.auxodev2.dk\/da\/product\/doer-fyrretrae-og-dansk-snor\/","og_site_name":"museliving.eu","article_modified_time":"2025-08-30T15:39:59+00:00","og_image":[{"width":1200,"height":1200,"url":"https:\/\/museliving.auxodev2.dk\/wp-content\/uploads\/Photo-coming.png","type":"image\/png"}],"twitter_card":"summary_large_image","twitter_misc":{"Estimeret l\u00e6setid":"1 minut"},"schema":{"@context":"https:\/\/schema.org","@graph":[{"@type":"WebPage","@id":"https:\/\/museliving.auxodev2.dk\/da\/product\/doer-fyrretrae-og-dansk-snor\/","url":"https:\/\/museliving.auxodev2.dk\/da\/product\/doer-fyrretrae-og-dansk-snor\/","name":"D\u00f8r - Fyrretr\u00e6 og dansk snor - museliving.eu","isPartOf":{"@id":"https:\/\/museliving.auxodev2.dk\/da\/#website"},"primaryImageOfPage":{"@id":"https:\/\/museliving.auxodev2.dk\/da\/product\/doer-fyrretrae-og-dansk-snor\/#primaryimage"},"image":{"@id":"https:\/\/museliving.auxodev2.dk\/da\/product\/doer-fyrretrae-og-dansk-snor\/#primaryimage"},"thumbnailUrl":"https:\/\/museliving.auxodev2.dk\/wp-content\/uploads\/Photo-coming.png","datePublished":"2025-08-24T11:52:19+00:00","dateModified":"2025-08-30T15:39:59+00:00","breadcrumb":{"@id":"https:\/\/museliving.auxodev2.dk\/da\/product\/doer-fyrretrae-og-dansk-snor\/#breadcrumb"},"inLanguage":"da-DK","potentialAction":[{"@type":"ReadAction","target":["https:\/\/museliving.auxodev2.dk\/da\/product\/doer-fyrretrae-og-dansk-snor\/"]}]},{"@type":"ImageObject","inLanguage":"da-DK","@id":"https:\/\/museliving.auxodev2.dk\/da\/product\/doer-fyrretrae-og-dansk-snor\/#primaryimage","url":"https:\/\/museliving.auxodev2.dk\/wp-content\/uploads\/Photo-coming.png","contentUrl":"https:\/\/museliving.auxodev2.dk\/wp-content\/uploads\/Photo-coming.png","width":1200,"height":1200},{"@type":"BreadcrumbList","@id":"https:\/\/museliving.auxodev2.dk\/da\/product\/doer-fyrretrae-og-dansk-snor\/#breadcrumb","itemListElement":[{"@type":"ListItem","position":1,"name":"Home","item":"https:\/\/museliving.auxodev2.dk\/da\/hjem\/"},{"@type":"ListItem","position":2,"name":"Alle produkter","item":"https:\/\/museliving.auxodev2.dk\/da\/shop\/"},{"@type":"ListItem","position":3,"name":"Vinreoler","item":"https:\/\/museliving.auxodev2.dk\/da\/category\/vinreoler\/"},{"@type":"ListItem","position":4,"name":"Tilbeh\u00f8r","item":"https:\/\/museliving.auxodev2.dk\/da\/category\/vinreoler\/tilbehoer-vinreoler\/"},{"@type":"ListItem","position":5,"name":"D\u00f8r &#8211; Fyrretr\u00e6 og dansk snor"}]},{"@type":"WebSite","@id":"https:\/\/museliving.auxodev2.dk\/da\/#website","url":"https:\/\/museliving.auxodev2.dk\/da\/","name":"museliving.eu","description":"","publisher":{"@id":"https:\/\/museliving.auxodev2.dk\/da\/#organization"},"potentialAction":[{"@type":"SearchAction","target":{"@type":"EntryPoint","urlTemplate":"https:\/\/museliving.auxodev2.dk\/da\/?s={search_term_string}"},"query-input":{"@type":"PropertyValueSpecification","valueRequired":true,"valueName":"search_term_string"}}],"inLanguage":"da-DK"},{"@type":"Organization","@id":"https:\/\/museliving.auxodev2.dk\/da\/#organization","name":"Museliving","url":"https:\/\/museliving.auxodev2.dk\/da\/","logo":{"@type":"ImageObject","inLanguage":"da-DK","@id":"https:\/\/museliving.auxodev2.dk\/da\/#\/schema\/logo\/image\/","url":"https:\/\/museliving.auxodev2.dk\/wp-content\/uploads\/websted-logo.png","contentUrl":"https:\/\/museliving.auxodev2.dk\/wp-content\/uploads\/websted-logo.png","width":350,"height":100,"caption":"Museliving"},"image":{"@id":"https:\/\/museliving.auxodev2.dk\/da\/#\/schema\/logo\/image\/"}}]}},"_links":{"self":[{"href":"https:\/\/museliving.auxodev2.dk\/da\/wp-json\/wp\/v2\/product\/24794","targetHints":{"allow":["GET"]}}],"collection":[{"href":"https:\/\/museliving.auxodev2.dk\/da\/wp-json\/wp\/v2\/product"}],"about":[{"href":"https:\/\/museliving.auxodev2.dk\/da\/wp-json\/wp\/v2\/types\/product"}],"version-history":[{"count":3,"href":"https:\/\/museliving.auxodev2.dk\/da\/wp-json\/wp\/v2\/product\/24794\/revisions"}],"predecessor-version":[{"id":25083,"href":"https:\/\/museliving.auxodev2.dk\/da\/wp-json\/wp\/v2\/product\/24794\/revisions\/25083"}],"wp:featuredmedia":[{"embeddable":true,"href":"https:\/\/museliving.auxodev2.dk\/da\/wp-json\/wp\/v2\/media\/22012"}],"wp:attachment":[{"href":"https:\/\/museliving.auxodev2.dk\/da\/wp-json\/wp\/v2\/media?parent=24794"}],"wp:term":[{"taxonomy":"product_brand","embeddable":true,"href":"https:\/\/museliving.auxodev2.dk\/da\/wp-json\/wp\/v2\/product_brand?post=24794"},{"taxonomy":"product_cat","embeddable":true,"href":"https:\/\/museliving.auxodev2.dk\/da\/wp-json\/wp\/v2\/product_cat?post=24794"},{"taxonomy":"product_tag","embeddable":true,"href":"https:\/\/museliving.auxodev2.dk\/da\/wp-json\/wp\/v2\/product_tag?post=24794"}],"curies":[{"name":"wp","href":"https:\/\/api.w.org\/{rel}","templated":true}]}}