{"id":24733,"date":"2025-08-24T13:10:05","date_gmt":"2025-08-24T11:10:05","guid":{"rendered":"https:\/\/museliving.auxodev2.dk\/?post_type=product&#038;p=24733"},"modified":"2025-08-30T16:45:03","modified_gmt":"2025-08-30T14:45:03","slug":"vinreolbase-30cm-braendt-fyrretrae","status":"publish","type":"product","link":"https:\/\/museliving.auxodev2.dk\/da\/product\/vinreolbase-30cm-braendt-fyrretrae\/","title":{"rendered":"Vinreolbase 30cm &#8211; Br\u00e6ndt Fyrretr\u00e6"},"content":{"rendered":"<p>Basen til vinreolen er et vigtigt element, der beskytter din reol og dens indhold. Vi anbefaler at h\u00e6ve reolen et par centimeter over jorden for at undg\u00e5 fugtp\u00e5virkning og forhindre potentiel skade. Denne base giver ogs\u00e5 strukturen et f\u00e6rdigt udseende og sikrer stabilitet p\u00e5 enhver overflade.<\/p>\n<h4><strong>Fordele:<\/strong><\/h4>\n<ul>\n<li>Beskytter vinreoler og deres indhold mod fugt<\/li>\n<li>Giver stabilitet p\u00e5 enhver overflade<\/li>\n<li>Velegnet til brug i hjemme samlinger, vink\u00e6ldre og restauranter<\/li>\n<li>Kompatibel med Winenest og Vinovault vinreoler<\/li>\n<li>Forbedrer den \u00e6stetiske appel af reolen<\/li>\n<\/ul>\n<p>Med vores base vil din vinreol st\u00e5 sikkert og stabilt, hvilket holder dine flasker i optimale forhold.<\/p>\n<h4><b>Kontakt os<\/b><\/h4>\n<p>Uanset om du har sp\u00f8rgsm\u00e5l om vores produkter, har brug for r\u00e5dgivning om design eller \u00f8nsker at afgive en specialbestilling, er du velkommen til at kontakte os. Vores venlige og kyndige team st\u00e5r klar til at assistere dig og sikre, at du f\u00e5r den bedste oplevelse med Museliving. <a href=\"https:\/\/museliving.eu\/da\/contact-us\/\">Kontakt os<\/a> her eller send os en e-mail p\u00e5 <a href=\"mailto:sales@museliving.eu\"><b><i>sales@museliving.eu<\/i><\/b><\/a> for at komme i gang.<\/p>\n","protected":false},"excerpt":{"rendered":"<ul>\n<li style=\"text-align: left;\">St\u00f8rrelse (HxWxD cm): 8x30x28 cm<\/li>\n<li style=\"text-align: left;\">Placering: gulv<\/li>\n<li style=\"text-align: left;\">Form\u00e5l: h\u00e6ver vinreoler for ekstra beskyttelse og stabilitet<\/li>\n<li style=\"text-align: left;\">Kompatibilitet: kompatibel med Winenest og Vinovault vinreol-linjer<\/li>\n<li style=\"text-align: left;\">Designet til at beskytte vinreolen mod fugt og andre mulige skader.<\/li>\n<\/ul>\n","protected":false},"featured_media":24734,"template":"","meta":{"_acf_changed":false},"product_brand":[],"product_cat":[584,581],"product_tag":[],"class_list":{"0":"post-24733","1":"product","2":"type-product","3":"status-publish","4":"has-post-thumbnail","6":"product_cat-tilbehoer-vinreoler","7":"product_cat-vinreoler","9":"first","10":"instock","11":"taxable","12":"shipping-taxable","13":"purchasable","14":"product-type-simple"},"acf":[],"yoast_head":"<!-- This site is optimized with the Yoast SEO plugin v26.9 - https:\/\/yoast.com\/product\/yoast-seo-wordpress\/ -->\n<title>Vinreolbase 30cm - Br\u00e6ndt Fyrretr\u00e6 - museliving.eu<\/title>\n<meta name=\"robots\" content=\"noindex, follow, max-snippet:-1, max-image-preview:large, max-video-preview:-1\" \/>\n<meta property=\"og:locale\" content=\"da_DK\" \/>\n<meta property=\"og:type\" content=\"article\" \/>\n<meta property=\"og:title\" content=\"Vinreolbase 30cm - Br\u00e6ndt Fyrretr\u00e6 - museliving.eu\" \/>\n<meta property=\"og:description\" content=\"St\u00f8rrelse (HxWxD cm): 8x30x28 cm  Placering: gulv  Form\u00e5l: h\u00e6ver vinreoler for ekstra beskyttelse og stabilitet  Kompatibilitet: kompatibel med Winenest og Vinovault vinreol-linjer  Designet til at beskytte vinreolen mod fugt og andre mulige skader.\" \/>\n<meta property=\"og:url\" content=\"https:\/\/museliving.auxodev2.dk\/da\/product\/vinreolbase-30cm-braendt-fyrretrae\/\" \/>\n<meta property=\"og:site_name\" content=\"museliving.eu\" \/>\n<meta property=\"article:modified_time\" content=\"2025-08-30T14:45:03+00:00\" \/>\n<meta property=\"og:image\" content=\"https:\/\/museliving.auxodev2.dk\/wp-content\/uploads\/Base-30cm-\u2013-front-1.jpg\" \/>\n\t<meta property=\"og:image:width\" content=\"1200\" \/>\n\t<meta property=\"og:image:height\" content=\"800\" \/>\n\t<meta property=\"og:image:type\" content=\"image\/jpeg\" \/>\n<meta name=\"twitter:card\" content=\"summary_large_image\" \/>\n<meta name=\"twitter:label1\" content=\"Estimeret l\u00e6setid\" \/>\n\t<meta name=\"twitter:data1\" content=\"1 minut\" \/>\n<script type=\"application\/ld+json\" class=\"yoast-schema-graph\">{\"@context\":\"https:\/\/schema.org\",\"@graph\":[{\"@type\":\"WebPage\",\"@id\":\"https:\/\/museliving.auxodev2.dk\/da\/product\/vinreolbase-30cm-braendt-fyrretrae\/\",\"url\":\"https:\/\/museliving.auxodev2.dk\/da\/product\/vinreolbase-30cm-braendt-fyrretrae\/\",\"name\":\"Vinreolbase 30cm - Br\u00e6ndt Fyrretr\u00e6 - museliving.eu\",\"isPartOf\":{\"@id\":\"https:\/\/museliving.auxodev2.dk\/da\/#website\"},\"primaryImageOfPage\":{\"@id\":\"https:\/\/museliving.auxodev2.dk\/da\/product\/vinreolbase-30cm-braendt-fyrretrae\/#primaryimage\"},\"image\":{\"@id\":\"https:\/\/museliving.auxodev2.dk\/da\/product\/vinreolbase-30cm-braendt-fyrretrae\/#primaryimage\"},\"thumbnailUrl\":\"https:\/\/museliving.auxodev2.dk\/wp-content\/uploads\/Base-30cm-\u2013-front-1.jpg\",\"datePublished\":\"2025-08-24T11:10:05+00:00\",\"dateModified\":\"2025-08-30T14:45:03+00:00\",\"breadcrumb\":{\"@id\":\"https:\/\/museliving.auxodev2.dk\/da\/product\/vinreolbase-30cm-braendt-fyrretrae\/#breadcrumb\"},\"inLanguage\":\"da-DK\",\"potentialAction\":[{\"@type\":\"ReadAction\",\"target\":[\"https:\/\/museliving.auxodev2.dk\/da\/product\/vinreolbase-30cm-braendt-fyrretrae\/\"]}]},{\"@type\":\"ImageObject\",\"inLanguage\":\"da-DK\",\"@id\":\"https:\/\/museliving.auxodev2.dk\/da\/product\/vinreolbase-30cm-braendt-fyrretrae\/#primaryimage\",\"url\":\"https:\/\/museliving.auxodev2.dk\/wp-content\/uploads\/Base-30cm-\u2013-front-1.jpg\",\"contentUrl\":\"https:\/\/museliving.auxodev2.dk\/wp-content\/uploads\/Base-30cm-\u2013-front-1.jpg\",\"width\":1200,\"height\":800},{\"@type\":\"BreadcrumbList\",\"@id\":\"https:\/\/museliving.auxodev2.dk\/da\/product\/vinreolbase-30cm-braendt-fyrretrae\/#breadcrumb\",\"itemListElement\":[{\"@type\":\"ListItem\",\"position\":1,\"name\":\"Home\",\"item\":\"https:\/\/museliving.auxodev2.dk\/da\/hjem\/\"},{\"@type\":\"ListItem\",\"position\":2,\"name\":\"Alle produkter\",\"item\":\"https:\/\/museliving.auxodev2.dk\/da\/shop\/\"},{\"@type\":\"ListItem\",\"position\":3,\"name\":\"Vinreoler\",\"item\":\"https:\/\/museliving.auxodev2.dk\/da\/category\/vinreoler\/\"},{\"@type\":\"ListItem\",\"position\":4,\"name\":\"Tilbeh\u00f8r\",\"item\":\"https:\/\/museliving.auxodev2.dk\/da\/category\/vinreoler\/tilbehoer-vinreoler\/\"},{\"@type\":\"ListItem\",\"position\":5,\"name\":\"Vinreolbase 30cm &#8211; Br\u00e6ndt Fyrretr\u00e6\"}]},{\"@type\":\"WebSite\",\"@id\":\"https:\/\/museliving.auxodev2.dk\/da\/#website\",\"url\":\"https:\/\/museliving.auxodev2.dk\/da\/\",\"name\":\"museliving.eu\",\"description\":\"\",\"publisher\":{\"@id\":\"https:\/\/museliving.auxodev2.dk\/da\/#organization\"},\"potentialAction\":[{\"@type\":\"SearchAction\",\"target\":{\"@type\":\"EntryPoint\",\"urlTemplate\":\"https:\/\/museliving.auxodev2.dk\/da\/?s={search_term_string}\"},\"query-input\":{\"@type\":\"PropertyValueSpecification\",\"valueRequired\":true,\"valueName\":\"search_term_string\"}}],\"inLanguage\":\"da-DK\"},{\"@type\":\"Organization\",\"@id\":\"https:\/\/museliving.auxodev2.dk\/da\/#organization\",\"name\":\"Museliving\",\"url\":\"https:\/\/museliving.auxodev2.dk\/da\/\",\"logo\":{\"@type\":\"ImageObject\",\"inLanguage\":\"da-DK\",\"@id\":\"https:\/\/museliving.auxodev2.dk\/da\/#\/schema\/logo\/image\/\",\"url\":\"https:\/\/museliving.auxodev2.dk\/wp-content\/uploads\/websted-logo.png\",\"contentUrl\":\"https:\/\/museliving.auxodev2.dk\/wp-content\/uploads\/websted-logo.png\",\"width\":350,\"height\":100,\"caption\":\"Museliving\"},\"image\":{\"@id\":\"https:\/\/museliving.auxodev2.dk\/da\/#\/schema\/logo\/image\/\"}}]}<\/script>\n<!-- \/ Yoast SEO plugin. -->","yoast_head_json":{"title":"Vinreolbase 30cm - Br\u00e6ndt Fyrretr\u00e6 - museliving.eu","robots":{"index":"noindex","follow":"follow","max-snippet":"max-snippet:-1","max-image-preview":"max-image-preview:large","max-video-preview":"max-video-preview:-1"},"og_locale":"da_DK","og_type":"article","og_title":"Vinreolbase 30cm - Br\u00e6ndt Fyrretr\u00e6 - museliving.eu","og_description":"St\u00f8rrelse (HxWxD cm): 8x30x28 cm  Placering: gulv  Form\u00e5l: h\u00e6ver vinreoler for ekstra beskyttelse og stabilitet  Kompatibilitet: kompatibel med Winenest og Vinovault vinreol-linjer  Designet til at beskytte vinreolen mod fugt og andre mulige skader.","og_url":"https:\/\/museliving.auxodev2.dk\/da\/product\/vinreolbase-30cm-braendt-fyrretrae\/","og_site_name":"museliving.eu","article_modified_time":"2025-08-30T14:45:03+00:00","og_image":[{"width":1200,"height":800,"url":"https:\/\/museliving.auxodev2.dk\/wp-content\/uploads\/Base-30cm-\u2013-front-1.jpg","type":"image\/jpeg"}],"twitter_card":"summary_large_image","twitter_misc":{"Estimeret l\u00e6setid":"1 minut"},"schema":{"@context":"https:\/\/schema.org","@graph":[{"@type":"WebPage","@id":"https:\/\/museliving.auxodev2.dk\/da\/product\/vinreolbase-30cm-braendt-fyrretrae\/","url":"https:\/\/museliving.auxodev2.dk\/da\/product\/vinreolbase-30cm-braendt-fyrretrae\/","name":"Vinreolbase 30cm - Br\u00e6ndt Fyrretr\u00e6 - museliving.eu","isPartOf":{"@id":"https:\/\/museliving.auxodev2.dk\/da\/#website"},"primaryImageOfPage":{"@id":"https:\/\/museliving.auxodev2.dk\/da\/product\/vinreolbase-30cm-braendt-fyrretrae\/#primaryimage"},"image":{"@id":"https:\/\/museliving.auxodev2.dk\/da\/product\/vinreolbase-30cm-braendt-fyrretrae\/#primaryimage"},"thumbnailUrl":"https:\/\/museliving.auxodev2.dk\/wp-content\/uploads\/Base-30cm-\u2013-front-1.jpg","datePublished":"2025-08-24T11:10:05+00:00","dateModified":"2025-08-30T14:45:03+00:00","breadcrumb":{"@id":"https:\/\/museliving.auxodev2.dk\/da\/product\/vinreolbase-30cm-braendt-fyrretrae\/#breadcrumb"},"inLanguage":"da-DK","potentialAction":[{"@type":"ReadAction","target":["https:\/\/museliving.auxodev2.dk\/da\/product\/vinreolbase-30cm-braendt-fyrretrae\/"]}]},{"@type":"ImageObject","inLanguage":"da-DK","@id":"https:\/\/museliving.auxodev2.dk\/da\/product\/vinreolbase-30cm-braendt-fyrretrae\/#primaryimage","url":"https:\/\/museliving.auxodev2.dk\/wp-content\/uploads\/Base-30cm-\u2013-front-1.jpg","contentUrl":"https:\/\/museliving.auxodev2.dk\/wp-content\/uploads\/Base-30cm-\u2013-front-1.jpg","width":1200,"height":800},{"@type":"BreadcrumbList","@id":"https:\/\/museliving.auxodev2.dk\/da\/product\/vinreolbase-30cm-braendt-fyrretrae\/#breadcrumb","itemListElement":[{"@type":"ListItem","position":1,"name":"Home","item":"https:\/\/museliving.auxodev2.dk\/da\/hjem\/"},{"@type":"ListItem","position":2,"name":"Alle produkter","item":"https:\/\/museliving.auxodev2.dk\/da\/shop\/"},{"@type":"ListItem","position":3,"name":"Vinreoler","item":"https:\/\/museliving.auxodev2.dk\/da\/category\/vinreoler\/"},{"@type":"ListItem","position":4,"name":"Tilbeh\u00f8r","item":"https:\/\/museliving.auxodev2.dk\/da\/category\/vinreoler\/tilbehoer-vinreoler\/"},{"@type":"ListItem","position":5,"name":"Vinreolbase 30cm &#8211; Br\u00e6ndt Fyrretr\u00e6"}]},{"@type":"WebSite","@id":"https:\/\/museliving.auxodev2.dk\/da\/#website","url":"https:\/\/museliving.auxodev2.dk\/da\/","name":"museliving.eu","description":"","publisher":{"@id":"https:\/\/museliving.auxodev2.dk\/da\/#organization"},"potentialAction":[{"@type":"SearchAction","target":{"@type":"EntryPoint","urlTemplate":"https:\/\/museliving.auxodev2.dk\/da\/?s={search_term_string}"},"query-input":{"@type":"PropertyValueSpecification","valueRequired":true,"valueName":"search_term_string"}}],"inLanguage":"da-DK"},{"@type":"Organization","@id":"https:\/\/museliving.auxodev2.dk\/da\/#organization","name":"Museliving","url":"https:\/\/museliving.auxodev2.dk\/da\/","logo":{"@type":"ImageObject","inLanguage":"da-DK","@id":"https:\/\/museliving.auxodev2.dk\/da\/#\/schema\/logo\/image\/","url":"https:\/\/museliving.auxodev2.dk\/wp-content\/uploads\/websted-logo.png","contentUrl":"https:\/\/museliving.auxodev2.dk\/wp-content\/uploads\/websted-logo.png","width":350,"height":100,"caption":"Museliving"},"image":{"@id":"https:\/\/museliving.auxodev2.dk\/da\/#\/schema\/logo\/image\/"}}]}},"_links":{"self":[{"href":"https:\/\/museliving.auxodev2.dk\/da\/wp-json\/wp\/v2\/product\/24733","targetHints":{"allow":["GET"]}}],"collection":[{"href":"https:\/\/museliving.auxodev2.dk\/da\/wp-json\/wp\/v2\/product"}],"about":[{"href":"https:\/\/museliving.auxodev2.dk\/da\/wp-json\/wp\/v2\/types\/product"}],"version-history":[{"count":2,"href":"https:\/\/museliving.auxodev2.dk\/da\/wp-json\/wp\/v2\/product\/24733\/revisions"}],"predecessor-version":[{"id":24947,"href":"https:\/\/museliving.auxodev2.dk\/da\/wp-json\/wp\/v2\/product\/24733\/revisions\/24947"}],"wp:featuredmedia":[{"embeddable":true,"href":"https:\/\/museliving.auxodev2.dk\/da\/wp-json\/wp\/v2\/media\/24734"}],"wp:attachment":[{"href":"https:\/\/museliving.auxodev2.dk\/da\/wp-json\/wp\/v2\/media?parent=24733"}],"wp:term":[{"taxonomy":"product_brand","embeddable":true,"href":"https:\/\/museliving.auxodev2.dk\/da\/wp-json\/wp\/v2\/product_brand?post=24733"},{"taxonomy":"product_cat","embeddable":true,"href":"https:\/\/museliving.auxodev2.dk\/da\/wp-json\/wp\/v2\/product_cat?post=24733"},{"taxonomy":"product_tag","embeddable":true,"href":"https:\/\/museliving.auxodev2.dk\/da\/wp-json\/wp\/v2\/product_tag?post=24733"}],"curies":[{"name":"wp","href":"https:\/\/api.w.org\/{rel}","templated":true}]}}