{"id":24328,"date":"2025-08-24T09:14:47","date_gmt":"2025-08-24T07:14:47","guid":{"rendered":"https:\/\/museliving.auxodev2.dk\/?post_type=product&#038;p=24328"},"modified":"2025-08-30T16:36:32","modified_gmt":"2025-08-30T14:36:32","slug":"bord-roeget-olieret-eg","status":"publish","type":"product","link":"https:\/\/museliving.auxodev2.dk\/da\/product\/bord-roeget-olieret-eg\/","title":{"rendered":"Bord \u2013  R\u00f8get Olieret Eg"},"content":{"rendered":"<p>Borde fra Museliving er unikke og fremstillet med det bedste h\u00e5ndv\u00e6rk. Uanset stil og funktion kan vores borde med bordplader i massivt tr\u00e6 passe ind i ethvert rum, uanset om det er et k\u00f8kken, et opholdsomr\u00e5de eller et kontor.<\/p>\n<p>Ud over vores massive tr\u00e6borde i standardst\u00f8rrelse kan vi tilbyde dig forskellige muligheder &#8211; t\u00f8v ikke med at kontakte os for at h\u00f8re om dine specifikke behov: <a href=\"mailto:sales@museliving.eu\"><em><strong>sales@museliving.eu<\/strong><\/em><\/a><\/p>\n<p>M\u00f8bler i massivt tr\u00e6 er milj\u00f8venlige og super holdbare og vil give et naturligt look til dit hus eller kontor.<\/p>\n<p>Hvert bord har en beskyttende finish, der g\u00f8r det nemt at t\u00f8rre af.<\/p>\n","protected":false},"excerpt":{"rendered":"<p>Borde fra Museliving er unikke og fremstillet med det bedste h\u00e5ndv\u00e6rk. Uanset stil og funktion kan vores borde med bordplader i massivt tr\u00e6 passe ind i ethvert rum, uanset om det er et k\u00f8kken, et opholdsomr\u00e5de eller et kontor.<\/p>\n<p>Ud over vores massive tr\u00e6borde i standardst\u00f8rrelse kan vi tilbyde dig forskellige muligheder &#8211; t\u00f8v ikke med at kontakte os for at h\u00f8re om dine specifikke behov: <a href=\"mailto:sales@museliving.eu\"><em><strong>sales@museliving.eu<\/strong><\/em><\/a><\/p>\n","protected":false},"featured_media":24329,"template":"","meta":{"_acf_changed":false},"product_brand":[],"product_cat":[548,554],"product_tag":[],"class_list":{"0":"post-24328","1":"product","2":"type-product","3":"status-publish","4":"has-post-thumbnail","6":"product_cat-mobel","7":"product_cat-spisestue","9":"first","10":"instock","11":"taxable","12":"shipping-taxable","13":"purchasable","14":"product-type-simple"},"acf":[],"yoast_head":"<!-- This site is optimized with the Yoast SEO plugin v26.9 - https:\/\/yoast.com\/product\/yoast-seo-wordpress\/ -->\n<title>Bord \u2013 R\u00f8get Olieret Eg - museliving.eu<\/title>\n<meta name=\"robots\" content=\"noindex, follow, max-snippet:-1, max-image-preview:large, max-video-preview:-1\" \/>\n<meta property=\"og:locale\" content=\"da_DK\" \/>\n<meta property=\"og:type\" content=\"article\" \/>\n<meta property=\"og:title\" content=\"Bord \u2013 R\u00f8get Olieret Eg - museliving.eu\" \/>\n<meta property=\"og:description\" content=\"Borde fra Museliving er unikke og fremstillet med det bedste h\u00e5ndv\u00e6rk. Uanset stil og funktion kan vores borde med bordplader i massivt tr\u00e6 passe ind i ethvert rum, uanset om det er et k\u00f8kken, et opholdsomr\u00e5de eller et kontor.  Ud over vores massive tr\u00e6borde i standardst\u00f8rrelse kan vi tilbyde dig forskellige muligheder - t\u00f8v ikke med at kontakte os for at h\u00f8re om dine specifikke behov: sales@museliving.eu\" \/>\n<meta property=\"og:url\" content=\"https:\/\/museliving.auxodev2.dk\/da\/product\/bord-roeget-olieret-eg\/\" \/>\n<meta property=\"og:site_name\" content=\"museliving.eu\" \/>\n<meta property=\"article:modified_time\" content=\"2025-08-30T14:36:32+00:00\" \/>\n<meta property=\"og:image\" content=\"https:\/\/museliving.auxodev2.dk\/wp-content\/uploads\/DSC06924.jpg\" \/>\n\t<meta property=\"og:image:width\" content=\"1200\" \/>\n\t<meta property=\"og:image:height\" content=\"804\" \/>\n\t<meta property=\"og:image:type\" content=\"image\/jpeg\" \/>\n<meta name=\"twitter:card\" content=\"summary_large_image\" \/>\n<meta name=\"twitter:label1\" content=\"Estimeret l\u00e6setid\" \/>\n\t<meta name=\"twitter:data1\" content=\"1 minut\" \/>\n<script type=\"application\/ld+json\" class=\"yoast-schema-graph\">{\"@context\":\"https:\/\/schema.org\",\"@graph\":[{\"@type\":\"WebPage\",\"@id\":\"https:\/\/museliving.auxodev2.dk\/da\/product\/bord-roeget-olieret-eg\/\",\"url\":\"https:\/\/museliving.auxodev2.dk\/da\/product\/bord-roeget-olieret-eg\/\",\"name\":\"Bord \u2013 R\u00f8get Olieret Eg - museliving.eu\",\"isPartOf\":{\"@id\":\"https:\/\/museliving.auxodev2.dk\/da\/#website\"},\"primaryImageOfPage\":{\"@id\":\"https:\/\/museliving.auxodev2.dk\/da\/product\/bord-roeget-olieret-eg\/#primaryimage\"},\"image\":{\"@id\":\"https:\/\/museliving.auxodev2.dk\/da\/product\/bord-roeget-olieret-eg\/#primaryimage\"},\"thumbnailUrl\":\"https:\/\/museliving.auxodev2.dk\/wp-content\/uploads\/DSC06924.jpg\",\"datePublished\":\"2025-08-24T07:14:47+00:00\",\"dateModified\":\"2025-08-30T14:36:32+00:00\",\"breadcrumb\":{\"@id\":\"https:\/\/museliving.auxodev2.dk\/da\/product\/bord-roeget-olieret-eg\/#breadcrumb\"},\"inLanguage\":\"da-DK\",\"potentialAction\":[{\"@type\":\"ReadAction\",\"target\":[\"https:\/\/museliving.auxodev2.dk\/da\/product\/bord-roeget-olieret-eg\/\"]}]},{\"@type\":\"ImageObject\",\"inLanguage\":\"da-DK\",\"@id\":\"https:\/\/museliving.auxodev2.dk\/da\/product\/bord-roeget-olieret-eg\/#primaryimage\",\"url\":\"https:\/\/museliving.auxodev2.dk\/wp-content\/uploads\/DSC06924.jpg\",\"contentUrl\":\"https:\/\/museliving.auxodev2.dk\/wp-content\/uploads\/DSC06924.jpg\",\"width\":1200,\"height\":804},{\"@type\":\"BreadcrumbList\",\"@id\":\"https:\/\/museliving.auxodev2.dk\/da\/product\/bord-roeget-olieret-eg\/#breadcrumb\",\"itemListElement\":[{\"@type\":\"ListItem\",\"position\":1,\"name\":\"Home\",\"item\":\"https:\/\/museliving.auxodev2.dk\/da\/hjem\/\"},{\"@type\":\"ListItem\",\"position\":2,\"name\":\"Alle produkter\",\"item\":\"https:\/\/museliving.auxodev2.dk\/da\/shop\/\"},{\"@type\":\"ListItem\",\"position\":3,\"name\":\"M\u00f8bel\",\"item\":\"https:\/\/museliving.auxodev2.dk\/da\/category\/mobel\/\"},{\"@type\":\"ListItem\",\"position\":4,\"name\":\"Spisestue\",\"item\":\"https:\/\/museliving.auxodev2.dk\/da\/category\/mobel\/spisestue\/\"},{\"@type\":\"ListItem\",\"position\":5,\"name\":\"Bord \u2013 R\u00f8get Olieret Eg\"}]},{\"@type\":\"WebSite\",\"@id\":\"https:\/\/museliving.auxodev2.dk\/da\/#website\",\"url\":\"https:\/\/museliving.auxodev2.dk\/da\/\",\"name\":\"museliving.eu\",\"description\":\"\",\"publisher\":{\"@id\":\"https:\/\/museliving.auxodev2.dk\/da\/#organization\"},\"potentialAction\":[{\"@type\":\"SearchAction\",\"target\":{\"@type\":\"EntryPoint\",\"urlTemplate\":\"https:\/\/museliving.auxodev2.dk\/da\/?s={search_term_string}\"},\"query-input\":{\"@type\":\"PropertyValueSpecification\",\"valueRequired\":true,\"valueName\":\"search_term_string\"}}],\"inLanguage\":\"da-DK\"},{\"@type\":\"Organization\",\"@id\":\"https:\/\/museliving.auxodev2.dk\/da\/#organization\",\"name\":\"Museliving\",\"url\":\"https:\/\/museliving.auxodev2.dk\/da\/\",\"logo\":{\"@type\":\"ImageObject\",\"inLanguage\":\"da-DK\",\"@id\":\"https:\/\/museliving.auxodev2.dk\/da\/#\/schema\/logo\/image\/\",\"url\":\"https:\/\/museliving.auxodev2.dk\/wp-content\/uploads\/websted-logo.png\",\"contentUrl\":\"https:\/\/museliving.auxodev2.dk\/wp-content\/uploads\/websted-logo.png\",\"width\":350,\"height\":100,\"caption\":\"Museliving\"},\"image\":{\"@id\":\"https:\/\/museliving.auxodev2.dk\/da\/#\/schema\/logo\/image\/\"}}]}<\/script>\n<!-- \/ Yoast SEO plugin. -->","yoast_head_json":{"title":"Bord \u2013 R\u00f8get Olieret Eg - museliving.eu","robots":{"index":"noindex","follow":"follow","max-snippet":"max-snippet:-1","max-image-preview":"max-image-preview:large","max-video-preview":"max-video-preview:-1"},"og_locale":"da_DK","og_type":"article","og_title":"Bord \u2013 R\u00f8get Olieret Eg - museliving.eu","og_description":"Borde fra Museliving er unikke og fremstillet med det bedste h\u00e5ndv\u00e6rk. Uanset stil og funktion kan vores borde med bordplader i massivt tr\u00e6 passe ind i ethvert rum, uanset om det er et k\u00f8kken, et opholdsomr\u00e5de eller et kontor.  Ud over vores massive tr\u00e6borde i standardst\u00f8rrelse kan vi tilbyde dig forskellige muligheder - t\u00f8v ikke med at kontakte os for at h\u00f8re om dine specifikke behov: sales@museliving.eu","og_url":"https:\/\/museliving.auxodev2.dk\/da\/product\/bord-roeget-olieret-eg\/","og_site_name":"museliving.eu","article_modified_time":"2025-08-30T14:36:32+00:00","og_image":[{"width":1200,"height":804,"url":"https:\/\/museliving.auxodev2.dk\/wp-content\/uploads\/DSC06924.jpg","type":"image\/jpeg"}],"twitter_card":"summary_large_image","twitter_misc":{"Estimeret l\u00e6setid":"1 minut"},"schema":{"@context":"https:\/\/schema.org","@graph":[{"@type":"WebPage","@id":"https:\/\/museliving.auxodev2.dk\/da\/product\/bord-roeget-olieret-eg\/","url":"https:\/\/museliving.auxodev2.dk\/da\/product\/bord-roeget-olieret-eg\/","name":"Bord \u2013 R\u00f8get Olieret Eg - museliving.eu","isPartOf":{"@id":"https:\/\/museliving.auxodev2.dk\/da\/#website"},"primaryImageOfPage":{"@id":"https:\/\/museliving.auxodev2.dk\/da\/product\/bord-roeget-olieret-eg\/#primaryimage"},"image":{"@id":"https:\/\/museliving.auxodev2.dk\/da\/product\/bord-roeget-olieret-eg\/#primaryimage"},"thumbnailUrl":"https:\/\/museliving.auxodev2.dk\/wp-content\/uploads\/DSC06924.jpg","datePublished":"2025-08-24T07:14:47+00:00","dateModified":"2025-08-30T14:36:32+00:00","breadcrumb":{"@id":"https:\/\/museliving.auxodev2.dk\/da\/product\/bord-roeget-olieret-eg\/#breadcrumb"},"inLanguage":"da-DK","potentialAction":[{"@type":"ReadAction","target":["https:\/\/museliving.auxodev2.dk\/da\/product\/bord-roeget-olieret-eg\/"]}]},{"@type":"ImageObject","inLanguage":"da-DK","@id":"https:\/\/museliving.auxodev2.dk\/da\/product\/bord-roeget-olieret-eg\/#primaryimage","url":"https:\/\/museliving.auxodev2.dk\/wp-content\/uploads\/DSC06924.jpg","contentUrl":"https:\/\/museliving.auxodev2.dk\/wp-content\/uploads\/DSC06924.jpg","width":1200,"height":804},{"@type":"BreadcrumbList","@id":"https:\/\/museliving.auxodev2.dk\/da\/product\/bord-roeget-olieret-eg\/#breadcrumb","itemListElement":[{"@type":"ListItem","position":1,"name":"Home","item":"https:\/\/museliving.auxodev2.dk\/da\/hjem\/"},{"@type":"ListItem","position":2,"name":"Alle produkter","item":"https:\/\/museliving.auxodev2.dk\/da\/shop\/"},{"@type":"ListItem","position":3,"name":"M\u00f8bel","item":"https:\/\/museliving.auxodev2.dk\/da\/category\/mobel\/"},{"@type":"ListItem","position":4,"name":"Spisestue","item":"https:\/\/museliving.auxodev2.dk\/da\/category\/mobel\/spisestue\/"},{"@type":"ListItem","position":5,"name":"Bord \u2013 R\u00f8get Olieret Eg"}]},{"@type":"WebSite","@id":"https:\/\/museliving.auxodev2.dk\/da\/#website","url":"https:\/\/museliving.auxodev2.dk\/da\/","name":"museliving.eu","description":"","publisher":{"@id":"https:\/\/museliving.auxodev2.dk\/da\/#organization"},"potentialAction":[{"@type":"SearchAction","target":{"@type":"EntryPoint","urlTemplate":"https:\/\/museliving.auxodev2.dk\/da\/?s={search_term_string}"},"query-input":{"@type":"PropertyValueSpecification","valueRequired":true,"valueName":"search_term_string"}}],"inLanguage":"da-DK"},{"@type":"Organization","@id":"https:\/\/museliving.auxodev2.dk\/da\/#organization","name":"Museliving","url":"https:\/\/museliving.auxodev2.dk\/da\/","logo":{"@type":"ImageObject","inLanguage":"da-DK","@id":"https:\/\/museliving.auxodev2.dk\/da\/#\/schema\/logo\/image\/","url":"https:\/\/museliving.auxodev2.dk\/wp-content\/uploads\/websted-logo.png","contentUrl":"https:\/\/museliving.auxodev2.dk\/wp-content\/uploads\/websted-logo.png","width":350,"height":100,"caption":"Museliving"},"image":{"@id":"https:\/\/museliving.auxodev2.dk\/da\/#\/schema\/logo\/image\/"}}]}},"_links":{"self":[{"href":"https:\/\/museliving.auxodev2.dk\/da\/wp-json\/wp\/v2\/product\/24328","targetHints":{"allow":["GET"]}}],"collection":[{"href":"https:\/\/museliving.auxodev2.dk\/da\/wp-json\/wp\/v2\/product"}],"about":[{"href":"https:\/\/museliving.auxodev2.dk\/da\/wp-json\/wp\/v2\/types\/product"}],"version-history":[{"count":2,"href":"https:\/\/museliving.auxodev2.dk\/da\/wp-json\/wp\/v2\/product\/24328\/revisions"}],"predecessor-version":[{"id":24919,"href":"https:\/\/museliving.auxodev2.dk\/da\/wp-json\/wp\/v2\/product\/24328\/revisions\/24919"}],"wp:featuredmedia":[{"embeddable":true,"href":"https:\/\/museliving.auxodev2.dk\/da\/wp-json\/wp\/v2\/media\/24329"}],"wp:attachment":[{"href":"https:\/\/museliving.auxodev2.dk\/da\/wp-json\/wp\/v2\/media?parent=24328"}],"wp:term":[{"taxonomy":"product_brand","embeddable":true,"href":"https:\/\/museliving.auxodev2.dk\/da\/wp-json\/wp\/v2\/product_brand?post=24328"},{"taxonomy":"product_cat","embeddable":true,"href":"https:\/\/museliving.auxodev2.dk\/da\/wp-json\/wp\/v2\/product_cat?post=24328"},{"taxonomy":"product_tag","embeddable":true,"href":"https:\/\/museliving.auxodev2.dk\/da\/wp-json\/wp\/v2\/product_tag?post=24328"}],"curies":[{"name":"wp","href":"https:\/\/api.w.org\/{rel}","templated":true}]}}