{"id":24217,"date":"2025-08-24T08:24:46","date_gmt":"2025-08-24T06:24:46","guid":{"rendered":"https:\/\/museliving.auxodev2.dk\/?post_type=product&#038;p=24217"},"modified":"2025-08-30T16:35:35","modified_gmt":"2025-08-30T14:35:35","slug":"spisebord-olieret-egetrae","status":"publish","type":"product","link":"https:\/\/museliving.auxodev2.dk\/da\/product\/spisebord-olieret-egetrae\/","title":{"rendered":"Spisebord &#8211; Olieret Egetr\u00e6"},"content":{"rendered":"<h4>Museliving-borde: Perfektion i hver detalje<\/h4>\n<p>Spiseborde i h\u00f8j kvalitet tr\u00e6 er den perfekte kombination af raffineret design, h\u00f8j funktionalitet og holdbarhed. Hvert bord er ikke bare et element i indretningen, men en sand statement piece, der vil forvandle ethvert rum. Vores borde er h\u00e5ndlavet med pr\u00e6cision og udm\u00e6rker sig ved deres sans for detaljer. Vi bruger kun materialer af h\u00f8j kvalitet, hvilket sikrer p\u00e5lidelighed og lang levetid for hver model.<\/p>\n<p>Vores massivtr\u00e6borde er til dem, der v\u00e6rds\u00e6tter naturlige materialer og bekymrer sig om planetens fremtid. Hvert bord gennemg\u00e5r en omhyggelig bearbejdning, der g\u00f8r det modstandsdygtigt over for mekaniske skader og ydre p\u00e5virkninger. Tr\u00e6ets naturlige tekstur giver m\u00f8blerne en unikhed, og med tiden bliver det kun smukkere og bringer varme og hygge til dit hjem eller kontor.<\/p>\n<h4>Design, der passer til ethvert interi\u00f8r<\/h4>\n<p>Uanset om du designer et moderne minimalistisk rum eller en klassisk indretning, passer et spisebord i h\u00f8j kvalitet tr\u00e6 perfekt ind i enhver indretning. Det kan bruges i forskellige omr\u00e5der: til at skabe en funktionel arbejdsplads, et hyggeligt omr\u00e5de til samv\u00e6r med venner og familie eller et stilfuldt spiseomr\u00e5de. Hvert bord er designet til ikke kun at tjene sin funktion, men ogs\u00e5 til at blive en dekoration i dit hjem eller kontor.<\/p>\n<p>Vi tilbyder en r\u00e6kke forskellige bordmodeller og st\u00f8rrelser, der passer til forskellige behov. Uanset om du leder efter et kompakt bord til et lille rum eller et stort bord til en stor familie eller et kontor, har vi optimale l\u00f8sninger til enhver situation. Vi tilbyder ogs\u00e5 skr\u00e6ddersyede l\u00f8sninger, hvis du har specifikke krav til st\u00f8rrelse eller design.<\/p>\n<h4>P\u00e5lidelighed og milj\u00f8venlighed<\/h4>\n<p>M\u00f8bler af massivt tr\u00e6 er ikke kun smukke, men ogs\u00e5 milj\u00f8venlige. Ved at v\u00e6lge et spisebord i naturligt tr\u00e6 st\u00f8tter du brugen af naturlige materialer og reducerer din indvirkning p\u00e5 milj\u00f8et. Takket v\u00e6re deres robuste konstruktion og beskyttende bel\u00e6gning holder vores borde i mange \u00e5r uden at miste deres udseende. Massivtr\u00e6sborde bevarer deres funktionalitet og sk\u00f8nhed og bliver med tiden endnu mere imponerende.<\/p>\n<h4>Nem vedligeholdelse og lang levetid<\/h4>\n<p>Hvert spisebord er udstyret med en beskyttende bel\u00e6gning, der g\u00f8r vedligeholdelsen meget nemmere. Bordpladerne er nemme at reng\u00f8re for snavs, og takket v\u00e6re denne beskyttende bel\u00e6gning forbliver de modstandsdygtige over for ridser og skader. Selv ved hyppig brug bevarer bordene deres udseende og funktionalitet og tilbyder sk\u00f8nhed og bekvemmelighed i mange \u00e5r.<\/p>\n<p>Spiseborde i naturligt tr\u00e6 er ikke bare m\u00f8bler; de er en investering i din komfort og stil. For mere information og r\u00e5dgivning er du velkommen til at kontakte os p\u00e5: <em><strong><a href=\"mailto:sales@museliving.eu\" rel=\"noopener\">sales@museliving.eu<\/a><\/strong><\/em>.<\/p>\n","protected":false},"excerpt":{"rendered":"<p>Museliving-borde er unikke m\u00f8bler, h\u00e5ndlavet med h\u00f8jt h\u00e5ndv\u00e6rk og sans for detaljer. Disse stilfulde og holdbare borde passer perfekt til ethvert interi\u00f8r \u2013 k\u00f8kken, stue eller kontor. De er milj\u00f8venlige, slidst\u00e6rke og nemme at reng\u00f8re, s\u00e5 de bevarer deres udseende i mange \u00e5r. Vi tilbyder forskellige st\u00f8rrelser og muligheder samt skr\u00e6ddersyede l\u00f8sninger til dit hjem eller kontor.<\/p>\n","protected":false},"featured_media":24218,"template":"","meta":{"_acf_changed":false},"product_brand":[],"product_cat":[548,554],"product_tag":[],"class_list":{"0":"post-24217","1":"product","2":"type-product","3":"status-publish","4":"has-post-thumbnail","6":"product_cat-mobel","7":"product_cat-spisestue","9":"first","10":"onbackorder","11":"taxable","12":"shipping-taxable","13":"purchasable","14":"product-type-variable"},"acf":[],"yoast_head":"<!-- This site is optimized with the Yoast SEO plugin v26.9 - https:\/\/yoast.com\/product\/yoast-seo-wordpress\/ -->\n<title>Spisebord - Olieret Egetr\u00e6 - museliving.eu<\/title>\n<meta name=\"description\" content=\"Spisebord, omhyggeligt fremstillet for elegance og lang levetid, bringer varme til ethvert rum med sit milj\u00f8venlige design i naturligt tr\u00e6.\" \/>\n<meta name=\"robots\" content=\"noindex, follow, max-snippet:-1, max-image-preview:large, max-video-preview:-1\" \/>\n<meta property=\"og:locale\" content=\"da_DK\" \/>\n<meta property=\"og:type\" content=\"article\" \/>\n<meta property=\"og:title\" content=\"Spisebord - Olieret Egetr\u00e6 - museliving.eu\" \/>\n<meta property=\"og:description\" content=\"Spisebord, omhyggeligt fremstillet for elegance og lang levetid, bringer varme til ethvert rum med sit milj\u00f8venlige design i naturligt tr\u00e6.\" \/>\n<meta property=\"og:url\" content=\"https:\/\/museliving.auxodev2.dk\/da\/product\/spisebord-olieret-egetrae\/\" \/>\n<meta property=\"og:site_name\" content=\"museliving.eu\" \/>\n<meta property=\"article:modified_time\" content=\"2025-08-30T14:35:35+00:00\" \/>\n<meta property=\"og:image\" content=\"https:\/\/museliving.auxodev2.dk\/wp-content\/uploads\/Table-front-5.jpg\" \/>\n\t<meta property=\"og:image:width\" content=\"1200\" \/>\n\t<meta property=\"og:image:height\" content=\"800\" \/>\n\t<meta property=\"og:image:type\" content=\"image\/jpeg\" \/>\n<meta name=\"twitter:card\" content=\"summary_large_image\" \/>\n<meta name=\"twitter:label1\" content=\"Estimeret l\u00e6setid\" \/>\n\t<meta name=\"twitter:data1\" content=\"3 minutter\" \/>\n<script type=\"application\/ld+json\" class=\"yoast-schema-graph\">{\"@context\":\"https:\/\/schema.org\",\"@graph\":[{\"@type\":\"WebPage\",\"@id\":\"https:\/\/museliving.auxodev2.dk\/da\/product\/spisebord-olieret-egetrae\/\",\"url\":\"https:\/\/museliving.auxodev2.dk\/da\/product\/spisebord-olieret-egetrae\/\",\"name\":\"Spisebord - Olieret Egetr\u00e6 - museliving.eu\",\"isPartOf\":{\"@id\":\"https:\/\/museliving.auxodev2.dk\/da\/#website\"},\"primaryImageOfPage\":{\"@id\":\"https:\/\/museliving.auxodev2.dk\/da\/product\/spisebord-olieret-egetrae\/#primaryimage\"},\"image\":{\"@id\":\"https:\/\/museliving.auxodev2.dk\/da\/product\/spisebord-olieret-egetrae\/#primaryimage\"},\"thumbnailUrl\":\"https:\/\/museliving.auxodev2.dk\/wp-content\/uploads\/Table-front-5.jpg\",\"datePublished\":\"2025-08-24T06:24:46+00:00\",\"dateModified\":\"2025-08-30T14:35:35+00:00\",\"description\":\"Spisebord, omhyggeligt fremstillet for elegance og lang levetid, bringer varme til ethvert rum med sit milj\u00f8venlige design i naturligt tr\u00e6.\",\"breadcrumb\":{\"@id\":\"https:\/\/museliving.auxodev2.dk\/da\/product\/spisebord-olieret-egetrae\/#breadcrumb\"},\"inLanguage\":\"da-DK\",\"potentialAction\":[{\"@type\":\"ReadAction\",\"target\":[\"https:\/\/museliving.auxodev2.dk\/da\/product\/spisebord-olieret-egetrae\/\"]}]},{\"@type\":\"ImageObject\",\"inLanguage\":\"da-DK\",\"@id\":\"https:\/\/museliving.auxodev2.dk\/da\/product\/spisebord-olieret-egetrae\/#primaryimage\",\"url\":\"https:\/\/museliving.auxodev2.dk\/wp-content\/uploads\/Table-front-5.jpg\",\"contentUrl\":\"https:\/\/museliving.auxodev2.dk\/wp-content\/uploads\/Table-front-5.jpg\",\"width\":1200,\"height\":800},{\"@type\":\"BreadcrumbList\",\"@id\":\"https:\/\/museliving.auxodev2.dk\/da\/product\/spisebord-olieret-egetrae\/#breadcrumb\",\"itemListElement\":[{\"@type\":\"ListItem\",\"position\":1,\"name\":\"Home\",\"item\":\"https:\/\/museliving.auxodev2.dk\/da\/hjem\/\"},{\"@type\":\"ListItem\",\"position\":2,\"name\":\"Alle produkter\",\"item\":\"https:\/\/museliving.auxodev2.dk\/da\/shop\/\"},{\"@type\":\"ListItem\",\"position\":3,\"name\":\"M\u00f8bel\",\"item\":\"https:\/\/museliving.auxodev2.dk\/da\/category\/mobel\/\"},{\"@type\":\"ListItem\",\"position\":4,\"name\":\"Spisestue\",\"item\":\"https:\/\/museliving.auxodev2.dk\/da\/category\/mobel\/spisestue\/\"},{\"@type\":\"ListItem\",\"position\":5,\"name\":\"Spisebord &#8211; Olieret Egetr\u00e6\"}]},{\"@type\":\"WebSite\",\"@id\":\"https:\/\/museliving.auxodev2.dk\/da\/#website\",\"url\":\"https:\/\/museliving.auxodev2.dk\/da\/\",\"name\":\"museliving.eu\",\"description\":\"\",\"publisher\":{\"@id\":\"https:\/\/museliving.auxodev2.dk\/da\/#organization\"},\"potentialAction\":[{\"@type\":\"SearchAction\",\"target\":{\"@type\":\"EntryPoint\",\"urlTemplate\":\"https:\/\/museliving.auxodev2.dk\/da\/?s={search_term_string}\"},\"query-input\":{\"@type\":\"PropertyValueSpecification\",\"valueRequired\":true,\"valueName\":\"search_term_string\"}}],\"inLanguage\":\"da-DK\"},{\"@type\":\"Organization\",\"@id\":\"https:\/\/museliving.auxodev2.dk\/da\/#organization\",\"name\":\"Museliving\",\"url\":\"https:\/\/museliving.auxodev2.dk\/da\/\",\"logo\":{\"@type\":\"ImageObject\",\"inLanguage\":\"da-DK\",\"@id\":\"https:\/\/museliving.auxodev2.dk\/da\/#\/schema\/logo\/image\/\",\"url\":\"https:\/\/museliving.auxodev2.dk\/wp-content\/uploads\/websted-logo.png\",\"contentUrl\":\"https:\/\/museliving.auxodev2.dk\/wp-content\/uploads\/websted-logo.png\",\"width\":350,\"height\":100,\"caption\":\"Museliving\"},\"image\":{\"@id\":\"https:\/\/museliving.auxodev2.dk\/da\/#\/schema\/logo\/image\/\"}}]}<\/script>\n<!-- \/ Yoast SEO plugin. -->","yoast_head_json":{"title":"Spisebord - Olieret Egetr\u00e6 - museliving.eu","description":"Spisebord, omhyggeligt fremstillet for elegance og lang levetid, bringer varme til ethvert rum med sit milj\u00f8venlige design i naturligt tr\u00e6.","robots":{"index":"noindex","follow":"follow","max-snippet":"max-snippet:-1","max-image-preview":"max-image-preview:large","max-video-preview":"max-video-preview:-1"},"og_locale":"da_DK","og_type":"article","og_title":"Spisebord - Olieret Egetr\u00e6 - museliving.eu","og_description":"Spisebord, omhyggeligt fremstillet for elegance og lang levetid, bringer varme til ethvert rum med sit milj\u00f8venlige design i naturligt tr\u00e6.","og_url":"https:\/\/museliving.auxodev2.dk\/da\/product\/spisebord-olieret-egetrae\/","og_site_name":"museliving.eu","article_modified_time":"2025-08-30T14:35:35+00:00","og_image":[{"width":1200,"height":800,"url":"https:\/\/museliving.auxodev2.dk\/wp-content\/uploads\/Table-front-5.jpg","type":"image\/jpeg"}],"twitter_card":"summary_large_image","twitter_misc":{"Estimeret l\u00e6setid":"3 minutter"},"schema":{"@context":"https:\/\/schema.org","@graph":[{"@type":"WebPage","@id":"https:\/\/museliving.auxodev2.dk\/da\/product\/spisebord-olieret-egetrae\/","url":"https:\/\/museliving.auxodev2.dk\/da\/product\/spisebord-olieret-egetrae\/","name":"Spisebord - Olieret Egetr\u00e6 - museliving.eu","isPartOf":{"@id":"https:\/\/museliving.auxodev2.dk\/da\/#website"},"primaryImageOfPage":{"@id":"https:\/\/museliving.auxodev2.dk\/da\/product\/spisebord-olieret-egetrae\/#primaryimage"},"image":{"@id":"https:\/\/museliving.auxodev2.dk\/da\/product\/spisebord-olieret-egetrae\/#primaryimage"},"thumbnailUrl":"https:\/\/museliving.auxodev2.dk\/wp-content\/uploads\/Table-front-5.jpg","datePublished":"2025-08-24T06:24:46+00:00","dateModified":"2025-08-30T14:35:35+00:00","description":"Spisebord, omhyggeligt fremstillet for elegance og lang levetid, bringer varme til ethvert rum med sit milj\u00f8venlige design i naturligt tr\u00e6.","breadcrumb":{"@id":"https:\/\/museliving.auxodev2.dk\/da\/product\/spisebord-olieret-egetrae\/#breadcrumb"},"inLanguage":"da-DK","potentialAction":[{"@type":"ReadAction","target":["https:\/\/museliving.auxodev2.dk\/da\/product\/spisebord-olieret-egetrae\/"]}]},{"@type":"ImageObject","inLanguage":"da-DK","@id":"https:\/\/museliving.auxodev2.dk\/da\/product\/spisebord-olieret-egetrae\/#primaryimage","url":"https:\/\/museliving.auxodev2.dk\/wp-content\/uploads\/Table-front-5.jpg","contentUrl":"https:\/\/museliving.auxodev2.dk\/wp-content\/uploads\/Table-front-5.jpg","width":1200,"height":800},{"@type":"BreadcrumbList","@id":"https:\/\/museliving.auxodev2.dk\/da\/product\/spisebord-olieret-egetrae\/#breadcrumb","itemListElement":[{"@type":"ListItem","position":1,"name":"Home","item":"https:\/\/museliving.auxodev2.dk\/da\/hjem\/"},{"@type":"ListItem","position":2,"name":"Alle produkter","item":"https:\/\/museliving.auxodev2.dk\/da\/shop\/"},{"@type":"ListItem","position":3,"name":"M\u00f8bel","item":"https:\/\/museliving.auxodev2.dk\/da\/category\/mobel\/"},{"@type":"ListItem","position":4,"name":"Spisestue","item":"https:\/\/museliving.auxodev2.dk\/da\/category\/mobel\/spisestue\/"},{"@type":"ListItem","position":5,"name":"Spisebord &#8211; Olieret Egetr\u00e6"}]},{"@type":"WebSite","@id":"https:\/\/museliving.auxodev2.dk\/da\/#website","url":"https:\/\/museliving.auxodev2.dk\/da\/","name":"museliving.eu","description":"","publisher":{"@id":"https:\/\/museliving.auxodev2.dk\/da\/#organization"},"potentialAction":[{"@type":"SearchAction","target":{"@type":"EntryPoint","urlTemplate":"https:\/\/museliving.auxodev2.dk\/da\/?s={search_term_string}"},"query-input":{"@type":"PropertyValueSpecification","valueRequired":true,"valueName":"search_term_string"}}],"inLanguage":"da-DK"},{"@type":"Organization","@id":"https:\/\/museliving.auxodev2.dk\/da\/#organization","name":"Museliving","url":"https:\/\/museliving.auxodev2.dk\/da\/","logo":{"@type":"ImageObject","inLanguage":"da-DK","@id":"https:\/\/museliving.auxodev2.dk\/da\/#\/schema\/logo\/image\/","url":"https:\/\/museliving.auxodev2.dk\/wp-content\/uploads\/websted-logo.png","contentUrl":"https:\/\/museliving.auxodev2.dk\/wp-content\/uploads\/websted-logo.png","width":350,"height":100,"caption":"Museliving"},"image":{"@id":"https:\/\/museliving.auxodev2.dk\/da\/#\/schema\/logo\/image\/"}}]}},"_links":{"self":[{"href":"https:\/\/museliving.auxodev2.dk\/da\/wp-json\/wp\/v2\/product\/24217","targetHints":{"allow":["GET"]}}],"collection":[{"href":"https:\/\/museliving.auxodev2.dk\/da\/wp-json\/wp\/v2\/product"}],"about":[{"href":"https:\/\/museliving.auxodev2.dk\/da\/wp-json\/wp\/v2\/types\/product"}],"version-history":[{"count":2,"href":"https:\/\/museliving.auxodev2.dk\/da\/wp-json\/wp\/v2\/product\/24217\/revisions"}],"predecessor-version":[{"id":24915,"href":"https:\/\/museliving.auxodev2.dk\/da\/wp-json\/wp\/v2\/product\/24217\/revisions\/24915"}],"wp:featuredmedia":[{"embeddable":true,"href":"https:\/\/museliving.auxodev2.dk\/da\/wp-json\/wp\/v2\/media\/24218"}],"wp:attachment":[{"href":"https:\/\/museliving.auxodev2.dk\/da\/wp-json\/wp\/v2\/media?parent=24217"}],"wp:term":[{"taxonomy":"product_brand","embeddable":true,"href":"https:\/\/museliving.auxodev2.dk\/da\/wp-json\/wp\/v2\/product_brand?post=24217"},{"taxonomy":"product_cat","embeddable":true,"href":"https:\/\/museliving.auxodev2.dk\/da\/wp-json\/wp\/v2\/product_cat?post=24217"},{"taxonomy":"product_tag","embeddable":true,"href":"https:\/\/museliving.auxodev2.dk\/da\/wp-json\/wp\/v2\/product_tag?post=24217"}],"curies":[{"name":"wp","href":"https:\/\/api.w.org\/{rel}","templated":true}]}}