{"id":21865,"date":"2025-07-28T08:46:51","date_gmt":"2025-07-28T06:46:51","guid":{"rendered":"https:\/\/museliving.auxodev2.dk\/?post_type=product&#038;p=21865"},"modified":"2025-07-30T17:03:08","modified_gmt":"2025-07-30T15:03:08","slug":"vinreol-max-braendt-fyrretrae","status":"publish","type":"product","link":"https:\/\/museliving.auxodev2.dk\/da\/product\/vinreol-max-braendt-fyrretrae\/","title":{"rendered":"Vinreol &#8211; Max &#8211; Br\u00e6ndt Fyrretr\u00e6"},"content":{"rendered":"<h4><b>Laveste CO2-aftryk p\u00e5 markedet for vinreoler<\/b><\/h4>\n<p>Hos Museliving er vi dedikerede til at beskytte milj\u00f8et og g\u00f8r vores yderste for at integrere tr\u00e6 i vores produkter og produktionsmetoder. Vores Winenest-serie af vinreoler, vinholdere, flaskeopbevaring, er designet og fremstillet med henblik p\u00e5 at minimere CO2-aftrykket uden at g\u00e5 p\u00e5 kompromis med kvaliteten. Derfor er vi stolte af at kunne sige, at vores Winenest vinreoler har det laveste CO2-aftryk i branchen og samtidig leverer enest\u00e5ende kvalitet og funktionalitet.<\/p>\n<h4><b>Perfektioneret til det yderste: et n\u00e6rmere kig p\u00e5 en vinreol<\/b><\/h4>\n<p>Winenest er en elegant serie af vinreoler lavet af h\u00f8jkvalitets tr\u00e6pinde. De er designet med maksimal fleksibilitet og mange muligheder for opbevaring af din vin. Det smarte design giver dig mulighed for at stable flere reoler eller placere dem ved siden af hinanden. Dermed kan du skabe en imponerende vinopbevaringsv\u00e6g eller bruge dem som individuelle vinholdere og flaskeopbevaring.<\/p>\n<h4><b>Pris og v\u00e6rdi; er det pengene v\u00e6rd?<\/b><\/h4>\n<p>Hos Museliving forst\u00e5r vi, at din vinsamling er lige s\u00e5 unik som dig. Derfor tilbyder vi muligheden for at tilpasse enhver vinreol efter dine specifikke pr\u00e6ferencer. Har du brug for en specialst\u00f8rrelse, der passer til et bestemt rum? Foretr\u00e6kker du en anden finish eller stil? Vi kan skr\u00e6ddersy alt efter dine \u00f8nsker. Kontakt os blot p\u00e5 <a href=\"mailto:sales@museliving.eu\"><b><i>sales@museliving.eu<\/i><\/b><\/a>, og lad os skabe den perfekte vinopbevaringsl\u00f8sning til dig.<\/p>\n<p>Hvis du \u00f8nsker det, kan vi ogs\u00e5 levere et komplet designforslag til din vink\u00e6lder. Dette inkluderer vinreol i tr\u00e6, vinholder og flaskeopbevaring til dine vinflasker og andre flasker. T\u00f8v ikke med at kontakte os p\u00e5 <a href=\"mailto:sales@museliving.eu\"><b><i>sales@museliving.eu<\/i><\/b><\/a>. Fra design til levering p\u00e5 under 4 uger.<\/p>\n<h4><b>Kundernes tilfredshed: en prioritet<\/b><\/h4>\n<p>Vi s\u00e6tter en \u00e6re i at levere produkter, der ikke kun opfylder, men overg\u00e5r vores kunders forventninger. Vores dedikerede kundeserviceteam st\u00e5r altid klar til at hj\u00e6lpe dig med sp\u00f8rgsm\u00e5l eller specielle anmodninger. Vi tror p\u00e5, at en god vin fortjener en lige s\u00e5 god opbevaringsl\u00f8sning. Derfor er vores vinreoler designet til at v\u00e6re b\u00e5de funktionelle og \u00e6stetisk tiltalende.<\/p>\n<h4><b>B\u00e6redygtighed og innovation<\/b><\/h4>\n<p>Museliving er ikke kun engageret i at reducere CO2-aftrykket, men ogs\u00e5 i at fremme b\u00e6redygtighed gennem innovative l\u00f8sninger. Vi arbejder konstant p\u00e5 at forbedre vores produktionsprocesser og materialevalg for at sikre, at vores produkter er s\u00e5 milj\u00f8venlige som muligt. Vores m\u00e5l er at skabe en balance mellem luksus og b\u00e6redygtighed, s\u00e5 du kan nyde din vin med god samvittighed.<\/p>\n<h4><b>Fremtidens vinopbevaring<\/b><\/h4>\n<p>Vi er overbeviste om, at fremtidens vinopbevaring ligger i b\u00e6redygtige og fleksible l\u00f8sninger. Med Winenest-serien f\u00e5r du ikke kun en vinreol, men en investering i kvalitet, design og milj\u00f8bevidsthed. Lad os hj\u00e6lpe dig med at skabe den perfekte ramme for din vinsamling, s\u00e5 du kan nyde hver eneste flaske til fulde.<\/p>\n<h4><b>Kvalitet og h\u00e5ndv\u00e6rk<\/b><\/h4>\n<p>Hver Winenest vinreol er et resultat af omhyggeligt h\u00e5ndv\u00e6rk og en passion for detaljer. Vores team af dygtige h\u00e5ndv\u00e6rkere bruger kun de fineste materialer for at sikre, at hver vinreol lever op til vores h\u00f8je standarder. Vi tror p\u00e5, at kvalitet ikke kun handler om holdbarhed, men ogs\u00e5 om \u00e6stetik og funktionalitet. Derfor er hver vinreol designet til at v\u00e6re b\u00e5de smuk og praktisk, s\u00e5 du kan opbevare din vin med stil.<\/p>\n<h4><b>Europ\u00e6isk r\u00e6kkevidde<\/b><\/h4>\n<p>Museliving er stolte af at kunne levere vores produkter til vinelskere over hele Europa. Uanset hvor du befinder dig, kan du nyde godt af vores b\u00e6redygtige og elegante vinopbevaringsl\u00f8sninger. Vi tilbyder <a href=\"https:\/\/museliving.dk\/levering\/\">levering<\/a> i hele Europa og sikrer, at dine vinreoler ankommer sikkert og til tiden. Vores r\u00e6kkevidde betyder, at vi kan dele vores passion for vinopbevaring med et bredt publikum og bidrage til en mere b\u00e6redygtig fremtid for alle.<\/p>\n<h4><b>Kontakt os<\/b><\/h4>\n<p>Vi er altid her for at hj\u00e6lpe dig med at finde den perfekte vinopbevaringsl\u00f8sning. Uanset om du har sp\u00f8rgsm\u00e5l om vores produkter, har brug for r\u00e5dgivning om design eller \u00f8nsker at afgive en specialbestilling, er du velkommen til at kontakte os. Vores venlige og kyndige team st\u00e5r klar til at assistere dig og sikre, at du f\u00e5r den bedste oplevelse med Museliving. <a href=\"https:\/\/museliving.dk\/kontakt-os\/\">Kontakt os<\/a> her eller send os en e-mail p\u00e5 <a href=\"mailto:sales@museliving.eu\"><b><i>sales@museliving.eu<\/i><\/b><\/a> for at komme i gang.<\/p>\n<blockquote class=\"wp-embedded-content\" data-secret=\"NWctyqo1D1\"><p><a href=\"https:\/\/museliving.eu\/wine-rack-designed-by-you\/\">Wine Rack Designed by You<\/a><\/p><\/blockquote>\n<p><iframe class=\"wp-embedded-content\" sandbox=\"allow-scripts\" security=\"restricted\" style=\"position: absolute; visibility: hidden;\" title=\"&#8220;Wine Rack Designed by You&#8221; &#8212; \" src=\"https:\/\/museliving.eu\/wine-rack-designed-by-you\/embed\/#?secret=U8M4oW5wRo#?secret=NWctyqo1D1\" data-secret=\"NWctyqo1D1\" width=\"600\" height=\"338\" frameborder=\"0\" marginwidth=\"0\" marginheight=\"0\" scrolling=\"no\"><\/iframe><\/p>\n","protected":false},"excerpt":{"rendered":"<ul>\n<li style=\"text-align: left;\">St\u00f8rrelse (HxWxD cm): 60x13x30 cm<\/li>\n<li style=\"text-align: left;\">Placering: gulv eller i stativsystem<\/li>\n<li style=\"text-align: left;\">V\u00e6gt: 2.5 kg<\/li>\n<li style=\"text-align: left;\">Antal flasker: 6<\/li>\n<li style=\"text-align: left;\">Flasketype: Bordeaux, Alsace, Bourgogne, Champagne<\/li>\n<li style=\"text-align: left;\">Levering: Samlet<\/li>\n<\/ul>\n","protected":false},"featured_media":21866,"template":"","meta":{"_acf_changed":false},"product_brand":[],"product_cat":[581,590],"product_tag":[593,602,596,599],"class_list":{"0":"post-21865","1":"product","2":"type-product","3":"status-publish","4":"has-post-thumbnail","6":"product_cat-vinreoler","7":"product_cat-winenest-da","8":"product_tag-vinkaelder-tag","9":"product_tag-vinopbevaring-tag","10":"product_tag-vinreol-tag","11":"product_tag-vinreoler-tag","13":"first","14":"instock","15":"taxable","16":"shipping-taxable","17":"purchasable","18":"product-type-simple"},"acf":[],"yoast_head":"<!-- This site is optimized with the Yoast SEO plugin v26.9 - https:\/\/yoast.com\/product\/yoast-seo-wordpress\/ -->\n<title>Vinreol - Max - Br\u00e6ndt Fyrretr\u00e6 - museliving.eu<\/title>\n<meta name=\"description\" content=\"Vinreol designet till at reducere CO2-aftrykket, og er skabt med omtanke for milj\u00f8et. Perfektion til det yderste er synligt i hvert eneste detalje.\" \/>\n<meta name=\"robots\" content=\"noindex, follow, max-snippet:-1, max-image-preview:large, max-video-preview:-1\" \/>\n<meta property=\"og:locale\" content=\"da_DK\" \/>\n<meta property=\"og:type\" content=\"article\" \/>\n<meta property=\"og:title\" content=\"Vinreol - Max - Br\u00e6ndt Fyrretr\u00e6 - museliving.eu\" \/>\n<meta property=\"og:description\" content=\"Vinreol designet till at reducere CO2-aftrykket, og er skabt med omtanke for milj\u00f8et. Perfektion til det yderste er synligt i hvert eneste detalje.\" \/>\n<meta property=\"og:url\" content=\"https:\/\/museliving.auxodev2.dk\/da\/product\/vinreol-max-braendt-fyrretrae\/\" \/>\n<meta property=\"og:site_name\" content=\"museliving.eu\" \/>\n<meta property=\"article:modified_time\" content=\"2025-07-30T15:03:08+00:00\" \/>\n<meta property=\"og:image\" content=\"https:\/\/museliving.auxodev2.dk\/wp-content\/uploads\/Quarter-Rex-front-1.jpg\" \/>\n\t<meta property=\"og:image:width\" content=\"1200\" \/>\n\t<meta property=\"og:image:height\" content=\"800\" \/>\n\t<meta property=\"og:image:type\" content=\"image\/jpeg\" \/>\n<meta name=\"twitter:card\" content=\"summary_large_image\" \/>\n<meta name=\"twitter:label1\" content=\"Estimeret l\u00e6setid\" \/>\n\t<meta name=\"twitter:data1\" content=\"3 minutter\" \/>\n<script type=\"application\/ld+json\" class=\"yoast-schema-graph\">{\"@context\":\"https:\/\/schema.org\",\"@graph\":[{\"@type\":\"WebPage\",\"@id\":\"https:\/\/museliving.auxodev2.dk\/da\/product\/vinreol-max-braendt-fyrretrae\/\",\"url\":\"https:\/\/museliving.auxodev2.dk\/da\/product\/vinreol-max-braendt-fyrretrae\/\",\"name\":\"Vinreol - Max - Br\u00e6ndt Fyrretr\u00e6 - museliving.eu\",\"isPartOf\":{\"@id\":\"https:\/\/museliving.auxodev2.dk\/da\/#website\"},\"primaryImageOfPage\":{\"@id\":\"https:\/\/museliving.auxodev2.dk\/da\/product\/vinreol-max-braendt-fyrretrae\/#primaryimage\"},\"image\":{\"@id\":\"https:\/\/museliving.auxodev2.dk\/da\/product\/vinreol-max-braendt-fyrretrae\/#primaryimage\"},\"thumbnailUrl\":\"https:\/\/museliving.auxodev2.dk\/wp-content\/uploads\/Quarter-Rex-front-1.jpg\",\"datePublished\":\"2025-07-28T06:46:51+00:00\",\"dateModified\":\"2025-07-30T15:03:08+00:00\",\"description\":\"Vinreol designet till at reducere CO2-aftrykket, og er skabt med omtanke for milj\u00f8et. Perfektion til det yderste er synligt i hvert eneste detalje.\",\"breadcrumb\":{\"@id\":\"https:\/\/museliving.auxodev2.dk\/da\/product\/vinreol-max-braendt-fyrretrae\/#breadcrumb\"},\"inLanguage\":\"da-DK\",\"potentialAction\":[{\"@type\":\"ReadAction\",\"target\":[\"https:\/\/museliving.auxodev2.dk\/da\/product\/vinreol-max-braendt-fyrretrae\/\"]}]},{\"@type\":\"ImageObject\",\"inLanguage\":\"da-DK\",\"@id\":\"https:\/\/museliving.auxodev2.dk\/da\/product\/vinreol-max-braendt-fyrretrae\/#primaryimage\",\"url\":\"https:\/\/museliving.auxodev2.dk\/wp-content\/uploads\/Quarter-Rex-front-1.jpg\",\"contentUrl\":\"https:\/\/museliving.auxodev2.dk\/wp-content\/uploads\/Quarter-Rex-front-1.jpg\",\"width\":1200,\"height\":800},{\"@type\":\"BreadcrumbList\",\"@id\":\"https:\/\/museliving.auxodev2.dk\/da\/product\/vinreol-max-braendt-fyrretrae\/#breadcrumb\",\"itemListElement\":[{\"@type\":\"ListItem\",\"position\":1,\"name\":\"Home\",\"item\":\"https:\/\/museliving.auxodev2.dk\/da\/hjem\/\"},{\"@type\":\"ListItem\",\"position\":2,\"name\":\"Alle produkter\",\"item\":\"https:\/\/museliving.auxodev2.dk\/da\/shop\/\"},{\"@type\":\"ListItem\",\"position\":3,\"name\":\"Vinreoler\",\"item\":\"https:\/\/museliving.auxodev2.dk\/da\/category\/vinreoler\/\"},{\"@type\":\"ListItem\",\"position\":4,\"name\":\"Winenest\",\"item\":\"https:\/\/museliving.auxodev2.dk\/da\/category\/vinreoler\/winenest-da\/\"},{\"@type\":\"ListItem\",\"position\":5,\"name\":\"Vinreol &#8211; Max &#8211; Br\u00e6ndt Fyrretr\u00e6\"}]},{\"@type\":\"WebSite\",\"@id\":\"https:\/\/museliving.auxodev2.dk\/da\/#website\",\"url\":\"https:\/\/museliving.auxodev2.dk\/da\/\",\"name\":\"museliving.eu\",\"description\":\"\",\"publisher\":{\"@id\":\"https:\/\/museliving.auxodev2.dk\/da\/#organization\"},\"potentialAction\":[{\"@type\":\"SearchAction\",\"target\":{\"@type\":\"EntryPoint\",\"urlTemplate\":\"https:\/\/museliving.auxodev2.dk\/da\/?s={search_term_string}\"},\"query-input\":{\"@type\":\"PropertyValueSpecification\",\"valueRequired\":true,\"valueName\":\"search_term_string\"}}],\"inLanguage\":\"da-DK\"},{\"@type\":\"Organization\",\"@id\":\"https:\/\/museliving.auxodev2.dk\/da\/#organization\",\"name\":\"Museliving\",\"url\":\"https:\/\/museliving.auxodev2.dk\/da\/\",\"logo\":{\"@type\":\"ImageObject\",\"inLanguage\":\"da-DK\",\"@id\":\"https:\/\/museliving.auxodev2.dk\/da\/#\/schema\/logo\/image\/\",\"url\":\"https:\/\/museliving.auxodev2.dk\/wp-content\/uploads\/websted-logo.png\",\"contentUrl\":\"https:\/\/museliving.auxodev2.dk\/wp-content\/uploads\/websted-logo.png\",\"width\":350,\"height\":100,\"caption\":\"Museliving\"},\"image\":{\"@id\":\"https:\/\/museliving.auxodev2.dk\/da\/#\/schema\/logo\/image\/\"}}]}<\/script>\n<!-- \/ Yoast SEO plugin. -->","yoast_head_json":{"title":"Vinreol - Max - Br\u00e6ndt Fyrretr\u00e6 - museliving.eu","description":"Vinreol designet till at reducere CO2-aftrykket, og er skabt med omtanke for milj\u00f8et. Perfektion til det yderste er synligt i hvert eneste detalje.","robots":{"index":"noindex","follow":"follow","max-snippet":"max-snippet:-1","max-image-preview":"max-image-preview:large","max-video-preview":"max-video-preview:-1"},"og_locale":"da_DK","og_type":"article","og_title":"Vinreol - Max - Br\u00e6ndt Fyrretr\u00e6 - museliving.eu","og_description":"Vinreol designet till at reducere CO2-aftrykket, og er skabt med omtanke for milj\u00f8et. Perfektion til det yderste er synligt i hvert eneste detalje.","og_url":"https:\/\/museliving.auxodev2.dk\/da\/product\/vinreol-max-braendt-fyrretrae\/","og_site_name":"museliving.eu","article_modified_time":"2025-07-30T15:03:08+00:00","og_image":[{"width":1200,"height":800,"url":"https:\/\/museliving.auxodev2.dk\/wp-content\/uploads\/Quarter-Rex-front-1.jpg","type":"image\/jpeg"}],"twitter_card":"summary_large_image","twitter_misc":{"Estimeret l\u00e6setid":"3 minutter"},"schema":{"@context":"https:\/\/schema.org","@graph":[{"@type":"WebPage","@id":"https:\/\/museliving.auxodev2.dk\/da\/product\/vinreol-max-braendt-fyrretrae\/","url":"https:\/\/museliving.auxodev2.dk\/da\/product\/vinreol-max-braendt-fyrretrae\/","name":"Vinreol - Max - Br\u00e6ndt Fyrretr\u00e6 - museliving.eu","isPartOf":{"@id":"https:\/\/museliving.auxodev2.dk\/da\/#website"},"primaryImageOfPage":{"@id":"https:\/\/museliving.auxodev2.dk\/da\/product\/vinreol-max-braendt-fyrretrae\/#primaryimage"},"image":{"@id":"https:\/\/museliving.auxodev2.dk\/da\/product\/vinreol-max-braendt-fyrretrae\/#primaryimage"},"thumbnailUrl":"https:\/\/museliving.auxodev2.dk\/wp-content\/uploads\/Quarter-Rex-front-1.jpg","datePublished":"2025-07-28T06:46:51+00:00","dateModified":"2025-07-30T15:03:08+00:00","description":"Vinreol designet till at reducere CO2-aftrykket, og er skabt med omtanke for milj\u00f8et. Perfektion til det yderste er synligt i hvert eneste detalje.","breadcrumb":{"@id":"https:\/\/museliving.auxodev2.dk\/da\/product\/vinreol-max-braendt-fyrretrae\/#breadcrumb"},"inLanguage":"da-DK","potentialAction":[{"@type":"ReadAction","target":["https:\/\/museliving.auxodev2.dk\/da\/product\/vinreol-max-braendt-fyrretrae\/"]}]},{"@type":"ImageObject","inLanguage":"da-DK","@id":"https:\/\/museliving.auxodev2.dk\/da\/product\/vinreol-max-braendt-fyrretrae\/#primaryimage","url":"https:\/\/museliving.auxodev2.dk\/wp-content\/uploads\/Quarter-Rex-front-1.jpg","contentUrl":"https:\/\/museliving.auxodev2.dk\/wp-content\/uploads\/Quarter-Rex-front-1.jpg","width":1200,"height":800},{"@type":"BreadcrumbList","@id":"https:\/\/museliving.auxodev2.dk\/da\/product\/vinreol-max-braendt-fyrretrae\/#breadcrumb","itemListElement":[{"@type":"ListItem","position":1,"name":"Home","item":"https:\/\/museliving.auxodev2.dk\/da\/hjem\/"},{"@type":"ListItem","position":2,"name":"Alle produkter","item":"https:\/\/museliving.auxodev2.dk\/da\/shop\/"},{"@type":"ListItem","position":3,"name":"Vinreoler","item":"https:\/\/museliving.auxodev2.dk\/da\/category\/vinreoler\/"},{"@type":"ListItem","position":4,"name":"Winenest","item":"https:\/\/museliving.auxodev2.dk\/da\/category\/vinreoler\/winenest-da\/"},{"@type":"ListItem","position":5,"name":"Vinreol &#8211; Max &#8211; Br\u00e6ndt Fyrretr\u00e6"}]},{"@type":"WebSite","@id":"https:\/\/museliving.auxodev2.dk\/da\/#website","url":"https:\/\/museliving.auxodev2.dk\/da\/","name":"museliving.eu","description":"","publisher":{"@id":"https:\/\/museliving.auxodev2.dk\/da\/#organization"},"potentialAction":[{"@type":"SearchAction","target":{"@type":"EntryPoint","urlTemplate":"https:\/\/museliving.auxodev2.dk\/da\/?s={search_term_string}"},"query-input":{"@type":"PropertyValueSpecification","valueRequired":true,"valueName":"search_term_string"}}],"inLanguage":"da-DK"},{"@type":"Organization","@id":"https:\/\/museliving.auxodev2.dk\/da\/#organization","name":"Museliving","url":"https:\/\/museliving.auxodev2.dk\/da\/","logo":{"@type":"ImageObject","inLanguage":"da-DK","@id":"https:\/\/museliving.auxodev2.dk\/da\/#\/schema\/logo\/image\/","url":"https:\/\/museliving.auxodev2.dk\/wp-content\/uploads\/websted-logo.png","contentUrl":"https:\/\/museliving.auxodev2.dk\/wp-content\/uploads\/websted-logo.png","width":350,"height":100,"caption":"Museliving"},"image":{"@id":"https:\/\/museliving.auxodev2.dk\/da\/#\/schema\/logo\/image\/"}}]}},"_links":{"self":[{"href":"https:\/\/museliving.auxodev2.dk\/da\/wp-json\/wp\/v2\/product\/21865","targetHints":{"allow":["GET"]}}],"collection":[{"href":"https:\/\/museliving.auxodev2.dk\/da\/wp-json\/wp\/v2\/product"}],"about":[{"href":"https:\/\/museliving.auxodev2.dk\/da\/wp-json\/wp\/v2\/types\/product"}],"version-history":[{"count":1,"href":"https:\/\/museliving.auxodev2.dk\/da\/wp-json\/wp\/v2\/product\/21865\/revisions"}],"predecessor-version":[{"id":21870,"href":"https:\/\/museliving.auxodev2.dk\/da\/wp-json\/wp\/v2\/product\/21865\/revisions\/21870"}],"wp:featuredmedia":[{"embeddable":true,"href":"https:\/\/museliving.auxodev2.dk\/da\/wp-json\/wp\/v2\/media\/21866"}],"wp:attachment":[{"href":"https:\/\/museliving.auxodev2.dk\/da\/wp-json\/wp\/v2\/media?parent=21865"}],"wp:term":[{"taxonomy":"product_brand","embeddable":true,"href":"https:\/\/museliving.auxodev2.dk\/da\/wp-json\/wp\/v2\/product_brand?post=21865"},{"taxonomy":"product_cat","embeddable":true,"href":"https:\/\/museliving.auxodev2.dk\/da\/wp-json\/wp\/v2\/product_cat?post=21865"},{"taxonomy":"product_tag","embeddable":true,"href":"https:\/\/museliving.auxodev2.dk\/da\/wp-json\/wp\/v2\/product_tag?post=21865"}],"curies":[{"name":"wp","href":"https:\/\/api.w.org\/{rel}","templated":true}]}}