{"id":21753,"date":"2025-07-28T07:30:04","date_gmt":"2025-07-28T05:30:04","guid":{"rendered":"https:\/\/museliving.auxodev2.dk\/?post_type=product&#038;p=21753"},"modified":"2025-07-30T16:08:08","modified_gmt":"2025-07-30T14:08:08","slug":"vinholder-ivy-fyrretrae","status":"publish","type":"product","link":"https:\/\/museliving.auxodev2.dk\/da\/product\/vinholder-ivy-fyrretrae\/","title":{"rendered":"Vinreol &#8211; Ivy &#8211; Fyrretr\u00e6"},"content":{"rendered":"<h4>Perfektioneret til Det Yderste: Et N\u00e6rmere Kig p\u00e5 en Ivy Vinholder i Fyrretr\u00e6<\/h4>\n<p>Winenest er en elegant serie af vinhylder lavet af h\u00f8jkvalitets tr\u00e6pinde. De er designet med maksimal fleksibilitet og tilbyder mange muligheder for opbevaring af din vin. Det smarte design giver dig mulighed for at stable flere reoler eller placere dem side om side. Vores vinreoler produceres i fire varianter: fyrretr\u00e6, br\u00e6ndt fyrretr\u00e6, egetr\u00e6 og r\u00f8get egetr\u00e6. Med Ivy vinholder i fyrretr\u00e6 f\u00e5r du mulighed for at skabe en imponerende vinopbevaringsv\u00e6g eller bruge dem som individuelle vinholdere og flaskeopbevaring.<\/p>\n<h4>Det Laveste CO2-Aftryk p\u00e5 Markedet for Vinreoler<\/h4>\n<p>Hos Museliving er vi dedikerede til at beskytte milj\u00f8et og g\u00f8r vores yderste for at integrere tr\u00e6 i vores produkter og produktionsmetoder. Vores Winenest-serie af vinreoler, vinholdere og flaskeopbevaring er designet og fremstillet med m\u00e5let om at minimere CO2-aftrykket uden at g\u00e5 p\u00e5 kompromis med kvaliteten. Derfor er vi stolte af at kunne sige, at vores Winenest Ivy vinholder i fyrretr\u00e6 har det laveste CO2-aftryk i branchen, samtidig med at de leverer enest\u00e5ende kvalitet og funktionalitet.<\/p>\n<h4>Pris og V\u00e6rdi: Er Det Pengene V\u00e6rd?<\/h4>\n<p>Hos Museliving forst\u00e5r vi, at din vinsamling er lige s\u00e5 unik som dig. Derfor tilbyder vi muligheden for at tilpasse enhver vinholder efter dine specifikke pr\u00e6ferencer. Har du brug for en specialst\u00f8rrelse, der passer til et bestemt rum? Foretr\u00e6kker du en anden finish eller stil? Vi kan skr\u00e6ddersy alt efter dine \u00f8nsker. Kontakt os blot p\u00e5 <em><strong><a href=\"mailto:sales@museliving.eu\">sales@museliving.eu<\/a><\/strong><\/em>, og lad os skabe den perfekte vinopbevaringsl\u00f8sning til dig.<\/p>\n<p>Hvis du \u00f8nsker det, kan vi ogs\u00e5 levere et komplet designforslag til din vink\u00e6lder. Dette inkluderer Ivy vinholder i fyrretr\u00e6, vinhyldere og flaskeopbevaring til dine vinflasker og andre flasker. T\u00f8v ikke med at kontakte os p\u00e5 <em><strong><a href=\"mailto:sales@museliving.eu\">sales@museliving.eu<\/a><\/strong><\/em>. Fra design til levering p\u00e5 under fire uger.<\/p>\n<h4>Kundernes Tilfredshed: En Prioritet<\/h4>\n<p>Vi s\u00e6tter en \u00e6re i at levere produkter, der ikke kun opfylder, men overg\u00e5r vores kunders forventninger. Vores dedikerede kundeserviceteam st\u00e5r altid klar til at hj\u00e6lpe dig med sp\u00f8rgsm\u00e5l eller specielle anmodninger. Vi tror p\u00e5, at en god vin fortjener en lige s\u00e5 god opbevaringsl\u00f8sning. Derfor er vores Ivy vinholder i fyrretr\u00e6 designet til at v\u00e6re b\u00e5de funktionel og \u00e6stetisk tiltalende.<\/p>\n<h4>B\u00e6redygtighed og Innovation<\/h4>\n<p>Museliving er ikke kun engageret i at reducere CO2-aftrykket, men ogs\u00e5 i at fremme b\u00e6redygtighed gennem innovative l\u00f8sninger. Vi arbejder konstant p\u00e5 at forbedre vores produktionsprocesser og materialevalg for at sikre, at vores produkter er s\u00e5 milj\u00f8venlige som muligt. Vores m\u00e5l er at skabe en balance mellem luksus og b\u00e6redygtighed, s\u00e5 du kan nyde din vin med god samvittighed.<\/p>\n<h4>Fremtidens Vinopbevaring<\/h4>\n<p>Vi er overbeviste om, at fremtidens vinopbevaring ligger i b\u00e6redygtige og fleksible l\u00f8sninger. Med Winenest-serien f\u00e5r du ikke kun en Ivy vinholder i fyrretr\u00e6, men en investering i kvalitet, design og milj\u00f8bevidsthed. Lad os hj\u00e6lpe dig med at skabe den perfekte ramme for din vinsamling, s\u00e5 du kan nyde hver eneste flaske til fulde.<\/p>\n<h4>Kvalitet og H\u00e5ndv\u00e6rk<\/h4>\n<p>Hver Winenest vinholder i fyrretr\u00e6 er resultatet af omhyggeligt h\u00e5ndv\u00e6rk og en passion for detaljer. Vores team af dygtige h\u00e5ndv\u00e6rkere bruger kun de fineste materialer for at sikre, at hver vinholder i fyrretr\u00e6 lever op til vores h\u00f8je standarder. Vi mener, at kvalitet ikke kun handler om holdbarhed, men ogs\u00e5 om \u00e6stetik og funktionalitet. Derfor er hver Ivy vinholder i fyrretr\u00e6 designet til at v\u00e6re b\u00e5de smuk og praktisk, s\u00e5 du kan opbevare din vin med stil.<\/p>\n<h4>Levering i Hele Europa<\/h4>\n<p>Museliving er stolt af at levere vores produkter til vinelskere over hele Europa. Uanset hvor du befinder dig, kan du nyde vores b\u00e6redygtige og elegante vinopbevaringsl\u00f8sninger. Vi tilbyder <a href=\"https:\/\/museliving.dk\/levering\/\">levering<\/a> i hele Europa og sikrer, at dine vinreoler ankommer sikkert og til tiden. Vores r\u00e6kkevidde g\u00f8r det muligt for os at dele vores passion for vinopbevaring med et bredt publikum og bidrage til en mere b\u00e6redygtig fremtid for alle.<\/p>\n<h4>Kontakt Os<\/h4>\n<p>Vi er altid her for at hj\u00e6lpe dig med at finde den perfekte vinopbevaringsl\u00f8sning. Uanset om du har sp\u00f8rgsm\u00e5l om vores produkter, har brug for r\u00e5d om design, eller \u00f8nsker at afgive en specialbestilling, er du velkommen til at kontakte os. Vores venlige og kyndige team er klar til at hj\u00e6lpe dig og sikre, at du f\u00e5r den bedste oplevelse med Museliving. <a href=\"https:\/\/museliving.dk\/kontakt-os\/\">Kontakt os<\/a> her eller send os en e-mail p\u00e5 <em><strong><a href=\"mailto:sales@museliving.eu\">sales@museliving.eu<\/a><\/strong><\/em> for at komme i gang.<\/p>\n<blockquote class=\"wp-embedded-content\" data-secret=\"CC3MYC5bMG\"><p><a href=\"https:\/\/museliving.eu\/wine-rack-designed-by-you\/\">Wine Rack Designed by You<\/a><\/p><\/blockquote>\n<p><iframe class=\"wp-embedded-content\" sandbox=\"allow-scripts\" security=\"restricted\" style=\"position: absolute; visibility: hidden;\" title=\"&#8220;Wine Rack Designed by You&#8221; &#8212; \" src=\"https:\/\/museliving.eu\/wine-rack-designed-by-you\/embed\/#?secret=U8M4oW5wRo#?secret=CC3MYC5bMG\" data-secret=\"CC3MYC5bMG\" width=\"600\" height=\"338\" frameborder=\"0\" marginwidth=\"0\" marginheight=\"0\" scrolling=\"no\"><\/iframe><\/p>\n","protected":false},"excerpt":{"rendered":"<ul>\n<li style=\"text-align: left;\">St\u00f8rrelse (HxWxD cm): 60x60x30 cm<\/li>\n<li style=\"text-align: left;\">Placering: gulv eller i stativsystem<\/li>\n<li style=\"text-align: left;\">V\u00e6gt: 3.5 kg<\/li>\n<li style=\"text-align: left;\">Antal flasker: 40<\/li>\n<li style=\"text-align: left;\">Flasketype: Bordeaux, Alsace, Bourgogne, Champagne<\/li>\n<li style=\"text-align: left;\">Levering: Samlet<\/li>\n<\/ul>\n","protected":false},"featured_media":21754,"template":"","meta":{"_acf_changed":false},"product_brand":[],"product_cat":[581,590],"product_tag":[593,602,596,599],"class_list":{"0":"post-21753","1":"product","2":"type-product","3":"status-publish","4":"has-post-thumbnail","6":"product_cat-vinreoler","7":"product_cat-winenest-da","8":"product_tag-vinkaelder-tag","9":"product_tag-vinopbevaring-tag","10":"product_tag-vinreol-tag","11":"product_tag-vinreoler-tag","13":"first","14":"instock","15":"taxable","16":"shipping-taxable","17":"purchasable","18":"product-type-simple"},"acf":[],"yoast_head":"<!-- This site is optimized with the Yoast SEO plugin v26.9 - https:\/\/yoast.com\/product\/yoast-seo-wordpress\/ -->\n<title>Ivy Vinholder i Fyrretr\u00e6 - museliving.eu<\/title>\n<meta name=\"description\" content=\"Milj\u00f8venlig Ivy Vinholder i Fyrretr\u00e6, der kombinerer rustik charme og funktionalitet til at opbevare og udstille dine vinflasker med stil.\" \/>\n<meta name=\"robots\" content=\"noindex, follow, max-snippet:-1, max-image-preview:large, max-video-preview:-1\" \/>\n<meta property=\"og:locale\" content=\"da_DK\" \/>\n<meta property=\"og:type\" content=\"article\" \/>\n<meta property=\"og:title\" content=\"Ivy Vinholder i Fyrretr\u00e6 - museliving.eu\" \/>\n<meta property=\"og:description\" content=\"Milj\u00f8venlig Ivy Vinholder i Fyrretr\u00e6, der kombinerer rustik charme og funktionalitet til at opbevare og udstille dine vinflasker med stil.\" \/>\n<meta property=\"og:url\" content=\"https:\/\/museliving.auxodev2.dk\/da\/product\/vinholder-ivy-fyrretrae\/\" \/>\n<meta property=\"og:site_name\" content=\"museliving.eu\" \/>\n<meta property=\"article:modified_time\" content=\"2025-07-30T14:08:08+00:00\" \/>\n<meta property=\"og:image\" content=\"https:\/\/museliving.auxodev2.dk\/wp-content\/uploads\/Ivy-front.jpg\" \/>\n\t<meta property=\"og:image:width\" content=\"1200\" \/>\n\t<meta property=\"og:image:height\" content=\"800\" \/>\n\t<meta property=\"og:image:type\" content=\"image\/jpeg\" \/>\n<meta name=\"twitter:card\" content=\"summary_large_image\" \/>\n<meta name=\"twitter:label1\" content=\"Estimeret l\u00e6setid\" \/>\n\t<meta name=\"twitter:data1\" content=\"4 minutter\" \/>\n<script type=\"application\/ld+json\" class=\"yoast-schema-graph\">{\"@context\":\"https:\/\/schema.org\",\"@graph\":[{\"@type\":\"WebPage\",\"@id\":\"https:\/\/museliving.auxodev2.dk\/da\/product\/vinholder-ivy-fyrretrae\/\",\"url\":\"https:\/\/museliving.auxodev2.dk\/da\/product\/vinholder-ivy-fyrretrae\/\",\"name\":\"Ivy Vinholder i Fyrretr\u00e6 - museliving.eu\",\"isPartOf\":{\"@id\":\"https:\/\/museliving.auxodev2.dk\/da\/#website\"},\"primaryImageOfPage\":{\"@id\":\"https:\/\/museliving.auxodev2.dk\/da\/product\/vinholder-ivy-fyrretrae\/#primaryimage\"},\"image\":{\"@id\":\"https:\/\/museliving.auxodev2.dk\/da\/product\/vinholder-ivy-fyrretrae\/#primaryimage\"},\"thumbnailUrl\":\"https:\/\/museliving.auxodev2.dk\/wp-content\/uploads\/Ivy-front.jpg\",\"datePublished\":\"2025-07-28T05:30:04+00:00\",\"dateModified\":\"2025-07-30T14:08:08+00:00\",\"description\":\"Milj\u00f8venlig Ivy Vinholder i Fyrretr\u00e6, der kombinerer rustik charme og funktionalitet til at opbevare og udstille dine vinflasker med stil.\",\"breadcrumb\":{\"@id\":\"https:\/\/museliving.auxodev2.dk\/da\/product\/vinholder-ivy-fyrretrae\/#breadcrumb\"},\"inLanguage\":\"da-DK\",\"potentialAction\":[{\"@type\":\"ReadAction\",\"target\":[\"https:\/\/museliving.auxodev2.dk\/da\/product\/vinholder-ivy-fyrretrae\/\"]}]},{\"@type\":\"ImageObject\",\"inLanguage\":\"da-DK\",\"@id\":\"https:\/\/museliving.auxodev2.dk\/da\/product\/vinholder-ivy-fyrretrae\/#primaryimage\",\"url\":\"https:\/\/museliving.auxodev2.dk\/wp-content\/uploads\/Ivy-front.jpg\",\"contentUrl\":\"https:\/\/museliving.auxodev2.dk\/wp-content\/uploads\/Ivy-front.jpg\",\"width\":1200,\"height\":800},{\"@type\":\"BreadcrumbList\",\"@id\":\"https:\/\/museliving.auxodev2.dk\/da\/product\/vinholder-ivy-fyrretrae\/#breadcrumb\",\"itemListElement\":[{\"@type\":\"ListItem\",\"position\":1,\"name\":\"Home\",\"item\":\"https:\/\/museliving.auxodev2.dk\/da\/hjem\/\"},{\"@type\":\"ListItem\",\"position\":2,\"name\":\"Alle produkter\",\"item\":\"https:\/\/museliving.auxodev2.dk\/da\/shop\/\"},{\"@type\":\"ListItem\",\"position\":3,\"name\":\"Vinreoler\",\"item\":\"https:\/\/museliving.auxodev2.dk\/da\/category\/vinreoler\/\"},{\"@type\":\"ListItem\",\"position\":4,\"name\":\"Winenest\",\"item\":\"https:\/\/museliving.auxodev2.dk\/da\/category\/vinreoler\/winenest-da\/\"},{\"@type\":\"ListItem\",\"position\":5,\"name\":\"Vinreol &#8211; Ivy &#8211; Fyrretr\u00e6\"}]},{\"@type\":\"WebSite\",\"@id\":\"https:\/\/museliving.auxodev2.dk\/da\/#website\",\"url\":\"https:\/\/museliving.auxodev2.dk\/da\/\",\"name\":\"museliving.eu\",\"description\":\"\",\"publisher\":{\"@id\":\"https:\/\/museliving.auxodev2.dk\/da\/#organization\"},\"potentialAction\":[{\"@type\":\"SearchAction\",\"target\":{\"@type\":\"EntryPoint\",\"urlTemplate\":\"https:\/\/museliving.auxodev2.dk\/da\/?s={search_term_string}\"},\"query-input\":{\"@type\":\"PropertyValueSpecification\",\"valueRequired\":true,\"valueName\":\"search_term_string\"}}],\"inLanguage\":\"da-DK\"},{\"@type\":\"Organization\",\"@id\":\"https:\/\/museliving.auxodev2.dk\/da\/#organization\",\"name\":\"Museliving\",\"url\":\"https:\/\/museliving.auxodev2.dk\/da\/\",\"logo\":{\"@type\":\"ImageObject\",\"inLanguage\":\"da-DK\",\"@id\":\"https:\/\/museliving.auxodev2.dk\/da\/#\/schema\/logo\/image\/\",\"url\":\"https:\/\/museliving.auxodev2.dk\/wp-content\/uploads\/websted-logo.png\",\"contentUrl\":\"https:\/\/museliving.auxodev2.dk\/wp-content\/uploads\/websted-logo.png\",\"width\":350,\"height\":100,\"caption\":\"Museliving\"},\"image\":{\"@id\":\"https:\/\/museliving.auxodev2.dk\/da\/#\/schema\/logo\/image\/\"}}]}<\/script>\n<!-- \/ Yoast SEO plugin. -->","yoast_head_json":{"title":"Ivy Vinholder i Fyrretr\u00e6 - museliving.eu","description":"Milj\u00f8venlig Ivy Vinholder i Fyrretr\u00e6, der kombinerer rustik charme og funktionalitet til at opbevare og udstille dine vinflasker med stil.","robots":{"index":"noindex","follow":"follow","max-snippet":"max-snippet:-1","max-image-preview":"max-image-preview:large","max-video-preview":"max-video-preview:-1"},"og_locale":"da_DK","og_type":"article","og_title":"Ivy Vinholder i Fyrretr\u00e6 - museliving.eu","og_description":"Milj\u00f8venlig Ivy Vinholder i Fyrretr\u00e6, der kombinerer rustik charme og funktionalitet til at opbevare og udstille dine vinflasker med stil.","og_url":"https:\/\/museliving.auxodev2.dk\/da\/product\/vinholder-ivy-fyrretrae\/","og_site_name":"museliving.eu","article_modified_time":"2025-07-30T14:08:08+00:00","og_image":[{"width":1200,"height":800,"url":"https:\/\/museliving.auxodev2.dk\/wp-content\/uploads\/Ivy-front.jpg","type":"image\/jpeg"}],"twitter_card":"summary_large_image","twitter_misc":{"Estimeret l\u00e6setid":"4 minutter"},"schema":{"@context":"https:\/\/schema.org","@graph":[{"@type":"WebPage","@id":"https:\/\/museliving.auxodev2.dk\/da\/product\/vinholder-ivy-fyrretrae\/","url":"https:\/\/museliving.auxodev2.dk\/da\/product\/vinholder-ivy-fyrretrae\/","name":"Ivy Vinholder i Fyrretr\u00e6 - museliving.eu","isPartOf":{"@id":"https:\/\/museliving.auxodev2.dk\/da\/#website"},"primaryImageOfPage":{"@id":"https:\/\/museliving.auxodev2.dk\/da\/product\/vinholder-ivy-fyrretrae\/#primaryimage"},"image":{"@id":"https:\/\/museliving.auxodev2.dk\/da\/product\/vinholder-ivy-fyrretrae\/#primaryimage"},"thumbnailUrl":"https:\/\/museliving.auxodev2.dk\/wp-content\/uploads\/Ivy-front.jpg","datePublished":"2025-07-28T05:30:04+00:00","dateModified":"2025-07-30T14:08:08+00:00","description":"Milj\u00f8venlig Ivy Vinholder i Fyrretr\u00e6, der kombinerer rustik charme og funktionalitet til at opbevare og udstille dine vinflasker med stil.","breadcrumb":{"@id":"https:\/\/museliving.auxodev2.dk\/da\/product\/vinholder-ivy-fyrretrae\/#breadcrumb"},"inLanguage":"da-DK","potentialAction":[{"@type":"ReadAction","target":["https:\/\/museliving.auxodev2.dk\/da\/product\/vinholder-ivy-fyrretrae\/"]}]},{"@type":"ImageObject","inLanguage":"da-DK","@id":"https:\/\/museliving.auxodev2.dk\/da\/product\/vinholder-ivy-fyrretrae\/#primaryimage","url":"https:\/\/museliving.auxodev2.dk\/wp-content\/uploads\/Ivy-front.jpg","contentUrl":"https:\/\/museliving.auxodev2.dk\/wp-content\/uploads\/Ivy-front.jpg","width":1200,"height":800},{"@type":"BreadcrumbList","@id":"https:\/\/museliving.auxodev2.dk\/da\/product\/vinholder-ivy-fyrretrae\/#breadcrumb","itemListElement":[{"@type":"ListItem","position":1,"name":"Home","item":"https:\/\/museliving.auxodev2.dk\/da\/hjem\/"},{"@type":"ListItem","position":2,"name":"Alle produkter","item":"https:\/\/museliving.auxodev2.dk\/da\/shop\/"},{"@type":"ListItem","position":3,"name":"Vinreoler","item":"https:\/\/museliving.auxodev2.dk\/da\/category\/vinreoler\/"},{"@type":"ListItem","position":4,"name":"Winenest","item":"https:\/\/museliving.auxodev2.dk\/da\/category\/vinreoler\/winenest-da\/"},{"@type":"ListItem","position":5,"name":"Vinreol &#8211; Ivy &#8211; Fyrretr\u00e6"}]},{"@type":"WebSite","@id":"https:\/\/museliving.auxodev2.dk\/da\/#website","url":"https:\/\/museliving.auxodev2.dk\/da\/","name":"museliving.eu","description":"","publisher":{"@id":"https:\/\/museliving.auxodev2.dk\/da\/#organization"},"potentialAction":[{"@type":"SearchAction","target":{"@type":"EntryPoint","urlTemplate":"https:\/\/museliving.auxodev2.dk\/da\/?s={search_term_string}"},"query-input":{"@type":"PropertyValueSpecification","valueRequired":true,"valueName":"search_term_string"}}],"inLanguage":"da-DK"},{"@type":"Organization","@id":"https:\/\/museliving.auxodev2.dk\/da\/#organization","name":"Museliving","url":"https:\/\/museliving.auxodev2.dk\/da\/","logo":{"@type":"ImageObject","inLanguage":"da-DK","@id":"https:\/\/museliving.auxodev2.dk\/da\/#\/schema\/logo\/image\/","url":"https:\/\/museliving.auxodev2.dk\/wp-content\/uploads\/websted-logo.png","contentUrl":"https:\/\/museliving.auxodev2.dk\/wp-content\/uploads\/websted-logo.png","width":350,"height":100,"caption":"Museliving"},"image":{"@id":"https:\/\/museliving.auxodev2.dk\/da\/#\/schema\/logo\/image\/"}}]}},"_links":{"self":[{"href":"https:\/\/museliving.auxodev2.dk\/da\/wp-json\/wp\/v2\/product\/21753","targetHints":{"allow":["GET"]}}],"collection":[{"href":"https:\/\/museliving.auxodev2.dk\/da\/wp-json\/wp\/v2\/product"}],"about":[{"href":"https:\/\/museliving.auxodev2.dk\/da\/wp-json\/wp\/v2\/types\/product"}],"version-history":[{"count":2,"href":"https:\/\/museliving.auxodev2.dk\/da\/wp-json\/wp\/v2\/product\/21753\/revisions"}],"predecessor-version":[{"id":21759,"href":"https:\/\/museliving.auxodev2.dk\/da\/wp-json\/wp\/v2\/product\/21753\/revisions\/21759"}],"wp:featuredmedia":[{"embeddable":true,"href":"https:\/\/museliving.auxodev2.dk\/da\/wp-json\/wp\/v2\/media\/21754"}],"wp:attachment":[{"href":"https:\/\/museliving.auxodev2.dk\/da\/wp-json\/wp\/v2\/media?parent=21753"}],"wp:term":[{"taxonomy":"product_brand","embeddable":true,"href":"https:\/\/museliving.auxodev2.dk\/da\/wp-json\/wp\/v2\/product_brand?post=21753"},{"taxonomy":"product_cat","embeddable":true,"href":"https:\/\/museliving.auxodev2.dk\/da\/wp-json\/wp\/v2\/product_cat?post=21753"},{"taxonomy":"product_tag","embeddable":true,"href":"https:\/\/museliving.auxodev2.dk\/da\/wp-json\/wp\/v2\/product_tag?post=21753"}],"curies":[{"name":"wp","href":"https:\/\/api.w.org\/{rel}","templated":true}]}}