{"id":23760,"date":"2025-07-07T09:13:57","date_gmt":"2025-07-07T07:13:57","guid":{"rendered":"https:\/\/museliving.auxodev2.dk\/levering\/"},"modified":"2025-08-03T16:47:38","modified_gmt":"2025-08-03T14:47:38","slug":"levering","status":"publish","type":"page","link":"https:\/\/museliving.auxodev2.dk\/da\/levering\/","title":{"rendered":"Levering"},"content":{"rendered":"\t\t<div data-elementor-type=\"wp-page\" data-elementor-id=\"23760\" class=\"elementor elementor-23760 elementor-4205\" data-elementor-post-type=\"page\">\n\t\t\t\t<div class=\"elementor-element elementor-element-ad34d84 e-con-full e-flex e-con e-parent\" data-id=\"ad34d84\" data-element_type=\"container\">\n\t\t<div class=\"elementor-element elementor-element-d1e8c59 e-flex e-con-boxed e-con e-child\" data-id=\"d1e8c59\" data-element_type=\"container\" data-settings=\"{&quot;background_background&quot;:&quot;classic&quot;}\">\n\t\t\t\t\t<div class=\"e-con-inner\">\n\t\t<div class=\"elementor-element elementor-element-fb928b3 e-con-full e-flex e-con e-child\" data-id=\"fb928b3\" data-element_type=\"container\">\n\t\t\t\t<\/div>\n\t\t\t\t\t<\/div>\n\t\t\t\t<\/div>\n\t\t\t\t<\/div>\n\t\t<div class=\"elementor-element elementor-element-d4c2800 e-flex e-con-boxed e-con e-parent\" data-id=\"d4c2800\" data-element_type=\"container\" data-settings=\"{&quot;background_background&quot;:&quot;classic&quot;}\">\n\t\t\t\t\t<div class=\"e-con-inner\">\n\t\t<div class=\"elementor-element elementor-element-883fe7a e-con-full e-flex e-con e-child\" data-id=\"883fe7a\" data-element_type=\"container\">\n\t\t\t\t<div class=\"elementor-element elementor-element-1cc1628 elementor-widget elementor-widget-heading\" data-id=\"1cc1628\" data-element_type=\"widget\" data-widget_type=\"heading.default\">\n\t\t\t\t\t<h2 class=\"elementor-heading-title elementor-size-default\">Levering<\/h2>\t\t\t\t<\/div>\n\t\t\t\t<div class=\"elementor-element elementor-element-6fe7fff elementor-widget elementor-widget-text-editor\" data-id=\"6fe7fff\" data-element_type=\"widget\" data-widget_type=\"text-editor.default\">\n\t\t\t\t\t\t\t\t\t<p>Varerne sendes normalt samme dag, hvis de er p\u00e5 lager, og bestilles senest kl. 12:00 (middag) CET.<\/p><p>Den specifikke leveringstid er angivet ved den enkelte vare i webshoppen og er baseret p\u00e5 en bestilling senest kl. 12:00 CET. Hvis du bestiller efter kl. 12.00 CET, vil varerne blive afsendt den efterf\u00f8lgende hverdag. Hvis varerne ikke er p\u00e5 lager, vil der normalt v\u00e6re en leveringstid p\u00e5 1-3 uger. Vi sender altid en e-mail om den forventede leveringstid hurtigst muligt.   <\/p><p>Museliving tilbyder levering med lastbil, GLS eller DSV, hvis du ikke selv \u00f8nsker at afhente din ordre.<\/p><p>N\u00e5r pakken leveres til en hjemmeadresse, og du har angivet, hvor den kan placeres, overg\u00e5r risikoen og ansvaret til dig, n\u00e5r pakken er leveret. N\u00e5r du angiver, hvor pakken kan placeres i tilf\u00e6lde af hjemmelevering, er det vigtigt, at transport\u00f8ren nemt kan tilg\u00e5 den med en almindelig pallel\u00f8fter. <\/p>\t\t\t\t\t\t\t\t<\/div>\n\t\t\t\t<\/div>\n\t\t<div class=\"elementor-element elementor-element-5680f9d e-con-full e-flex e-con e-child\" data-id=\"5680f9d\" data-element_type=\"container\">\n\t\t\t\t<div class=\"elementor-element elementor-element-e733cf4 elementor-widget elementor-widget-heading\" data-id=\"e733cf4\" data-element_type=\"widget\" data-widget_type=\"heading.default\">\n\t\t\t\t\t<h3 class=\"elementor-heading-title elementor-size-default\">Vedr\u00f8rende omlevering<\/h3>\t\t\t\t<\/div>\n\t\t\t\t<div class=\"elementor-element elementor-element-b3859c0 elementor-widget elementor-widget-text-editor\" data-id=\"b3859c0\" data-element_type=\"widget\" data-widget_type=\"text-editor.default\">\n\t\t\t\t\t\t\t\t\t<p>Hvis der ikke er nogen p\u00e5 leveringsadressen til at modtage varerne, og hvis du ikke har indg\u00e5et en aftale om, at varerne kan placeres p\u00e5 adressen, vil transport\u00f8ren tage varerne tilbage og fors\u00f8ge levering med en omlevering. Hvis du n\u00e6gter modtagelse for at f\u00e5 ordren leveret p\u00e5 et andet tidspunkt uden en aftale med Museliving om dette, betragtes dette ogs\u00e5 som en omlevering. Prisen for en omlevering er 30 EURO.  <\/p><p>Hvis du \u00f8nsker levering p\u00e5 et bestemt tidspunkt eller uden for tidsrummet 8:00 \u2013 16:00, kan dette arrangeres mod et ekstra gebyr.<\/p>\t\t\t\t\t\t\t\t<\/div>\n\t\t\t\t<\/div>\n\t\t\t\t\t<\/div>\n\t\t\t\t<\/div>\n\t\t\t\t<\/div>\n\t\t","protected":false},"excerpt":{"rendered":"<p>Levering Varerne sendes normalt samme dag, hvis de er p\u00e5 lager, og bestilles senest kl. 12:00 (middag) CET. Den specifikke leveringstid er angivet ved den enkelte vare i webshoppen og er baseret p\u00e5 en bestilling senest kl. 12:00 CET. Hvis du bestiller efter kl. 12.00 CET, vil varerne blive afsendt den efterf\u00f8lgende hverdag. Hvis varerne [&hellip;]<\/p>\n","protected":false},"author":1,"featured_media":0,"parent":0,"menu_order":0,"comment_status":"closed","ping_status":"closed","template":"","meta":{"_acf_changed":false,"footnotes":""},"class_list":["post-23760","page","type-page","status-publish","hentry"],"acf":[],"yoast_head":"<!-- This site is optimized with the Yoast SEO plugin v26.9 - https:\/\/yoast.com\/product\/yoast-seo-wordpress\/ -->\n<title>Levering - museliving.eu<\/title>\n<meta name=\"robots\" content=\"noindex, follow, max-snippet:-1, max-image-preview:large, max-video-preview:-1\" \/>\n<meta property=\"og:locale\" content=\"da_DK\" \/>\n<meta property=\"og:type\" content=\"article\" \/>\n<meta property=\"og:title\" content=\"Levering - museliving.eu\" \/>\n<meta property=\"og:description\" content=\"Levering Varerne sendes normalt samme dag, hvis de er p\u00e5 lager, og bestilles senest kl. 12:00 (middag) CET. Den specifikke leveringstid er angivet ved den enkelte vare i webshoppen og er baseret p\u00e5 en bestilling senest kl. 12:00 CET. Hvis du bestiller efter kl. 12.00 CET, vil varerne blive afsendt den efterf\u00f8lgende hverdag. Hvis varerne [&hellip;]\" \/>\n<meta property=\"og:url\" content=\"https:\/\/museliving.auxodev2.dk\/da\/levering\/\" \/>\n<meta property=\"og:site_name\" content=\"museliving.eu\" \/>\n<meta property=\"article:modified_time\" content=\"2025-08-03T14:47:38+00:00\" \/>\n<meta name=\"twitter:card\" content=\"summary_large_image\" \/>\n<meta name=\"twitter:label1\" content=\"Estimeret l\u00e6setid\" \/>\n\t<meta name=\"twitter:data1\" content=\"1 minut\" \/>\n<script type=\"application\/ld+json\" class=\"yoast-schema-graph\">{\"@context\":\"https:\/\/schema.org\",\"@graph\":[{\"@type\":\"WebPage\",\"@id\":\"https:\/\/museliving.auxodev2.dk\/da\/levering\/\",\"url\":\"https:\/\/museliving.auxodev2.dk\/da\/levering\/\",\"name\":\"Levering - museliving.eu\",\"isPartOf\":{\"@id\":\"https:\/\/museliving.auxodev2.dk\/da\/#website\"},\"datePublished\":\"2025-07-07T07:13:57+00:00\",\"dateModified\":\"2025-08-03T14:47:38+00:00\",\"breadcrumb\":{\"@id\":\"https:\/\/museliving.auxodev2.dk\/da\/levering\/#breadcrumb\"},\"inLanguage\":\"da-DK\",\"potentialAction\":[{\"@type\":\"ReadAction\",\"target\":[\"https:\/\/museliving.auxodev2.dk\/da\/levering\/\"]}]},{\"@type\":\"BreadcrumbList\",\"@id\":\"https:\/\/museliving.auxodev2.dk\/da\/levering\/#breadcrumb\",\"itemListElement\":[{\"@type\":\"ListItem\",\"position\":1,\"name\":\"Home\",\"item\":\"https:\/\/museliving.auxodev2.dk\/da\/hjem\/\"},{\"@type\":\"ListItem\",\"position\":2,\"name\":\"Levering\"}]},{\"@type\":\"WebSite\",\"@id\":\"https:\/\/museliving.auxodev2.dk\/da\/#website\",\"url\":\"https:\/\/museliving.auxodev2.dk\/da\/\",\"name\":\"museliving.eu\",\"description\":\"\",\"publisher\":{\"@id\":\"https:\/\/museliving.auxodev2.dk\/da\/#organization\"},\"potentialAction\":[{\"@type\":\"SearchAction\",\"target\":{\"@type\":\"EntryPoint\",\"urlTemplate\":\"https:\/\/museliving.auxodev2.dk\/da\/?s={search_term_string}\"},\"query-input\":{\"@type\":\"PropertyValueSpecification\",\"valueRequired\":true,\"valueName\":\"search_term_string\"}}],\"inLanguage\":\"da-DK\"},{\"@type\":\"Organization\",\"@id\":\"https:\/\/museliving.auxodev2.dk\/da\/#organization\",\"name\":\"Museliving\",\"url\":\"https:\/\/museliving.auxodev2.dk\/da\/\",\"logo\":{\"@type\":\"ImageObject\",\"inLanguage\":\"da-DK\",\"@id\":\"https:\/\/museliving.auxodev2.dk\/da\/#\/schema\/logo\/image\/\",\"url\":\"https:\/\/museliving.auxodev2.dk\/wp-content\/uploads\/websted-logo.png\",\"contentUrl\":\"https:\/\/museliving.auxodev2.dk\/wp-content\/uploads\/websted-logo.png\",\"width\":350,\"height\":100,\"caption\":\"Museliving\"},\"image\":{\"@id\":\"https:\/\/museliving.auxodev2.dk\/da\/#\/schema\/logo\/image\/\"}}]}<\/script>\n<!-- \/ Yoast SEO plugin. -->","yoast_head_json":{"title":"Levering - museliving.eu","robots":{"index":"noindex","follow":"follow","max-snippet":"max-snippet:-1","max-image-preview":"max-image-preview:large","max-video-preview":"max-video-preview:-1"},"og_locale":"da_DK","og_type":"article","og_title":"Levering - museliving.eu","og_description":"Levering Varerne sendes normalt samme dag, hvis de er p\u00e5 lager, og bestilles senest kl. 12:00 (middag) CET. Den specifikke leveringstid er angivet ved den enkelte vare i webshoppen og er baseret p\u00e5 en bestilling senest kl. 12:00 CET. Hvis du bestiller efter kl. 12.00 CET, vil varerne blive afsendt den efterf\u00f8lgende hverdag. Hvis varerne [&hellip;]","og_url":"https:\/\/museliving.auxodev2.dk\/da\/levering\/","og_site_name":"museliving.eu","article_modified_time":"2025-08-03T14:47:38+00:00","twitter_card":"summary_large_image","twitter_misc":{"Estimeret l\u00e6setid":"1 minut"},"schema":{"@context":"https:\/\/schema.org","@graph":[{"@type":"WebPage","@id":"https:\/\/museliving.auxodev2.dk\/da\/levering\/","url":"https:\/\/museliving.auxodev2.dk\/da\/levering\/","name":"Levering - museliving.eu","isPartOf":{"@id":"https:\/\/museliving.auxodev2.dk\/da\/#website"},"datePublished":"2025-07-07T07:13:57+00:00","dateModified":"2025-08-03T14:47:38+00:00","breadcrumb":{"@id":"https:\/\/museliving.auxodev2.dk\/da\/levering\/#breadcrumb"},"inLanguage":"da-DK","potentialAction":[{"@type":"ReadAction","target":["https:\/\/museliving.auxodev2.dk\/da\/levering\/"]}]},{"@type":"BreadcrumbList","@id":"https:\/\/museliving.auxodev2.dk\/da\/levering\/#breadcrumb","itemListElement":[{"@type":"ListItem","position":1,"name":"Home","item":"https:\/\/museliving.auxodev2.dk\/da\/hjem\/"},{"@type":"ListItem","position":2,"name":"Levering"}]},{"@type":"WebSite","@id":"https:\/\/museliving.auxodev2.dk\/da\/#website","url":"https:\/\/museliving.auxodev2.dk\/da\/","name":"museliving.eu","description":"","publisher":{"@id":"https:\/\/museliving.auxodev2.dk\/da\/#organization"},"potentialAction":[{"@type":"SearchAction","target":{"@type":"EntryPoint","urlTemplate":"https:\/\/museliving.auxodev2.dk\/da\/?s={search_term_string}"},"query-input":{"@type":"PropertyValueSpecification","valueRequired":true,"valueName":"search_term_string"}}],"inLanguage":"da-DK"},{"@type":"Organization","@id":"https:\/\/museliving.auxodev2.dk\/da\/#organization","name":"Museliving","url":"https:\/\/museliving.auxodev2.dk\/da\/","logo":{"@type":"ImageObject","inLanguage":"da-DK","@id":"https:\/\/museliving.auxodev2.dk\/da\/#\/schema\/logo\/image\/","url":"https:\/\/museliving.auxodev2.dk\/wp-content\/uploads\/websted-logo.png","contentUrl":"https:\/\/museliving.auxodev2.dk\/wp-content\/uploads\/websted-logo.png","width":350,"height":100,"caption":"Museliving"},"image":{"@id":"https:\/\/museliving.auxodev2.dk\/da\/#\/schema\/logo\/image\/"}}]}},"_links":{"self":[{"href":"https:\/\/museliving.auxodev2.dk\/da\/wp-json\/wp\/v2\/pages\/23760","targetHints":{"allow":["GET"]}}],"collection":[{"href":"https:\/\/museliving.auxodev2.dk\/da\/wp-json\/wp\/v2\/pages"}],"about":[{"href":"https:\/\/museliving.auxodev2.dk\/da\/wp-json\/wp\/v2\/types\/page"}],"author":[{"embeddable":true,"href":"https:\/\/museliving.auxodev2.dk\/da\/wp-json\/wp\/v2\/users\/1"}],"replies":[{"embeddable":true,"href":"https:\/\/museliving.auxodev2.dk\/da\/wp-json\/wp\/v2\/comments?post=23760"}],"version-history":[{"count":1,"href":"https:\/\/museliving.auxodev2.dk\/da\/wp-json\/wp\/v2\/pages\/23760\/revisions"}],"predecessor-version":[{"id":23761,"href":"https:\/\/museliving.auxodev2.dk\/da\/wp-json\/wp\/v2\/pages\/23760\/revisions\/23761"}],"wp:attachment":[{"href":"https:\/\/museliving.auxodev2.dk\/da\/wp-json\/wp\/v2\/media?parent=23760"}],"curies":[{"name":"wp","href":"https:\/\/api.w.org\/{rel}","templated":true}]}}