{"id":23750,"date":"2025-07-07T09:13:47","date_gmt":"2025-07-07T07:13:47","guid":{"rendered":"https:\/\/museliving.auxodev2.dk\/betaling\/"},"modified":"2025-08-03T16:23:54","modified_gmt":"2025-08-03T14:23:54","slug":"betaling","status":"publish","type":"page","link":"https:\/\/museliving.auxodev2.dk\/da\/betaling\/","title":{"rendered":"Betaling"},"content":{"rendered":"\t\t<div data-elementor-type=\"wp-page\" data-elementor-id=\"23750\" class=\"elementor elementor-23750 elementor-4203\" data-elementor-post-type=\"page\">\n\t\t\t\t<div class=\"elementor-element elementor-element-8e1ab91 e-con-full e-flex e-con e-parent\" data-id=\"8e1ab91\" data-element_type=\"container\">\n\t\t<div class=\"elementor-element elementor-element-6d24a99 e-flex e-con-boxed e-con e-child\" data-id=\"6d24a99\" data-element_type=\"container\" data-settings=\"{&quot;background_background&quot;:&quot;classic&quot;}\">\n\t\t\t\t\t<div class=\"e-con-inner\">\n\t\t<div class=\"elementor-element elementor-element-0b9d2d6 e-con-full e-flex e-con e-child\" data-id=\"0b9d2d6\" data-element_type=\"container\">\n\t\t\t\t<\/div>\n\t\t\t\t\t<\/div>\n\t\t\t\t<\/div>\n\t\t\t\t<\/div>\n\t\t<div class=\"elementor-element elementor-element-f47722d e-flex e-con-boxed e-con e-parent\" data-id=\"f47722d\" data-element_type=\"container\" data-settings=\"{&quot;background_background&quot;:&quot;classic&quot;}\">\n\t\t\t\t\t<div class=\"e-con-inner\">\n\t\t<div class=\"elementor-element elementor-element-700f75c e-con-full e-flex e-con e-child\" data-id=\"700f75c\" data-element_type=\"container\">\n\t\t\t\t<div class=\"elementor-element elementor-element-371fe71 elementor-widget elementor-widget-heading\" data-id=\"371fe71\" data-element_type=\"widget\" data-widget_type=\"heading.default\">\n\t\t\t\t\t<h2 class=\"elementor-heading-title elementor-size-default\">Betaling<\/h2>\t\t\t\t<\/div>\n\t\t\t\t<div class=\"elementor-element elementor-element-5c76a47 elementor-widget elementor-widget-text-editor\" data-id=\"5c76a47\" data-element_type=\"widget\" data-widget_type=\"text-editor.default\">\n\t\t\t\t\t\t\t\t\t<p>Museliving accepterer betaling via MasterCard, Visa og JCB. Betalingen vil blive trukket fra din konto, n\u00e5r produktet\/produkterne er blevet afsendt.<br>Museliving krypterer alle dine kreditkortdata med den s\u00e5kaldte SSL-protokol (Secure Socket Layer). Det betyder, at uautoriserede personer ikke kan l\u00e6se dit kortnummer eller andre data under transaktionen med PAYU.<\/p><p>Du kan ogs\u00e5 betale ved at overf\u00f8re til vores konto i Arbejdernes Landsbank<br>Landem\u00e6rket 8<br>1119 K\u00f8benhavn K, Danmark:<br>Bankkonto: 5328 \u2013 0000247761<br>IBAN-nr.: DK2553280000247761<br>SWIFT: ALBADKKK<br>med angivelse af ordre nr.<br>Denne betalingsmetode er ikke omfattet af indsigelsesordningen.<\/p>\t\t\t\t\t\t\t\t<\/div>\n\t\t\t\t<\/div>\n\t\t<div class=\"elementor-element elementor-element-997d484 e-con-full e-flex e-con e-child\" data-id=\"997d484\" data-element_type=\"container\">\n\t\t\t\t<div class=\"elementor-element elementor-element-d7544b5 elementor-widget elementor-widget-heading\" data-id=\"d7544b5\" data-element_type=\"widget\" data-widget_type=\"heading.default\">\n\t\t\t\t\t<h2 class=\"elementor-heading-title elementor-size-default\">S\u00e5dan handler du p\u00e5 museliving.eu<\/h2>\t\t\t\t<\/div>\n\t\t\t\t<div class=\"elementor-element elementor-element-daad2d2 elementor-widget elementor-widget-text-editor\" data-id=\"daad2d2\" data-element_type=\"widget\" data-widget_type=\"text-editor.default\">\n\t\t\t\t\t\t\t\t\t<p>K\u00f8bsguide trin for trin:<\/p><ol class=\"wp-block-list\"><li>Find det \u00f8nskede produkt\/den \u00f8nskede vare.<\/li><li>L\u00e6g varen i indk\u00f8bskurven ved at klikke p\u00e5 symbolet &#8220;Tilf\u00f8j til kurv&#8221;.<\/li><li>Nu kan du forts\u00e6tte med at s\u00f8ge efter mere, hvis du \u00f8nsker det.<\/li><li>Hvis du fortryder indholdet, eller hvis du \u00f8nsker at foretage rettelser og f.eks. \u00e6ndre antallet af elementer, kan du bruge sletteknappen eller rette boksen efter antal, henholdsvis. &#8216;Opdater kurv&#8217; for at se prisen efter \u00e6ndringerne.<\/li><li>S\u00e5 g\u00e5r du til kassereren. Tryk p\u00e5 knappen &#8220;Kasse&#8221;.<\/li><li>P\u00e5 den n\u00e6ste sk\u00e6rm v\u00e6lger du betalingsmetode og forsendelse.<\/li><li>Indtast nu kundeoplysninger og alternativ leveringsadresse, hvis det \u00f8nskes.<\/li><li>Bekr\u00e6ft ordre \u2013 opsummering af ordren og opsummering af de indtastede data.<\/li><li>Din ordre vil ikke blive afsendt, f\u00f8r du klikker p\u00e5 &#8220;Afgiv ordre&#8221;. Hvis du forlader siden inden da, er k\u00f8bstransaktionen ikke gennemf\u00f8rt.<\/li><li>Systemet sender dig straks en ordrebekr\u00e6ftelse til den e-mailadresse, du har angivet under kundedatabehandling.<\/li><li>N\u00e5r din ordre er behandlet, vil du modtage en elektronisk besked igen.<\/li><\/ol>\t\t\t\t\t\t\t\t<\/div>\n\t\t\t\t<\/div>\n\t\t<div class=\"elementor-element elementor-element-b59ff86 e-con-full e-flex e-con e-child\" data-id=\"b59ff86\" data-element_type=\"container\">\n\t\t\t\t<div class=\"elementor-element elementor-element-a6c9ba9 elementor-widget elementor-widget-heading\" data-id=\"a6c9ba9\" data-element_type=\"widget\" data-widget_type=\"heading.default\">\n\t\t\t\t\t<h3 class=\"elementor-heading-title elementor-size-default\">S\u00e6rlige vilk\u00e5r for salg mellem virksomheder<\/h3>\t\t\t\t<\/div>\n\t\t\t\t<div class=\"elementor-element elementor-element-444ec2a elementor-widget elementor-widget-text-editor\" data-id=\"444ec2a\" data-element_type=\"widget\" data-widget_type=\"text-editor.default\">\n\t\t\t\t\t\t\t\t\t<p>De samme salgsbetingelser g\u00e6lder som for forbrugere, men med f\u00f8lgende \u00e6ndringer:<br>\u2022 Fortrydelsesretten g\u00e6lder ikke for forhandleres k\u00f8b hos Museliving.<br>\u2022 Forhandlere har et \u00e5rs reklamationsret fra den oprindelige fakturadato. Udskiftning eller reparation medf\u00f8rer ikke en ny garantiperiode.<br>\u2022 Museliving bevarer ejendomsretten til varer k\u00f8bt p\u00e5 kredit, indtil den fulde k\u00f8besum er betalt.<br>\u2022 Alle omkostninger forbundet med h\u00e5ndh\u00e6velse af ejendomsforbeholdet afholdes af k\u00f8ber.<br>\u2022 Der p\u00e5l\u00f8ber renter fra forfaldsdatoen med 1% pr. p\u00e5begyndt m\u00e5ned.<br>\u2022 Ved brug af garantien er k\u00f8ber ansvarlig for forsendelsen af produktet, inklusive forsendelsesomkostningerne.<br>\u2022 Hvis der er en mangel ved dit produkt, tilbyder Museliving ApS afhj\u00e6lpning eller ombytning, og du er forhindret i at h\u00e5ndh\u00e6ve fortrydelsesretten.<\/p><p>F\u00f8lgende scenarie betyder, at ordren (uden undtagelse) betragtes som et erhvervsk\u00f8b:<br>Angivelse af firmanavn og\/eller momsnummer ved bestilling p\u00e5 hjemmesiden eller til B2B-salgsafdelingen. (Du kan dog f\u00e5 din pakke leveret privat til din arbejdsplads. Hvis du \u00f8nsker det, bedes du bruge feltet med alternativ leveringsadresse i kassen p\u00e5 hjemmesiden til dette.)<\/p>\t\t\t\t\t\t\t\t<\/div>\n\t\t\t\t<\/div>\n\t\t\t\t\t<\/div>\n\t\t\t\t<\/div>\n\t\t\t\t<\/div>\n\t\t","protected":false},"excerpt":{"rendered":"<p>Betaling Museliving accepterer betaling via MasterCard, Visa og JCB. Betalingen vil blive trukket fra din konto, n\u00e5r produktet\/produkterne er blevet afsendt.Museliving krypterer alle dine kreditkortdata med den s\u00e5kaldte SSL-protokol (Secure Socket Layer). Det betyder, at uautoriserede personer ikke kan l\u00e6se dit kortnummer eller andre data under transaktionen med PAYU. Du kan ogs\u00e5 betale ved at [&hellip;]<\/p>\n","protected":false},"author":1,"featured_media":0,"parent":0,"menu_order":0,"comment_status":"closed","ping_status":"closed","template":"","meta":{"_acf_changed":false,"footnotes":""},"class_list":["post-23750","page","type-page","status-publish","hentry"],"acf":[],"yoast_head":"<!-- This site is optimized with the Yoast SEO plugin v26.9 - https:\/\/yoast.com\/product\/yoast-seo-wordpress\/ -->\n<title>Betaling - museliving.eu<\/title>\n<meta name=\"robots\" content=\"noindex, follow, max-snippet:-1, max-image-preview:large, max-video-preview:-1\" \/>\n<meta property=\"og:locale\" content=\"da_DK\" \/>\n<meta property=\"og:type\" content=\"article\" \/>\n<meta property=\"og:title\" content=\"Betaling - museliving.eu\" \/>\n<meta property=\"og:description\" content=\"Betaling Museliving accepterer betaling via MasterCard, Visa og JCB. Betalingen vil blive trukket fra din konto, n\u00e5r produktet\/produkterne er blevet afsendt.Museliving krypterer alle dine kreditkortdata med den s\u00e5kaldte SSL-protokol (Secure Socket Layer). Det betyder, at uautoriserede personer ikke kan l\u00e6se dit kortnummer eller andre data under transaktionen med PAYU. Du kan ogs\u00e5 betale ved at [&hellip;]\" \/>\n<meta property=\"og:url\" content=\"https:\/\/museliving.auxodev2.dk\/da\/betaling\/\" \/>\n<meta property=\"og:site_name\" content=\"museliving.eu\" \/>\n<meta property=\"article:modified_time\" content=\"2025-08-03T14:23:54+00:00\" \/>\n<meta name=\"twitter:card\" content=\"summary_large_image\" \/>\n<meta name=\"twitter:label1\" content=\"Estimeret l\u00e6setid\" \/>\n\t<meta name=\"twitter:data1\" content=\"2 minutter\" \/>\n<script type=\"application\/ld+json\" class=\"yoast-schema-graph\">{\"@context\":\"https:\/\/schema.org\",\"@graph\":[{\"@type\":\"WebPage\",\"@id\":\"https:\/\/museliving.auxodev2.dk\/da\/betaling\/\",\"url\":\"https:\/\/museliving.auxodev2.dk\/da\/betaling\/\",\"name\":\"Betaling - museliving.eu\",\"isPartOf\":{\"@id\":\"https:\/\/museliving.auxodev2.dk\/da\/#website\"},\"datePublished\":\"2025-07-07T07:13:47+00:00\",\"dateModified\":\"2025-08-03T14:23:54+00:00\",\"breadcrumb\":{\"@id\":\"https:\/\/museliving.auxodev2.dk\/da\/betaling\/#breadcrumb\"},\"inLanguage\":\"da-DK\",\"potentialAction\":[{\"@type\":\"ReadAction\",\"target\":[\"https:\/\/museliving.auxodev2.dk\/da\/betaling\/\"]}]},{\"@type\":\"BreadcrumbList\",\"@id\":\"https:\/\/museliving.auxodev2.dk\/da\/betaling\/#breadcrumb\",\"itemListElement\":[{\"@type\":\"ListItem\",\"position\":1,\"name\":\"Home\",\"item\":\"https:\/\/museliving.auxodev2.dk\/da\/hjem\/\"},{\"@type\":\"ListItem\",\"position\":2,\"name\":\"Betaling\"}]},{\"@type\":\"WebSite\",\"@id\":\"https:\/\/museliving.auxodev2.dk\/da\/#website\",\"url\":\"https:\/\/museliving.auxodev2.dk\/da\/\",\"name\":\"museliving.eu\",\"description\":\"\",\"publisher\":{\"@id\":\"https:\/\/museliving.auxodev2.dk\/da\/#organization\"},\"potentialAction\":[{\"@type\":\"SearchAction\",\"target\":{\"@type\":\"EntryPoint\",\"urlTemplate\":\"https:\/\/museliving.auxodev2.dk\/da\/?s={search_term_string}\"},\"query-input\":{\"@type\":\"PropertyValueSpecification\",\"valueRequired\":true,\"valueName\":\"search_term_string\"}}],\"inLanguage\":\"da-DK\"},{\"@type\":\"Organization\",\"@id\":\"https:\/\/museliving.auxodev2.dk\/da\/#organization\",\"name\":\"Museliving\",\"url\":\"https:\/\/museliving.auxodev2.dk\/da\/\",\"logo\":{\"@type\":\"ImageObject\",\"inLanguage\":\"da-DK\",\"@id\":\"https:\/\/museliving.auxodev2.dk\/da\/#\/schema\/logo\/image\/\",\"url\":\"https:\/\/museliving.auxodev2.dk\/wp-content\/uploads\/websted-logo.png\",\"contentUrl\":\"https:\/\/museliving.auxodev2.dk\/wp-content\/uploads\/websted-logo.png\",\"width\":350,\"height\":100,\"caption\":\"Museliving\"},\"image\":{\"@id\":\"https:\/\/museliving.auxodev2.dk\/da\/#\/schema\/logo\/image\/\"}}]}<\/script>\n<!-- \/ Yoast SEO plugin. -->","yoast_head_json":{"title":"Betaling - museliving.eu","robots":{"index":"noindex","follow":"follow","max-snippet":"max-snippet:-1","max-image-preview":"max-image-preview:large","max-video-preview":"max-video-preview:-1"},"og_locale":"da_DK","og_type":"article","og_title":"Betaling - museliving.eu","og_description":"Betaling Museliving accepterer betaling via MasterCard, Visa og JCB. Betalingen vil blive trukket fra din konto, n\u00e5r produktet\/produkterne er blevet afsendt.Museliving krypterer alle dine kreditkortdata med den s\u00e5kaldte SSL-protokol (Secure Socket Layer). Det betyder, at uautoriserede personer ikke kan l\u00e6se dit kortnummer eller andre data under transaktionen med PAYU. Du kan ogs\u00e5 betale ved at [&hellip;]","og_url":"https:\/\/museliving.auxodev2.dk\/da\/betaling\/","og_site_name":"museliving.eu","article_modified_time":"2025-08-03T14:23:54+00:00","twitter_card":"summary_large_image","twitter_misc":{"Estimeret l\u00e6setid":"2 minutter"},"schema":{"@context":"https:\/\/schema.org","@graph":[{"@type":"WebPage","@id":"https:\/\/museliving.auxodev2.dk\/da\/betaling\/","url":"https:\/\/museliving.auxodev2.dk\/da\/betaling\/","name":"Betaling - museliving.eu","isPartOf":{"@id":"https:\/\/museliving.auxodev2.dk\/da\/#website"},"datePublished":"2025-07-07T07:13:47+00:00","dateModified":"2025-08-03T14:23:54+00:00","breadcrumb":{"@id":"https:\/\/museliving.auxodev2.dk\/da\/betaling\/#breadcrumb"},"inLanguage":"da-DK","potentialAction":[{"@type":"ReadAction","target":["https:\/\/museliving.auxodev2.dk\/da\/betaling\/"]}]},{"@type":"BreadcrumbList","@id":"https:\/\/museliving.auxodev2.dk\/da\/betaling\/#breadcrumb","itemListElement":[{"@type":"ListItem","position":1,"name":"Home","item":"https:\/\/museliving.auxodev2.dk\/da\/hjem\/"},{"@type":"ListItem","position":2,"name":"Betaling"}]},{"@type":"WebSite","@id":"https:\/\/museliving.auxodev2.dk\/da\/#website","url":"https:\/\/museliving.auxodev2.dk\/da\/","name":"museliving.eu","description":"","publisher":{"@id":"https:\/\/museliving.auxodev2.dk\/da\/#organization"},"potentialAction":[{"@type":"SearchAction","target":{"@type":"EntryPoint","urlTemplate":"https:\/\/museliving.auxodev2.dk\/da\/?s={search_term_string}"},"query-input":{"@type":"PropertyValueSpecification","valueRequired":true,"valueName":"search_term_string"}}],"inLanguage":"da-DK"},{"@type":"Organization","@id":"https:\/\/museliving.auxodev2.dk\/da\/#organization","name":"Museliving","url":"https:\/\/museliving.auxodev2.dk\/da\/","logo":{"@type":"ImageObject","inLanguage":"da-DK","@id":"https:\/\/museliving.auxodev2.dk\/da\/#\/schema\/logo\/image\/","url":"https:\/\/museliving.auxodev2.dk\/wp-content\/uploads\/websted-logo.png","contentUrl":"https:\/\/museliving.auxodev2.dk\/wp-content\/uploads\/websted-logo.png","width":350,"height":100,"caption":"Museliving"},"image":{"@id":"https:\/\/museliving.auxodev2.dk\/da\/#\/schema\/logo\/image\/"}}]}},"_links":{"self":[{"href":"https:\/\/museliving.auxodev2.dk\/da\/wp-json\/wp\/v2\/pages\/23750","targetHints":{"allow":["GET"]}}],"collection":[{"href":"https:\/\/museliving.auxodev2.dk\/da\/wp-json\/wp\/v2\/pages"}],"about":[{"href":"https:\/\/museliving.auxodev2.dk\/da\/wp-json\/wp\/v2\/types\/page"}],"author":[{"embeddable":true,"href":"https:\/\/museliving.auxodev2.dk\/da\/wp-json\/wp\/v2\/users\/1"}],"replies":[{"embeddable":true,"href":"https:\/\/museliving.auxodev2.dk\/da\/wp-json\/wp\/v2\/comments?post=23750"}],"version-history":[{"count":1,"href":"https:\/\/museliving.auxodev2.dk\/da\/wp-json\/wp\/v2\/pages\/23750\/revisions"}],"predecessor-version":[{"id":23751,"href":"https:\/\/museliving.auxodev2.dk\/da\/wp-json\/wp\/v2\/pages\/23750\/revisions\/23751"}],"wp:attachment":[{"href":"https:\/\/museliving.auxodev2.dk\/da\/wp-json\/wp\/v2\/media?parent=23750"}],"curies":[{"name":"wp","href":"https:\/\/api.w.org\/{rel}","templated":true}]}}