{"id":23748,"date":"2019-03-05T08:52:36","date_gmt":"2019-03-05T07:52:36","guid":{"rendered":"https:\/\/museliving.auxodev2.dk\/privatlivspolitik-og-cookies\/"},"modified":"2025-08-03T15:56:31","modified_gmt":"2025-08-03T13:56:31","slug":"privatlivspolitik-og-cookies","status":"publish","type":"page","link":"https:\/\/museliving.auxodev2.dk\/da\/privatlivspolitik-og-cookies\/","title":{"rendered":"Privatlivspolitik og cookies"},"content":{"rendered":"\t\t<div data-elementor-type=\"wp-page\" data-elementor-id=\"23748\" class=\"elementor elementor-23748 elementor-3\" data-elementor-post-type=\"page\">\n\t\t\t\t<div class=\"elementor-element elementor-element-ea3bea7 e-con-full e-flex e-con e-parent\" data-id=\"ea3bea7\" data-element_type=\"container\">\n\t\t<div class=\"elementor-element elementor-element-9732559 e-flex e-con-boxed e-con e-child\" data-id=\"9732559\" data-element_type=\"container\" data-settings=\"{&quot;background_background&quot;:&quot;classic&quot;}\">\n\t\t\t\t\t<div class=\"e-con-inner\">\n\t\t<div class=\"elementor-element elementor-element-d597cbf e-con-full e-flex e-con e-child\" data-id=\"d597cbf\" data-element_type=\"container\">\n\t\t\t\t<\/div>\n\t\t\t\t\t<\/div>\n\t\t\t\t<\/div>\n\t\t\t\t<\/div>\n\t\t<div class=\"elementor-element elementor-element-3074681 e-flex e-con-boxed e-con e-parent\" data-id=\"3074681\" data-element_type=\"container\" data-settings=\"{&quot;background_background&quot;:&quot;classic&quot;}\">\n\t\t\t\t\t<div class=\"e-con-inner\">\n\t\t\t\t<div class=\"elementor-element elementor-element-4a9eb3f elementor-widget elementor-widget-text-editor\" data-id=\"4a9eb3f\" data-element_type=\"widget\" data-widget_type=\"text-editor.default\">\n\t\t\t\t\t\t\t\t\t<p>Museliving har brug for f\u00f8lgende oplysninger, n\u00e5r du handler hos os: Navn, adresse, telefonnummer og e-mailadresse.<\/p><p>Derudover registrerer vi den IP-adresse, hvorfra et k\u00f8b foretages. Dataene bruges normalt ikke, men kan bruges i en eventuel politiefterforskning. IP-adressen gemmes s\u00e5 l\u00e6nge det er n\u00f8dvendigt i forbindelse med en eventuel politiefterforskning. Alle falske ordrer anmeldes til de rette myndigheder.   <\/p><p>Vi registrerer og videregiver kun personoplysninger, der er n\u00f8dvendige for at kunne levere det k\u00f8bte produkt til dig.<\/p><p>Personoplysningerne registreres hos Museliving og opbevares i fem \u00e5r i henhold til regnskabsreglerne. Efter denne periode slettes oplysningerne. <\/p><p>Vi samarbejder ogs\u00e5 med en r\u00e6kke eksterne virksomheder, der opbevarer og behandler data. Disse virksomheder behandler data udelukkende p\u00e5 vores vegne og m\u00e5 ikke bruge dem til deres egne form\u00e5l. <\/p><p>Med hensyn til elektronisk betaling anvendes en sikker krypteringsmetode via e-handelssystemet.<\/p><p>Webshop-systemet bruger s\u00e5kaldte cookies til at administrere indholdet af indk\u00f8bskurven. En cookie er navnet p\u00e5 en fil, der gemmes i din internetbrowser. Vi bruger disse cookies til at genkende dig og f.eks. huske, hvilke varer der er i indk\u00f8bskurven, n\u00e5r du handler online hos Museliving. Det er ogs\u00e5 muligt at bede systemet om at gemme dine adresseoplysninger til n\u00e6ste bes\u00f8g. Hvis du \u00f8nsker at slette disse data, kan det g\u00f8res via browserindstillingerne. Dette g\u00f8res f.eks. i Internet Explorer via menuen &#8220;V\u00e6rkt\u00f8jer&#8221; og menupunktet &#8220;Internetindstillinger&#8221;.     <\/p><p>Vi samarbejder kun med databehandlere i EU eller andre lande, der kan beskytte dine data tilstr\u00e6kkeligt.<\/p><p>Den dataansvarlige p\u00e5 www.museliving.eu er Jacob Fritsch.<\/p><p>Du har ret til at vide, hvilke data om dig vi behandler.<\/p><p>Hvis du mener, at dataene er un\u00f8jagtige, har du ret til at f\u00e5 dem rettet. I nogle tilf\u00e6lde er vi forpligtet til at slette dine personoplysninger, hvis du anmoder om det. Dette kan f.eks. v\u00e6re, hvis dine data ikke l\u00e6ngere er n\u00f8dvendige til det form\u00e5l, som vi burde bruge dem til. Du kan ogs\u00e5 kontakte os, hvis du mener, at dine personoplysninger h\u00e5ndteres i strid med loven. Du kan skrive til Jacob p\u00e5: <a href=\"mailto:jf@museliving.eu\">jf@museliving.eu<\/a>    <\/p><p>N\u00e5r du bruger www.museliving.eu, accepterer du vores brug af cookies. Vi bruger cookies til at holde styr p\u00e5 dine valg (f.eks. hvilke varer der placeres i indk\u00f8bskurven). Derudover bruger vi cookies til at m\u00e5lrette annoncering for dig p\u00e5 eksterne platforme.  <\/p>\t\t\t\t\t\t\t\t<\/div>\n\t\t\t\t\t<\/div>\n\t\t\t\t<\/div>\n\t\t\t\t<\/div>\n\t\t","protected":false},"excerpt":{"rendered":"<p>Museliving har brug for f\u00f8lgende oplysninger, n\u00e5r du handler hos os: Navn, adresse, telefonnummer og e-mailadresse. Derudover registrerer vi den IP-adresse, hvorfra et k\u00f8b foretages. Dataene bruges normalt ikke, men kan bruges i en eventuel politiefterforskning. IP-adressen gemmes s\u00e5 l\u00e6nge det er n\u00f8dvendigt i forbindelse med en eventuel politiefterforskning. Alle falske ordrer anmeldes til de [&hellip;]<\/p>\n","protected":false},"author":1,"featured_media":0,"parent":0,"menu_order":0,"comment_status":"closed","ping_status":"closed","template":"","meta":{"_acf_changed":false,"footnotes":""},"class_list":["post-23748","page","type-page","status-publish","hentry"],"acf":[],"yoast_head":"<!-- This site is optimized with the Yoast SEO plugin v26.9 - https:\/\/yoast.com\/product\/yoast-seo-wordpress\/ -->\n<title>Privatlivspolitik og cookies - museliving.eu<\/title>\n<meta name=\"robots\" content=\"noindex, follow, max-snippet:-1, max-image-preview:large, max-video-preview:-1\" \/>\n<meta property=\"og:locale\" content=\"da_DK\" \/>\n<meta property=\"og:type\" content=\"article\" \/>\n<meta property=\"og:title\" content=\"Privatlivspolitik og cookies - museliving.eu\" \/>\n<meta property=\"og:description\" content=\"Museliving har brug for f\u00f8lgende oplysninger, n\u00e5r du handler hos os: Navn, adresse, telefonnummer og e-mailadresse. Derudover registrerer vi den IP-adresse, hvorfra et k\u00f8b foretages. Dataene bruges normalt ikke, men kan bruges i en eventuel politiefterforskning. IP-adressen gemmes s\u00e5 l\u00e6nge det er n\u00f8dvendigt i forbindelse med en eventuel politiefterforskning. Alle falske ordrer anmeldes til de [&hellip;]\" \/>\n<meta property=\"og:url\" content=\"https:\/\/museliving.auxodev2.dk\/da\/privatlivspolitik-og-cookies\/\" \/>\n<meta property=\"og:site_name\" content=\"museliving.eu\" \/>\n<meta property=\"article:modified_time\" content=\"2025-08-03T13:56:31+00:00\" \/>\n<meta name=\"twitter:card\" content=\"summary_large_image\" \/>\n<meta name=\"twitter:label1\" content=\"Estimeret l\u00e6setid\" \/>\n\t<meta name=\"twitter:data1\" content=\"2 minutter\" \/>\n<script type=\"application\/ld+json\" class=\"yoast-schema-graph\">{\"@context\":\"https:\/\/schema.org\",\"@graph\":[{\"@type\":\"WebPage\",\"@id\":\"https:\/\/museliving.auxodev2.dk\/da\/privatlivspolitik-og-cookies\/\",\"url\":\"https:\/\/museliving.auxodev2.dk\/da\/privatlivspolitik-og-cookies\/\",\"name\":\"Privatlivspolitik og cookies - museliving.eu\",\"isPartOf\":{\"@id\":\"https:\/\/museliving.auxodev2.dk\/da\/#website\"},\"datePublished\":\"2019-03-05T07:52:36+00:00\",\"dateModified\":\"2025-08-03T13:56:31+00:00\",\"breadcrumb\":{\"@id\":\"https:\/\/museliving.auxodev2.dk\/da\/privatlivspolitik-og-cookies\/#breadcrumb\"},\"inLanguage\":\"da-DK\",\"potentialAction\":[{\"@type\":\"ReadAction\",\"target\":[\"https:\/\/museliving.auxodev2.dk\/da\/privatlivspolitik-og-cookies\/\"]}]},{\"@type\":\"BreadcrumbList\",\"@id\":\"https:\/\/museliving.auxodev2.dk\/da\/privatlivspolitik-og-cookies\/#breadcrumb\",\"itemListElement\":[{\"@type\":\"ListItem\",\"position\":1,\"name\":\"Home\",\"item\":\"https:\/\/museliving.auxodev2.dk\/da\/hjem\/\"},{\"@type\":\"ListItem\",\"position\":2,\"name\":\"Privatlivspolitik og cookies\"}]},{\"@type\":\"WebSite\",\"@id\":\"https:\/\/museliving.auxodev2.dk\/da\/#website\",\"url\":\"https:\/\/museliving.auxodev2.dk\/da\/\",\"name\":\"museliving.eu\",\"description\":\"\",\"publisher\":{\"@id\":\"https:\/\/museliving.auxodev2.dk\/da\/#organization\"},\"potentialAction\":[{\"@type\":\"SearchAction\",\"target\":{\"@type\":\"EntryPoint\",\"urlTemplate\":\"https:\/\/museliving.auxodev2.dk\/da\/?s={search_term_string}\"},\"query-input\":{\"@type\":\"PropertyValueSpecification\",\"valueRequired\":true,\"valueName\":\"search_term_string\"}}],\"inLanguage\":\"da-DK\"},{\"@type\":\"Organization\",\"@id\":\"https:\/\/museliving.auxodev2.dk\/da\/#organization\",\"name\":\"Museliving\",\"url\":\"https:\/\/museliving.auxodev2.dk\/da\/\",\"logo\":{\"@type\":\"ImageObject\",\"inLanguage\":\"da-DK\",\"@id\":\"https:\/\/museliving.auxodev2.dk\/da\/#\/schema\/logo\/image\/\",\"url\":\"https:\/\/museliving.auxodev2.dk\/wp-content\/uploads\/websted-logo.png\",\"contentUrl\":\"https:\/\/museliving.auxodev2.dk\/wp-content\/uploads\/websted-logo.png\",\"width\":350,\"height\":100,\"caption\":\"Museliving\"},\"image\":{\"@id\":\"https:\/\/museliving.auxodev2.dk\/da\/#\/schema\/logo\/image\/\"}}]}<\/script>\n<!-- \/ Yoast SEO plugin. -->","yoast_head_json":{"title":"Privatlivspolitik og cookies - museliving.eu","robots":{"index":"noindex","follow":"follow","max-snippet":"max-snippet:-1","max-image-preview":"max-image-preview:large","max-video-preview":"max-video-preview:-1"},"og_locale":"da_DK","og_type":"article","og_title":"Privatlivspolitik og cookies - museliving.eu","og_description":"Museliving har brug for f\u00f8lgende oplysninger, n\u00e5r du handler hos os: Navn, adresse, telefonnummer og e-mailadresse. Derudover registrerer vi den IP-adresse, hvorfra et k\u00f8b foretages. Dataene bruges normalt ikke, men kan bruges i en eventuel politiefterforskning. IP-adressen gemmes s\u00e5 l\u00e6nge det er n\u00f8dvendigt i forbindelse med en eventuel politiefterforskning. Alle falske ordrer anmeldes til de [&hellip;]","og_url":"https:\/\/museliving.auxodev2.dk\/da\/privatlivspolitik-og-cookies\/","og_site_name":"museliving.eu","article_modified_time":"2025-08-03T13:56:31+00:00","twitter_card":"summary_large_image","twitter_misc":{"Estimeret l\u00e6setid":"2 minutter"},"schema":{"@context":"https:\/\/schema.org","@graph":[{"@type":"WebPage","@id":"https:\/\/museliving.auxodev2.dk\/da\/privatlivspolitik-og-cookies\/","url":"https:\/\/museliving.auxodev2.dk\/da\/privatlivspolitik-og-cookies\/","name":"Privatlivspolitik og cookies - museliving.eu","isPartOf":{"@id":"https:\/\/museliving.auxodev2.dk\/da\/#website"},"datePublished":"2019-03-05T07:52:36+00:00","dateModified":"2025-08-03T13:56:31+00:00","breadcrumb":{"@id":"https:\/\/museliving.auxodev2.dk\/da\/privatlivspolitik-og-cookies\/#breadcrumb"},"inLanguage":"da-DK","potentialAction":[{"@type":"ReadAction","target":["https:\/\/museliving.auxodev2.dk\/da\/privatlivspolitik-og-cookies\/"]}]},{"@type":"BreadcrumbList","@id":"https:\/\/museliving.auxodev2.dk\/da\/privatlivspolitik-og-cookies\/#breadcrumb","itemListElement":[{"@type":"ListItem","position":1,"name":"Home","item":"https:\/\/museliving.auxodev2.dk\/da\/hjem\/"},{"@type":"ListItem","position":2,"name":"Privatlivspolitik og cookies"}]},{"@type":"WebSite","@id":"https:\/\/museliving.auxodev2.dk\/da\/#website","url":"https:\/\/museliving.auxodev2.dk\/da\/","name":"museliving.eu","description":"","publisher":{"@id":"https:\/\/museliving.auxodev2.dk\/da\/#organization"},"potentialAction":[{"@type":"SearchAction","target":{"@type":"EntryPoint","urlTemplate":"https:\/\/museliving.auxodev2.dk\/da\/?s={search_term_string}"},"query-input":{"@type":"PropertyValueSpecification","valueRequired":true,"valueName":"search_term_string"}}],"inLanguage":"da-DK"},{"@type":"Organization","@id":"https:\/\/museliving.auxodev2.dk\/da\/#organization","name":"Museliving","url":"https:\/\/museliving.auxodev2.dk\/da\/","logo":{"@type":"ImageObject","inLanguage":"da-DK","@id":"https:\/\/museliving.auxodev2.dk\/da\/#\/schema\/logo\/image\/","url":"https:\/\/museliving.auxodev2.dk\/wp-content\/uploads\/websted-logo.png","contentUrl":"https:\/\/museliving.auxodev2.dk\/wp-content\/uploads\/websted-logo.png","width":350,"height":100,"caption":"Museliving"},"image":{"@id":"https:\/\/museliving.auxodev2.dk\/da\/#\/schema\/logo\/image\/"}}]}},"_links":{"self":[{"href":"https:\/\/museliving.auxodev2.dk\/da\/wp-json\/wp\/v2\/pages\/23748","targetHints":{"allow":["GET"]}}],"collection":[{"href":"https:\/\/museliving.auxodev2.dk\/da\/wp-json\/wp\/v2\/pages"}],"about":[{"href":"https:\/\/museliving.auxodev2.dk\/da\/wp-json\/wp\/v2\/types\/page"}],"author":[{"embeddable":true,"href":"https:\/\/museliving.auxodev2.dk\/da\/wp-json\/wp\/v2\/users\/1"}],"replies":[{"embeddable":true,"href":"https:\/\/museliving.auxodev2.dk\/da\/wp-json\/wp\/v2\/comments?post=23748"}],"version-history":[{"count":1,"href":"https:\/\/museliving.auxodev2.dk\/da\/wp-json\/wp\/v2\/pages\/23748\/revisions"}],"predecessor-version":[{"id":23749,"href":"https:\/\/museliving.auxodev2.dk\/da\/wp-json\/wp\/v2\/pages\/23748\/revisions\/23749"}],"wp:attachment":[{"href":"https:\/\/museliving.auxodev2.dk\/da\/wp-json\/wp\/v2\/media?parent=23748"}],"curies":[{"name":"wp","href":"https:\/\/api.w.org\/{rel}","templated":true}]}}