{"id":23746,"date":"2025-07-08T13:22:21","date_gmt":"2025-07-08T11:22:21","guid":{"rendered":"https:\/\/museliving.auxodev2.dk\/refunderings-og-returpolitik\/"},"modified":"2025-08-03T15:53:07","modified_gmt":"2025-08-03T13:53:07","slug":"refunderings-og-returpolitik","status":"publish","type":"page","link":"https:\/\/museliving.auxodev2.dk\/da\/refunderings-og-returpolitik\/","title":{"rendered":"Refunderings og returpolitik"},"content":{"rendered":"\t\t<div data-elementor-type=\"wp-page\" data-elementor-id=\"23746\" class=\"elementor elementor-23746 elementor-19702\" data-elementor-post-type=\"page\">\n\t\t\t\t<div class=\"elementor-element elementor-element-3eb6e3f e-con-full e-flex e-con e-parent\" data-id=\"3eb6e3f\" data-element_type=\"container\">\n\t\t<div class=\"elementor-element elementor-element-afcd3f9 e-flex e-con-boxed e-con e-child\" data-id=\"afcd3f9\" data-element_type=\"container\" data-settings=\"{&quot;background_background&quot;:&quot;classic&quot;}\">\n\t\t\t\t\t<div class=\"e-con-inner\">\n\t\t<div class=\"elementor-element elementor-element-926e163 e-con-full e-flex e-con e-child\" data-id=\"926e163\" data-element_type=\"container\">\n\t\t\t\t<\/div>\n\t\t\t\t\t<\/div>\n\t\t\t\t<\/div>\n\t\t\t\t<\/div>\n\t\t<div class=\"elementor-element elementor-element-3517fe4 e-flex e-con-boxed e-con e-parent\" data-id=\"3517fe4\" data-element_type=\"container\" data-settings=\"{&quot;background_background&quot;:&quot;classic&quot;}\">\n\t\t\t\t\t<div class=\"e-con-inner\">\n\t\t<div class=\"elementor-element elementor-element-8d990c7 e-con-full e-flex e-con e-child\" data-id=\"8d990c7\" data-element_type=\"container\">\n\t\t\t\t<div class=\"elementor-element elementor-element-fd630a8 elementor-widget elementor-widget-heading\" data-id=\"fd630a8\" data-element_type=\"widget\" data-widget_type=\"heading.default\">\n\t\t\t\t\t<h2 class=\"elementor-heading-title elementor-size-default\">Garantivilk\u00e5r<\/h2>\t\t\t\t<\/div>\n\t\t\t\t<div class=\"elementor-element elementor-element-23e880a elementor-widget elementor-widget-text-editor\" data-id=\"23e880a\" data-element_type=\"widget\" data-widget_type=\"text-editor.default\">\n\t\t\t\t\t\t\t\t\t<p>N\u00e5r du handler hos Museliving som forbruger, har du 28 dages reklamationsret. Det betyder, at du enten kan f\u00e5 varen repareret, ombyttet, pengene tilbage eller afslag p\u00e5 k\u00f8bet, afh\u00e6ngigt af den specifikke situation. <\/p><p>Det er et krav, at reklamationen er berettiget, og at manglen ikke er opst\u00e5et som f\u00f8lge af forkert brug af produktet eller anden skadevoldende adf\u00e6rd.<br>Du skal reklamere inden for &#8220;rimelig tid&#8221;, efter du har opdaget manglen ved produktet. Hvis du reklamerer inden for 30 dage efter, at manglen er opdaget, vil reklamationen altid v\u00e6re rettidig.<br>Hvis reklamationen er berettiget, refunderer vi dine (rimelige) leveringsomkostninger. Produktet skal altid returneres i forsvarlig emballage, og husk at f\u00e5 en kvittering for afsendelse, s\u00e5 vi kan refundere dine leveringsomkostninger.  <\/p><div class=\"wp-block-group\"><div class=\"wp-block-group__inner-container is-layout-flow wp-block-group-is-layout-flow\"><div class=\"wp-block-group\"><div class=\"wp-block-group__inner-container is-layout-flow wp-block-group-is-layout-flow\"><p>Museliving ApS<br>E-mail: <a href=\"mailto:info@museliving.eu\">info@museliving.eu<\/a><br>Tlf. +4524764838<\/p><\/div><\/div><\/div><\/div><p>Send venligst produktet til:<br>Museliving ApS<br>Vejr\u00f8gade 14.1<br>2100 K\u00f8benhavn \u00d8<br>Danmark<br>+4524764838<\/p>\t\t\t\t\t\t\t\t<\/div>\n\t\t\t\t<\/div>\n\t\t<div class=\"elementor-element elementor-element-1dbef78 e-con-full e-flex e-con e-child\" data-id=\"1dbef78\" data-element_type=\"container\">\n\t\t\t\t<div class=\"elementor-element elementor-element-bd73d90 elementor-widget elementor-widget-heading\" data-id=\"bd73d90\" data-element_type=\"widget\" data-widget_type=\"heading.default\">\n\t\t\t\t\t<h3 class=\"elementor-heading-title elementor-size-default\">Annullering af et k\u00f8b<\/h3>\t\t\t\t<\/div>\n\t\t\t\t<div class=\"elementor-element elementor-element-9a73947 elementor-widget elementor-widget-text-editor\" data-id=\"9a73947\" data-element_type=\"widget\" data-widget_type=\"text-editor.default\">\n\t\t\t\t\t\t\t\t\t<p>Du kan annullere enhver vare p\u00e5 en ordre og f\u00e5 pengene tilbage inden for 28 dage efter modtagelsen af din ordre.<br>Returperioden udl\u00f8ber 28 dage efter den dag, du modtog din vare, eller du modtager den sidste vare fra en ordre med flere varer leveret enkeltvis.<br>Hvis varen best\u00e5r af flere partier eller dele, udl\u00f8ber returperioden 28 dage efter den dag, du modtager det sidste parti eller den sidste del i fysisk besiddelse.<br>Du skal inden for 28 dage efter modtagelsen af produktet informere os om, at du \u00f8nsker at fortryde dit k\u00f8b. Beskeden skal gives skriftligt til: info@museliving.eu.<br>Du kan ikke fortryde et k\u00f8b ved blot at n\u00e6gte at modtage varerne uden at give os tydelig meddelelse herom. <\/p>\t\t\t\t\t\t\t\t<\/div>\n\t\t\t\t<\/div>\n\t\t<div class=\"elementor-element elementor-element-32008b9 e-con-full e-flex e-con e-child\" data-id=\"32008b9\" data-element_type=\"container\">\n\t\t\t\t<div class=\"elementor-element elementor-element-882061b elementor-widget elementor-widget-heading\" data-id=\"882061b\" data-element_type=\"widget\" data-widget_type=\"heading.default\">\n\t\t\t\t\t<h3 class=\"elementor-heading-title elementor-size-default\">Annullering af en del af k\u00f8bet<\/h3>\t\t\t\t<\/div>\n\t\t\t\t<div class=\"elementor-element elementor-element-03ca5f7 elementor-widget elementor-widget-text-editor\" data-id=\"03ca5f7\" data-element_type=\"widget\" data-widget_type=\"text-editor.default\">\n\t\t\t\t\t\t\t\t\t<p>Hvis du har k\u00f8bt flere varer hos os, har du mulighed for at returnere en eller flere varer, selvom de er k\u00f8bt under \u00e9n ordre.<br>Bem\u00e6rk venligst, at leveringsomkostningerne ikke refunderes, hvis du fortryder dele af dit k\u00f8b.<br>Varer, der er undtaget fortrydelsesretten<\/p><p>F\u00f8lgende produkttyper er undtaget fortrydelsesretten:<br>Levering af forseglede varer, som af sundhedsm\u00e6ssige eller hygiejniske \u00e5rsager ikke er egnede til at blive returneret, og hvor forseglingen er blevet brudt efter levering.<br>Varer\/produkter, der er fremstillet specifikt efter dine \u00f8nsker (produktionsk\u00f8b\/specialk\u00f8b\/specialk\u00f8b).<br>Du mister din fortrydelsesret, hvis du bryder forseglingen p\u00e5 varer, som af sundhedsm\u00e6ssige eller hygiejniske \u00e5rsager ikke er egnede til returnering.<\/p>\t\t\t\t\t\t\t\t<\/div>\n\t\t\t\t<\/div>\n\t\t<div class=\"elementor-element elementor-element-0739c49 e-con-full e-flex e-con e-child\" data-id=\"0739c49\" data-element_type=\"container\">\n\t\t\t\t<div class=\"elementor-element elementor-element-1527ccb elementor-widget elementor-widget-heading\" data-id=\"1527ccb\" data-element_type=\"widget\" data-widget_type=\"heading.default\">\n\t\t\t\t\t<h3 class=\"elementor-heading-title elementor-size-default\">Returneringer<\/h3>\t\t\t\t<\/div>\n\t\t\t\t<div class=\"elementor-element elementor-element-691360f elementor-widget elementor-widget-text-editor\" data-id=\"691360f\" data-element_type=\"widget\" data-widget_type=\"text-editor.default\">\n\t\t\t\t\t\t\t\t\t<p>Du skal returnere din ordre til os uden un\u00f8dig forsinkelse og senest 14 dage efter, at du har meddelt os, at du \u00f8nsker at fortryde dit k\u00f8b. Du skal betale de direkte omkostninger i forbindelse med returforsendelsen. Du b\u00e6rer risikoen for varerne fra varernes leveringstidspunkt.<br>Visse varer kan i sagens natur ikke returneres med almindelig post. Dette g\u00e6lder for: vint\u00f8nder og vinm\u00f8bler.   <\/p>\t\t\t\t\t\t\t\t<\/div>\n\t\t\t\t<\/div>\n\t\t<div class=\"elementor-element elementor-element-e707d0d e-con-full e-flex e-con e-child\" data-id=\"e707d0d\" data-element_type=\"container\">\n\t\t\t\t<div class=\"elementor-element elementor-element-886fa31 elementor-widget elementor-widget-heading\" data-id=\"886fa31\" data-element_type=\"widget\" data-widget_type=\"heading.default\">\n\t\t\t\t\t<h3 class=\"elementor-heading-title elementor-size-default\">Varens stand, n\u00e5r du returnerer den<\/h3>\t\t\t\t<\/div>\n\t\t\t\t<div class=\"elementor-element elementor-element-9934e1e elementor-widget elementor-widget-text-editor\" data-id=\"9934e1e\" data-element_type=\"widget\" data-widget_type=\"text-editor.default\">\n\t\t\t\t\t\t\t\t\t<p>Du h\u00e6fter kun for enhver forringelse af produktets v\u00e6rdi som f\u00f8lge af anden h\u00e5ndtering end den, der er n\u00f8dvendig for at fastsl\u00e5 produktets art, dets egenskaber og den m\u00e5de, det fungerer p\u00e5. Med andre ord kan du pr\u00f8ve produktet p\u00e5 samme m\u00e5de, som hvis du pr\u00f8vede det i en fysisk butik, men du m\u00e5 ikke tage det i brug.<br>Hvis varen er blevet testet ud over det, der er beskrevet ovenfor, betragter vi den som brugt, hvilket betyder, at du ved fortrydelse af k\u00f8bet kun modtager en del af eller intet af k\u00f8bsbel\u00f8bet, afh\u00e6ngigt af varens handelsv\u00e6rdi. <\/p>\t\t\t\t\t\t\t\t<\/div>\n\t\t\t\t<\/div>\n\t\t<div class=\"elementor-element elementor-element-119b05e e-con-full e-flex e-con e-child\" data-id=\"119b05e\" data-element_type=\"container\">\n\t\t\t\t<div class=\"elementor-element elementor-element-aeaaf98 elementor-widget elementor-widget-heading\" data-id=\"aeaaf98\" data-element_type=\"widget\" data-widget_type=\"heading.default\">\n\t\t\t\t\t<h3 class=\"elementor-heading-title elementor-size-default\">Udsalgsvarer<\/h3>\t\t\t\t<\/div>\n\t\t\t\t<div class=\"elementor-element elementor-element-51bad7d elementor-widget elementor-widget-text-editor\" data-id=\"51bad7d\" data-element_type=\"widget\" data-widget_type=\"text-editor.default\">\n\t\t\t\t\t\t\t\t\t<p>Kun varer til normalpris kan refunderes. Udsalgsvarer refunderes ikke. <\/p>\t\t\t\t\t\t\t\t<\/div>\n\t\t\t\t<\/div>\n\t\t<div class=\"elementor-element elementor-element-aca36e8 e-con-full e-flex e-con e-child\" data-id=\"aca36e8\" data-element_type=\"container\">\n\t\t\t\t<div class=\"elementor-element elementor-element-da14139 elementor-widget elementor-widget-heading\" data-id=\"da14139\" data-element_type=\"widget\" data-widget_type=\"heading.default\">\n\t\t\t\t\t<h3 class=\"elementor-heading-title elementor-size-default\">Refusion af k\u00f8bsbel\u00f8b<\/h3>\t\t\t\t<\/div>\n\t\t\t\t<div class=\"elementor-element elementor-element-5843a05 elementor-widget elementor-widget-text-editor\" data-id=\"5843a05\" data-element_type=\"widget\" data-widget_type=\"text-editor.default\">\n\t\t\t\t\t\t\t\t\t<p>Hvis du fortryder dit k\u00f8b, f\u00e5r du det bel\u00f8b tilbage, du har betalt til os. I tilf\u00e6lde af en v\u00e6rdiforringelse, som du h\u00e6fter for, vil dette bel\u00f8b blive fratrukket k\u00f8bsbel\u00f8bet.<br>Hvis du benytter dig af din fortrydelsesret, refunderer vi alle betalinger modtaget fra dig, inklusive leveringsomkostninger (eksklusive meromkostninger som f\u00f8lge af dit eget valg af leveringsform, bortset fra den billigste standardlevering, vi tilbyder), uden un\u00f8dig forsinkelse og under alle omst\u00e6ndigheder senest 14 dage fra den dato, hvor vi modtog meddelelse om din beslutning om at fortryde denne aftale. <\/p><p>Vi foretager en s\u00e5dan refusion med den samme betalingsmetode, som du brugte i den oprindelige transaktion, medmindre du udtrykkeligt har aftalt andet.<br>Vi kan tilbageholde refusionen, indtil vi har modtaget de returnerede varer, medmindre du tidligere har indsendt dokumentation for, at du allerede har returneret varerne.<\/p><p>I tilf\u00e6lde af fortrydelse og returnering skal varerne sendes til:<\/p><p>Museliving ApS<br>Vejr\u00f8gade 14.1<br>2100 K\u00f8benhavn \u00d8<br>Danmark<br>+4524764838<\/p><p>Du kan ogs\u00e5 annullere ved at give tydelig besked og returnere varerne personligt p\u00e5 ovenst\u00e5ende adresse efter forudg\u00e5ende aftale.<br>Vi modtager ikke pakker uden omdeling eller pakker sendt pr. efterkrav.<\/p>\t\t\t\t\t\t\t\t<\/div>\n\t\t\t\t<\/div>\n\t\t<div class=\"elementor-element elementor-element-6b69df0 e-con-full e-flex e-con e-child\" data-id=\"6b69df0\" data-element_type=\"container\">\n\t\t\t\t<div class=\"elementor-element elementor-element-22299df elementor-widget elementor-widget-heading\" data-id=\"22299df\" data-element_type=\"widget\" data-widget_type=\"heading.default\">\n\t\t\t\t\t<h3 class=\"elementor-heading-title elementor-size-default\">Klager<\/h3>\t\t\t\t<\/div>\n\t\t\t\t<div class=\"elementor-element elementor-element-356ce6f elementor-widget elementor-widget-text-editor\" data-id=\"356ce6f\" data-element_type=\"widget\" data-widget_type=\"text-editor.default\">\n\t\t\t\t\t\t\t\t\t<p>Hvis du vil klage over dit k\u00f8b, bedes du kontakte vores support p\u00e5 tlf.: <a href=\"tel:+48607153627\">+48 607153627.<\/a><\/p><p>Hvis du er forbruger bosiddende i et andet EU-land end Polen, kan du klage til EU-Kommissionens online klageportal her \u2013 <a href=\"http:\/\/ec.europa.eu\/odr\">http:\/\/ec.europa.eu\/odr<\/a>.<\/p><p>Standard klageformular<br>Denne formular udfyldes og returneres kun, hvis klageretten p\u00e5ber\u00e5bes.<\/p><p>Til:<br>Museliving ApS<br>Vejr\u00f8gade 14.1<br>2100 K\u00f8benhavn \u00d8<br>Danmark<\/p><p>E-mail: info@museliving.eu<br>Jeg erkl\u00e6rer hermed, at jeg \u00f8nsker at benytte mig af fortrydelsesretten vedr\u00f8rende min k\u00f8bsaftale for f\u00f8lgende varer\/tjenester:<\/p><p>Ordredato: <strong><em>____________________<\/em><\/strong> Modtagelsesdato: <strong><em>____________________<\/em><\/strong><\/p><p>Forbrugernavn: <strong><em>______________________________________<\/em><\/strong><\/p><p>Forbrugeradresse: <strong><em>______________________________________<\/em><\/strong><\/p><p>Forbrugerunderskrift (kun hvis denne formular er trykt p\u00e5 papir):<\/p><p>Dato: <strong><em>_______________<\/em><\/strong><\/p>\t\t\t\t\t\t\t\t<\/div>\n\t\t\t\t<\/div>\n\t\t\t\t\t<\/div>\n\t\t\t\t<\/div>\n\t\t\t\t<\/div>\n\t\t","protected":false},"excerpt":{"rendered":"<p>Garantivilk\u00e5r N\u00e5r du handler hos Museliving som forbruger, har du 28 dages reklamationsret. Det betyder, at du enten kan f\u00e5 varen repareret, ombyttet, pengene tilbage eller afslag p\u00e5 k\u00f8bet, afh\u00e6ngigt af den specifikke situation. Det er et krav, at reklamationen er berettiget, og at manglen ikke er opst\u00e5et som f\u00f8lge af forkert brug af produktet [&hellip;]<\/p>\n","protected":false},"author":1,"featured_media":0,"parent":0,"menu_order":0,"comment_status":"closed","ping_status":"closed","template":"","meta":{"_acf_changed":false,"footnotes":""},"class_list":["post-23746","page","type-page","status-publish","hentry"],"acf":[],"yoast_head":"<!-- This site is optimized with the Yoast SEO plugin v26.9 - https:\/\/yoast.com\/product\/yoast-seo-wordpress\/ -->\n<title>Refunderings og returpolitik - museliving.eu<\/title>\n<meta name=\"robots\" content=\"noindex, follow, max-snippet:-1, max-image-preview:large, max-video-preview:-1\" \/>\n<meta property=\"og:locale\" content=\"da_DK\" \/>\n<meta property=\"og:type\" content=\"article\" \/>\n<meta property=\"og:title\" content=\"Refunderings og returpolitik - museliving.eu\" \/>\n<meta property=\"og:description\" content=\"Garantivilk\u00e5r N\u00e5r du handler hos Museliving som forbruger, har du 28 dages reklamationsret. Det betyder, at du enten kan f\u00e5 varen repareret, ombyttet, pengene tilbage eller afslag p\u00e5 k\u00f8bet, afh\u00e6ngigt af den specifikke situation. Det er et krav, at reklamationen er berettiget, og at manglen ikke er opst\u00e5et som f\u00f8lge af forkert brug af produktet [&hellip;]\" \/>\n<meta property=\"og:url\" content=\"https:\/\/museliving.auxodev2.dk\/da\/refunderings-og-returpolitik\/\" \/>\n<meta property=\"og:site_name\" content=\"museliving.eu\" \/>\n<meta property=\"article:modified_time\" content=\"2025-08-03T13:53:07+00:00\" \/>\n<meta name=\"twitter:card\" content=\"summary_large_image\" \/>\n<meta name=\"twitter:label1\" content=\"Estimeret l\u00e6setid\" \/>\n\t<meta name=\"twitter:data1\" content=\"4 minutter\" \/>\n<script type=\"application\/ld+json\" class=\"yoast-schema-graph\">{\"@context\":\"https:\/\/schema.org\",\"@graph\":[{\"@type\":\"WebPage\",\"@id\":\"https:\/\/museliving.auxodev2.dk\/da\/refunderings-og-returpolitik\/\",\"url\":\"https:\/\/museliving.auxodev2.dk\/da\/refunderings-og-returpolitik\/\",\"name\":\"Refunderings og returpolitik - museliving.eu\",\"isPartOf\":{\"@id\":\"https:\/\/museliving.auxodev2.dk\/da\/#website\"},\"datePublished\":\"2025-07-08T11:22:21+00:00\",\"dateModified\":\"2025-08-03T13:53:07+00:00\",\"breadcrumb\":{\"@id\":\"https:\/\/museliving.auxodev2.dk\/da\/refunderings-og-returpolitik\/#breadcrumb\"},\"inLanguage\":\"da-DK\",\"potentialAction\":[{\"@type\":\"ReadAction\",\"target\":[\"https:\/\/museliving.auxodev2.dk\/da\/refunderings-og-returpolitik\/\"]}]},{\"@type\":\"BreadcrumbList\",\"@id\":\"https:\/\/museliving.auxodev2.dk\/da\/refunderings-og-returpolitik\/#breadcrumb\",\"itemListElement\":[{\"@type\":\"ListItem\",\"position\":1,\"name\":\"Home\",\"item\":\"https:\/\/museliving.auxodev2.dk\/da\/hjem\/\"},{\"@type\":\"ListItem\",\"position\":2,\"name\":\"Refunderings og returpolitik\"}]},{\"@type\":\"WebSite\",\"@id\":\"https:\/\/museliving.auxodev2.dk\/da\/#website\",\"url\":\"https:\/\/museliving.auxodev2.dk\/da\/\",\"name\":\"museliving.eu\",\"description\":\"\",\"publisher\":{\"@id\":\"https:\/\/museliving.auxodev2.dk\/da\/#organization\"},\"potentialAction\":[{\"@type\":\"SearchAction\",\"target\":{\"@type\":\"EntryPoint\",\"urlTemplate\":\"https:\/\/museliving.auxodev2.dk\/da\/?s={search_term_string}\"},\"query-input\":{\"@type\":\"PropertyValueSpecification\",\"valueRequired\":true,\"valueName\":\"search_term_string\"}}],\"inLanguage\":\"da-DK\"},{\"@type\":\"Organization\",\"@id\":\"https:\/\/museliving.auxodev2.dk\/da\/#organization\",\"name\":\"Museliving\",\"url\":\"https:\/\/museliving.auxodev2.dk\/da\/\",\"logo\":{\"@type\":\"ImageObject\",\"inLanguage\":\"da-DK\",\"@id\":\"https:\/\/museliving.auxodev2.dk\/da\/#\/schema\/logo\/image\/\",\"url\":\"https:\/\/museliving.auxodev2.dk\/wp-content\/uploads\/websted-logo.png\",\"contentUrl\":\"https:\/\/museliving.auxodev2.dk\/wp-content\/uploads\/websted-logo.png\",\"width\":350,\"height\":100,\"caption\":\"Museliving\"},\"image\":{\"@id\":\"https:\/\/museliving.auxodev2.dk\/da\/#\/schema\/logo\/image\/\"}}]}<\/script>\n<!-- \/ Yoast SEO plugin. -->","yoast_head_json":{"title":"Refunderings og returpolitik - museliving.eu","robots":{"index":"noindex","follow":"follow","max-snippet":"max-snippet:-1","max-image-preview":"max-image-preview:large","max-video-preview":"max-video-preview:-1"},"og_locale":"da_DK","og_type":"article","og_title":"Refunderings og returpolitik - museliving.eu","og_description":"Garantivilk\u00e5r N\u00e5r du handler hos Museliving som forbruger, har du 28 dages reklamationsret. Det betyder, at du enten kan f\u00e5 varen repareret, ombyttet, pengene tilbage eller afslag p\u00e5 k\u00f8bet, afh\u00e6ngigt af den specifikke situation. Det er et krav, at reklamationen er berettiget, og at manglen ikke er opst\u00e5et som f\u00f8lge af forkert brug af produktet [&hellip;]","og_url":"https:\/\/museliving.auxodev2.dk\/da\/refunderings-og-returpolitik\/","og_site_name":"museliving.eu","article_modified_time":"2025-08-03T13:53:07+00:00","twitter_card":"summary_large_image","twitter_misc":{"Estimeret l\u00e6setid":"4 minutter"},"schema":{"@context":"https:\/\/schema.org","@graph":[{"@type":"WebPage","@id":"https:\/\/museliving.auxodev2.dk\/da\/refunderings-og-returpolitik\/","url":"https:\/\/museliving.auxodev2.dk\/da\/refunderings-og-returpolitik\/","name":"Refunderings og returpolitik - museliving.eu","isPartOf":{"@id":"https:\/\/museliving.auxodev2.dk\/da\/#website"},"datePublished":"2025-07-08T11:22:21+00:00","dateModified":"2025-08-03T13:53:07+00:00","breadcrumb":{"@id":"https:\/\/museliving.auxodev2.dk\/da\/refunderings-og-returpolitik\/#breadcrumb"},"inLanguage":"da-DK","potentialAction":[{"@type":"ReadAction","target":["https:\/\/museliving.auxodev2.dk\/da\/refunderings-og-returpolitik\/"]}]},{"@type":"BreadcrumbList","@id":"https:\/\/museliving.auxodev2.dk\/da\/refunderings-og-returpolitik\/#breadcrumb","itemListElement":[{"@type":"ListItem","position":1,"name":"Home","item":"https:\/\/museliving.auxodev2.dk\/da\/hjem\/"},{"@type":"ListItem","position":2,"name":"Refunderings og returpolitik"}]},{"@type":"WebSite","@id":"https:\/\/museliving.auxodev2.dk\/da\/#website","url":"https:\/\/museliving.auxodev2.dk\/da\/","name":"museliving.eu","description":"","publisher":{"@id":"https:\/\/museliving.auxodev2.dk\/da\/#organization"},"potentialAction":[{"@type":"SearchAction","target":{"@type":"EntryPoint","urlTemplate":"https:\/\/museliving.auxodev2.dk\/da\/?s={search_term_string}"},"query-input":{"@type":"PropertyValueSpecification","valueRequired":true,"valueName":"search_term_string"}}],"inLanguage":"da-DK"},{"@type":"Organization","@id":"https:\/\/museliving.auxodev2.dk\/da\/#organization","name":"Museliving","url":"https:\/\/museliving.auxodev2.dk\/da\/","logo":{"@type":"ImageObject","inLanguage":"da-DK","@id":"https:\/\/museliving.auxodev2.dk\/da\/#\/schema\/logo\/image\/","url":"https:\/\/museliving.auxodev2.dk\/wp-content\/uploads\/websted-logo.png","contentUrl":"https:\/\/museliving.auxodev2.dk\/wp-content\/uploads\/websted-logo.png","width":350,"height":100,"caption":"Museliving"},"image":{"@id":"https:\/\/museliving.auxodev2.dk\/da\/#\/schema\/logo\/image\/"}}]}},"_links":{"self":[{"href":"https:\/\/museliving.auxodev2.dk\/da\/wp-json\/wp\/v2\/pages\/23746","targetHints":{"allow":["GET"]}}],"collection":[{"href":"https:\/\/museliving.auxodev2.dk\/da\/wp-json\/wp\/v2\/pages"}],"about":[{"href":"https:\/\/museliving.auxodev2.dk\/da\/wp-json\/wp\/v2\/types\/page"}],"author":[{"embeddable":true,"href":"https:\/\/museliving.auxodev2.dk\/da\/wp-json\/wp\/v2\/users\/1"}],"replies":[{"embeddable":true,"href":"https:\/\/museliving.auxodev2.dk\/da\/wp-json\/wp\/v2\/comments?post=23746"}],"version-history":[{"count":1,"href":"https:\/\/museliving.auxodev2.dk\/da\/wp-json\/wp\/v2\/pages\/23746\/revisions"}],"predecessor-version":[{"id":23747,"href":"https:\/\/museliving.auxodev2.dk\/da\/wp-json\/wp\/v2\/pages\/23746\/revisions\/23747"}],"wp:attachment":[{"href":"https:\/\/museliving.auxodev2.dk\/da\/wp-json\/wp\/v2\/media?parent=23746"}],"curies":[{"name":"wp","href":"https:\/\/api.w.org\/{rel}","templated":true}]}}