{"id":23725,"date":"2023-09-14T09:33:08","date_gmt":"2023-09-14T07:33:08","guid":{"rendered":"https:\/\/museliving.auxodev2.dk\/om-os\/"},"modified":"2025-08-03T15:24:51","modified_gmt":"2025-08-03T13:24:51","slug":"om-os","status":"publish","type":"page","link":"https:\/\/museliving.auxodev2.dk\/da\/om-os\/","title":{"rendered":"Om os"},"content":{"rendered":"\t\t<div data-elementor-type=\"wp-post\" data-elementor-id=\"23725\" class=\"elementor elementor-23725 elementor-1973\" data-elementor-post-type=\"page\">\n\t\t\t\t<div class=\"elementor-element elementor-element-287b847 e-con-full e-flex e-con e-parent\" data-id=\"287b847\" data-element_type=\"container\">\n\t\t<div class=\"elementor-element elementor-element-81f7805 e-flex e-con-boxed e-con e-child\" data-id=\"81f7805\" data-element_type=\"container\" data-settings=\"{&quot;background_background&quot;:&quot;classic&quot;}\">\n\t\t\t\t\t<div class=\"e-con-inner\">\n\t\t<div class=\"elementor-element elementor-element-171f7e5 e-con-full e-flex e-con e-child\" data-id=\"171f7e5\" data-element_type=\"container\">\n\t\t\t\t<div class=\"elementor-element elementor-element-4a2ca1c elementor-widget elementor-widget-heading\" data-id=\"4a2ca1c\" data-element_type=\"widget\" data-widget_type=\"heading.default\">\n\t\t\t\t\t<h1 class=\"elementor-heading-title elementor-size-default\">Om Museliving<\/h1>\t\t\t\t<\/div>\n\t\t\t\t<\/div>\n\t\t\t\t\t<\/div>\n\t\t\t\t<\/div>\n\t\t\t\t<\/div>\n\t\t<div class=\"elementor-element elementor-element-bf59d79 e-flex e-con-boxed e-con e-parent\" data-id=\"bf59d79\" data-element_type=\"container\">\n\t\t\t\t\t<div class=\"e-con-inner\">\n\t\t\t\t<div class=\"elementor-element elementor-element-8d66788 elementor-widget__width-initial elementor-widget elementor-widget-heading\" data-id=\"8d66788\" data-element_type=\"widget\" data-widget_type=\"heading.default\">\n\t\t\t\t\t<h2 class=\"elementor-heading-title elementor-size-default\">Oprindelsen til Museliving<\/h2>\t\t\t\t<\/div>\n\t\t<div class=\"elementor-element elementor-element-154c644 e-con-full e-flex e-con e-child\" data-id=\"154c644\" data-element_type=\"container\">\n\t\t\t\t<div class=\"elementor-element elementor-element-a8a0286 elementor-widget elementor-widget-text-editor\" data-id=\"a8a0286\" data-element_type=\"widget\" data-widget_type=\"text-editor.default\">\n\t\t\t\t\t\t\t\t\t<p>Vores r\u00f8dder g\u00e5r tilbage til 2017. Her blev de f\u00f8rste fr\u00f8 til virksomheden s\u00e5et, og siden da har vi vokset os st\u00f8rre \u00e5r efter \u00e5r. Vi arbejder h\u00e5rdt hver dag p\u00e5 at producere nordisk design i tr\u00e6, som vi leverer til partnere i hele Europa.<\/p><p>I de senere \u00e5r har vi oplevet stor eftersp\u00f8rgsel og interesse for vores produkter, og det betyder, at vi i dag kan prale af ca. 50 medarbejdere og en stigende oms\u00e6tning.<\/p>\t\t\t\t\t\t\t\t<\/div>\n\t\t\t\t<div class=\"elementor-element elementor-element-54bbc1d elementor-widget elementor-widget-button\" data-id=\"54bbc1d\" data-element_type=\"widget\" data-widget_type=\"button.default\">\n\t\t\t\t\t\t\t\t\t\t<a class=\"elementor-button elementor-button-link elementor-size-sm\" href=\"https:\/\/museliving.auxodev2.dk\/da\/shop\/\">\n\t\t\t\t\t\t<span class=\"elementor-button-content-wrapper\">\n\t\t\t\t\t\t<span class=\"elementor-button-icon\">\n\t\t\t\t<i aria-hidden=\"true\" class=\"far fa-long-arrow-right\"><\/i>\t\t\t<\/span>\n\t\t\t\t\t\t\t\t\t<span class=\"elementor-button-text\">Udforsk produkter<\/span>\n\t\t\t\t\t<\/span>\n\t\t\t\t\t<\/a>\n\t\t\t\t\t\t\t\t<\/div>\n\t\t\t\t<\/div>\n\t\t\t\t\t<\/div>\n\t\t\t\t<\/div>\n\t\t<div class=\"elementor-element elementor-element-dc05494 e-flex e-con-boxed e-con e-parent\" data-id=\"dc05494\" data-element_type=\"container\">\n\t\t\t\t\t<div class=\"e-con-inner\">\n\t\t<div class=\"elementor-element elementor-element-037b2c4 e-con-full e-flex e-con e-child\" data-id=\"037b2c4\" data-element_type=\"container\">\n\t\t<a class=\"elementor-element elementor-element-6286db7 e-con-full e-flex e-con e-child\" data-id=\"6286db7\" data-element_type=\"container\" data-settings=\"{&quot;background_background&quot;:&quot;classic&quot;}\" href=\"https:\/\/museliving.auxodev2.dk\/da\/category\/wine-racks\/\">\n\t\t\t\t<div class=\"elementor-element elementor-element-bbac41b elementor-widget elementor-widget-heading\" data-id=\"bbac41b\" data-element_type=\"widget\" data-widget_type=\"heading.default\">\n\t\t\t\t\t<h2 class=\"elementor-heading-title elementor-size-default\">Vinreoler<\/h2>\t\t\t\t<\/div>\n\t\t\t\t<div class=\"elementor-element elementor-element-b185f4d elementor-widget elementor-widget-aveo_alternative-button\" data-id=\"b185f4d\" data-element_type=\"widget\" data-widget_type=\"aveo_alternative-button.default\">\n\t\t\t\t<div class=\"elementor-widget-container\">\n\t\t\t\t\t\n        <div class=\"aveo-elementor-button-wrapper button-alignment-center\" style=\"display: flex;\">\n        <div class=\"aveo-elementor-button icon-alignment-right elementor-animation-\" id=\"\">\n                See products<i class=\"far fa-long-arrow-right\"><\/i>\n            <\/div>\n        <\/div>\t\t\t\t<\/div>\n\t\t\t\t<\/div>\n\t\t\t\t<\/a>\n\t\t<a class=\"elementor-element elementor-element-a433dd5 e-con-full e-flex e-con e-child\" data-id=\"a433dd5\" data-element_type=\"container\" data-settings=\"{&quot;background_background&quot;:&quot;classic&quot;}\" href=\"https:\/\/museliving.auxodev2.dk\/da\/category\/furniture\/\">\n\t\t\t\t<div class=\"elementor-element elementor-element-434a68a elementor-widget elementor-widget-heading\" data-id=\"434a68a\" data-element_type=\"widget\" data-widget_type=\"heading.default\">\n\t\t\t\t\t<h2 class=\"elementor-heading-title elementor-size-default\">M\u00f8bler<\/h2>\t\t\t\t<\/div>\n\t\t\t\t<div class=\"elementor-element elementor-element-95187ae elementor-widget elementor-widget-aveo_alternative-button\" data-id=\"95187ae\" data-element_type=\"widget\" data-widget_type=\"aveo_alternative-button.default\">\n\t\t\t\t<div class=\"elementor-widget-container\">\n\t\t\t\t\t\n        <div class=\"aveo-elementor-button-wrapper button-alignment-center\" style=\"display: flex;\">\n        <div class=\"aveo-elementor-button icon-alignment-right elementor-animation-\" id=\"\">\n                See products<i class=\"far fa-long-arrow-right\"><\/i>\n            <\/div>\n        <\/div>\t\t\t\t<\/div>\n\t\t\t\t<\/div>\n\t\t\t\t<\/a>\n\t\t\t\t<\/div>\n\t\t<a class=\"elementor-element elementor-element-c74c502 e-con-full e-flex e-con e-child\" data-id=\"c74c502\" data-element_type=\"container\" data-settings=\"{&quot;background_background&quot;:&quot;classic&quot;}\" href=\"https:\/\/museliving.auxodev2.dk\/da\/category\/accessories\/\">\n\t\t\t\t<div class=\"elementor-element elementor-element-f47aeb4 elementor-widget elementor-widget-heading\" data-id=\"f47aeb4\" data-element_type=\"widget\" data-widget_type=\"heading.default\">\n\t\t\t\t\t<h2 class=\"elementor-heading-title elementor-size-default\">Tilbeh\u00f8r<\/h2>\t\t\t\t<\/div>\n\t\t\t\t<div class=\"elementor-element elementor-element-1d294c5 elementor-widget elementor-widget-aveo_alternative-button\" data-id=\"1d294c5\" data-element_type=\"widget\" data-widget_type=\"aveo_alternative-button.default\">\n\t\t\t\t<div class=\"elementor-widget-container\">\n\t\t\t\t\t\n        <div class=\"aveo-elementor-button-wrapper button-alignment-center\" style=\"display: flex;\">\n        <div class=\"aveo-elementor-button icon-alignment-right elementor-animation-\" id=\"\">\n                See products<i class=\"far fa-long-arrow-right\"><\/i>\n            <\/div>\n        <\/div>\t\t\t\t<\/div>\n\t\t\t\t<\/div>\n\t\t\t\t<\/a>\n\t\t\t\t\t<\/div>\n\t\t\t\t<\/div>\n\t\t<div class=\"elementor-element elementor-element-69432b6 e-con-full e-flex e-con e-parent\" data-id=\"69432b6\" data-element_type=\"container\">\n\t\t<div class=\"elementor-element elementor-element-be2e004 e-con-full e-flex e-con e-child\" data-id=\"be2e004\" data-element_type=\"container\" data-settings=\"{&quot;background_background&quot;:&quot;classic&quot;}\">\n\t\t\t\t<\/div>\n\t\t<div class=\"elementor-element elementor-element-869d5ea e-con-full e-flex e-con e-child\" data-id=\"869d5ea\" data-element_type=\"container\">\n\t\t<div class=\"elementor-element elementor-element-3b43620 e-con-full e-flex e-con e-child\" data-id=\"3b43620\" data-element_type=\"container\">\n\t\t\t\t<div class=\"elementor-element elementor-element-44b4e1f elementor-widget elementor-widget-heading\" data-id=\"44b4e1f\" data-element_type=\"widget\" data-widget_type=\"heading.default\">\n\t\t\t\t\t<h2 class=\"elementor-heading-title elementor-size-default\">Udforsk vores kollektion af nordisk tr\u00e6design, herunder vinreoler, hylder og meget mere.<\/h2>\t\t\t\t<\/div>\n\t\t\t\t<div class=\"elementor-element elementor-element-0182c4f elementor-widget elementor-widget-text-editor\" data-id=\"0182c4f\" data-element_type=\"widget\" data-widget_type=\"text-editor.default\">\n\t\t\t\t\t\t\t\t\t<p>Er du p\u00e5 udkig efter en leverand\u00f8r inden for <a href=\"https:\/\/museliving.auxodev2.dk\/products\/\">nordisk tr\u00e6design?<\/a><\/p>\t\t\t\t\t\t\t\t<\/div>\n\t\t\t\t<\/div>\n\t\t<div class=\"elementor-element elementor-element-c1cb410 e-con-full e-flex e-con e-child\" data-id=\"c1cb410\" data-element_type=\"container\">\n\t\t\t\t<div class=\"elementor-element elementor-element-2dd08bd elementor-widget elementor-widget-text-editor\" data-id=\"2dd08bd\" data-element_type=\"widget\" data-widget_type=\"text-editor.default\">\n\t\t\t\t\t\t\t\t\t<p>Eller er du interesseret i nogle af vores produkter som enkeltperson? Uanset hvad, s\u00e5 er du landet det rigtige sted. Med mere end fem \u00e5rs erfaring har vi stor ekspertise inden for tr\u00e6design, og vi garanterer at hj\u00e6lpe dig og din virksomhed og g\u00f8re vores bedste.<\/p><p>Se vores <a href=\"https:\/\/museliving.auxodev2.dk\/wine-racks\/\">vinreoler<\/a> af h\u00f8j kvalitet, designet med skandinavisk \u00e6stetik og holdbarhed.<\/p><p>Du er velkommen til at <a href=\"https:\/\/museliving.auxodev2.dk\/contact-us\/\">kontakte os<\/a> for en uforpligtende snak. Vi ser frem til at h\u00f8re fra dig!<\/p><p>Vil du vide mere om vores produkter? Bes\u00f8g vores <a href=\"https:\/\/museliving.auxodev2.dk\/wine-rack-faq-everything-you-need-to-know\/\">FAQ om vinreoler<\/a>.<\/p>\t\t\t\t\t\t\t\t<\/div>\n\t\t\t\t<div class=\"elementor-element elementor-element-e4d8f01 elementor-widget elementor-widget-button\" data-id=\"e4d8f01\" data-element_type=\"widget\" data-widget_type=\"button.default\">\n\t\t\t\t\t\t\t\t\t\t<a class=\"elementor-button elementor-button-link elementor-size-sm\" href=\"https:\/\/museliving.auxodev2.dk\/da\/shop\/\">\n\t\t\t\t\t\t<span class=\"elementor-button-content-wrapper\">\n\t\t\t\t\t\t<span class=\"elementor-button-icon\">\n\t\t\t\t<i aria-hidden=\"true\" class=\"far fa-long-arrow-right\"><\/i>\t\t\t<\/span>\n\t\t\t\t\t\t\t\t\t<span class=\"elementor-button-text\">Se produkter<\/span>\n\t\t\t\t\t<\/span>\n\t\t\t\t\t<\/a>\n\t\t\t\t\t\t\t\t<\/div>\n\t\t\t\t<\/div>\n\t\t\t\t<\/div>\n\t\t\t\t<\/div>\n\t\t<div class=\"elementor-element elementor-element-59503f6 e-con-full e-flex e-con e-parent\" data-id=\"59503f6\" data-element_type=\"container\">\n\t\t<div class=\"elementor-element elementor-element-7a7caa6 e-con-full e-flex e-con e-child\" data-id=\"7a7caa6\" data-element_type=\"container\" data-settings=\"{&quot;background_background&quot;:&quot;classic&quot;}\">\n\t\t\t\t<\/div>\n\t\t<div class=\"elementor-element elementor-element-51d134e e-con-full e-flex e-con e-child\" data-id=\"51d134e\" data-element_type=\"container\">\n\t\t<div class=\"elementor-element elementor-element-e042679 e-con-full e-flex e-con e-child\" data-id=\"e042679\" data-element_type=\"container\">\n\t\t\t\t<div class=\"elementor-element elementor-element-20157b2 elementor-widget elementor-widget-heading\" data-id=\"20157b2\" data-element_type=\"widget\" data-widget_type=\"heading.default\">\n\t\t\t\t\t<h2 class=\"elementor-heading-title elementor-size-default\">Engroshandel og produktion<\/h2>\t\t\t\t<\/div>\n\t\t\t\t<div class=\"elementor-element elementor-element-ef5aaa5 elementor-widget elementor-widget-text-editor\" data-id=\"ef5aaa5\" data-element_type=\"widget\" data-widget_type=\"text-editor.default\">\n\t\t\t\t\t\t\t\t\t<p>Museliving er danskejet, men har sin produktion i Ukraine.<\/p>\t\t\t\t\t\t\t\t<\/div>\n\t\t\t\t<\/div>\n\t\t<div class=\"elementor-element elementor-element-0d96fd8 e-con-full e-flex e-con e-child\" data-id=\"0d96fd8\" data-element_type=\"container\">\n\t\t\t\t<div class=\"elementor-element elementor-element-68ee4b1 elementor-widget elementor-widget-text-editor\" data-id=\"68ee4b1\" data-element_type=\"widget\" data-widget_type=\"text-editor.default\">\n\t\t\t\t\t\t\t\t\t<p>Vi har strategisk valgt at placere os her, da Ukraine har en lang tradition for tr\u00e6 samt en af de st\u00f8rste egeskove i Europa. Det betyder, at vi har let adgang til tr\u00e6 af god kvalitet til konkurrencedygtige priser. Og derfor kan vi producere og levere tr\u00e6interi\u00f8r af h\u00f8j kvalitet til nogle af de bedste priser p\u00e5 markedet.<\/p><p>Vi arbejder prim\u00e6rt med virksomheder, hvor vi har flere loyale partnere i Europa gennem mange \u00e5r. Med nyt udstyr, et fleksibelt produktionssetup og egen distributionskanal kan vi hurtigt og effektivt im\u00f8dekomme foresp\u00f8rgsler i b\u00e5de standard- og specialst\u00f8rrelser.<\/p>\t\t\t\t\t\t\t\t<\/div>\n\t\t\t\t<div class=\"elementor-element elementor-element-591a267 elementor-widget elementor-widget-button\" data-id=\"591a267\" data-element_type=\"widget\" data-widget_type=\"button.default\">\n\t\t\t\t\t\t\t\t\t\t<a class=\"elementor-button elementor-button-link elementor-size-sm\" href=\"https:\/\/museliving.auxodev2.dk\/da\/b2b\/\">\n\t\t\t\t\t\t<span class=\"elementor-button-content-wrapper\">\n\t\t\t\t\t\t<span class=\"elementor-button-icon\">\n\t\t\t\t<i aria-hidden=\"true\" class=\"far fa-long-arrow-right\"><\/i>\t\t\t<\/span>\n\t\t\t\t\t\t\t\t\t<span class=\"elementor-button-text\">Bliv partner<\/span>\n\t\t\t\t\t<\/span>\n\t\t\t\t\t<\/a>\n\t\t\t\t\t\t\t\t<\/div>\n\t\t\t\t<\/div>\n\t\t\t\t<\/div>\n\t\t\t\t<\/div>\n\t\t\t\t<\/div>\n\t\t","protected":false},"excerpt":{"rendered":"<p>Om Museliving Oprindelsen til Museliving Vores r\u00f8dder g\u00e5r tilbage til 2017. Her blev de f\u00f8rste fr\u00f8 til virksomheden s\u00e5et, og siden da har vi vokset os st\u00f8rre \u00e5r efter \u00e5r. Vi arbejder h\u00e5rdt hver dag p\u00e5 at producere nordisk design i tr\u00e6, som vi leverer til partnere i hele Europa. I de senere \u00e5r har [&hellip;]<\/p>\n","protected":false},"author":1,"featured_media":0,"parent":0,"menu_order":0,"comment_status":"closed","ping_status":"closed","template":"","meta":{"_acf_changed":false,"footnotes":""},"class_list":["post-23725","page","type-page","status-publish","hentry"],"acf":[],"yoast_head":"<!-- This site is optimized with the Yoast SEO plugin v26.9 - https:\/\/yoast.com\/product\/yoast-seo-wordpress\/ -->\n<title>Om os - museliving.eu<\/title>\n<meta name=\"robots\" content=\"noindex, follow, max-snippet:-1, max-image-preview:large, max-video-preview:-1\" \/>\n<meta property=\"og:locale\" content=\"da_DK\" \/>\n<meta property=\"og:type\" content=\"article\" \/>\n<meta property=\"og:title\" content=\"Om os - museliving.eu\" \/>\n<meta property=\"og:description\" content=\"Om Museliving Oprindelsen til Museliving Vores r\u00f8dder g\u00e5r tilbage til 2017. Her blev de f\u00f8rste fr\u00f8 til virksomheden s\u00e5et, og siden da har vi vokset os st\u00f8rre \u00e5r efter \u00e5r. Vi arbejder h\u00e5rdt hver dag p\u00e5 at producere nordisk design i tr\u00e6, som vi leverer til partnere i hele Europa. I de senere \u00e5r har [&hellip;]\" \/>\n<meta property=\"og:url\" content=\"https:\/\/museliving.auxodev2.dk\/da\/om-os\/\" \/>\n<meta property=\"og:site_name\" content=\"museliving.eu\" \/>\n<meta property=\"article:modified_time\" content=\"2025-08-03T13:24:51+00:00\" \/>\n<meta name=\"twitter:card\" content=\"summary_large_image\" \/>\n<meta name=\"twitter:label1\" content=\"Estimeret l\u00e6setid\" \/>\n\t<meta name=\"twitter:data1\" content=\"2 minutter\" \/>\n<script type=\"application\/ld+json\" class=\"yoast-schema-graph\">{\"@context\":\"https:\/\/schema.org\",\"@graph\":[{\"@type\":\"WebPage\",\"@id\":\"https:\/\/museliving.auxodev2.dk\/da\/om-os\/\",\"url\":\"https:\/\/museliving.auxodev2.dk\/da\/om-os\/\",\"name\":\"Om os - museliving.eu\",\"isPartOf\":{\"@id\":\"https:\/\/museliving.auxodev2.dk\/da\/#website\"},\"datePublished\":\"2023-09-14T07:33:08+00:00\",\"dateModified\":\"2025-08-03T13:24:51+00:00\",\"breadcrumb\":{\"@id\":\"https:\/\/museliving.auxodev2.dk\/da\/om-os\/#breadcrumb\"},\"inLanguage\":\"da-DK\",\"potentialAction\":[{\"@type\":\"ReadAction\",\"target\":[\"https:\/\/museliving.auxodev2.dk\/da\/om-os\/\"]}]},{\"@type\":\"BreadcrumbList\",\"@id\":\"https:\/\/museliving.auxodev2.dk\/da\/om-os\/#breadcrumb\",\"itemListElement\":[{\"@type\":\"ListItem\",\"position\":1,\"name\":\"Home\",\"item\":\"https:\/\/museliving.auxodev2.dk\/da\/hjem\/\"},{\"@type\":\"ListItem\",\"position\":2,\"name\":\"Om os\"}]},{\"@type\":\"WebSite\",\"@id\":\"https:\/\/museliving.auxodev2.dk\/da\/#website\",\"url\":\"https:\/\/museliving.auxodev2.dk\/da\/\",\"name\":\"museliving.eu\",\"description\":\"\",\"publisher\":{\"@id\":\"https:\/\/museliving.auxodev2.dk\/da\/#organization\"},\"potentialAction\":[{\"@type\":\"SearchAction\",\"target\":{\"@type\":\"EntryPoint\",\"urlTemplate\":\"https:\/\/museliving.auxodev2.dk\/da\/?s={search_term_string}\"},\"query-input\":{\"@type\":\"PropertyValueSpecification\",\"valueRequired\":true,\"valueName\":\"search_term_string\"}}],\"inLanguage\":\"da-DK\"},{\"@type\":\"Organization\",\"@id\":\"https:\/\/museliving.auxodev2.dk\/da\/#organization\",\"name\":\"Museliving\",\"url\":\"https:\/\/museliving.auxodev2.dk\/da\/\",\"logo\":{\"@type\":\"ImageObject\",\"inLanguage\":\"da-DK\",\"@id\":\"https:\/\/museliving.auxodev2.dk\/da\/#\/schema\/logo\/image\/\",\"url\":\"https:\/\/museliving.auxodev2.dk\/wp-content\/uploads\/websted-logo.png\",\"contentUrl\":\"https:\/\/museliving.auxodev2.dk\/wp-content\/uploads\/websted-logo.png\",\"width\":350,\"height\":100,\"caption\":\"Museliving\"},\"image\":{\"@id\":\"https:\/\/museliving.auxodev2.dk\/da\/#\/schema\/logo\/image\/\"}}]}<\/script>\n<!-- \/ Yoast SEO plugin. -->","yoast_head_json":{"title":"Om os - museliving.eu","robots":{"index":"noindex","follow":"follow","max-snippet":"max-snippet:-1","max-image-preview":"max-image-preview:large","max-video-preview":"max-video-preview:-1"},"og_locale":"da_DK","og_type":"article","og_title":"Om os - museliving.eu","og_description":"Om Museliving Oprindelsen til Museliving Vores r\u00f8dder g\u00e5r tilbage til 2017. Her blev de f\u00f8rste fr\u00f8 til virksomheden s\u00e5et, og siden da har vi vokset os st\u00f8rre \u00e5r efter \u00e5r. Vi arbejder h\u00e5rdt hver dag p\u00e5 at producere nordisk design i tr\u00e6, som vi leverer til partnere i hele Europa. I de senere \u00e5r har [&hellip;]","og_url":"https:\/\/museliving.auxodev2.dk\/da\/om-os\/","og_site_name":"museliving.eu","article_modified_time":"2025-08-03T13:24:51+00:00","twitter_card":"summary_large_image","twitter_misc":{"Estimeret l\u00e6setid":"2 minutter"},"schema":{"@context":"https:\/\/schema.org","@graph":[{"@type":"WebPage","@id":"https:\/\/museliving.auxodev2.dk\/da\/om-os\/","url":"https:\/\/museliving.auxodev2.dk\/da\/om-os\/","name":"Om os - museliving.eu","isPartOf":{"@id":"https:\/\/museliving.auxodev2.dk\/da\/#website"},"datePublished":"2023-09-14T07:33:08+00:00","dateModified":"2025-08-03T13:24:51+00:00","breadcrumb":{"@id":"https:\/\/museliving.auxodev2.dk\/da\/om-os\/#breadcrumb"},"inLanguage":"da-DK","potentialAction":[{"@type":"ReadAction","target":["https:\/\/museliving.auxodev2.dk\/da\/om-os\/"]}]},{"@type":"BreadcrumbList","@id":"https:\/\/museliving.auxodev2.dk\/da\/om-os\/#breadcrumb","itemListElement":[{"@type":"ListItem","position":1,"name":"Home","item":"https:\/\/museliving.auxodev2.dk\/da\/hjem\/"},{"@type":"ListItem","position":2,"name":"Om os"}]},{"@type":"WebSite","@id":"https:\/\/museliving.auxodev2.dk\/da\/#website","url":"https:\/\/museliving.auxodev2.dk\/da\/","name":"museliving.eu","description":"","publisher":{"@id":"https:\/\/museliving.auxodev2.dk\/da\/#organization"},"potentialAction":[{"@type":"SearchAction","target":{"@type":"EntryPoint","urlTemplate":"https:\/\/museliving.auxodev2.dk\/da\/?s={search_term_string}"},"query-input":{"@type":"PropertyValueSpecification","valueRequired":true,"valueName":"search_term_string"}}],"inLanguage":"da-DK"},{"@type":"Organization","@id":"https:\/\/museliving.auxodev2.dk\/da\/#organization","name":"Museliving","url":"https:\/\/museliving.auxodev2.dk\/da\/","logo":{"@type":"ImageObject","inLanguage":"da-DK","@id":"https:\/\/museliving.auxodev2.dk\/da\/#\/schema\/logo\/image\/","url":"https:\/\/museliving.auxodev2.dk\/wp-content\/uploads\/websted-logo.png","contentUrl":"https:\/\/museliving.auxodev2.dk\/wp-content\/uploads\/websted-logo.png","width":350,"height":100,"caption":"Museliving"},"image":{"@id":"https:\/\/museliving.auxodev2.dk\/da\/#\/schema\/logo\/image\/"}}]}},"_links":{"self":[{"href":"https:\/\/museliving.auxodev2.dk\/da\/wp-json\/wp\/v2\/pages\/23725","targetHints":{"allow":["GET"]}}],"collection":[{"href":"https:\/\/museliving.auxodev2.dk\/da\/wp-json\/wp\/v2\/pages"}],"about":[{"href":"https:\/\/museliving.auxodev2.dk\/da\/wp-json\/wp\/v2\/types\/page"}],"author":[{"embeddable":true,"href":"https:\/\/museliving.auxodev2.dk\/da\/wp-json\/wp\/v2\/users\/1"}],"replies":[{"embeddable":true,"href":"https:\/\/museliving.auxodev2.dk\/da\/wp-json\/wp\/v2\/comments?post=23725"}],"version-history":[{"count":3,"href":"https:\/\/museliving.auxodev2.dk\/da\/wp-json\/wp\/v2\/pages\/23725\/revisions"}],"predecessor-version":[{"id":23732,"href":"https:\/\/museliving.auxodev2.dk\/da\/wp-json\/wp\/v2\/pages\/23725\/revisions\/23732"}],"wp:attachment":[{"href":"https:\/\/museliving.auxodev2.dk\/da\/wp-json\/wp\/v2\/media?parent=23725"}],"curies":[{"name":"wp","href":"https:\/\/api.w.org\/{rel}","templated":true}]}}